{"id":10,"date":"2021-08-09T10:32:41","date_gmt":"2021-08-09T08:32:41","guid":{"rendered":"https:\/\/www.starcatering.at\/shop\/?page_id=10"},"modified":"2026-04-13T13:07:01","modified_gmt":"2026-04-13T11:07:01","slug":"home","status":"publish","type":"page","link":"https:\/\/www.starcatering.at\/shop\/","title":{"rendered":"Home"},"content":{"rendered":"<p>[et_pb_section fb_built=&#8221;1&#8243; admin_label=&#8221;section&#8221; _builder_version=&#8221;4.16&#8243; global_colors_info=&#8221;{}&#8221;][et_pb_row admin_label=&#8221;row&#8221; _builder_version=&#8221;4.16&#8243; background_size=&#8221;initial&#8221; background_position=&#8221;top_left&#8221; background_repeat=&#8221;repeat&#8221; global_colors_info=&#8221;{}&#8221;][et_pb_column type=&#8221;4_4&#8243; _builder_version=&#8221;4.16&#8243; custom_padding=&#8221;|||&#8221; global_colors_info=&#8221;{}&#8221; custom_padding__hover=&#8221;|||&#8221;][et_pb_text admin_label=&#8221;Text&#8221; _builder_version=&#8221;4.16&#8243; background_size=&#8221;initial&#8221; background_position=&#8221;top_left&#8221; background_repeat=&#8221;repeat&#8221; global_colors_info=&#8221;{}&#8221;]<\/p>\n<h1 class=\"p1\"><span style=\"color: #eb690a;\"><strong>StarCatering %-Shop<br \/><span style=\"font-size: x-small;\">(Shop bitte unbedingt auf PC oder LAPTOP ansehen, f\u00fcr Handy weniger geeignet)<\/span><\/strong><\/span><\/h1>\n<p class=\"p1\">\n<p class=\"p1\">In diesem Shop gibt es vorwiegend gebrauchte aber auch noch neue Artikel aus unserer ehemaligen Firma, die zu g\u00fcnstigen Preisen abgegeben werden. Ob Geschirr, K\u00fcchenger\u00e4te, Getr\u00e4nke, Gastrotextilien oder Dekoartikel, hier wird man zu fast allem f\u00fcndig, was auf Events gebraucht wird.<\/p>\n<p><span style=\"text-decoration: underline;\">Eckpunkte zum Shoppen hier:<\/span><\/p>\n<ul>\n<li><span style=\"font-size: 16px;\">Mindestbestellwert (egal ob Versand oder Abholung) liegt bei 35 \u20ac &#8211; aus logistischen Gr\u00fcnden!<\/span><\/li>\n<li>Gewerbetreibende die gr\u00f6\u00dfere Mengen ben\u00f6tigen, bitte einfach <a href=\"https:\/\/www.starcatering.at\/shop\/shop-kontakt\/\">Kontakt<\/a> aufnehmen.<\/li>\n<li><span style=\"font-size: 16px;\">Am besten hier St\u00f6bern und direkt in 2322 Zw\u00f6lfaxing abholen kommen, vor Ort bezahlen (\u00dcberweisung vorab m\u00f6glich).<\/span><\/li>\n<li>Kleine Artikel k\u00f6nnen nat\u00fcrlich auch <a href=\"https:\/\/www.starcatering.at\/shop\/versand\/\">versandt<\/a> werden &#8211; je nach Ware &#8211; siehe jeweils Artikelbeschreibung.<\/li>\n<\/ul>\n<p>\u00a0<span style=\"font-size: 16px;\">Hier geht&#8217;s zum <\/span><strong style=\"font-size: 16px;\"><a href=\"http:\/\/www.starcatering.at\/shop\/shop\/\"><span class=\"s1\">Shop!<\/span><\/a><\/strong><\/p>\n<p>[\/et_pb_text][\/et_pb_column][\/et_pb_row][\/et_pb_section]<\/p>\n","protected":false},"excerpt":{"rendered":"<p>StarCatering %-Shop(Shop bitte unbedingt auf PC oder LAPTOP ansehen, f\u00fcr Handy weniger geeignet) In diesem Shop gibt es vorwiegend gebrauchte aber auch noch neue Artikel aus unserer ehemaligen Firma, die zu g\u00fcnstigen Preisen abgegeben werden. Ob Geschirr, K\u00fcchenger\u00e4te, Getr\u00e4nke, Gastrotextilien oder Dekoartikel, hier wird man zu fast allem f\u00fcndig, was auf Events gebraucht wird. Eckpunkte [&hellip;]<\/p>\n","protected":false},"author":2,"featured_media":0,"parent":0,"menu_order":0,"comment_status":"closed","ping_status":"closed","template":"","meta":{"_et_pb_use_builder":"on","_et_pb_old_content":"<h1 class=\"p1\"><span style=\"color: #ff6600;\">StarCatering\u00a0%-Shop<\/span><\/h1>\n<p class=\"p1\">In diesem Shop gibt es Artikel aus unserer ehemaligen Firma, die zu g\u00fcnstigen Preisen abgegeben werden. Ob Geschirr, K\u00fcchenger\u00e4te, Getr\u00e4nke, Gastrotextilien oder Dekoartikel, hier wird man zu fast allem f\u00fcndig, was auf Events gebraucht\u00a0wird.<\/p>\n<p class=\"p1\">Wir erweitern st\u00e4ndig die Artikel in den n\u00e4chsten Wochen, also regelm\u00e4\u00dfiges Vorbeischauen lohnt\u00a0sich.<\/p>\nZur\u00fcck\nWeiter\n<iframe title=\"%3$s\" src=\"https:\/\/maps.google.com\/maps?q=Marcotelstra%C3%9Fe%204%2C%20Fischamend&amp;t=m&amp;z=15&amp;output=embed&amp;iwloc=near\" frameborder=\"0\" marginwidth=\"0\" marginheight=\"0\" scrolling=\"no\" aria-label=\"%3$s\"><\/iframe>","_et_gb_content_width":"","footnotes":""},"class_list":["post-10","page","type-page","status-publish","hentry"],"yoast_head":"<!-- This site is optimized with the Yoast SEO plugin v27.5 - https:\/\/yoast.com\/product\/yoast-seo-wordpress\/ -->\n<title>Home &#187; StarCatering %-Shop<\/title>\n<meta name=\"description\" content=\"StarCatering % Shop. Wir verkaufen eine gr\u00f6\u00dfere Menge unseres Firmen- &amp; Cateringequipments. \u00d6fters reinschauen lohnt sich auf jeden Fall.\" \/>\n<meta name=\"robots\" content=\"index, follow, max-snippet:-1, max-image-preview:large, max-video-preview:-1\" \/>\n<link rel=\"canonical\" href=\"https:\/\/www.starcatering.at\/shop\/\" \/>\n<meta property=\"og:locale\" content=\"de_DE\" \/>\n<meta property=\"og:type\" content=\"article\" \/>\n<meta property=\"og:title\" content=\"StarCatering - % Shop\" \/>\n<meta property=\"og:description\" content=\"Wir verkaufen eine gr\u00f6\u00dfere Menge unseres Firmen- &amp; Cateringequipments. \u00d6fters reinschauen lohnt sich auf jeden Fall. St\u00e4ndig kommen neue Artikel zum Schn\u00e4ppchenpreis dazu.\" \/>\n<meta property=\"og:url\" content=\"https:\/\/www.starcatering.at\/shop\/\" \/>\n<meta property=\"og:site_name\" content=\"StarCatering %-Shop\" \/>\n<meta property=\"article:modified_time\" content=\"2026-04-13T11:07:01+00:00\" \/>\n<meta property=\"og:image\" content=\"https:\/\/www.starcatering.at\/shop\/wp-content\/uploads\/2023\/01\/Logo-saleShop_quer.jpg\" \/>\n\t<meta property=\"og:image:width\" content=\"600\" \/>\n\t<meta property=\"og:image:height\" content=\"400\" \/>\n\t<meta property=\"og:image:type\" content=\"image\/jpeg\" \/>\n<meta name=\"twitter:card\" content=\"summary_large_image\" \/>\n<meta name=\"twitter:label1\" content=\"Gesch\u00e4tzte Lesezeit\" \/>\n\t<meta name=\"twitter:data1\" content=\"1\u00a0Minute\" \/>\n<script type=\"application\/ld+json\" class=\"yoast-schema-graph\">{\"@context\":\"https:\\\/\\\/schema.org\",\"@graph\":[{\"@type\":\"WebPage\",\"@id\":\"https:\\\/\\\/www.starcatering.at\\\/shop\\\/\",\"url\":\"https:\\\/\\\/www.starcatering.at\\\/shop\\\/\",\"name\":\"Home &#187; StarCatering %-Shop\",\"isPartOf\":{\"@id\":\"https:\\\/\\\/www.starcatering.at\\\/shop\\\/#website\"},\"datePublished\":\"2021-08-09T08:32:41+00:00\",\"dateModified\":\"2026-04-13T11:07:01+00:00\",\"description\":\"StarCatering % Shop. Wir verkaufen eine gr\u00f6\u00dfere Menge unseres Firmen- & Cateringequipments. \u00d6fters reinschauen lohnt sich auf jeden Fall.\",\"breadcrumb\":{\"@id\":\"https:\\\/\\\/www.starcatering.at\\\/shop\\\/#breadcrumb\"},\"inLanguage\":\"de\",\"potentialAction\":[{\"@type\":\"ReadAction\",\"target\":[\"https:\\\/\\\/www.starcatering.at\\\/shop\\\/\"]}]},{\"@type\":\"BreadcrumbList\",\"@id\":\"https:\\\/\\\/www.starcatering.at\\\/shop\\\/#breadcrumb\",\"itemListElement\":[{\"@type\":\"ListItem\",\"position\":1,\"name\":\"Startseite\",\"item\":\"https:\\\/\\\/www.starcatering.at\\\/shop\\\/\"},{\"@type\":\"ListItem\",\"position\":2,\"name\":\"Home\"}]},{\"@type\":\"WebSite\",\"@id\":\"https:\\\/\\\/www.starcatering.at\\\/shop\\\/#website\",\"url\":\"https:\\\/\\\/www.starcatering.at\\\/shop\\\/\",\"name\":\"Carnuntum Foods\",\"description\":\"Abverkaufsartikel\",\"publisher\":{\"@id\":\"https:\\\/\\\/www.starcatering.at\\\/shop\\\/#organization\"},\"potentialAction\":[{\"@type\":\"SearchAction\",\"target\":{\"@type\":\"EntryPoint\",\"urlTemplate\":\"https:\\\/\\\/www.starcatering.at\\\/shop\\\/?s={search_term_string}\"},\"query-input\":{\"@type\":\"PropertyValueSpecification\",\"valueRequired\":true,\"valueName\":\"search_term_string\"}}],\"inLanguage\":\"de\"},{\"@type\":\"Organization\",\"@id\":\"https:\\\/\\\/www.starcatering.at\\\/shop\\\/#organization\",\"name\":\"Carnuntumfoods\",\"url\":\"https:\\\/\\\/www.starcatering.at\\\/shop\\\/\",\"logo\":{\"@type\":\"ImageObject\",\"inLanguage\":\"de\",\"@id\":\"https:\\\/\\\/www.starcatering.at\\\/shop\\\/#\\\/schema\\\/logo\\\/image\\\/\",\"url\":\"https:\\\/\\\/www.starcatering.at\\\/shop\\\/wp-content\\\/uploads\\\/2021\\\/08\\\/cropped-logo.png\",\"contentUrl\":\"https:\\\/\\\/www.starcatering.at\\\/shop\\\/wp-content\\\/uploads\\\/2021\\\/08\\\/cropped-logo.png\",\"width\":512,\"height\":512,\"caption\":\"Carnuntumfoods\"},\"image\":{\"@id\":\"https:\\\/\\\/www.starcatering.at\\\/shop\\\/#\\\/schema\\\/logo\\\/image\\\/\"}}]}<\/script>\n<!-- \/ Yoast SEO plugin. -->","yoast_head_json":{"title":"Home &#187; StarCatering %-Shop","description":"StarCatering % Shop. Wir verkaufen eine gr\u00f6\u00dfere Menge unseres Firmen- & Cateringequipments. \u00d6fters reinschauen lohnt sich auf jeden Fall.","robots":{"index":"index","follow":"follow","max-snippet":"max-snippet:-1","max-image-preview":"max-image-preview:large","max-video-preview":"max-video-preview:-1"},"canonical":"https:\/\/www.starcatering.at\/shop\/","og_locale":"de_DE","og_type":"article","og_title":"StarCatering - % Shop","og_description":"Wir verkaufen eine gr\u00f6\u00dfere Menge unseres Firmen- & Cateringequipments. \u00d6fters reinschauen lohnt sich auf jeden Fall. St\u00e4ndig kommen neue Artikel zum Schn\u00e4ppchenpreis dazu.","og_url":"https:\/\/www.starcatering.at\/shop\/","og_site_name":"StarCatering %-Shop","article_modified_time":"2026-04-13T11:07:01+00:00","og_image":[{"width":600,"height":400,"url":"https:\/\/www.starcatering.at\/shop\/wp-content\/uploads\/2023\/01\/Logo-saleShop_quer.jpg","type":"image\/jpeg"}],"twitter_card":"summary_large_image","twitter_misc":{"Gesch\u00e4tzte Lesezeit":"1\u00a0Minute"},"schema":{"@context":"https:\/\/schema.org","@graph":[{"@type":"WebPage","@id":"https:\/\/www.starcatering.at\/shop\/","url":"https:\/\/www.starcatering.at\/shop\/","name":"Home &#187; StarCatering %-Shop","isPartOf":{"@id":"https:\/\/www.starcatering.at\/shop\/#website"},"datePublished":"2021-08-09T08:32:41+00:00","dateModified":"2026-04-13T11:07:01+00:00","description":"StarCatering % Shop. Wir verkaufen eine gr\u00f6\u00dfere Menge unseres Firmen- & Cateringequipments. \u00d6fters reinschauen lohnt sich auf jeden Fall.","breadcrumb":{"@id":"https:\/\/www.starcatering.at\/shop\/#breadcrumb"},"inLanguage":"de","potentialAction":[{"@type":"ReadAction","target":["https:\/\/www.starcatering.at\/shop\/"]}]},{"@type":"BreadcrumbList","@id":"https:\/\/www.starcatering.at\/shop\/#breadcrumb","itemListElement":[{"@type":"ListItem","position":1,"name":"Startseite","item":"https:\/\/www.starcatering.at\/shop\/"},{"@type":"ListItem","position":2,"name":"Home"}]},{"@type":"WebSite","@id":"https:\/\/www.starcatering.at\/shop\/#website","url":"https:\/\/www.starcatering.at\/shop\/","name":"Carnuntum Foods","description":"Abverkaufsartikel","publisher":{"@id":"https:\/\/www.starcatering.at\/shop\/#organization"},"potentialAction":[{"@type":"SearchAction","target":{"@type":"EntryPoint","urlTemplate":"https:\/\/www.starcatering.at\/shop\/?s={search_term_string}"},"query-input":{"@type":"PropertyValueSpecification","valueRequired":true,"valueName":"search_term_string"}}],"inLanguage":"de"},{"@type":"Organization","@id":"https:\/\/www.starcatering.at\/shop\/#organization","name":"Carnuntumfoods","url":"https:\/\/www.starcatering.at\/shop\/","logo":{"@type":"ImageObject","inLanguage":"de","@id":"https:\/\/www.starcatering.at\/shop\/#\/schema\/logo\/image\/","url":"https:\/\/www.starcatering.at\/shop\/wp-content\/uploads\/2021\/08\/cropped-logo.png","contentUrl":"https:\/\/www.starcatering.at\/shop\/wp-content\/uploads\/2021\/08\/cropped-logo.png","width":512,"height":512,"caption":"Carnuntumfoods"},"image":{"@id":"https:\/\/www.starcatering.at\/shop\/#\/schema\/logo\/image\/"}}]}},"_links":{"self":[{"href":"https:\/\/www.starcatering.at\/shop\/wp-json\/wp\/v2\/pages\/10","targetHints":{"allow":["GET"]}}],"collection":[{"href":"https:\/\/www.starcatering.at\/shop\/wp-json\/wp\/v2\/pages"}],"about":[{"href":"https:\/\/www.starcatering.at\/shop\/wp-json\/wp\/v2\/types\/page"}],"author":[{"embeddable":true,"href":"https:\/\/www.starcatering.at\/shop\/wp-json\/wp\/v2\/users\/2"}],"replies":[{"embeddable":true,"href":"https:\/\/www.starcatering.at\/shop\/wp-json\/wp\/v2\/comments?post=10"}],"version-history":[{"count":121,"href":"https:\/\/www.starcatering.at\/shop\/wp-json\/wp\/v2\/pages\/10\/revisions"}],"predecessor-version":[{"id":12667,"href":"https:\/\/www.starcatering.at\/shop\/wp-json\/wp\/v2\/pages\/10\/revisions\/12667"}],"wp:attachment":[{"href":"https:\/\/www.starcatering.at\/shop\/wp-json\/wp\/v2\/media?parent=10"}],"curies":[{"name":"wp","href":"https:\/\/api.w.org\/{rel}","templated":true}]}}