{"id":10104,"date":"2023-07-08T09:20:55","date_gmt":"2023-07-08T07:20:55","guid":{"rendered":"https:\/\/www.starcatering.at\/shop\/?page_id=10104"},"modified":"2025-05-29T10:51:28","modified_gmt":"2025-05-29T08:51:28","slug":"agb","status":"publish","type":"page","link":"https:\/\/www.starcatering.at\/shop\/agb\/","title":{"rendered":"AGB"},"content":{"rendered":"<p>[et_pb_section fb_built=&#8221;1&#8243; _builder_version=&#8221;4.16&#8243; _module_preset=&#8221;default&#8221; global_colors_info=&#8221;{}&#8221;][et_pb_row _builder_version=&#8221;4.16&#8243; _module_preset=&#8221;default&#8221; width=&#8221;100%&#8221; min_height=&#8221;3705px&#8221; custom_margin=&#8221;|520px||4px||&#8221; custom_padding=&#8221;|0px||||&#8221; global_colors_info=&#8221;{}&#8221;][et_pb_column type=&#8221;4_4&#8243; _builder_version=&#8221;4.16&#8243; _module_preset=&#8221;default&#8221; global_colors_info=&#8221;{}&#8221;][et_pb_text _builder_version=&#8221;4.16&#8243; _module_preset=&#8221;default&#8221; min_height=&#8221;3629px&#8221; custom_padding=&#8221;||0px|419px||&#8221; global_colors_info=&#8221;{}&#8221;]<\/p>\n<div class=\"textbox event\"><\/div>\n<div class=\"textbox event\">\n<p><strong style=\"color: #e09900; font-size: 16px;\"><br \/>Star % Shop &#8211; Christian Herzig &#8211; Version 03\/2025<\/strong><\/p>\n<p><strong>\u00a0<\/strong><\/p>\n<ol>\n<li><strong> Allgemeines<\/strong><\/li>\n<\/ol>\n<p>F\u00fcr s\u00e4mtliche Gesch\u00e4fte zwischen dem Kunden und dem Einzelunternehmen Christian Herzig, 2401 Fischamend,\u00a0Hainburgerstra\u00dfe 38\/1\/4, (nachfolgend StarCatering genannt) gelten ausschlie\u00dflich diese &#8220;Allgemeinen Gesch\u00e4ftsbedingungen&#8221;. Entgegenstehende Gesch\u00e4ftsbedingungen des Kunden sind nur dann wirksam, wenn sie von StarCatering ausdr\u00fccklich und schriftlich anerkannt werden.<\/p>\n<p>Von diesen &#8220;Allgemeinen Gesch\u00e4ftsbedingungen&#8221; abweichende oder diese erg\u00e4nzenden Vereinbarungen bed\u00fcrfen der Schriftform.<\/p>\n<p>Sollten einzelne dieser &#8220;Allgemeinen Gesch\u00e4ftsbedingungen&#8221; unwirksam sein, so ber\u00fchrt dies die Verbindlichkeit der \u00fcbrigen Bestimmungen und der unter der Zugrundelegung geschlossenen Vertr\u00e4ge nicht. Die unwirksame Bestimmung ist durch eine wirksame, die Ihr dem Sinn und Zweck am n\u00e4chsten kommt, zu ersetzen.<\/p>\n<p>&nbsp;<\/p>\n<ol start=\"2\">\n<li><strong> Vertragsabschluss<\/strong><\/li>\n<\/ol>\n<p>S\u00e4mtliche Angebote im Internet stellen eine unverbindliche Aufforderung an den Kunden dar, Waren in unserem Webshop zu bestellen. Die Bestellung des Kunden stellt ein Angebot an uns zum Abschluss eines Kaufvertrags dar. Wenn der Kunde eine Bestellung aufgibt, schicken wir ihm eine E-Mail, die den Eingang der Bestellung bei uns best\u00e4tigt und deren Einzelheiten anf\u00fchrt (Bestellbest\u00e4tigung). Die Bestellung seitens des Kunden ist verbindlich.<\/p>\n<p>Sollte der Kunde seine verbindliche Bestellung nicht wie angegeben bezahlen oder auch die von Ihm selbst angegebene Abholung nicht durchf\u00fchren fallen dadurch entstandene Selbstkosten (Logistik, Verpackung, etc.) an, die an den Kunden in jedem Fall weiterverrechnet werden.<\/p>\n<p>&nbsp;<\/p>\n<ol start=\"3\">\n<li><strong> Widerrufsrecht<\/strong><\/li>\n<\/ol>\n<p>Sie haben das Recht, binnen vierzehn Tagen ohne Angabe von Gr\u00fcnden diesen Vertrag zu widerrufen.<br \/>Die Widerrufsfrist betr\u00e4gt <strong>14 Tage ab dem Tag<\/strong>, an dem Sie oder ein von Ihnen benannter Dritter, der nicht der Bef\u00f6rderer ist, die <strong>Waren in Besitz genommen<\/strong> haben bzw. hat.<br \/>Im Falle eines Vertrags \u00fcber die Lieferung einer Ware in mehreren Teilsendungen oder St\u00fccken betr\u00e4gt die Widerrufsfrist vierzehn Tage ab dem Tag, an dem Sie oder ein von Ihnen benannter Dritter, der nicht der Bef\u00f6rderer ist, die letzte Teilsendung oder das letzte St\u00fcck in Besitz genommen haben bzw. hat.<\/p>\n<p>Um Ihr Widerrufsrecht auszu\u00fcben, m\u00fcssen Sie uns,<br \/><strong>Christian Herzig (Landesgericht Korneuburg)<br \/>A-2401 Fischamend, Hainburgertra\u00dfe 38\/1\/4<br \/>Telefon: + 43 699 18317237<br \/>E-Mail: shop@starcatering.at<\/strong><\/p>\n<p>mittels einer eindeutigen Erkl\u00e4rung (z.B. ein mit der Post versandter Brief, Telefax oder E-Mail) \u00fcber Ihren Entschluss, diesen Vertrag zu widerrufen, informieren. Sie k\u00f6nnen daf\u00fcr das unten beigef\u00fcgte <a href=\"https:\/\/www.starcatering.at\/shop\/wp-content\/uploads\/2023\/07\/Widerrufsformular_Muster.pdf\">Muster-Widerrufsformular<\/a> verwenden, das jedoch nicht vorgeschrieben ist.<\/p>\n<p>Zur Wahrung der Widerrufsfrist reicht es aus, dass Sie die Mitteilung \u00fcber die Aus\u00fcbung des Widerrufsrechts vor Ablauf der Widerrufsfrist absenden.<\/p>\n<p><strong>Folgen des Widerrufs<br \/><\/strong>Wenn Sie diesen Vertrag widerrufen, haben wir Ihnen alle Zahlungen, die wir von Ihnen erhalten haben, einschlie\u00dflich der Lieferkosten (mit Ausnahme der zus\u00e4tzlichen Kosten, die sich daraus ergeben, dass Sie eine andere Art der Lieferung als die von uns angebotene, g\u00fcnstigste Standardlieferung gew\u00e4hlt haben), unverz\u00fcglich und sp\u00e4testens binnen vierzehn Tagen ab dem Tag zur\u00fcckzuzahlen, an dem die Mitteilung \u00fcber Ihren Widerruf dieses Vertrags bei uns eingegangen ist. F\u00fcr diese R\u00fcckzahlung verwenden wir dasselbe Zahlungsmittel, das Sie bei der urspr\u00fcnglichen Transaktion eingesetzt haben, es sei denn, mit Ihnen wurde ausdr\u00fccklich etwas anderes vereinbart; in keinem Fall werden Ihnen wegen dieser R\u00fcckzahlung Entgelte berechnet.<\/p>\n<p>Wir k\u00f6nnen die R\u00fcckzahlung verweigern, bis wir die Waren wieder zur\u00fcckerhalten haben.<\/p>\n<p>Sie haben die Waren unverz\u00fcglich und in jedem Fall sp\u00e4testens binnen vierzehn Tagen ab dem Tag, an dem Sie uns \u00fcber den Widerruf dieses Vertrags unterrichten, an uns,<\/p>\n<p><strong>Christian Herzig (Landesgericht Korneuburg)<br \/>A-2401 Fischamend, Hainburgertra\u00dfe 38\/1\/4<\/strong><\/p>\n<p>zur\u00fcckzusenden oder zu \u00fcbergeben. Die Frist ist gewahrt, wenn Sie die Waren vor Ablauf der Frist von vierzehn Tagen absenden.<\/p>\n<p>Sie tragen die unmittelbaren Kosten der R\u00fccksendung der Waren.<\/p>\n<p>Sie m\u00fcssen f\u00fcr einen etwaigen Wertverlust der Waren nur aufkommen, wenn dieser Wertverlust auf einen zur Pr\u00fcfung der Beschaffenheit, Eigenschaften und Funktionsweise der Waren nicht notwendigen Umgang mit ihnen zur\u00fcckzuf\u00fchren ist.<\/p>\n<p>Sie haben kein R\u00fccktrittsrecht bei Vertr\u00e4gen \u00fcber Waren, die nach den Kundenspezifikationen angefertigt werden oder eindeutig auf die pers\u00f6nlichen Bed\u00fcrfnisse zugeschnitten sind oder die schnell verderben k\u00f6nnen oder deren Verfallsdatum schnell \u00fcberschritten w\u00fcrde.<\/p>\n<p>&nbsp;<\/p>\n<ol start=\"4\">\n<li><strong> Lieferungen \/ Selbstabholungen<\/strong><\/li>\n<\/ol>\n<p>S\u00e4mtliche verbindlich bestellten Waren k\u00f6nnen entweder in \u00d6sterreich versandt oder nach Vereinbarung in Fischamend oder einem Au\u00dfenlager abgeholt werden.<\/p>\n<p>Viele Artikel sind aufgrund Ihrer Beschaffenheit nicht versendbar und m\u00fcssten in jedem Fall direkt abgeholt werden. Diese Gegebenheit finden Sie jeweils im Warenkorb beim Abschluss der Bestellung.<\/p>\n<p>Der Versand erfolgt im Regelfall mit der \u00d6sterreichischen Post AG (Ausnahmen bei einzelnen Artikeln vorbehalten). Der Versand erfolgt normalerweise sp\u00e4testens 2-3 Tage nach Zahlungseingang als Paket.<br \/>Im Falle einer Besch\u00e4digung ist diese unmittelbar nach Empfang der Sendung an uns zu melden, sp\u00e4testens<br \/>jedoch binnen 5 Tagen nach \u00dcbernahme der Sendung, andernfalls kann ein Schadenersatz mit dem Transport-<br \/>dienstleister auch nicht mehr abgewickelt werden.<span style=\"font-size: 16px;\">\u00a0<\/span><\/p>\n<p>Wir beliefern ausschlie\u00dflich Kunden in \u00d6sterreich.\u00a0<\/p>\n<p>&nbsp;<\/p>\n<ol start=\"5\">\n<li><strong> Zahlungsbedingungen<\/strong><\/li>\n<\/ol>\n<p>Die Bezahlung im Webshop kann entweder mittels Vorab-\u00dcberweisung auf das angegebene Bankkonto (bei Versand &amp; Selbstabholung) oder Barzahlung (bei Selbstabholung) erfolgen.<\/p>\n<p>Sollte der Kunde relevante Teile (Rechnungslegung, Zahlungsart, Versand-Abholung) des Vertrags nach Bestellabgabe \u00e4ndern, k\u00f6nnen hier Bearbeitungskosten nach Aufwand verrechnet werden!<\/p>\n<p>&nbsp;<\/p>\n<ol start=\"6\">\n<li><strong> Storno-\/R\u00fccktrittsbedingungen<\/strong><\/li>\n<\/ol>\n<p>Grunds\u00e4tzlich sind im Onlineshop aufgegebene Bestellungen <span style=\"text-decoration: underline;\">verbindlich<\/span>. Versandte Waren k\u00f6nnen mittels Widerrufsrechts (Punkt 3 dieser AGB) vom abgeschlossenen Vertrag r\u00fcckg\u00e4ngig gemacht werden.\u00a0<\/p>\n<p>Sollte der Kunde seine verbindliche Bestellung nicht wie angegeben bezahlen oder auch die von Ihm selbst angegebene Abholung nicht durchf\u00fchren fallen dadurch entstandene Selbstkosten (Logistik, Verpackung, <br \/>Bearbeitungszeit der Bestellung, etc.) an, die an den Kunden in jedem Fall weiterverrechnet werden. Diese belaufen sich i.d.R. zwischen 10,00-15,00 \u20ac zzgl. 20% Ust.<\/p>\n<p>&nbsp;<\/p>\n<ol start=\"7\">\n<li><strong> Preise &amp; W\u00e4hrung<\/strong><\/li>\n<\/ol>\n<p>Alle Angegebenen Preise verstehen sich in Euro (\u20ac) und sind, wenn nicht explizit angef\u00fchrt, Nettopreise zuz\u00fcglich der in \u00d6sterreich geltenden Mehrwertsteuers\u00e4tze. Aktuelle Preise im Onlineshop dieser Seite sind <br \/>als Bruttopreise inkl. MwSt. angegeben.<\/p>\n<p>&nbsp;<\/p>\n<ol start=\"7\">\n<li><strong> Datenschutz<\/strong><\/li>\n<\/ol>\n<p>Im Zuge der Auftragsabwicklung werden die bekanntgegebenen Daten des Bestellers (insbesondere Name, Adresse, E-Mail, Kreditkartendaten, Daten f\u00fcr Konto\u00fcberweisungen, Telefonnummer) f\u00fcr Zwecke der Vertragserf\u00fcllung und Betreuung sowie f\u00fcr eigene Werbezwecke automationsunterst\u00fctzt ermittelt, gespeichert und verarbeitet. F\u00fcr n\u00e4here Informationen zum Datenschutz verweisen wir auf unsere Datenschutzerkl\u00e4rung unter https:\/\/www.starcatering.at\/datenschutz\/<\/p>\n<p>Wir sind zur Kontaktaufnahme \u2013 auch zu Informations- und Werbezwecken \u2013 per E-Mail, Telefon und SMS gem\u00e4\u00df \u00a7 107 TKG berechtigt. Diese Zustimmung kann hinsichtlich Werbezwecken jederzeit widerrufen werden.<\/p>\n<p>Wenn wir Ihre E-Mail-Adresse im Zusammenhang mit dem Verkauf einer Ware oder Dienstleistung erhalten und Sie dem nicht widersprochen haben, behalten wir uns vor, Ihnen fallweise Angebote zu \u00e4hnlichen Produkten, wie den bereits gekauften, aus unserem Sortiment per E-Mail zuzusenden. Sie k\u00f6nnen dieser Verwendung Ihrer E-Mail- Adresse jederzeit durch eine Nachricht an die unten beschriebene Kontaktm\u00f6glichkeit oder \u00fcber einen daf\u00fcr vorgesehenen Link in der Werbemail widersprechen, ohne das hierf\u00fcr Kosten f\u00fcr Sie entstehen.<\/p>\n<p>&nbsp;<\/p>\n<ol start=\"8\">\n<li><strong> Vertragssprache<\/strong><\/li>\n<\/ol>\n<p>Die Vertragssprache ist deutsch.<\/p>\n<p>&nbsp;<\/p>\n<ol start=\"8\">\n<li><strong> Gerichtsstand<\/strong><\/li>\n<\/ol>\n<p>Als Gerichtsstand gilt das Landesgericht Korneuburg. Es gilt \u00d6sterreichisches Recht.<br \/>Fischamend, M\u00e4rz 2025<\/p>\n<p>&nbsp;<\/p>\n<p>&nbsp;<\/p>\n<p>&nbsp;<\/p>\n<\/div>\n<div class=\"textbox event\">\n<h2><a class=\"content-link\" href=\"https:\/\/www.hannex.at\/\" target=\"_blank\" rel=\"noopener\"><\/a><\/h2>\n<\/div>\n<div class=\"textbox event\">\n<div>\n<div>\n<div><\/div>\n<\/div>\n<\/div>\n<\/div>\n<p>[\/et_pb_text][et_pb_text _builder_version=&#8221;4.16&#8243; _module_preset=&#8221;default&#8221; background_size=&#8221;initial&#8221; background_position=&#8221;top_left&#8221; background_repeat=&#8221;repeat&#8221; global_colors_info=&#8221;{}&#8221;][\/et_pb_text][et_pb_text _builder_version=&#8221;4.16&#8243; _module_preset=&#8221;default&#8221; background_size=&#8221;initial&#8221; background_position=&#8221;top_left&#8221; background_repeat=&#8221;repeat&#8221; global_colors_info=&#8221;{}&#8221;]<\/p>\n<div class=\"woocommerce woocommerce-gzd woocommerce-gzd-complaints-shortcode\">\n\t\t\t<h3>Information gem. \u00a7 19 Abs 3 AStG<\/h3>\n\t\t<p>Alternative Streitbeilegung Gesetz - Online Gesch\u00e4fte<\/p>\n\t\nZur Teilnahme an einem Streitbeilegungsverfahren vor einer Verbraucherschlichtungsstelle sind wir nicht verpflichtet und nicht bereit.<\/div>\n<p>[\/et_pb_text][\/et_pb_column][\/et_pb_row][\/et_pb_section]<\/p>\n","protected":false},"excerpt":{"rendered":"<p>Star % Shop &#8211; Christian Herzig &#8211; Version 03\/2025 \u00a0 Allgemeines F\u00fcr s\u00e4mtliche Gesch\u00e4fte zwischen dem Kunden und dem Einzelunternehmen Christian Herzig, 2401 Fischamend,\u00a0Hainburgerstra\u00dfe 38\/1\/4, (nachfolgend StarCatering genannt) gelten ausschlie\u00dflich diese &#8220;Allgemeinen Gesch\u00e4ftsbedingungen&#8221;. Entgegenstehende Gesch\u00e4ftsbedingungen des Kunden sind nur dann wirksam, wenn sie von StarCatering ausdr\u00fccklich und schriftlich anerkannt werden. Von diesen &#8220;Allgemeinen Gesch\u00e4ftsbedingungen&#8221; abweichende [&hellip;]<\/p>\n","protected":false},"author":2,"featured_media":0,"parent":0,"menu_order":0,"comment_status":"closed","ping_status":"closed","template":"","meta":{"_et_pb_use_builder":"on","_et_pb_old_content":"","_et_gb_content_width":"","footnotes":""},"class_list":["post-10104","page","type-page","status-publish","hentry"],"yoast_head":"<!-- This site is optimized with the Yoast SEO plugin v27.4 - https:\/\/yoast.com\/product\/yoast-seo-wordpress\/ -->\n<title>AGB &#187; StarCatering %-Shop<\/title>\n<meta name=\"description\" content=\"AGB - Allgemeine Gesch\u00e4ftsbedingungen zum StarCatering % Shop.\" \/>\n<meta name=\"robots\" content=\"index, follow, max-snippet:-1, max-image-preview:large, max-video-preview:-1\" \/>\n<link rel=\"canonical\" href=\"https:\/\/www.starcatering.at\/shop\/agb\/\" \/>\n<meta property=\"og:locale\" content=\"de_DE\" \/>\n<meta property=\"og:type\" content=\"article\" \/>\n<meta property=\"og:title\" content=\"AGB &#187; StarCatering %-Shop\" \/>\n<meta property=\"og:description\" content=\"AGB - Allgemeine Gesch\u00e4ftsbedingungen zum StarCatering % Shop.\" \/>\n<meta property=\"og:url\" content=\"https:\/\/www.starcatering.at\/shop\/agb\/\" \/>\n<meta property=\"og:site_name\" content=\"StarCatering %-Shop\" \/>\n<meta property=\"article:modified_time\" content=\"2025-05-29T08:51:28+00:00\" \/>\n<meta name=\"twitter:card\" content=\"summary_large_image\" \/>\n<meta name=\"twitter:label1\" content=\"Gesch\u00e4tzte Lesezeit\" \/>\n\t<meta name=\"twitter:data1\" content=\"1\u00a0Minute\" \/>\n<script type=\"application\/ld+json\" class=\"yoast-schema-graph\">{\"@context\":\"https:\\\/\\\/schema.org\",\"@graph\":[{\"@type\":\"WebPage\",\"@id\":\"https:\\\/\\\/www.starcatering.at\\\/shop\\\/agb\\\/\",\"url\":\"https:\\\/\\\/www.starcatering.at\\\/shop\\\/agb\\\/\",\"name\":\"AGB &#187; StarCatering %-Shop\",\"isPartOf\":{\"@id\":\"https:\\\/\\\/www.starcatering.at\\\/shop\\\/#website\"},\"datePublished\":\"2023-07-08T07:20:55+00:00\",\"dateModified\":\"2025-05-29T08:51:28+00:00\",\"description\":\"AGB - Allgemeine Gesch\u00e4ftsbedingungen zum StarCatering % Shop.\",\"breadcrumb\":{\"@id\":\"https:\\\/\\\/www.starcatering.at\\\/shop\\\/agb\\\/#breadcrumb\"},\"inLanguage\":\"de\",\"potentialAction\":[{\"@type\":\"ReadAction\",\"target\":[\"https:\\\/\\\/www.starcatering.at\\\/shop\\\/agb\\\/\"]}]},{\"@type\":\"BreadcrumbList\",\"@id\":\"https:\\\/\\\/www.starcatering.at\\\/shop\\\/agb\\\/#breadcrumb\",\"itemListElement\":[{\"@type\":\"ListItem\",\"position\":1,\"name\":\"Startseite\",\"item\":\"https:\\\/\\\/www.starcatering.at\\\/shop\\\/\"},{\"@type\":\"ListItem\",\"position\":2,\"name\":\"AGB\"}]},{\"@type\":\"WebSite\",\"@id\":\"https:\\\/\\\/www.starcatering.at\\\/shop\\\/#website\",\"url\":\"https:\\\/\\\/www.starcatering.at\\\/shop\\\/\",\"name\":\"Carnuntum Foods\",\"description\":\"Abverkaufsartikel\",\"publisher\":{\"@id\":\"https:\\\/\\\/www.starcatering.at\\\/shop\\\/#organization\"},\"potentialAction\":[{\"@type\":\"SearchAction\",\"target\":{\"@type\":\"EntryPoint\",\"urlTemplate\":\"https:\\\/\\\/www.starcatering.at\\\/shop\\\/?s={search_term_string}\"},\"query-input\":{\"@type\":\"PropertyValueSpecification\",\"valueRequired\":true,\"valueName\":\"search_term_string\"}}],\"inLanguage\":\"de\"},{\"@type\":\"Organization\",\"@id\":\"https:\\\/\\\/www.starcatering.at\\\/shop\\\/#organization\",\"name\":\"Carnuntumfoods\",\"url\":\"https:\\\/\\\/www.starcatering.at\\\/shop\\\/\",\"logo\":{\"@type\":\"ImageObject\",\"inLanguage\":\"de\",\"@id\":\"https:\\\/\\\/www.starcatering.at\\\/shop\\\/#\\\/schema\\\/logo\\\/image\\\/\",\"url\":\"https:\\\/\\\/www.starcatering.at\\\/shop\\\/wp-content\\\/uploads\\\/2021\\\/08\\\/cropped-logo.png\",\"contentUrl\":\"https:\\\/\\\/www.starcatering.at\\\/shop\\\/wp-content\\\/uploads\\\/2021\\\/08\\\/cropped-logo.png\",\"width\":512,\"height\":512,\"caption\":\"Carnuntumfoods\"},\"image\":{\"@id\":\"https:\\\/\\\/www.starcatering.at\\\/shop\\\/#\\\/schema\\\/logo\\\/image\\\/\"}}]}<\/script>\n<!-- \/ Yoast SEO plugin. -->","yoast_head_json":{"title":"AGB &#187; StarCatering %-Shop","description":"AGB - Allgemeine Gesch\u00e4ftsbedingungen zum StarCatering % Shop.","robots":{"index":"index","follow":"follow","max-snippet":"max-snippet:-1","max-image-preview":"max-image-preview:large","max-video-preview":"max-video-preview:-1"},"canonical":"https:\/\/www.starcatering.at\/shop\/agb\/","og_locale":"de_DE","og_type":"article","og_title":"AGB &#187; StarCatering %-Shop","og_description":"AGB - Allgemeine Gesch\u00e4ftsbedingungen zum StarCatering % Shop.","og_url":"https:\/\/www.starcatering.at\/shop\/agb\/","og_site_name":"StarCatering %-Shop","article_modified_time":"2025-05-29T08:51:28+00:00","twitter_card":"summary_large_image","twitter_misc":{"Gesch\u00e4tzte Lesezeit":"1\u00a0Minute"},"schema":{"@context":"https:\/\/schema.org","@graph":[{"@type":"WebPage","@id":"https:\/\/www.starcatering.at\/shop\/agb\/","url":"https:\/\/www.starcatering.at\/shop\/agb\/","name":"AGB &#187; StarCatering %-Shop","isPartOf":{"@id":"https:\/\/www.starcatering.at\/shop\/#website"},"datePublished":"2023-07-08T07:20:55+00:00","dateModified":"2025-05-29T08:51:28+00:00","description":"AGB - Allgemeine Gesch\u00e4ftsbedingungen zum StarCatering % Shop.","breadcrumb":{"@id":"https:\/\/www.starcatering.at\/shop\/agb\/#breadcrumb"},"inLanguage":"de","potentialAction":[{"@type":"ReadAction","target":["https:\/\/www.starcatering.at\/shop\/agb\/"]}]},{"@type":"BreadcrumbList","@id":"https:\/\/www.starcatering.at\/shop\/agb\/#breadcrumb","itemListElement":[{"@type":"ListItem","position":1,"name":"Startseite","item":"https:\/\/www.starcatering.at\/shop\/"},{"@type":"ListItem","position":2,"name":"AGB"}]},{"@type":"WebSite","@id":"https:\/\/www.starcatering.at\/shop\/#website","url":"https:\/\/www.starcatering.at\/shop\/","name":"Carnuntum Foods","description":"Abverkaufsartikel","publisher":{"@id":"https:\/\/www.starcatering.at\/shop\/#organization"},"potentialAction":[{"@type":"SearchAction","target":{"@type":"EntryPoint","urlTemplate":"https:\/\/www.starcatering.at\/shop\/?s={search_term_string}"},"query-input":{"@type":"PropertyValueSpecification","valueRequired":true,"valueName":"search_term_string"}}],"inLanguage":"de"},{"@type":"Organization","@id":"https:\/\/www.starcatering.at\/shop\/#organization","name":"Carnuntumfoods","url":"https:\/\/www.starcatering.at\/shop\/","logo":{"@type":"ImageObject","inLanguage":"de","@id":"https:\/\/www.starcatering.at\/shop\/#\/schema\/logo\/image\/","url":"https:\/\/www.starcatering.at\/shop\/wp-content\/uploads\/2021\/08\/cropped-logo.png","contentUrl":"https:\/\/www.starcatering.at\/shop\/wp-content\/uploads\/2021\/08\/cropped-logo.png","width":512,"height":512,"caption":"Carnuntumfoods"},"image":{"@id":"https:\/\/www.starcatering.at\/shop\/#\/schema\/logo\/image\/"}}]}},"_links":{"self":[{"href":"https:\/\/www.starcatering.at\/shop\/wp-json\/wp\/v2\/pages\/10104","targetHints":{"allow":["GET"]}}],"collection":[{"href":"https:\/\/www.starcatering.at\/shop\/wp-json\/wp\/v2\/pages"}],"about":[{"href":"https:\/\/www.starcatering.at\/shop\/wp-json\/wp\/v2\/types\/page"}],"author":[{"embeddable":true,"href":"https:\/\/www.starcatering.at\/shop\/wp-json\/wp\/v2\/users\/2"}],"replies":[{"embeddable":true,"href":"https:\/\/www.starcatering.at\/shop\/wp-json\/wp\/v2\/comments?post=10104"}],"version-history":[{"count":19,"href":"https:\/\/www.starcatering.at\/shop\/wp-json\/wp\/v2\/pages\/10104\/revisions"}],"predecessor-version":[{"id":12195,"href":"https:\/\/www.starcatering.at\/shop\/wp-json\/wp\/v2\/pages\/10104\/revisions\/12195"}],"wp:attachment":[{"href":"https:\/\/www.starcatering.at\/shop\/wp-json\/wp\/v2\/media?parent=10104"}],"curies":[{"name":"wp","href":"https:\/\/api.w.org\/{rel}","templated":true}]}}