{"id":10024,"date":"2023-05-28T17:52:14","date_gmt":"2023-05-28T15:52:14","guid":{"rendered":"https:\/\/www.starcatering.at\/shop\/?post_type=product&#038;p=10024"},"modified":"2025-03-24T21:15:23","modified_gmt":"2025-03-24T20:15:23","slug":"kapseln-papier-o55mm-h30mm-1000-stk-karton","status":"publish","type":"product","link":"https:\/\/www.starcatering.at\/shop\/produkt\/kapseln-papier-o55mm-h30mm-1000-stk-karton\/","title":{"rendered":"Kapseln Papier \u00d855mm h30mm 1000 Stk Karton"},"content":{"rendered":"<p>Gefertigt aus lebensmittelechtem Pergamentersatz, sind sie fettdicht \u2013 Fettflecken sind somit nicht zu bef\u00fcrchten. Die einfarbig gef\u00e4rbten und die wei\u00dfen Pralinenf\u00f6rmchen sind auch backfest, sie k\u00f6nnen bei Bedarf also auch zum Backen verwendet werden.<\/p>\n","protected":false},"excerpt":{"rendered":"<p><strong>Geb\u00e4ckkapseln\/Pralinenkapseln 55 x 30 mm<\/strong><\/p>\n<ul>\n<li>Pergamentersatz<\/li>\n<li>lebensmittelecht<\/li>\n<li>fettdicht<\/li>\n<li>backfest bis 220 \u00b0C<\/li>\n<li>Hergestellt in Deutschland<\/li>\n<\/ul>\n","protected":false},"featured_media":10025,"comment_status":"open","ping_status":"closed","template":"","meta":{"_et_pb_use_builder":"","_et_pb_old_content":"","_et_gb_content_width":""},"product_brand":[],"product_cat":[415],"product_tag":[1454,659,1290,663,636,1792],"class_list":{"0":"post-10024","1":"product","2":"type-product","3":"status-publish","4":"has-post-thumbnail","6":"product_cat-einweggeschirr","7":"product_tag-backform","8":"product_tag-gebaeck","9":"product_tag-kapsel","10":"product_tag-mehlspeise","11":"product_tag-papier","12":"product_tag-praline","14":"first","15":"instock","16":"sale","17":"taxable","18":"shipping-taxable","19":"purchasable","20":"product-type-simple"},"yoast_head":"<!-- This site is optimized with the Yoast SEO plugin v27.5 - https:\/\/yoast.com\/product\/yoast-seo-wordpress\/ -->\n<title>Kapseln Papier \u00d855mm h30mm 1000 Stk Karton &#187;<\/title>\n<meta name=\"description\" content=\"Kapseln Papier \u00d855mm h30mm 1000 Stk Karton\" \/>\n<meta name=\"robots\" content=\"index, follow, max-snippet:-1, max-image-preview:large, max-video-preview:-1\" \/>\n<link rel=\"canonical\" href=\"https:\/\/www.starcatering.at\/shop\/produkt\/kapseln-papier-o55mm-h30mm-1000-stk-karton\/\" \/>\n<meta property=\"og:locale\" content=\"de_DE\" \/>\n<meta property=\"og:type\" content=\"article\" \/>\n<meta property=\"og:title\" content=\"Kapseln Papier \u00d855mm h30mm 1000 Stk Karton &#187;\" \/>\n<meta property=\"og:description\" content=\"Kapseln Papier \u00d855mm h30mm 1000 Stk Karton\" \/>\n<meta property=\"og:url\" content=\"https:\/\/www.starcatering.at\/shop\/produkt\/kapseln-papier-o55mm-h30mm-1000-stk-karton\/\" \/>\n<meta property=\"og:site_name\" content=\"StarCatering %-Shop\" \/>\n<meta property=\"article:modified_time\" content=\"2025-03-24T20:15:23+00:00\" \/>\n<meta property=\"og:image\" content=\"https:\/\/www.starcatering.at\/shop\/wp-content\/uploads\/2023\/05\/Kapsel_Papier_weiss_55xH30mm.jpg\" \/>\n\t<meta property=\"og:image:width\" content=\"500\" \/>\n\t<meta property=\"og:image:height\" content=\"500\" \/>\n\t<meta property=\"og:image:type\" content=\"image\/jpeg\" \/>\n<meta name=\"twitter:card\" content=\"summary_large_image\" \/>\n<meta name=\"twitter:label1\" content=\"Gesch\u00e4tzte Lesezeit\" \/>\n\t<meta name=\"twitter:data1\" content=\"1\u00a0Minute\" \/>\n<script type=\"application\/ld+json\" class=\"yoast-schema-graph\">{\"@context\":\"https:\\\/\\\/schema.org\",\"@graph\":[{\"@type\":\"WebPage\",\"@id\":\"https:\\\/\\\/www.starcatering.at\\\/shop\\\/produkt\\\/kapseln-papier-o55mm-h30mm-1000-stk-karton\\\/\",\"url\":\"https:\\\/\\\/www.starcatering.at\\\/shop\\\/produkt\\\/kapseln-papier-o55mm-h30mm-1000-stk-karton\\\/\",\"name\":\"Kapseln Papier \u00d855mm h30mm 1000 Stk Karton &#187;\",\"isPartOf\":{\"@id\":\"https:\\\/\\\/www.starcatering.at\\\/shop\\\/#website\"},\"primaryImageOfPage\":{\"@id\":\"https:\\\/\\\/www.starcatering.at\\\/shop\\\/produkt\\\/kapseln-papier-o55mm-h30mm-1000-stk-karton\\\/#primaryimage\"},\"image\":{\"@id\":\"https:\\\/\\\/www.starcatering.at\\\/shop\\\/produkt\\\/kapseln-papier-o55mm-h30mm-1000-stk-karton\\\/#primaryimage\"},\"thumbnailUrl\":\"https:\\\/\\\/www.starcatering.at\\\/shop\\\/wp-content\\\/uploads\\\/2023\\\/05\\\/Kapsel_Papier_weiss_55xH30mm.jpg\",\"datePublished\":\"2023-05-28T15:52:14+00:00\",\"dateModified\":\"2025-03-24T20:15:23+00:00\",\"description\":\"Kapseln Papier \u00d855mm h30mm 1000 Stk Karton\",\"breadcrumb\":{\"@id\":\"https:\\\/\\\/www.starcatering.at\\\/shop\\\/produkt\\\/kapseln-papier-o55mm-h30mm-1000-stk-karton\\\/#breadcrumb\"},\"inLanguage\":\"de\",\"potentialAction\":[{\"@type\":\"ReadAction\",\"target\":[\"https:\\\/\\\/www.starcatering.at\\\/shop\\\/produkt\\\/kapseln-papier-o55mm-h30mm-1000-stk-karton\\\/\"]}]},{\"@type\":\"ImageObject\",\"inLanguage\":\"de\",\"@id\":\"https:\\\/\\\/www.starcatering.at\\\/shop\\\/produkt\\\/kapseln-papier-o55mm-h30mm-1000-stk-karton\\\/#primaryimage\",\"url\":\"https:\\\/\\\/www.starcatering.at\\\/shop\\\/wp-content\\\/uploads\\\/2023\\\/05\\\/Kapsel_Papier_weiss_55xH30mm.jpg\",\"contentUrl\":\"https:\\\/\\\/www.starcatering.at\\\/shop\\\/wp-content\\\/uploads\\\/2023\\\/05\\\/Kapsel_Papier_weiss_55xH30mm.jpg\",\"width\":500,\"height\":500},{\"@type\":\"BreadcrumbList\",\"@id\":\"https:\\\/\\\/www.starcatering.at\\\/shop\\\/produkt\\\/kapseln-papier-o55mm-h30mm-1000-stk-karton\\\/#breadcrumb\",\"itemListElement\":[{\"@type\":\"ListItem\",\"position\":1,\"name\":\"Startseite\",\"item\":\"https:\\\/\\\/www.starcatering.at\\\/shop\\\/\"},{\"@type\":\"ListItem\",\"position\":2,\"name\":\"Shop\",\"item\":\"https:\\\/\\\/www.starcatering.at\\\/shop\\\/shop\\\/\"},{\"@type\":\"ListItem\",\"position\":3,\"name\":\"Kapseln Papier \u00d855mm h30mm 1000 Stk Karton\"}]},{\"@type\":\"WebSite\",\"@id\":\"https:\\\/\\\/www.starcatering.at\\\/shop\\\/#website\",\"url\":\"https:\\\/\\\/www.starcatering.at\\\/shop\\\/\",\"name\":\"Carnuntum Foods\",\"description\":\"Abverkaufsartikel\",\"publisher\":{\"@id\":\"https:\\\/\\\/www.starcatering.at\\\/shop\\\/#organization\"},\"potentialAction\":[{\"@type\":\"SearchAction\",\"target\":{\"@type\":\"EntryPoint\",\"urlTemplate\":\"https:\\\/\\\/www.starcatering.at\\\/shop\\\/?s={search_term_string}\"},\"query-input\":{\"@type\":\"PropertyValueSpecification\",\"valueRequired\":true,\"valueName\":\"search_term_string\"}}],\"inLanguage\":\"de\"},{\"@type\":\"Organization\",\"@id\":\"https:\\\/\\\/www.starcatering.at\\\/shop\\\/#organization\",\"name\":\"Carnuntumfoods\",\"url\":\"https:\\\/\\\/www.starcatering.at\\\/shop\\\/\",\"logo\":{\"@type\":\"ImageObject\",\"inLanguage\":\"de\",\"@id\":\"https:\\\/\\\/www.starcatering.at\\\/shop\\\/#\\\/schema\\\/logo\\\/image\\\/\",\"url\":\"https:\\\/\\\/www.starcatering.at\\\/shop\\\/wp-content\\\/uploads\\\/2021\\\/08\\\/cropped-logo.png\",\"contentUrl\":\"https:\\\/\\\/www.starcatering.at\\\/shop\\\/wp-content\\\/uploads\\\/2021\\\/08\\\/cropped-logo.png\",\"width\":512,\"height\":512,\"caption\":\"Carnuntumfoods\"},\"image\":{\"@id\":\"https:\\\/\\\/www.starcatering.at\\\/shop\\\/#\\\/schema\\\/logo\\\/image\\\/\"}}]}<\/script>\n<!-- \/ Yoast SEO plugin. -->","yoast_head_json":{"title":"Kapseln Papier \u00d855mm h30mm 1000 Stk Karton &#187;","description":"Kapseln Papier \u00d855mm h30mm 1000 Stk Karton","robots":{"index":"index","follow":"follow","max-snippet":"max-snippet:-1","max-image-preview":"max-image-preview:large","max-video-preview":"max-video-preview:-1"},"canonical":"https:\/\/www.starcatering.at\/shop\/produkt\/kapseln-papier-o55mm-h30mm-1000-stk-karton\/","og_locale":"de_DE","og_type":"article","og_title":"Kapseln Papier \u00d855mm h30mm 1000 Stk Karton &#187;","og_description":"Kapseln Papier \u00d855mm h30mm 1000 Stk Karton","og_url":"https:\/\/www.starcatering.at\/shop\/produkt\/kapseln-papier-o55mm-h30mm-1000-stk-karton\/","og_site_name":"StarCatering %-Shop","article_modified_time":"2025-03-24T20:15:23+00:00","og_image":[{"width":500,"height":500,"url":"https:\/\/www.starcatering.at\/shop\/wp-content\/uploads\/2023\/05\/Kapsel_Papier_weiss_55xH30mm.jpg","type":"image\/jpeg"}],"twitter_card":"summary_large_image","twitter_misc":{"Gesch\u00e4tzte Lesezeit":"1\u00a0Minute"},"schema":{"@context":"https:\/\/schema.org","@graph":[{"@type":"WebPage","@id":"https:\/\/www.starcatering.at\/shop\/produkt\/kapseln-papier-o55mm-h30mm-1000-stk-karton\/","url":"https:\/\/www.starcatering.at\/shop\/produkt\/kapseln-papier-o55mm-h30mm-1000-stk-karton\/","name":"Kapseln Papier \u00d855mm h30mm 1000 Stk Karton &#187;","isPartOf":{"@id":"https:\/\/www.starcatering.at\/shop\/#website"},"primaryImageOfPage":{"@id":"https:\/\/www.starcatering.at\/shop\/produkt\/kapseln-papier-o55mm-h30mm-1000-stk-karton\/#primaryimage"},"image":{"@id":"https:\/\/www.starcatering.at\/shop\/produkt\/kapseln-papier-o55mm-h30mm-1000-stk-karton\/#primaryimage"},"thumbnailUrl":"https:\/\/www.starcatering.at\/shop\/wp-content\/uploads\/2023\/05\/Kapsel_Papier_weiss_55xH30mm.jpg","datePublished":"2023-05-28T15:52:14+00:00","dateModified":"2025-03-24T20:15:23+00:00","description":"Kapseln Papier \u00d855mm h30mm 1000 Stk Karton","breadcrumb":{"@id":"https:\/\/www.starcatering.at\/shop\/produkt\/kapseln-papier-o55mm-h30mm-1000-stk-karton\/#breadcrumb"},"inLanguage":"de","potentialAction":[{"@type":"ReadAction","target":["https:\/\/www.starcatering.at\/shop\/produkt\/kapseln-papier-o55mm-h30mm-1000-stk-karton\/"]}]},{"@type":"ImageObject","inLanguage":"de","@id":"https:\/\/www.starcatering.at\/shop\/produkt\/kapseln-papier-o55mm-h30mm-1000-stk-karton\/#primaryimage","url":"https:\/\/www.starcatering.at\/shop\/wp-content\/uploads\/2023\/05\/Kapsel_Papier_weiss_55xH30mm.jpg","contentUrl":"https:\/\/www.starcatering.at\/shop\/wp-content\/uploads\/2023\/05\/Kapsel_Papier_weiss_55xH30mm.jpg","width":500,"height":500},{"@type":"BreadcrumbList","@id":"https:\/\/www.starcatering.at\/shop\/produkt\/kapseln-papier-o55mm-h30mm-1000-stk-karton\/#breadcrumb","itemListElement":[{"@type":"ListItem","position":1,"name":"Startseite","item":"https:\/\/www.starcatering.at\/shop\/"},{"@type":"ListItem","position":2,"name":"Shop","item":"https:\/\/www.starcatering.at\/shop\/shop\/"},{"@type":"ListItem","position":3,"name":"Kapseln Papier \u00d855mm h30mm 1000 Stk Karton"}]},{"@type":"WebSite","@id":"https:\/\/www.starcatering.at\/shop\/#website","url":"https:\/\/www.starcatering.at\/shop\/","name":"Carnuntum Foods","description":"Abverkaufsartikel","publisher":{"@id":"https:\/\/www.starcatering.at\/shop\/#organization"},"potentialAction":[{"@type":"SearchAction","target":{"@type":"EntryPoint","urlTemplate":"https:\/\/www.starcatering.at\/shop\/?s={search_term_string}"},"query-input":{"@type":"PropertyValueSpecification","valueRequired":true,"valueName":"search_term_string"}}],"inLanguage":"de"},{"@type":"Organization","@id":"https:\/\/www.starcatering.at\/shop\/#organization","name":"Carnuntumfoods","url":"https:\/\/www.starcatering.at\/shop\/","logo":{"@type":"ImageObject","inLanguage":"de","@id":"https:\/\/www.starcatering.at\/shop\/#\/schema\/logo\/image\/","url":"https:\/\/www.starcatering.at\/shop\/wp-content\/uploads\/2021\/08\/cropped-logo.png","contentUrl":"https:\/\/www.starcatering.at\/shop\/wp-content\/uploads\/2021\/08\/cropped-logo.png","width":512,"height":512,"caption":"Carnuntumfoods"},"image":{"@id":"https:\/\/www.starcatering.at\/shop\/#\/schema\/logo\/image\/"}}]}},"_links":{"self":[{"href":"https:\/\/www.starcatering.at\/shop\/wp-json\/wp\/v2\/product\/10024","targetHints":{"allow":["GET"]}}],"collection":[{"href":"https:\/\/www.starcatering.at\/shop\/wp-json\/wp\/v2\/product"}],"about":[{"href":"https:\/\/www.starcatering.at\/shop\/wp-json\/wp\/v2\/types\/product"}],"replies":[{"embeddable":true,"href":"https:\/\/www.starcatering.at\/shop\/wp-json\/wp\/v2\/comments?post=10024"}],"wp:featuredmedia":[{"embeddable":true,"href":"https:\/\/www.starcatering.at\/shop\/wp-json\/wp\/v2\/media\/10025"}],"wp:attachment":[{"href":"https:\/\/www.starcatering.at\/shop\/wp-json\/wp\/v2\/media?parent=10024"}],"wp:term":[{"taxonomy":"product_brand","embeddable":true,"href":"https:\/\/www.starcatering.at\/shop\/wp-json\/wp\/v2\/product_brand?post=10024"},{"taxonomy":"product_cat","embeddable":true,"href":"https:\/\/www.starcatering.at\/shop\/wp-json\/wp\/v2\/product_cat?post=10024"},{"taxonomy":"product_tag","embeddable":true,"href":"https:\/\/www.starcatering.at\/shop\/wp-json\/wp\/v2\/product_tag?post=10024"}],"curies":[{"name":"wp","href":"https:\/\/api.w.org\/{rel}","templated":true}]}}