{"id":10079,"date":"2023-06-11T12:21:17","date_gmt":"2023-06-11T10:21:17","guid":{"rendered":"https:\/\/www.starcatering.at\/shop\/?post_type=product&#038;p=10079"},"modified":"2026-01-30T10:38:47","modified_gmt":"2026-01-30T09:38:47","slug":"feuerzeug-chilisauce-granitbeisser-40g","status":"publish","type":"product","link":"https:\/\/www.starcatering.at\/shop\/produkt\/feuerzeug-chilisauce-granitbeisser-40g\/","title":{"rendered":"Feuerzeug &#8211; Chilisauce &#8220;Granitbeisser&#8221; 40g"},"content":{"rendered":"<p><strong>Zutaten:<br \/>\n<\/strong><\/p>\n<p>*Chili Carolina Reaper (50%), *Apfelessig, *Zucker, Wasser, *Knoblauch, *Gew\u00fcrze<br \/>\n*Zutaten aus biologischer Landwirtschaft<\/p>\n","protected":false},"excerpt":{"rendered":"<div class=\"woocommerce-product-details__short-description\">\n<p>Sie ist das Sch\u00e4rfste, was \u00d6sterreich zu bieten hat. DER Burner, um Chiligeschmack einer v\u00f6llig neuen Dimension zu erleben. Durch 50 % Carolina Reaper Chilis erreicht die Granitbei\u00dfer rekordverd\u00e4chtige 170.000 Scoville. Und ist damit so extrem scharf, dass schon so manch furchtloser Held schwei\u00dfgebadet von dannen zog. Deshalb ein gut gemeinter Rat: tr\u00f6pfchenweise dosieren.<\/p>\n<p>Dabei verl\u00e4uft die erste Etappe zun\u00e4chst noch recht \u201echillig\u201c. Sie f\u00fchrt durch ein beeindruckend-fruchtiges Geschmacks-Panorama, ges\u00e4umt von einer aromatischen Vegetation aus Edelpaprika und Gew\u00fcrzen. Viel Zeit zum Akklimatisieren im geschmacklichen Basislager bleibt dann allerdings nicht mehr, bevor die Luft schnell richtig d\u00fcnn wird. Wenn schlie\u00dflich die Carolina Reaper als aktuell sch\u00e4rfste Chilisorte der Welt das Kommando als Guide \u00fcbernimmt. Und mit erbarmungslosem Drill auf die Rezeptoren den Gipfelsturm dieser atemberaubend-scharfen Chili-Expedition vorantreibt.<\/p>\n<p><em><span style=\"color: #ff0000;\"><strong>Achtung: F\u00fcr sch\u00e4rfe-empfindliche Personen und Kinder nicht geeignet!<\/strong><\/span><\/em><\/p>\n<\/div>\n<p><strong><br \/>\nSch\u00e4rfegrad:<\/strong> 12 von 12<\/p>\n<p><em><span style=\"color: #ff6600;\">Original Artikelbeschreibung feuer-zeug.at<\/span><\/em><\/p>\n","protected":false},"featured_media":10082,"comment_status":"open","ping_status":"closed","template":"","meta":{"_et_pb_use_builder":"","_et_pb_old_content":"","_et_gb_content_width":""},"product_brand":[2496],"product_cat":[1082],"product_tag":[60,1802,68,156,157,109,1803,169,1797,1804,42],"class_list":{"0":"post-10079","1":"product","2":"type-product","3":"status-publish","4":"has-post-thumbnail","6":"product_brand-feuerzeug-chilisaucen","7":"product_cat-feuerzeug","8":"product_tag-bio","9":"product_tag-carolina","10":"product_tag-chili","11":"product_tag-chilisauce","12":"product_tag-feuer-zeug","13":"product_tag-feurig","14":"product_tag-granitbeisser","15":"product_tag-hot","16":"product_tag-muehlviertler","17":"product_tag-repear","18":"product_tag-scharf","20":"first","21":"instock","22":"sale","23":"taxable","24":"shipping-taxable","25":"product-type-simple"},"yoast_head":"<!-- This site is optimized with the Yoast SEO plugin v27.5 - https:\/\/yoast.com\/product\/yoast-seo-wordpress\/ -->\n<title>Feuerzeug - Chilisauce &quot;Granitbeisser&quot; 40g &#187; StarCatering %-Shop<\/title>\n<meta name=\"description\" content=\"Feuerzeug - Chilisauce &quot;Granitbeisser&quot; 40g\" \/>\n<meta name=\"robots\" content=\"index, follow, max-snippet:-1, max-image-preview:large, max-video-preview:-1\" \/>\n<link rel=\"canonical\" href=\"https:\/\/www.starcatering.at\/shop\/produkt\/feuerzeug-chilisauce-granitbeisser-40g\/\" \/>\n<meta property=\"og:locale\" content=\"de_DE\" \/>\n<meta property=\"og:type\" content=\"article\" \/>\n<meta property=\"og:title\" content=\"Feuerzeug - Chilisauce &quot;Granitbeisser&quot; 40g &#187; StarCatering %-Shop\" \/>\n<meta property=\"og:description\" content=\"Feuerzeug - Chilisauce &quot;Granitbeisser&quot; 40g\" \/>\n<meta property=\"og:url\" content=\"https:\/\/www.starcatering.at\/shop\/produkt\/feuerzeug-chilisauce-granitbeisser-40g\/\" \/>\n<meta property=\"og:site_name\" content=\"StarCatering %-Shop\" \/>\n<meta property=\"article:modified_time\" content=\"2026-01-30T09:38:47+00:00\" \/>\n<meta property=\"og:image\" content=\"https:\/\/www.starcatering.at\/shop\/wp-content\/uploads\/2023\/06\/FEUERZEUG-Granitbeisser.jpg\" \/>\n\t<meta property=\"og:image:width\" content=\"500\" \/>\n\t<meta property=\"og:image:height\" content=\"500\" \/>\n\t<meta property=\"og:image:type\" content=\"image\/jpeg\" \/>\n<meta name=\"twitter:card\" content=\"summary_large_image\" \/>\n<meta name=\"twitter:label1\" content=\"Gesch\u00e4tzte Lesezeit\" \/>\n\t<meta name=\"twitter:data1\" content=\"1\u00a0Minute\" \/>\n<script type=\"application\/ld+json\" class=\"yoast-schema-graph\">{\"@context\":\"https:\\\/\\\/schema.org\",\"@graph\":[{\"@type\":\"WebPage\",\"@id\":\"https:\\\/\\\/www.starcatering.at\\\/shop\\\/produkt\\\/feuerzeug-chilisauce-granitbeisser-40g\\\/\",\"url\":\"https:\\\/\\\/www.starcatering.at\\\/shop\\\/produkt\\\/feuerzeug-chilisauce-granitbeisser-40g\\\/\",\"name\":\"Feuerzeug - Chilisauce \\\"Granitbeisser\\\" 40g &#187; StarCatering %-Shop\",\"isPartOf\":{\"@id\":\"https:\\\/\\\/www.starcatering.at\\\/shop\\\/#website\"},\"primaryImageOfPage\":{\"@id\":\"https:\\\/\\\/www.starcatering.at\\\/shop\\\/produkt\\\/feuerzeug-chilisauce-granitbeisser-40g\\\/#primaryimage\"},\"image\":{\"@id\":\"https:\\\/\\\/www.starcatering.at\\\/shop\\\/produkt\\\/feuerzeug-chilisauce-granitbeisser-40g\\\/#primaryimage\"},\"thumbnailUrl\":\"https:\\\/\\\/www.starcatering.at\\\/shop\\\/wp-content\\\/uploads\\\/2023\\\/06\\\/FEUERZEUG-Granitbeisser.jpg\",\"datePublished\":\"2023-06-11T10:21:17+00:00\",\"dateModified\":\"2026-01-30T09:38:47+00:00\",\"description\":\"Feuerzeug - Chilisauce \\\"Granitbeisser\\\" 40g\",\"breadcrumb\":{\"@id\":\"https:\\\/\\\/www.starcatering.at\\\/shop\\\/produkt\\\/feuerzeug-chilisauce-granitbeisser-40g\\\/#breadcrumb\"},\"inLanguage\":\"de\",\"potentialAction\":[{\"@type\":\"ReadAction\",\"target\":[\"https:\\\/\\\/www.starcatering.at\\\/shop\\\/produkt\\\/feuerzeug-chilisauce-granitbeisser-40g\\\/\"]}]},{\"@type\":\"ImageObject\",\"inLanguage\":\"de\",\"@id\":\"https:\\\/\\\/www.starcatering.at\\\/shop\\\/produkt\\\/feuerzeug-chilisauce-granitbeisser-40g\\\/#primaryimage\",\"url\":\"https:\\\/\\\/www.starcatering.at\\\/shop\\\/wp-content\\\/uploads\\\/2023\\\/06\\\/FEUERZEUG-Granitbeisser.jpg\",\"contentUrl\":\"https:\\\/\\\/www.starcatering.at\\\/shop\\\/wp-content\\\/uploads\\\/2023\\\/06\\\/FEUERZEUG-Granitbeisser.jpg\",\"width\":500,\"height\":500},{\"@type\":\"BreadcrumbList\",\"@id\":\"https:\\\/\\\/www.starcatering.at\\\/shop\\\/produkt\\\/feuerzeug-chilisauce-granitbeisser-40g\\\/#breadcrumb\",\"itemListElement\":[{\"@type\":\"ListItem\",\"position\":1,\"name\":\"Startseite\",\"item\":\"https:\\\/\\\/www.starcatering.at\\\/shop\\\/\"},{\"@type\":\"ListItem\",\"position\":2,\"name\":\"Shop\",\"item\":\"https:\\\/\\\/www.starcatering.at\\\/shop\\\/shop\\\/\"},{\"@type\":\"ListItem\",\"position\":3,\"name\":\"Feuerzeug &#8211; Chilisauce &#8220;Granitbeisser&#8221; 40g\"}]},{\"@type\":\"WebSite\",\"@id\":\"https:\\\/\\\/www.starcatering.at\\\/shop\\\/#website\",\"url\":\"https:\\\/\\\/www.starcatering.at\\\/shop\\\/\",\"name\":\"Carnuntum Foods\",\"description\":\"Abverkaufsartikel\",\"publisher\":{\"@id\":\"https:\\\/\\\/www.starcatering.at\\\/shop\\\/#organization\"},\"potentialAction\":[{\"@type\":\"SearchAction\",\"target\":{\"@type\":\"EntryPoint\",\"urlTemplate\":\"https:\\\/\\\/www.starcatering.at\\\/shop\\\/?s={search_term_string}\"},\"query-input\":{\"@type\":\"PropertyValueSpecification\",\"valueRequired\":true,\"valueName\":\"search_term_string\"}}],\"inLanguage\":\"de\"},{\"@type\":\"Organization\",\"@id\":\"https:\\\/\\\/www.starcatering.at\\\/shop\\\/#organization\",\"name\":\"Carnuntumfoods\",\"url\":\"https:\\\/\\\/www.starcatering.at\\\/shop\\\/\",\"logo\":{\"@type\":\"ImageObject\",\"inLanguage\":\"de\",\"@id\":\"https:\\\/\\\/www.starcatering.at\\\/shop\\\/#\\\/schema\\\/logo\\\/image\\\/\",\"url\":\"https:\\\/\\\/www.starcatering.at\\\/shop\\\/wp-content\\\/uploads\\\/2021\\\/08\\\/cropped-logo.png\",\"contentUrl\":\"https:\\\/\\\/www.starcatering.at\\\/shop\\\/wp-content\\\/uploads\\\/2021\\\/08\\\/cropped-logo.png\",\"width\":512,\"height\":512,\"caption\":\"Carnuntumfoods\"},\"image\":{\"@id\":\"https:\\\/\\\/www.starcatering.at\\\/shop\\\/#\\\/schema\\\/logo\\\/image\\\/\"}}]}<\/script>\n<!-- \/ Yoast SEO plugin. -->","yoast_head_json":{"title":"Feuerzeug - Chilisauce \"Granitbeisser\" 40g &#187; StarCatering %-Shop","description":"Feuerzeug - Chilisauce \"Granitbeisser\" 40g","robots":{"index":"index","follow":"follow","max-snippet":"max-snippet:-1","max-image-preview":"max-image-preview:large","max-video-preview":"max-video-preview:-1"},"canonical":"https:\/\/www.starcatering.at\/shop\/produkt\/feuerzeug-chilisauce-granitbeisser-40g\/","og_locale":"de_DE","og_type":"article","og_title":"Feuerzeug - Chilisauce \"Granitbeisser\" 40g &#187; StarCatering %-Shop","og_description":"Feuerzeug - Chilisauce \"Granitbeisser\" 40g","og_url":"https:\/\/www.starcatering.at\/shop\/produkt\/feuerzeug-chilisauce-granitbeisser-40g\/","og_site_name":"StarCatering %-Shop","article_modified_time":"2026-01-30T09:38:47+00:00","og_image":[{"width":500,"height":500,"url":"https:\/\/www.starcatering.at\/shop\/wp-content\/uploads\/2023\/06\/FEUERZEUG-Granitbeisser.jpg","type":"image\/jpeg"}],"twitter_card":"summary_large_image","twitter_misc":{"Gesch\u00e4tzte Lesezeit":"1\u00a0Minute"},"schema":{"@context":"https:\/\/schema.org","@graph":[{"@type":"WebPage","@id":"https:\/\/www.starcatering.at\/shop\/produkt\/feuerzeug-chilisauce-granitbeisser-40g\/","url":"https:\/\/www.starcatering.at\/shop\/produkt\/feuerzeug-chilisauce-granitbeisser-40g\/","name":"Feuerzeug - Chilisauce \"Granitbeisser\" 40g &#187; StarCatering %-Shop","isPartOf":{"@id":"https:\/\/www.starcatering.at\/shop\/#website"},"primaryImageOfPage":{"@id":"https:\/\/www.starcatering.at\/shop\/produkt\/feuerzeug-chilisauce-granitbeisser-40g\/#primaryimage"},"image":{"@id":"https:\/\/www.starcatering.at\/shop\/produkt\/feuerzeug-chilisauce-granitbeisser-40g\/#primaryimage"},"thumbnailUrl":"https:\/\/www.starcatering.at\/shop\/wp-content\/uploads\/2023\/06\/FEUERZEUG-Granitbeisser.jpg","datePublished":"2023-06-11T10:21:17+00:00","dateModified":"2026-01-30T09:38:47+00:00","description":"Feuerzeug - Chilisauce \"Granitbeisser\" 40g","breadcrumb":{"@id":"https:\/\/www.starcatering.at\/shop\/produkt\/feuerzeug-chilisauce-granitbeisser-40g\/#breadcrumb"},"inLanguage":"de","potentialAction":[{"@type":"ReadAction","target":["https:\/\/www.starcatering.at\/shop\/produkt\/feuerzeug-chilisauce-granitbeisser-40g\/"]}]},{"@type":"ImageObject","inLanguage":"de","@id":"https:\/\/www.starcatering.at\/shop\/produkt\/feuerzeug-chilisauce-granitbeisser-40g\/#primaryimage","url":"https:\/\/www.starcatering.at\/shop\/wp-content\/uploads\/2023\/06\/FEUERZEUG-Granitbeisser.jpg","contentUrl":"https:\/\/www.starcatering.at\/shop\/wp-content\/uploads\/2023\/06\/FEUERZEUG-Granitbeisser.jpg","width":500,"height":500},{"@type":"BreadcrumbList","@id":"https:\/\/www.starcatering.at\/shop\/produkt\/feuerzeug-chilisauce-granitbeisser-40g\/#breadcrumb","itemListElement":[{"@type":"ListItem","position":1,"name":"Startseite","item":"https:\/\/www.starcatering.at\/shop\/"},{"@type":"ListItem","position":2,"name":"Shop","item":"https:\/\/www.starcatering.at\/shop\/shop\/"},{"@type":"ListItem","position":3,"name":"Feuerzeug &#8211; Chilisauce &#8220;Granitbeisser&#8221; 40g"}]},{"@type":"WebSite","@id":"https:\/\/www.starcatering.at\/shop\/#website","url":"https:\/\/www.starcatering.at\/shop\/","name":"Carnuntum Foods","description":"Abverkaufsartikel","publisher":{"@id":"https:\/\/www.starcatering.at\/shop\/#organization"},"potentialAction":[{"@type":"SearchAction","target":{"@type":"EntryPoint","urlTemplate":"https:\/\/www.starcatering.at\/shop\/?s={search_term_string}"},"query-input":{"@type":"PropertyValueSpecification","valueRequired":true,"valueName":"search_term_string"}}],"inLanguage":"de"},{"@type":"Organization","@id":"https:\/\/www.starcatering.at\/shop\/#organization","name":"Carnuntumfoods","url":"https:\/\/www.starcatering.at\/shop\/","logo":{"@type":"ImageObject","inLanguage":"de","@id":"https:\/\/www.starcatering.at\/shop\/#\/schema\/logo\/image\/","url":"https:\/\/www.starcatering.at\/shop\/wp-content\/uploads\/2021\/08\/cropped-logo.png","contentUrl":"https:\/\/www.starcatering.at\/shop\/wp-content\/uploads\/2021\/08\/cropped-logo.png","width":512,"height":512,"caption":"Carnuntumfoods"},"image":{"@id":"https:\/\/www.starcatering.at\/shop\/#\/schema\/logo\/image\/"}}]}},"_links":{"self":[{"href":"https:\/\/www.starcatering.at\/shop\/wp-json\/wp\/v2\/product\/10079","targetHints":{"allow":["GET"]}}],"collection":[{"href":"https:\/\/www.starcatering.at\/shop\/wp-json\/wp\/v2\/product"}],"about":[{"href":"https:\/\/www.starcatering.at\/shop\/wp-json\/wp\/v2\/types\/product"}],"replies":[{"embeddable":true,"href":"https:\/\/www.starcatering.at\/shop\/wp-json\/wp\/v2\/comments?post=10079"}],"wp:featuredmedia":[{"embeddable":true,"href":"https:\/\/www.starcatering.at\/shop\/wp-json\/wp\/v2\/media\/10082"}],"wp:attachment":[{"href":"https:\/\/www.starcatering.at\/shop\/wp-json\/wp\/v2\/media?parent=10079"}],"wp:term":[{"taxonomy":"product_brand","embeddable":true,"href":"https:\/\/www.starcatering.at\/shop\/wp-json\/wp\/v2\/product_brand?post=10079"},{"taxonomy":"product_cat","embeddable":true,"href":"https:\/\/www.starcatering.at\/shop\/wp-json\/wp\/v2\/product_cat?post=10079"},{"taxonomy":"product_tag","embeddable":true,"href":"https:\/\/www.starcatering.at\/shop\/wp-json\/wp\/v2\/product_tag?post=10079"}],"curies":[{"name":"wp","href":"https:\/\/api.w.org\/{rel}","templated":true}]}}