{"id":10147,"date":"2023-07-24T10:20:48","date_gmt":"2023-07-24T08:20:48","guid":{"rendered":"https:\/\/www.starcatering.at\/shop\/?post_type=product&#038;p=10147"},"modified":"2023-12-17T23:29:17","modified_gmt":"2023-12-17T22:29:17","slug":"kuehltasche-79l-xxl-schwarz-neuwertig","status":"publish","type":"product","link":"https:\/\/www.starcatering.at\/shop\/produkt\/kuehltasche-79l-xxl-schwarz-neuwertig\/","title":{"rendered":"K\u00fchltasche 79L XXL schwarz (neuwertig)"},"content":{"rendered":"<ul class=\"a-unordered-list a-vertical a-spacing-mini\">\n<li class=\"a-spacing-mini\"><span class=\"a-list-item\">Hergestellt aus starkem, strapazierf\u00e4higem 80 Gramm Vlies-PP, mit Isolierung, Griffe verl\u00e4ngern sich bis zum Boden der Taschen f\u00fcr zus\u00e4tzliche Stabilit\u00e4t mit Rei\u00dfverschluss.<\/span><\/li>\n<li class=\"a-spacing-mini\"><span class=\"a-list-item\">Gro\u00dfe Gr\u00f6\u00dfe und Kapazit\u00e4t \u2013 58,1 cm B x 38,1 cm H x 35,6 cm T, hergestellt mit langlebigen, bequemen Griffen, die das Tragen zum Kinderspiel machen<\/span><\/li>\n<li class=\"a-spacing-mini\"><span class=\"a-list-item\">Leicht zu reinigen: Mit einem feuchten Tuch abwischen oder kalt von Hand waschen, zum Trocknen aufh\u00e4ngen. Faltbar und einfach in einer Schublade oder im Kofferraum zu verstauen.<\/span><\/li>\n<li class=\"a-spacing-mini\"><span class=\"a-list-item\">W\u00e4rmeisolierung: H\u00e4lt Lebensmittel oder Lebensmittel bis zu 3 Stunden hei\u00df oder kalt, perfekt f\u00fcr den Transport von hei\u00dfen oder kalten Speisen und Getr\u00e4nken<\/span><\/li>\n<li class=\"a-spacing-mini\"><span class=\"a-list-item\">Vielseitig einsetzbar: Ideal f\u00fcr Lebensmitteleink\u00e4ufe, Picknicks, zum Mitnehmen, Lebensmittellieferung, Reisen, Catering, Restaurants, Strand und vieles mehr.\u00a0<\/span><\/li>\n<\/ul>\n","protected":false},"excerpt":{"rendered":"<ul>\n<li>K\u00fchltasche schwarz<\/li>\n<li>Kapazit\u00e4t 79 Liter<\/li>\n<li>Abmessungen: 58,1 cm B x 38,1 cm H x 35,6 cm T<\/li>\n<\/ul>\n","protected":false},"featured_media":10148,"comment_status":"open","ping_status":"closed","template":"","meta":{"_et_pb_use_builder":"","_et_pb_old_content":"","_et_gb_content_width":""},"product_brand":[],"product_cat":[242,241],"product_tag":[355,1843,1833,830,1091,426,1648,625,1842,430,1220,245,1834],"class_list":{"0":"post-10147","1":"product","2":"type-product","3":"status-publish","4":"has-post-thumbnail","6":"product_cat-kisten-boxen-schachteln","7":"product_cat-transport-verpackung","8":"product_tag-getraenke","9":"product_tag-haccp","10":"product_tag-iosolierung","11":"product_tag-kalt","12":"product_tag-kuehl","13":"product_tag-kuehltasche","14":"product_tag-lebensmittel","15":"product_tag-schwarz","16":"product_tag-speisentransport","17":"product_tag-tasche","18":"product_tag-thermo","19":"product_tag-transport","20":"product_tag-warm","22":"first","23":"instock","24":"sale","25":"taxable","26":"shipping-taxable","27":"product-type-simple"},"yoast_head":"<!-- This site is optimized with the Yoast SEO plugin v27.5 - https:\/\/yoast.com\/product\/yoast-seo-wordpress\/ -->\n<title>K\u00fchltasche 79L XXL schwarz (neuwertig) &#187; StarCatering %-Shop<\/title>\n<meta name=\"description\" content=\"K\u00fchltasche 79L XXL schwarz (neuwertig)\" \/>\n<meta name=\"robots\" content=\"index, follow, max-snippet:-1, max-image-preview:large, max-video-preview:-1\" \/>\n<link rel=\"canonical\" href=\"https:\/\/www.starcatering.at\/shop\/produkt\/kuehltasche-79l-xxl-schwarz-neuwertig\/\" \/>\n<meta property=\"og:locale\" content=\"de_DE\" \/>\n<meta property=\"og:type\" content=\"article\" \/>\n<meta property=\"og:title\" content=\"K\u00fchltasche 79L XXL schwarz (neuwertig)\" \/>\n<meta property=\"og:description\" content=\"K\u00fchltasche 79L XXL schwarz (neuwertig)\" \/>\n<meta property=\"og:url\" content=\"https:\/\/www.starcatering.at\/shop\/produkt\/kuehltasche-79l-xxl-schwarz-neuwertig\/\" \/>\n<meta property=\"og:site_name\" content=\"StarCatering %-Shop\" \/>\n<meta property=\"article:modified_time\" content=\"2023-12-17T22:29:17+00:00\" \/>\n<meta property=\"og:image\" content=\"https:\/\/www.starcatering.at\/shop\/wp-content\/uploads\/2023\/07\/Kuehltasche_schwarz_79L.jpg\" \/>\n\t<meta property=\"og:image:width\" content=\"500\" \/>\n\t<meta property=\"og:image:height\" content=\"500\" \/>\n\t<meta property=\"og:image:type\" content=\"image\/jpeg\" \/>\n<meta name=\"twitter:card\" content=\"summary_large_image\" \/>\n<meta name=\"twitter:label1\" content=\"Gesch\u00e4tzte Lesezeit\" \/>\n\t<meta name=\"twitter:data1\" content=\"1\u00a0Minute\" \/>\n<script type=\"application\/ld+json\" class=\"yoast-schema-graph\">{\"@context\":\"https:\\\/\\\/schema.org\",\"@graph\":[{\"@type\":\"WebPage\",\"@id\":\"https:\\\/\\\/www.starcatering.at\\\/shop\\\/produkt\\\/kuehltasche-79l-xxl-schwarz-neuwertig\\\/\",\"url\":\"https:\\\/\\\/www.starcatering.at\\\/shop\\\/produkt\\\/kuehltasche-79l-xxl-schwarz-neuwertig\\\/\",\"name\":\"K\u00fchltasche 79L XXL schwarz (neuwertig) &#187; StarCatering %-Shop\",\"isPartOf\":{\"@id\":\"https:\\\/\\\/www.starcatering.at\\\/shop\\\/#website\"},\"primaryImageOfPage\":{\"@id\":\"https:\\\/\\\/www.starcatering.at\\\/shop\\\/produkt\\\/kuehltasche-79l-xxl-schwarz-neuwertig\\\/#primaryimage\"},\"image\":{\"@id\":\"https:\\\/\\\/www.starcatering.at\\\/shop\\\/produkt\\\/kuehltasche-79l-xxl-schwarz-neuwertig\\\/#primaryimage\"},\"thumbnailUrl\":\"https:\\\/\\\/www.starcatering.at\\\/shop\\\/wp-content\\\/uploads\\\/2023\\\/07\\\/Kuehltasche_schwarz_79L.jpg\",\"datePublished\":\"2023-07-24T08:20:48+00:00\",\"dateModified\":\"2023-12-17T22:29:17+00:00\",\"description\":\"K\u00fchltasche 79L XXL schwarz (neuwertig)\",\"breadcrumb\":{\"@id\":\"https:\\\/\\\/www.starcatering.at\\\/shop\\\/produkt\\\/kuehltasche-79l-xxl-schwarz-neuwertig\\\/#breadcrumb\"},\"inLanguage\":\"de\",\"potentialAction\":[{\"@type\":\"ReadAction\",\"target\":[\"https:\\\/\\\/www.starcatering.at\\\/shop\\\/produkt\\\/kuehltasche-79l-xxl-schwarz-neuwertig\\\/\"]}]},{\"@type\":\"ImageObject\",\"inLanguage\":\"de\",\"@id\":\"https:\\\/\\\/www.starcatering.at\\\/shop\\\/produkt\\\/kuehltasche-79l-xxl-schwarz-neuwertig\\\/#primaryimage\",\"url\":\"https:\\\/\\\/www.starcatering.at\\\/shop\\\/wp-content\\\/uploads\\\/2023\\\/07\\\/Kuehltasche_schwarz_79L.jpg\",\"contentUrl\":\"https:\\\/\\\/www.starcatering.at\\\/shop\\\/wp-content\\\/uploads\\\/2023\\\/07\\\/Kuehltasche_schwarz_79L.jpg\",\"width\":500,\"height\":500},{\"@type\":\"BreadcrumbList\",\"@id\":\"https:\\\/\\\/www.starcatering.at\\\/shop\\\/produkt\\\/kuehltasche-79l-xxl-schwarz-neuwertig\\\/#breadcrumb\",\"itemListElement\":[{\"@type\":\"ListItem\",\"position\":1,\"name\":\"Startseite\",\"item\":\"https:\\\/\\\/www.starcatering.at\\\/shop\\\/\"},{\"@type\":\"ListItem\",\"position\":2,\"name\":\"Shop\",\"item\":\"https:\\\/\\\/www.starcatering.at\\\/shop\\\/shop\\\/\"},{\"@type\":\"ListItem\",\"position\":3,\"name\":\"K\u00fchltasche 79L XXL schwarz (neuwertig)\"}]},{\"@type\":\"WebSite\",\"@id\":\"https:\\\/\\\/www.starcatering.at\\\/shop\\\/#website\",\"url\":\"https:\\\/\\\/www.starcatering.at\\\/shop\\\/\",\"name\":\"Carnuntum Foods\",\"description\":\"Abverkaufsartikel\",\"publisher\":{\"@id\":\"https:\\\/\\\/www.starcatering.at\\\/shop\\\/#organization\"},\"potentialAction\":[{\"@type\":\"SearchAction\",\"target\":{\"@type\":\"EntryPoint\",\"urlTemplate\":\"https:\\\/\\\/www.starcatering.at\\\/shop\\\/?s={search_term_string}\"},\"query-input\":{\"@type\":\"PropertyValueSpecification\",\"valueRequired\":true,\"valueName\":\"search_term_string\"}}],\"inLanguage\":\"de\"},{\"@type\":\"Organization\",\"@id\":\"https:\\\/\\\/www.starcatering.at\\\/shop\\\/#organization\",\"name\":\"Carnuntumfoods\",\"url\":\"https:\\\/\\\/www.starcatering.at\\\/shop\\\/\",\"logo\":{\"@type\":\"ImageObject\",\"inLanguage\":\"de\",\"@id\":\"https:\\\/\\\/www.starcatering.at\\\/shop\\\/#\\\/schema\\\/logo\\\/image\\\/\",\"url\":\"https:\\\/\\\/www.starcatering.at\\\/shop\\\/wp-content\\\/uploads\\\/2021\\\/08\\\/cropped-logo.png\",\"contentUrl\":\"https:\\\/\\\/www.starcatering.at\\\/shop\\\/wp-content\\\/uploads\\\/2021\\\/08\\\/cropped-logo.png\",\"width\":512,\"height\":512,\"caption\":\"Carnuntumfoods\"},\"image\":{\"@id\":\"https:\\\/\\\/www.starcatering.at\\\/shop\\\/#\\\/schema\\\/logo\\\/image\\\/\"}}]}<\/script>\n<!-- \/ Yoast SEO plugin. -->","yoast_head_json":{"title":"K\u00fchltasche 79L XXL schwarz (neuwertig) &#187; StarCatering %-Shop","description":"K\u00fchltasche 79L XXL schwarz (neuwertig)","robots":{"index":"index","follow":"follow","max-snippet":"max-snippet:-1","max-image-preview":"max-image-preview:large","max-video-preview":"max-video-preview:-1"},"canonical":"https:\/\/www.starcatering.at\/shop\/produkt\/kuehltasche-79l-xxl-schwarz-neuwertig\/","og_locale":"de_DE","og_type":"article","og_title":"K\u00fchltasche 79L XXL schwarz (neuwertig)","og_description":"K\u00fchltasche 79L XXL schwarz (neuwertig)","og_url":"https:\/\/www.starcatering.at\/shop\/produkt\/kuehltasche-79l-xxl-schwarz-neuwertig\/","og_site_name":"StarCatering %-Shop","article_modified_time":"2023-12-17T22:29:17+00:00","og_image":[{"width":500,"height":500,"url":"https:\/\/www.starcatering.at\/shop\/wp-content\/uploads\/2023\/07\/Kuehltasche_schwarz_79L.jpg","type":"image\/jpeg"}],"twitter_card":"summary_large_image","twitter_misc":{"Gesch\u00e4tzte Lesezeit":"1\u00a0Minute"},"schema":{"@context":"https:\/\/schema.org","@graph":[{"@type":"WebPage","@id":"https:\/\/www.starcatering.at\/shop\/produkt\/kuehltasche-79l-xxl-schwarz-neuwertig\/","url":"https:\/\/www.starcatering.at\/shop\/produkt\/kuehltasche-79l-xxl-schwarz-neuwertig\/","name":"K\u00fchltasche 79L XXL schwarz (neuwertig) &#187; StarCatering %-Shop","isPartOf":{"@id":"https:\/\/www.starcatering.at\/shop\/#website"},"primaryImageOfPage":{"@id":"https:\/\/www.starcatering.at\/shop\/produkt\/kuehltasche-79l-xxl-schwarz-neuwertig\/#primaryimage"},"image":{"@id":"https:\/\/www.starcatering.at\/shop\/produkt\/kuehltasche-79l-xxl-schwarz-neuwertig\/#primaryimage"},"thumbnailUrl":"https:\/\/www.starcatering.at\/shop\/wp-content\/uploads\/2023\/07\/Kuehltasche_schwarz_79L.jpg","datePublished":"2023-07-24T08:20:48+00:00","dateModified":"2023-12-17T22:29:17+00:00","description":"K\u00fchltasche 79L XXL schwarz (neuwertig)","breadcrumb":{"@id":"https:\/\/www.starcatering.at\/shop\/produkt\/kuehltasche-79l-xxl-schwarz-neuwertig\/#breadcrumb"},"inLanguage":"de","potentialAction":[{"@type":"ReadAction","target":["https:\/\/www.starcatering.at\/shop\/produkt\/kuehltasche-79l-xxl-schwarz-neuwertig\/"]}]},{"@type":"ImageObject","inLanguage":"de","@id":"https:\/\/www.starcatering.at\/shop\/produkt\/kuehltasche-79l-xxl-schwarz-neuwertig\/#primaryimage","url":"https:\/\/www.starcatering.at\/shop\/wp-content\/uploads\/2023\/07\/Kuehltasche_schwarz_79L.jpg","contentUrl":"https:\/\/www.starcatering.at\/shop\/wp-content\/uploads\/2023\/07\/Kuehltasche_schwarz_79L.jpg","width":500,"height":500},{"@type":"BreadcrumbList","@id":"https:\/\/www.starcatering.at\/shop\/produkt\/kuehltasche-79l-xxl-schwarz-neuwertig\/#breadcrumb","itemListElement":[{"@type":"ListItem","position":1,"name":"Startseite","item":"https:\/\/www.starcatering.at\/shop\/"},{"@type":"ListItem","position":2,"name":"Shop","item":"https:\/\/www.starcatering.at\/shop\/shop\/"},{"@type":"ListItem","position":3,"name":"K\u00fchltasche 79L XXL schwarz (neuwertig)"}]},{"@type":"WebSite","@id":"https:\/\/www.starcatering.at\/shop\/#website","url":"https:\/\/www.starcatering.at\/shop\/","name":"Carnuntum Foods","description":"Abverkaufsartikel","publisher":{"@id":"https:\/\/www.starcatering.at\/shop\/#organization"},"potentialAction":[{"@type":"SearchAction","target":{"@type":"EntryPoint","urlTemplate":"https:\/\/www.starcatering.at\/shop\/?s={search_term_string}"},"query-input":{"@type":"PropertyValueSpecification","valueRequired":true,"valueName":"search_term_string"}}],"inLanguage":"de"},{"@type":"Organization","@id":"https:\/\/www.starcatering.at\/shop\/#organization","name":"Carnuntumfoods","url":"https:\/\/www.starcatering.at\/shop\/","logo":{"@type":"ImageObject","inLanguage":"de","@id":"https:\/\/www.starcatering.at\/shop\/#\/schema\/logo\/image\/","url":"https:\/\/www.starcatering.at\/shop\/wp-content\/uploads\/2021\/08\/cropped-logo.png","contentUrl":"https:\/\/www.starcatering.at\/shop\/wp-content\/uploads\/2021\/08\/cropped-logo.png","width":512,"height":512,"caption":"Carnuntumfoods"},"image":{"@id":"https:\/\/www.starcatering.at\/shop\/#\/schema\/logo\/image\/"}}]}},"_links":{"self":[{"href":"https:\/\/www.starcatering.at\/shop\/wp-json\/wp\/v2\/product\/10147","targetHints":{"allow":["GET"]}}],"collection":[{"href":"https:\/\/www.starcatering.at\/shop\/wp-json\/wp\/v2\/product"}],"about":[{"href":"https:\/\/www.starcatering.at\/shop\/wp-json\/wp\/v2\/types\/product"}],"replies":[{"embeddable":true,"href":"https:\/\/www.starcatering.at\/shop\/wp-json\/wp\/v2\/comments?post=10147"}],"wp:featuredmedia":[{"embeddable":true,"href":"https:\/\/www.starcatering.at\/shop\/wp-json\/wp\/v2\/media\/10148"}],"wp:attachment":[{"href":"https:\/\/www.starcatering.at\/shop\/wp-json\/wp\/v2\/media?parent=10147"}],"wp:term":[{"taxonomy":"product_brand","embeddable":true,"href":"https:\/\/www.starcatering.at\/shop\/wp-json\/wp\/v2\/product_brand?post=10147"},{"taxonomy":"product_cat","embeddable":true,"href":"https:\/\/www.starcatering.at\/shop\/wp-json\/wp\/v2\/product_cat?post=10147"},{"taxonomy":"product_tag","embeddable":true,"href":"https:\/\/www.starcatering.at\/shop\/wp-json\/wp\/v2\/product_tag?post=10147"}],"curies":[{"name":"wp","href":"https:\/\/api.w.org\/{rel}","templated":true}]}}