{"id":10379,"date":"2024-01-26T15:36:23","date_gmt":"2024-01-26T14:36:23","guid":{"rendered":"https:\/\/www.starcatering.at\/shop\/?post_type=product&#038;p=10379"},"modified":"2025-03-28T20:51:35","modified_gmt":"2025-03-28T19:51:35","slug":"bbq-freund-500-ml-flasche","status":"publish","type":"product","link":"https:\/\/www.starcatering.at\/shop\/produkt\/bbq-freund-500-ml-flasche\/","title":{"rendered":"BBQ-Freund 500 ml Flasche"},"content":{"rendered":"<p>Egal ob erfahrener Grillmeister oder leidenschaftlicher Anf\u00e4nger, der BBQ Freund ist einfach zu verwenden und liefert perfekte Ergebnisse. Es verleiht den Gerichten eine herrliche Rauchnote, ausgewogene Sch\u00e4rfe und eine geschmackliche Explosion, welche die Geschmacksknospen begeistern wird.<br \/>\nDas vielseitig einsetzbare BBQ \u00d6l eignet sich zum Marinieren, als Dip oder zum direkten Betr\u00e4ufeln von Speisen. Es sorgt f\u00fcr saftiges und aromatisches Grillgut mit dem man G\u00e4ste garantiert beeindruckt.<\/p>\n<p>Der junge \u00d6lm\u00fcller bezieht ausschlie\u00dflich heimische Saaten von den Landwirten aus der Region Baden-W\u00fcrttemberg. Das hochwertige Speise\u00f6l wird Tropfen f\u00fcr Tropfen schonend in der hauseigenen \u00d6lm\u00fchle im Naturpark Obere Donau kaltgepresst. Dadurch werden die wertvollen Inhaltsstoffe, die die Rohstoffe besitzen, wie Omega 3 und Omega 6 Fetts\u00e4uren, optimal erhalten. Alle Speise\u00f6le sind unbehandelt, denn die reine Qualit\u00e4t und der Geschmack des Produktes steht an oberster Stelle.<\/p>\n","protected":false},"excerpt":{"rendered":"<ul>\n<li>Zutaten: kaltgepresstes Raps\u00f6l, Fleur de Sel (Salz), Paprika, Knoblauch, Chili, Hibiskusbl\u00fcten, Pfeffer, Oregano, Basilikum<\/li>\n<li>500 ml Flasche<\/li>\n<\/ul>\n","protected":false},"featured_media":10384,"comment_status":"open","ping_status":"closed","template":"","meta":{"_et_pb_use_builder":"","_et_pb_old_content":"","_et_gb_content_width":""},"product_brand":[],"product_cat":[1989],"product_tag":[1990,763,111,65,1991,48,1992,1993],"class_list":{"0":"post-10379","1":"product","2":"type-product","3":"status-publish","4":"has-post-thumbnail","6":"product_cat-oelfreunde-nachhaltige-oele","7":"product_tag-baden-wuerttemberg","8":"product_tag-bbq","9":"product_tag-grillen","10":"product_tag-kraeuter","11":"product_tag-oel","12":"product_tag-ol","13":"product_tag-oelfreunde","14":"product_tag-paul","15":"product_shipping_class-glasflaschen","17":"first","18":"onbackorder","19":"taxable","20":"shipping-taxable","21":"purchasable","22":"product-type-simple"},"yoast_head":"<!-- This site is optimized with the Yoast SEO plugin v27.5 - https:\/\/yoast.com\/product\/yoast-seo-wordpress\/ -->\n<title>BBQ-Freund 500 ml Flasche &#187; StarCatering %-Shop<\/title>\n<meta name=\"description\" content=\"Kr\u00e4uterfreund 500 ml FlascheBBQ-Freund 500 ml Flasche\" \/>\n<meta name=\"robots\" content=\"index, follow, max-snippet:-1, max-image-preview:large, max-video-preview:-1\" \/>\n<link rel=\"canonical\" href=\"https:\/\/www.starcatering.at\/shop\/produkt\/bbq-freund-500-ml-flasche\/\" \/>\n<meta property=\"og:locale\" content=\"de_DE\" \/>\n<meta property=\"og:type\" content=\"article\" \/>\n<meta property=\"og:title\" content=\"BBQ-Freund 500 ml Flasche\" \/>\n<meta property=\"og:description\" content=\"BBQ-Freund 500 ml Flasche\" \/>\n<meta property=\"og:url\" content=\"https:\/\/www.starcatering.at\/shop\/produkt\/bbq-freund-500-ml-flasche\/\" \/>\n<meta property=\"og:site_name\" content=\"StarCatering %-Shop\" \/>\n<meta property=\"article:modified_time\" content=\"2025-03-28T19:51:35+00:00\" \/>\n<meta name=\"twitter:card\" content=\"summary_large_image\" \/>\n<meta name=\"twitter:image\" content=\"https:\/\/www.starcatering.at\/shop\/wp-content\/uploads\/2024\/01\/BBQ-Freund_Flasche.webp\" \/>\n<meta name=\"twitter:label1\" content=\"Gesch\u00e4tzte Lesezeit\" \/>\n\t<meta name=\"twitter:data1\" content=\"1\u00a0Minute\" \/>\n<script type=\"application\/ld+json\" class=\"yoast-schema-graph\">{\"@context\":\"https:\\\/\\\/schema.org\",\"@graph\":[{\"@type\":\"WebPage\",\"@id\":\"https:\\\/\\\/www.starcatering.at\\\/shop\\\/produkt\\\/bbq-freund-500-ml-flasche\\\/\",\"url\":\"https:\\\/\\\/www.starcatering.at\\\/shop\\\/produkt\\\/bbq-freund-500-ml-flasche\\\/\",\"name\":\"BBQ-Freund 500 ml Flasche &#187; StarCatering %-Shop\",\"isPartOf\":{\"@id\":\"https:\\\/\\\/www.starcatering.at\\\/shop\\\/#website\"},\"primaryImageOfPage\":{\"@id\":\"https:\\\/\\\/www.starcatering.at\\\/shop\\\/produkt\\\/bbq-freund-500-ml-flasche\\\/#primaryimage\"},\"image\":{\"@id\":\"https:\\\/\\\/www.starcatering.at\\\/shop\\\/produkt\\\/bbq-freund-500-ml-flasche\\\/#primaryimage\"},\"thumbnailUrl\":\"https:\\\/\\\/www.starcatering.at\\\/shop\\\/wp-content\\\/uploads\\\/2024\\\/01\\\/BBQ-Freund_Flasche.webp\",\"datePublished\":\"2024-01-26T14:36:23+00:00\",\"dateModified\":\"2025-03-28T19:51:35+00:00\",\"description\":\"Kr\u00e4uterfreund 500 ml FlascheBBQ-Freund 500 ml Flasche\",\"breadcrumb\":{\"@id\":\"https:\\\/\\\/www.starcatering.at\\\/shop\\\/produkt\\\/bbq-freund-500-ml-flasche\\\/#breadcrumb\"},\"inLanguage\":\"de\",\"potentialAction\":[{\"@type\":\"ReadAction\",\"target\":[\"https:\\\/\\\/www.starcatering.at\\\/shop\\\/produkt\\\/bbq-freund-500-ml-flasche\\\/\"]}]},{\"@type\":\"ImageObject\",\"inLanguage\":\"de\",\"@id\":\"https:\\\/\\\/www.starcatering.at\\\/shop\\\/produkt\\\/bbq-freund-500-ml-flasche\\\/#primaryimage\",\"url\":\"https:\\\/\\\/www.starcatering.at\\\/shop\\\/wp-content\\\/uploads\\\/2024\\\/01\\\/BBQ-Freund_Flasche.webp\",\"contentUrl\":\"https:\\\/\\\/www.starcatering.at\\\/shop\\\/wp-content\\\/uploads\\\/2024\\\/01\\\/BBQ-Freund_Flasche.webp\",\"width\":700,\"height\":700},{\"@type\":\"BreadcrumbList\",\"@id\":\"https:\\\/\\\/www.starcatering.at\\\/shop\\\/produkt\\\/bbq-freund-500-ml-flasche\\\/#breadcrumb\",\"itemListElement\":[{\"@type\":\"ListItem\",\"position\":1,\"name\":\"Startseite\",\"item\":\"https:\\\/\\\/www.starcatering.at\\\/shop\\\/\"},{\"@type\":\"ListItem\",\"position\":2,\"name\":\"Shop\",\"item\":\"https:\\\/\\\/www.starcatering.at\\\/shop\\\/shop\\\/\"},{\"@type\":\"ListItem\",\"position\":3,\"name\":\"BBQ-Freund 500 ml Flasche\"}]},{\"@type\":\"WebSite\",\"@id\":\"https:\\\/\\\/www.starcatering.at\\\/shop\\\/#website\",\"url\":\"https:\\\/\\\/www.starcatering.at\\\/shop\\\/\",\"name\":\"Carnuntum Foods\",\"description\":\"Abverkaufsartikel\",\"publisher\":{\"@id\":\"https:\\\/\\\/www.starcatering.at\\\/shop\\\/#organization\"},\"potentialAction\":[{\"@type\":\"SearchAction\",\"target\":{\"@type\":\"EntryPoint\",\"urlTemplate\":\"https:\\\/\\\/www.starcatering.at\\\/shop\\\/?s={search_term_string}\"},\"query-input\":{\"@type\":\"PropertyValueSpecification\",\"valueRequired\":true,\"valueName\":\"search_term_string\"}}],\"inLanguage\":\"de\"},{\"@type\":\"Organization\",\"@id\":\"https:\\\/\\\/www.starcatering.at\\\/shop\\\/#organization\",\"name\":\"Carnuntumfoods\",\"url\":\"https:\\\/\\\/www.starcatering.at\\\/shop\\\/\",\"logo\":{\"@type\":\"ImageObject\",\"inLanguage\":\"de\",\"@id\":\"https:\\\/\\\/www.starcatering.at\\\/shop\\\/#\\\/schema\\\/logo\\\/image\\\/\",\"url\":\"https:\\\/\\\/www.starcatering.at\\\/shop\\\/wp-content\\\/uploads\\\/2021\\\/08\\\/cropped-logo.png\",\"contentUrl\":\"https:\\\/\\\/www.starcatering.at\\\/shop\\\/wp-content\\\/uploads\\\/2021\\\/08\\\/cropped-logo.png\",\"width\":512,\"height\":512,\"caption\":\"Carnuntumfoods\"},\"image\":{\"@id\":\"https:\\\/\\\/www.starcatering.at\\\/shop\\\/#\\\/schema\\\/logo\\\/image\\\/\"}}]}<\/script>\n<!-- \/ Yoast SEO plugin. -->","yoast_head_json":{"title":"BBQ-Freund 500 ml Flasche &#187; StarCatering %-Shop","description":"Kr\u00e4uterfreund 500 ml FlascheBBQ-Freund 500 ml Flasche","robots":{"index":"index","follow":"follow","max-snippet":"max-snippet:-1","max-image-preview":"max-image-preview:large","max-video-preview":"max-video-preview:-1"},"canonical":"https:\/\/www.starcatering.at\/shop\/produkt\/bbq-freund-500-ml-flasche\/","og_locale":"de_DE","og_type":"article","og_title":"BBQ-Freund 500 ml Flasche","og_description":"BBQ-Freund 500 ml Flasche","og_url":"https:\/\/www.starcatering.at\/shop\/produkt\/bbq-freund-500-ml-flasche\/","og_site_name":"StarCatering %-Shop","article_modified_time":"2025-03-28T19:51:35+00:00","twitter_card":"summary_large_image","twitter_image":"https:\/\/www.starcatering.at\/shop\/wp-content\/uploads\/2024\/01\/BBQ-Freund_Flasche.webp","twitter_misc":{"Gesch\u00e4tzte Lesezeit":"1\u00a0Minute"},"schema":{"@context":"https:\/\/schema.org","@graph":[{"@type":"WebPage","@id":"https:\/\/www.starcatering.at\/shop\/produkt\/bbq-freund-500-ml-flasche\/","url":"https:\/\/www.starcatering.at\/shop\/produkt\/bbq-freund-500-ml-flasche\/","name":"BBQ-Freund 500 ml Flasche &#187; StarCatering %-Shop","isPartOf":{"@id":"https:\/\/www.starcatering.at\/shop\/#website"},"primaryImageOfPage":{"@id":"https:\/\/www.starcatering.at\/shop\/produkt\/bbq-freund-500-ml-flasche\/#primaryimage"},"image":{"@id":"https:\/\/www.starcatering.at\/shop\/produkt\/bbq-freund-500-ml-flasche\/#primaryimage"},"thumbnailUrl":"https:\/\/www.starcatering.at\/shop\/wp-content\/uploads\/2024\/01\/BBQ-Freund_Flasche.webp","datePublished":"2024-01-26T14:36:23+00:00","dateModified":"2025-03-28T19:51:35+00:00","description":"Kr\u00e4uterfreund 500 ml FlascheBBQ-Freund 500 ml Flasche","breadcrumb":{"@id":"https:\/\/www.starcatering.at\/shop\/produkt\/bbq-freund-500-ml-flasche\/#breadcrumb"},"inLanguage":"de","potentialAction":[{"@type":"ReadAction","target":["https:\/\/www.starcatering.at\/shop\/produkt\/bbq-freund-500-ml-flasche\/"]}]},{"@type":"ImageObject","inLanguage":"de","@id":"https:\/\/www.starcatering.at\/shop\/produkt\/bbq-freund-500-ml-flasche\/#primaryimage","url":"https:\/\/www.starcatering.at\/shop\/wp-content\/uploads\/2024\/01\/BBQ-Freund_Flasche.webp","contentUrl":"https:\/\/www.starcatering.at\/shop\/wp-content\/uploads\/2024\/01\/BBQ-Freund_Flasche.webp","width":700,"height":700},{"@type":"BreadcrumbList","@id":"https:\/\/www.starcatering.at\/shop\/produkt\/bbq-freund-500-ml-flasche\/#breadcrumb","itemListElement":[{"@type":"ListItem","position":1,"name":"Startseite","item":"https:\/\/www.starcatering.at\/shop\/"},{"@type":"ListItem","position":2,"name":"Shop","item":"https:\/\/www.starcatering.at\/shop\/shop\/"},{"@type":"ListItem","position":3,"name":"BBQ-Freund 500 ml Flasche"}]},{"@type":"WebSite","@id":"https:\/\/www.starcatering.at\/shop\/#website","url":"https:\/\/www.starcatering.at\/shop\/","name":"Carnuntum Foods","description":"Abverkaufsartikel","publisher":{"@id":"https:\/\/www.starcatering.at\/shop\/#organization"},"potentialAction":[{"@type":"SearchAction","target":{"@type":"EntryPoint","urlTemplate":"https:\/\/www.starcatering.at\/shop\/?s={search_term_string}"},"query-input":{"@type":"PropertyValueSpecification","valueRequired":true,"valueName":"search_term_string"}}],"inLanguage":"de"},{"@type":"Organization","@id":"https:\/\/www.starcatering.at\/shop\/#organization","name":"Carnuntumfoods","url":"https:\/\/www.starcatering.at\/shop\/","logo":{"@type":"ImageObject","inLanguage":"de","@id":"https:\/\/www.starcatering.at\/shop\/#\/schema\/logo\/image\/","url":"https:\/\/www.starcatering.at\/shop\/wp-content\/uploads\/2021\/08\/cropped-logo.png","contentUrl":"https:\/\/www.starcatering.at\/shop\/wp-content\/uploads\/2021\/08\/cropped-logo.png","width":512,"height":512,"caption":"Carnuntumfoods"},"image":{"@id":"https:\/\/www.starcatering.at\/shop\/#\/schema\/logo\/image\/"}}]}},"_links":{"self":[{"href":"https:\/\/www.starcatering.at\/shop\/wp-json\/wp\/v2\/product\/10379","targetHints":{"allow":["GET"]}}],"collection":[{"href":"https:\/\/www.starcatering.at\/shop\/wp-json\/wp\/v2\/product"}],"about":[{"href":"https:\/\/www.starcatering.at\/shop\/wp-json\/wp\/v2\/types\/product"}],"replies":[{"embeddable":true,"href":"https:\/\/www.starcatering.at\/shop\/wp-json\/wp\/v2\/comments?post=10379"}],"wp:featuredmedia":[{"embeddable":true,"href":"https:\/\/www.starcatering.at\/shop\/wp-json\/wp\/v2\/media\/10384"}],"wp:attachment":[{"href":"https:\/\/www.starcatering.at\/shop\/wp-json\/wp\/v2\/media?parent=10379"}],"wp:term":[{"taxonomy":"product_brand","embeddable":true,"href":"https:\/\/www.starcatering.at\/shop\/wp-json\/wp\/v2\/product_brand?post=10379"},{"taxonomy":"product_cat","embeddable":true,"href":"https:\/\/www.starcatering.at\/shop\/wp-json\/wp\/v2\/product_cat?post=10379"},{"taxonomy":"product_tag","embeddable":true,"href":"https:\/\/www.starcatering.at\/shop\/wp-json\/wp\/v2\/product_tag?post=10379"}],"curies":[{"name":"wp","href":"https:\/\/api.w.org\/{rel}","templated":true}]}}