{"id":10400,"date":"2024-02-04T16:23:31","date_gmt":"2024-02-04T15:23:31","guid":{"rendered":"https:\/\/www.starcatering.at\/shop\/?post_type=product&#038;p=10400"},"modified":"2024-02-04T16:25:22","modified_gmt":"2024-02-04T15:25:22","slug":"chateau-guiraud-sauternes-1er-cru-classe-1998","status":"publish","type":"product","link":"https:\/\/www.starcatering.at\/shop\/produkt\/chateau-guiraud-sauternes-1er-cru-classe-1998\/","title":{"rendered":"Chateau Guiraud Sauternes 1er Cru Class\u00e8 1998"},"content":{"rendered":"<p>Intensiv und strahlend goldfarbener Wein. Das\u00a0Aroma\u00a0ist vielschichtig, kr\u00e4ftig und andauernd und die Ankl\u00e4nge von der Grauschimmelf\u00e4ule und die Noten von Zitronen und Apfelkuchen, Vanille und Tropenfr\u00fcchten sind zu sp\u00fcren. Im Gaumen ist der Wein kr\u00e4ftig. Der\u00a0Nachgeschmack\u00a0ist durch Honig- und Gew\u00fcrznoten gekennzeichnet.<\/p>\n<p>Farbe: Leuchtendes Goldgelb.<\/p>\n<p>Geruch: In der Nase kann man die typischen, durch die Edelf\u00e4ule verursachten sentiroi riechen, mit Zitronen- und Bratapfelaromen, Vanille und tropischen Fr\u00fcchten.<\/p>\n<p>Geschmack: Im Mund ist er intensiv mit einem Honig-Nachgeschmack, lang mit einem sch\u00f6nen w\u00fcrzigen\u00a0Abgang.<\/p>\n","protected":false},"excerpt":{"rendered":"<ul>\n<li>Flasche: 35 cl<\/li>\n<li>Bisherige Lagerung im Keller bei ca. 13\/14 \u00b0<\/li>\n<li><span style=\"color: #ff6600;\"><strong>F\u00fcr den Zustand des Inhalts kann nach so langer Zeit keine Gew\u00e4hr mehr \u00fcbernommen werden.<\/strong><\/span><\/li>\n<\/ul>\n","protected":false},"featured_media":10401,"comment_status":"open","ping_status":"closed","template":"","meta":{"_et_pb_use_builder":"","_et_pb_old_content":"","_et_gb_content_width":""},"product_brand":[],"product_cat":[181],"product_tag":[2011,2010,2007,2009,2006,2008,224],"class_list":{"0":"post-10400","1":"product","2":"type-product","3":"status-publish","4":"has-post-thumbnail","6":"product_cat-weine","7":"product_tag-2011","8":"product_tag-chateau","9":"product_tag-frankreich","10":"product_tag-guiraud","11":"product_tag-sauternes","12":"product_tag-suesswein","13":"product_tag-wein","14":"product_shipping_class-glasflaschen","16":"first","17":"instock","18":"taxable","19":"shipping-taxable","20":"purchasable","21":"product-type-simple"},"yoast_head":"<!-- This site is optimized with the Yoast SEO plugin v27.5 - https:\/\/yoast.com\/product\/yoast-seo-wordpress\/ -->\n<title>Chateau Guiraud Sauternes 1er Cru Class\u00e8 1998 &#187; StarCatering %-Shop<\/title>\n<meta name=\"description\" content=\"Chateau Guiraud Sauternes 1er Cru Class\u00e8 1998\" \/>\n<meta name=\"robots\" content=\"index, follow, max-snippet:-1, max-image-preview:large, max-video-preview:-1\" \/>\n<link rel=\"canonical\" href=\"https:\/\/www.starcatering.at\/shop\/produkt\/chateau-guiraud-sauternes-1er-cru-classe-1998\/\" \/>\n<meta property=\"og:locale\" content=\"de_DE\" \/>\n<meta property=\"og:type\" content=\"article\" \/>\n<meta property=\"og:title\" content=\"Chateau Guiraud Sauternes 1er Cru Class\u00e8 1998\" \/>\n<meta property=\"og:description\" content=\"Chateau Guiraud Sauternes 1er Cru Class\u00e8 1998\" \/>\n<meta property=\"og:url\" content=\"https:\/\/www.starcatering.at\/shop\/produkt\/chateau-guiraud-sauternes-1er-cru-classe-1998\/\" \/>\n<meta property=\"og:site_name\" content=\"StarCatering %-Shop\" \/>\n<meta property=\"article:modified_time\" content=\"2024-02-04T15:25:22+00:00\" \/>\n<meta property=\"og:image\" content=\"https:\/\/www.starcatering.at\/shop\/wp-content\/uploads\/2024\/02\/Sauternes_ChateauGuiraud_1998.jpg\" \/>\n\t<meta property=\"og:image:width\" content=\"550\" \/>\n\t<meta property=\"og:image:height\" content=\"550\" \/>\n\t<meta property=\"og:image:type\" content=\"image\/jpeg\" \/>\n<meta name=\"twitter:card\" content=\"summary_large_image\" \/>\n<meta name=\"twitter:label1\" content=\"Gesch\u00e4tzte Lesezeit\" \/>\n\t<meta name=\"twitter:data1\" content=\"1\u00a0Minute\" \/>\n<script type=\"application\/ld+json\" class=\"yoast-schema-graph\">{\"@context\":\"https:\\\/\\\/schema.org\",\"@graph\":[{\"@type\":\"WebPage\",\"@id\":\"https:\\\/\\\/www.starcatering.at\\\/shop\\\/produkt\\\/chateau-guiraud-sauternes-1er-cru-classe-1998\\\/\",\"url\":\"https:\\\/\\\/www.starcatering.at\\\/shop\\\/produkt\\\/chateau-guiraud-sauternes-1er-cru-classe-1998\\\/\",\"name\":\"Chateau Guiraud Sauternes 1er Cru Class\u00e8 1998 &#187; StarCatering %-Shop\",\"isPartOf\":{\"@id\":\"https:\\\/\\\/www.starcatering.at\\\/shop\\\/#website\"},\"primaryImageOfPage\":{\"@id\":\"https:\\\/\\\/www.starcatering.at\\\/shop\\\/produkt\\\/chateau-guiraud-sauternes-1er-cru-classe-1998\\\/#primaryimage\"},\"image\":{\"@id\":\"https:\\\/\\\/www.starcatering.at\\\/shop\\\/produkt\\\/chateau-guiraud-sauternes-1er-cru-classe-1998\\\/#primaryimage\"},\"thumbnailUrl\":\"https:\\\/\\\/www.starcatering.at\\\/shop\\\/wp-content\\\/uploads\\\/2024\\\/02\\\/Sauternes_ChateauGuiraud_1998.jpg\",\"datePublished\":\"2024-02-04T15:23:31+00:00\",\"dateModified\":\"2024-02-04T15:25:22+00:00\",\"description\":\"Chateau Guiraud Sauternes 1er Cru Class\u00e8 1998\",\"breadcrumb\":{\"@id\":\"https:\\\/\\\/www.starcatering.at\\\/shop\\\/produkt\\\/chateau-guiraud-sauternes-1er-cru-classe-1998\\\/#breadcrumb\"},\"inLanguage\":\"de\",\"potentialAction\":[{\"@type\":\"ReadAction\",\"target\":[\"https:\\\/\\\/www.starcatering.at\\\/shop\\\/produkt\\\/chateau-guiraud-sauternes-1er-cru-classe-1998\\\/\"]}]},{\"@type\":\"ImageObject\",\"inLanguage\":\"de\",\"@id\":\"https:\\\/\\\/www.starcatering.at\\\/shop\\\/produkt\\\/chateau-guiraud-sauternes-1er-cru-classe-1998\\\/#primaryimage\",\"url\":\"https:\\\/\\\/www.starcatering.at\\\/shop\\\/wp-content\\\/uploads\\\/2024\\\/02\\\/Sauternes_ChateauGuiraud_1998.jpg\",\"contentUrl\":\"https:\\\/\\\/www.starcatering.at\\\/shop\\\/wp-content\\\/uploads\\\/2024\\\/02\\\/Sauternes_ChateauGuiraud_1998.jpg\",\"width\":550,\"height\":550},{\"@type\":\"BreadcrumbList\",\"@id\":\"https:\\\/\\\/www.starcatering.at\\\/shop\\\/produkt\\\/chateau-guiraud-sauternes-1er-cru-classe-1998\\\/#breadcrumb\",\"itemListElement\":[{\"@type\":\"ListItem\",\"position\":1,\"name\":\"Startseite\",\"item\":\"https:\\\/\\\/www.starcatering.at\\\/shop\\\/\"},{\"@type\":\"ListItem\",\"position\":2,\"name\":\"Shop\",\"item\":\"https:\\\/\\\/www.starcatering.at\\\/shop\\\/shop\\\/\"},{\"@type\":\"ListItem\",\"position\":3,\"name\":\"Chateau Guiraud Sauternes 1er Cru Class\u00e8 1998\"}]},{\"@type\":\"WebSite\",\"@id\":\"https:\\\/\\\/www.starcatering.at\\\/shop\\\/#website\",\"url\":\"https:\\\/\\\/www.starcatering.at\\\/shop\\\/\",\"name\":\"Carnuntum Foods\",\"description\":\"Abverkaufsartikel\",\"publisher\":{\"@id\":\"https:\\\/\\\/www.starcatering.at\\\/shop\\\/#organization\"},\"potentialAction\":[{\"@type\":\"SearchAction\",\"target\":{\"@type\":\"EntryPoint\",\"urlTemplate\":\"https:\\\/\\\/www.starcatering.at\\\/shop\\\/?s={search_term_string}\"},\"query-input\":{\"@type\":\"PropertyValueSpecification\",\"valueRequired\":true,\"valueName\":\"search_term_string\"}}],\"inLanguage\":\"de\"},{\"@type\":\"Organization\",\"@id\":\"https:\\\/\\\/www.starcatering.at\\\/shop\\\/#organization\",\"name\":\"Carnuntumfoods\",\"url\":\"https:\\\/\\\/www.starcatering.at\\\/shop\\\/\",\"logo\":{\"@type\":\"ImageObject\",\"inLanguage\":\"de\",\"@id\":\"https:\\\/\\\/www.starcatering.at\\\/shop\\\/#\\\/schema\\\/logo\\\/image\\\/\",\"url\":\"https:\\\/\\\/www.starcatering.at\\\/shop\\\/wp-content\\\/uploads\\\/2021\\\/08\\\/cropped-logo.png\",\"contentUrl\":\"https:\\\/\\\/www.starcatering.at\\\/shop\\\/wp-content\\\/uploads\\\/2021\\\/08\\\/cropped-logo.png\",\"width\":512,\"height\":512,\"caption\":\"Carnuntumfoods\"},\"image\":{\"@id\":\"https:\\\/\\\/www.starcatering.at\\\/shop\\\/#\\\/schema\\\/logo\\\/image\\\/\"}}]}<\/script>\n<!-- \/ Yoast SEO plugin. -->","yoast_head_json":{"title":"Chateau Guiraud Sauternes 1er Cru Class\u00e8 1998 &#187; StarCatering %-Shop","description":"Chateau Guiraud Sauternes 1er Cru Class\u00e8 1998","robots":{"index":"index","follow":"follow","max-snippet":"max-snippet:-1","max-image-preview":"max-image-preview:large","max-video-preview":"max-video-preview:-1"},"canonical":"https:\/\/www.starcatering.at\/shop\/produkt\/chateau-guiraud-sauternes-1er-cru-classe-1998\/","og_locale":"de_DE","og_type":"article","og_title":"Chateau Guiraud Sauternes 1er Cru Class\u00e8 1998","og_description":"Chateau Guiraud Sauternes 1er Cru Class\u00e8 1998","og_url":"https:\/\/www.starcatering.at\/shop\/produkt\/chateau-guiraud-sauternes-1er-cru-classe-1998\/","og_site_name":"StarCatering %-Shop","article_modified_time":"2024-02-04T15:25:22+00:00","og_image":[{"width":550,"height":550,"url":"https:\/\/www.starcatering.at\/shop\/wp-content\/uploads\/2024\/02\/Sauternes_ChateauGuiraud_1998.jpg","type":"image\/jpeg"}],"twitter_card":"summary_large_image","twitter_misc":{"Gesch\u00e4tzte Lesezeit":"1\u00a0Minute"},"schema":{"@context":"https:\/\/schema.org","@graph":[{"@type":"WebPage","@id":"https:\/\/www.starcatering.at\/shop\/produkt\/chateau-guiraud-sauternes-1er-cru-classe-1998\/","url":"https:\/\/www.starcatering.at\/shop\/produkt\/chateau-guiraud-sauternes-1er-cru-classe-1998\/","name":"Chateau Guiraud Sauternes 1er Cru Class\u00e8 1998 &#187; StarCatering %-Shop","isPartOf":{"@id":"https:\/\/www.starcatering.at\/shop\/#website"},"primaryImageOfPage":{"@id":"https:\/\/www.starcatering.at\/shop\/produkt\/chateau-guiraud-sauternes-1er-cru-classe-1998\/#primaryimage"},"image":{"@id":"https:\/\/www.starcatering.at\/shop\/produkt\/chateau-guiraud-sauternes-1er-cru-classe-1998\/#primaryimage"},"thumbnailUrl":"https:\/\/www.starcatering.at\/shop\/wp-content\/uploads\/2024\/02\/Sauternes_ChateauGuiraud_1998.jpg","datePublished":"2024-02-04T15:23:31+00:00","dateModified":"2024-02-04T15:25:22+00:00","description":"Chateau Guiraud Sauternes 1er Cru Class\u00e8 1998","breadcrumb":{"@id":"https:\/\/www.starcatering.at\/shop\/produkt\/chateau-guiraud-sauternes-1er-cru-classe-1998\/#breadcrumb"},"inLanguage":"de","potentialAction":[{"@type":"ReadAction","target":["https:\/\/www.starcatering.at\/shop\/produkt\/chateau-guiraud-sauternes-1er-cru-classe-1998\/"]}]},{"@type":"ImageObject","inLanguage":"de","@id":"https:\/\/www.starcatering.at\/shop\/produkt\/chateau-guiraud-sauternes-1er-cru-classe-1998\/#primaryimage","url":"https:\/\/www.starcatering.at\/shop\/wp-content\/uploads\/2024\/02\/Sauternes_ChateauGuiraud_1998.jpg","contentUrl":"https:\/\/www.starcatering.at\/shop\/wp-content\/uploads\/2024\/02\/Sauternes_ChateauGuiraud_1998.jpg","width":550,"height":550},{"@type":"BreadcrumbList","@id":"https:\/\/www.starcatering.at\/shop\/produkt\/chateau-guiraud-sauternes-1er-cru-classe-1998\/#breadcrumb","itemListElement":[{"@type":"ListItem","position":1,"name":"Startseite","item":"https:\/\/www.starcatering.at\/shop\/"},{"@type":"ListItem","position":2,"name":"Shop","item":"https:\/\/www.starcatering.at\/shop\/shop\/"},{"@type":"ListItem","position":3,"name":"Chateau Guiraud Sauternes 1er Cru Class\u00e8 1998"}]},{"@type":"WebSite","@id":"https:\/\/www.starcatering.at\/shop\/#website","url":"https:\/\/www.starcatering.at\/shop\/","name":"Carnuntum Foods","description":"Abverkaufsartikel","publisher":{"@id":"https:\/\/www.starcatering.at\/shop\/#organization"},"potentialAction":[{"@type":"SearchAction","target":{"@type":"EntryPoint","urlTemplate":"https:\/\/www.starcatering.at\/shop\/?s={search_term_string}"},"query-input":{"@type":"PropertyValueSpecification","valueRequired":true,"valueName":"search_term_string"}}],"inLanguage":"de"},{"@type":"Organization","@id":"https:\/\/www.starcatering.at\/shop\/#organization","name":"Carnuntumfoods","url":"https:\/\/www.starcatering.at\/shop\/","logo":{"@type":"ImageObject","inLanguage":"de","@id":"https:\/\/www.starcatering.at\/shop\/#\/schema\/logo\/image\/","url":"https:\/\/www.starcatering.at\/shop\/wp-content\/uploads\/2021\/08\/cropped-logo.png","contentUrl":"https:\/\/www.starcatering.at\/shop\/wp-content\/uploads\/2021\/08\/cropped-logo.png","width":512,"height":512,"caption":"Carnuntumfoods"},"image":{"@id":"https:\/\/www.starcatering.at\/shop\/#\/schema\/logo\/image\/"}}]}},"_links":{"self":[{"href":"https:\/\/www.starcatering.at\/shop\/wp-json\/wp\/v2\/product\/10400","targetHints":{"allow":["GET"]}}],"collection":[{"href":"https:\/\/www.starcatering.at\/shop\/wp-json\/wp\/v2\/product"}],"about":[{"href":"https:\/\/www.starcatering.at\/shop\/wp-json\/wp\/v2\/types\/product"}],"replies":[{"embeddable":true,"href":"https:\/\/www.starcatering.at\/shop\/wp-json\/wp\/v2\/comments?post=10400"}],"wp:featuredmedia":[{"embeddable":true,"href":"https:\/\/www.starcatering.at\/shop\/wp-json\/wp\/v2\/media\/10401"}],"wp:attachment":[{"href":"https:\/\/www.starcatering.at\/shop\/wp-json\/wp\/v2\/media?parent=10400"}],"wp:term":[{"taxonomy":"product_brand","embeddable":true,"href":"https:\/\/www.starcatering.at\/shop\/wp-json\/wp\/v2\/product_brand?post=10400"},{"taxonomy":"product_cat","embeddable":true,"href":"https:\/\/www.starcatering.at\/shop\/wp-json\/wp\/v2\/product_cat?post=10400"},{"taxonomy":"product_tag","embeddable":true,"href":"https:\/\/www.starcatering.at\/shop\/wp-json\/wp\/v2\/product_tag?post=10400"}],"curies":[{"name":"wp","href":"https:\/\/api.w.org\/{rel}","templated":true}]}}