{"id":10453,"date":"2024-03-14T00:04:01","date_gmt":"2024-03-13T23:04:01","guid":{"rendered":"https:\/\/www.starcatering.at\/shop\/?post_type=product&#038;p=10453"},"modified":"2024-03-14T14:48:49","modified_gmt":"2024-03-14T13:48:49","slug":"hautpflegecreme-800ml-fuer-spender","status":"publish","type":"product","link":"https:\/\/www.starcatering.at\/shop\/produkt\/hautpflegecreme-800ml-fuer-spender\/","title":{"rendered":"Hautpflegecreme 800ml NF f\u00fcr Spender"},"content":{"rendered":"<ul>\n<li>F\u00fchrt der Haut die bei der Arbeit und bei der Reinigung verlorenen Fett- und Feuchtigkeitssubstanzen wieder zu<\/li>\n<li>Wachse beugen Austrocknung vor<\/li>\n<li>Silikonfreie (\u00d6l in Wasser)-Emulsion<\/li>\n<li>Nicht parf\u00fcmiert, dermatologisch getestet<\/li>\n<li>Unterst\u00fctzt die nat\u00fcrliche Abwehrfunktion der Oberhaut (Epidermis)<\/li>\n<li>Macht die H\u00e4nde glatt und zart<\/li>\n<li>Verhindert Austrocknung und rissige H\u00e4nde.<\/li>\n<li>Zieht schnell ein und fettet nicht<\/li>\n<li>Gesunde, gepflegte H\u00e4nde bieten keine Angriffspunkte f\u00fcr Bakterien und erh\u00f6hen dar\u00fcber hinaus die Einhaltung der Hygieneregeln. Mitarbeiter mit gesunden H\u00e4nden f\u00fcrchten nicht das h\u00e4ufige H\u00e4ndewaschen und Desinfizieren.<\/li>\n<\/ul>\n","protected":false},"excerpt":{"rendered":"<ul>\n<li><strong>800ml Nachf\u00fcllbeutel f\u00fcr SoftCare Spender<\/strong><\/li>\n<li>Soft Care Dermasoft Hautpflegecreme wird \u00fcberall dort verwendet, wo gezielte und intensive Hautpflege beruflich beanspruchter Haut unerl\u00e4sslich ist, wie in Industrie, Handwerk, Gewerbe, Hotels, Gastst\u00e4tten, Kliniken und Alten- und Pflegeheimen.<\/li>\n<li>Als nicht parf\u00fcmierte Hautpflegecreme ist Soft Care Dermasoft auch f\u00fcr den Einsatz in der lebensmittelbe- und verarbeitenden Industrie geeignet.<\/li>\n<li>Soft Care Dermasoft ist parabenfrei.<\/li>\n<li>Soft Care Dermasoft sch\u00fctzt die Haut vor Austrocknung, Rissen und schmerzhaftem Aufbrechen. Sie unterst\u00fctzt die nat\u00fcrliche Reparaturfunktion der Haut durch pflegende und r\u00fcckfettende Wirkstoffe. Die Hautpflegecreme macht die H\u00e4nde glatt und zart und f\u00fchrt verlorene Feuchtigkeit wieder zu.<\/li>\n<li>Soft Care Dermasoft zieht schnell ein und hinterl\u00e4sst keinen Fettfilm.<\/li>\n<\/ul>\n","protected":false},"featured_media":10454,"comment_status":"open","ping_status":"closed","template":"","meta":{"_et_pb_use_builder":"","_et_pb_old_content":"","_et_gb_content_width":""},"product_brand":[],"product_cat":[688],"product_tag":[2035,2036,2037,1627,783],"class_list":{"0":"post-10453","1":"product","2":"type-product","3":"status-publish","4":"has-post-thumbnail","6":"product_cat-reinigung-hygiene","7":"product_tag-handcreme","8":"product_tag-haut","9":"product_tag-parfumfrei","10":"product_tag-pflege","11":"product_tag-softcare","13":"first","14":"instock","15":"sale","16":"taxable","17":"shipping-taxable","18":"purchasable","19":"product-type-simple"},"yoast_head":"<!-- This site is optimized with the Yoast SEO plugin v27.5 - https:\/\/yoast.com\/product\/yoast-seo-wordpress\/ -->\n<title>Hautpflegecreme 800ml NF f\u00fcr Spender &#187; StarCatering %-Shop<\/title>\n<meta name=\"description\" content=\"Hautpflegecreme 800ml f\u00fcr Spender\" \/>\n<meta name=\"robots\" content=\"index, follow, max-snippet:-1, max-image-preview:large, max-video-preview:-1\" \/>\n<link rel=\"canonical\" href=\"https:\/\/www.starcatering.at\/shop\/produkt\/hautpflegecreme-800ml-fuer-spender\/\" \/>\n<meta property=\"og:locale\" content=\"de_DE\" \/>\n<meta property=\"og:type\" content=\"article\" \/>\n<meta property=\"og:title\" content=\"Hautpflegecreme 800ml f\u00fcr Spender\" \/>\n<meta property=\"og:description\" content=\"Hautpflegecreme 800ml f\u00fcr Spender\" \/>\n<meta property=\"og:url\" content=\"https:\/\/www.starcatering.at\/shop\/produkt\/hautpflegecreme-800ml-fuer-spender\/\" \/>\n<meta property=\"og:site_name\" content=\"StarCatering %-Shop\" \/>\n<meta property=\"article:modified_time\" content=\"2024-03-14T13:48:49+00:00\" \/>\n<meta property=\"og:image\" content=\"https:\/\/www.starcatering.at\/shop\/wp-content\/uploads\/2024\/03\/Diversey-H9-Softcare.jpg\" \/>\n\t<meta property=\"og:image:width\" content=\"500\" \/>\n\t<meta property=\"og:image:height\" content=\"500\" \/>\n\t<meta property=\"og:image:type\" content=\"image\/jpeg\" \/>\n<meta name=\"twitter:card\" content=\"summary_large_image\" \/>\n<meta name=\"twitter:title\" content=\"Hautpflegecreme 800ml f\u00fcr Spender\" \/>\n<meta name=\"twitter:description\" content=\"Hautpflegecreme 800ml f\u00fcr Spender\" \/>\n<meta name=\"twitter:image\" content=\"https:\/\/www.starcatering.at\/shop\/wp-content\/uploads\/2024\/03\/Diversey-H9-Softcare.jpg\" \/>\n<meta name=\"twitter:label1\" content=\"Gesch\u00e4tzte Lesezeit\" \/>\n\t<meta name=\"twitter:data1\" content=\"1\u00a0Minute\" \/>\n<script type=\"application\/ld+json\" class=\"yoast-schema-graph\">{\"@context\":\"https:\\\/\\\/schema.org\",\"@graph\":[{\"@type\":\"WebPage\",\"@id\":\"https:\\\/\\\/www.starcatering.at\\\/shop\\\/produkt\\\/hautpflegecreme-800ml-fuer-spender\\\/\",\"url\":\"https:\\\/\\\/www.starcatering.at\\\/shop\\\/produkt\\\/hautpflegecreme-800ml-fuer-spender\\\/\",\"name\":\"Hautpflegecreme 800ml NF f\u00fcr Spender &#187; StarCatering %-Shop\",\"isPartOf\":{\"@id\":\"https:\\\/\\\/www.starcatering.at\\\/shop\\\/#website\"},\"primaryImageOfPage\":{\"@id\":\"https:\\\/\\\/www.starcatering.at\\\/shop\\\/produkt\\\/hautpflegecreme-800ml-fuer-spender\\\/#primaryimage\"},\"image\":{\"@id\":\"https:\\\/\\\/www.starcatering.at\\\/shop\\\/produkt\\\/hautpflegecreme-800ml-fuer-spender\\\/#primaryimage\"},\"thumbnailUrl\":\"https:\\\/\\\/www.starcatering.at\\\/shop\\\/wp-content\\\/uploads\\\/2024\\\/03\\\/Diversey-H9-Softcare.jpg\",\"datePublished\":\"2024-03-13T23:04:01+00:00\",\"dateModified\":\"2024-03-14T13:48:49+00:00\",\"description\":\"Hautpflegecreme 800ml f\u00fcr Spender\",\"breadcrumb\":{\"@id\":\"https:\\\/\\\/www.starcatering.at\\\/shop\\\/produkt\\\/hautpflegecreme-800ml-fuer-spender\\\/#breadcrumb\"},\"inLanguage\":\"de\",\"potentialAction\":[{\"@type\":\"ReadAction\",\"target\":[\"https:\\\/\\\/www.starcatering.at\\\/shop\\\/produkt\\\/hautpflegecreme-800ml-fuer-spender\\\/\"]}]},{\"@type\":\"ImageObject\",\"inLanguage\":\"de\",\"@id\":\"https:\\\/\\\/www.starcatering.at\\\/shop\\\/produkt\\\/hautpflegecreme-800ml-fuer-spender\\\/#primaryimage\",\"url\":\"https:\\\/\\\/www.starcatering.at\\\/shop\\\/wp-content\\\/uploads\\\/2024\\\/03\\\/Diversey-H9-Softcare.jpg\",\"contentUrl\":\"https:\\\/\\\/www.starcatering.at\\\/shop\\\/wp-content\\\/uploads\\\/2024\\\/03\\\/Diversey-H9-Softcare.jpg\",\"width\":500,\"height\":500},{\"@type\":\"BreadcrumbList\",\"@id\":\"https:\\\/\\\/www.starcatering.at\\\/shop\\\/produkt\\\/hautpflegecreme-800ml-fuer-spender\\\/#breadcrumb\",\"itemListElement\":[{\"@type\":\"ListItem\",\"position\":1,\"name\":\"Startseite\",\"item\":\"https:\\\/\\\/www.starcatering.at\\\/shop\\\/\"},{\"@type\":\"ListItem\",\"position\":2,\"name\":\"Shop\",\"item\":\"https:\\\/\\\/www.starcatering.at\\\/shop\\\/shop\\\/\"},{\"@type\":\"ListItem\",\"position\":3,\"name\":\"Hautpflegecreme 800ml NF f\u00fcr Spender\"}]},{\"@type\":\"WebSite\",\"@id\":\"https:\\\/\\\/www.starcatering.at\\\/shop\\\/#website\",\"url\":\"https:\\\/\\\/www.starcatering.at\\\/shop\\\/\",\"name\":\"Carnuntum Foods\",\"description\":\"Abverkaufsartikel\",\"publisher\":{\"@id\":\"https:\\\/\\\/www.starcatering.at\\\/shop\\\/#organization\"},\"potentialAction\":[{\"@type\":\"SearchAction\",\"target\":{\"@type\":\"EntryPoint\",\"urlTemplate\":\"https:\\\/\\\/www.starcatering.at\\\/shop\\\/?s={search_term_string}\"},\"query-input\":{\"@type\":\"PropertyValueSpecification\",\"valueRequired\":true,\"valueName\":\"search_term_string\"}}],\"inLanguage\":\"de\"},{\"@type\":\"Organization\",\"@id\":\"https:\\\/\\\/www.starcatering.at\\\/shop\\\/#organization\",\"name\":\"Carnuntumfoods\",\"url\":\"https:\\\/\\\/www.starcatering.at\\\/shop\\\/\",\"logo\":{\"@type\":\"ImageObject\",\"inLanguage\":\"de\",\"@id\":\"https:\\\/\\\/www.starcatering.at\\\/shop\\\/#\\\/schema\\\/logo\\\/image\\\/\",\"url\":\"https:\\\/\\\/www.starcatering.at\\\/shop\\\/wp-content\\\/uploads\\\/2021\\\/08\\\/cropped-logo.png\",\"contentUrl\":\"https:\\\/\\\/www.starcatering.at\\\/shop\\\/wp-content\\\/uploads\\\/2021\\\/08\\\/cropped-logo.png\",\"width\":512,\"height\":512,\"caption\":\"Carnuntumfoods\"},\"image\":{\"@id\":\"https:\\\/\\\/www.starcatering.at\\\/shop\\\/#\\\/schema\\\/logo\\\/image\\\/\"}}]}<\/script>\n<!-- \/ Yoast SEO plugin. -->","yoast_head_json":{"title":"Hautpflegecreme 800ml NF f\u00fcr Spender &#187; StarCatering %-Shop","description":"Hautpflegecreme 800ml f\u00fcr Spender","robots":{"index":"index","follow":"follow","max-snippet":"max-snippet:-1","max-image-preview":"max-image-preview:large","max-video-preview":"max-video-preview:-1"},"canonical":"https:\/\/www.starcatering.at\/shop\/produkt\/hautpflegecreme-800ml-fuer-spender\/","og_locale":"de_DE","og_type":"article","og_title":"Hautpflegecreme 800ml f\u00fcr Spender","og_description":"Hautpflegecreme 800ml f\u00fcr Spender","og_url":"https:\/\/www.starcatering.at\/shop\/produkt\/hautpflegecreme-800ml-fuer-spender\/","og_site_name":"StarCatering %-Shop","article_modified_time":"2024-03-14T13:48:49+00:00","og_image":[{"width":500,"height":500,"url":"https:\/\/www.starcatering.at\/shop\/wp-content\/uploads\/2024\/03\/Diversey-H9-Softcare.jpg","type":"image\/jpeg"}],"twitter_card":"summary_large_image","twitter_title":"Hautpflegecreme 800ml f\u00fcr Spender","twitter_description":"Hautpflegecreme 800ml f\u00fcr Spender","twitter_image":"https:\/\/www.starcatering.at\/shop\/wp-content\/uploads\/2024\/03\/Diversey-H9-Softcare.jpg","twitter_misc":{"Gesch\u00e4tzte Lesezeit":"1\u00a0Minute"},"schema":{"@context":"https:\/\/schema.org","@graph":[{"@type":"WebPage","@id":"https:\/\/www.starcatering.at\/shop\/produkt\/hautpflegecreme-800ml-fuer-spender\/","url":"https:\/\/www.starcatering.at\/shop\/produkt\/hautpflegecreme-800ml-fuer-spender\/","name":"Hautpflegecreme 800ml NF f\u00fcr Spender &#187; StarCatering %-Shop","isPartOf":{"@id":"https:\/\/www.starcatering.at\/shop\/#website"},"primaryImageOfPage":{"@id":"https:\/\/www.starcatering.at\/shop\/produkt\/hautpflegecreme-800ml-fuer-spender\/#primaryimage"},"image":{"@id":"https:\/\/www.starcatering.at\/shop\/produkt\/hautpflegecreme-800ml-fuer-spender\/#primaryimage"},"thumbnailUrl":"https:\/\/www.starcatering.at\/shop\/wp-content\/uploads\/2024\/03\/Diversey-H9-Softcare.jpg","datePublished":"2024-03-13T23:04:01+00:00","dateModified":"2024-03-14T13:48:49+00:00","description":"Hautpflegecreme 800ml f\u00fcr Spender","breadcrumb":{"@id":"https:\/\/www.starcatering.at\/shop\/produkt\/hautpflegecreme-800ml-fuer-spender\/#breadcrumb"},"inLanguage":"de","potentialAction":[{"@type":"ReadAction","target":["https:\/\/www.starcatering.at\/shop\/produkt\/hautpflegecreme-800ml-fuer-spender\/"]}]},{"@type":"ImageObject","inLanguage":"de","@id":"https:\/\/www.starcatering.at\/shop\/produkt\/hautpflegecreme-800ml-fuer-spender\/#primaryimage","url":"https:\/\/www.starcatering.at\/shop\/wp-content\/uploads\/2024\/03\/Diversey-H9-Softcare.jpg","contentUrl":"https:\/\/www.starcatering.at\/shop\/wp-content\/uploads\/2024\/03\/Diversey-H9-Softcare.jpg","width":500,"height":500},{"@type":"BreadcrumbList","@id":"https:\/\/www.starcatering.at\/shop\/produkt\/hautpflegecreme-800ml-fuer-spender\/#breadcrumb","itemListElement":[{"@type":"ListItem","position":1,"name":"Startseite","item":"https:\/\/www.starcatering.at\/shop\/"},{"@type":"ListItem","position":2,"name":"Shop","item":"https:\/\/www.starcatering.at\/shop\/shop\/"},{"@type":"ListItem","position":3,"name":"Hautpflegecreme 800ml NF f\u00fcr Spender"}]},{"@type":"WebSite","@id":"https:\/\/www.starcatering.at\/shop\/#website","url":"https:\/\/www.starcatering.at\/shop\/","name":"Carnuntum Foods","description":"Abverkaufsartikel","publisher":{"@id":"https:\/\/www.starcatering.at\/shop\/#organization"},"potentialAction":[{"@type":"SearchAction","target":{"@type":"EntryPoint","urlTemplate":"https:\/\/www.starcatering.at\/shop\/?s={search_term_string}"},"query-input":{"@type":"PropertyValueSpecification","valueRequired":true,"valueName":"search_term_string"}}],"inLanguage":"de"},{"@type":"Organization","@id":"https:\/\/www.starcatering.at\/shop\/#organization","name":"Carnuntumfoods","url":"https:\/\/www.starcatering.at\/shop\/","logo":{"@type":"ImageObject","inLanguage":"de","@id":"https:\/\/www.starcatering.at\/shop\/#\/schema\/logo\/image\/","url":"https:\/\/www.starcatering.at\/shop\/wp-content\/uploads\/2021\/08\/cropped-logo.png","contentUrl":"https:\/\/www.starcatering.at\/shop\/wp-content\/uploads\/2021\/08\/cropped-logo.png","width":512,"height":512,"caption":"Carnuntumfoods"},"image":{"@id":"https:\/\/www.starcatering.at\/shop\/#\/schema\/logo\/image\/"}}]}},"_links":{"self":[{"href":"https:\/\/www.starcatering.at\/shop\/wp-json\/wp\/v2\/product\/10453","targetHints":{"allow":["GET"]}}],"collection":[{"href":"https:\/\/www.starcatering.at\/shop\/wp-json\/wp\/v2\/product"}],"about":[{"href":"https:\/\/www.starcatering.at\/shop\/wp-json\/wp\/v2\/types\/product"}],"replies":[{"embeddable":true,"href":"https:\/\/www.starcatering.at\/shop\/wp-json\/wp\/v2\/comments?post=10453"}],"wp:featuredmedia":[{"embeddable":true,"href":"https:\/\/www.starcatering.at\/shop\/wp-json\/wp\/v2\/media\/10454"}],"wp:attachment":[{"href":"https:\/\/www.starcatering.at\/shop\/wp-json\/wp\/v2\/media?parent=10453"}],"wp:term":[{"taxonomy":"product_brand","embeddable":true,"href":"https:\/\/www.starcatering.at\/shop\/wp-json\/wp\/v2\/product_brand?post=10453"},{"taxonomy":"product_cat","embeddable":true,"href":"https:\/\/www.starcatering.at\/shop\/wp-json\/wp\/v2\/product_cat?post=10453"},{"taxonomy":"product_tag","embeddable":true,"href":"https:\/\/www.starcatering.at\/shop\/wp-json\/wp\/v2\/product_tag?post=10453"}],"curies":[{"name":"wp","href":"https:\/\/api.w.org\/{rel}","templated":true}]}}