{"id":10513,"date":"2024-03-31T22:23:35","date_gmt":"2024-03-31T20:23:35","guid":{"rendered":"https:\/\/www.starcatering.at\/shop\/?post_type=product&#038;p=10513"},"modified":"2024-12-14T13:58:52","modified_gmt":"2024-12-14T12:58:52","slug":"elektrische-pfanne-glasdeckel-o42cm-neuware","status":"publish","type":"product","link":"https:\/\/www.starcatering.at\/shop\/produkt\/elektrische-pfanne-glasdeckel-o42cm-neuware\/","title":{"rendered":"Elektrische Pfanne &#038; Glasdeckel \u00f842cm (NEUWARE)"},"content":{"rendered":"<div class=\"_3xlpdsst_content\">\n<div class=\"_3xlpdsst_colwrap\">\n<div class=\"_3xlpdsst_col_auto\">\n<div class=\"_3xlpdsst_content_text\">\n<p>Ob Fleisch und Fisch, Gem\u00fcse, Pfannkuchen und R\u00fchrei oder sogar Pizza, die vielseitige\u00a0Universalpfanne\u00a0mit einer Abmessung von\u00a0ca. 42 x 9 cm\u00a0(DM x H) ist dank\u00a0individueller Temperaturregelung bis ca. 220 \u00b0C\u00a0und hochwertiger\u00a0Keramik-Antihaftbeschichtung\u00a0f\u00fcr das\u00a0fettarme Garen\u00a0verschiedenster Zutaten die perfekte Wahl und l\u00e4sst sich dar\u00fcber hinaus ganz\u00a0einfach bedienen:<\/p>\n<p>Netzstecker\u00a0einstecken, gew\u00fcnschte Temperatur mittels\u00a0Drehregler\u00a0einstellen, und schon geht es mit leistungsstarken\u00a01.500 Watt\u00a0ans Werk. Damit Sie und Ihre G\u00e4ste dabei vor Spritzern und Dampf gesch\u00fctzt bleiben, ist die aus\u00a0Eisen\u00a0in\u00a0mattem Anthrazit\u00a0bestehende Pfanne mit einem praktischen\u00a0Glasdeckel\u00a0ausgestattet.<\/p>\n<p>Kontrollleuchte und\u00a0Handgriffe\u00a0aus robustem Kunststoff sorgen zus\u00e4tzlich f\u00fcr Sicherheit. Wichtig: Verwenden Sie ausschlie\u00dflich\u00a0K\u00fcchenwerkzeuge aus Kunststoff oder Holz, um das Zerkratzen der Antihaft-Oberfl\u00e4che zu vermeiden.<\/p>\n<p>Nach dem Gebrauch k\u00f6nnen Sie das Innere der abgek\u00fchlten Pfanne mit einem weichen Schwamm und Seifenlauge reinigen\u00a0und mit einem\u00a0Tuch sanft trocken wischen\u00a0\u2013 und schon ist das clevere Utensil wieder bereit f\u00fcr den n\u00e4chsten Einsatz.<\/p>\n<\/div>\n<\/div>\n<\/div>\n<\/div>\n","protected":false},"excerpt":{"rendered":"<ul>\n<li class=\"_h-Kg5MkDFdr9B05M _BSggcN0nq6SowBUK _dLy84p+d1RUZVFud\">Durchmesser\/H\u00f6he: 42\/7 cm<\/li>\n<li>Marke: Bono<\/li>\n<li class=\"_h-Kg5MkDFdr9B05M _BSggcN0nq6SowBUK _dLy84p+d1RUZVFud\">Betriebsart: Netzbetrieb<\/li>\n<li class=\"_h-Kg5MkDFdr9B05M _BSggcN0nq6SowBUK _dLy84p+d1RUZVFud\">Spannung: 220-240 V<\/li>\n<li class=\"_h-Kg5MkDFdr9B05M _BSggcN0nq6SowBUK _dLy84p+d1RUZVFud\">Netzkabell\u00e4nge ca.: 100 cm<\/li>\n<li class=\"_h-Kg5MkDFdr9B05M _BSggcN0nq6SowBUK _dLy84p+d1RUZVFud\">Leistung: 1500 W<\/li>\n<\/ul>\n","protected":false},"featured_media":10514,"comment_status":"open","ping_status":"closed","template":"","meta":{"_et_pb_use_builder":"","_et_pb_old_content":"","_et_gb_content_width":""},"product_brand":[],"product_cat":[324],"product_tag":[390,1134,102,735,876,2064],"class_list":{"0":"post-10513","1":"product","2":"type-product","3":"status-publish","4":"has-post-thumbnail","6":"product_cat-kleingeraete","7":"product_tag-deckel","8":"product_tag-elektrisch","9":"product_tag-kochen","10":"product_tag-party","11":"product_tag-pfanne","12":"product_tag-riesen","14":"first","15":"instock","16":"taxable","17":"shipping-taxable","18":"purchasable","19":"product-type-simple"},"yoast_head":"<!-- This site is optimized with the Yoast SEO plugin v27.5 - https:\/\/yoast.com\/product\/yoast-seo-wordpress\/ -->\n<title>Elektrische Pfanne &amp; Glasdeckel \u00f842cm (NEUWARE) &#187; StarCatering %-Shop<\/title>\n<meta name=\"description\" content=\"Elektrische Pfanne &amp; Glasdeckel \u00f842cm (NEUWARE)\" \/>\n<meta name=\"robots\" content=\"index, follow, max-snippet:-1, max-image-preview:large, max-video-preview:-1\" \/>\n<link rel=\"canonical\" href=\"https:\/\/www.starcatering.at\/shop\/produkt\/elektrische-pfanne-glasdeckel-o42cm-neuware\/\" \/>\n<meta property=\"og:locale\" content=\"de_DE\" \/>\n<meta property=\"og:type\" content=\"article\" \/>\n<meta property=\"og:title\" content=\"Elektrische Pfanne &amp; Glasdeckel \u00f842cm (NEUWARE)\" \/>\n<meta property=\"og:description\" content=\"Elektrische Pfanne &amp; Glasdeckel \u00f842cm (NEUWARE)\" \/>\n<meta property=\"og:url\" content=\"https:\/\/www.starcatering.at\/shop\/produkt\/elektrische-pfanne-glasdeckel-o42cm-neuware\/\" \/>\n<meta property=\"og:site_name\" content=\"StarCatering %-Shop\" \/>\n<meta property=\"article:modified_time\" content=\"2024-12-14T12:58:52+00:00\" \/>\n<meta property=\"og:image\" content=\"https:\/\/www.starcatering.at\/shop\/wp-content\/uploads\/2024\/03\/E-Pfanne.jpg\" \/>\n\t<meta property=\"og:image:width\" content=\"500\" \/>\n\t<meta property=\"og:image:height\" content=\"500\" \/>\n\t<meta property=\"og:image:type\" content=\"image\/jpeg\" \/>\n<meta name=\"twitter:card\" content=\"summary_large_image\" \/>\n<meta name=\"twitter:label1\" content=\"Gesch\u00e4tzte Lesezeit\" \/>\n\t<meta name=\"twitter:data1\" content=\"2\u00a0Minuten\" \/>\n<script type=\"application\/ld+json\" class=\"yoast-schema-graph\">{\"@context\":\"https:\\\/\\\/schema.org\",\"@graph\":[{\"@type\":\"WebPage\",\"@id\":\"https:\\\/\\\/www.starcatering.at\\\/shop\\\/produkt\\\/elektrische-pfanne-glasdeckel-o42cm-neuware\\\/\",\"url\":\"https:\\\/\\\/www.starcatering.at\\\/shop\\\/produkt\\\/elektrische-pfanne-glasdeckel-o42cm-neuware\\\/\",\"name\":\"Elektrische Pfanne & Glasdeckel \u00f842cm (NEUWARE) &#187; StarCatering %-Shop\",\"isPartOf\":{\"@id\":\"https:\\\/\\\/www.starcatering.at\\\/shop\\\/#website\"},\"primaryImageOfPage\":{\"@id\":\"https:\\\/\\\/www.starcatering.at\\\/shop\\\/produkt\\\/elektrische-pfanne-glasdeckel-o42cm-neuware\\\/#primaryimage\"},\"image\":{\"@id\":\"https:\\\/\\\/www.starcatering.at\\\/shop\\\/produkt\\\/elektrische-pfanne-glasdeckel-o42cm-neuware\\\/#primaryimage\"},\"thumbnailUrl\":\"https:\\\/\\\/www.starcatering.at\\\/shop\\\/wp-content\\\/uploads\\\/2024\\\/03\\\/E-Pfanne.jpg\",\"datePublished\":\"2024-03-31T20:23:35+00:00\",\"dateModified\":\"2024-12-14T12:58:52+00:00\",\"description\":\"Elektrische Pfanne & Glasdeckel \u00f842cm (NEUWARE)\",\"breadcrumb\":{\"@id\":\"https:\\\/\\\/www.starcatering.at\\\/shop\\\/produkt\\\/elektrische-pfanne-glasdeckel-o42cm-neuware\\\/#breadcrumb\"},\"inLanguage\":\"de\",\"potentialAction\":[{\"@type\":\"ReadAction\",\"target\":[\"https:\\\/\\\/www.starcatering.at\\\/shop\\\/produkt\\\/elektrische-pfanne-glasdeckel-o42cm-neuware\\\/\"]}]},{\"@type\":\"ImageObject\",\"inLanguage\":\"de\",\"@id\":\"https:\\\/\\\/www.starcatering.at\\\/shop\\\/produkt\\\/elektrische-pfanne-glasdeckel-o42cm-neuware\\\/#primaryimage\",\"url\":\"https:\\\/\\\/www.starcatering.at\\\/shop\\\/wp-content\\\/uploads\\\/2024\\\/03\\\/E-Pfanne.jpg\",\"contentUrl\":\"https:\\\/\\\/www.starcatering.at\\\/shop\\\/wp-content\\\/uploads\\\/2024\\\/03\\\/E-Pfanne.jpg\",\"width\":500,\"height\":500},{\"@type\":\"BreadcrumbList\",\"@id\":\"https:\\\/\\\/www.starcatering.at\\\/shop\\\/produkt\\\/elektrische-pfanne-glasdeckel-o42cm-neuware\\\/#breadcrumb\",\"itemListElement\":[{\"@type\":\"ListItem\",\"position\":1,\"name\":\"Startseite\",\"item\":\"https:\\\/\\\/www.starcatering.at\\\/shop\\\/\"},{\"@type\":\"ListItem\",\"position\":2,\"name\":\"Shop\",\"item\":\"https:\\\/\\\/www.starcatering.at\\\/shop\\\/shop\\\/\"},{\"@type\":\"ListItem\",\"position\":3,\"name\":\"Elektrische Pfanne &#038; Glasdeckel \u00f842cm (NEUWARE)\"}]},{\"@type\":\"WebSite\",\"@id\":\"https:\\\/\\\/www.starcatering.at\\\/shop\\\/#website\",\"url\":\"https:\\\/\\\/www.starcatering.at\\\/shop\\\/\",\"name\":\"Carnuntum Foods\",\"description\":\"Abverkaufsartikel\",\"publisher\":{\"@id\":\"https:\\\/\\\/www.starcatering.at\\\/shop\\\/#organization\"},\"potentialAction\":[{\"@type\":\"SearchAction\",\"target\":{\"@type\":\"EntryPoint\",\"urlTemplate\":\"https:\\\/\\\/www.starcatering.at\\\/shop\\\/?s={search_term_string}\"},\"query-input\":{\"@type\":\"PropertyValueSpecification\",\"valueRequired\":true,\"valueName\":\"search_term_string\"}}],\"inLanguage\":\"de\"},{\"@type\":\"Organization\",\"@id\":\"https:\\\/\\\/www.starcatering.at\\\/shop\\\/#organization\",\"name\":\"Carnuntumfoods\",\"url\":\"https:\\\/\\\/www.starcatering.at\\\/shop\\\/\",\"logo\":{\"@type\":\"ImageObject\",\"inLanguage\":\"de\",\"@id\":\"https:\\\/\\\/www.starcatering.at\\\/shop\\\/#\\\/schema\\\/logo\\\/image\\\/\",\"url\":\"https:\\\/\\\/www.starcatering.at\\\/shop\\\/wp-content\\\/uploads\\\/2021\\\/08\\\/cropped-logo.png\",\"contentUrl\":\"https:\\\/\\\/www.starcatering.at\\\/shop\\\/wp-content\\\/uploads\\\/2021\\\/08\\\/cropped-logo.png\",\"width\":512,\"height\":512,\"caption\":\"Carnuntumfoods\"},\"image\":{\"@id\":\"https:\\\/\\\/www.starcatering.at\\\/shop\\\/#\\\/schema\\\/logo\\\/image\\\/\"}}]}<\/script>\n<!-- \/ Yoast SEO plugin. -->","yoast_head_json":{"title":"Elektrische Pfanne & Glasdeckel \u00f842cm (NEUWARE) &#187; StarCatering %-Shop","description":"Elektrische Pfanne & Glasdeckel \u00f842cm (NEUWARE)","robots":{"index":"index","follow":"follow","max-snippet":"max-snippet:-1","max-image-preview":"max-image-preview:large","max-video-preview":"max-video-preview:-1"},"canonical":"https:\/\/www.starcatering.at\/shop\/produkt\/elektrische-pfanne-glasdeckel-o42cm-neuware\/","og_locale":"de_DE","og_type":"article","og_title":"Elektrische Pfanne & Glasdeckel \u00f842cm (NEUWARE)","og_description":"Elektrische Pfanne & Glasdeckel \u00f842cm (NEUWARE)","og_url":"https:\/\/www.starcatering.at\/shop\/produkt\/elektrische-pfanne-glasdeckel-o42cm-neuware\/","og_site_name":"StarCatering %-Shop","article_modified_time":"2024-12-14T12:58:52+00:00","og_image":[{"width":500,"height":500,"url":"https:\/\/www.starcatering.at\/shop\/wp-content\/uploads\/2024\/03\/E-Pfanne.jpg","type":"image\/jpeg"}],"twitter_card":"summary_large_image","twitter_misc":{"Gesch\u00e4tzte Lesezeit":"2\u00a0Minuten"},"schema":{"@context":"https:\/\/schema.org","@graph":[{"@type":"WebPage","@id":"https:\/\/www.starcatering.at\/shop\/produkt\/elektrische-pfanne-glasdeckel-o42cm-neuware\/","url":"https:\/\/www.starcatering.at\/shop\/produkt\/elektrische-pfanne-glasdeckel-o42cm-neuware\/","name":"Elektrische Pfanne & Glasdeckel \u00f842cm (NEUWARE) &#187; StarCatering %-Shop","isPartOf":{"@id":"https:\/\/www.starcatering.at\/shop\/#website"},"primaryImageOfPage":{"@id":"https:\/\/www.starcatering.at\/shop\/produkt\/elektrische-pfanne-glasdeckel-o42cm-neuware\/#primaryimage"},"image":{"@id":"https:\/\/www.starcatering.at\/shop\/produkt\/elektrische-pfanne-glasdeckel-o42cm-neuware\/#primaryimage"},"thumbnailUrl":"https:\/\/www.starcatering.at\/shop\/wp-content\/uploads\/2024\/03\/E-Pfanne.jpg","datePublished":"2024-03-31T20:23:35+00:00","dateModified":"2024-12-14T12:58:52+00:00","description":"Elektrische Pfanne & Glasdeckel \u00f842cm (NEUWARE)","breadcrumb":{"@id":"https:\/\/www.starcatering.at\/shop\/produkt\/elektrische-pfanne-glasdeckel-o42cm-neuware\/#breadcrumb"},"inLanguage":"de","potentialAction":[{"@type":"ReadAction","target":["https:\/\/www.starcatering.at\/shop\/produkt\/elektrische-pfanne-glasdeckel-o42cm-neuware\/"]}]},{"@type":"ImageObject","inLanguage":"de","@id":"https:\/\/www.starcatering.at\/shop\/produkt\/elektrische-pfanne-glasdeckel-o42cm-neuware\/#primaryimage","url":"https:\/\/www.starcatering.at\/shop\/wp-content\/uploads\/2024\/03\/E-Pfanne.jpg","contentUrl":"https:\/\/www.starcatering.at\/shop\/wp-content\/uploads\/2024\/03\/E-Pfanne.jpg","width":500,"height":500},{"@type":"BreadcrumbList","@id":"https:\/\/www.starcatering.at\/shop\/produkt\/elektrische-pfanne-glasdeckel-o42cm-neuware\/#breadcrumb","itemListElement":[{"@type":"ListItem","position":1,"name":"Startseite","item":"https:\/\/www.starcatering.at\/shop\/"},{"@type":"ListItem","position":2,"name":"Shop","item":"https:\/\/www.starcatering.at\/shop\/shop\/"},{"@type":"ListItem","position":3,"name":"Elektrische Pfanne &#038; Glasdeckel \u00f842cm (NEUWARE)"}]},{"@type":"WebSite","@id":"https:\/\/www.starcatering.at\/shop\/#website","url":"https:\/\/www.starcatering.at\/shop\/","name":"Carnuntum Foods","description":"Abverkaufsartikel","publisher":{"@id":"https:\/\/www.starcatering.at\/shop\/#organization"},"potentialAction":[{"@type":"SearchAction","target":{"@type":"EntryPoint","urlTemplate":"https:\/\/www.starcatering.at\/shop\/?s={search_term_string}"},"query-input":{"@type":"PropertyValueSpecification","valueRequired":true,"valueName":"search_term_string"}}],"inLanguage":"de"},{"@type":"Organization","@id":"https:\/\/www.starcatering.at\/shop\/#organization","name":"Carnuntumfoods","url":"https:\/\/www.starcatering.at\/shop\/","logo":{"@type":"ImageObject","inLanguage":"de","@id":"https:\/\/www.starcatering.at\/shop\/#\/schema\/logo\/image\/","url":"https:\/\/www.starcatering.at\/shop\/wp-content\/uploads\/2021\/08\/cropped-logo.png","contentUrl":"https:\/\/www.starcatering.at\/shop\/wp-content\/uploads\/2021\/08\/cropped-logo.png","width":512,"height":512,"caption":"Carnuntumfoods"},"image":{"@id":"https:\/\/www.starcatering.at\/shop\/#\/schema\/logo\/image\/"}}]}},"_links":{"self":[{"href":"https:\/\/www.starcatering.at\/shop\/wp-json\/wp\/v2\/product\/10513","targetHints":{"allow":["GET"]}}],"collection":[{"href":"https:\/\/www.starcatering.at\/shop\/wp-json\/wp\/v2\/product"}],"about":[{"href":"https:\/\/www.starcatering.at\/shop\/wp-json\/wp\/v2\/types\/product"}],"replies":[{"embeddable":true,"href":"https:\/\/www.starcatering.at\/shop\/wp-json\/wp\/v2\/comments?post=10513"}],"wp:featuredmedia":[{"embeddable":true,"href":"https:\/\/www.starcatering.at\/shop\/wp-json\/wp\/v2\/media\/10514"}],"wp:attachment":[{"href":"https:\/\/www.starcatering.at\/shop\/wp-json\/wp\/v2\/media?parent=10513"}],"wp:term":[{"taxonomy":"product_brand","embeddable":true,"href":"https:\/\/www.starcatering.at\/shop\/wp-json\/wp\/v2\/product_brand?post=10513"},{"taxonomy":"product_cat","embeddable":true,"href":"https:\/\/www.starcatering.at\/shop\/wp-json\/wp\/v2\/product_cat?post=10513"},{"taxonomy":"product_tag","embeddable":true,"href":"https:\/\/www.starcatering.at\/shop\/wp-json\/wp\/v2\/product_tag?post=10513"}],"curies":[{"name":"wp","href":"https:\/\/api.w.org\/{rel}","templated":true}]}}