{"id":10647,"date":"2024-06-25T23:12:49","date_gmt":"2024-06-25T21:12:49","guid":{"rendered":"https:\/\/www.starcatering.at\/shop\/?post_type=product&#038;p=10647"},"modified":"2025-07-23T23:48:06","modified_gmt":"2025-07-23T21:48:06","slug":"ice-crusher-400w-12-lt-neuware","status":"publish","type":"product","link":"https:\/\/www.starcatering.at\/shop\/produkt\/ice-crusher-400w-12-lt-neuware\/","title":{"rendered":"Ice Crusher 400W \/ 12 lt (NEUWARE)"},"content":{"rendered":"<div class=\"product-description__text\" data-v-5d183f70=\"\">Der Eiszerkleinerer ist f\u00fcr den Dauereinsatz in gastronomischen Betrieben konzipiert und \u00fcberzeugt mit starken technischen Werten und robusten Materialien. Dank der Leistung von 400 W arbeitet die Eis Crush Maschine mit bis zu 320 U\/min. Die Edelstahlklinge zerkleinert zuverl\u00e4ssig selbst gro\u00dfe Mengen an Eisw\u00fcrfeln, die in den 12 l fassenden Beh\u00e4lter \u2013 ebenfalls aus Edelstahl \u2013 gegeben werden. Durch den gro\u00dfen Auslauf kann das fertige Crushed Ice schnell und hygienisch entnommen und die Cocktails verfeinert werden.<\/div>\n<div class=\"product-description__text\" data-v-5d183f70=\"\">Besonderen Wert wurde auf eine lange Funktionsweise gelegt. So bestehen alle anf\u00e4lligen Elemente aus hochwertigem Edelstahl. Geh\u00e4use, Ausguss und Deckel sind aus widerstandsf\u00e4higem Kunststoff. Sicherheit in der Anwendung des Eiscrushers garantiert jederzeit die automatische Abschaltung. Sobald der Deckel ge\u00f6ffnet wird, schaltet sich das Mahlwerk zuverl\u00e4ssig ab und verhindert so Verletzungen bei der Eisherstellung. F\u00fcr einen sicheren Stand sowie die Verhinderung von Kratzern auf dem Untergrund sorgen selbst bei hohem Produktionslevel die rutschfesten Gummif\u00fc\u00dfe.<\/div>\n","protected":false},"excerpt":{"rendered":"<ul class=\"product__highlights list-inside leading-relaxed pl-2\">\n<li>kraftvoll \u2013 mit 400 W Leistung bis zu 320 U\/min<\/li>\n<li>effizient \u2013 dank einer Kapazit\u00e4t von 12 l gro\u00dfe Mengen an Crushed Ice herstellen<\/li>\n<li>professionell \u2013 gro\u00dfer Auslauf f\u00fcr schnelles und hygienisches Arbeiten sowie stufenlos einstellbare Eisgr\u00f6\u00dfe<\/li>\n<li>sicher \u2013 automatische Abschaltung beim \u00d6ffnen des Deckels und rutschfeste Gummif\u00fc\u00dfe f\u00fcr einen sicheren Stand<\/li>\n<li>langlebig \u2013 Klinge und Beh\u00e4lter aus Edelstahl sowie Geh\u00e4use aus langlebigem Kunststoff<\/li>\n<\/ul>\n","protected":false},"featured_media":10648,"comment_status":"open","ping_status":"closed","template":"","meta":{"_et_pb_use_builder":"","_et_pb_old_content":"","_et_gb_content_width":""},"product_brand":[],"product_cat":[324],"product_tag":[923,177,2097,1202,1183,2096,2098],"class_list":{"0":"post-10647","1":"product","2":"type-product","3":"status-publish","4":"has-post-thumbnail","6":"product_cat-kleingeraete","7":"product_tag-bar","8":"product_tag-cocktail","9":"product_tag-crusher","10":"product_tag-eis","11":"product_tag-eiswuerfel","12":"product_tag-ice","13":"product_tag-zerkleinern","14":"product_shipping_class-abholung","16":"first","17":"instock","18":"sale","19":"taxable","20":"shipping-taxable","21":"purchasable","22":"product-type-simple"},"yoast_head":"<!-- This site is optimized with the Yoast SEO plugin v27.5 - https:\/\/yoast.com\/product\/yoast-seo-wordpress\/ -->\n<title>Ice Crusher 400W \/ 12 lt (NEUWARE) &#187; StarCatering %-Shop<\/title>\n<meta name=\"description\" content=\"Ice Crusher 400W \/ 12 lt (NEUWARE)\" \/>\n<meta name=\"robots\" content=\"index, follow, max-snippet:-1, max-image-preview:large, max-video-preview:-1\" \/>\n<link rel=\"canonical\" href=\"https:\/\/www.starcatering.at\/shop\/produkt\/ice-crusher-400w-12-lt-neuware\/\" \/>\n<meta property=\"og:locale\" content=\"de_DE\" \/>\n<meta property=\"og:type\" content=\"article\" \/>\n<meta property=\"og:title\" content=\"Ice Crusher 400W \/ 12 lt (NEUWARE)\" \/>\n<meta property=\"og:description\" content=\"Ice Crusher 400W \/ 12 lt (NEUWARE)\" \/>\n<meta property=\"og:url\" content=\"https:\/\/www.starcatering.at\/shop\/produkt\/ice-crusher-400w-12-lt-neuware\/\" \/>\n<meta property=\"og:site_name\" content=\"StarCatering %-Shop\" \/>\n<meta property=\"article:modified_time\" content=\"2025-07-23T21:48:06+00:00\" \/>\n<meta property=\"og:image\" content=\"https:\/\/www.starcatering.at\/shop\/wp-content\/uploads\/2024\/06\/IceCrusher_01.webp\" \/>\n\t<meta property=\"og:image:width\" content=\"500\" \/>\n\t<meta property=\"og:image:height\" content=\"500\" \/>\n\t<meta property=\"og:image:type\" content=\"image\/webp\" \/>\n<meta name=\"twitter:card\" content=\"summary_large_image\" \/>\n<meta name=\"twitter:label1\" content=\"Gesch\u00e4tzte Lesezeit\" \/>\n\t<meta name=\"twitter:data1\" content=\"2\u00a0Minuten\" \/>\n<script type=\"application\/ld+json\" class=\"yoast-schema-graph\">{\"@context\":\"https:\\\/\\\/schema.org\",\"@graph\":[{\"@type\":\"WebPage\",\"@id\":\"https:\\\/\\\/www.starcatering.at\\\/shop\\\/produkt\\\/ice-crusher-400w-12-lt-neuware\\\/\",\"url\":\"https:\\\/\\\/www.starcatering.at\\\/shop\\\/produkt\\\/ice-crusher-400w-12-lt-neuware\\\/\",\"name\":\"Ice Crusher 400W \\\/ 12 lt (NEUWARE) &#187; StarCatering %-Shop\",\"isPartOf\":{\"@id\":\"https:\\\/\\\/www.starcatering.at\\\/shop\\\/#website\"},\"primaryImageOfPage\":{\"@id\":\"https:\\\/\\\/www.starcatering.at\\\/shop\\\/produkt\\\/ice-crusher-400w-12-lt-neuware\\\/#primaryimage\"},\"image\":{\"@id\":\"https:\\\/\\\/www.starcatering.at\\\/shop\\\/produkt\\\/ice-crusher-400w-12-lt-neuware\\\/#primaryimage\"},\"thumbnailUrl\":\"https:\\\/\\\/www.starcatering.at\\\/shop\\\/wp-content\\\/uploads\\\/2024\\\/06\\\/IceCrusher_01.webp\",\"datePublished\":\"2024-06-25T21:12:49+00:00\",\"dateModified\":\"2025-07-23T21:48:06+00:00\",\"description\":\"Ice Crusher 400W \\\/ 12 lt (NEUWARE)\",\"breadcrumb\":{\"@id\":\"https:\\\/\\\/www.starcatering.at\\\/shop\\\/produkt\\\/ice-crusher-400w-12-lt-neuware\\\/#breadcrumb\"},\"inLanguage\":\"de\",\"potentialAction\":[{\"@type\":\"ReadAction\",\"target\":[\"https:\\\/\\\/www.starcatering.at\\\/shop\\\/produkt\\\/ice-crusher-400w-12-lt-neuware\\\/\"]}]},{\"@type\":\"ImageObject\",\"inLanguage\":\"de\",\"@id\":\"https:\\\/\\\/www.starcatering.at\\\/shop\\\/produkt\\\/ice-crusher-400w-12-lt-neuware\\\/#primaryimage\",\"url\":\"https:\\\/\\\/www.starcatering.at\\\/shop\\\/wp-content\\\/uploads\\\/2024\\\/06\\\/IceCrusher_01.webp\",\"contentUrl\":\"https:\\\/\\\/www.starcatering.at\\\/shop\\\/wp-content\\\/uploads\\\/2024\\\/06\\\/IceCrusher_01.webp\",\"width\":500,\"height\":500},{\"@type\":\"BreadcrumbList\",\"@id\":\"https:\\\/\\\/www.starcatering.at\\\/shop\\\/produkt\\\/ice-crusher-400w-12-lt-neuware\\\/#breadcrumb\",\"itemListElement\":[{\"@type\":\"ListItem\",\"position\":1,\"name\":\"Startseite\",\"item\":\"https:\\\/\\\/www.starcatering.at\\\/shop\\\/\"},{\"@type\":\"ListItem\",\"position\":2,\"name\":\"Shop\",\"item\":\"https:\\\/\\\/www.starcatering.at\\\/shop\\\/shop\\\/\"},{\"@type\":\"ListItem\",\"position\":3,\"name\":\"Ice Crusher 400W \\\/ 12 lt (NEUWARE)\"}]},{\"@type\":\"WebSite\",\"@id\":\"https:\\\/\\\/www.starcatering.at\\\/shop\\\/#website\",\"url\":\"https:\\\/\\\/www.starcatering.at\\\/shop\\\/\",\"name\":\"Carnuntum Foods\",\"description\":\"Abverkaufsartikel\",\"publisher\":{\"@id\":\"https:\\\/\\\/www.starcatering.at\\\/shop\\\/#organization\"},\"potentialAction\":[{\"@type\":\"SearchAction\",\"target\":{\"@type\":\"EntryPoint\",\"urlTemplate\":\"https:\\\/\\\/www.starcatering.at\\\/shop\\\/?s={search_term_string}\"},\"query-input\":{\"@type\":\"PropertyValueSpecification\",\"valueRequired\":true,\"valueName\":\"search_term_string\"}}],\"inLanguage\":\"de\"},{\"@type\":\"Organization\",\"@id\":\"https:\\\/\\\/www.starcatering.at\\\/shop\\\/#organization\",\"name\":\"Carnuntumfoods\",\"url\":\"https:\\\/\\\/www.starcatering.at\\\/shop\\\/\",\"logo\":{\"@type\":\"ImageObject\",\"inLanguage\":\"de\",\"@id\":\"https:\\\/\\\/www.starcatering.at\\\/shop\\\/#\\\/schema\\\/logo\\\/image\\\/\",\"url\":\"https:\\\/\\\/www.starcatering.at\\\/shop\\\/wp-content\\\/uploads\\\/2021\\\/08\\\/cropped-logo.png\",\"contentUrl\":\"https:\\\/\\\/www.starcatering.at\\\/shop\\\/wp-content\\\/uploads\\\/2021\\\/08\\\/cropped-logo.png\",\"width\":512,\"height\":512,\"caption\":\"Carnuntumfoods\"},\"image\":{\"@id\":\"https:\\\/\\\/www.starcatering.at\\\/shop\\\/#\\\/schema\\\/logo\\\/image\\\/\"}}]}<\/script>\n<!-- \/ Yoast SEO plugin. -->","yoast_head_json":{"title":"Ice Crusher 400W \/ 12 lt (NEUWARE) &#187; StarCatering %-Shop","description":"Ice Crusher 400W \/ 12 lt (NEUWARE)","robots":{"index":"index","follow":"follow","max-snippet":"max-snippet:-1","max-image-preview":"max-image-preview:large","max-video-preview":"max-video-preview:-1"},"canonical":"https:\/\/www.starcatering.at\/shop\/produkt\/ice-crusher-400w-12-lt-neuware\/","og_locale":"de_DE","og_type":"article","og_title":"Ice Crusher 400W \/ 12 lt (NEUWARE)","og_description":"Ice Crusher 400W \/ 12 lt (NEUWARE)","og_url":"https:\/\/www.starcatering.at\/shop\/produkt\/ice-crusher-400w-12-lt-neuware\/","og_site_name":"StarCatering %-Shop","article_modified_time":"2025-07-23T21:48:06+00:00","og_image":[{"width":500,"height":500,"url":"https:\/\/www.starcatering.at\/shop\/wp-content\/uploads\/2024\/06\/IceCrusher_01.webp","type":"image\/webp"}],"twitter_card":"summary_large_image","twitter_misc":{"Gesch\u00e4tzte Lesezeit":"2\u00a0Minuten"},"schema":{"@context":"https:\/\/schema.org","@graph":[{"@type":"WebPage","@id":"https:\/\/www.starcatering.at\/shop\/produkt\/ice-crusher-400w-12-lt-neuware\/","url":"https:\/\/www.starcatering.at\/shop\/produkt\/ice-crusher-400w-12-lt-neuware\/","name":"Ice Crusher 400W \/ 12 lt (NEUWARE) &#187; StarCatering %-Shop","isPartOf":{"@id":"https:\/\/www.starcatering.at\/shop\/#website"},"primaryImageOfPage":{"@id":"https:\/\/www.starcatering.at\/shop\/produkt\/ice-crusher-400w-12-lt-neuware\/#primaryimage"},"image":{"@id":"https:\/\/www.starcatering.at\/shop\/produkt\/ice-crusher-400w-12-lt-neuware\/#primaryimage"},"thumbnailUrl":"https:\/\/www.starcatering.at\/shop\/wp-content\/uploads\/2024\/06\/IceCrusher_01.webp","datePublished":"2024-06-25T21:12:49+00:00","dateModified":"2025-07-23T21:48:06+00:00","description":"Ice Crusher 400W \/ 12 lt (NEUWARE)","breadcrumb":{"@id":"https:\/\/www.starcatering.at\/shop\/produkt\/ice-crusher-400w-12-lt-neuware\/#breadcrumb"},"inLanguage":"de","potentialAction":[{"@type":"ReadAction","target":["https:\/\/www.starcatering.at\/shop\/produkt\/ice-crusher-400w-12-lt-neuware\/"]}]},{"@type":"ImageObject","inLanguage":"de","@id":"https:\/\/www.starcatering.at\/shop\/produkt\/ice-crusher-400w-12-lt-neuware\/#primaryimage","url":"https:\/\/www.starcatering.at\/shop\/wp-content\/uploads\/2024\/06\/IceCrusher_01.webp","contentUrl":"https:\/\/www.starcatering.at\/shop\/wp-content\/uploads\/2024\/06\/IceCrusher_01.webp","width":500,"height":500},{"@type":"BreadcrumbList","@id":"https:\/\/www.starcatering.at\/shop\/produkt\/ice-crusher-400w-12-lt-neuware\/#breadcrumb","itemListElement":[{"@type":"ListItem","position":1,"name":"Startseite","item":"https:\/\/www.starcatering.at\/shop\/"},{"@type":"ListItem","position":2,"name":"Shop","item":"https:\/\/www.starcatering.at\/shop\/shop\/"},{"@type":"ListItem","position":3,"name":"Ice Crusher 400W \/ 12 lt (NEUWARE)"}]},{"@type":"WebSite","@id":"https:\/\/www.starcatering.at\/shop\/#website","url":"https:\/\/www.starcatering.at\/shop\/","name":"Carnuntum Foods","description":"Abverkaufsartikel","publisher":{"@id":"https:\/\/www.starcatering.at\/shop\/#organization"},"potentialAction":[{"@type":"SearchAction","target":{"@type":"EntryPoint","urlTemplate":"https:\/\/www.starcatering.at\/shop\/?s={search_term_string}"},"query-input":{"@type":"PropertyValueSpecification","valueRequired":true,"valueName":"search_term_string"}}],"inLanguage":"de"},{"@type":"Organization","@id":"https:\/\/www.starcatering.at\/shop\/#organization","name":"Carnuntumfoods","url":"https:\/\/www.starcatering.at\/shop\/","logo":{"@type":"ImageObject","inLanguage":"de","@id":"https:\/\/www.starcatering.at\/shop\/#\/schema\/logo\/image\/","url":"https:\/\/www.starcatering.at\/shop\/wp-content\/uploads\/2021\/08\/cropped-logo.png","contentUrl":"https:\/\/www.starcatering.at\/shop\/wp-content\/uploads\/2021\/08\/cropped-logo.png","width":512,"height":512,"caption":"Carnuntumfoods"},"image":{"@id":"https:\/\/www.starcatering.at\/shop\/#\/schema\/logo\/image\/"}}]}},"_links":{"self":[{"href":"https:\/\/www.starcatering.at\/shop\/wp-json\/wp\/v2\/product\/10647","targetHints":{"allow":["GET"]}}],"collection":[{"href":"https:\/\/www.starcatering.at\/shop\/wp-json\/wp\/v2\/product"}],"about":[{"href":"https:\/\/www.starcatering.at\/shop\/wp-json\/wp\/v2\/types\/product"}],"replies":[{"embeddable":true,"href":"https:\/\/www.starcatering.at\/shop\/wp-json\/wp\/v2\/comments?post=10647"}],"wp:featuredmedia":[{"embeddable":true,"href":"https:\/\/www.starcatering.at\/shop\/wp-json\/wp\/v2\/media\/10648"}],"wp:attachment":[{"href":"https:\/\/www.starcatering.at\/shop\/wp-json\/wp\/v2\/media?parent=10647"}],"wp:term":[{"taxonomy":"product_brand","embeddable":true,"href":"https:\/\/www.starcatering.at\/shop\/wp-json\/wp\/v2\/product_brand?post=10647"},{"taxonomy":"product_cat","embeddable":true,"href":"https:\/\/www.starcatering.at\/shop\/wp-json\/wp\/v2\/product_cat?post=10647"},{"taxonomy":"product_tag","embeddable":true,"href":"https:\/\/www.starcatering.at\/shop\/wp-json\/wp\/v2\/product_tag?post=10647"}],"curies":[{"name":"wp","href":"https:\/\/api.w.org\/{rel}","templated":true}]}}