{"id":10741,"date":"2024-07-07T12:09:39","date_gmt":"2024-07-07T10:09:39","guid":{"rendered":"https:\/\/www.starcatering.at\/shop\/?post_type=product&#038;p=10741"},"modified":"2024-07-07T12:15:06","modified_gmt":"2024-07-07T10:15:06","slug":"chili-carolina-reaper-getrocknet-10g-beutel","status":"publish","type":"product","link":"https:\/\/www.starcatering.at\/shop\/produkt\/chili-carolina-reaper-getrocknet-10g-beutel\/","title":{"rendered":"Chili Carolina Reaper getrocknet 10g Beutel"},"content":{"rendered":"<p><span style=\"color: #ff6600;\"><strong><em>Chilischoten aus eigener Produktion<\/em><\/strong><\/span><\/p>\n<p><span style=\"color: #ff0000;\"><strong>ACHTUNG: GEF\u00c4HRLICHE SCH\u00c4RFE &#8211; bitte vorsichtig verwenden und vorher ausreichend informieren!!<\/strong><\/span><\/p>\n<p>Die Carolina Reaper Chili bekam im November 2013 ihren verdienten Eintrag ins Guinness-Buch der Rekorde und hat die bis dahin sch\u00e4rfste Chili Sorte &#8221;Trinidad Moruga Scorpion&#8221; damit auf den 2ten Platz verdr\u00e4ngt. Der gemessene Spitzenwert der Carolina Reaper lag bei \u00fcber 2.200.000 Scoville, der errechnete Durchschnittswert lag bei 1.569.300 Scoville-Einheiten.<\/p>\n","protected":false},"excerpt":{"rendered":"<ul>\n<li>Halbierte getrocknete Carolina Reaper Chili Schoten.<\/li>\n<li>10g Beutel<\/li>\n<li><span style=\"color: #ff0000;\"><strong>ACHTUNG: GEF\u00c4HRLICHE SCH\u00c4RFE &#8211; bitte vorsichtig verwenden und vorher ausreichend informieren!!<\/strong><\/span><\/li>\n<\/ul>\n","protected":false},"featured_media":10742,"comment_status":"open","ping_status":"closed","template":"","meta":{"_et_pb_use_builder":"","_et_pb_old_content":"","_et_gb_content_width":""},"product_brand":[],"product_cat":[1514],"product_tag":[1802,68,980,71,169,42],"class_list":{"0":"post-10741","1":"product","2":"type-product","3":"status-publish","4":"has-post-thumbnail","6":"product_cat-gewuerze","7":"product_tag-carolina","8":"product_tag-chili","9":"product_tag-feuer","10":"product_tag-gewuerz","11":"product_tag-hot","12":"product_tag-scharf","14":"first","15":"instock","16":"sale","17":"taxable","18":"shipping-taxable","19":"purchasable","20":"product-type-simple"},"yoast_head":"<!-- This site is optimized with the Yoast SEO plugin v27.5 - https:\/\/yoast.com\/product\/yoast-seo-wordpress\/ -->\n<title>Chili Carolina Reaper getrocknet 10g Beutel &#187;<\/title>\n<meta name=\"description\" content=\"Chili Carolina Reaper getrocknet 10g Beutel\" \/>\n<meta name=\"robots\" content=\"index, follow, max-snippet:-1, max-image-preview:large, max-video-preview:-1\" \/>\n<link rel=\"canonical\" href=\"https:\/\/www.starcatering.at\/shop\/produkt\/chili-carolina-reaper-getrocknet-10g-beutel\/\" \/>\n<meta property=\"og:locale\" content=\"de_DE\" \/>\n<meta property=\"og:type\" content=\"article\" \/>\n<meta property=\"og:title\" content=\"Chili Carolina Reaper getrocknet 10g Beutel\" \/>\n<meta property=\"og:description\" content=\"Chili Carolina Reaper getrocknet 10g Beutel\" \/>\n<meta property=\"og:url\" content=\"https:\/\/www.starcatering.at\/shop\/produkt\/chili-carolina-reaper-getrocknet-10g-beutel\/\" \/>\n<meta property=\"og:site_name\" content=\"StarCatering %-Shop\" \/>\n<meta property=\"article:modified_time\" content=\"2024-07-07T10:15:06+00:00\" \/>\n<meta property=\"og:image\" content=\"https:\/\/www.starcatering.at\/shop\/wp-content\/uploads\/2024\/07\/Chili_Carolina.png\" \/>\n\t<meta property=\"og:image:width\" content=\"500\" \/>\n\t<meta property=\"og:image:height\" content=\"500\" \/>\n\t<meta property=\"og:image:type\" content=\"image\/png\" \/>\n<meta name=\"twitter:card\" content=\"summary_large_image\" \/>\n<meta name=\"twitter:label1\" content=\"Gesch\u00e4tzte Lesezeit\" \/>\n\t<meta name=\"twitter:data1\" content=\"1\u00a0Minute\" \/>\n<script type=\"application\/ld+json\" class=\"yoast-schema-graph\">{\"@context\":\"https:\\\/\\\/schema.org\",\"@graph\":[{\"@type\":\"WebPage\",\"@id\":\"https:\\\/\\\/www.starcatering.at\\\/shop\\\/produkt\\\/chili-carolina-reaper-getrocknet-10g-beutel\\\/\",\"url\":\"https:\\\/\\\/www.starcatering.at\\\/shop\\\/produkt\\\/chili-carolina-reaper-getrocknet-10g-beutel\\\/\",\"name\":\"Chili Carolina Reaper getrocknet 10g Beutel &#187;\",\"isPartOf\":{\"@id\":\"https:\\\/\\\/www.starcatering.at\\\/shop\\\/#website\"},\"primaryImageOfPage\":{\"@id\":\"https:\\\/\\\/www.starcatering.at\\\/shop\\\/produkt\\\/chili-carolina-reaper-getrocknet-10g-beutel\\\/#primaryimage\"},\"image\":{\"@id\":\"https:\\\/\\\/www.starcatering.at\\\/shop\\\/produkt\\\/chili-carolina-reaper-getrocknet-10g-beutel\\\/#primaryimage\"},\"thumbnailUrl\":\"https:\\\/\\\/www.starcatering.at\\\/shop\\\/wp-content\\\/uploads\\\/2024\\\/07\\\/Chili_Carolina.png\",\"datePublished\":\"2024-07-07T10:09:39+00:00\",\"dateModified\":\"2024-07-07T10:15:06+00:00\",\"description\":\"Chili Carolina Reaper getrocknet 10g Beutel\",\"breadcrumb\":{\"@id\":\"https:\\\/\\\/www.starcatering.at\\\/shop\\\/produkt\\\/chili-carolina-reaper-getrocknet-10g-beutel\\\/#breadcrumb\"},\"inLanguage\":\"de\",\"potentialAction\":[{\"@type\":\"ReadAction\",\"target\":[\"https:\\\/\\\/www.starcatering.at\\\/shop\\\/produkt\\\/chili-carolina-reaper-getrocknet-10g-beutel\\\/\"]}]},{\"@type\":\"ImageObject\",\"inLanguage\":\"de\",\"@id\":\"https:\\\/\\\/www.starcatering.at\\\/shop\\\/produkt\\\/chili-carolina-reaper-getrocknet-10g-beutel\\\/#primaryimage\",\"url\":\"https:\\\/\\\/www.starcatering.at\\\/shop\\\/wp-content\\\/uploads\\\/2024\\\/07\\\/Chili_Carolina.png\",\"contentUrl\":\"https:\\\/\\\/www.starcatering.at\\\/shop\\\/wp-content\\\/uploads\\\/2024\\\/07\\\/Chili_Carolina.png\",\"width\":500,\"height\":500},{\"@type\":\"BreadcrumbList\",\"@id\":\"https:\\\/\\\/www.starcatering.at\\\/shop\\\/produkt\\\/chili-carolina-reaper-getrocknet-10g-beutel\\\/#breadcrumb\",\"itemListElement\":[{\"@type\":\"ListItem\",\"position\":1,\"name\":\"Startseite\",\"item\":\"https:\\\/\\\/www.starcatering.at\\\/shop\\\/\"},{\"@type\":\"ListItem\",\"position\":2,\"name\":\"Shop\",\"item\":\"https:\\\/\\\/www.starcatering.at\\\/shop\\\/shop\\\/\"},{\"@type\":\"ListItem\",\"position\":3,\"name\":\"Chili Carolina Reaper getrocknet 10g Beutel\"}]},{\"@type\":\"WebSite\",\"@id\":\"https:\\\/\\\/www.starcatering.at\\\/shop\\\/#website\",\"url\":\"https:\\\/\\\/www.starcatering.at\\\/shop\\\/\",\"name\":\"Carnuntum Foods\",\"description\":\"Abverkaufsartikel\",\"publisher\":{\"@id\":\"https:\\\/\\\/www.starcatering.at\\\/shop\\\/#organization\"},\"potentialAction\":[{\"@type\":\"SearchAction\",\"target\":{\"@type\":\"EntryPoint\",\"urlTemplate\":\"https:\\\/\\\/www.starcatering.at\\\/shop\\\/?s={search_term_string}\"},\"query-input\":{\"@type\":\"PropertyValueSpecification\",\"valueRequired\":true,\"valueName\":\"search_term_string\"}}],\"inLanguage\":\"de\"},{\"@type\":\"Organization\",\"@id\":\"https:\\\/\\\/www.starcatering.at\\\/shop\\\/#organization\",\"name\":\"Carnuntumfoods\",\"url\":\"https:\\\/\\\/www.starcatering.at\\\/shop\\\/\",\"logo\":{\"@type\":\"ImageObject\",\"inLanguage\":\"de\",\"@id\":\"https:\\\/\\\/www.starcatering.at\\\/shop\\\/#\\\/schema\\\/logo\\\/image\\\/\",\"url\":\"https:\\\/\\\/www.starcatering.at\\\/shop\\\/wp-content\\\/uploads\\\/2021\\\/08\\\/cropped-logo.png\",\"contentUrl\":\"https:\\\/\\\/www.starcatering.at\\\/shop\\\/wp-content\\\/uploads\\\/2021\\\/08\\\/cropped-logo.png\",\"width\":512,\"height\":512,\"caption\":\"Carnuntumfoods\"},\"image\":{\"@id\":\"https:\\\/\\\/www.starcatering.at\\\/shop\\\/#\\\/schema\\\/logo\\\/image\\\/\"}}]}<\/script>\n<!-- \/ Yoast SEO plugin. -->","yoast_head_json":{"title":"Chili Carolina Reaper getrocknet 10g Beutel &#187;","description":"Chili Carolina Reaper getrocknet 10g Beutel","robots":{"index":"index","follow":"follow","max-snippet":"max-snippet:-1","max-image-preview":"max-image-preview:large","max-video-preview":"max-video-preview:-1"},"canonical":"https:\/\/www.starcatering.at\/shop\/produkt\/chili-carolina-reaper-getrocknet-10g-beutel\/","og_locale":"de_DE","og_type":"article","og_title":"Chili Carolina Reaper getrocknet 10g Beutel","og_description":"Chili Carolina Reaper getrocknet 10g Beutel","og_url":"https:\/\/www.starcatering.at\/shop\/produkt\/chili-carolina-reaper-getrocknet-10g-beutel\/","og_site_name":"StarCatering %-Shop","article_modified_time":"2024-07-07T10:15:06+00:00","og_image":[{"width":500,"height":500,"url":"https:\/\/www.starcatering.at\/shop\/wp-content\/uploads\/2024\/07\/Chili_Carolina.png","type":"image\/png"}],"twitter_card":"summary_large_image","twitter_misc":{"Gesch\u00e4tzte Lesezeit":"1\u00a0Minute"},"schema":{"@context":"https:\/\/schema.org","@graph":[{"@type":"WebPage","@id":"https:\/\/www.starcatering.at\/shop\/produkt\/chili-carolina-reaper-getrocknet-10g-beutel\/","url":"https:\/\/www.starcatering.at\/shop\/produkt\/chili-carolina-reaper-getrocknet-10g-beutel\/","name":"Chili Carolina Reaper getrocknet 10g Beutel &#187;","isPartOf":{"@id":"https:\/\/www.starcatering.at\/shop\/#website"},"primaryImageOfPage":{"@id":"https:\/\/www.starcatering.at\/shop\/produkt\/chili-carolina-reaper-getrocknet-10g-beutel\/#primaryimage"},"image":{"@id":"https:\/\/www.starcatering.at\/shop\/produkt\/chili-carolina-reaper-getrocknet-10g-beutel\/#primaryimage"},"thumbnailUrl":"https:\/\/www.starcatering.at\/shop\/wp-content\/uploads\/2024\/07\/Chili_Carolina.png","datePublished":"2024-07-07T10:09:39+00:00","dateModified":"2024-07-07T10:15:06+00:00","description":"Chili Carolina Reaper getrocknet 10g Beutel","breadcrumb":{"@id":"https:\/\/www.starcatering.at\/shop\/produkt\/chili-carolina-reaper-getrocknet-10g-beutel\/#breadcrumb"},"inLanguage":"de","potentialAction":[{"@type":"ReadAction","target":["https:\/\/www.starcatering.at\/shop\/produkt\/chili-carolina-reaper-getrocknet-10g-beutel\/"]}]},{"@type":"ImageObject","inLanguage":"de","@id":"https:\/\/www.starcatering.at\/shop\/produkt\/chili-carolina-reaper-getrocknet-10g-beutel\/#primaryimage","url":"https:\/\/www.starcatering.at\/shop\/wp-content\/uploads\/2024\/07\/Chili_Carolina.png","contentUrl":"https:\/\/www.starcatering.at\/shop\/wp-content\/uploads\/2024\/07\/Chili_Carolina.png","width":500,"height":500},{"@type":"BreadcrumbList","@id":"https:\/\/www.starcatering.at\/shop\/produkt\/chili-carolina-reaper-getrocknet-10g-beutel\/#breadcrumb","itemListElement":[{"@type":"ListItem","position":1,"name":"Startseite","item":"https:\/\/www.starcatering.at\/shop\/"},{"@type":"ListItem","position":2,"name":"Shop","item":"https:\/\/www.starcatering.at\/shop\/shop\/"},{"@type":"ListItem","position":3,"name":"Chili Carolina Reaper getrocknet 10g Beutel"}]},{"@type":"WebSite","@id":"https:\/\/www.starcatering.at\/shop\/#website","url":"https:\/\/www.starcatering.at\/shop\/","name":"Carnuntum Foods","description":"Abverkaufsartikel","publisher":{"@id":"https:\/\/www.starcatering.at\/shop\/#organization"},"potentialAction":[{"@type":"SearchAction","target":{"@type":"EntryPoint","urlTemplate":"https:\/\/www.starcatering.at\/shop\/?s={search_term_string}"},"query-input":{"@type":"PropertyValueSpecification","valueRequired":true,"valueName":"search_term_string"}}],"inLanguage":"de"},{"@type":"Organization","@id":"https:\/\/www.starcatering.at\/shop\/#organization","name":"Carnuntumfoods","url":"https:\/\/www.starcatering.at\/shop\/","logo":{"@type":"ImageObject","inLanguage":"de","@id":"https:\/\/www.starcatering.at\/shop\/#\/schema\/logo\/image\/","url":"https:\/\/www.starcatering.at\/shop\/wp-content\/uploads\/2021\/08\/cropped-logo.png","contentUrl":"https:\/\/www.starcatering.at\/shop\/wp-content\/uploads\/2021\/08\/cropped-logo.png","width":512,"height":512,"caption":"Carnuntumfoods"},"image":{"@id":"https:\/\/www.starcatering.at\/shop\/#\/schema\/logo\/image\/"}}]}},"_links":{"self":[{"href":"https:\/\/www.starcatering.at\/shop\/wp-json\/wp\/v2\/product\/10741","targetHints":{"allow":["GET"]}}],"collection":[{"href":"https:\/\/www.starcatering.at\/shop\/wp-json\/wp\/v2\/product"}],"about":[{"href":"https:\/\/www.starcatering.at\/shop\/wp-json\/wp\/v2\/types\/product"}],"replies":[{"embeddable":true,"href":"https:\/\/www.starcatering.at\/shop\/wp-json\/wp\/v2\/comments?post=10741"}],"wp:featuredmedia":[{"embeddable":true,"href":"https:\/\/www.starcatering.at\/shop\/wp-json\/wp\/v2\/media\/10742"}],"wp:attachment":[{"href":"https:\/\/www.starcatering.at\/shop\/wp-json\/wp\/v2\/media?parent=10741"}],"wp:term":[{"taxonomy":"product_brand","embeddable":true,"href":"https:\/\/www.starcatering.at\/shop\/wp-json\/wp\/v2\/product_brand?post=10741"},{"taxonomy":"product_cat","embeddable":true,"href":"https:\/\/www.starcatering.at\/shop\/wp-json\/wp\/v2\/product_cat?post=10741"},{"taxonomy":"product_tag","embeddable":true,"href":"https:\/\/www.starcatering.at\/shop\/wp-json\/wp\/v2\/product_tag?post=10741"}],"curies":[{"name":"wp","href":"https:\/\/api.w.org\/{rel}","templated":true}]}}