{"id":10747,"date":"2024-07-07T20:51:36","date_gmt":"2024-07-07T18:51:36","guid":{"rendered":"https:\/\/www.starcatering.at\/shop\/?post_type=product&#038;p=10747"},"modified":"2026-04-28T12:54:48","modified_gmt":"2026-04-28T10:54:48","slug":"senfpulver-colmans-50g-beutel","status":"publish","type":"product","link":"https:\/\/www.starcatering.at\/shop\/produkt\/senfpulver-colmans-50g-beutel\/","title":{"rendered":"Senfpulver &#8220;Colmans&#8221; 50g Beutel"},"content":{"rendered":"<ul class=\"bullets ng-star-inserted\">\n<li class=\"ng-star-inserted\">Colman&#8217;s Original Senfmehl verleiht jedem Gericht eine herrliche Note. Hergestellt aus Zutaten reiner britische Herkunft<\/li>\n<li class=\"ng-star-inserted\">f\u00fcr den unverwechselbaren britischen Geschmack.<\/li>\n<li class=\"ng-star-inserted\">Unser Senfpulver wird hergestellt aus Senfsamen von Norwich. Die Senf &#8211; Samen werden doppelt gemahlen um einen noch intensiveren Geschmack zu erzielen.<\/li>\n<li class=\"ng-star-inserted\">Das Senfpulver ist einfach zu verarbeiten<\/li>\n<li class=\"ng-star-inserted\">entweder wird es in Wasser aufgel\u00f6st oder direkt dem Men\u00fc beigef\u00fcgt. Auch perfekt zum W\u00fcrzen von Salaten<\/li>\n<li class=\"ng-star-inserted\">Dressing oder Mayonnaise.<\/li>\n<li class=\"ng-star-inserted\">Lactosefrei und Vegan<\/li>\n<li class=\"ng-star-inserted\">ohne Zus\u00e4tze von k\u00fcnstlichen Farb- und Gew\u00fcrze.<\/li>\n<\/ul>\n","protected":false},"excerpt":{"rendered":"<ul>\n<li>Senfpulver<\/li>\n<li>Marke: Colman\u00b4s<\/li>\n<li>50g Beutel<\/li>\n<\/ul>\n","protected":false},"featured_media":10748,"comment_status":"open","ping_status":"closed","template":"","meta":{"_et_pb_use_builder":"","_et_pb_old_content":"","_et_gb_content_width":""},"product_brand":[],"product_cat":[1514],"product_tag":[2137,71,1690,1242],"class_list":{"0":"post-10747","1":"product","2":"type-product","3":"status-publish","4":"has-post-thumbnail","6":"product_cat-gewuerze","7":"product_tag-colman","8":"product_tag-gewuerz","9":"product_tag-pulver","10":"product_tag-senf","12":"first","13":"instock","14":"sale","15":"taxable","16":"shipping-taxable","17":"purchasable","18":"product-type-simple"},"yoast_head":"<!-- This site is optimized with the Yoast SEO plugin v27.5 - https:\/\/yoast.com\/product\/yoast-seo-wordpress\/ -->\n<title>Senfpulver &quot;Colmans&quot; 50g Beutel &#187;<\/title>\n<meta name=\"description\" content=\"Senfpulver &quot;Colmans&quot; 50g Beutel\" \/>\n<meta name=\"robots\" content=\"index, follow, max-snippet:-1, max-image-preview:large, max-video-preview:-1\" \/>\n<link rel=\"canonical\" href=\"https:\/\/www.starcatering.at\/shop\/produkt\/senfpulver-colmans-50g-beutel\/\" \/>\n<meta property=\"og:locale\" content=\"de_DE\" \/>\n<meta property=\"og:type\" content=\"article\" \/>\n<meta property=\"og:title\" content=\"Senfpulver &quot;Colmans&quot; 50g Beutel\" \/>\n<meta property=\"og:description\" content=\"Senfpulver &quot;Colmans&quot; 50g Beutel\" \/>\n<meta property=\"og:url\" content=\"https:\/\/www.starcatering.at\/shop\/produkt\/senfpulver-colmans-50g-beutel\/\" \/>\n<meta property=\"og:site_name\" content=\"StarCatering %-Shop\" \/>\n<meta property=\"article:modified_time\" content=\"2026-04-28T10:54:48+00:00\" \/>\n<meta property=\"og:image\" content=\"https:\/\/www.starcatering.at\/shop\/wp-content\/uploads\/2024\/07\/Senfpulver.jpg\" \/>\n\t<meta property=\"og:image:width\" content=\"500\" \/>\n\t<meta property=\"og:image:height\" content=\"500\" \/>\n\t<meta property=\"og:image:type\" content=\"image\/jpeg\" \/>\n<meta name=\"twitter:card\" content=\"summary_large_image\" \/>\n<meta name=\"twitter:label1\" content=\"Gesch\u00e4tzte Lesezeit\" \/>\n\t<meta name=\"twitter:data1\" content=\"1\u00a0Minute\" \/>\n<script type=\"application\/ld+json\" class=\"yoast-schema-graph\">{\"@context\":\"https:\\\/\\\/schema.org\",\"@graph\":[{\"@type\":\"WebPage\",\"@id\":\"https:\\\/\\\/www.starcatering.at\\\/shop\\\/produkt\\\/senfpulver-colmans-50g-beutel\\\/\",\"url\":\"https:\\\/\\\/www.starcatering.at\\\/shop\\\/produkt\\\/senfpulver-colmans-50g-beutel\\\/\",\"name\":\"Senfpulver \\\"Colmans\\\" 50g Beutel &#187;\",\"isPartOf\":{\"@id\":\"https:\\\/\\\/www.starcatering.at\\\/shop\\\/#website\"},\"primaryImageOfPage\":{\"@id\":\"https:\\\/\\\/www.starcatering.at\\\/shop\\\/produkt\\\/senfpulver-colmans-50g-beutel\\\/#primaryimage\"},\"image\":{\"@id\":\"https:\\\/\\\/www.starcatering.at\\\/shop\\\/produkt\\\/senfpulver-colmans-50g-beutel\\\/#primaryimage\"},\"thumbnailUrl\":\"https:\\\/\\\/www.starcatering.at\\\/shop\\\/wp-content\\\/uploads\\\/2024\\\/07\\\/Senfpulver.jpg\",\"datePublished\":\"2024-07-07T18:51:36+00:00\",\"dateModified\":\"2026-04-28T10:54:48+00:00\",\"description\":\"Senfpulver \\\"Colmans\\\" 50g Beutel\",\"breadcrumb\":{\"@id\":\"https:\\\/\\\/www.starcatering.at\\\/shop\\\/produkt\\\/senfpulver-colmans-50g-beutel\\\/#breadcrumb\"},\"inLanguage\":\"de\",\"potentialAction\":[{\"@type\":\"ReadAction\",\"target\":[\"https:\\\/\\\/www.starcatering.at\\\/shop\\\/produkt\\\/senfpulver-colmans-50g-beutel\\\/\"]}]},{\"@type\":\"ImageObject\",\"inLanguage\":\"de\",\"@id\":\"https:\\\/\\\/www.starcatering.at\\\/shop\\\/produkt\\\/senfpulver-colmans-50g-beutel\\\/#primaryimage\",\"url\":\"https:\\\/\\\/www.starcatering.at\\\/shop\\\/wp-content\\\/uploads\\\/2024\\\/07\\\/Senfpulver.jpg\",\"contentUrl\":\"https:\\\/\\\/www.starcatering.at\\\/shop\\\/wp-content\\\/uploads\\\/2024\\\/07\\\/Senfpulver.jpg\",\"width\":500,\"height\":500},{\"@type\":\"BreadcrumbList\",\"@id\":\"https:\\\/\\\/www.starcatering.at\\\/shop\\\/produkt\\\/senfpulver-colmans-50g-beutel\\\/#breadcrumb\",\"itemListElement\":[{\"@type\":\"ListItem\",\"position\":1,\"name\":\"Startseite\",\"item\":\"https:\\\/\\\/www.starcatering.at\\\/shop\\\/\"},{\"@type\":\"ListItem\",\"position\":2,\"name\":\"Shop\",\"item\":\"https:\\\/\\\/www.starcatering.at\\\/shop\\\/shop\\\/\"},{\"@type\":\"ListItem\",\"position\":3,\"name\":\"Senfpulver &#8220;Colmans&#8221; 50g Beutel\"}]},{\"@type\":\"WebSite\",\"@id\":\"https:\\\/\\\/www.starcatering.at\\\/shop\\\/#website\",\"url\":\"https:\\\/\\\/www.starcatering.at\\\/shop\\\/\",\"name\":\"Carnuntum Foods\",\"description\":\"Abverkaufsartikel\",\"publisher\":{\"@id\":\"https:\\\/\\\/www.starcatering.at\\\/shop\\\/#organization\"},\"potentialAction\":[{\"@type\":\"SearchAction\",\"target\":{\"@type\":\"EntryPoint\",\"urlTemplate\":\"https:\\\/\\\/www.starcatering.at\\\/shop\\\/?s={search_term_string}\"},\"query-input\":{\"@type\":\"PropertyValueSpecification\",\"valueRequired\":true,\"valueName\":\"search_term_string\"}}],\"inLanguage\":\"de\"},{\"@type\":\"Organization\",\"@id\":\"https:\\\/\\\/www.starcatering.at\\\/shop\\\/#organization\",\"name\":\"Carnuntumfoods\",\"url\":\"https:\\\/\\\/www.starcatering.at\\\/shop\\\/\",\"logo\":{\"@type\":\"ImageObject\",\"inLanguage\":\"de\",\"@id\":\"https:\\\/\\\/www.starcatering.at\\\/shop\\\/#\\\/schema\\\/logo\\\/image\\\/\",\"url\":\"https:\\\/\\\/www.starcatering.at\\\/shop\\\/wp-content\\\/uploads\\\/2021\\\/08\\\/cropped-logo.png\",\"contentUrl\":\"https:\\\/\\\/www.starcatering.at\\\/shop\\\/wp-content\\\/uploads\\\/2021\\\/08\\\/cropped-logo.png\",\"width\":512,\"height\":512,\"caption\":\"Carnuntumfoods\"},\"image\":{\"@id\":\"https:\\\/\\\/www.starcatering.at\\\/shop\\\/#\\\/schema\\\/logo\\\/image\\\/\"}}]}<\/script>\n<!-- \/ Yoast SEO plugin. -->","yoast_head_json":{"title":"Senfpulver \"Colmans\" 50g Beutel &#187;","description":"Senfpulver \"Colmans\" 50g Beutel","robots":{"index":"index","follow":"follow","max-snippet":"max-snippet:-1","max-image-preview":"max-image-preview:large","max-video-preview":"max-video-preview:-1"},"canonical":"https:\/\/www.starcatering.at\/shop\/produkt\/senfpulver-colmans-50g-beutel\/","og_locale":"de_DE","og_type":"article","og_title":"Senfpulver \"Colmans\" 50g Beutel","og_description":"Senfpulver \"Colmans\" 50g Beutel","og_url":"https:\/\/www.starcatering.at\/shop\/produkt\/senfpulver-colmans-50g-beutel\/","og_site_name":"StarCatering %-Shop","article_modified_time":"2026-04-28T10:54:48+00:00","og_image":[{"width":500,"height":500,"url":"https:\/\/www.starcatering.at\/shop\/wp-content\/uploads\/2024\/07\/Senfpulver.jpg","type":"image\/jpeg"}],"twitter_card":"summary_large_image","twitter_misc":{"Gesch\u00e4tzte Lesezeit":"1\u00a0Minute"},"schema":{"@context":"https:\/\/schema.org","@graph":[{"@type":"WebPage","@id":"https:\/\/www.starcatering.at\/shop\/produkt\/senfpulver-colmans-50g-beutel\/","url":"https:\/\/www.starcatering.at\/shop\/produkt\/senfpulver-colmans-50g-beutel\/","name":"Senfpulver \"Colmans\" 50g Beutel &#187;","isPartOf":{"@id":"https:\/\/www.starcatering.at\/shop\/#website"},"primaryImageOfPage":{"@id":"https:\/\/www.starcatering.at\/shop\/produkt\/senfpulver-colmans-50g-beutel\/#primaryimage"},"image":{"@id":"https:\/\/www.starcatering.at\/shop\/produkt\/senfpulver-colmans-50g-beutel\/#primaryimage"},"thumbnailUrl":"https:\/\/www.starcatering.at\/shop\/wp-content\/uploads\/2024\/07\/Senfpulver.jpg","datePublished":"2024-07-07T18:51:36+00:00","dateModified":"2026-04-28T10:54:48+00:00","description":"Senfpulver \"Colmans\" 50g Beutel","breadcrumb":{"@id":"https:\/\/www.starcatering.at\/shop\/produkt\/senfpulver-colmans-50g-beutel\/#breadcrumb"},"inLanguage":"de","potentialAction":[{"@type":"ReadAction","target":["https:\/\/www.starcatering.at\/shop\/produkt\/senfpulver-colmans-50g-beutel\/"]}]},{"@type":"ImageObject","inLanguage":"de","@id":"https:\/\/www.starcatering.at\/shop\/produkt\/senfpulver-colmans-50g-beutel\/#primaryimage","url":"https:\/\/www.starcatering.at\/shop\/wp-content\/uploads\/2024\/07\/Senfpulver.jpg","contentUrl":"https:\/\/www.starcatering.at\/shop\/wp-content\/uploads\/2024\/07\/Senfpulver.jpg","width":500,"height":500},{"@type":"BreadcrumbList","@id":"https:\/\/www.starcatering.at\/shop\/produkt\/senfpulver-colmans-50g-beutel\/#breadcrumb","itemListElement":[{"@type":"ListItem","position":1,"name":"Startseite","item":"https:\/\/www.starcatering.at\/shop\/"},{"@type":"ListItem","position":2,"name":"Shop","item":"https:\/\/www.starcatering.at\/shop\/shop\/"},{"@type":"ListItem","position":3,"name":"Senfpulver &#8220;Colmans&#8221; 50g Beutel"}]},{"@type":"WebSite","@id":"https:\/\/www.starcatering.at\/shop\/#website","url":"https:\/\/www.starcatering.at\/shop\/","name":"Carnuntum Foods","description":"Abverkaufsartikel","publisher":{"@id":"https:\/\/www.starcatering.at\/shop\/#organization"},"potentialAction":[{"@type":"SearchAction","target":{"@type":"EntryPoint","urlTemplate":"https:\/\/www.starcatering.at\/shop\/?s={search_term_string}"},"query-input":{"@type":"PropertyValueSpecification","valueRequired":true,"valueName":"search_term_string"}}],"inLanguage":"de"},{"@type":"Organization","@id":"https:\/\/www.starcatering.at\/shop\/#organization","name":"Carnuntumfoods","url":"https:\/\/www.starcatering.at\/shop\/","logo":{"@type":"ImageObject","inLanguage":"de","@id":"https:\/\/www.starcatering.at\/shop\/#\/schema\/logo\/image\/","url":"https:\/\/www.starcatering.at\/shop\/wp-content\/uploads\/2021\/08\/cropped-logo.png","contentUrl":"https:\/\/www.starcatering.at\/shop\/wp-content\/uploads\/2021\/08\/cropped-logo.png","width":512,"height":512,"caption":"Carnuntumfoods"},"image":{"@id":"https:\/\/www.starcatering.at\/shop\/#\/schema\/logo\/image\/"}}]}},"_links":{"self":[{"href":"https:\/\/www.starcatering.at\/shop\/wp-json\/wp\/v2\/product\/10747","targetHints":{"allow":["GET"]}}],"collection":[{"href":"https:\/\/www.starcatering.at\/shop\/wp-json\/wp\/v2\/product"}],"about":[{"href":"https:\/\/www.starcatering.at\/shop\/wp-json\/wp\/v2\/types\/product"}],"replies":[{"embeddable":true,"href":"https:\/\/www.starcatering.at\/shop\/wp-json\/wp\/v2\/comments?post=10747"}],"wp:featuredmedia":[{"embeddable":true,"href":"https:\/\/www.starcatering.at\/shop\/wp-json\/wp\/v2\/media\/10748"}],"wp:attachment":[{"href":"https:\/\/www.starcatering.at\/shop\/wp-json\/wp\/v2\/media?parent=10747"}],"wp:term":[{"taxonomy":"product_brand","embeddable":true,"href":"https:\/\/www.starcatering.at\/shop\/wp-json\/wp\/v2\/product_brand?post=10747"},{"taxonomy":"product_cat","embeddable":true,"href":"https:\/\/www.starcatering.at\/shop\/wp-json\/wp\/v2\/product_cat?post=10747"},{"taxonomy":"product_tag","embeddable":true,"href":"https:\/\/www.starcatering.at\/shop\/wp-json\/wp\/v2\/product_tag?post=10747"}],"curies":[{"name":"wp","href":"https:\/\/api.w.org\/{rel}","templated":true}]}}