{"id":10818,"date":"2024-07-16T14:43:04","date_gmt":"2024-07-16T12:43:04","guid":{"rendered":"https:\/\/www.starcatering.at\/shop\/?post_type=product&#038;p=10818"},"modified":"2026-03-05T17:43:53","modified_gmt":"2026-03-05T16:43:53","slug":"portionierer-blau-stoeckel-1-30l-%e2%88%8549mm-neuware","status":"publish","type":"product","link":"https:\/\/www.starcatering.at\/shop\/produkt\/portionierer-blau-stoeckel-1-30l-%e2%88%8549mm-neuware\/","title":{"rendered":"Portionierer blau St\u00f6ckel 1\/30l \u220549mm (NEUWARE)"},"content":{"rendered":"<ul class=\"a-unordered-list a-vertical a-spacing-mini\">\n<li class=\"a-spacing-mini\"><span class=\"a-list-item\">St\u00f6ckel Eisportionierer Modell K sind mit einer Schale aus 18\/10 Edelstahl und einem Kunststoffgriff ausgestattet. Dank des Edelstahls ist das Produkt korrosionsbest\u00e4ndig und unempfindlich gegen Temperaturschocks. Der hochwertige Kunststoffgriff und die professionelle Verarbeitung des Eisportionierers garantieren eine lange Lebensdauer. Dies ist das ideale Werkzeug f\u00fcr den Einsatz im professionellen Bereich, aber auch f\u00fcr den Haushalt. Der erste St\u00f6ckel-Eisportionierer wurde von Mechanikermeister Carl St\u00f6ckel in den 1920er Jahren gebaut. Ein Produkt, das f\u00fcr Zuverl\u00e4ssigkeit und Funktionalit\u00e4t steht. Seit jeher wurde viel Wert auf beste Qualit\u00e4t und Langlebigkeit der Produkte gelegt.<\/span><\/li>\n<li class=\"a-spacing-mini\"><span class=\"a-list-item\">St\u00f6ckel Eisportionierer Modell K sind mit einer Schale aus 18\/10 Edelstahl und einem Kunststoffgriff ausgestattet<\/span><\/li>\n<li class=\"a-spacing-mini\"><span class=\"a-list-item\">Dank des rostfreien Stahls ist das Produkt korrosionsbest\u00e4ndig und unempfindlich gegen Temperaturschocks<\/span><\/li>\n<li class=\"a-spacing-mini\"><span class=\"a-list-item\">Der hochwertige Kunststoffgriff und die professionelle Verarbeitung des Eisportionierers garantieren eine lange Lebensdauer<\/span><\/li>\n<li class=\"a-spacing-mini\"><span class=\"a-list-item\">Dieser Eisportionierer ist das ideale Produkt f\u00fcr den Einsatz im professionellen Umfeld und im Haushalt<\/span><\/li>\n<\/ul>\n<p>Hersteller Link zum Produkt: <a href=\"https:\/\/shop.stoeckel-soehne.de\/Portionierer-Modell-K\/5103030\">Eisportionierer St\u00f6ckel Modell K 1\/30l<\/a><\/p>\n","protected":false},"excerpt":{"rendered":"<ul>\n<li>Eisportionierer<\/li>\n<li>Portionierer Edelstahl &#8211; Griff Kunststoff<\/li>\n<li>Menge: 1\/30 lt.<\/li>\n<li>Durchmesser: 49 mm<\/li>\n<li>St\u00f6ckel Model &#8220;K&#8221;<\/li>\n<li>Made in Germany<\/li>\n<\/ul>\n","protected":false},"featured_media":10819,"comment_status":"open","ping_status":"closed","template":"","meta":{"_et_pb_use_builder":"","_et_pb_old_content":"","_et_gb_content_width":""},"product_brand":[],"product_cat":[458,1373],"product_tag":[2160,1202,2159,1648,2158,2161],"class_list":{"0":"post-10818","1":"product","2":"type-product","3":"status-publish","4":"has-post-thumbnail","6":"product_cat-messer-werkzeuge","7":"product_cat-patisserie","8":"product_tag-1-30l","9":"product_tag-eis","10":"product_tag-germany","11":"product_tag-lebensmittel","12":"product_tag-porionierer","13":"product_tag-stoeckel","15":"first","16":"outofstock","17":"sale","18":"taxable","19":"shipping-taxable","20":"purchasable","21":"product-type-simple"},"yoast_head":"<!-- This site is optimized with the Yoast SEO plugin v27.4 - https:\/\/yoast.com\/product\/yoast-seo-wordpress\/ -->\n<title>Portionierer blau St\u00f6ckel 1\/30l \u220549mm (NEUWARE) &#187; StarCatering %-Shop<\/title>\n<meta name=\"description\" content=\"Portionierer blau St\u00f6ckel 1\/30l \u220549mm (NEUWARE)\" \/>\n<meta name=\"robots\" content=\"index, follow, max-snippet:-1, max-image-preview:large, max-video-preview:-1\" \/>\n<link rel=\"canonical\" href=\"https:\/\/www.starcatering.at\/shop\/produkt\/portionierer-blau-stoeckel-1-30l-\u220549mm-neuware\/\" \/>\n<meta property=\"og:locale\" content=\"de_DE\" \/>\n<meta property=\"og:type\" content=\"article\" \/>\n<meta property=\"og:title\" content=\"Portionierer blau St\u00f6ckel 1\/30l \u220549mm (NEUWARE)\" \/>\n<meta property=\"og:description\" content=\"Portionierer blau St\u00f6ckel 1\/30l \u220549mm (NEUWARE)\" \/>\n<meta property=\"og:url\" content=\"https:\/\/www.starcatering.at\/shop\/produkt\/portionierer-blau-stoeckel-1-30l-\u220549mm-neuware\/\" \/>\n<meta property=\"og:site_name\" content=\"StarCatering %-Shop\" \/>\n<meta property=\"article:modified_time\" content=\"2026-03-05T16:43:53+00:00\" \/>\n<meta property=\"og:image\" content=\"https:\/\/www.starcatering.at\/shop\/wp-content\/uploads\/2024\/07\/Portionierer_30_blau.jpg\" \/>\n\t<meta property=\"og:image:width\" content=\"500\" \/>\n\t<meta property=\"og:image:height\" content=\"500\" \/>\n\t<meta property=\"og:image:type\" content=\"image\/jpeg\" \/>\n<meta name=\"twitter:card\" content=\"summary_large_image\" \/>\n<meta name=\"twitter:label1\" content=\"Gesch\u00e4tzte Lesezeit\" \/>\n\t<meta name=\"twitter:data1\" content=\"2\u00a0Minuten\" \/>\n<script type=\"application\/ld+json\" class=\"yoast-schema-graph\">{\"@context\":\"https:\\\/\\\/schema.org\",\"@graph\":[{\"@type\":\"WebPage\",\"@id\":\"https:\\\/\\\/www.starcatering.at\\\/shop\\\/produkt\\\/portionierer-blau-stoeckel-1-30l-%e2%88%8549mm-neuware\\\/\",\"url\":\"https:\\\/\\\/www.starcatering.at\\\/shop\\\/produkt\\\/portionierer-blau-stoeckel-1-30l-%e2%88%8549mm-neuware\\\/\",\"name\":\"Portionierer blau St\u00f6ckel 1\\\/30l \u220549mm (NEUWARE) &#187; StarCatering %-Shop\",\"isPartOf\":{\"@id\":\"https:\\\/\\\/www.starcatering.at\\\/shop\\\/#website\"},\"primaryImageOfPage\":{\"@id\":\"https:\\\/\\\/www.starcatering.at\\\/shop\\\/produkt\\\/portionierer-blau-stoeckel-1-30l-%e2%88%8549mm-neuware\\\/#primaryimage\"},\"image\":{\"@id\":\"https:\\\/\\\/www.starcatering.at\\\/shop\\\/produkt\\\/portionierer-blau-stoeckel-1-30l-%e2%88%8549mm-neuware\\\/#primaryimage\"},\"thumbnailUrl\":\"https:\\\/\\\/www.starcatering.at\\\/shop\\\/wp-content\\\/uploads\\\/2024\\\/07\\\/Portionierer_30_blau.jpg\",\"datePublished\":\"2024-07-16T12:43:04+00:00\",\"dateModified\":\"2026-03-05T16:43:53+00:00\",\"description\":\"Portionierer blau St\u00f6ckel 1\\\/30l \u220549mm (NEUWARE)\",\"breadcrumb\":{\"@id\":\"https:\\\/\\\/www.starcatering.at\\\/shop\\\/produkt\\\/portionierer-blau-stoeckel-1-30l-%e2%88%8549mm-neuware\\\/#breadcrumb\"},\"inLanguage\":\"de\",\"potentialAction\":[{\"@type\":\"ReadAction\",\"target\":[\"https:\\\/\\\/www.starcatering.at\\\/shop\\\/produkt\\\/portionierer-blau-stoeckel-1-30l-%e2%88%8549mm-neuware\\\/\"]}]},{\"@type\":\"ImageObject\",\"inLanguage\":\"de\",\"@id\":\"https:\\\/\\\/www.starcatering.at\\\/shop\\\/produkt\\\/portionierer-blau-stoeckel-1-30l-%e2%88%8549mm-neuware\\\/#primaryimage\",\"url\":\"https:\\\/\\\/www.starcatering.at\\\/shop\\\/wp-content\\\/uploads\\\/2024\\\/07\\\/Portionierer_30_blau.jpg\",\"contentUrl\":\"https:\\\/\\\/www.starcatering.at\\\/shop\\\/wp-content\\\/uploads\\\/2024\\\/07\\\/Portionierer_30_blau.jpg\",\"width\":500,\"height\":500},{\"@type\":\"BreadcrumbList\",\"@id\":\"https:\\\/\\\/www.starcatering.at\\\/shop\\\/produkt\\\/portionierer-blau-stoeckel-1-30l-%e2%88%8549mm-neuware\\\/#breadcrumb\",\"itemListElement\":[{\"@type\":\"ListItem\",\"position\":1,\"name\":\"Startseite\",\"item\":\"https:\\\/\\\/www.starcatering.at\\\/shop\\\/\"},{\"@type\":\"ListItem\",\"position\":2,\"name\":\"Shop\",\"item\":\"https:\\\/\\\/www.starcatering.at\\\/shop\\\/shop\\\/\"},{\"@type\":\"ListItem\",\"position\":3,\"name\":\"Portionierer blau St\u00f6ckel 1\\\/30l \u220549mm (NEUWARE)\"}]},{\"@type\":\"WebSite\",\"@id\":\"https:\\\/\\\/www.starcatering.at\\\/shop\\\/#website\",\"url\":\"https:\\\/\\\/www.starcatering.at\\\/shop\\\/\",\"name\":\"Carnuntum Foods\",\"description\":\"Abverkaufsartikel\",\"publisher\":{\"@id\":\"https:\\\/\\\/www.starcatering.at\\\/shop\\\/#organization\"},\"potentialAction\":[{\"@type\":\"SearchAction\",\"target\":{\"@type\":\"EntryPoint\",\"urlTemplate\":\"https:\\\/\\\/www.starcatering.at\\\/shop\\\/?s={search_term_string}\"},\"query-input\":{\"@type\":\"PropertyValueSpecification\",\"valueRequired\":true,\"valueName\":\"search_term_string\"}}],\"inLanguage\":\"de\"},{\"@type\":\"Organization\",\"@id\":\"https:\\\/\\\/www.starcatering.at\\\/shop\\\/#organization\",\"name\":\"Carnuntumfoods\",\"url\":\"https:\\\/\\\/www.starcatering.at\\\/shop\\\/\",\"logo\":{\"@type\":\"ImageObject\",\"inLanguage\":\"de\",\"@id\":\"https:\\\/\\\/www.starcatering.at\\\/shop\\\/#\\\/schema\\\/logo\\\/image\\\/\",\"url\":\"https:\\\/\\\/www.starcatering.at\\\/shop\\\/wp-content\\\/uploads\\\/2021\\\/08\\\/cropped-logo.png\",\"contentUrl\":\"https:\\\/\\\/www.starcatering.at\\\/shop\\\/wp-content\\\/uploads\\\/2021\\\/08\\\/cropped-logo.png\",\"width\":512,\"height\":512,\"caption\":\"Carnuntumfoods\"},\"image\":{\"@id\":\"https:\\\/\\\/www.starcatering.at\\\/shop\\\/#\\\/schema\\\/logo\\\/image\\\/\"}}]}<\/script>\n<!-- \/ Yoast SEO plugin. -->","yoast_head_json":{"title":"Portionierer blau St\u00f6ckel 1\/30l \u220549mm (NEUWARE) &#187; StarCatering %-Shop","description":"Portionierer blau St\u00f6ckel 1\/30l \u220549mm (NEUWARE)","robots":{"index":"index","follow":"follow","max-snippet":"max-snippet:-1","max-image-preview":"max-image-preview:large","max-video-preview":"max-video-preview:-1"},"canonical":"https:\/\/www.starcatering.at\/shop\/produkt\/portionierer-blau-stoeckel-1-30l-\u220549mm-neuware\/","og_locale":"de_DE","og_type":"article","og_title":"Portionierer blau St\u00f6ckel 1\/30l \u220549mm (NEUWARE)","og_description":"Portionierer blau St\u00f6ckel 1\/30l \u220549mm (NEUWARE)","og_url":"https:\/\/www.starcatering.at\/shop\/produkt\/portionierer-blau-stoeckel-1-30l-\u220549mm-neuware\/","og_site_name":"StarCatering %-Shop","article_modified_time":"2026-03-05T16:43:53+00:00","og_image":[{"width":500,"height":500,"url":"https:\/\/www.starcatering.at\/shop\/wp-content\/uploads\/2024\/07\/Portionierer_30_blau.jpg","type":"image\/jpeg"}],"twitter_card":"summary_large_image","twitter_misc":{"Gesch\u00e4tzte Lesezeit":"2\u00a0Minuten"},"schema":{"@context":"https:\/\/schema.org","@graph":[{"@type":"WebPage","@id":"https:\/\/www.starcatering.at\/shop\/produkt\/portionierer-blau-stoeckel-1-30l-%e2%88%8549mm-neuware\/","url":"https:\/\/www.starcatering.at\/shop\/produkt\/portionierer-blau-stoeckel-1-30l-%e2%88%8549mm-neuware\/","name":"Portionierer blau St\u00f6ckel 1\/30l \u220549mm (NEUWARE) &#187; StarCatering %-Shop","isPartOf":{"@id":"https:\/\/www.starcatering.at\/shop\/#website"},"primaryImageOfPage":{"@id":"https:\/\/www.starcatering.at\/shop\/produkt\/portionierer-blau-stoeckel-1-30l-%e2%88%8549mm-neuware\/#primaryimage"},"image":{"@id":"https:\/\/www.starcatering.at\/shop\/produkt\/portionierer-blau-stoeckel-1-30l-%e2%88%8549mm-neuware\/#primaryimage"},"thumbnailUrl":"https:\/\/www.starcatering.at\/shop\/wp-content\/uploads\/2024\/07\/Portionierer_30_blau.jpg","datePublished":"2024-07-16T12:43:04+00:00","dateModified":"2026-03-05T16:43:53+00:00","description":"Portionierer blau St\u00f6ckel 1\/30l \u220549mm (NEUWARE)","breadcrumb":{"@id":"https:\/\/www.starcatering.at\/shop\/produkt\/portionierer-blau-stoeckel-1-30l-%e2%88%8549mm-neuware\/#breadcrumb"},"inLanguage":"de","potentialAction":[{"@type":"ReadAction","target":["https:\/\/www.starcatering.at\/shop\/produkt\/portionierer-blau-stoeckel-1-30l-%e2%88%8549mm-neuware\/"]}]},{"@type":"ImageObject","inLanguage":"de","@id":"https:\/\/www.starcatering.at\/shop\/produkt\/portionierer-blau-stoeckel-1-30l-%e2%88%8549mm-neuware\/#primaryimage","url":"https:\/\/www.starcatering.at\/shop\/wp-content\/uploads\/2024\/07\/Portionierer_30_blau.jpg","contentUrl":"https:\/\/www.starcatering.at\/shop\/wp-content\/uploads\/2024\/07\/Portionierer_30_blau.jpg","width":500,"height":500},{"@type":"BreadcrumbList","@id":"https:\/\/www.starcatering.at\/shop\/produkt\/portionierer-blau-stoeckel-1-30l-%e2%88%8549mm-neuware\/#breadcrumb","itemListElement":[{"@type":"ListItem","position":1,"name":"Startseite","item":"https:\/\/www.starcatering.at\/shop\/"},{"@type":"ListItem","position":2,"name":"Shop","item":"https:\/\/www.starcatering.at\/shop\/shop\/"},{"@type":"ListItem","position":3,"name":"Portionierer blau St\u00f6ckel 1\/30l \u220549mm (NEUWARE)"}]},{"@type":"WebSite","@id":"https:\/\/www.starcatering.at\/shop\/#website","url":"https:\/\/www.starcatering.at\/shop\/","name":"Carnuntum Foods","description":"Abverkaufsartikel","publisher":{"@id":"https:\/\/www.starcatering.at\/shop\/#organization"},"potentialAction":[{"@type":"SearchAction","target":{"@type":"EntryPoint","urlTemplate":"https:\/\/www.starcatering.at\/shop\/?s={search_term_string}"},"query-input":{"@type":"PropertyValueSpecification","valueRequired":true,"valueName":"search_term_string"}}],"inLanguage":"de"},{"@type":"Organization","@id":"https:\/\/www.starcatering.at\/shop\/#organization","name":"Carnuntumfoods","url":"https:\/\/www.starcatering.at\/shop\/","logo":{"@type":"ImageObject","inLanguage":"de","@id":"https:\/\/www.starcatering.at\/shop\/#\/schema\/logo\/image\/","url":"https:\/\/www.starcatering.at\/shop\/wp-content\/uploads\/2021\/08\/cropped-logo.png","contentUrl":"https:\/\/www.starcatering.at\/shop\/wp-content\/uploads\/2021\/08\/cropped-logo.png","width":512,"height":512,"caption":"Carnuntumfoods"},"image":{"@id":"https:\/\/www.starcatering.at\/shop\/#\/schema\/logo\/image\/"}}]}},"_links":{"self":[{"href":"https:\/\/www.starcatering.at\/shop\/wp-json\/wp\/v2\/product\/10818","targetHints":{"allow":["GET"]}}],"collection":[{"href":"https:\/\/www.starcatering.at\/shop\/wp-json\/wp\/v2\/product"}],"about":[{"href":"https:\/\/www.starcatering.at\/shop\/wp-json\/wp\/v2\/types\/product"}],"replies":[{"embeddable":true,"href":"https:\/\/www.starcatering.at\/shop\/wp-json\/wp\/v2\/comments?post=10818"}],"wp:featuredmedia":[{"embeddable":true,"href":"https:\/\/www.starcatering.at\/shop\/wp-json\/wp\/v2\/media\/10819"}],"wp:attachment":[{"href":"https:\/\/www.starcatering.at\/shop\/wp-json\/wp\/v2\/media?parent=10818"}],"wp:term":[{"taxonomy":"product_brand","embeddable":true,"href":"https:\/\/www.starcatering.at\/shop\/wp-json\/wp\/v2\/product_brand?post=10818"},{"taxonomy":"product_cat","embeddable":true,"href":"https:\/\/www.starcatering.at\/shop\/wp-json\/wp\/v2\/product_cat?post=10818"},{"taxonomy":"product_tag","embeddable":true,"href":"https:\/\/www.starcatering.at\/shop\/wp-json\/wp\/v2\/product_tag?post=10818"}],"curies":[{"name":"wp","href":"https:\/\/api.w.org\/{rel}","templated":true}]}}