{"id":10838,"date":"2024-07-24T11:40:57","date_gmt":"2024-07-24T09:40:57","guid":{"rendered":"https:\/\/www.starcatering.at\/shop\/?post_type=product&#038;p=10838"},"modified":"2025-11-12T11:54:24","modified_gmt":"2025-11-12T10:54:24","slug":"frontcookingcenter-fc-3-asm-neuware","status":"publish","type":"product","link":"https:\/\/www.starcatering.at\/shop\/produkt\/frontcookingcenter-fc-3-asm-neuware\/","title":{"rendered":"Frontcookingcenter FC-3 ASM (NEUWARE)"},"content":{"rendered":"<p><span style=\"color: #ff6600;\"><em><strong>!! Anlage ist seit 3 Jahren originalverpackt eingelagert &#8211; war niemals in Betrieb &#8211; Zubeh\u00f6r noch nicht montiert !!<\/strong><\/em><\/span><\/p>\n<ul>\n<li><strong>Marke:<\/strong> ASM<\/li>\n<li><strong>Ma\u00dfe BxTxH (mm):<\/strong> 1498 x 761 x 1264<\/li>\n<li><strong>Anschlussart:<\/strong> Elektro<\/li>\n<li><strong>Spannung (V):<\/strong> 400<\/li>\n<li><strong>Kapazit\u00e4t (Norm):<\/strong> 4 x GN 1\/9 100 mm<\/li>\n<li><strong>Steckdosen:<\/strong> 3 x 230 V \/ 1 x 400 V<\/li>\n<\/ul>\n","protected":false},"excerpt":{"rendered":"<ul>\n<li>Mobile Kochstation mit integrierter L\u00fcftung f\u00fcr den Front-Cooking-Bereich<\/li>\n<li>Ausf\u00fchrung komplett aus rostfreiem Edelstahl 1.4301<\/li>\n<li>Fahrbares Modul mit 4 Lenkrollen und Feststellbremse<\/li>\n<li>Frontseitiger Spritzschutz aus Glas<\/li>\n<li>Bedienerseitige Einstellnische f\u00fcr Aufnahme von 3 Auftisch-Elektroger\u00e4ten vorbereitet<\/li>\n<li>LED-Beleuchtung mit Ein-\/Ausschalter<\/li>\n<li>Geh\u00e4use links u. rechts f\u00fcr die Aufnahme von 4 Beh\u00e4ltern GN 1\/9 100 mm vorbereitet<\/li>\n<li>Integrierte Wrasen-Absaugung mit Edelstahl-Fettfiltern<\/li>\n<li>Geruchsreinigung mit Zeolith- und Aktivkohlefiltern<\/li>\n<li>Filtersatz zur leichten Reinigung entnehmbar<\/li>\n<li>Passend f\u00fcr markt\u00fcbliche Auftischger\u00e4te mit Tiefe 600 mm<\/li>\n<li><span style=\"color: #ff6600;\"><strong>Achtung: Lieferung ohne Auftischger\u00e4te! (w\u00e4ren zum Teil als Neuware optional erh\u00e4ltlich)<\/strong><\/span><\/li>\n<li>Ger\u00e4te OPTIONAL: <span style=\"color: #800080;\"><strong><a style=\"color: #800080;\" href=\"https:\/\/www.starcatering.at\/shop\/produkt\/grillplatte-elektro-ime-sbp400ch-neuware\/\" target=\"_blank\" rel=\"noopener\">Grillplatte 60x40cm<\/a><\/strong><\/span> | <span style=\"color: #800080;\"><strong><a style=\"color: #800080;\" href=\"https:\/\/www.starcatering.at\/shop\/produkt\/friteuse-elektro-giorik-60x40cm-neuware\/\">Friteuse 60x40cm<\/a><\/strong><\/span> | <a href=\"https:\/\/www.starcatering.at\/shop\/produkt\/neutralelement-giorik-60x40cm-neuware\/\"><strong><span style=\"color: #800080;\">Neutralelement 60x40cm <\/span><\/strong><\/a><span style=\"color: #800080;\"><span style=\"color: #000000;\">(anklicken zum jeweiligen Ger\u00e4t)<\/span><\/span><span style=\"color: #800080;\">\u00a0<\/span><\/li>\n<\/ul>\n","protected":false},"featured_media":10839,"comment_status":"open","ping_status":"closed","template":"","meta":{"_et_pb_use_builder":"","_et_pb_old_content":"","_et_gb_content_width":""},"product_brand":[],"product_cat":[330,187],"product_tag":[2176,411,441,2179,2174,2175,2177,2178],"class_list":{"0":"post-10838","1":"product","2":"type-product","3":"status-publish","4":"has-post-thumbnail","6":"product_cat-gastro-einrichtung","7":"product_cat-kuechengeraete","8":"product_tag-abluft","9":"product_tag-asm","10":"product_tag-buffet","11":"product_tag-fc-3","12":"product_tag-frontcooking","13":"product_tag-kochstation","14":"product_tag-livekochen","15":"product_tag-sauter","16":"product_shipping_class-abholung","18":"first","19":"instock","20":"sale","21":"taxable","22":"shipping-taxable","23":"purchasable","24":"product-type-simple"},"yoast_head":"<!-- This site is optimized with the Yoast SEO plugin v27.5 - https:\/\/yoast.com\/product\/yoast-seo-wordpress\/ -->\n<title>Frontcookingcenter FC-3 ASM (NEUWARE) &#187; StarCatering %-Shop<\/title>\n<meta name=\"description\" content=\"Frontcookingcenter FC-3 ASM (NEUWARE)\" \/>\n<meta name=\"robots\" content=\"index, follow, max-snippet:-1, max-image-preview:large, max-video-preview:-1\" \/>\n<link rel=\"canonical\" href=\"https:\/\/www.starcatering.at\/shop\/produkt\/frontcookingcenter-fc-3-asm-neuware\/\" \/>\n<meta property=\"og:locale\" content=\"de_DE\" \/>\n<meta property=\"og:type\" content=\"article\" \/>\n<meta property=\"og:title\" content=\"Frontcookingcenter FC-3 ASM (NEUWARE)\" \/>\n<meta property=\"og:description\" content=\"Frontcookingcenter FC-3 ASM (NEUWARE)\" \/>\n<meta property=\"og:url\" content=\"https:\/\/www.starcatering.at\/shop\/produkt\/frontcookingcenter-fc-3-asm-neuware\/\" \/>\n<meta property=\"og:site_name\" content=\"StarCatering %-Shop\" \/>\n<meta property=\"article:modified_time\" content=\"2025-11-12T10:54:24+00:00\" \/>\n<meta property=\"og:image\" content=\"https:\/\/www.starcatering.at\/shop\/wp-content\/uploads\/2024\/07\/Kochstation_ASM.jpg\" \/>\n\t<meta property=\"og:image:width\" content=\"700\" \/>\n\t<meta property=\"og:image:height\" content=\"700\" \/>\n\t<meta property=\"og:image:type\" content=\"image\/jpeg\" \/>\n<meta name=\"twitter:card\" content=\"summary_large_image\" \/>\n<meta name=\"twitter:label1\" content=\"Gesch\u00e4tzte Lesezeit\" \/>\n\t<meta name=\"twitter:data1\" content=\"1\u00a0Minute\" \/>\n<script type=\"application\/ld+json\" class=\"yoast-schema-graph\">{\"@context\":\"https:\\\/\\\/schema.org\",\"@graph\":[{\"@type\":\"WebPage\",\"@id\":\"https:\\\/\\\/www.starcatering.at\\\/shop\\\/produkt\\\/frontcookingcenter-fc-3-asm-neuware\\\/\",\"url\":\"https:\\\/\\\/www.starcatering.at\\\/shop\\\/produkt\\\/frontcookingcenter-fc-3-asm-neuware\\\/\",\"name\":\"Frontcookingcenter FC-3 ASM (NEUWARE) &#187; StarCatering %-Shop\",\"isPartOf\":{\"@id\":\"https:\\\/\\\/www.starcatering.at\\\/shop\\\/#website\"},\"primaryImageOfPage\":{\"@id\":\"https:\\\/\\\/www.starcatering.at\\\/shop\\\/produkt\\\/frontcookingcenter-fc-3-asm-neuware\\\/#primaryimage\"},\"image\":{\"@id\":\"https:\\\/\\\/www.starcatering.at\\\/shop\\\/produkt\\\/frontcookingcenter-fc-3-asm-neuware\\\/#primaryimage\"},\"thumbnailUrl\":\"https:\\\/\\\/www.starcatering.at\\\/shop\\\/wp-content\\\/uploads\\\/2024\\\/07\\\/Kochstation_ASM.jpg\",\"datePublished\":\"2024-07-24T09:40:57+00:00\",\"dateModified\":\"2025-11-12T10:54:24+00:00\",\"description\":\"Frontcookingcenter FC-3 ASM (NEUWARE)\",\"breadcrumb\":{\"@id\":\"https:\\\/\\\/www.starcatering.at\\\/shop\\\/produkt\\\/frontcookingcenter-fc-3-asm-neuware\\\/#breadcrumb\"},\"inLanguage\":\"de\",\"potentialAction\":[{\"@type\":\"ReadAction\",\"target\":[\"https:\\\/\\\/www.starcatering.at\\\/shop\\\/produkt\\\/frontcookingcenter-fc-3-asm-neuware\\\/\"]}]},{\"@type\":\"ImageObject\",\"inLanguage\":\"de\",\"@id\":\"https:\\\/\\\/www.starcatering.at\\\/shop\\\/produkt\\\/frontcookingcenter-fc-3-asm-neuware\\\/#primaryimage\",\"url\":\"https:\\\/\\\/www.starcatering.at\\\/shop\\\/wp-content\\\/uploads\\\/2024\\\/07\\\/Kochstation_ASM.jpg\",\"contentUrl\":\"https:\\\/\\\/www.starcatering.at\\\/shop\\\/wp-content\\\/uploads\\\/2024\\\/07\\\/Kochstation_ASM.jpg\",\"width\":700,\"height\":700},{\"@type\":\"BreadcrumbList\",\"@id\":\"https:\\\/\\\/www.starcatering.at\\\/shop\\\/produkt\\\/frontcookingcenter-fc-3-asm-neuware\\\/#breadcrumb\",\"itemListElement\":[{\"@type\":\"ListItem\",\"position\":1,\"name\":\"Startseite\",\"item\":\"https:\\\/\\\/www.starcatering.at\\\/shop\\\/\"},{\"@type\":\"ListItem\",\"position\":2,\"name\":\"Shop\",\"item\":\"https:\\\/\\\/www.starcatering.at\\\/shop\\\/shop\\\/\"},{\"@type\":\"ListItem\",\"position\":3,\"name\":\"Frontcookingcenter FC-3 ASM (NEUWARE)\"}]},{\"@type\":\"WebSite\",\"@id\":\"https:\\\/\\\/www.starcatering.at\\\/shop\\\/#website\",\"url\":\"https:\\\/\\\/www.starcatering.at\\\/shop\\\/\",\"name\":\"Carnuntum Foods\",\"description\":\"Abverkaufsartikel\",\"publisher\":{\"@id\":\"https:\\\/\\\/www.starcatering.at\\\/shop\\\/#organization\"},\"potentialAction\":[{\"@type\":\"SearchAction\",\"target\":{\"@type\":\"EntryPoint\",\"urlTemplate\":\"https:\\\/\\\/www.starcatering.at\\\/shop\\\/?s={search_term_string}\"},\"query-input\":{\"@type\":\"PropertyValueSpecification\",\"valueRequired\":true,\"valueName\":\"search_term_string\"}}],\"inLanguage\":\"de\"},{\"@type\":\"Organization\",\"@id\":\"https:\\\/\\\/www.starcatering.at\\\/shop\\\/#organization\",\"name\":\"Carnuntumfoods\",\"url\":\"https:\\\/\\\/www.starcatering.at\\\/shop\\\/\",\"logo\":{\"@type\":\"ImageObject\",\"inLanguage\":\"de\",\"@id\":\"https:\\\/\\\/www.starcatering.at\\\/shop\\\/#\\\/schema\\\/logo\\\/image\\\/\",\"url\":\"https:\\\/\\\/www.starcatering.at\\\/shop\\\/wp-content\\\/uploads\\\/2021\\\/08\\\/cropped-logo.png\",\"contentUrl\":\"https:\\\/\\\/www.starcatering.at\\\/shop\\\/wp-content\\\/uploads\\\/2021\\\/08\\\/cropped-logo.png\",\"width\":512,\"height\":512,\"caption\":\"Carnuntumfoods\"},\"image\":{\"@id\":\"https:\\\/\\\/www.starcatering.at\\\/shop\\\/#\\\/schema\\\/logo\\\/image\\\/\"}}]}<\/script>\n<!-- \/ Yoast SEO plugin. -->","yoast_head_json":{"title":"Frontcookingcenter FC-3 ASM (NEUWARE) &#187; StarCatering %-Shop","description":"Frontcookingcenter FC-3 ASM (NEUWARE)","robots":{"index":"index","follow":"follow","max-snippet":"max-snippet:-1","max-image-preview":"max-image-preview:large","max-video-preview":"max-video-preview:-1"},"canonical":"https:\/\/www.starcatering.at\/shop\/produkt\/frontcookingcenter-fc-3-asm-neuware\/","og_locale":"de_DE","og_type":"article","og_title":"Frontcookingcenter FC-3 ASM (NEUWARE)","og_description":"Frontcookingcenter FC-3 ASM (NEUWARE)","og_url":"https:\/\/www.starcatering.at\/shop\/produkt\/frontcookingcenter-fc-3-asm-neuware\/","og_site_name":"StarCatering %-Shop","article_modified_time":"2025-11-12T10:54:24+00:00","og_image":[{"width":700,"height":700,"url":"https:\/\/www.starcatering.at\/shop\/wp-content\/uploads\/2024\/07\/Kochstation_ASM.jpg","type":"image\/jpeg"}],"twitter_card":"summary_large_image","twitter_misc":{"Gesch\u00e4tzte Lesezeit":"1\u00a0Minute"},"schema":{"@context":"https:\/\/schema.org","@graph":[{"@type":"WebPage","@id":"https:\/\/www.starcatering.at\/shop\/produkt\/frontcookingcenter-fc-3-asm-neuware\/","url":"https:\/\/www.starcatering.at\/shop\/produkt\/frontcookingcenter-fc-3-asm-neuware\/","name":"Frontcookingcenter FC-3 ASM (NEUWARE) &#187; StarCatering %-Shop","isPartOf":{"@id":"https:\/\/www.starcatering.at\/shop\/#website"},"primaryImageOfPage":{"@id":"https:\/\/www.starcatering.at\/shop\/produkt\/frontcookingcenter-fc-3-asm-neuware\/#primaryimage"},"image":{"@id":"https:\/\/www.starcatering.at\/shop\/produkt\/frontcookingcenter-fc-3-asm-neuware\/#primaryimage"},"thumbnailUrl":"https:\/\/www.starcatering.at\/shop\/wp-content\/uploads\/2024\/07\/Kochstation_ASM.jpg","datePublished":"2024-07-24T09:40:57+00:00","dateModified":"2025-11-12T10:54:24+00:00","description":"Frontcookingcenter FC-3 ASM (NEUWARE)","breadcrumb":{"@id":"https:\/\/www.starcatering.at\/shop\/produkt\/frontcookingcenter-fc-3-asm-neuware\/#breadcrumb"},"inLanguage":"de","potentialAction":[{"@type":"ReadAction","target":["https:\/\/www.starcatering.at\/shop\/produkt\/frontcookingcenter-fc-3-asm-neuware\/"]}]},{"@type":"ImageObject","inLanguage":"de","@id":"https:\/\/www.starcatering.at\/shop\/produkt\/frontcookingcenter-fc-3-asm-neuware\/#primaryimage","url":"https:\/\/www.starcatering.at\/shop\/wp-content\/uploads\/2024\/07\/Kochstation_ASM.jpg","contentUrl":"https:\/\/www.starcatering.at\/shop\/wp-content\/uploads\/2024\/07\/Kochstation_ASM.jpg","width":700,"height":700},{"@type":"BreadcrumbList","@id":"https:\/\/www.starcatering.at\/shop\/produkt\/frontcookingcenter-fc-3-asm-neuware\/#breadcrumb","itemListElement":[{"@type":"ListItem","position":1,"name":"Startseite","item":"https:\/\/www.starcatering.at\/shop\/"},{"@type":"ListItem","position":2,"name":"Shop","item":"https:\/\/www.starcatering.at\/shop\/shop\/"},{"@type":"ListItem","position":3,"name":"Frontcookingcenter FC-3 ASM (NEUWARE)"}]},{"@type":"WebSite","@id":"https:\/\/www.starcatering.at\/shop\/#website","url":"https:\/\/www.starcatering.at\/shop\/","name":"Carnuntum Foods","description":"Abverkaufsartikel","publisher":{"@id":"https:\/\/www.starcatering.at\/shop\/#organization"},"potentialAction":[{"@type":"SearchAction","target":{"@type":"EntryPoint","urlTemplate":"https:\/\/www.starcatering.at\/shop\/?s={search_term_string}"},"query-input":{"@type":"PropertyValueSpecification","valueRequired":true,"valueName":"search_term_string"}}],"inLanguage":"de"},{"@type":"Organization","@id":"https:\/\/www.starcatering.at\/shop\/#organization","name":"Carnuntumfoods","url":"https:\/\/www.starcatering.at\/shop\/","logo":{"@type":"ImageObject","inLanguage":"de","@id":"https:\/\/www.starcatering.at\/shop\/#\/schema\/logo\/image\/","url":"https:\/\/www.starcatering.at\/shop\/wp-content\/uploads\/2021\/08\/cropped-logo.png","contentUrl":"https:\/\/www.starcatering.at\/shop\/wp-content\/uploads\/2021\/08\/cropped-logo.png","width":512,"height":512,"caption":"Carnuntumfoods"},"image":{"@id":"https:\/\/www.starcatering.at\/shop\/#\/schema\/logo\/image\/"}}]}},"_links":{"self":[{"href":"https:\/\/www.starcatering.at\/shop\/wp-json\/wp\/v2\/product\/10838","targetHints":{"allow":["GET"]}}],"collection":[{"href":"https:\/\/www.starcatering.at\/shop\/wp-json\/wp\/v2\/product"}],"about":[{"href":"https:\/\/www.starcatering.at\/shop\/wp-json\/wp\/v2\/types\/product"}],"replies":[{"embeddable":true,"href":"https:\/\/www.starcatering.at\/shop\/wp-json\/wp\/v2\/comments?post=10838"}],"wp:featuredmedia":[{"embeddable":true,"href":"https:\/\/www.starcatering.at\/shop\/wp-json\/wp\/v2\/media\/10839"}],"wp:attachment":[{"href":"https:\/\/www.starcatering.at\/shop\/wp-json\/wp\/v2\/media?parent=10838"}],"wp:term":[{"taxonomy":"product_brand","embeddable":true,"href":"https:\/\/www.starcatering.at\/shop\/wp-json\/wp\/v2\/product_brand?post=10838"},{"taxonomy":"product_cat","embeddable":true,"href":"https:\/\/www.starcatering.at\/shop\/wp-json\/wp\/v2\/product_cat?post=10838"},{"taxonomy":"product_tag","embeddable":true,"href":"https:\/\/www.starcatering.at\/shop\/wp-json\/wp\/v2\/product_tag?post=10838"}],"curies":[{"name":"wp","href":"https:\/\/api.w.org\/{rel}","templated":true}]}}