{"id":11077,"date":"2023-03-12T11:40:53","date_gmt":"2023-03-12T10:40:53","guid":{"rendered":"https:\/\/www.starcatering.at\/shop\/?post_type=product&#038;p=11077"},"modified":"2024-08-10T13:12:57","modified_gmt":"2024-08-10T11:12:57","slug":"buch-powerdrinks-paperback-neuware","status":"publish","type":"product","link":"https:\/\/www.starcatering.at\/shop\/produkt\/buch-powerdrinks-paperback-neuware\/","title":{"rendered":"Buch &#8220;Powerdrinks&#8221; Paperback (NEUWARE)"},"content":{"rendered":"<p>\u00dcber 130 raffinierte Rezepte mit Obst- und Gem\u00fcses\u00e4ften, die nicht nur der Gesundheit, sondern auch der Seele gut tun. Ob pur oder mit Milch, Molke, Tee oder Kombucha gemixt &#8211; Saft wird in diesem Buch zum reinsten Hochgenuss. Die zus\u00e4tzlichen Tipps zu Inhaltsstoffen, Wirkungsweisen und Zubereitung vervollst\u00e4ndigen das Wissen \u00fcber die fl\u00fcssigen Powerpakete.<\/p>\n","protected":false},"excerpt":{"rendered":"<ul class=\"a-unordered-list a-nostyle a-vertical a-spacing-none detail-bullet-list\">\n<li><span class=\"a-list-item\"><span class=\"a-text-bold\">Sprache \u200f : \u200e\u00a0<\/span>Deutsch<\/span><\/li>\n<li>Paperback Ausgabe<\/li>\n<li>Seiten: 96<\/li>\n<li><span class=\"a-list-item\"><span class=\"a-text-bold\">ISBN-13 \u200f: \u200e <\/span>978-3817459803<\/span><\/li>\n<li><span class=\"a-list-item\"><span class=\"a-text-bold\">Abmessungen \u200f : \u200e 14,5<\/span> x 21 cm<\/span><\/li>\n<\/ul>\n","protected":false},"featured_media":11078,"comment_status":"open","ping_status":"closed","template":"","meta":{"_et_pb_use_builder":"","_et_pb_old_content":"","_et_gb_content_width":""},"product_brand":[],"product_cat":[996],"product_tag":[1357,130,2228,355,984,2227,327,2229],"class_list":{"0":"post-11077","1":"product","2":"type-product","3":"status-publish","4":"has-post-thumbnail","6":"product_cat-bueromaterial","7":"product_tag-buch","8":"product_tag-gemuese","9":"product_tag-gesundheit","10":"product_tag-getraenke","11":"product_tag-obst","12":"product_tag-powerdrinks","13":"product_tag-smoothie","14":"product_tag-vital","16":"first","17":"instock","18":"sale","19":"taxable","20":"shipping-taxable","21":"purchasable","22":"product-type-simple"},"yoast_head":"<!-- This site is optimized with the Yoast SEO plugin v27.5 - https:\/\/yoast.com\/product\/yoast-seo-wordpress\/ -->\n<title>Buch &quot;Powerdrinks&quot; Paperback (NEUWARE) &#187; StarCatering %-Shop<\/title>\n<meta name=\"description\" content=\"Buch &quot;Powerdrinks&quot; Paperback (NEUWARE)\" \/>\n<meta name=\"robots\" content=\"index, follow, max-snippet:-1, max-image-preview:large, max-video-preview:-1\" \/>\n<link rel=\"canonical\" href=\"https:\/\/www.starcatering.at\/shop\/produkt\/buch-powerdrinks-paperback-neuware\/\" \/>\n<meta property=\"og:locale\" content=\"de_DE\" \/>\n<meta property=\"og:type\" content=\"article\" \/>\n<meta property=\"og:title\" content=\"Buch &quot;Powerdrinks&quot; Paperback (NEUWARE)\" \/>\n<meta property=\"og:description\" content=\"Buch &quot;Powerdrinks&quot; Paperback (NEUWARE)\" \/>\n<meta property=\"og:url\" content=\"https:\/\/www.starcatering.at\/shop\/produkt\/buch-powerdrinks-paperback-neuware\/\" \/>\n<meta property=\"og:site_name\" content=\"StarCatering %-Shop\" \/>\n<meta property=\"article:modified_time\" content=\"2024-08-10T11:12:57+00:00\" \/>\n<meta property=\"og:image\" content=\"https:\/\/www.starcatering.at\/shop\/wp-content\/uploads\/2024\/08\/Buch_Powerdrinks.jpg\" \/>\n\t<meta property=\"og:image:width\" content=\"500\" \/>\n\t<meta property=\"og:image:height\" content=\"500\" \/>\n\t<meta property=\"og:image:type\" content=\"image\/jpeg\" \/>\n<meta name=\"twitter:card\" content=\"summary_large_image\" \/>\n<meta name=\"twitter:title\" content=\"Buch &quot;Powerdrinks&quot; Paperback (NEUWARE)\" \/>\n<meta name=\"twitter:description\" content=\"Buch &quot;Powerdrinks&quot; Paperback (NEUWARE)\" \/>\n<meta name=\"twitter:image\" content=\"https:\/\/www.starcatering.at\/shop\/wp-content\/uploads\/2024\/08\/Buch_Powerdrinks.jpg\" \/>\n<meta name=\"twitter:label1\" content=\"Gesch\u00e4tzte Lesezeit\" \/>\n\t<meta name=\"twitter:data1\" content=\"1\u00a0Minute\" \/>\n<script type=\"application\/ld+json\" class=\"yoast-schema-graph\">{\"@context\":\"https:\\\/\\\/schema.org\",\"@graph\":[{\"@type\":\"WebPage\",\"@id\":\"https:\\\/\\\/www.starcatering.at\\\/shop\\\/produkt\\\/buch-powerdrinks-paperback-neuware\\\/\",\"url\":\"https:\\\/\\\/www.starcatering.at\\\/shop\\\/produkt\\\/buch-powerdrinks-paperback-neuware\\\/\",\"name\":\"Buch \\\"Powerdrinks\\\" Paperback (NEUWARE) &#187; StarCatering %-Shop\",\"isPartOf\":{\"@id\":\"https:\\\/\\\/www.starcatering.at\\\/shop\\\/#website\"},\"primaryImageOfPage\":{\"@id\":\"https:\\\/\\\/www.starcatering.at\\\/shop\\\/produkt\\\/buch-powerdrinks-paperback-neuware\\\/#primaryimage\"},\"image\":{\"@id\":\"https:\\\/\\\/www.starcatering.at\\\/shop\\\/produkt\\\/buch-powerdrinks-paperback-neuware\\\/#primaryimage\"},\"thumbnailUrl\":\"https:\\\/\\\/www.starcatering.at\\\/shop\\\/wp-content\\\/uploads\\\/2024\\\/08\\\/Buch_Powerdrinks.jpg\",\"datePublished\":\"2023-03-12T10:40:53+00:00\",\"dateModified\":\"2024-08-10T11:12:57+00:00\",\"description\":\"Buch \\\"Powerdrinks\\\" Paperback (NEUWARE)\",\"breadcrumb\":{\"@id\":\"https:\\\/\\\/www.starcatering.at\\\/shop\\\/produkt\\\/buch-powerdrinks-paperback-neuware\\\/#breadcrumb\"},\"inLanguage\":\"de\",\"potentialAction\":[{\"@type\":\"ReadAction\",\"target\":[\"https:\\\/\\\/www.starcatering.at\\\/shop\\\/produkt\\\/buch-powerdrinks-paperback-neuware\\\/\"]}]},{\"@type\":\"ImageObject\",\"inLanguage\":\"de\",\"@id\":\"https:\\\/\\\/www.starcatering.at\\\/shop\\\/produkt\\\/buch-powerdrinks-paperback-neuware\\\/#primaryimage\",\"url\":\"https:\\\/\\\/www.starcatering.at\\\/shop\\\/wp-content\\\/uploads\\\/2024\\\/08\\\/Buch_Powerdrinks.jpg\",\"contentUrl\":\"https:\\\/\\\/www.starcatering.at\\\/shop\\\/wp-content\\\/uploads\\\/2024\\\/08\\\/Buch_Powerdrinks.jpg\",\"width\":500,\"height\":500,\"caption\":\"Version 1.0.0\"},{\"@type\":\"BreadcrumbList\",\"@id\":\"https:\\\/\\\/www.starcatering.at\\\/shop\\\/produkt\\\/buch-powerdrinks-paperback-neuware\\\/#breadcrumb\",\"itemListElement\":[{\"@type\":\"ListItem\",\"position\":1,\"name\":\"Startseite\",\"item\":\"https:\\\/\\\/www.starcatering.at\\\/shop\\\/\"},{\"@type\":\"ListItem\",\"position\":2,\"name\":\"Shop\",\"item\":\"https:\\\/\\\/www.starcatering.at\\\/shop\\\/shop\\\/\"},{\"@type\":\"ListItem\",\"position\":3,\"name\":\"Buch &#8220;Powerdrinks&#8221; Paperback (NEUWARE)\"}]},{\"@type\":\"WebSite\",\"@id\":\"https:\\\/\\\/www.starcatering.at\\\/shop\\\/#website\",\"url\":\"https:\\\/\\\/www.starcatering.at\\\/shop\\\/\",\"name\":\"Carnuntum Foods\",\"description\":\"Abverkaufsartikel\",\"publisher\":{\"@id\":\"https:\\\/\\\/www.starcatering.at\\\/shop\\\/#organization\"},\"potentialAction\":[{\"@type\":\"SearchAction\",\"target\":{\"@type\":\"EntryPoint\",\"urlTemplate\":\"https:\\\/\\\/www.starcatering.at\\\/shop\\\/?s={search_term_string}\"},\"query-input\":{\"@type\":\"PropertyValueSpecification\",\"valueRequired\":true,\"valueName\":\"search_term_string\"}}],\"inLanguage\":\"de\"},{\"@type\":\"Organization\",\"@id\":\"https:\\\/\\\/www.starcatering.at\\\/shop\\\/#organization\",\"name\":\"Carnuntumfoods\",\"url\":\"https:\\\/\\\/www.starcatering.at\\\/shop\\\/\",\"logo\":{\"@type\":\"ImageObject\",\"inLanguage\":\"de\",\"@id\":\"https:\\\/\\\/www.starcatering.at\\\/shop\\\/#\\\/schema\\\/logo\\\/image\\\/\",\"url\":\"https:\\\/\\\/www.starcatering.at\\\/shop\\\/wp-content\\\/uploads\\\/2021\\\/08\\\/cropped-logo.png\",\"contentUrl\":\"https:\\\/\\\/www.starcatering.at\\\/shop\\\/wp-content\\\/uploads\\\/2021\\\/08\\\/cropped-logo.png\",\"width\":512,\"height\":512,\"caption\":\"Carnuntumfoods\"},\"image\":{\"@id\":\"https:\\\/\\\/www.starcatering.at\\\/shop\\\/#\\\/schema\\\/logo\\\/image\\\/\"}}]}<\/script>\n<!-- \/ Yoast SEO plugin. -->","yoast_head_json":{"title":"Buch \"Powerdrinks\" Paperback (NEUWARE) &#187; StarCatering %-Shop","description":"Buch \"Powerdrinks\" Paperback (NEUWARE)","robots":{"index":"index","follow":"follow","max-snippet":"max-snippet:-1","max-image-preview":"max-image-preview:large","max-video-preview":"max-video-preview:-1"},"canonical":"https:\/\/www.starcatering.at\/shop\/produkt\/buch-powerdrinks-paperback-neuware\/","og_locale":"de_DE","og_type":"article","og_title":"Buch \"Powerdrinks\" Paperback (NEUWARE)","og_description":"Buch \"Powerdrinks\" Paperback (NEUWARE)","og_url":"https:\/\/www.starcatering.at\/shop\/produkt\/buch-powerdrinks-paperback-neuware\/","og_site_name":"StarCatering %-Shop","article_modified_time":"2024-08-10T11:12:57+00:00","og_image":[{"width":500,"height":500,"url":"https:\/\/www.starcatering.at\/shop\/wp-content\/uploads\/2024\/08\/Buch_Powerdrinks.jpg","type":"image\/jpeg"}],"twitter_card":"summary_large_image","twitter_title":"Buch \"Powerdrinks\" Paperback (NEUWARE)","twitter_description":"Buch \"Powerdrinks\" Paperback (NEUWARE)","twitter_image":"https:\/\/www.starcatering.at\/shop\/wp-content\/uploads\/2024\/08\/Buch_Powerdrinks.jpg","twitter_misc":{"Gesch\u00e4tzte Lesezeit":"1\u00a0Minute"},"schema":{"@context":"https:\/\/schema.org","@graph":[{"@type":"WebPage","@id":"https:\/\/www.starcatering.at\/shop\/produkt\/buch-powerdrinks-paperback-neuware\/","url":"https:\/\/www.starcatering.at\/shop\/produkt\/buch-powerdrinks-paperback-neuware\/","name":"Buch \"Powerdrinks\" Paperback (NEUWARE) &#187; StarCatering %-Shop","isPartOf":{"@id":"https:\/\/www.starcatering.at\/shop\/#website"},"primaryImageOfPage":{"@id":"https:\/\/www.starcatering.at\/shop\/produkt\/buch-powerdrinks-paperback-neuware\/#primaryimage"},"image":{"@id":"https:\/\/www.starcatering.at\/shop\/produkt\/buch-powerdrinks-paperback-neuware\/#primaryimage"},"thumbnailUrl":"https:\/\/www.starcatering.at\/shop\/wp-content\/uploads\/2024\/08\/Buch_Powerdrinks.jpg","datePublished":"2023-03-12T10:40:53+00:00","dateModified":"2024-08-10T11:12:57+00:00","description":"Buch \"Powerdrinks\" Paperback (NEUWARE)","breadcrumb":{"@id":"https:\/\/www.starcatering.at\/shop\/produkt\/buch-powerdrinks-paperback-neuware\/#breadcrumb"},"inLanguage":"de","potentialAction":[{"@type":"ReadAction","target":["https:\/\/www.starcatering.at\/shop\/produkt\/buch-powerdrinks-paperback-neuware\/"]}]},{"@type":"ImageObject","inLanguage":"de","@id":"https:\/\/www.starcatering.at\/shop\/produkt\/buch-powerdrinks-paperback-neuware\/#primaryimage","url":"https:\/\/www.starcatering.at\/shop\/wp-content\/uploads\/2024\/08\/Buch_Powerdrinks.jpg","contentUrl":"https:\/\/www.starcatering.at\/shop\/wp-content\/uploads\/2024\/08\/Buch_Powerdrinks.jpg","width":500,"height":500,"caption":"Version 1.0.0"},{"@type":"BreadcrumbList","@id":"https:\/\/www.starcatering.at\/shop\/produkt\/buch-powerdrinks-paperback-neuware\/#breadcrumb","itemListElement":[{"@type":"ListItem","position":1,"name":"Startseite","item":"https:\/\/www.starcatering.at\/shop\/"},{"@type":"ListItem","position":2,"name":"Shop","item":"https:\/\/www.starcatering.at\/shop\/shop\/"},{"@type":"ListItem","position":3,"name":"Buch &#8220;Powerdrinks&#8221; Paperback (NEUWARE)"}]},{"@type":"WebSite","@id":"https:\/\/www.starcatering.at\/shop\/#website","url":"https:\/\/www.starcatering.at\/shop\/","name":"Carnuntum Foods","description":"Abverkaufsartikel","publisher":{"@id":"https:\/\/www.starcatering.at\/shop\/#organization"},"potentialAction":[{"@type":"SearchAction","target":{"@type":"EntryPoint","urlTemplate":"https:\/\/www.starcatering.at\/shop\/?s={search_term_string}"},"query-input":{"@type":"PropertyValueSpecification","valueRequired":true,"valueName":"search_term_string"}}],"inLanguage":"de"},{"@type":"Organization","@id":"https:\/\/www.starcatering.at\/shop\/#organization","name":"Carnuntumfoods","url":"https:\/\/www.starcatering.at\/shop\/","logo":{"@type":"ImageObject","inLanguage":"de","@id":"https:\/\/www.starcatering.at\/shop\/#\/schema\/logo\/image\/","url":"https:\/\/www.starcatering.at\/shop\/wp-content\/uploads\/2021\/08\/cropped-logo.png","contentUrl":"https:\/\/www.starcatering.at\/shop\/wp-content\/uploads\/2021\/08\/cropped-logo.png","width":512,"height":512,"caption":"Carnuntumfoods"},"image":{"@id":"https:\/\/www.starcatering.at\/shop\/#\/schema\/logo\/image\/"}}]}},"_links":{"self":[{"href":"https:\/\/www.starcatering.at\/shop\/wp-json\/wp\/v2\/product\/11077","targetHints":{"allow":["GET"]}}],"collection":[{"href":"https:\/\/www.starcatering.at\/shop\/wp-json\/wp\/v2\/product"}],"about":[{"href":"https:\/\/www.starcatering.at\/shop\/wp-json\/wp\/v2\/types\/product"}],"replies":[{"embeddable":true,"href":"https:\/\/www.starcatering.at\/shop\/wp-json\/wp\/v2\/comments?post=11077"}],"wp:featuredmedia":[{"embeddable":true,"href":"https:\/\/www.starcatering.at\/shop\/wp-json\/wp\/v2\/media\/11078"}],"wp:attachment":[{"href":"https:\/\/www.starcatering.at\/shop\/wp-json\/wp\/v2\/media?parent=11077"}],"wp:term":[{"taxonomy":"product_brand","embeddable":true,"href":"https:\/\/www.starcatering.at\/shop\/wp-json\/wp\/v2\/product_brand?post=11077"},{"taxonomy":"product_cat","embeddable":true,"href":"https:\/\/www.starcatering.at\/shop\/wp-json\/wp\/v2\/product_cat?post=11077"},{"taxonomy":"product_tag","embeddable":true,"href":"https:\/\/www.starcatering.at\/shop\/wp-json\/wp\/v2\/product_tag?post=11077"}],"curies":[{"name":"wp","href":"https:\/\/api.w.org\/{rel}","templated":true}]}}