{"id":11140,"date":"2024-03-15T16:02:53","date_gmt":"2024-03-15T15:02:53","guid":{"rendered":"https:\/\/www.starcatering.at\/shop\/?post_type=product&#038;p=11140"},"modified":"2024-12-13T10:37:22","modified_gmt":"2024-12-13T09:37:22","slug":"fliegenfaenger-vandal-4er-packung","status":"publish","type":"product","link":"https:\/\/www.starcatering.at\/shop\/produkt\/fliegenfaenger-vandal-4er-packung\/","title":{"rendered":"Fliegenf\u00e4nger Vandal 4er Packung"},"content":{"rendered":"<p>Der Vandal Fliegenf\u00e4nger Natural ist ein nat\u00fcrlicher Fliegenschutz f\u00fcr alle R\u00e4ume. Da der Fliegenf\u00e4nger aus nat\u00fcrlichen Wirkstoffen besteht, kann er bedenkenlos in alle Wohn- und Schlafr\u00e4umen angewendet werden.<\/p>\n","protected":false},"excerpt":{"rendered":"<ul class=\"pdd_32c7by2\">\n<li>Fliegenf\u00e4nger<\/li>\n<li>Aus nat\u00fcrlichen Rohstoffen<\/li>\n<li>Zuverl\u00e4ssiger Fliegenschutz in allen R\u00e4umen<\/li>\n<\/ul>\n","protected":false},"featured_media":11435,"comment_status":"open","ping_status":"closed","template":"","meta":{"_et_pb_use_builder":"","_et_pb_old_content":"","_et_gb_content_width":""},"product_brand":[],"product_cat":[688],"product_tag":[2257,1161,2258,2216,1629],"class_list":{"0":"post-11140","1":"product","2":"type-product","3":"status-publish","4":"has-post-thumbnail","6":"product_cat-reinigung-hygiene","7":"product_tag-faenger","8":"product_tag-fliegen","9":"product_tag-insekten","10":"product_tag-sommer","11":"product_tag-vandal","13":"first","14":"instock","15":"sale","16":"taxable","17":"shipping-taxable","18":"purchasable","19":"product-type-simple"},"yoast_head":"<!-- This site is optimized with the Yoast SEO plugin v27.5 - https:\/\/yoast.com\/product\/yoast-seo-wordpress\/ -->\n<title>Fliegenf\u00e4nger Vandal 4er Packung &#187; StarCatering %-Shop<\/title>\n<meta name=\"description\" content=\"Fliegenf\u00e4nger Vandal 4er Packung\" \/>\n<meta name=\"robots\" content=\"index, follow, max-snippet:-1, max-image-preview:large, max-video-preview:-1\" \/>\n<link rel=\"canonical\" href=\"https:\/\/www.starcatering.at\/shop\/produkt\/fliegenfaenger-vandal-4er-packung\/\" \/>\n<meta property=\"og:locale\" content=\"de_DE\" \/>\n<meta property=\"og:type\" content=\"article\" \/>\n<meta property=\"og:title\" content=\"Fliegenf\u00e4nger Vandal 4er Packung\" \/>\n<meta property=\"og:description\" content=\"Fliegenf\u00e4nger Vandal 4er Packung\" \/>\n<meta property=\"og:url\" content=\"https:\/\/www.starcatering.at\/shop\/produkt\/fliegenfaenger-vandal-4er-packung\/\" \/>\n<meta property=\"og:site_name\" content=\"StarCatering %-Shop\" \/>\n<meta property=\"article:modified_time\" content=\"2024-12-13T09:37:22+00:00\" \/>\n<meta name=\"twitter:card\" content=\"summary_large_image\" \/>\n<meta name=\"twitter:title\" content=\"Fliegenf\u00e4nger Vandal 4er Packung\" \/>\n<meta name=\"twitter:description\" content=\"Fliegenf\u00e4nger Vandal 4er Packung\" \/>\n<meta name=\"twitter:label1\" content=\"Gesch\u00e4tzte Lesezeit\" \/>\n\t<meta name=\"twitter:data1\" content=\"1\u00a0Minute\" \/>\n<script type=\"application\/ld+json\" class=\"yoast-schema-graph\">{\"@context\":\"https:\\\/\\\/schema.org\",\"@graph\":[{\"@type\":\"WebPage\",\"@id\":\"https:\\\/\\\/www.starcatering.at\\\/shop\\\/produkt\\\/fliegenfaenger-vandal-4er-packung\\\/\",\"url\":\"https:\\\/\\\/www.starcatering.at\\\/shop\\\/produkt\\\/fliegenfaenger-vandal-4er-packung\\\/\",\"name\":\"Fliegenf\u00e4nger Vandal 4er Packung &#187; StarCatering %-Shop\",\"isPartOf\":{\"@id\":\"https:\\\/\\\/www.starcatering.at\\\/shop\\\/#website\"},\"primaryImageOfPage\":{\"@id\":\"https:\\\/\\\/www.starcatering.at\\\/shop\\\/produkt\\\/fliegenfaenger-vandal-4er-packung\\\/#primaryimage\"},\"image\":{\"@id\":\"https:\\\/\\\/www.starcatering.at\\\/shop\\\/produkt\\\/fliegenfaenger-vandal-4er-packung\\\/#primaryimage\"},\"thumbnailUrl\":\"https:\\\/\\\/www.starcatering.at\\\/shop\\\/wp-content\\\/uploads\\\/2024\\\/03\\\/Fliegenfaenger.jpg\",\"datePublished\":\"2024-03-15T15:02:53+00:00\",\"dateModified\":\"2024-12-13T09:37:22+00:00\",\"description\":\"Fliegenf\u00e4nger Vandal 4er Packung\",\"breadcrumb\":{\"@id\":\"https:\\\/\\\/www.starcatering.at\\\/shop\\\/produkt\\\/fliegenfaenger-vandal-4er-packung\\\/#breadcrumb\"},\"inLanguage\":\"de\",\"potentialAction\":[{\"@type\":\"ReadAction\",\"target\":[\"https:\\\/\\\/www.starcatering.at\\\/shop\\\/produkt\\\/fliegenfaenger-vandal-4er-packung\\\/\"]}]},{\"@type\":\"ImageObject\",\"inLanguage\":\"de\",\"@id\":\"https:\\\/\\\/www.starcatering.at\\\/shop\\\/produkt\\\/fliegenfaenger-vandal-4er-packung\\\/#primaryimage\",\"url\":\"https:\\\/\\\/www.starcatering.at\\\/shop\\\/wp-content\\\/uploads\\\/2024\\\/03\\\/Fliegenfaenger.jpg\",\"contentUrl\":\"https:\\\/\\\/www.starcatering.at\\\/shop\\\/wp-content\\\/uploads\\\/2024\\\/03\\\/Fliegenfaenger.jpg\",\"width\":500,\"height\":500},{\"@type\":\"BreadcrumbList\",\"@id\":\"https:\\\/\\\/www.starcatering.at\\\/shop\\\/produkt\\\/fliegenfaenger-vandal-4er-packung\\\/#breadcrumb\",\"itemListElement\":[{\"@type\":\"ListItem\",\"position\":1,\"name\":\"Startseite\",\"item\":\"https:\\\/\\\/www.starcatering.at\\\/shop\\\/\"},{\"@type\":\"ListItem\",\"position\":2,\"name\":\"Shop\",\"item\":\"https:\\\/\\\/www.starcatering.at\\\/shop\\\/shop\\\/\"},{\"@type\":\"ListItem\",\"position\":3,\"name\":\"Fliegenf\u00e4nger Vandal 4er Packung\"}]},{\"@type\":\"WebSite\",\"@id\":\"https:\\\/\\\/www.starcatering.at\\\/shop\\\/#website\",\"url\":\"https:\\\/\\\/www.starcatering.at\\\/shop\\\/\",\"name\":\"Carnuntum Foods\",\"description\":\"Abverkaufsartikel\",\"publisher\":{\"@id\":\"https:\\\/\\\/www.starcatering.at\\\/shop\\\/#organization\"},\"potentialAction\":[{\"@type\":\"SearchAction\",\"target\":{\"@type\":\"EntryPoint\",\"urlTemplate\":\"https:\\\/\\\/www.starcatering.at\\\/shop\\\/?s={search_term_string}\"},\"query-input\":{\"@type\":\"PropertyValueSpecification\",\"valueRequired\":true,\"valueName\":\"search_term_string\"}}],\"inLanguage\":\"de\"},{\"@type\":\"Organization\",\"@id\":\"https:\\\/\\\/www.starcatering.at\\\/shop\\\/#organization\",\"name\":\"Carnuntumfoods\",\"url\":\"https:\\\/\\\/www.starcatering.at\\\/shop\\\/\",\"logo\":{\"@type\":\"ImageObject\",\"inLanguage\":\"de\",\"@id\":\"https:\\\/\\\/www.starcatering.at\\\/shop\\\/#\\\/schema\\\/logo\\\/image\\\/\",\"url\":\"https:\\\/\\\/www.starcatering.at\\\/shop\\\/wp-content\\\/uploads\\\/2021\\\/08\\\/cropped-logo.png\",\"contentUrl\":\"https:\\\/\\\/www.starcatering.at\\\/shop\\\/wp-content\\\/uploads\\\/2021\\\/08\\\/cropped-logo.png\",\"width\":512,\"height\":512,\"caption\":\"Carnuntumfoods\"},\"image\":{\"@id\":\"https:\\\/\\\/www.starcatering.at\\\/shop\\\/#\\\/schema\\\/logo\\\/image\\\/\"}}]}<\/script>\n<!-- \/ Yoast SEO plugin. -->","yoast_head_json":{"title":"Fliegenf\u00e4nger Vandal 4er Packung &#187; StarCatering %-Shop","description":"Fliegenf\u00e4nger Vandal 4er Packung","robots":{"index":"index","follow":"follow","max-snippet":"max-snippet:-1","max-image-preview":"max-image-preview:large","max-video-preview":"max-video-preview:-1"},"canonical":"https:\/\/www.starcatering.at\/shop\/produkt\/fliegenfaenger-vandal-4er-packung\/","og_locale":"de_DE","og_type":"article","og_title":"Fliegenf\u00e4nger Vandal 4er Packung","og_description":"Fliegenf\u00e4nger Vandal 4er Packung","og_url":"https:\/\/www.starcatering.at\/shop\/produkt\/fliegenfaenger-vandal-4er-packung\/","og_site_name":"StarCatering %-Shop","article_modified_time":"2024-12-13T09:37:22+00:00","twitter_card":"summary_large_image","twitter_title":"Fliegenf\u00e4nger Vandal 4er Packung","twitter_description":"Fliegenf\u00e4nger Vandal 4er Packung","twitter_misc":{"Gesch\u00e4tzte Lesezeit":"1\u00a0Minute"},"schema":{"@context":"https:\/\/schema.org","@graph":[{"@type":"WebPage","@id":"https:\/\/www.starcatering.at\/shop\/produkt\/fliegenfaenger-vandal-4er-packung\/","url":"https:\/\/www.starcatering.at\/shop\/produkt\/fliegenfaenger-vandal-4er-packung\/","name":"Fliegenf\u00e4nger Vandal 4er Packung &#187; StarCatering %-Shop","isPartOf":{"@id":"https:\/\/www.starcatering.at\/shop\/#website"},"primaryImageOfPage":{"@id":"https:\/\/www.starcatering.at\/shop\/produkt\/fliegenfaenger-vandal-4er-packung\/#primaryimage"},"image":{"@id":"https:\/\/www.starcatering.at\/shop\/produkt\/fliegenfaenger-vandal-4er-packung\/#primaryimage"},"thumbnailUrl":"https:\/\/www.starcatering.at\/shop\/wp-content\/uploads\/2024\/03\/Fliegenfaenger.jpg","datePublished":"2024-03-15T15:02:53+00:00","dateModified":"2024-12-13T09:37:22+00:00","description":"Fliegenf\u00e4nger Vandal 4er Packung","breadcrumb":{"@id":"https:\/\/www.starcatering.at\/shop\/produkt\/fliegenfaenger-vandal-4er-packung\/#breadcrumb"},"inLanguage":"de","potentialAction":[{"@type":"ReadAction","target":["https:\/\/www.starcatering.at\/shop\/produkt\/fliegenfaenger-vandal-4er-packung\/"]}]},{"@type":"ImageObject","inLanguage":"de","@id":"https:\/\/www.starcatering.at\/shop\/produkt\/fliegenfaenger-vandal-4er-packung\/#primaryimage","url":"https:\/\/www.starcatering.at\/shop\/wp-content\/uploads\/2024\/03\/Fliegenfaenger.jpg","contentUrl":"https:\/\/www.starcatering.at\/shop\/wp-content\/uploads\/2024\/03\/Fliegenfaenger.jpg","width":500,"height":500},{"@type":"BreadcrumbList","@id":"https:\/\/www.starcatering.at\/shop\/produkt\/fliegenfaenger-vandal-4er-packung\/#breadcrumb","itemListElement":[{"@type":"ListItem","position":1,"name":"Startseite","item":"https:\/\/www.starcatering.at\/shop\/"},{"@type":"ListItem","position":2,"name":"Shop","item":"https:\/\/www.starcatering.at\/shop\/shop\/"},{"@type":"ListItem","position":3,"name":"Fliegenf\u00e4nger Vandal 4er Packung"}]},{"@type":"WebSite","@id":"https:\/\/www.starcatering.at\/shop\/#website","url":"https:\/\/www.starcatering.at\/shop\/","name":"Carnuntum Foods","description":"Abverkaufsartikel","publisher":{"@id":"https:\/\/www.starcatering.at\/shop\/#organization"},"potentialAction":[{"@type":"SearchAction","target":{"@type":"EntryPoint","urlTemplate":"https:\/\/www.starcatering.at\/shop\/?s={search_term_string}"},"query-input":{"@type":"PropertyValueSpecification","valueRequired":true,"valueName":"search_term_string"}}],"inLanguage":"de"},{"@type":"Organization","@id":"https:\/\/www.starcatering.at\/shop\/#organization","name":"Carnuntumfoods","url":"https:\/\/www.starcatering.at\/shop\/","logo":{"@type":"ImageObject","inLanguage":"de","@id":"https:\/\/www.starcatering.at\/shop\/#\/schema\/logo\/image\/","url":"https:\/\/www.starcatering.at\/shop\/wp-content\/uploads\/2021\/08\/cropped-logo.png","contentUrl":"https:\/\/www.starcatering.at\/shop\/wp-content\/uploads\/2021\/08\/cropped-logo.png","width":512,"height":512,"caption":"Carnuntumfoods"},"image":{"@id":"https:\/\/www.starcatering.at\/shop\/#\/schema\/logo\/image\/"}}]}},"_links":{"self":[{"href":"https:\/\/www.starcatering.at\/shop\/wp-json\/wp\/v2\/product\/11140","targetHints":{"allow":["GET"]}}],"collection":[{"href":"https:\/\/www.starcatering.at\/shop\/wp-json\/wp\/v2\/product"}],"about":[{"href":"https:\/\/www.starcatering.at\/shop\/wp-json\/wp\/v2\/types\/product"}],"replies":[{"embeddable":true,"href":"https:\/\/www.starcatering.at\/shop\/wp-json\/wp\/v2\/comments?post=11140"}],"wp:featuredmedia":[{"embeddable":true,"href":"https:\/\/www.starcatering.at\/shop\/wp-json\/wp\/v2\/media\/11435"}],"wp:attachment":[{"href":"https:\/\/www.starcatering.at\/shop\/wp-json\/wp\/v2\/media?parent=11140"}],"wp:term":[{"taxonomy":"product_brand","embeddable":true,"href":"https:\/\/www.starcatering.at\/shop\/wp-json\/wp\/v2\/product_brand?post=11140"},{"taxonomy":"product_cat","embeddable":true,"href":"https:\/\/www.starcatering.at\/shop\/wp-json\/wp\/v2\/product_cat?post=11140"},{"taxonomy":"product_tag","embeddable":true,"href":"https:\/\/www.starcatering.at\/shop\/wp-json\/wp\/v2\/product_tag?post=11140"}],"curies":[{"name":"wp","href":"https:\/\/api.w.org\/{rel}","templated":true}]}}