{"id":11151,"date":"2024-07-02T17:57:12","date_gmt":"2024-07-02T15:57:12","guid":{"rendered":"https:\/\/www.starcatering.at\/shop\/?post_type=product&#038;p=11151"},"modified":"2024-09-22T11:17:57","modified_gmt":"2024-09-22T09:17:57","slug":"spiralbindegeraet-combbind-c340-gebraucht","status":"publish","type":"product","link":"https:\/\/www.starcatering.at\/shop\/produkt\/spiralbindegeraet-combbind-c340-gebraucht\/","title":{"rendered":"Spiralbindeger\u00e4t CombBind\u00ae C340 (gebraucht)"},"content":{"rendered":"<p>GBC Bindeger\u00e4t C340 4400420. Das CombBind C450E eignet sich ideal f\u00fcr B\u00fcros mit mittlerem Bindebedarf. Das Stanzen des Papiers erfolgt elektrisch und vereinfacht dadurch den Prozess noch mehr. Das C450E stanzt bis zu 25 Blatt (80g\/qm) und bindet bis zu 450 Blatt, eignet sich f\u00fcr A3-Querformat, A4 oder A5 und ist u.a. mit einem Papierseparator f\u00fcr die optimale Anzahl an Bl\u00e4ttern und automatische Zentrierung, ausgestattet.<\/p>\n<p>Auch bei uns erh\u00e4ltlich: <span style=\"color: #ff6600;\"><strong><a style=\"color: #ff6600;\" href=\"https:\/\/www.starcatering.at\/shop\/produkt\/einbanddeckel-a4-pvc-100-stk-packung\/\">Einbanddeckel A4 transparent<\/a><\/strong><\/span><\/p>\n","protected":false},"excerpt":{"rendered":"<ul>\n<li>Professionelles Manuell-Bindeger\u00e4t<\/li>\n<li>Locht bis zu 25 Blatt (80 g\/m\u00b2)<\/li>\n<li>Bindet bis zu 450 Blatt (80 g\/m\u00b2) bei Verwendung von GBC Plastikbinder\u00fccken 51 mm<\/li>\n<li>Bindet Dokumente im Format A4 hoch bzw. A3 quer mit einem GBC Plastikbinder\u00fccken A4<\/li>\n<li>Quickstep-Benutzerf\u00fchrung f\u00fcr fehlerfreies Binden<\/li>\n<li>Der Papierseparator teilt Dokumente in 25-Blatt-Stapel und erm\u00f6glicht effizientes Stanzen<\/li>\n<li>Mit automatischer Zentrierungsfunktion f\u00fcr die perfekte Ausrichtung<\/li>\n<\/ul>\n","protected":false},"featured_media":11154,"comment_status":"open","ping_status":"closed","template":"","meta":{"_et_pb_use_builder":"","_et_pb_old_content":"","_et_gb_content_width":""},"product_brand":[],"product_cat":[996],"product_tag":[2267,2265,999,2266,2268,2264,2263],"class_list":{"0":"post-11151","1":"product","2":"type-product","3":"status-publish","4":"has-post-thumbnail","6":"product_cat-bueromaterial","7":"product_tag-2267","8":"product_tag-binden","9":"product_tag-buero","10":"product_tag-combind","11":"product_tag-proffesional","12":"product_tag-spiral","13":"product_tag-spiralbindegeraet","15":"first","16":"instock","17":"sale","18":"taxable","19":"shipping-taxable","20":"purchasable","21":"product-type-simple"},"yoast_head":"<!-- This site is optimized with the Yoast SEO plugin v27.5 - https:\/\/yoast.com\/product\/yoast-seo-wordpress\/ -->\n<title>Spiralbindeger\u00e4t CombBind\u00ae C340 (gebraucht) &#187; StarCatering %-Shop<\/title>\n<meta name=\"description\" content=\"Spiralbindeger\u00e4t CombBind\u00ae C340 (gebraucht)\" \/>\n<meta name=\"robots\" content=\"index, follow, max-snippet:-1, max-image-preview:large, max-video-preview:-1\" \/>\n<link rel=\"canonical\" href=\"https:\/\/www.starcatering.at\/shop\/produkt\/spiralbindegeraet-combbind-c340-gebraucht\/\" \/>\n<meta property=\"og:locale\" content=\"de_DE\" \/>\n<meta property=\"og:type\" content=\"article\" \/>\n<meta property=\"og:title\" content=\"Spiralbindeger\u00e4t CombBind\u00ae C340 (gebraucht)\" \/>\n<meta property=\"og:description\" content=\"Spiralbindeger\u00e4t CombBind\u00ae C340 (gebraucht)\" \/>\n<meta property=\"og:url\" content=\"https:\/\/www.starcatering.at\/shop\/produkt\/spiralbindegeraet-combbind-c340-gebraucht\/\" \/>\n<meta property=\"og:site_name\" content=\"StarCatering %-Shop\" \/>\n<meta property=\"article:modified_time\" content=\"2024-09-22T09:17:57+00:00\" \/>\n<meta property=\"og:image\" content=\"https:\/\/www.starcatering.at\/shop\/wp-content\/uploads\/2024\/08\/Spiralbingegeraet_komplett.jpg\" \/>\n\t<meta property=\"og:image:width\" content=\"500\" \/>\n\t<meta property=\"og:image:height\" content=\"500\" \/>\n\t<meta property=\"og:image:type\" content=\"image\/jpeg\" \/>\n<meta name=\"twitter:card\" content=\"summary_large_image\" \/>\n<meta name=\"twitter:title\" content=\"Spiralbindeger\u00e4t CombBind\u00ae C340 (gebraucht)\" \/>\n<meta name=\"twitter:description\" content=\"Spiralbindeger\u00e4t CombBind\u00ae C340 (gebraucht)\" \/>\n<meta name=\"twitter:image\" content=\"https:\/\/www.starcatering.at\/shop\/wp-content\/uploads\/2024\/08\/Spiralbingegeraet_komplett.jpg\" \/>\n<meta name=\"twitter:label1\" content=\"Gesch\u00e4tzte Lesezeit\" \/>\n\t<meta name=\"twitter:data1\" content=\"1\u00a0Minute\" \/>\n<script type=\"application\/ld+json\" class=\"yoast-schema-graph\">{\"@context\":\"https:\\\/\\\/schema.org\",\"@graph\":[{\"@type\":\"WebPage\",\"@id\":\"https:\\\/\\\/www.starcatering.at\\\/shop\\\/produkt\\\/spiralbindegeraet-combbind-c340-gebraucht\\\/\",\"url\":\"https:\\\/\\\/www.starcatering.at\\\/shop\\\/produkt\\\/spiralbindegeraet-combbind-c340-gebraucht\\\/\",\"name\":\"Spiralbindeger\u00e4t CombBind\u00ae C340 (gebraucht) &#187; StarCatering %-Shop\",\"isPartOf\":{\"@id\":\"https:\\\/\\\/www.starcatering.at\\\/shop\\\/#website\"},\"primaryImageOfPage\":{\"@id\":\"https:\\\/\\\/www.starcatering.at\\\/shop\\\/produkt\\\/spiralbindegeraet-combbind-c340-gebraucht\\\/#primaryimage\"},\"image\":{\"@id\":\"https:\\\/\\\/www.starcatering.at\\\/shop\\\/produkt\\\/spiralbindegeraet-combbind-c340-gebraucht\\\/#primaryimage\"},\"thumbnailUrl\":\"https:\\\/\\\/www.starcatering.at\\\/shop\\\/wp-content\\\/uploads\\\/2024\\\/08\\\/Spiralbingegeraet_komplett.jpg\",\"datePublished\":\"2024-07-02T15:57:12+00:00\",\"dateModified\":\"2024-09-22T09:17:57+00:00\",\"description\":\"Spiralbindeger\u00e4t CombBind\u00ae C340 (gebraucht)\",\"breadcrumb\":{\"@id\":\"https:\\\/\\\/www.starcatering.at\\\/shop\\\/produkt\\\/spiralbindegeraet-combbind-c340-gebraucht\\\/#breadcrumb\"},\"inLanguage\":\"de\",\"potentialAction\":[{\"@type\":\"ReadAction\",\"target\":[\"https:\\\/\\\/www.starcatering.at\\\/shop\\\/produkt\\\/spiralbindegeraet-combbind-c340-gebraucht\\\/\"]}]},{\"@type\":\"ImageObject\",\"inLanguage\":\"de\",\"@id\":\"https:\\\/\\\/www.starcatering.at\\\/shop\\\/produkt\\\/spiralbindegeraet-combbind-c340-gebraucht\\\/#primaryimage\",\"url\":\"https:\\\/\\\/www.starcatering.at\\\/shop\\\/wp-content\\\/uploads\\\/2024\\\/08\\\/Spiralbingegeraet_komplett.jpg\",\"contentUrl\":\"https:\\\/\\\/www.starcatering.at\\\/shop\\\/wp-content\\\/uploads\\\/2024\\\/08\\\/Spiralbingegeraet_komplett.jpg\",\"width\":500,\"height\":500},{\"@type\":\"BreadcrumbList\",\"@id\":\"https:\\\/\\\/www.starcatering.at\\\/shop\\\/produkt\\\/spiralbindegeraet-combbind-c340-gebraucht\\\/#breadcrumb\",\"itemListElement\":[{\"@type\":\"ListItem\",\"position\":1,\"name\":\"Startseite\",\"item\":\"https:\\\/\\\/www.starcatering.at\\\/shop\\\/\"},{\"@type\":\"ListItem\",\"position\":2,\"name\":\"Shop\",\"item\":\"https:\\\/\\\/www.starcatering.at\\\/shop\\\/shop\\\/\"},{\"@type\":\"ListItem\",\"position\":3,\"name\":\"Spiralbindeger\u00e4t CombBind\u00ae C340 (gebraucht)\"}]},{\"@type\":\"WebSite\",\"@id\":\"https:\\\/\\\/www.starcatering.at\\\/shop\\\/#website\",\"url\":\"https:\\\/\\\/www.starcatering.at\\\/shop\\\/\",\"name\":\"Carnuntum Foods\",\"description\":\"Abverkaufsartikel\",\"publisher\":{\"@id\":\"https:\\\/\\\/www.starcatering.at\\\/shop\\\/#organization\"},\"potentialAction\":[{\"@type\":\"SearchAction\",\"target\":{\"@type\":\"EntryPoint\",\"urlTemplate\":\"https:\\\/\\\/www.starcatering.at\\\/shop\\\/?s={search_term_string}\"},\"query-input\":{\"@type\":\"PropertyValueSpecification\",\"valueRequired\":true,\"valueName\":\"search_term_string\"}}],\"inLanguage\":\"de\"},{\"@type\":\"Organization\",\"@id\":\"https:\\\/\\\/www.starcatering.at\\\/shop\\\/#organization\",\"name\":\"Carnuntumfoods\",\"url\":\"https:\\\/\\\/www.starcatering.at\\\/shop\\\/\",\"logo\":{\"@type\":\"ImageObject\",\"inLanguage\":\"de\",\"@id\":\"https:\\\/\\\/www.starcatering.at\\\/shop\\\/#\\\/schema\\\/logo\\\/image\\\/\",\"url\":\"https:\\\/\\\/www.starcatering.at\\\/shop\\\/wp-content\\\/uploads\\\/2021\\\/08\\\/cropped-logo.png\",\"contentUrl\":\"https:\\\/\\\/www.starcatering.at\\\/shop\\\/wp-content\\\/uploads\\\/2021\\\/08\\\/cropped-logo.png\",\"width\":512,\"height\":512,\"caption\":\"Carnuntumfoods\"},\"image\":{\"@id\":\"https:\\\/\\\/www.starcatering.at\\\/shop\\\/#\\\/schema\\\/logo\\\/image\\\/\"}}]}<\/script>\n<!-- \/ Yoast SEO plugin. -->","yoast_head_json":{"title":"Spiralbindeger\u00e4t CombBind\u00ae C340 (gebraucht) &#187; StarCatering %-Shop","description":"Spiralbindeger\u00e4t CombBind\u00ae C340 (gebraucht)","robots":{"index":"index","follow":"follow","max-snippet":"max-snippet:-1","max-image-preview":"max-image-preview:large","max-video-preview":"max-video-preview:-1"},"canonical":"https:\/\/www.starcatering.at\/shop\/produkt\/spiralbindegeraet-combbind-c340-gebraucht\/","og_locale":"de_DE","og_type":"article","og_title":"Spiralbindeger\u00e4t CombBind\u00ae C340 (gebraucht)","og_description":"Spiralbindeger\u00e4t CombBind\u00ae C340 (gebraucht)","og_url":"https:\/\/www.starcatering.at\/shop\/produkt\/spiralbindegeraet-combbind-c340-gebraucht\/","og_site_name":"StarCatering %-Shop","article_modified_time":"2024-09-22T09:17:57+00:00","og_image":[{"width":500,"height":500,"url":"https:\/\/www.starcatering.at\/shop\/wp-content\/uploads\/2024\/08\/Spiralbingegeraet_komplett.jpg","type":"image\/jpeg"}],"twitter_card":"summary_large_image","twitter_title":"Spiralbindeger\u00e4t CombBind\u00ae C340 (gebraucht)","twitter_description":"Spiralbindeger\u00e4t CombBind\u00ae C340 (gebraucht)","twitter_image":"https:\/\/www.starcatering.at\/shop\/wp-content\/uploads\/2024\/08\/Spiralbingegeraet_komplett.jpg","twitter_misc":{"Gesch\u00e4tzte Lesezeit":"1\u00a0Minute"},"schema":{"@context":"https:\/\/schema.org","@graph":[{"@type":"WebPage","@id":"https:\/\/www.starcatering.at\/shop\/produkt\/spiralbindegeraet-combbind-c340-gebraucht\/","url":"https:\/\/www.starcatering.at\/shop\/produkt\/spiralbindegeraet-combbind-c340-gebraucht\/","name":"Spiralbindeger\u00e4t CombBind\u00ae C340 (gebraucht) &#187; StarCatering %-Shop","isPartOf":{"@id":"https:\/\/www.starcatering.at\/shop\/#website"},"primaryImageOfPage":{"@id":"https:\/\/www.starcatering.at\/shop\/produkt\/spiralbindegeraet-combbind-c340-gebraucht\/#primaryimage"},"image":{"@id":"https:\/\/www.starcatering.at\/shop\/produkt\/spiralbindegeraet-combbind-c340-gebraucht\/#primaryimage"},"thumbnailUrl":"https:\/\/www.starcatering.at\/shop\/wp-content\/uploads\/2024\/08\/Spiralbingegeraet_komplett.jpg","datePublished":"2024-07-02T15:57:12+00:00","dateModified":"2024-09-22T09:17:57+00:00","description":"Spiralbindeger\u00e4t CombBind\u00ae C340 (gebraucht)","breadcrumb":{"@id":"https:\/\/www.starcatering.at\/shop\/produkt\/spiralbindegeraet-combbind-c340-gebraucht\/#breadcrumb"},"inLanguage":"de","potentialAction":[{"@type":"ReadAction","target":["https:\/\/www.starcatering.at\/shop\/produkt\/spiralbindegeraet-combbind-c340-gebraucht\/"]}]},{"@type":"ImageObject","inLanguage":"de","@id":"https:\/\/www.starcatering.at\/shop\/produkt\/spiralbindegeraet-combbind-c340-gebraucht\/#primaryimage","url":"https:\/\/www.starcatering.at\/shop\/wp-content\/uploads\/2024\/08\/Spiralbingegeraet_komplett.jpg","contentUrl":"https:\/\/www.starcatering.at\/shop\/wp-content\/uploads\/2024\/08\/Spiralbingegeraet_komplett.jpg","width":500,"height":500},{"@type":"BreadcrumbList","@id":"https:\/\/www.starcatering.at\/shop\/produkt\/spiralbindegeraet-combbind-c340-gebraucht\/#breadcrumb","itemListElement":[{"@type":"ListItem","position":1,"name":"Startseite","item":"https:\/\/www.starcatering.at\/shop\/"},{"@type":"ListItem","position":2,"name":"Shop","item":"https:\/\/www.starcatering.at\/shop\/shop\/"},{"@type":"ListItem","position":3,"name":"Spiralbindeger\u00e4t CombBind\u00ae C340 (gebraucht)"}]},{"@type":"WebSite","@id":"https:\/\/www.starcatering.at\/shop\/#website","url":"https:\/\/www.starcatering.at\/shop\/","name":"Carnuntum Foods","description":"Abverkaufsartikel","publisher":{"@id":"https:\/\/www.starcatering.at\/shop\/#organization"},"potentialAction":[{"@type":"SearchAction","target":{"@type":"EntryPoint","urlTemplate":"https:\/\/www.starcatering.at\/shop\/?s={search_term_string}"},"query-input":{"@type":"PropertyValueSpecification","valueRequired":true,"valueName":"search_term_string"}}],"inLanguage":"de"},{"@type":"Organization","@id":"https:\/\/www.starcatering.at\/shop\/#organization","name":"Carnuntumfoods","url":"https:\/\/www.starcatering.at\/shop\/","logo":{"@type":"ImageObject","inLanguage":"de","@id":"https:\/\/www.starcatering.at\/shop\/#\/schema\/logo\/image\/","url":"https:\/\/www.starcatering.at\/shop\/wp-content\/uploads\/2021\/08\/cropped-logo.png","contentUrl":"https:\/\/www.starcatering.at\/shop\/wp-content\/uploads\/2021\/08\/cropped-logo.png","width":512,"height":512,"caption":"Carnuntumfoods"},"image":{"@id":"https:\/\/www.starcatering.at\/shop\/#\/schema\/logo\/image\/"}}]}},"_links":{"self":[{"href":"https:\/\/www.starcatering.at\/shop\/wp-json\/wp\/v2\/product\/11151","targetHints":{"allow":["GET"]}}],"collection":[{"href":"https:\/\/www.starcatering.at\/shop\/wp-json\/wp\/v2\/product"}],"about":[{"href":"https:\/\/www.starcatering.at\/shop\/wp-json\/wp\/v2\/types\/product"}],"replies":[{"embeddable":true,"href":"https:\/\/www.starcatering.at\/shop\/wp-json\/wp\/v2\/comments?post=11151"}],"wp:featuredmedia":[{"embeddable":true,"href":"https:\/\/www.starcatering.at\/shop\/wp-json\/wp\/v2\/media\/11154"}],"wp:attachment":[{"href":"https:\/\/www.starcatering.at\/shop\/wp-json\/wp\/v2\/media?parent=11151"}],"wp:term":[{"taxonomy":"product_brand","embeddable":true,"href":"https:\/\/www.starcatering.at\/shop\/wp-json\/wp\/v2\/product_brand?post=11151"},{"taxonomy":"product_cat","embeddable":true,"href":"https:\/\/www.starcatering.at\/shop\/wp-json\/wp\/v2\/product_cat?post=11151"},{"taxonomy":"product_tag","embeddable":true,"href":"https:\/\/www.starcatering.at\/shop\/wp-json\/wp\/v2\/product_tag?post=11151"}],"curies":[{"name":"wp","href":"https:\/\/api.w.org\/{rel}","templated":true}]}}