{"id":11226,"date":"2024-09-03T15:49:32","date_gmt":"2024-09-03T13:49:32","guid":{"rendered":"https:\/\/www.starcatering.at\/shop\/?post_type=product&#038;p=11226"},"modified":"2024-09-03T15:53:17","modified_gmt":"2024-09-03T13:53:17","slug":"crepes-spachtel-33cm-schwarz-neuware","status":"publish","type":"product","link":"https:\/\/www.starcatering.at\/shop\/produkt\/crepes-spachtel-33cm-schwarz-neuware\/","title":{"rendered":"Cr\u00eapes-Spachtel 33cm schwarz (NEUWARE)"},"content":{"rendered":"<p class=\"a-spacing-mini a-color-secondary\"><strong>Cr\u00eapes-Spatel aus der \u201eGentle\u201c-Serie<br \/>\n<\/strong>Zaubern Sie perfekte Pfannkuchen, Pancakes oder Cr\u00eapes: Mithilfe des Spatel der zuverl\u00e4ssigen K\u00fcchenhelfer-Serie &#8216;Gentle&#8217; kann der Teig gleichm\u00e4\u00dfig in der Pfanne oder auf dem Cr\u00eape-Maker verstrichen werden. Durch die abgeflachten Kanten l\u00e4sst sich die Mehlspeise m\u00fchelos wenden und auf den Teller heben.<\/p>\n<p class=\"a-spacing-mini a-color-secondary\"><strong>Zuverl\u00e4ssige K\u00fcchenhelfer Made in Germany<br \/>\n<\/strong>Die praktischen K\u00fcchenhelfer aus der Westmark &#8220;Gentle&#8221;-Serie passen mit ihrem schlichten, zeitlosen Design in Schwarz in jede K\u00fcche. Die Serie umfasst eine Reihe von Vorlegeteilen wie z.B. So\u00dfenl\u00f6ffel, Suppenkelle oder Spaghettil\u00f6ffel, aber auch viele praktische K\u00fcchenwerkzeuge wie z.B. Sparsch\u00e4ler, Apfelausstecher, K\u00e4sehobel und vieles mehr. Die hohe Hitzebest\u00e4ndigkeit von 210 Grad Celsius macht die &#8216;Gentle&#8217;-K\u00fcchenhelfer zum ultimativen K\u00fcchen-Utensil. Sie sind einfach zu reinigen und dank Aufh\u00e4nge-\u00d6se platzsparend verstaubar \u2013 damit nach dem Kochen oder Backen schnell wieder Ordnung in der K\u00fcche herrscht.<\/p>\n","protected":false},"excerpt":{"rendered":"<ul>\n<li>Kunststoff Cr\u00eapes Spachtel<\/li>\n<li>33 cm L\u00e4nge<\/li>\n<li><span class=\"a-list-item\">Langer Cr\u00eapes-Spatel aus Kunststoff zum Wenden von Pfannenkuchen, Pancakes oder Cr\u00eapes in der Pfanne, Mit abgeflachten Kanten f\u00fcr das einfache Aufnehmen ihrer Speisen<\/span><\/li>\n<li class=\"a-spacing-mini\"><span class=\"a-list-item\">Kein Zerkratzen von antihaftbeschichtetem Kochgeschirr durch Kunststoffmaterial, verf\u00e4rbungsresistent, hitzebest\u00e4ndig bis 210 \u00b0C<\/span><\/li>\n<li class=\"a-spacing-mini\"><span class=\"a-list-item\">Angenehmer Halt und ergonomisches Arbeiten durch langen, abgerundeten Griff, platzsparend verstaubar dank Aufh\u00e4nge-\u00d6se<\/span><\/li>\n<li class=\"a-spacing-mini\"><span class=\"a-list-item\">Made in Germany; Langlebig, Sorgf\u00e4ltig solide Verarbeitung, einfache Reinigung, sp\u00fclmaschinengeeignet<\/span><\/li>\n<\/ul>\n","protected":false},"featured_media":11227,"comment_status":"open","ping_status":"closed","template":"","meta":{"_et_pb_use_builder":"","_et_pb_old_content":"","_et_gb_content_width":""},"product_brand":[],"product_cat":[458,1373],"product_tag":[703,2290,1518,1519],"class_list":{"0":"post-11226","1":"product","2":"type-product","3":"status-publish","4":"has-post-thumbnail","6":"product_cat-messer-werkzeuge","7":"product_cat-patisserie","8":"product_tag-crepes","9":"product_tag-palatschinken","10":"product_tag-pfannenwender","11":"product_tag-spachtel","13":"first","14":"instock","15":"sale","16":"taxable","17":"shipping-taxable","18":"purchasable","19":"product-type-simple"},"yoast_head":"<!-- This site is optimized with the Yoast SEO plugin v27.5 - https:\/\/yoast.com\/product\/yoast-seo-wordpress\/ -->\n<title>Cr\u00eapes-Spachtel 33cm schwarz (NEUWARE) &#187; StarCatering %-Shop<\/title>\n<meta name=\"description\" content=\"Cr\u00eapes-Spachtel 33cm schwarz (NEUWARE)\" \/>\n<meta name=\"robots\" content=\"index, follow, max-snippet:-1, max-image-preview:large, max-video-preview:-1\" \/>\n<link rel=\"canonical\" href=\"https:\/\/www.starcatering.at\/shop\/produkt\/crepes-spachtel-33cm-schwarz-neuware\/\" \/>\n<meta property=\"og:locale\" content=\"de_DE\" \/>\n<meta property=\"og:type\" content=\"article\" \/>\n<meta property=\"og:title\" content=\"Cr\u00eapes-Spachtel 33cm schwarz (NEUWARE)\" \/>\n<meta property=\"og:description\" content=\"Cr\u00eapes-Spachtel 33cm schwarz (NEUWARE)\" \/>\n<meta property=\"og:url\" content=\"https:\/\/www.starcatering.at\/shop\/produkt\/crepes-spachtel-33cm-schwarz-neuware\/\" \/>\n<meta property=\"og:site_name\" content=\"StarCatering %-Shop\" \/>\n<meta property=\"article:modified_time\" content=\"2024-09-03T13:53:17+00:00\" \/>\n<meta property=\"og:image\" content=\"https:\/\/www.starcatering.at\/shop\/wp-content\/uploads\/2024\/09\/Crepe-Spachtel_Westmark.jpg\" \/>\n\t<meta property=\"og:image:width\" content=\"500\" \/>\n\t<meta property=\"og:image:height\" content=\"500\" \/>\n\t<meta property=\"og:image:type\" content=\"image\/jpeg\" \/>\n<meta name=\"twitter:card\" content=\"summary_large_image\" \/>\n<meta name=\"twitter:title\" content=\"Cr\u00eapes-Spachtel 33cm schwarz (NEUWARE)\" \/>\n<meta name=\"twitter:description\" content=\"Cr\u00eapes-Spachtel 33cm schwarz (NEUWARE)\" \/>\n<meta name=\"twitter:image\" content=\"https:\/\/www.starcatering.at\/shop\/wp-content\/uploads\/2024\/09\/Crepe-Spachtel_Westmark.jpg\" \/>\n<meta name=\"twitter:label1\" content=\"Gesch\u00e4tzte Lesezeit\" \/>\n\t<meta name=\"twitter:data1\" content=\"1\u00a0Minute\" \/>\n<script type=\"application\/ld+json\" class=\"yoast-schema-graph\">{\"@context\":\"https:\\\/\\\/schema.org\",\"@graph\":[{\"@type\":\"WebPage\",\"@id\":\"https:\\\/\\\/www.starcatering.at\\\/shop\\\/produkt\\\/crepes-spachtel-33cm-schwarz-neuware\\\/\",\"url\":\"https:\\\/\\\/www.starcatering.at\\\/shop\\\/produkt\\\/crepes-spachtel-33cm-schwarz-neuware\\\/\",\"name\":\"Cr\u00eapes-Spachtel 33cm schwarz (NEUWARE) &#187; StarCatering %-Shop\",\"isPartOf\":{\"@id\":\"https:\\\/\\\/www.starcatering.at\\\/shop\\\/#website\"},\"primaryImageOfPage\":{\"@id\":\"https:\\\/\\\/www.starcatering.at\\\/shop\\\/produkt\\\/crepes-spachtel-33cm-schwarz-neuware\\\/#primaryimage\"},\"image\":{\"@id\":\"https:\\\/\\\/www.starcatering.at\\\/shop\\\/produkt\\\/crepes-spachtel-33cm-schwarz-neuware\\\/#primaryimage\"},\"thumbnailUrl\":\"https:\\\/\\\/www.starcatering.at\\\/shop\\\/wp-content\\\/uploads\\\/2024\\\/09\\\/Crepe-Spachtel_Westmark.jpg\",\"datePublished\":\"2024-09-03T13:49:32+00:00\",\"dateModified\":\"2024-09-03T13:53:17+00:00\",\"description\":\"Cr\u00eapes-Spachtel 33cm schwarz (NEUWARE)\",\"breadcrumb\":{\"@id\":\"https:\\\/\\\/www.starcatering.at\\\/shop\\\/produkt\\\/crepes-spachtel-33cm-schwarz-neuware\\\/#breadcrumb\"},\"inLanguage\":\"de\",\"potentialAction\":[{\"@type\":\"ReadAction\",\"target\":[\"https:\\\/\\\/www.starcatering.at\\\/shop\\\/produkt\\\/crepes-spachtel-33cm-schwarz-neuware\\\/\"]}]},{\"@type\":\"ImageObject\",\"inLanguage\":\"de\",\"@id\":\"https:\\\/\\\/www.starcatering.at\\\/shop\\\/produkt\\\/crepes-spachtel-33cm-schwarz-neuware\\\/#primaryimage\",\"url\":\"https:\\\/\\\/www.starcatering.at\\\/shop\\\/wp-content\\\/uploads\\\/2024\\\/09\\\/Crepe-Spachtel_Westmark.jpg\",\"contentUrl\":\"https:\\\/\\\/www.starcatering.at\\\/shop\\\/wp-content\\\/uploads\\\/2024\\\/09\\\/Crepe-Spachtel_Westmark.jpg\",\"width\":500,\"height\":500},{\"@type\":\"BreadcrumbList\",\"@id\":\"https:\\\/\\\/www.starcatering.at\\\/shop\\\/produkt\\\/crepes-spachtel-33cm-schwarz-neuware\\\/#breadcrumb\",\"itemListElement\":[{\"@type\":\"ListItem\",\"position\":1,\"name\":\"Startseite\",\"item\":\"https:\\\/\\\/www.starcatering.at\\\/shop\\\/\"},{\"@type\":\"ListItem\",\"position\":2,\"name\":\"Shop\",\"item\":\"https:\\\/\\\/www.starcatering.at\\\/shop\\\/shop\\\/\"},{\"@type\":\"ListItem\",\"position\":3,\"name\":\"Cr\u00eapes-Spachtel 33cm schwarz (NEUWARE)\"}]},{\"@type\":\"WebSite\",\"@id\":\"https:\\\/\\\/www.starcatering.at\\\/shop\\\/#website\",\"url\":\"https:\\\/\\\/www.starcatering.at\\\/shop\\\/\",\"name\":\"Carnuntum Foods\",\"description\":\"Abverkaufsartikel\",\"publisher\":{\"@id\":\"https:\\\/\\\/www.starcatering.at\\\/shop\\\/#organization\"},\"potentialAction\":[{\"@type\":\"SearchAction\",\"target\":{\"@type\":\"EntryPoint\",\"urlTemplate\":\"https:\\\/\\\/www.starcatering.at\\\/shop\\\/?s={search_term_string}\"},\"query-input\":{\"@type\":\"PropertyValueSpecification\",\"valueRequired\":true,\"valueName\":\"search_term_string\"}}],\"inLanguage\":\"de\"},{\"@type\":\"Organization\",\"@id\":\"https:\\\/\\\/www.starcatering.at\\\/shop\\\/#organization\",\"name\":\"Carnuntumfoods\",\"url\":\"https:\\\/\\\/www.starcatering.at\\\/shop\\\/\",\"logo\":{\"@type\":\"ImageObject\",\"inLanguage\":\"de\",\"@id\":\"https:\\\/\\\/www.starcatering.at\\\/shop\\\/#\\\/schema\\\/logo\\\/image\\\/\",\"url\":\"https:\\\/\\\/www.starcatering.at\\\/shop\\\/wp-content\\\/uploads\\\/2021\\\/08\\\/cropped-logo.png\",\"contentUrl\":\"https:\\\/\\\/www.starcatering.at\\\/shop\\\/wp-content\\\/uploads\\\/2021\\\/08\\\/cropped-logo.png\",\"width\":512,\"height\":512,\"caption\":\"Carnuntumfoods\"},\"image\":{\"@id\":\"https:\\\/\\\/www.starcatering.at\\\/shop\\\/#\\\/schema\\\/logo\\\/image\\\/\"}}]}<\/script>\n<!-- \/ Yoast SEO plugin. -->","yoast_head_json":{"title":"Cr\u00eapes-Spachtel 33cm schwarz (NEUWARE) &#187; StarCatering %-Shop","description":"Cr\u00eapes-Spachtel 33cm schwarz (NEUWARE)","robots":{"index":"index","follow":"follow","max-snippet":"max-snippet:-1","max-image-preview":"max-image-preview:large","max-video-preview":"max-video-preview:-1"},"canonical":"https:\/\/www.starcatering.at\/shop\/produkt\/crepes-spachtel-33cm-schwarz-neuware\/","og_locale":"de_DE","og_type":"article","og_title":"Cr\u00eapes-Spachtel 33cm schwarz (NEUWARE)","og_description":"Cr\u00eapes-Spachtel 33cm schwarz (NEUWARE)","og_url":"https:\/\/www.starcatering.at\/shop\/produkt\/crepes-spachtel-33cm-schwarz-neuware\/","og_site_name":"StarCatering %-Shop","article_modified_time":"2024-09-03T13:53:17+00:00","og_image":[{"width":500,"height":500,"url":"https:\/\/www.starcatering.at\/shop\/wp-content\/uploads\/2024\/09\/Crepe-Spachtel_Westmark.jpg","type":"image\/jpeg"}],"twitter_card":"summary_large_image","twitter_title":"Cr\u00eapes-Spachtel 33cm schwarz (NEUWARE)","twitter_description":"Cr\u00eapes-Spachtel 33cm schwarz (NEUWARE)","twitter_image":"https:\/\/www.starcatering.at\/shop\/wp-content\/uploads\/2024\/09\/Crepe-Spachtel_Westmark.jpg","twitter_misc":{"Gesch\u00e4tzte Lesezeit":"1\u00a0Minute"},"schema":{"@context":"https:\/\/schema.org","@graph":[{"@type":"WebPage","@id":"https:\/\/www.starcatering.at\/shop\/produkt\/crepes-spachtel-33cm-schwarz-neuware\/","url":"https:\/\/www.starcatering.at\/shop\/produkt\/crepes-spachtel-33cm-schwarz-neuware\/","name":"Cr\u00eapes-Spachtel 33cm schwarz (NEUWARE) &#187; StarCatering %-Shop","isPartOf":{"@id":"https:\/\/www.starcatering.at\/shop\/#website"},"primaryImageOfPage":{"@id":"https:\/\/www.starcatering.at\/shop\/produkt\/crepes-spachtel-33cm-schwarz-neuware\/#primaryimage"},"image":{"@id":"https:\/\/www.starcatering.at\/shop\/produkt\/crepes-spachtel-33cm-schwarz-neuware\/#primaryimage"},"thumbnailUrl":"https:\/\/www.starcatering.at\/shop\/wp-content\/uploads\/2024\/09\/Crepe-Spachtel_Westmark.jpg","datePublished":"2024-09-03T13:49:32+00:00","dateModified":"2024-09-03T13:53:17+00:00","description":"Cr\u00eapes-Spachtel 33cm schwarz (NEUWARE)","breadcrumb":{"@id":"https:\/\/www.starcatering.at\/shop\/produkt\/crepes-spachtel-33cm-schwarz-neuware\/#breadcrumb"},"inLanguage":"de","potentialAction":[{"@type":"ReadAction","target":["https:\/\/www.starcatering.at\/shop\/produkt\/crepes-spachtel-33cm-schwarz-neuware\/"]}]},{"@type":"ImageObject","inLanguage":"de","@id":"https:\/\/www.starcatering.at\/shop\/produkt\/crepes-spachtel-33cm-schwarz-neuware\/#primaryimage","url":"https:\/\/www.starcatering.at\/shop\/wp-content\/uploads\/2024\/09\/Crepe-Spachtel_Westmark.jpg","contentUrl":"https:\/\/www.starcatering.at\/shop\/wp-content\/uploads\/2024\/09\/Crepe-Spachtel_Westmark.jpg","width":500,"height":500},{"@type":"BreadcrumbList","@id":"https:\/\/www.starcatering.at\/shop\/produkt\/crepes-spachtel-33cm-schwarz-neuware\/#breadcrumb","itemListElement":[{"@type":"ListItem","position":1,"name":"Startseite","item":"https:\/\/www.starcatering.at\/shop\/"},{"@type":"ListItem","position":2,"name":"Shop","item":"https:\/\/www.starcatering.at\/shop\/shop\/"},{"@type":"ListItem","position":3,"name":"Cr\u00eapes-Spachtel 33cm schwarz (NEUWARE)"}]},{"@type":"WebSite","@id":"https:\/\/www.starcatering.at\/shop\/#website","url":"https:\/\/www.starcatering.at\/shop\/","name":"Carnuntum Foods","description":"Abverkaufsartikel","publisher":{"@id":"https:\/\/www.starcatering.at\/shop\/#organization"},"potentialAction":[{"@type":"SearchAction","target":{"@type":"EntryPoint","urlTemplate":"https:\/\/www.starcatering.at\/shop\/?s={search_term_string}"},"query-input":{"@type":"PropertyValueSpecification","valueRequired":true,"valueName":"search_term_string"}}],"inLanguage":"de"},{"@type":"Organization","@id":"https:\/\/www.starcatering.at\/shop\/#organization","name":"Carnuntumfoods","url":"https:\/\/www.starcatering.at\/shop\/","logo":{"@type":"ImageObject","inLanguage":"de","@id":"https:\/\/www.starcatering.at\/shop\/#\/schema\/logo\/image\/","url":"https:\/\/www.starcatering.at\/shop\/wp-content\/uploads\/2021\/08\/cropped-logo.png","contentUrl":"https:\/\/www.starcatering.at\/shop\/wp-content\/uploads\/2021\/08\/cropped-logo.png","width":512,"height":512,"caption":"Carnuntumfoods"},"image":{"@id":"https:\/\/www.starcatering.at\/shop\/#\/schema\/logo\/image\/"}}]}},"_links":{"self":[{"href":"https:\/\/www.starcatering.at\/shop\/wp-json\/wp\/v2\/product\/11226","targetHints":{"allow":["GET"]}}],"collection":[{"href":"https:\/\/www.starcatering.at\/shop\/wp-json\/wp\/v2\/product"}],"about":[{"href":"https:\/\/www.starcatering.at\/shop\/wp-json\/wp\/v2\/types\/product"}],"replies":[{"embeddable":true,"href":"https:\/\/www.starcatering.at\/shop\/wp-json\/wp\/v2\/comments?post=11226"}],"wp:featuredmedia":[{"embeddable":true,"href":"https:\/\/www.starcatering.at\/shop\/wp-json\/wp\/v2\/media\/11227"}],"wp:attachment":[{"href":"https:\/\/www.starcatering.at\/shop\/wp-json\/wp\/v2\/media?parent=11226"}],"wp:term":[{"taxonomy":"product_brand","embeddable":true,"href":"https:\/\/www.starcatering.at\/shop\/wp-json\/wp\/v2\/product_brand?post=11226"},{"taxonomy":"product_cat","embeddable":true,"href":"https:\/\/www.starcatering.at\/shop\/wp-json\/wp\/v2\/product_cat?post=11226"},{"taxonomy":"product_tag","embeddable":true,"href":"https:\/\/www.starcatering.at\/shop\/wp-json\/wp\/v2\/product_tag?post=11226"}],"curies":[{"name":"wp","href":"https:\/\/api.w.org\/{rel}","templated":true}]}}