{"id":11309,"date":"2024-09-22T11:28:11","date_gmt":"2024-09-22T09:28:11","guid":{"rendered":"https:\/\/www.starcatering.at\/shop\/?post_type=product&#038;p=11309"},"modified":"2025-08-16T12:46:08","modified_gmt":"2025-08-16T10:46:08","slug":"switch-8-port-rj45-planet-fast-ethernet-4-port-poe-gebraucht","status":"publish","type":"product","link":"https:\/\/www.starcatering.at\/shop\/produkt\/switch-8-port-rj45-planet-fast-ethernet-4-port-poe-gebraucht\/","title":{"rendered":"Switch 8-Port RJ45 Planet Fast Ethernet 4-Port PoE (gebraucht)"},"content":{"rendered":"<p>Switch 8-Port RJ45 Planet Fast Ethernet 4-Port PoE (gebraucht)<\/p>\n<p>PLANET FSD-804P ist mit acht 10 \/ 100BASE-TX-Ports ausgestattet, von denen vier 802.3at PoE + Kupferschnittstellen sind. Zur Kosteneinsparung und flexiblen Nutzung der PoE-Stromversorgung stellt die H\u00e4lfte der 10 \/ 100Mbps-TP-Ports des FSD-804P eine PoE-Power-Injector-Funktion bereit, die 4 IEEE 802.3at \/ af-konforme Ger\u00e4te treiben kann. F\u00fcr SOHO- oder Abteilungsnetzwerke bietet der Switch au\u00dferdem eine einfache, kosteng\u00fcnstige und hochzuverl\u00e4ssige Netzwerkverbindung f\u00fcr Daten und Strom. Dar\u00fcber hinaus ist es das ideale Ger\u00e4t zur \u00dcberbr\u00fcckung von Ethernet- und Fast-Ethernet-Arbeitsgruppen oder -Netzwerken.<\/p>\n","protected":false},"excerpt":{"rendered":"<ul>\n<li>Switch 8-Port RJ45 Planet Fast Ethernet 4-Port PoE<\/li>\n<li>inkl. Kaltger\u00e4te-Netzkabel<\/li>\n<li>gebraucht in sehr gutem Zustand (ohne Verpackung)<\/li>\n<li>55 W<\/li>\n<\/ul>\n<p>Technische Details in Englisch <a href=\"https:\/\/www.starcatering.at\/shop\/wp-content\/uploads\/2024\/09\/Switch-FSD804PS.pdf\"><span style=\"color: #ff6600;\"><strong>hier<\/strong><\/span><\/a>.<\/p>\n","protected":false},"featured_media":11310,"comment_status":"open","ping_status":"closed","template":"","meta":{"_et_pb_use_builder":"","_et_pb_old_content":"","_et_gb_content_width":""},"product_brand":[],"product_cat":[996],"product_tag":[2313,2314,1914,2309,2311,2310,2312,2308],"class_list":{"0":"post-11309","1":"product","2":"type-product","3":"status-publish","4":"has-post-thumbnail","6":"product_cat-bueromaterial","7":"product_tag-ethernet","8":"product_tag-it","9":"product_tag-netzwerk","10":"product_tag-planet","11":"product_tag-poe","12":"product_tag-port","13":"product_tag-rj45","14":"product_tag-switch","16":"first","17":"instock","18":"sale","19":"taxable","20":"shipping-taxable","21":"purchasable","22":"product-type-simple"},"yoast_head":"<!-- This site is optimized with the Yoast SEO plugin v27.5 - https:\/\/yoast.com\/product\/yoast-seo-wordpress\/ -->\n<title>Switch 8-Port RJ45 Planet Fast Ethernet 4-Port PoE (gebraucht) &#187; StarCatering %-Shop<\/title>\n<meta name=\"description\" content=\"Switch 8-Port RJ45 Planet Fast Ethernet 4-Port PoE (gebraucht)\" \/>\n<meta name=\"robots\" content=\"index, follow, max-snippet:-1, max-image-preview:large, max-video-preview:-1\" \/>\n<link rel=\"canonical\" href=\"https:\/\/www.starcatering.at\/shop\/produkt\/switch-8-port-rj45-planet-fast-ethernet-4-port-poe-gebraucht\/\" \/>\n<meta property=\"og:locale\" content=\"de_DE\" \/>\n<meta property=\"og:type\" content=\"article\" \/>\n<meta property=\"og:title\" content=\"Switch 8-Port RJ45 Planet Fast Ethernet 4-Port PoE (gebraucht)\" \/>\n<meta property=\"og:description\" content=\"Switch 8-Port RJ45 Planet Fast Ethernet 4-Port PoE (gebraucht)\" \/>\n<meta property=\"og:url\" content=\"https:\/\/www.starcatering.at\/shop\/produkt\/switch-8-port-rj45-planet-fast-ethernet-4-port-poe-gebraucht\/\" \/>\n<meta property=\"og:site_name\" content=\"StarCatering %-Shop\" \/>\n<meta property=\"article:modified_time\" content=\"2025-08-16T10:46:08+00:00\" \/>\n<meta property=\"og:image\" content=\"https:\/\/www.starcatering.at\/shop\/wp-content\/uploads\/2024\/09\/Switch_FSD_804PS_96188.jpg\" \/>\n\t<meta property=\"og:image:width\" content=\"500\" \/>\n\t<meta property=\"og:image:height\" content=\"500\" \/>\n\t<meta property=\"og:image:type\" content=\"image\/jpeg\" \/>\n<meta name=\"twitter:card\" content=\"summary_large_image\" \/>\n<meta name=\"twitter:title\" content=\"Switch 8-Port RJ45 Planet Fast Ethernet 4-Port PoE (gebraucht)\" \/>\n<meta name=\"twitter:description\" content=\"Switch 8-Port RJ45 Planet Fast Ethernet 4-Port PoE (gebraucht)\" \/>\n<meta name=\"twitter:image\" content=\"https:\/\/www.starcatering.at\/shop\/wp-content\/uploads\/2024\/09\/Switch_FSD_804PS_96188.jpg\" \/>\n<meta name=\"twitter:label1\" content=\"Gesch\u00e4tzte Lesezeit\" \/>\n\t<meta name=\"twitter:data1\" content=\"1\u00a0Minute\" \/>\n<script type=\"application\/ld+json\" class=\"yoast-schema-graph\">{\"@context\":\"https:\\\/\\\/schema.org\",\"@graph\":[{\"@type\":\"WebPage\",\"@id\":\"https:\\\/\\\/www.starcatering.at\\\/shop\\\/produkt\\\/switch-8-port-rj45-planet-fast-ethernet-4-port-poe-gebraucht\\\/\",\"url\":\"https:\\\/\\\/www.starcatering.at\\\/shop\\\/produkt\\\/switch-8-port-rj45-planet-fast-ethernet-4-port-poe-gebraucht\\\/\",\"name\":\"Switch 8-Port RJ45 Planet Fast Ethernet 4-Port PoE (gebraucht) &#187; StarCatering %-Shop\",\"isPartOf\":{\"@id\":\"https:\\\/\\\/www.starcatering.at\\\/shop\\\/#website\"},\"primaryImageOfPage\":{\"@id\":\"https:\\\/\\\/www.starcatering.at\\\/shop\\\/produkt\\\/switch-8-port-rj45-planet-fast-ethernet-4-port-poe-gebraucht\\\/#primaryimage\"},\"image\":{\"@id\":\"https:\\\/\\\/www.starcatering.at\\\/shop\\\/produkt\\\/switch-8-port-rj45-planet-fast-ethernet-4-port-poe-gebraucht\\\/#primaryimage\"},\"thumbnailUrl\":\"https:\\\/\\\/www.starcatering.at\\\/shop\\\/wp-content\\\/uploads\\\/2024\\\/09\\\/Switch_FSD_804PS_96188.jpg\",\"datePublished\":\"2024-09-22T09:28:11+00:00\",\"dateModified\":\"2025-08-16T10:46:08+00:00\",\"description\":\"Switch 8-Port RJ45 Planet Fast Ethernet 4-Port PoE (gebraucht)\",\"breadcrumb\":{\"@id\":\"https:\\\/\\\/www.starcatering.at\\\/shop\\\/produkt\\\/switch-8-port-rj45-planet-fast-ethernet-4-port-poe-gebraucht\\\/#breadcrumb\"},\"inLanguage\":\"de\",\"potentialAction\":[{\"@type\":\"ReadAction\",\"target\":[\"https:\\\/\\\/www.starcatering.at\\\/shop\\\/produkt\\\/switch-8-port-rj45-planet-fast-ethernet-4-port-poe-gebraucht\\\/\"]}]},{\"@type\":\"ImageObject\",\"inLanguage\":\"de\",\"@id\":\"https:\\\/\\\/www.starcatering.at\\\/shop\\\/produkt\\\/switch-8-port-rj45-planet-fast-ethernet-4-port-poe-gebraucht\\\/#primaryimage\",\"url\":\"https:\\\/\\\/www.starcatering.at\\\/shop\\\/wp-content\\\/uploads\\\/2024\\\/09\\\/Switch_FSD_804PS_96188.jpg\",\"contentUrl\":\"https:\\\/\\\/www.starcatering.at\\\/shop\\\/wp-content\\\/uploads\\\/2024\\\/09\\\/Switch_FSD_804PS_96188.jpg\",\"width\":500,\"height\":500},{\"@type\":\"BreadcrumbList\",\"@id\":\"https:\\\/\\\/www.starcatering.at\\\/shop\\\/produkt\\\/switch-8-port-rj45-planet-fast-ethernet-4-port-poe-gebraucht\\\/#breadcrumb\",\"itemListElement\":[{\"@type\":\"ListItem\",\"position\":1,\"name\":\"Startseite\",\"item\":\"https:\\\/\\\/www.starcatering.at\\\/shop\\\/\"},{\"@type\":\"ListItem\",\"position\":2,\"name\":\"Shop\",\"item\":\"https:\\\/\\\/www.starcatering.at\\\/shop\\\/shop\\\/\"},{\"@type\":\"ListItem\",\"position\":3,\"name\":\"Switch 8-Port RJ45 Planet Fast Ethernet 4-Port PoE (gebraucht)\"}]},{\"@type\":\"WebSite\",\"@id\":\"https:\\\/\\\/www.starcatering.at\\\/shop\\\/#website\",\"url\":\"https:\\\/\\\/www.starcatering.at\\\/shop\\\/\",\"name\":\"Carnuntum Foods\",\"description\":\"Abverkaufsartikel\",\"publisher\":{\"@id\":\"https:\\\/\\\/www.starcatering.at\\\/shop\\\/#organization\"},\"potentialAction\":[{\"@type\":\"SearchAction\",\"target\":{\"@type\":\"EntryPoint\",\"urlTemplate\":\"https:\\\/\\\/www.starcatering.at\\\/shop\\\/?s={search_term_string}\"},\"query-input\":{\"@type\":\"PropertyValueSpecification\",\"valueRequired\":true,\"valueName\":\"search_term_string\"}}],\"inLanguage\":\"de\"},{\"@type\":\"Organization\",\"@id\":\"https:\\\/\\\/www.starcatering.at\\\/shop\\\/#organization\",\"name\":\"Carnuntumfoods\",\"url\":\"https:\\\/\\\/www.starcatering.at\\\/shop\\\/\",\"logo\":{\"@type\":\"ImageObject\",\"inLanguage\":\"de\",\"@id\":\"https:\\\/\\\/www.starcatering.at\\\/shop\\\/#\\\/schema\\\/logo\\\/image\\\/\",\"url\":\"https:\\\/\\\/www.starcatering.at\\\/shop\\\/wp-content\\\/uploads\\\/2021\\\/08\\\/cropped-logo.png\",\"contentUrl\":\"https:\\\/\\\/www.starcatering.at\\\/shop\\\/wp-content\\\/uploads\\\/2021\\\/08\\\/cropped-logo.png\",\"width\":512,\"height\":512,\"caption\":\"Carnuntumfoods\"},\"image\":{\"@id\":\"https:\\\/\\\/www.starcatering.at\\\/shop\\\/#\\\/schema\\\/logo\\\/image\\\/\"}}]}<\/script>\n<!-- \/ Yoast SEO plugin. -->","yoast_head_json":{"title":"Switch 8-Port RJ45 Planet Fast Ethernet 4-Port PoE (gebraucht) &#187; StarCatering %-Shop","description":"Switch 8-Port RJ45 Planet Fast Ethernet 4-Port PoE (gebraucht)","robots":{"index":"index","follow":"follow","max-snippet":"max-snippet:-1","max-image-preview":"max-image-preview:large","max-video-preview":"max-video-preview:-1"},"canonical":"https:\/\/www.starcatering.at\/shop\/produkt\/switch-8-port-rj45-planet-fast-ethernet-4-port-poe-gebraucht\/","og_locale":"de_DE","og_type":"article","og_title":"Switch 8-Port RJ45 Planet Fast Ethernet 4-Port PoE (gebraucht)","og_description":"Switch 8-Port RJ45 Planet Fast Ethernet 4-Port PoE (gebraucht)","og_url":"https:\/\/www.starcatering.at\/shop\/produkt\/switch-8-port-rj45-planet-fast-ethernet-4-port-poe-gebraucht\/","og_site_name":"StarCatering %-Shop","article_modified_time":"2025-08-16T10:46:08+00:00","og_image":[{"width":500,"height":500,"url":"https:\/\/www.starcatering.at\/shop\/wp-content\/uploads\/2024\/09\/Switch_FSD_804PS_96188.jpg","type":"image\/jpeg"}],"twitter_card":"summary_large_image","twitter_title":"Switch 8-Port RJ45 Planet Fast Ethernet 4-Port PoE (gebraucht)","twitter_description":"Switch 8-Port RJ45 Planet Fast Ethernet 4-Port PoE (gebraucht)","twitter_image":"https:\/\/www.starcatering.at\/shop\/wp-content\/uploads\/2024\/09\/Switch_FSD_804PS_96188.jpg","twitter_misc":{"Gesch\u00e4tzte Lesezeit":"1\u00a0Minute"},"schema":{"@context":"https:\/\/schema.org","@graph":[{"@type":"WebPage","@id":"https:\/\/www.starcatering.at\/shop\/produkt\/switch-8-port-rj45-planet-fast-ethernet-4-port-poe-gebraucht\/","url":"https:\/\/www.starcatering.at\/shop\/produkt\/switch-8-port-rj45-planet-fast-ethernet-4-port-poe-gebraucht\/","name":"Switch 8-Port RJ45 Planet Fast Ethernet 4-Port PoE (gebraucht) &#187; StarCatering %-Shop","isPartOf":{"@id":"https:\/\/www.starcatering.at\/shop\/#website"},"primaryImageOfPage":{"@id":"https:\/\/www.starcatering.at\/shop\/produkt\/switch-8-port-rj45-planet-fast-ethernet-4-port-poe-gebraucht\/#primaryimage"},"image":{"@id":"https:\/\/www.starcatering.at\/shop\/produkt\/switch-8-port-rj45-planet-fast-ethernet-4-port-poe-gebraucht\/#primaryimage"},"thumbnailUrl":"https:\/\/www.starcatering.at\/shop\/wp-content\/uploads\/2024\/09\/Switch_FSD_804PS_96188.jpg","datePublished":"2024-09-22T09:28:11+00:00","dateModified":"2025-08-16T10:46:08+00:00","description":"Switch 8-Port RJ45 Planet Fast Ethernet 4-Port PoE (gebraucht)","breadcrumb":{"@id":"https:\/\/www.starcatering.at\/shop\/produkt\/switch-8-port-rj45-planet-fast-ethernet-4-port-poe-gebraucht\/#breadcrumb"},"inLanguage":"de","potentialAction":[{"@type":"ReadAction","target":["https:\/\/www.starcatering.at\/shop\/produkt\/switch-8-port-rj45-planet-fast-ethernet-4-port-poe-gebraucht\/"]}]},{"@type":"ImageObject","inLanguage":"de","@id":"https:\/\/www.starcatering.at\/shop\/produkt\/switch-8-port-rj45-planet-fast-ethernet-4-port-poe-gebraucht\/#primaryimage","url":"https:\/\/www.starcatering.at\/shop\/wp-content\/uploads\/2024\/09\/Switch_FSD_804PS_96188.jpg","contentUrl":"https:\/\/www.starcatering.at\/shop\/wp-content\/uploads\/2024\/09\/Switch_FSD_804PS_96188.jpg","width":500,"height":500},{"@type":"BreadcrumbList","@id":"https:\/\/www.starcatering.at\/shop\/produkt\/switch-8-port-rj45-planet-fast-ethernet-4-port-poe-gebraucht\/#breadcrumb","itemListElement":[{"@type":"ListItem","position":1,"name":"Startseite","item":"https:\/\/www.starcatering.at\/shop\/"},{"@type":"ListItem","position":2,"name":"Shop","item":"https:\/\/www.starcatering.at\/shop\/shop\/"},{"@type":"ListItem","position":3,"name":"Switch 8-Port RJ45 Planet Fast Ethernet 4-Port PoE (gebraucht)"}]},{"@type":"WebSite","@id":"https:\/\/www.starcatering.at\/shop\/#website","url":"https:\/\/www.starcatering.at\/shop\/","name":"Carnuntum Foods","description":"Abverkaufsartikel","publisher":{"@id":"https:\/\/www.starcatering.at\/shop\/#organization"},"potentialAction":[{"@type":"SearchAction","target":{"@type":"EntryPoint","urlTemplate":"https:\/\/www.starcatering.at\/shop\/?s={search_term_string}"},"query-input":{"@type":"PropertyValueSpecification","valueRequired":true,"valueName":"search_term_string"}}],"inLanguage":"de"},{"@type":"Organization","@id":"https:\/\/www.starcatering.at\/shop\/#organization","name":"Carnuntumfoods","url":"https:\/\/www.starcatering.at\/shop\/","logo":{"@type":"ImageObject","inLanguage":"de","@id":"https:\/\/www.starcatering.at\/shop\/#\/schema\/logo\/image\/","url":"https:\/\/www.starcatering.at\/shop\/wp-content\/uploads\/2021\/08\/cropped-logo.png","contentUrl":"https:\/\/www.starcatering.at\/shop\/wp-content\/uploads\/2021\/08\/cropped-logo.png","width":512,"height":512,"caption":"Carnuntumfoods"},"image":{"@id":"https:\/\/www.starcatering.at\/shop\/#\/schema\/logo\/image\/"}}]}},"_links":{"self":[{"href":"https:\/\/www.starcatering.at\/shop\/wp-json\/wp\/v2\/product\/11309","targetHints":{"allow":["GET"]}}],"collection":[{"href":"https:\/\/www.starcatering.at\/shop\/wp-json\/wp\/v2\/product"}],"about":[{"href":"https:\/\/www.starcatering.at\/shop\/wp-json\/wp\/v2\/types\/product"}],"replies":[{"embeddable":true,"href":"https:\/\/www.starcatering.at\/shop\/wp-json\/wp\/v2\/comments?post=11309"}],"wp:featuredmedia":[{"embeddable":true,"href":"https:\/\/www.starcatering.at\/shop\/wp-json\/wp\/v2\/media\/11310"}],"wp:attachment":[{"href":"https:\/\/www.starcatering.at\/shop\/wp-json\/wp\/v2\/media?parent=11309"}],"wp:term":[{"taxonomy":"product_brand","embeddable":true,"href":"https:\/\/www.starcatering.at\/shop\/wp-json\/wp\/v2\/product_brand?post=11309"},{"taxonomy":"product_cat","embeddable":true,"href":"https:\/\/www.starcatering.at\/shop\/wp-json\/wp\/v2\/product_cat?post=11309"},{"taxonomy":"product_tag","embeddable":true,"href":"https:\/\/www.starcatering.at\/shop\/wp-json\/wp\/v2\/product_tag?post=11309"}],"curies":[{"name":"wp","href":"https:\/\/api.w.org\/{rel}","templated":true}]}}