{"id":11422,"date":"2024-11-14T20:14:23","date_gmt":"2024-11-14T19:14:23","guid":{"rendered":"https:\/\/www.starcatering.at\/shop\/?post_type=product&#038;p=11422"},"modified":"2024-11-14T20:14:29","modified_gmt":"2024-11-14T19:14:29","slug":"tp-link-5-port-gigabit-desktop-switch-neuwertig","status":"publish","type":"product","link":"https:\/\/www.starcatering.at\/shop\/produkt\/tp-link-5-port-gigabit-desktop-switch-neuwertig\/","title":{"rendered":"TP-Link 5-Port Gigabit Desktop Switch (neuwertig)"},"content":{"rendered":"","protected":false},"excerpt":{"rendered":"<ul>\n<li>5 Gigabit-RJ45-Ports mit Autoabstimmung und Auto-MDI\/MDIX<\/li>\n<li>Ethernet mit Stromsparfunktion, Plastikgeh\u00e4use f\u00fcr Tischaufbau oder Wandmontage<\/li>\n<li>IEEE802.3x-Flusskontrolle sorgt f\u00fcr eine zuverl\u00e4ssige Daten\u00fcbertragung<\/li>\n<li>Plug-and-Play, keine Konfiguration notwendig. Betriebstemperatur: 0\u00b0C..40\u00b0C.<\/li>\n<li>Lieferumfang: 5-Port-Gigabit-Desktopswitch TL-SG1005D, Spannungsadapter, Bedienungsanleitung<\/li>\n<\/ul>\n","protected":false},"featured_media":11423,"comment_status":"open","ping_status":"closed","template":"","meta":{"_et_pb_use_builder":"","_et_pb_old_content":"","_et_gb_content_width":""},"product_brand":[],"product_cat":[996],"product_tag":[1597,2339,1914,2308,1782],"class_list":{"0":"post-11422","1":"product","2":"type-product","3":"status-publish","4":"has-post-thumbnail","6":"product_cat-bueromaterial","7":"product_tag-computer","8":"product_tag-desktob","9":"product_tag-netzwerk","10":"product_tag-switch","11":"product_tag-tp-link","13":"first","14":"instock","15":"taxable","16":"shipping-taxable","17":"purchasable","18":"product-type-simple"},"yoast_head":"<!-- This site is optimized with the Yoast SEO plugin v27.5 - https:\/\/yoast.com\/product\/yoast-seo-wordpress\/ -->\n<title>TP-Link 5-Port Gigabit Desktop Switch (neuwertig) &#187; StarCatering %-Shop<\/title>\n<meta name=\"description\" content=\"TP-Link 5-Port Gigabit Desktop Switch (neuwertig)\" \/>\n<meta name=\"robots\" content=\"index, follow, max-snippet:-1, max-image-preview:large, max-video-preview:-1\" \/>\n<link rel=\"canonical\" href=\"https:\/\/www.starcatering.at\/shop\/produkt\/tp-link-5-port-gigabit-desktop-switch-neuwertig\/\" \/>\n<meta property=\"og:locale\" content=\"de_DE\" \/>\n<meta property=\"og:type\" content=\"article\" \/>\n<meta property=\"og:title\" content=\"TP-Link 5-Port Gigabit Desktop Switch (neuwertig)\" \/>\n<meta property=\"og:description\" content=\"TP-Link 5-Port Gigabit Desktop Switch (neuwertig)\" \/>\n<meta property=\"og:url\" content=\"https:\/\/www.starcatering.at\/shop\/produkt\/tp-link-5-port-gigabit-desktop-switch-neuwertig\/\" \/>\n<meta property=\"og:site_name\" content=\"StarCatering %-Shop\" \/>\n<meta property=\"article:modified_time\" content=\"2024-11-14T19:14:29+00:00\" \/>\n<meta property=\"og:image\" content=\"https:\/\/www.starcatering.at\/shop\/wp-content\/uploads\/2024\/11\/TP-Link.jpg\" \/>\n\t<meta property=\"og:image:width\" content=\"500\" \/>\n\t<meta property=\"og:image:height\" content=\"500\" \/>\n\t<meta property=\"og:image:type\" content=\"image\/jpeg\" \/>\n<meta name=\"twitter:card\" content=\"summary_large_image\" \/>\n<meta name=\"twitter:image\" content=\"https:\/\/www.starcatering.at\/shop\/wp-content\/uploads\/2024\/11\/TP-Link.jpg\" \/>\n<meta name=\"twitter:label1\" content=\"Gesch\u00e4tzte Lesezeit\" \/>\n\t<meta name=\"twitter:data1\" content=\"1\u00a0Minute\" \/>\n<script type=\"application\/ld+json\" class=\"yoast-schema-graph\">{\"@context\":\"https:\\\/\\\/schema.org\",\"@graph\":[{\"@type\":\"WebPage\",\"@id\":\"https:\\\/\\\/www.starcatering.at\\\/shop\\\/produkt\\\/tp-link-5-port-gigabit-desktop-switch-neuwertig\\\/\",\"url\":\"https:\\\/\\\/www.starcatering.at\\\/shop\\\/produkt\\\/tp-link-5-port-gigabit-desktop-switch-neuwertig\\\/\",\"name\":\"TP-Link 5-Port Gigabit Desktop Switch (neuwertig) &#187; StarCatering %-Shop\",\"isPartOf\":{\"@id\":\"https:\\\/\\\/www.starcatering.at\\\/shop\\\/#website\"},\"primaryImageOfPage\":{\"@id\":\"https:\\\/\\\/www.starcatering.at\\\/shop\\\/produkt\\\/tp-link-5-port-gigabit-desktop-switch-neuwertig\\\/#primaryimage\"},\"image\":{\"@id\":\"https:\\\/\\\/www.starcatering.at\\\/shop\\\/produkt\\\/tp-link-5-port-gigabit-desktop-switch-neuwertig\\\/#primaryimage\"},\"thumbnailUrl\":\"https:\\\/\\\/www.starcatering.at\\\/shop\\\/wp-content\\\/uploads\\\/2024\\\/11\\\/TP-Link_TL-SG1005D_5-Port_Gigabit_Desktop_TL-SG1005D-474885.jpg\",\"datePublished\":\"2024-11-14T19:14:23+00:00\",\"dateModified\":\"2024-11-14T19:14:29+00:00\",\"description\":\"TP-Link 5-Port Gigabit Desktop Switch (neuwertig)\",\"breadcrumb\":{\"@id\":\"https:\\\/\\\/www.starcatering.at\\\/shop\\\/produkt\\\/tp-link-5-port-gigabit-desktop-switch-neuwertig\\\/#breadcrumb\"},\"inLanguage\":\"de\",\"potentialAction\":[{\"@type\":\"ReadAction\",\"target\":[\"https:\\\/\\\/www.starcatering.at\\\/shop\\\/produkt\\\/tp-link-5-port-gigabit-desktop-switch-neuwertig\\\/\"]}]},{\"@type\":\"ImageObject\",\"inLanguage\":\"de\",\"@id\":\"https:\\\/\\\/www.starcatering.at\\\/shop\\\/produkt\\\/tp-link-5-port-gigabit-desktop-switch-neuwertig\\\/#primaryimage\",\"url\":\"https:\\\/\\\/www.starcatering.at\\\/shop\\\/wp-content\\\/uploads\\\/2024\\\/11\\\/TP-Link_TL-SG1005D_5-Port_Gigabit_Desktop_TL-SG1005D-474885.jpg\",\"contentUrl\":\"https:\\\/\\\/www.starcatering.at\\\/shop\\\/wp-content\\\/uploads\\\/2024\\\/11\\\/TP-Link_TL-SG1005D_5-Port_Gigabit_Desktop_TL-SG1005D-474885.jpg\",\"width\":500,\"height\":500},{\"@type\":\"BreadcrumbList\",\"@id\":\"https:\\\/\\\/www.starcatering.at\\\/shop\\\/produkt\\\/tp-link-5-port-gigabit-desktop-switch-neuwertig\\\/#breadcrumb\",\"itemListElement\":[{\"@type\":\"ListItem\",\"position\":1,\"name\":\"Startseite\",\"item\":\"https:\\\/\\\/www.starcatering.at\\\/shop\\\/\"},{\"@type\":\"ListItem\",\"position\":2,\"name\":\"Shop\",\"item\":\"https:\\\/\\\/www.starcatering.at\\\/shop\\\/shop\\\/\"},{\"@type\":\"ListItem\",\"position\":3,\"name\":\"TP-Link 5-Port Gigabit Desktop Switch (neuwertig)\"}]},{\"@type\":\"WebSite\",\"@id\":\"https:\\\/\\\/www.starcatering.at\\\/shop\\\/#website\",\"url\":\"https:\\\/\\\/www.starcatering.at\\\/shop\\\/\",\"name\":\"Carnuntum Foods\",\"description\":\"Abverkaufsartikel\",\"publisher\":{\"@id\":\"https:\\\/\\\/www.starcatering.at\\\/shop\\\/#organization\"},\"potentialAction\":[{\"@type\":\"SearchAction\",\"target\":{\"@type\":\"EntryPoint\",\"urlTemplate\":\"https:\\\/\\\/www.starcatering.at\\\/shop\\\/?s={search_term_string}\"},\"query-input\":{\"@type\":\"PropertyValueSpecification\",\"valueRequired\":true,\"valueName\":\"search_term_string\"}}],\"inLanguage\":\"de\"},{\"@type\":\"Organization\",\"@id\":\"https:\\\/\\\/www.starcatering.at\\\/shop\\\/#organization\",\"name\":\"Carnuntumfoods\",\"url\":\"https:\\\/\\\/www.starcatering.at\\\/shop\\\/\",\"logo\":{\"@type\":\"ImageObject\",\"inLanguage\":\"de\",\"@id\":\"https:\\\/\\\/www.starcatering.at\\\/shop\\\/#\\\/schema\\\/logo\\\/image\\\/\",\"url\":\"https:\\\/\\\/www.starcatering.at\\\/shop\\\/wp-content\\\/uploads\\\/2021\\\/08\\\/cropped-logo.png\",\"contentUrl\":\"https:\\\/\\\/www.starcatering.at\\\/shop\\\/wp-content\\\/uploads\\\/2021\\\/08\\\/cropped-logo.png\",\"width\":512,\"height\":512,\"caption\":\"Carnuntumfoods\"},\"image\":{\"@id\":\"https:\\\/\\\/www.starcatering.at\\\/shop\\\/#\\\/schema\\\/logo\\\/image\\\/\"}}]}<\/script>\n<!-- \/ Yoast SEO plugin. -->","yoast_head_json":{"title":"TP-Link 5-Port Gigabit Desktop Switch (neuwertig) &#187; StarCatering %-Shop","description":"TP-Link 5-Port Gigabit Desktop Switch (neuwertig)","robots":{"index":"index","follow":"follow","max-snippet":"max-snippet:-1","max-image-preview":"max-image-preview:large","max-video-preview":"max-video-preview:-1"},"canonical":"https:\/\/www.starcatering.at\/shop\/produkt\/tp-link-5-port-gigabit-desktop-switch-neuwertig\/","og_locale":"de_DE","og_type":"article","og_title":"TP-Link 5-Port Gigabit Desktop Switch (neuwertig)","og_description":"TP-Link 5-Port Gigabit Desktop Switch (neuwertig)","og_url":"https:\/\/www.starcatering.at\/shop\/produkt\/tp-link-5-port-gigabit-desktop-switch-neuwertig\/","og_site_name":"StarCatering %-Shop","article_modified_time":"2024-11-14T19:14:29+00:00","og_image":[{"width":500,"height":500,"url":"https:\/\/www.starcatering.at\/shop\/wp-content\/uploads\/2024\/11\/TP-Link.jpg","type":"image\/jpeg"}],"twitter_card":"summary_large_image","twitter_image":"https:\/\/www.starcatering.at\/shop\/wp-content\/uploads\/2024\/11\/TP-Link.jpg","twitter_misc":{"Gesch\u00e4tzte Lesezeit":"1\u00a0Minute"},"schema":{"@context":"https:\/\/schema.org","@graph":[{"@type":"WebPage","@id":"https:\/\/www.starcatering.at\/shop\/produkt\/tp-link-5-port-gigabit-desktop-switch-neuwertig\/","url":"https:\/\/www.starcatering.at\/shop\/produkt\/tp-link-5-port-gigabit-desktop-switch-neuwertig\/","name":"TP-Link 5-Port Gigabit Desktop Switch (neuwertig) &#187; StarCatering %-Shop","isPartOf":{"@id":"https:\/\/www.starcatering.at\/shop\/#website"},"primaryImageOfPage":{"@id":"https:\/\/www.starcatering.at\/shop\/produkt\/tp-link-5-port-gigabit-desktop-switch-neuwertig\/#primaryimage"},"image":{"@id":"https:\/\/www.starcatering.at\/shop\/produkt\/tp-link-5-port-gigabit-desktop-switch-neuwertig\/#primaryimage"},"thumbnailUrl":"https:\/\/www.starcatering.at\/shop\/wp-content\/uploads\/2024\/11\/TP-Link_TL-SG1005D_5-Port_Gigabit_Desktop_TL-SG1005D-474885.jpg","datePublished":"2024-11-14T19:14:23+00:00","dateModified":"2024-11-14T19:14:29+00:00","description":"TP-Link 5-Port Gigabit Desktop Switch (neuwertig)","breadcrumb":{"@id":"https:\/\/www.starcatering.at\/shop\/produkt\/tp-link-5-port-gigabit-desktop-switch-neuwertig\/#breadcrumb"},"inLanguage":"de","potentialAction":[{"@type":"ReadAction","target":["https:\/\/www.starcatering.at\/shop\/produkt\/tp-link-5-port-gigabit-desktop-switch-neuwertig\/"]}]},{"@type":"ImageObject","inLanguage":"de","@id":"https:\/\/www.starcatering.at\/shop\/produkt\/tp-link-5-port-gigabit-desktop-switch-neuwertig\/#primaryimage","url":"https:\/\/www.starcatering.at\/shop\/wp-content\/uploads\/2024\/11\/TP-Link_TL-SG1005D_5-Port_Gigabit_Desktop_TL-SG1005D-474885.jpg","contentUrl":"https:\/\/www.starcatering.at\/shop\/wp-content\/uploads\/2024\/11\/TP-Link_TL-SG1005D_5-Port_Gigabit_Desktop_TL-SG1005D-474885.jpg","width":500,"height":500},{"@type":"BreadcrumbList","@id":"https:\/\/www.starcatering.at\/shop\/produkt\/tp-link-5-port-gigabit-desktop-switch-neuwertig\/#breadcrumb","itemListElement":[{"@type":"ListItem","position":1,"name":"Startseite","item":"https:\/\/www.starcatering.at\/shop\/"},{"@type":"ListItem","position":2,"name":"Shop","item":"https:\/\/www.starcatering.at\/shop\/shop\/"},{"@type":"ListItem","position":3,"name":"TP-Link 5-Port Gigabit Desktop Switch (neuwertig)"}]},{"@type":"WebSite","@id":"https:\/\/www.starcatering.at\/shop\/#website","url":"https:\/\/www.starcatering.at\/shop\/","name":"Carnuntum Foods","description":"Abverkaufsartikel","publisher":{"@id":"https:\/\/www.starcatering.at\/shop\/#organization"},"potentialAction":[{"@type":"SearchAction","target":{"@type":"EntryPoint","urlTemplate":"https:\/\/www.starcatering.at\/shop\/?s={search_term_string}"},"query-input":{"@type":"PropertyValueSpecification","valueRequired":true,"valueName":"search_term_string"}}],"inLanguage":"de"},{"@type":"Organization","@id":"https:\/\/www.starcatering.at\/shop\/#organization","name":"Carnuntumfoods","url":"https:\/\/www.starcatering.at\/shop\/","logo":{"@type":"ImageObject","inLanguage":"de","@id":"https:\/\/www.starcatering.at\/shop\/#\/schema\/logo\/image\/","url":"https:\/\/www.starcatering.at\/shop\/wp-content\/uploads\/2021\/08\/cropped-logo.png","contentUrl":"https:\/\/www.starcatering.at\/shop\/wp-content\/uploads\/2021\/08\/cropped-logo.png","width":512,"height":512,"caption":"Carnuntumfoods"},"image":{"@id":"https:\/\/www.starcatering.at\/shop\/#\/schema\/logo\/image\/"}}]}},"_links":{"self":[{"href":"https:\/\/www.starcatering.at\/shop\/wp-json\/wp\/v2\/product\/11422","targetHints":{"allow":["GET"]}}],"collection":[{"href":"https:\/\/www.starcatering.at\/shop\/wp-json\/wp\/v2\/product"}],"about":[{"href":"https:\/\/www.starcatering.at\/shop\/wp-json\/wp\/v2\/types\/product"}],"replies":[{"embeddable":true,"href":"https:\/\/www.starcatering.at\/shop\/wp-json\/wp\/v2\/comments?post=11422"}],"wp:featuredmedia":[{"embeddable":true,"href":"https:\/\/www.starcatering.at\/shop\/wp-json\/wp\/v2\/media\/11423"}],"wp:attachment":[{"href":"https:\/\/www.starcatering.at\/shop\/wp-json\/wp\/v2\/media?parent=11422"}],"wp:term":[{"taxonomy":"product_brand","embeddable":true,"href":"https:\/\/www.starcatering.at\/shop\/wp-json\/wp\/v2\/product_brand?post=11422"},{"taxonomy":"product_cat","embeddable":true,"href":"https:\/\/www.starcatering.at\/shop\/wp-json\/wp\/v2\/product_cat?post=11422"},{"taxonomy":"product_tag","embeddable":true,"href":"https:\/\/www.starcatering.at\/shop\/wp-json\/wp\/v2\/product_tag?post=11422"}],"curies":[{"name":"wp","href":"https:\/\/api.w.org\/{rel}","templated":true}]}}