{"id":11647,"date":"2024-12-25T14:48:43","date_gmt":"2024-12-25T13:48:43","guid":{"rendered":"https:\/\/www.starcatering.at\/shop\/?post_type=product&#038;p=11647"},"modified":"2026-03-19T11:41:13","modified_gmt":"2026-03-19T10:41:13","slug":"luftbett-aufblasbar-bestway-188x99x22cm-neuwertig","status":"publish","type":"product","link":"https:\/\/www.starcatering.at\/shop\/produkt\/luftbett-aufblasbar-bestway-188x99x22cm-neuwertig\/","title":{"rendered":"Luftbett aufblasbar &#8220;Bestway&#8221; 188x99x22cm (neuwertig)"},"content":{"rendered":"<p><em><strong>Pflegehinweise:<\/strong><\/em><\/p>\n<p>Verwenden Sie zum Reinigen der Luftmatratze ein mildes Reinigungsmittel und warmes Wasser. Vermeiden Sie starke Chemikalien oder scheuernde Materialien, die die Oberfl\u00e4che besch\u00e4digen k\u00f6nnten. Stellen Sie sicher, dass die Luftmatratze vor der Lagerung vollst\u00e4ndig trocken ist. Wenn Sie die Luftmatratze verstauen, lassen Sie sie vollst\u00e4ndig entleeren und fest aufrollen. Dies hilft, Falten oder Materialsch\u00e4den zu vermeiden. Vermeiden Sie beim Aufblasen der Luftmatratze. \u00dcberf\u00fcllen kann zu viel Druck auf die N\u00e4hte aus\u00fcben und sie platzen. Setzen Sie die Luftmatratze keinen extremen Temperaturen wie direkter Sonneneinstrahlung oder gefrierenden Temperaturen aus. Dies k\u00f6nnte das Material besch\u00e4digen und die Leistung der Luftmatratze beeintr\u00e4chtigen.<\/p>\n","protected":false},"excerpt":{"rendered":"<ul>\n<li>Luftbett aufblasbar<\/li>\n<li>Marke &#8220;Pavillo\/Bestway&#8221;<\/li>\n<li>Gr\u00f6\u00dfe: L188 x B99 x H22 cm<\/li>\n<li>Ideal f\u00fcr den Innen- und Au\u00dfengebrauch<\/li>\n<li>Strapazierf\u00e4higes PVC<\/li>\n<li>Max. Nutzlast: 150 kg<\/li>\n<li>Komfortable, beflockte Liegefl\u00e4che<\/li>\n<li>1x in Verwendung gewesen<\/li>\n<\/ul>\n","protected":false},"featured_media":11649,"comment_status":"open","ping_status":"closed","template":"","meta":{"_et_pb_use_builder":"","_et_pb_old_content":"","_et_gb_content_width":""},"product_brand":[],"product_cat":[2655,556,882],"product_tag":[1207,1420,1014,1926,1927,687,2436,1923,746,2435],"class_list":{"0":"post-11647","1":"product","2":"type-product","3":"status-publish","4":"has-post-thumbnail","6":"product_cat-freizeitartikel","7":"product_cat-garten-werkstatt","8":"product_cat-moebel","9":"product_tag-bestway","10":"product_tag-bett","11":"product_tag-blau","12":"product_tag-camping","13":"product_tag-gaeste","14":"product_tag-intex","15":"product_tag-luft","16":"product_tag-luftbett","17":"product_tag-outdoor","18":"product_tag-schlafen","20":"first","21":"instock","22":"sale","23":"taxable","24":"shipping-taxable","25":"purchasable","26":"product-type-simple"},"yoast_head":"<!-- This site is optimized with the Yoast SEO plugin v27.5 - https:\/\/yoast.com\/product\/yoast-seo-wordpress\/ -->\n<title>Luftbett aufblasbar &quot;Bestway&quot; 188x99x22cm (neuwertig) &#187; StarCatering %-Shop<\/title>\n<meta name=\"description\" content=\"Luftbett aufblasbar &quot;Bestway&quot; 188x99x22cm (neuwertig)\" \/>\n<meta name=\"robots\" content=\"index, follow, max-snippet:-1, max-image-preview:large, max-video-preview:-1\" \/>\n<link rel=\"canonical\" href=\"https:\/\/www.starcatering.at\/shop\/produkt\/luftbett-aufblasbar-bestway-188x99x22cm-neuwertig\/\" \/>\n<meta property=\"og:locale\" content=\"de_DE\" \/>\n<meta property=\"og:type\" content=\"article\" \/>\n<meta property=\"og:title\" content=\"Luftbett aufblasbar &quot;Bestway&quot; 188x99x22cm (neuwertig)\" \/>\n<meta property=\"og:description\" content=\"Luftbett aufblasbar &quot;Bestway&quot; 188x99x22cm (neuwertig)\" \/>\n<meta property=\"og:url\" content=\"https:\/\/www.starcatering.at\/shop\/produkt\/luftbett-aufblasbar-bestway-188x99x22cm-neuwertig\/\" \/>\n<meta property=\"og:site_name\" content=\"StarCatering %-Shop\" \/>\n<meta property=\"article:modified_time\" content=\"2026-03-19T10:41:13+00:00\" \/>\n<meta property=\"og:image\" content=\"https:\/\/www.starcatering.at\/shop\/wp-content\/uploads\/2025\/02\/Luftbett_188x99x22cm_Pavillo.jpg\" \/>\n\t<meta property=\"og:image:width\" content=\"600\" \/>\n\t<meta property=\"og:image:height\" content=\"600\" \/>\n\t<meta property=\"og:image:type\" content=\"image\/jpeg\" \/>\n<meta name=\"twitter:card\" content=\"summary_large_image\" \/>\n<meta name=\"twitter:label1\" content=\"Gesch\u00e4tzte Lesezeit\" \/>\n\t<meta name=\"twitter:data1\" content=\"1\u00a0Minute\" \/>\n<script type=\"application\/ld+json\" class=\"yoast-schema-graph\">{\"@context\":\"https:\\\/\\\/schema.org\",\"@graph\":[{\"@type\":\"WebPage\",\"@id\":\"https:\\\/\\\/www.starcatering.at\\\/shop\\\/produkt\\\/luftbett-aufblasbar-bestway-188x99x22cm-neuwertig\\\/\",\"url\":\"https:\\\/\\\/www.starcatering.at\\\/shop\\\/produkt\\\/luftbett-aufblasbar-bestway-188x99x22cm-neuwertig\\\/\",\"name\":\"Luftbett aufblasbar \\\"Bestway\\\" 188x99x22cm (neuwertig) &#187; StarCatering %-Shop\",\"isPartOf\":{\"@id\":\"https:\\\/\\\/www.starcatering.at\\\/shop\\\/#website\"},\"primaryImageOfPage\":{\"@id\":\"https:\\\/\\\/www.starcatering.at\\\/shop\\\/produkt\\\/luftbett-aufblasbar-bestway-188x99x22cm-neuwertig\\\/#primaryimage\"},\"image\":{\"@id\":\"https:\\\/\\\/www.starcatering.at\\\/shop\\\/produkt\\\/luftbett-aufblasbar-bestway-188x99x22cm-neuwertig\\\/#primaryimage\"},\"thumbnailUrl\":\"https:\\\/\\\/www.starcatering.at\\\/shop\\\/wp-content\\\/uploads\\\/2025\\\/02\\\/Luftbett_188x99x22cm_Pavillo.jpg\",\"datePublished\":\"2024-12-25T13:48:43+00:00\",\"dateModified\":\"2026-03-19T10:41:13+00:00\",\"description\":\"Luftbett aufblasbar \\\"Bestway\\\" 188x99x22cm (neuwertig)\",\"breadcrumb\":{\"@id\":\"https:\\\/\\\/www.starcatering.at\\\/shop\\\/produkt\\\/luftbett-aufblasbar-bestway-188x99x22cm-neuwertig\\\/#breadcrumb\"},\"inLanguage\":\"de\",\"potentialAction\":[{\"@type\":\"ReadAction\",\"target\":[\"https:\\\/\\\/www.starcatering.at\\\/shop\\\/produkt\\\/luftbett-aufblasbar-bestway-188x99x22cm-neuwertig\\\/\"]}]},{\"@type\":\"ImageObject\",\"inLanguage\":\"de\",\"@id\":\"https:\\\/\\\/www.starcatering.at\\\/shop\\\/produkt\\\/luftbett-aufblasbar-bestway-188x99x22cm-neuwertig\\\/#primaryimage\",\"url\":\"https:\\\/\\\/www.starcatering.at\\\/shop\\\/wp-content\\\/uploads\\\/2025\\\/02\\\/Luftbett_188x99x22cm_Pavillo.jpg\",\"contentUrl\":\"https:\\\/\\\/www.starcatering.at\\\/shop\\\/wp-content\\\/uploads\\\/2025\\\/02\\\/Luftbett_188x99x22cm_Pavillo.jpg\",\"width\":600,\"height\":600},{\"@type\":\"BreadcrumbList\",\"@id\":\"https:\\\/\\\/www.starcatering.at\\\/shop\\\/produkt\\\/luftbett-aufblasbar-bestway-188x99x22cm-neuwertig\\\/#breadcrumb\",\"itemListElement\":[{\"@type\":\"ListItem\",\"position\":1,\"name\":\"Startseite\",\"item\":\"https:\\\/\\\/www.starcatering.at\\\/shop\\\/\"},{\"@type\":\"ListItem\",\"position\":2,\"name\":\"Shop\",\"item\":\"https:\\\/\\\/www.starcatering.at\\\/shop\\\/shop\\\/\"},{\"@type\":\"ListItem\",\"position\":3,\"name\":\"Luftbett aufblasbar &#8220;Bestway&#8221; 188x99x22cm (neuwertig)\"}]},{\"@type\":\"WebSite\",\"@id\":\"https:\\\/\\\/www.starcatering.at\\\/shop\\\/#website\",\"url\":\"https:\\\/\\\/www.starcatering.at\\\/shop\\\/\",\"name\":\"Carnuntum Foods\",\"description\":\"Abverkaufsartikel\",\"publisher\":{\"@id\":\"https:\\\/\\\/www.starcatering.at\\\/shop\\\/#organization\"},\"potentialAction\":[{\"@type\":\"SearchAction\",\"target\":{\"@type\":\"EntryPoint\",\"urlTemplate\":\"https:\\\/\\\/www.starcatering.at\\\/shop\\\/?s={search_term_string}\"},\"query-input\":{\"@type\":\"PropertyValueSpecification\",\"valueRequired\":true,\"valueName\":\"search_term_string\"}}],\"inLanguage\":\"de\"},{\"@type\":\"Organization\",\"@id\":\"https:\\\/\\\/www.starcatering.at\\\/shop\\\/#organization\",\"name\":\"Carnuntumfoods\",\"url\":\"https:\\\/\\\/www.starcatering.at\\\/shop\\\/\",\"logo\":{\"@type\":\"ImageObject\",\"inLanguage\":\"de\",\"@id\":\"https:\\\/\\\/www.starcatering.at\\\/shop\\\/#\\\/schema\\\/logo\\\/image\\\/\",\"url\":\"https:\\\/\\\/www.starcatering.at\\\/shop\\\/wp-content\\\/uploads\\\/2021\\\/08\\\/cropped-logo.png\",\"contentUrl\":\"https:\\\/\\\/www.starcatering.at\\\/shop\\\/wp-content\\\/uploads\\\/2021\\\/08\\\/cropped-logo.png\",\"width\":512,\"height\":512,\"caption\":\"Carnuntumfoods\"},\"image\":{\"@id\":\"https:\\\/\\\/www.starcatering.at\\\/shop\\\/#\\\/schema\\\/logo\\\/image\\\/\"}}]}<\/script>\n<!-- \/ Yoast SEO plugin. -->","yoast_head_json":{"title":"Luftbett aufblasbar \"Bestway\" 188x99x22cm (neuwertig) &#187; StarCatering %-Shop","description":"Luftbett aufblasbar \"Bestway\" 188x99x22cm (neuwertig)","robots":{"index":"index","follow":"follow","max-snippet":"max-snippet:-1","max-image-preview":"max-image-preview:large","max-video-preview":"max-video-preview:-1"},"canonical":"https:\/\/www.starcatering.at\/shop\/produkt\/luftbett-aufblasbar-bestway-188x99x22cm-neuwertig\/","og_locale":"de_DE","og_type":"article","og_title":"Luftbett aufblasbar \"Bestway\" 188x99x22cm (neuwertig)","og_description":"Luftbett aufblasbar \"Bestway\" 188x99x22cm (neuwertig)","og_url":"https:\/\/www.starcatering.at\/shop\/produkt\/luftbett-aufblasbar-bestway-188x99x22cm-neuwertig\/","og_site_name":"StarCatering %-Shop","article_modified_time":"2026-03-19T10:41:13+00:00","og_image":[{"width":600,"height":600,"url":"https:\/\/www.starcatering.at\/shop\/wp-content\/uploads\/2025\/02\/Luftbett_188x99x22cm_Pavillo.jpg","type":"image\/jpeg"}],"twitter_card":"summary_large_image","twitter_misc":{"Gesch\u00e4tzte Lesezeit":"1\u00a0Minute"},"schema":{"@context":"https:\/\/schema.org","@graph":[{"@type":"WebPage","@id":"https:\/\/www.starcatering.at\/shop\/produkt\/luftbett-aufblasbar-bestway-188x99x22cm-neuwertig\/","url":"https:\/\/www.starcatering.at\/shop\/produkt\/luftbett-aufblasbar-bestway-188x99x22cm-neuwertig\/","name":"Luftbett aufblasbar \"Bestway\" 188x99x22cm (neuwertig) &#187; StarCatering %-Shop","isPartOf":{"@id":"https:\/\/www.starcatering.at\/shop\/#website"},"primaryImageOfPage":{"@id":"https:\/\/www.starcatering.at\/shop\/produkt\/luftbett-aufblasbar-bestway-188x99x22cm-neuwertig\/#primaryimage"},"image":{"@id":"https:\/\/www.starcatering.at\/shop\/produkt\/luftbett-aufblasbar-bestway-188x99x22cm-neuwertig\/#primaryimage"},"thumbnailUrl":"https:\/\/www.starcatering.at\/shop\/wp-content\/uploads\/2025\/02\/Luftbett_188x99x22cm_Pavillo.jpg","datePublished":"2024-12-25T13:48:43+00:00","dateModified":"2026-03-19T10:41:13+00:00","description":"Luftbett aufblasbar \"Bestway\" 188x99x22cm (neuwertig)","breadcrumb":{"@id":"https:\/\/www.starcatering.at\/shop\/produkt\/luftbett-aufblasbar-bestway-188x99x22cm-neuwertig\/#breadcrumb"},"inLanguage":"de","potentialAction":[{"@type":"ReadAction","target":["https:\/\/www.starcatering.at\/shop\/produkt\/luftbett-aufblasbar-bestway-188x99x22cm-neuwertig\/"]}]},{"@type":"ImageObject","inLanguage":"de","@id":"https:\/\/www.starcatering.at\/shop\/produkt\/luftbett-aufblasbar-bestway-188x99x22cm-neuwertig\/#primaryimage","url":"https:\/\/www.starcatering.at\/shop\/wp-content\/uploads\/2025\/02\/Luftbett_188x99x22cm_Pavillo.jpg","contentUrl":"https:\/\/www.starcatering.at\/shop\/wp-content\/uploads\/2025\/02\/Luftbett_188x99x22cm_Pavillo.jpg","width":600,"height":600},{"@type":"BreadcrumbList","@id":"https:\/\/www.starcatering.at\/shop\/produkt\/luftbett-aufblasbar-bestway-188x99x22cm-neuwertig\/#breadcrumb","itemListElement":[{"@type":"ListItem","position":1,"name":"Startseite","item":"https:\/\/www.starcatering.at\/shop\/"},{"@type":"ListItem","position":2,"name":"Shop","item":"https:\/\/www.starcatering.at\/shop\/shop\/"},{"@type":"ListItem","position":3,"name":"Luftbett aufblasbar &#8220;Bestway&#8221; 188x99x22cm (neuwertig)"}]},{"@type":"WebSite","@id":"https:\/\/www.starcatering.at\/shop\/#website","url":"https:\/\/www.starcatering.at\/shop\/","name":"Carnuntum Foods","description":"Abverkaufsartikel","publisher":{"@id":"https:\/\/www.starcatering.at\/shop\/#organization"},"potentialAction":[{"@type":"SearchAction","target":{"@type":"EntryPoint","urlTemplate":"https:\/\/www.starcatering.at\/shop\/?s={search_term_string}"},"query-input":{"@type":"PropertyValueSpecification","valueRequired":true,"valueName":"search_term_string"}}],"inLanguage":"de"},{"@type":"Organization","@id":"https:\/\/www.starcatering.at\/shop\/#organization","name":"Carnuntumfoods","url":"https:\/\/www.starcatering.at\/shop\/","logo":{"@type":"ImageObject","inLanguage":"de","@id":"https:\/\/www.starcatering.at\/shop\/#\/schema\/logo\/image\/","url":"https:\/\/www.starcatering.at\/shop\/wp-content\/uploads\/2021\/08\/cropped-logo.png","contentUrl":"https:\/\/www.starcatering.at\/shop\/wp-content\/uploads\/2021\/08\/cropped-logo.png","width":512,"height":512,"caption":"Carnuntumfoods"},"image":{"@id":"https:\/\/www.starcatering.at\/shop\/#\/schema\/logo\/image\/"}}]}},"_links":{"self":[{"href":"https:\/\/www.starcatering.at\/shop\/wp-json\/wp\/v2\/product\/11647","targetHints":{"allow":["GET"]}}],"collection":[{"href":"https:\/\/www.starcatering.at\/shop\/wp-json\/wp\/v2\/product"}],"about":[{"href":"https:\/\/www.starcatering.at\/shop\/wp-json\/wp\/v2\/types\/product"}],"replies":[{"embeddable":true,"href":"https:\/\/www.starcatering.at\/shop\/wp-json\/wp\/v2\/comments?post=11647"}],"wp:featuredmedia":[{"embeddable":true,"href":"https:\/\/www.starcatering.at\/shop\/wp-json\/wp\/v2\/media\/11649"}],"wp:attachment":[{"href":"https:\/\/www.starcatering.at\/shop\/wp-json\/wp\/v2\/media?parent=11647"}],"wp:term":[{"taxonomy":"product_brand","embeddable":true,"href":"https:\/\/www.starcatering.at\/shop\/wp-json\/wp\/v2\/product_brand?post=11647"},{"taxonomy":"product_cat","embeddable":true,"href":"https:\/\/www.starcatering.at\/shop\/wp-json\/wp\/v2\/product_cat?post=11647"},{"taxonomy":"product_tag","embeddable":true,"href":"https:\/\/www.starcatering.at\/shop\/wp-json\/wp\/v2\/product_tag?post=11647"}],"curies":[{"name":"wp","href":"https:\/\/api.w.org\/{rel}","templated":true}]}}