{"id":11679,"date":"2024-03-13T14:07:33","date_gmt":"2024-03-13T13:07:33","guid":{"rendered":"https:\/\/www.starcatering.at\/shop\/?post_type=product&#038;p=11679"},"modified":"2025-05-19T18:28:22","modified_gmt":"2025-05-19T16:28:22","slug":"schluesselanhaenger-10-stk-beschriftbar-4-farben-neuware","status":"publish","type":"product","link":"https:\/\/www.starcatering.at\/shop\/produkt\/schluesselanhaenger-10-stk-beschriftbar-4-farben-neuware\/","title":{"rendered":"Schl\u00fcsselanh\u00e4nger 10 Stk. beschriftbar 4 Farben (NEUWARE)"},"content":{"rendered":"<ul class=\"a-unordered-list a-vertical a-spacing-mini\">\n<li class=\"a-spacing-mini\"><span class=\"a-list-item\">Robust und langlebig: aus umweltfreundlichen PP-Materialien und hochwertigen Legierungen, kein st\u00f6render Geschmack, kein Ausbleichen und keine Alterung nach l\u00e4ngerem Gebrauch<\/span><\/li>\n<li class=\"a-spacing-mini\"><span class=\"a-list-item\">Bearbeitbare Informationen: Sie k\u00f6nnen die erforderlichen Informationen wie Alias, Telefonnummer, Adresse, Segen usw. auf die Papierkarte des Schl\u00fcsselanh\u00e4ngers schreiben.<\/span><\/li>\n<li class=\"a-spacing-mini\"><span class=\"a-list-item\">Vielf\u00e4ltige Einsatzm\u00f6glichkeiten: Hotelzimmerkennzeichnung, Schl\u00fcsselklassifizierung und viele Klassifikationsszenen im Familienleben k\u00f6nnen auch verwendet werden<\/span><\/li>\n<li class=\"a-spacing-mini\"><span class=\"a-list-item\">Einfach zu bedienen: Nach dem Trennen von Schl\u00fcsselanh\u00e4nger und Schl\u00fcsselanh\u00e4nger k\u00f6nnen Sie die Karte beschriften und markieren, und Sie k\u00f6nnen auch andere personalisierte Etiketten kleben. Der farbige Schl\u00fcsselanh\u00e4nger und die Metallkette k\u00f6nnen f\u00fcr weitere Szenarien verwendet werden.<\/span><\/li>\n<\/ul>\n","protected":false},"excerpt":{"rendered":"<ul>\n<li>Schl\u00fcsselanh\u00e4nger Kunststoff<\/li>\n<li>10 St\u00fcck (2x rot \/ 2x orange \/ 3x schwarz \/ 3x blau)<\/li>\n<li>Gr\u00f6\u00dfe der Kunststoffplatte: 5 cm * 2,2 cm<\/li>\n<li>Metallringgr\u00f6\u00dfe: 1,6 cm<\/li>\n<\/ul>\n","protected":false},"featured_media":11680,"comment_status":"open","ping_status":"closed","template":"","meta":{"_et_pb_use_builder":"","_et_pb_old_content":"","_et_gb_content_width":""},"product_brand":[],"product_cat":[996],"product_tag":[2445,2446,670,1872,2444],"class_list":{"0":"post-11679","1":"product","2":"type-product","3":"status-publish","4":"has-post-thumbnail","6":"product_cat-bueromaterial","7":"product_tag-anhaenger","8":"product_tag-key","9":"product_tag-kunststoff","10":"product_tag-ring","11":"product_tag-schluessel","13":"first","14":"instock","15":"sale","16":"taxable","17":"shipping-taxable","18":"purchasable","19":"product-type-simple"},"yoast_head":"<!-- This site is optimized with the Yoast SEO plugin v27.5 - https:\/\/yoast.com\/product\/yoast-seo-wordpress\/ -->\n<title>Schl\u00fcsselanh\u00e4nger 10 Stk. beschriftbar 4 Farben (NEUWARE) &#187; StarCatering %-Shop<\/title>\n<meta name=\"description\" content=\"Schl\u00fcsselanh\u00e4nger 10 Stk. beschriftbar 4 Farben (NEUWARE)\" \/>\n<meta name=\"robots\" content=\"index, follow, max-snippet:-1, max-image-preview:large, max-video-preview:-1\" \/>\n<link rel=\"canonical\" href=\"https:\/\/www.starcatering.at\/shop\/produkt\/schluesselanhaenger-10-stk-beschriftbar-4-farben-neuware\/\" \/>\n<meta property=\"og:locale\" content=\"de_DE\" \/>\n<meta property=\"og:type\" content=\"article\" \/>\n<meta property=\"og:title\" content=\"Schl\u00fcsselanh\u00e4nger 10 Stk. beschriftbar 4 Farben (NEUWARE)\" \/>\n<meta property=\"og:description\" content=\"Schl\u00fcsselanh\u00e4nger 10 Stk. beschriftbar 4 Farben (NEUWARE)\" \/>\n<meta property=\"og:url\" content=\"https:\/\/www.starcatering.at\/shop\/produkt\/schluesselanhaenger-10-stk-beschriftbar-4-farben-neuware\/\" \/>\n<meta property=\"og:site_name\" content=\"StarCatering %-Shop\" \/>\n<meta property=\"article:modified_time\" content=\"2025-05-19T16:28:22+00:00\" \/>\n<meta property=\"og:image\" content=\"https:\/\/www.starcatering.at\/shop\/wp-content\/uploads\/2025\/03\/Schluesselanghaenger_10er.jpg\" \/>\n\t<meta property=\"og:image:width\" content=\"1728\" \/>\n\t<meta property=\"og:image:height\" content=\"1729\" \/>\n\t<meta property=\"og:image:type\" content=\"image\/jpeg\" \/>\n<meta name=\"twitter:card\" content=\"summary_large_image\" \/>\n<meta name=\"twitter:label1\" content=\"Gesch\u00e4tzte Lesezeit\" \/>\n\t<meta name=\"twitter:data1\" content=\"1\u00a0Minute\" \/>\n<script type=\"application\/ld+json\" class=\"yoast-schema-graph\">{\"@context\":\"https:\\\/\\\/schema.org\",\"@graph\":[{\"@type\":\"WebPage\",\"@id\":\"https:\\\/\\\/www.starcatering.at\\\/shop\\\/produkt\\\/schluesselanhaenger-10-stk-beschriftbar-4-farben-neuware\\\/\",\"url\":\"https:\\\/\\\/www.starcatering.at\\\/shop\\\/produkt\\\/schluesselanhaenger-10-stk-beschriftbar-4-farben-neuware\\\/\",\"name\":\"Schl\u00fcsselanh\u00e4nger 10 Stk. beschriftbar 4 Farben (NEUWARE) &#187; StarCatering %-Shop\",\"isPartOf\":{\"@id\":\"https:\\\/\\\/www.starcatering.at\\\/shop\\\/#website\"},\"primaryImageOfPage\":{\"@id\":\"https:\\\/\\\/www.starcatering.at\\\/shop\\\/produkt\\\/schluesselanhaenger-10-stk-beschriftbar-4-farben-neuware\\\/#primaryimage\"},\"image\":{\"@id\":\"https:\\\/\\\/www.starcatering.at\\\/shop\\\/produkt\\\/schluesselanhaenger-10-stk-beschriftbar-4-farben-neuware\\\/#primaryimage\"},\"thumbnailUrl\":\"https:\\\/\\\/www.starcatering.at\\\/shop\\\/wp-content\\\/uploads\\\/2025\\\/03\\\/Schluesselanghaenger_10er.jpg\",\"datePublished\":\"2024-03-13T13:07:33+00:00\",\"dateModified\":\"2025-05-19T16:28:22+00:00\",\"description\":\"Schl\u00fcsselanh\u00e4nger 10 Stk. beschriftbar 4 Farben (NEUWARE)\",\"breadcrumb\":{\"@id\":\"https:\\\/\\\/www.starcatering.at\\\/shop\\\/produkt\\\/schluesselanhaenger-10-stk-beschriftbar-4-farben-neuware\\\/#breadcrumb\"},\"inLanguage\":\"de\",\"potentialAction\":[{\"@type\":\"ReadAction\",\"target\":[\"https:\\\/\\\/www.starcatering.at\\\/shop\\\/produkt\\\/schluesselanhaenger-10-stk-beschriftbar-4-farben-neuware\\\/\"]}]},{\"@type\":\"ImageObject\",\"inLanguage\":\"de\",\"@id\":\"https:\\\/\\\/www.starcatering.at\\\/shop\\\/produkt\\\/schluesselanhaenger-10-stk-beschriftbar-4-farben-neuware\\\/#primaryimage\",\"url\":\"https:\\\/\\\/www.starcatering.at\\\/shop\\\/wp-content\\\/uploads\\\/2025\\\/03\\\/Schluesselanghaenger_10er.jpg\",\"contentUrl\":\"https:\\\/\\\/www.starcatering.at\\\/shop\\\/wp-content\\\/uploads\\\/2025\\\/03\\\/Schluesselanghaenger_10er.jpg\",\"width\":1728,\"height\":1729},{\"@type\":\"BreadcrumbList\",\"@id\":\"https:\\\/\\\/www.starcatering.at\\\/shop\\\/produkt\\\/schluesselanhaenger-10-stk-beschriftbar-4-farben-neuware\\\/#breadcrumb\",\"itemListElement\":[{\"@type\":\"ListItem\",\"position\":1,\"name\":\"Startseite\",\"item\":\"https:\\\/\\\/www.starcatering.at\\\/shop\\\/\"},{\"@type\":\"ListItem\",\"position\":2,\"name\":\"Shop\",\"item\":\"https:\\\/\\\/www.starcatering.at\\\/shop\\\/shop\\\/\"},{\"@type\":\"ListItem\",\"position\":3,\"name\":\"Schl\u00fcsselanh\u00e4nger 10 Stk. beschriftbar 4 Farben (NEUWARE)\"}]},{\"@type\":\"WebSite\",\"@id\":\"https:\\\/\\\/www.starcatering.at\\\/shop\\\/#website\",\"url\":\"https:\\\/\\\/www.starcatering.at\\\/shop\\\/\",\"name\":\"Carnuntum Foods\",\"description\":\"Abverkaufsartikel\",\"publisher\":{\"@id\":\"https:\\\/\\\/www.starcatering.at\\\/shop\\\/#organization\"},\"potentialAction\":[{\"@type\":\"SearchAction\",\"target\":{\"@type\":\"EntryPoint\",\"urlTemplate\":\"https:\\\/\\\/www.starcatering.at\\\/shop\\\/?s={search_term_string}\"},\"query-input\":{\"@type\":\"PropertyValueSpecification\",\"valueRequired\":true,\"valueName\":\"search_term_string\"}}],\"inLanguage\":\"de\"},{\"@type\":\"Organization\",\"@id\":\"https:\\\/\\\/www.starcatering.at\\\/shop\\\/#organization\",\"name\":\"Carnuntumfoods\",\"url\":\"https:\\\/\\\/www.starcatering.at\\\/shop\\\/\",\"logo\":{\"@type\":\"ImageObject\",\"inLanguage\":\"de\",\"@id\":\"https:\\\/\\\/www.starcatering.at\\\/shop\\\/#\\\/schema\\\/logo\\\/image\\\/\",\"url\":\"https:\\\/\\\/www.starcatering.at\\\/shop\\\/wp-content\\\/uploads\\\/2021\\\/08\\\/cropped-logo.png\",\"contentUrl\":\"https:\\\/\\\/www.starcatering.at\\\/shop\\\/wp-content\\\/uploads\\\/2021\\\/08\\\/cropped-logo.png\",\"width\":512,\"height\":512,\"caption\":\"Carnuntumfoods\"},\"image\":{\"@id\":\"https:\\\/\\\/www.starcatering.at\\\/shop\\\/#\\\/schema\\\/logo\\\/image\\\/\"}}]}<\/script>\n<!-- \/ Yoast SEO plugin. -->","yoast_head_json":{"title":"Schl\u00fcsselanh\u00e4nger 10 Stk. beschriftbar 4 Farben (NEUWARE) &#187; StarCatering %-Shop","description":"Schl\u00fcsselanh\u00e4nger 10 Stk. beschriftbar 4 Farben (NEUWARE)","robots":{"index":"index","follow":"follow","max-snippet":"max-snippet:-1","max-image-preview":"max-image-preview:large","max-video-preview":"max-video-preview:-1"},"canonical":"https:\/\/www.starcatering.at\/shop\/produkt\/schluesselanhaenger-10-stk-beschriftbar-4-farben-neuware\/","og_locale":"de_DE","og_type":"article","og_title":"Schl\u00fcsselanh\u00e4nger 10 Stk. beschriftbar 4 Farben (NEUWARE)","og_description":"Schl\u00fcsselanh\u00e4nger 10 Stk. beschriftbar 4 Farben (NEUWARE)","og_url":"https:\/\/www.starcatering.at\/shop\/produkt\/schluesselanhaenger-10-stk-beschriftbar-4-farben-neuware\/","og_site_name":"StarCatering %-Shop","article_modified_time":"2025-05-19T16:28:22+00:00","og_image":[{"width":1728,"height":1729,"url":"https:\/\/www.starcatering.at\/shop\/wp-content\/uploads\/2025\/03\/Schluesselanghaenger_10er.jpg","type":"image\/jpeg"}],"twitter_card":"summary_large_image","twitter_misc":{"Gesch\u00e4tzte Lesezeit":"1\u00a0Minute"},"schema":{"@context":"https:\/\/schema.org","@graph":[{"@type":"WebPage","@id":"https:\/\/www.starcatering.at\/shop\/produkt\/schluesselanhaenger-10-stk-beschriftbar-4-farben-neuware\/","url":"https:\/\/www.starcatering.at\/shop\/produkt\/schluesselanhaenger-10-stk-beschriftbar-4-farben-neuware\/","name":"Schl\u00fcsselanh\u00e4nger 10 Stk. beschriftbar 4 Farben (NEUWARE) &#187; StarCatering %-Shop","isPartOf":{"@id":"https:\/\/www.starcatering.at\/shop\/#website"},"primaryImageOfPage":{"@id":"https:\/\/www.starcatering.at\/shop\/produkt\/schluesselanhaenger-10-stk-beschriftbar-4-farben-neuware\/#primaryimage"},"image":{"@id":"https:\/\/www.starcatering.at\/shop\/produkt\/schluesselanhaenger-10-stk-beschriftbar-4-farben-neuware\/#primaryimage"},"thumbnailUrl":"https:\/\/www.starcatering.at\/shop\/wp-content\/uploads\/2025\/03\/Schluesselanghaenger_10er.jpg","datePublished":"2024-03-13T13:07:33+00:00","dateModified":"2025-05-19T16:28:22+00:00","description":"Schl\u00fcsselanh\u00e4nger 10 Stk. beschriftbar 4 Farben (NEUWARE)","breadcrumb":{"@id":"https:\/\/www.starcatering.at\/shop\/produkt\/schluesselanhaenger-10-stk-beschriftbar-4-farben-neuware\/#breadcrumb"},"inLanguage":"de","potentialAction":[{"@type":"ReadAction","target":["https:\/\/www.starcatering.at\/shop\/produkt\/schluesselanhaenger-10-stk-beschriftbar-4-farben-neuware\/"]}]},{"@type":"ImageObject","inLanguage":"de","@id":"https:\/\/www.starcatering.at\/shop\/produkt\/schluesselanhaenger-10-stk-beschriftbar-4-farben-neuware\/#primaryimage","url":"https:\/\/www.starcatering.at\/shop\/wp-content\/uploads\/2025\/03\/Schluesselanghaenger_10er.jpg","contentUrl":"https:\/\/www.starcatering.at\/shop\/wp-content\/uploads\/2025\/03\/Schluesselanghaenger_10er.jpg","width":1728,"height":1729},{"@type":"BreadcrumbList","@id":"https:\/\/www.starcatering.at\/shop\/produkt\/schluesselanhaenger-10-stk-beschriftbar-4-farben-neuware\/#breadcrumb","itemListElement":[{"@type":"ListItem","position":1,"name":"Startseite","item":"https:\/\/www.starcatering.at\/shop\/"},{"@type":"ListItem","position":2,"name":"Shop","item":"https:\/\/www.starcatering.at\/shop\/shop\/"},{"@type":"ListItem","position":3,"name":"Schl\u00fcsselanh\u00e4nger 10 Stk. beschriftbar 4 Farben (NEUWARE)"}]},{"@type":"WebSite","@id":"https:\/\/www.starcatering.at\/shop\/#website","url":"https:\/\/www.starcatering.at\/shop\/","name":"Carnuntum Foods","description":"Abverkaufsartikel","publisher":{"@id":"https:\/\/www.starcatering.at\/shop\/#organization"},"potentialAction":[{"@type":"SearchAction","target":{"@type":"EntryPoint","urlTemplate":"https:\/\/www.starcatering.at\/shop\/?s={search_term_string}"},"query-input":{"@type":"PropertyValueSpecification","valueRequired":true,"valueName":"search_term_string"}}],"inLanguage":"de"},{"@type":"Organization","@id":"https:\/\/www.starcatering.at\/shop\/#organization","name":"Carnuntumfoods","url":"https:\/\/www.starcatering.at\/shop\/","logo":{"@type":"ImageObject","inLanguage":"de","@id":"https:\/\/www.starcatering.at\/shop\/#\/schema\/logo\/image\/","url":"https:\/\/www.starcatering.at\/shop\/wp-content\/uploads\/2021\/08\/cropped-logo.png","contentUrl":"https:\/\/www.starcatering.at\/shop\/wp-content\/uploads\/2021\/08\/cropped-logo.png","width":512,"height":512,"caption":"Carnuntumfoods"},"image":{"@id":"https:\/\/www.starcatering.at\/shop\/#\/schema\/logo\/image\/"}}]}},"_links":{"self":[{"href":"https:\/\/www.starcatering.at\/shop\/wp-json\/wp\/v2\/product\/11679","targetHints":{"allow":["GET"]}}],"collection":[{"href":"https:\/\/www.starcatering.at\/shop\/wp-json\/wp\/v2\/product"}],"about":[{"href":"https:\/\/www.starcatering.at\/shop\/wp-json\/wp\/v2\/types\/product"}],"replies":[{"embeddable":true,"href":"https:\/\/www.starcatering.at\/shop\/wp-json\/wp\/v2\/comments?post=11679"}],"wp:featuredmedia":[{"embeddable":true,"href":"https:\/\/www.starcatering.at\/shop\/wp-json\/wp\/v2\/media\/11680"}],"wp:attachment":[{"href":"https:\/\/www.starcatering.at\/shop\/wp-json\/wp\/v2\/media?parent=11679"}],"wp:term":[{"taxonomy":"product_brand","embeddable":true,"href":"https:\/\/www.starcatering.at\/shop\/wp-json\/wp\/v2\/product_brand?post=11679"},{"taxonomy":"product_cat","embeddable":true,"href":"https:\/\/www.starcatering.at\/shop\/wp-json\/wp\/v2\/product_cat?post=11679"},{"taxonomy":"product_tag","embeddable":true,"href":"https:\/\/www.starcatering.at\/shop\/wp-json\/wp\/v2\/product_tag?post=11679"}],"curies":[{"name":"wp","href":"https:\/\/api.w.org\/{rel}","templated":true}]}}