{"id":11707,"date":"2025-01-15T13:21:24","date_gmt":"2025-01-15T12:21:24","guid":{"rendered":"https:\/\/www.starcatering.at\/shop\/?post_type=product&#038;p=11707"},"modified":"2025-05-19T06:57:12","modified_gmt":"2025-05-19T04:57:12","slug":"brotmesser-premium-cs-kochsysteme-klinge-21-cm-gebraucht","status":"publish","type":"product","link":"https:\/\/www.starcatering.at\/shop\/produkt\/brotmesser-premium-cs-kochsysteme-klinge-21-cm-gebraucht\/","title":{"rendered":"Brotmesser Premium &#8220;CS Kochsysteme&#8221; Klinge 21 cm (gebraucht)"},"content":{"rendered":"<p>Im Hause CARL SCHMIDT SOHN &amp; CS &#8211; KOCHSYSTEME entstehen Produkte f\u00fcr Menschen, die bei Tisch und in der K\u00fcche Wert legen auf erstklassige Qualit\u00e4t, durchdachte Funktion und exklusives Design.<br \/>\nIn der Tradition unseres Hauses fertigen wir qualitativ hochwertige Messer, Bestecke, Kochgeschirr, Scheren und K\u00fcchenhelfer.<br \/>\nAlle Produkte eignen sich f\u00fcr den privaten Haushalt ebenso perfekt wie f\u00fcr Profik\u00fcchen, Hotels und Gastronomie.<\/p>\n<p>Die hohe Qualit\u00e4t unserer Produkte entsteht durch ausgew\u00e4hlte Materialien und erstklassige Verarbeitung.<br \/>\nAls traditionsreiches Unternehmen der Messer und Haushaltsartikelfertigung seit 1829 ist uns die Verarbeitung von Stahl sozusagen in die Wiege gelegt. Wir greifen zur\u00fcck auf bew\u00e4hrtes Wissen, handwerkliches K\u00f6nnen und langj\u00e4hrige Erfahrung.<\/p>\n<p>Gutes Design ist zeitgem\u00e4\u00df. Immer. Gutes Design nimmt sich zur\u00fcck, ist sparsam im Dekor.<br \/>\nWeil es bei Ger\u00e4tschaften des t\u00e4glichen Lebens vor allem um eines geht: um die Funktion, die ein jedes Teil erf\u00fcllt.<br \/>\nDie Form, hochwertige Materialien und beste Verarbeitung lassen e entstehen, die im Gebrauch funktional sind, haptisch sicher in der Hand liegen und optisch sch\u00f6n anzuschauen sind.<\/p>\n","protected":false},"excerpt":{"rendered":"<ul>\n<li><b>L\u00e4nge (mm):<\/b> 330<\/li>\n<li><b>Klingenl\u00e4nge (mm):<\/b> 210<\/li>\n<li><b>Material:<\/b> Edelstahl rostfrei<\/li>\n<li><strong>Gebraucht ohne Originalverpackung<\/strong><\/li>\n<li><strong>Kaum in Gebrauch gewesen, S\u00e4gezacken noch gut scharf<\/strong><\/li>\n<\/ul>\n","protected":false},"featured_media":11708,"comment_status":"open","ping_status":"closed","template":"","meta":{"_et_pb_use_builder":"","_et_pb_old_content":"","_et_gb_content_width":""},"product_brand":[],"product_cat":[458],"product_tag":[1904,2459,2458,197,1906,370,316,1678,1903,2460],"class_list":{"0":"post-11707","1":"product","2":"type-product","3":"status-publish","4":"has-post-thumbnail","6":"product_cat-messer-werkzeuge","7":"product_tag-brotmesser","8":"product_tag-carl","9":"product_tag-cs","10":"product_tag-deutschland","11":"product_tag-dreizack","12":"product_tag-edelstahl","13":"product_tag-messer","14":"product_tag-premium","15":"product_tag-saegemesser","16":"product_tag-schmidt","18":"first","19":"instock","20":"sale","21":"taxable","22":"shipping-taxable","23":"product-type-simple"},"yoast_head":"<!-- This site is optimized with the Yoast SEO plugin v27.5 - https:\/\/yoast.com\/product\/yoast-seo-wordpress\/ -->\n<title>Brotmesser Premium &quot;CS Kochsysteme&quot; Klinge 21 cm (gebraucht) &#187; StarCatering %-Shop<\/title>\n<meta name=\"description\" content=\"Brotmesser Premium &quot;CS Kochsysteme&quot; Klinge 21 cm (gebraucht)\" \/>\n<meta name=\"robots\" content=\"index, follow, max-snippet:-1, max-image-preview:large, max-video-preview:-1\" \/>\n<link rel=\"canonical\" href=\"https:\/\/www.starcatering.at\/shop\/produkt\/brotmesser-premium-cs-kochsysteme-klinge-21-cm-gebraucht\/\" \/>\n<meta property=\"og:locale\" content=\"de_DE\" \/>\n<meta property=\"og:type\" content=\"article\" \/>\n<meta property=\"og:title\" content=\"Brotmesser Premium &quot;CS Kochsysteme&quot; Klinge 21 cm (gebraucht)\" \/>\n<meta property=\"og:description\" content=\"Brotmesser Premium &quot;CS Kochsysteme&quot; Klinge 21 cm (gebraucht)\" \/>\n<meta property=\"og:url\" content=\"https:\/\/www.starcatering.at\/shop\/produkt\/brotmesser-premium-cs-kochsysteme-klinge-21-cm-gebraucht\/\" \/>\n<meta property=\"og:site_name\" content=\"StarCatering %-Shop\" \/>\n<meta property=\"article:modified_time\" content=\"2025-05-19T04:57:12+00:00\" \/>\n<meta property=\"og:image\" content=\"https:\/\/www.starcatering.at\/shop\/wp-content\/uploads\/2025\/03\/Messer_Brot_CS_21cm_gebraucht.jpg\" \/>\n\t<meta property=\"og:image:width\" content=\"500\" \/>\n\t<meta property=\"og:image:height\" content=\"500\" \/>\n\t<meta property=\"og:image:type\" content=\"image\/jpeg\" \/>\n<meta name=\"twitter:card\" content=\"summary_large_image\" \/>\n<meta name=\"twitter:label1\" content=\"Gesch\u00e4tzte Lesezeit\" \/>\n\t<meta name=\"twitter:data1\" content=\"2\u00a0Minuten\" \/>\n<script type=\"application\/ld+json\" class=\"yoast-schema-graph\">{\"@context\":\"https:\\\/\\\/schema.org\",\"@graph\":[{\"@type\":\"WebPage\",\"@id\":\"https:\\\/\\\/www.starcatering.at\\\/shop\\\/produkt\\\/brotmesser-premium-cs-kochsysteme-klinge-21-cm-gebraucht\\\/\",\"url\":\"https:\\\/\\\/www.starcatering.at\\\/shop\\\/produkt\\\/brotmesser-premium-cs-kochsysteme-klinge-21-cm-gebraucht\\\/\",\"name\":\"Brotmesser Premium \\\"CS Kochsysteme\\\" Klinge 21 cm (gebraucht) &#187; StarCatering %-Shop\",\"isPartOf\":{\"@id\":\"https:\\\/\\\/www.starcatering.at\\\/shop\\\/#website\"},\"primaryImageOfPage\":{\"@id\":\"https:\\\/\\\/www.starcatering.at\\\/shop\\\/produkt\\\/brotmesser-premium-cs-kochsysteme-klinge-21-cm-gebraucht\\\/#primaryimage\"},\"image\":{\"@id\":\"https:\\\/\\\/www.starcatering.at\\\/shop\\\/produkt\\\/brotmesser-premium-cs-kochsysteme-klinge-21-cm-gebraucht\\\/#primaryimage\"},\"thumbnailUrl\":\"https:\\\/\\\/www.starcatering.at\\\/shop\\\/wp-content\\\/uploads\\\/2025\\\/03\\\/Messer_Brot_CS_21cm_gebraucht.jpg\",\"datePublished\":\"2025-01-15T12:21:24+00:00\",\"dateModified\":\"2025-05-19T04:57:12+00:00\",\"description\":\"Brotmesser Premium \\\"CS Kochsysteme\\\" Klinge 21 cm (gebraucht)\",\"breadcrumb\":{\"@id\":\"https:\\\/\\\/www.starcatering.at\\\/shop\\\/produkt\\\/brotmesser-premium-cs-kochsysteme-klinge-21-cm-gebraucht\\\/#breadcrumb\"},\"inLanguage\":\"de\",\"potentialAction\":[{\"@type\":\"ReadAction\",\"target\":[\"https:\\\/\\\/www.starcatering.at\\\/shop\\\/produkt\\\/brotmesser-premium-cs-kochsysteme-klinge-21-cm-gebraucht\\\/\"]}]},{\"@type\":\"ImageObject\",\"inLanguage\":\"de\",\"@id\":\"https:\\\/\\\/www.starcatering.at\\\/shop\\\/produkt\\\/brotmesser-premium-cs-kochsysteme-klinge-21-cm-gebraucht\\\/#primaryimage\",\"url\":\"https:\\\/\\\/www.starcatering.at\\\/shop\\\/wp-content\\\/uploads\\\/2025\\\/03\\\/Messer_Brot_CS_21cm_gebraucht.jpg\",\"contentUrl\":\"https:\\\/\\\/www.starcatering.at\\\/shop\\\/wp-content\\\/uploads\\\/2025\\\/03\\\/Messer_Brot_CS_21cm_gebraucht.jpg\",\"width\":500,\"height\":500},{\"@type\":\"BreadcrumbList\",\"@id\":\"https:\\\/\\\/www.starcatering.at\\\/shop\\\/produkt\\\/brotmesser-premium-cs-kochsysteme-klinge-21-cm-gebraucht\\\/#breadcrumb\",\"itemListElement\":[{\"@type\":\"ListItem\",\"position\":1,\"name\":\"Startseite\",\"item\":\"https:\\\/\\\/www.starcatering.at\\\/shop\\\/\"},{\"@type\":\"ListItem\",\"position\":2,\"name\":\"Shop\",\"item\":\"https:\\\/\\\/www.starcatering.at\\\/shop\\\/shop\\\/\"},{\"@type\":\"ListItem\",\"position\":3,\"name\":\"Brotmesser Premium &#8220;CS Kochsysteme&#8221; Klinge 21 cm (gebraucht)\"}]},{\"@type\":\"WebSite\",\"@id\":\"https:\\\/\\\/www.starcatering.at\\\/shop\\\/#website\",\"url\":\"https:\\\/\\\/www.starcatering.at\\\/shop\\\/\",\"name\":\"Carnuntum Foods\",\"description\":\"Abverkaufsartikel\",\"publisher\":{\"@id\":\"https:\\\/\\\/www.starcatering.at\\\/shop\\\/#organization\"},\"potentialAction\":[{\"@type\":\"SearchAction\",\"target\":{\"@type\":\"EntryPoint\",\"urlTemplate\":\"https:\\\/\\\/www.starcatering.at\\\/shop\\\/?s={search_term_string}\"},\"query-input\":{\"@type\":\"PropertyValueSpecification\",\"valueRequired\":true,\"valueName\":\"search_term_string\"}}],\"inLanguage\":\"de\"},{\"@type\":\"Organization\",\"@id\":\"https:\\\/\\\/www.starcatering.at\\\/shop\\\/#organization\",\"name\":\"Carnuntumfoods\",\"url\":\"https:\\\/\\\/www.starcatering.at\\\/shop\\\/\",\"logo\":{\"@type\":\"ImageObject\",\"inLanguage\":\"de\",\"@id\":\"https:\\\/\\\/www.starcatering.at\\\/shop\\\/#\\\/schema\\\/logo\\\/image\\\/\",\"url\":\"https:\\\/\\\/www.starcatering.at\\\/shop\\\/wp-content\\\/uploads\\\/2021\\\/08\\\/cropped-logo.png\",\"contentUrl\":\"https:\\\/\\\/www.starcatering.at\\\/shop\\\/wp-content\\\/uploads\\\/2021\\\/08\\\/cropped-logo.png\",\"width\":512,\"height\":512,\"caption\":\"Carnuntumfoods\"},\"image\":{\"@id\":\"https:\\\/\\\/www.starcatering.at\\\/shop\\\/#\\\/schema\\\/logo\\\/image\\\/\"}}]}<\/script>\n<!-- \/ Yoast SEO plugin. -->","yoast_head_json":{"title":"Brotmesser Premium \"CS Kochsysteme\" Klinge 21 cm (gebraucht) &#187; StarCatering %-Shop","description":"Brotmesser Premium \"CS Kochsysteme\" Klinge 21 cm (gebraucht)","robots":{"index":"index","follow":"follow","max-snippet":"max-snippet:-1","max-image-preview":"max-image-preview:large","max-video-preview":"max-video-preview:-1"},"canonical":"https:\/\/www.starcatering.at\/shop\/produkt\/brotmesser-premium-cs-kochsysteme-klinge-21-cm-gebraucht\/","og_locale":"de_DE","og_type":"article","og_title":"Brotmesser Premium \"CS Kochsysteme\" Klinge 21 cm (gebraucht)","og_description":"Brotmesser Premium \"CS Kochsysteme\" Klinge 21 cm (gebraucht)","og_url":"https:\/\/www.starcatering.at\/shop\/produkt\/brotmesser-premium-cs-kochsysteme-klinge-21-cm-gebraucht\/","og_site_name":"StarCatering %-Shop","article_modified_time":"2025-05-19T04:57:12+00:00","og_image":[{"width":500,"height":500,"url":"https:\/\/www.starcatering.at\/shop\/wp-content\/uploads\/2025\/03\/Messer_Brot_CS_21cm_gebraucht.jpg","type":"image\/jpeg"}],"twitter_card":"summary_large_image","twitter_misc":{"Gesch\u00e4tzte Lesezeit":"2\u00a0Minuten"},"schema":{"@context":"https:\/\/schema.org","@graph":[{"@type":"WebPage","@id":"https:\/\/www.starcatering.at\/shop\/produkt\/brotmesser-premium-cs-kochsysteme-klinge-21-cm-gebraucht\/","url":"https:\/\/www.starcatering.at\/shop\/produkt\/brotmesser-premium-cs-kochsysteme-klinge-21-cm-gebraucht\/","name":"Brotmesser Premium \"CS Kochsysteme\" Klinge 21 cm (gebraucht) &#187; StarCatering %-Shop","isPartOf":{"@id":"https:\/\/www.starcatering.at\/shop\/#website"},"primaryImageOfPage":{"@id":"https:\/\/www.starcatering.at\/shop\/produkt\/brotmesser-premium-cs-kochsysteme-klinge-21-cm-gebraucht\/#primaryimage"},"image":{"@id":"https:\/\/www.starcatering.at\/shop\/produkt\/brotmesser-premium-cs-kochsysteme-klinge-21-cm-gebraucht\/#primaryimage"},"thumbnailUrl":"https:\/\/www.starcatering.at\/shop\/wp-content\/uploads\/2025\/03\/Messer_Brot_CS_21cm_gebraucht.jpg","datePublished":"2025-01-15T12:21:24+00:00","dateModified":"2025-05-19T04:57:12+00:00","description":"Brotmesser Premium \"CS Kochsysteme\" Klinge 21 cm (gebraucht)","breadcrumb":{"@id":"https:\/\/www.starcatering.at\/shop\/produkt\/brotmesser-premium-cs-kochsysteme-klinge-21-cm-gebraucht\/#breadcrumb"},"inLanguage":"de","potentialAction":[{"@type":"ReadAction","target":["https:\/\/www.starcatering.at\/shop\/produkt\/brotmesser-premium-cs-kochsysteme-klinge-21-cm-gebraucht\/"]}]},{"@type":"ImageObject","inLanguage":"de","@id":"https:\/\/www.starcatering.at\/shop\/produkt\/brotmesser-premium-cs-kochsysteme-klinge-21-cm-gebraucht\/#primaryimage","url":"https:\/\/www.starcatering.at\/shop\/wp-content\/uploads\/2025\/03\/Messer_Brot_CS_21cm_gebraucht.jpg","contentUrl":"https:\/\/www.starcatering.at\/shop\/wp-content\/uploads\/2025\/03\/Messer_Brot_CS_21cm_gebraucht.jpg","width":500,"height":500},{"@type":"BreadcrumbList","@id":"https:\/\/www.starcatering.at\/shop\/produkt\/brotmesser-premium-cs-kochsysteme-klinge-21-cm-gebraucht\/#breadcrumb","itemListElement":[{"@type":"ListItem","position":1,"name":"Startseite","item":"https:\/\/www.starcatering.at\/shop\/"},{"@type":"ListItem","position":2,"name":"Shop","item":"https:\/\/www.starcatering.at\/shop\/shop\/"},{"@type":"ListItem","position":3,"name":"Brotmesser Premium &#8220;CS Kochsysteme&#8221; Klinge 21 cm (gebraucht)"}]},{"@type":"WebSite","@id":"https:\/\/www.starcatering.at\/shop\/#website","url":"https:\/\/www.starcatering.at\/shop\/","name":"Carnuntum Foods","description":"Abverkaufsartikel","publisher":{"@id":"https:\/\/www.starcatering.at\/shop\/#organization"},"potentialAction":[{"@type":"SearchAction","target":{"@type":"EntryPoint","urlTemplate":"https:\/\/www.starcatering.at\/shop\/?s={search_term_string}"},"query-input":{"@type":"PropertyValueSpecification","valueRequired":true,"valueName":"search_term_string"}}],"inLanguage":"de"},{"@type":"Organization","@id":"https:\/\/www.starcatering.at\/shop\/#organization","name":"Carnuntumfoods","url":"https:\/\/www.starcatering.at\/shop\/","logo":{"@type":"ImageObject","inLanguage":"de","@id":"https:\/\/www.starcatering.at\/shop\/#\/schema\/logo\/image\/","url":"https:\/\/www.starcatering.at\/shop\/wp-content\/uploads\/2021\/08\/cropped-logo.png","contentUrl":"https:\/\/www.starcatering.at\/shop\/wp-content\/uploads\/2021\/08\/cropped-logo.png","width":512,"height":512,"caption":"Carnuntumfoods"},"image":{"@id":"https:\/\/www.starcatering.at\/shop\/#\/schema\/logo\/image\/"}}]}},"_links":{"self":[{"href":"https:\/\/www.starcatering.at\/shop\/wp-json\/wp\/v2\/product\/11707","targetHints":{"allow":["GET"]}}],"collection":[{"href":"https:\/\/www.starcatering.at\/shop\/wp-json\/wp\/v2\/product"}],"about":[{"href":"https:\/\/www.starcatering.at\/shop\/wp-json\/wp\/v2\/types\/product"}],"replies":[{"embeddable":true,"href":"https:\/\/www.starcatering.at\/shop\/wp-json\/wp\/v2\/comments?post=11707"}],"wp:featuredmedia":[{"embeddable":true,"href":"https:\/\/www.starcatering.at\/shop\/wp-json\/wp\/v2\/media\/11708"}],"wp:attachment":[{"href":"https:\/\/www.starcatering.at\/shop\/wp-json\/wp\/v2\/media?parent=11707"}],"wp:term":[{"taxonomy":"product_brand","embeddable":true,"href":"https:\/\/www.starcatering.at\/shop\/wp-json\/wp\/v2\/product_brand?post=11707"},{"taxonomy":"product_cat","embeddable":true,"href":"https:\/\/www.starcatering.at\/shop\/wp-json\/wp\/v2\/product_cat?post=11707"},{"taxonomy":"product_tag","embeddable":true,"href":"https:\/\/www.starcatering.at\/shop\/wp-json\/wp\/v2\/product_tag?post=11707"}],"curies":[{"name":"wp","href":"https:\/\/api.w.org\/{rel}","templated":true}]}}