{"id":11722,"date":"2024-11-16T14:30:51","date_gmt":"2024-11-16T13:30:51","guid":{"rendered":"https:\/\/www.starcatering.at\/shop\/?post_type=product&#038;p=11722"},"modified":"2025-03-24T12:44:38","modified_gmt":"2025-03-24T11:44:38","slug":"akku-ladegeraet-duracell-fuer-aaa-aa-akkus-kaum-gebraucht","status":"publish","type":"product","link":"https:\/\/www.starcatering.at\/shop\/produkt\/akku-ladegeraet-duracell-fuer-aaa-aa-akkus-kaum-gebraucht\/","title":{"rendered":"Akku-Ladeger\u00e4t Duracell f\u00fcr AAA &#038; AA Akkus (kaum gebraucht)"},"content":{"rendered":"","protected":false},"excerpt":{"rendered":"<ul>\n<li>Duracell Akku Ladeger\u00e4t<\/li>\n<li>Gleichzeitig 4x AAA oder 4x AA Akkus laden<\/li>\n<li>Input: 100-240V<\/li>\n<li>Eurostecker direkt am Ger\u00e4t<\/li>\n<\/ul>\n","protected":false},"featured_media":11723,"comment_status":"open","ping_status":"closed","template":"","meta":{"_et_pb_use_builder":"","_et_pb_old_content":"","_et_gb_content_width":""},"product_brand":[],"product_cat":[996],"product_tag":[2468,2469,749,2470,2467,2471,1765,1153],"class_list":{"0":"post-11722","1":"product","2":"type-product","3":"status-publish","4":"has-post-thumbnail","6":"product_cat-bueromaterial","7":"product_tag-aa","8":"product_tag-aaa","9":"product_tag-akku","10":"product_tag-batterien","11":"product_tag-duracell","12":"product_tag-kompakt","13":"product_tag-ladegeraet","14":"product_tag-laden","16":"first","17":"instock","18":"sale","19":"taxable","20":"shipping-taxable","21":"purchasable","22":"product-type-simple"},"yoast_head":"<!-- This site is optimized with the Yoast SEO plugin v27.5 - https:\/\/yoast.com\/product\/yoast-seo-wordpress\/ -->\n<title>Akku-Ladeger\u00e4t Duracell f\u00fcr AAA &amp; AA Akkus (kaum gebraucht) &#187; StarCatering %-Shop<\/title>\n<meta name=\"description\" content=\"Akku-Ladeger\u00e4t Duracell f\u00fcr AAA &amp; AA Akkus (kaum gebraucht)\" \/>\n<meta name=\"robots\" content=\"index, follow, max-snippet:-1, max-image-preview:large, max-video-preview:-1\" \/>\n<link rel=\"canonical\" href=\"https:\/\/www.starcatering.at\/shop\/produkt\/akku-ladegeraet-duracell-fuer-aaa-aa-akkus-kaum-gebraucht\/\" \/>\n<meta property=\"og:locale\" content=\"de_DE\" \/>\n<meta property=\"og:type\" content=\"article\" \/>\n<meta property=\"og:title\" content=\"Akku-Ladeger\u00e4t Duracell f\u00fcr AAA \/ AA Akkus (kaum gebraucht)\" \/>\n<meta property=\"og:description\" content=\"Akku-Ladeger\u00e4t Duracell f\u00fcr AAA \/ AA Akkus (kaum gebraucht)\" \/>\n<meta property=\"og:url\" content=\"https:\/\/www.starcatering.at\/shop\/produkt\/akku-ladegeraet-duracell-fuer-aaa-aa-akkus-kaum-gebraucht\/\" \/>\n<meta property=\"og:site_name\" content=\"StarCatering %-Shop\" \/>\n<meta property=\"article:modified_time\" content=\"2025-03-24T11:44:38+00:00\" \/>\n<meta property=\"og:image\" content=\"https:\/\/www.starcatering.at\/shop\/wp-content\/uploads\/2025\/03\/Ladegeraet_Duracell.jpg\" \/>\n\t<meta property=\"og:image:width\" content=\"500\" \/>\n\t<meta property=\"og:image:height\" content=\"500\" \/>\n\t<meta property=\"og:image:type\" content=\"image\/jpeg\" \/>\n<meta name=\"twitter:card\" content=\"summary_large_image\" \/>\n<meta name=\"twitter:label1\" content=\"Gesch\u00e4tzte Lesezeit\" \/>\n\t<meta name=\"twitter:data1\" content=\"1\u00a0Minute\" \/>\n<script type=\"application\/ld+json\" class=\"yoast-schema-graph\">{\"@context\":\"https:\\\/\\\/schema.org\",\"@graph\":[{\"@type\":\"WebPage\",\"@id\":\"https:\\\/\\\/www.starcatering.at\\\/shop\\\/produkt\\\/akku-ladegeraet-duracell-fuer-aaa-aa-akkus-kaum-gebraucht\\\/\",\"url\":\"https:\\\/\\\/www.starcatering.at\\\/shop\\\/produkt\\\/akku-ladegeraet-duracell-fuer-aaa-aa-akkus-kaum-gebraucht\\\/\",\"name\":\"Akku-Ladeger\u00e4t Duracell f\u00fcr AAA & AA Akkus (kaum gebraucht) &#187; StarCatering %-Shop\",\"isPartOf\":{\"@id\":\"https:\\\/\\\/www.starcatering.at\\\/shop\\\/#website\"},\"primaryImageOfPage\":{\"@id\":\"https:\\\/\\\/www.starcatering.at\\\/shop\\\/produkt\\\/akku-ladegeraet-duracell-fuer-aaa-aa-akkus-kaum-gebraucht\\\/#primaryimage\"},\"image\":{\"@id\":\"https:\\\/\\\/www.starcatering.at\\\/shop\\\/produkt\\\/akku-ladegeraet-duracell-fuer-aaa-aa-akkus-kaum-gebraucht\\\/#primaryimage\"},\"thumbnailUrl\":\"https:\\\/\\\/www.starcatering.at\\\/shop\\\/wp-content\\\/uploads\\\/2025\\\/03\\\/Ladegeraet_Duracell.jpg\",\"datePublished\":\"2024-11-16T13:30:51+00:00\",\"dateModified\":\"2025-03-24T11:44:38+00:00\",\"description\":\"Akku-Ladeger\u00e4t Duracell f\u00fcr AAA & AA Akkus (kaum gebraucht)\",\"breadcrumb\":{\"@id\":\"https:\\\/\\\/www.starcatering.at\\\/shop\\\/produkt\\\/akku-ladegeraet-duracell-fuer-aaa-aa-akkus-kaum-gebraucht\\\/#breadcrumb\"},\"inLanguage\":\"de\",\"potentialAction\":[{\"@type\":\"ReadAction\",\"target\":[\"https:\\\/\\\/www.starcatering.at\\\/shop\\\/produkt\\\/akku-ladegeraet-duracell-fuer-aaa-aa-akkus-kaum-gebraucht\\\/\"]}]},{\"@type\":\"ImageObject\",\"inLanguage\":\"de\",\"@id\":\"https:\\\/\\\/www.starcatering.at\\\/shop\\\/produkt\\\/akku-ladegeraet-duracell-fuer-aaa-aa-akkus-kaum-gebraucht\\\/#primaryimage\",\"url\":\"https:\\\/\\\/www.starcatering.at\\\/shop\\\/wp-content\\\/uploads\\\/2025\\\/03\\\/Ladegeraet_Duracell.jpg\",\"contentUrl\":\"https:\\\/\\\/www.starcatering.at\\\/shop\\\/wp-content\\\/uploads\\\/2025\\\/03\\\/Ladegeraet_Duracell.jpg\",\"width\":500,\"height\":500},{\"@type\":\"BreadcrumbList\",\"@id\":\"https:\\\/\\\/www.starcatering.at\\\/shop\\\/produkt\\\/akku-ladegeraet-duracell-fuer-aaa-aa-akkus-kaum-gebraucht\\\/#breadcrumb\",\"itemListElement\":[{\"@type\":\"ListItem\",\"position\":1,\"name\":\"Startseite\",\"item\":\"https:\\\/\\\/www.starcatering.at\\\/shop\\\/\"},{\"@type\":\"ListItem\",\"position\":2,\"name\":\"Shop\",\"item\":\"https:\\\/\\\/www.starcatering.at\\\/shop\\\/shop\\\/\"},{\"@type\":\"ListItem\",\"position\":3,\"name\":\"Akku-Ladeger\u00e4t Duracell f\u00fcr AAA &#038; AA Akkus (kaum gebraucht)\"}]},{\"@type\":\"WebSite\",\"@id\":\"https:\\\/\\\/www.starcatering.at\\\/shop\\\/#website\",\"url\":\"https:\\\/\\\/www.starcatering.at\\\/shop\\\/\",\"name\":\"Carnuntum Foods\",\"description\":\"Abverkaufsartikel\",\"publisher\":{\"@id\":\"https:\\\/\\\/www.starcatering.at\\\/shop\\\/#organization\"},\"potentialAction\":[{\"@type\":\"SearchAction\",\"target\":{\"@type\":\"EntryPoint\",\"urlTemplate\":\"https:\\\/\\\/www.starcatering.at\\\/shop\\\/?s={search_term_string}\"},\"query-input\":{\"@type\":\"PropertyValueSpecification\",\"valueRequired\":true,\"valueName\":\"search_term_string\"}}],\"inLanguage\":\"de\"},{\"@type\":\"Organization\",\"@id\":\"https:\\\/\\\/www.starcatering.at\\\/shop\\\/#organization\",\"name\":\"Carnuntumfoods\",\"url\":\"https:\\\/\\\/www.starcatering.at\\\/shop\\\/\",\"logo\":{\"@type\":\"ImageObject\",\"inLanguage\":\"de\",\"@id\":\"https:\\\/\\\/www.starcatering.at\\\/shop\\\/#\\\/schema\\\/logo\\\/image\\\/\",\"url\":\"https:\\\/\\\/www.starcatering.at\\\/shop\\\/wp-content\\\/uploads\\\/2021\\\/08\\\/cropped-logo.png\",\"contentUrl\":\"https:\\\/\\\/www.starcatering.at\\\/shop\\\/wp-content\\\/uploads\\\/2021\\\/08\\\/cropped-logo.png\",\"width\":512,\"height\":512,\"caption\":\"Carnuntumfoods\"},\"image\":{\"@id\":\"https:\\\/\\\/www.starcatering.at\\\/shop\\\/#\\\/schema\\\/logo\\\/image\\\/\"}}]}<\/script>\n<!-- \/ Yoast SEO plugin. -->","yoast_head_json":{"title":"Akku-Ladeger\u00e4t Duracell f\u00fcr AAA & AA Akkus (kaum gebraucht) &#187; StarCatering %-Shop","description":"Akku-Ladeger\u00e4t Duracell f\u00fcr AAA & AA Akkus (kaum gebraucht)","robots":{"index":"index","follow":"follow","max-snippet":"max-snippet:-1","max-image-preview":"max-image-preview:large","max-video-preview":"max-video-preview:-1"},"canonical":"https:\/\/www.starcatering.at\/shop\/produkt\/akku-ladegeraet-duracell-fuer-aaa-aa-akkus-kaum-gebraucht\/","og_locale":"de_DE","og_type":"article","og_title":"Akku-Ladeger\u00e4t Duracell f\u00fcr AAA \/ AA Akkus (kaum gebraucht)","og_description":"Akku-Ladeger\u00e4t Duracell f\u00fcr AAA \/ AA Akkus (kaum gebraucht)","og_url":"https:\/\/www.starcatering.at\/shop\/produkt\/akku-ladegeraet-duracell-fuer-aaa-aa-akkus-kaum-gebraucht\/","og_site_name":"StarCatering %-Shop","article_modified_time":"2025-03-24T11:44:38+00:00","og_image":[{"width":500,"height":500,"url":"https:\/\/www.starcatering.at\/shop\/wp-content\/uploads\/2025\/03\/Ladegeraet_Duracell.jpg","type":"image\/jpeg"}],"twitter_card":"summary_large_image","twitter_misc":{"Gesch\u00e4tzte Lesezeit":"1\u00a0Minute"},"schema":{"@context":"https:\/\/schema.org","@graph":[{"@type":"WebPage","@id":"https:\/\/www.starcatering.at\/shop\/produkt\/akku-ladegeraet-duracell-fuer-aaa-aa-akkus-kaum-gebraucht\/","url":"https:\/\/www.starcatering.at\/shop\/produkt\/akku-ladegeraet-duracell-fuer-aaa-aa-akkus-kaum-gebraucht\/","name":"Akku-Ladeger\u00e4t Duracell f\u00fcr AAA & AA Akkus (kaum gebraucht) &#187; StarCatering %-Shop","isPartOf":{"@id":"https:\/\/www.starcatering.at\/shop\/#website"},"primaryImageOfPage":{"@id":"https:\/\/www.starcatering.at\/shop\/produkt\/akku-ladegeraet-duracell-fuer-aaa-aa-akkus-kaum-gebraucht\/#primaryimage"},"image":{"@id":"https:\/\/www.starcatering.at\/shop\/produkt\/akku-ladegeraet-duracell-fuer-aaa-aa-akkus-kaum-gebraucht\/#primaryimage"},"thumbnailUrl":"https:\/\/www.starcatering.at\/shop\/wp-content\/uploads\/2025\/03\/Ladegeraet_Duracell.jpg","datePublished":"2024-11-16T13:30:51+00:00","dateModified":"2025-03-24T11:44:38+00:00","description":"Akku-Ladeger\u00e4t Duracell f\u00fcr AAA & AA Akkus (kaum gebraucht)","breadcrumb":{"@id":"https:\/\/www.starcatering.at\/shop\/produkt\/akku-ladegeraet-duracell-fuer-aaa-aa-akkus-kaum-gebraucht\/#breadcrumb"},"inLanguage":"de","potentialAction":[{"@type":"ReadAction","target":["https:\/\/www.starcatering.at\/shop\/produkt\/akku-ladegeraet-duracell-fuer-aaa-aa-akkus-kaum-gebraucht\/"]}]},{"@type":"ImageObject","inLanguage":"de","@id":"https:\/\/www.starcatering.at\/shop\/produkt\/akku-ladegeraet-duracell-fuer-aaa-aa-akkus-kaum-gebraucht\/#primaryimage","url":"https:\/\/www.starcatering.at\/shop\/wp-content\/uploads\/2025\/03\/Ladegeraet_Duracell.jpg","contentUrl":"https:\/\/www.starcatering.at\/shop\/wp-content\/uploads\/2025\/03\/Ladegeraet_Duracell.jpg","width":500,"height":500},{"@type":"BreadcrumbList","@id":"https:\/\/www.starcatering.at\/shop\/produkt\/akku-ladegeraet-duracell-fuer-aaa-aa-akkus-kaum-gebraucht\/#breadcrumb","itemListElement":[{"@type":"ListItem","position":1,"name":"Startseite","item":"https:\/\/www.starcatering.at\/shop\/"},{"@type":"ListItem","position":2,"name":"Shop","item":"https:\/\/www.starcatering.at\/shop\/shop\/"},{"@type":"ListItem","position":3,"name":"Akku-Ladeger\u00e4t Duracell f\u00fcr AAA &#038; AA Akkus (kaum gebraucht)"}]},{"@type":"WebSite","@id":"https:\/\/www.starcatering.at\/shop\/#website","url":"https:\/\/www.starcatering.at\/shop\/","name":"Carnuntum Foods","description":"Abverkaufsartikel","publisher":{"@id":"https:\/\/www.starcatering.at\/shop\/#organization"},"potentialAction":[{"@type":"SearchAction","target":{"@type":"EntryPoint","urlTemplate":"https:\/\/www.starcatering.at\/shop\/?s={search_term_string}"},"query-input":{"@type":"PropertyValueSpecification","valueRequired":true,"valueName":"search_term_string"}}],"inLanguage":"de"},{"@type":"Organization","@id":"https:\/\/www.starcatering.at\/shop\/#organization","name":"Carnuntumfoods","url":"https:\/\/www.starcatering.at\/shop\/","logo":{"@type":"ImageObject","inLanguage":"de","@id":"https:\/\/www.starcatering.at\/shop\/#\/schema\/logo\/image\/","url":"https:\/\/www.starcatering.at\/shop\/wp-content\/uploads\/2021\/08\/cropped-logo.png","contentUrl":"https:\/\/www.starcatering.at\/shop\/wp-content\/uploads\/2021\/08\/cropped-logo.png","width":512,"height":512,"caption":"Carnuntumfoods"},"image":{"@id":"https:\/\/www.starcatering.at\/shop\/#\/schema\/logo\/image\/"}}]}},"_links":{"self":[{"href":"https:\/\/www.starcatering.at\/shop\/wp-json\/wp\/v2\/product\/11722","targetHints":{"allow":["GET"]}}],"collection":[{"href":"https:\/\/www.starcatering.at\/shop\/wp-json\/wp\/v2\/product"}],"about":[{"href":"https:\/\/www.starcatering.at\/shop\/wp-json\/wp\/v2\/types\/product"}],"replies":[{"embeddable":true,"href":"https:\/\/www.starcatering.at\/shop\/wp-json\/wp\/v2\/comments?post=11722"}],"wp:featuredmedia":[{"embeddable":true,"href":"https:\/\/www.starcatering.at\/shop\/wp-json\/wp\/v2\/media\/11723"}],"wp:attachment":[{"href":"https:\/\/www.starcatering.at\/shop\/wp-json\/wp\/v2\/media?parent=11722"}],"wp:term":[{"taxonomy":"product_brand","embeddable":true,"href":"https:\/\/www.starcatering.at\/shop\/wp-json\/wp\/v2\/product_brand?post=11722"},{"taxonomy":"product_cat","embeddable":true,"href":"https:\/\/www.starcatering.at\/shop\/wp-json\/wp\/v2\/product_cat?post=11722"},{"taxonomy":"product_tag","embeddable":true,"href":"https:\/\/www.starcatering.at\/shop\/wp-json\/wp\/v2\/product_tag?post=11722"}],"curies":[{"name":"wp","href":"https:\/\/api.w.org\/{rel}","templated":true}]}}