{"id":11904,"date":"2025-01-29T16:39:52","date_gmt":"2025-01-29T15:39:52","guid":{"rendered":"https:\/\/www.starcatering.at\/shop\/?post_type=product&#038;p=11904"},"modified":"2025-03-29T16:59:50","modified_gmt":"2025-03-29T15:59:50","slug":"kapseln-papier-papstar-o29mm-h16mm-1000-stk","status":"publish","type":"product","link":"https:\/\/www.starcatering.at\/shop\/produkt\/kapseln-papier-papstar-o29mm-h16mm-1000-stk\/","title":{"rendered":"Kapseln Papier &#8220;Papstar&#8221; \u00d829mm h16mm 1000 Stk"},"content":{"rendered":"<p>Gefertigt aus lebensmittelechtem Pergamentersatz, sind sie fettdicht \u2013 Fettflecken sind somit nicht zu bef\u00fcrchten. Die wei\u00dfen Pralinenf\u00f6rmchen sind auch backfest, sie k\u00f6nnen bei Bedarf also auch zum Backen verwendet werden.<\/p>\n","protected":false},"excerpt":{"rendered":"<p><strong>Geb\u00e4ckkapseln\/Pralinenkapseln 29 x 16 mm<\/strong><\/p>\n<ul>\n<li>Pergamentersatz<\/li>\n<li>lebensmittelecht<\/li>\n<li>fettdicht<\/li>\n<li>backfest bis 220 \u00b0C<\/li>\n<li>Hergestellt in Deutschland<\/li>\n<\/ul>\n","protected":false},"featured_media":11431,"comment_status":"open","ping_status":"closed","template":"","meta":{"_et_pb_use_builder":"","_et_pb_old_content":"","_et_gb_content_width":""},"product_brand":[2498],"product_cat":[415],"product_tag":[2545,1454,1543,659,1290,663,636,2380,1792],"class_list":{"0":"post-11904","1":"product","2":"type-product","3":"status-publish","4":"has-post-thumbnail","6":"product_brand-papstar","7":"product_cat-einweggeschirr","8":"product_tag-2545","9":"product_tag-backform","10":"product_tag-foermchen","11":"product_tag-gebaeck","12":"product_tag-kapsel","13":"product_tag-mehlspeise","14":"product_tag-papier","15":"product_tag-papstar","16":"product_tag-praline","18":"first","19":"instock","20":"sale","21":"taxable","22":"shipping-taxable","23":"purchasable","24":"product-type-simple"},"yoast_head":"<!-- This site is optimized with the Yoast SEO plugin v27.5 - https:\/\/yoast.com\/product\/yoast-seo-wordpress\/ -->\n<title>Kapseln Papier &quot;Papstar&quot; \u00d829mm h16mm 1000 Stk &#187;<\/title>\n<meta name=\"description\" content=\"Kapseln Papier &quot;Papstar&quot; \u00d829mm h16mm 1000 Stk\" \/>\n<meta name=\"robots\" content=\"index, follow, max-snippet:-1, max-image-preview:large, max-video-preview:-1\" \/>\n<link rel=\"canonical\" href=\"https:\/\/www.starcatering.at\/shop\/produkt\/kapseln-papier-papstar-o29mm-h16mm-1000-stk\/\" \/>\n<meta property=\"og:locale\" content=\"de_DE\" \/>\n<meta property=\"og:type\" content=\"article\" \/>\n<meta property=\"og:title\" content=\"Kapseln Papier &quot;Papstar&quot; \u00d829mm h16mm 1000 Stk\" \/>\n<meta property=\"og:description\" content=\"Kapseln Papier &quot;Papstar&quot; \u00d829mm h16mm 1000 Stk\" \/>\n<meta property=\"og:url\" content=\"https:\/\/www.starcatering.at\/shop\/produkt\/kapseln-papier-papstar-o29mm-h16mm-1000-stk\/\" \/>\n<meta property=\"og:site_name\" content=\"StarCatering %-Shop\" \/>\n<meta property=\"article:modified_time\" content=\"2025-03-29T15:59:50+00:00\" \/>\n<meta property=\"og:image\" content=\"https:\/\/www.starcatering.at\/shop\/wp-content\/uploads\/2024\/11\/Papierfuermchen_20x25mm_2-1.jpg\" \/>\n\t<meta property=\"og:image:width\" content=\"600\" \/>\n\t<meta property=\"og:image:height\" content=\"600\" \/>\n\t<meta property=\"og:image:type\" content=\"image\/jpeg\" \/>\n<meta name=\"twitter:card\" content=\"summary_large_image\" \/>\n<meta name=\"twitter:label1\" content=\"Gesch\u00e4tzte Lesezeit\" \/>\n\t<meta name=\"twitter:data1\" content=\"1\u00a0Minute\" \/>\n<script type=\"application\/ld+json\" class=\"yoast-schema-graph\">{\"@context\":\"https:\\\/\\\/schema.org\",\"@graph\":[{\"@type\":\"WebPage\",\"@id\":\"https:\\\/\\\/www.starcatering.at\\\/shop\\\/produkt\\\/kapseln-papier-papstar-o29mm-h16mm-1000-stk\\\/\",\"url\":\"https:\\\/\\\/www.starcatering.at\\\/shop\\\/produkt\\\/kapseln-papier-papstar-o29mm-h16mm-1000-stk\\\/\",\"name\":\"Kapseln Papier \\\"Papstar\\\" \u00d829mm h16mm 1000 Stk &#187;\",\"isPartOf\":{\"@id\":\"https:\\\/\\\/www.starcatering.at\\\/shop\\\/#website\"},\"primaryImageOfPage\":{\"@id\":\"https:\\\/\\\/www.starcatering.at\\\/shop\\\/produkt\\\/kapseln-papier-papstar-o29mm-h16mm-1000-stk\\\/#primaryimage\"},\"image\":{\"@id\":\"https:\\\/\\\/www.starcatering.at\\\/shop\\\/produkt\\\/kapseln-papier-papstar-o29mm-h16mm-1000-stk\\\/#primaryimage\"},\"thumbnailUrl\":\"https:\\\/\\\/www.starcatering.at\\\/shop\\\/wp-content\\\/uploads\\\/2024\\\/11\\\/Papierfuermchen_20x25mm_2-1.jpg\",\"datePublished\":\"2025-01-29T15:39:52+00:00\",\"dateModified\":\"2025-03-29T15:59:50+00:00\",\"description\":\"Kapseln Papier \\\"Papstar\\\" \u00d829mm h16mm 1000 Stk\",\"breadcrumb\":{\"@id\":\"https:\\\/\\\/www.starcatering.at\\\/shop\\\/produkt\\\/kapseln-papier-papstar-o29mm-h16mm-1000-stk\\\/#breadcrumb\"},\"inLanguage\":\"de\",\"potentialAction\":[{\"@type\":\"ReadAction\",\"target\":[\"https:\\\/\\\/www.starcatering.at\\\/shop\\\/produkt\\\/kapseln-papier-papstar-o29mm-h16mm-1000-stk\\\/\"]}]},{\"@type\":\"ImageObject\",\"inLanguage\":\"de\",\"@id\":\"https:\\\/\\\/www.starcatering.at\\\/shop\\\/produkt\\\/kapseln-papier-papstar-o29mm-h16mm-1000-stk\\\/#primaryimage\",\"url\":\"https:\\\/\\\/www.starcatering.at\\\/shop\\\/wp-content\\\/uploads\\\/2024\\\/11\\\/Papierfuermchen_20x25mm_2-1.jpg\",\"contentUrl\":\"https:\\\/\\\/www.starcatering.at\\\/shop\\\/wp-content\\\/uploads\\\/2024\\\/11\\\/Papierfuermchen_20x25mm_2-1.jpg\",\"width\":600,\"height\":600},{\"@type\":\"BreadcrumbList\",\"@id\":\"https:\\\/\\\/www.starcatering.at\\\/shop\\\/produkt\\\/kapseln-papier-papstar-o29mm-h16mm-1000-stk\\\/#breadcrumb\",\"itemListElement\":[{\"@type\":\"ListItem\",\"position\":1,\"name\":\"Startseite\",\"item\":\"https:\\\/\\\/www.starcatering.at\\\/shop\\\/\"},{\"@type\":\"ListItem\",\"position\":2,\"name\":\"Shop\",\"item\":\"https:\\\/\\\/www.starcatering.at\\\/shop\\\/shop\\\/\"},{\"@type\":\"ListItem\",\"position\":3,\"name\":\"Kapseln Papier &#8220;Papstar&#8221; \u00d829mm h16mm 1000 Stk\"}]},{\"@type\":\"WebSite\",\"@id\":\"https:\\\/\\\/www.starcatering.at\\\/shop\\\/#website\",\"url\":\"https:\\\/\\\/www.starcatering.at\\\/shop\\\/\",\"name\":\"Carnuntum Foods\",\"description\":\"Abverkaufsartikel\",\"publisher\":{\"@id\":\"https:\\\/\\\/www.starcatering.at\\\/shop\\\/#organization\"},\"potentialAction\":[{\"@type\":\"SearchAction\",\"target\":{\"@type\":\"EntryPoint\",\"urlTemplate\":\"https:\\\/\\\/www.starcatering.at\\\/shop\\\/?s={search_term_string}\"},\"query-input\":{\"@type\":\"PropertyValueSpecification\",\"valueRequired\":true,\"valueName\":\"search_term_string\"}}],\"inLanguage\":\"de\"},{\"@type\":\"Organization\",\"@id\":\"https:\\\/\\\/www.starcatering.at\\\/shop\\\/#organization\",\"name\":\"Carnuntumfoods\",\"url\":\"https:\\\/\\\/www.starcatering.at\\\/shop\\\/\",\"logo\":{\"@type\":\"ImageObject\",\"inLanguage\":\"de\",\"@id\":\"https:\\\/\\\/www.starcatering.at\\\/shop\\\/#\\\/schema\\\/logo\\\/image\\\/\",\"url\":\"https:\\\/\\\/www.starcatering.at\\\/shop\\\/wp-content\\\/uploads\\\/2021\\\/08\\\/cropped-logo.png\",\"contentUrl\":\"https:\\\/\\\/www.starcatering.at\\\/shop\\\/wp-content\\\/uploads\\\/2021\\\/08\\\/cropped-logo.png\",\"width\":512,\"height\":512,\"caption\":\"Carnuntumfoods\"},\"image\":{\"@id\":\"https:\\\/\\\/www.starcatering.at\\\/shop\\\/#\\\/schema\\\/logo\\\/image\\\/\"}}]}<\/script>\n<!-- \/ Yoast SEO plugin. -->","yoast_head_json":{"title":"Kapseln Papier \"Papstar\" \u00d829mm h16mm 1000 Stk &#187;","description":"Kapseln Papier \"Papstar\" \u00d829mm h16mm 1000 Stk","robots":{"index":"index","follow":"follow","max-snippet":"max-snippet:-1","max-image-preview":"max-image-preview:large","max-video-preview":"max-video-preview:-1"},"canonical":"https:\/\/www.starcatering.at\/shop\/produkt\/kapseln-papier-papstar-o29mm-h16mm-1000-stk\/","og_locale":"de_DE","og_type":"article","og_title":"Kapseln Papier \"Papstar\" \u00d829mm h16mm 1000 Stk","og_description":"Kapseln Papier \"Papstar\" \u00d829mm h16mm 1000 Stk","og_url":"https:\/\/www.starcatering.at\/shop\/produkt\/kapseln-papier-papstar-o29mm-h16mm-1000-stk\/","og_site_name":"StarCatering %-Shop","article_modified_time":"2025-03-29T15:59:50+00:00","og_image":[{"width":600,"height":600,"url":"https:\/\/www.starcatering.at\/shop\/wp-content\/uploads\/2024\/11\/Papierfuermchen_20x25mm_2-1.jpg","type":"image\/jpeg"}],"twitter_card":"summary_large_image","twitter_misc":{"Gesch\u00e4tzte Lesezeit":"1\u00a0Minute"},"schema":{"@context":"https:\/\/schema.org","@graph":[{"@type":"WebPage","@id":"https:\/\/www.starcatering.at\/shop\/produkt\/kapseln-papier-papstar-o29mm-h16mm-1000-stk\/","url":"https:\/\/www.starcatering.at\/shop\/produkt\/kapseln-papier-papstar-o29mm-h16mm-1000-stk\/","name":"Kapseln Papier \"Papstar\" \u00d829mm h16mm 1000 Stk &#187;","isPartOf":{"@id":"https:\/\/www.starcatering.at\/shop\/#website"},"primaryImageOfPage":{"@id":"https:\/\/www.starcatering.at\/shop\/produkt\/kapseln-papier-papstar-o29mm-h16mm-1000-stk\/#primaryimage"},"image":{"@id":"https:\/\/www.starcatering.at\/shop\/produkt\/kapseln-papier-papstar-o29mm-h16mm-1000-stk\/#primaryimage"},"thumbnailUrl":"https:\/\/www.starcatering.at\/shop\/wp-content\/uploads\/2024\/11\/Papierfuermchen_20x25mm_2-1.jpg","datePublished":"2025-01-29T15:39:52+00:00","dateModified":"2025-03-29T15:59:50+00:00","description":"Kapseln Papier \"Papstar\" \u00d829mm h16mm 1000 Stk","breadcrumb":{"@id":"https:\/\/www.starcatering.at\/shop\/produkt\/kapseln-papier-papstar-o29mm-h16mm-1000-stk\/#breadcrumb"},"inLanguage":"de","potentialAction":[{"@type":"ReadAction","target":["https:\/\/www.starcatering.at\/shop\/produkt\/kapseln-papier-papstar-o29mm-h16mm-1000-stk\/"]}]},{"@type":"ImageObject","inLanguage":"de","@id":"https:\/\/www.starcatering.at\/shop\/produkt\/kapseln-papier-papstar-o29mm-h16mm-1000-stk\/#primaryimage","url":"https:\/\/www.starcatering.at\/shop\/wp-content\/uploads\/2024\/11\/Papierfuermchen_20x25mm_2-1.jpg","contentUrl":"https:\/\/www.starcatering.at\/shop\/wp-content\/uploads\/2024\/11\/Papierfuermchen_20x25mm_2-1.jpg","width":600,"height":600},{"@type":"BreadcrumbList","@id":"https:\/\/www.starcatering.at\/shop\/produkt\/kapseln-papier-papstar-o29mm-h16mm-1000-stk\/#breadcrumb","itemListElement":[{"@type":"ListItem","position":1,"name":"Startseite","item":"https:\/\/www.starcatering.at\/shop\/"},{"@type":"ListItem","position":2,"name":"Shop","item":"https:\/\/www.starcatering.at\/shop\/shop\/"},{"@type":"ListItem","position":3,"name":"Kapseln Papier &#8220;Papstar&#8221; \u00d829mm h16mm 1000 Stk"}]},{"@type":"WebSite","@id":"https:\/\/www.starcatering.at\/shop\/#website","url":"https:\/\/www.starcatering.at\/shop\/","name":"Carnuntum Foods","description":"Abverkaufsartikel","publisher":{"@id":"https:\/\/www.starcatering.at\/shop\/#organization"},"potentialAction":[{"@type":"SearchAction","target":{"@type":"EntryPoint","urlTemplate":"https:\/\/www.starcatering.at\/shop\/?s={search_term_string}"},"query-input":{"@type":"PropertyValueSpecification","valueRequired":true,"valueName":"search_term_string"}}],"inLanguage":"de"},{"@type":"Organization","@id":"https:\/\/www.starcatering.at\/shop\/#organization","name":"Carnuntumfoods","url":"https:\/\/www.starcatering.at\/shop\/","logo":{"@type":"ImageObject","inLanguage":"de","@id":"https:\/\/www.starcatering.at\/shop\/#\/schema\/logo\/image\/","url":"https:\/\/www.starcatering.at\/shop\/wp-content\/uploads\/2021\/08\/cropped-logo.png","contentUrl":"https:\/\/www.starcatering.at\/shop\/wp-content\/uploads\/2021\/08\/cropped-logo.png","width":512,"height":512,"caption":"Carnuntumfoods"},"image":{"@id":"https:\/\/www.starcatering.at\/shop\/#\/schema\/logo\/image\/"}}]}},"_links":{"self":[{"href":"https:\/\/www.starcatering.at\/shop\/wp-json\/wp\/v2\/product\/11904","targetHints":{"allow":["GET"]}}],"collection":[{"href":"https:\/\/www.starcatering.at\/shop\/wp-json\/wp\/v2\/product"}],"about":[{"href":"https:\/\/www.starcatering.at\/shop\/wp-json\/wp\/v2\/types\/product"}],"replies":[{"embeddable":true,"href":"https:\/\/www.starcatering.at\/shop\/wp-json\/wp\/v2\/comments?post=11904"}],"wp:featuredmedia":[{"embeddable":true,"href":"https:\/\/www.starcatering.at\/shop\/wp-json\/wp\/v2\/media\/11431"}],"wp:attachment":[{"href":"https:\/\/www.starcatering.at\/shop\/wp-json\/wp\/v2\/media?parent=11904"}],"wp:term":[{"taxonomy":"product_brand","embeddable":true,"href":"https:\/\/www.starcatering.at\/shop\/wp-json\/wp\/v2\/product_brand?post=11904"},{"taxonomy":"product_cat","embeddable":true,"href":"https:\/\/www.starcatering.at\/shop\/wp-json\/wp\/v2\/product_cat?post=11904"},{"taxonomy":"product_tag","embeddable":true,"href":"https:\/\/www.starcatering.at\/shop\/wp-json\/wp\/v2\/product_tag?post=11904"}],"curies":[{"name":"wp","href":"https:\/\/api.w.org\/{rel}","templated":true}]}}