{"id":11910,"date":"2025-03-13T12:25:42","date_gmt":"2025-03-13T11:25:42","guid":{"rendered":"https:\/\/www.starcatering.at\/shop\/?post_type=product&#038;p=11910"},"modified":"2025-05-14T20:30:49","modified_gmt":"2025-05-14T18:30:49","slug":"stromverteiler-kompakt-bsv-3-ls-e-16-wenig-gebraucht","status":"publish","type":"product","link":"https:\/\/www.starcatering.at\/shop\/produkt\/stromverteiler-kompakt-bsv-3-ls-e-16-wenig-gebraucht\/","title":{"rendered":"Stromverteiler kompakt BSV 3 LS E\/16 (wenig gebraucht)"},"content":{"rendered":"<p>Der kompakte Gummi-Stromverteiler in der Farbe dunkelgelb und 1m Kabel besticht durch seine Qualit\u00e4t und Sicherheit in allen Bereichen. Er eignet sich ideal f\u00fcr den Baustelleneinsatz oder generell f\u00fcr den st\u00e4ndigen Einsatz im Freien, dank des spritzwassergesch\u00fctzten Geh\u00e4uses und einer Temperaturbest\u00e4ndigkeit von -30\u00b0C bis + 80\u00b0C. Zudem \u00fcberzeugt er durch seine Best\u00e4ndigkeit &#8211; \u00d6le, Fette, Benzin oder S\u00e4uren k\u00f6nnen ihm nichts. Au\u00dferdem verf\u00fcgt er \u00fcber folgende Eigenschaften:<\/p>\n<ul>\n<li>Kabelbezeichnung: H07RN-F 5G1,5<\/li>\n<li>Stecker: CEE 400 V\/16 A 5-polig\/-pin<\/li>\n<li>3x CEE Steckdosen 400 V\/16 A 5-polig\/-pin<\/li>\n<li>3x Schutzkontakt-Steckdosen (230V\/16A, auf drei Phasen angeschlossen)<\/li>\n<\/ul>\n","protected":false},"excerpt":{"rendered":"<h3 class=\"h3 d-none d-lg-block\">Technische Daten (Herstellerangaben)<\/h3>\n<ul>\n<li><strong>H\u00f6he:<\/strong>\u00a017\u00a0cm<\/li>\n<li><strong>L\u00e4nge:<\/strong>\u00a026\u00a0cm<\/li>\n<li><strong>Gewicht:<\/strong>\u00a01,75\u00a0kg<\/li>\n<li><strong>Breite:<\/strong>\u00a026\u00a0cm<\/li>\n<li><strong>Max. elektr. Belastbarkeit:<\/strong>\u00a011000 W<\/li>\n<li><strong>Nenneingangsspannung:<\/strong>\u00a0400 V<\/li>\n<li><strong>Mit Tragegriff:<\/strong>\u00a0Ja<\/li>\n<li><strong>Werkstoff Geh\u00e4use:<\/strong>\u00a0Kunststoff\/ Gummi<\/li>\n<li><strong>Anzahl der CEE-Steckdosen gesamt:<\/strong>\u00a03<\/li>\n<li><strong>Anzahl der Steckdosen gesamt:<\/strong>\u00a06<\/li>\n<li><strong>Schutzart (IP):<\/strong>\u00a0IP44<\/li>\n<li><strong>Geeignet f\u00fcr Au\u00dfenbereich:<\/strong>\u00a0Ja<\/li>\n<li><strong>Kabelbezeichnung:<\/strong>\u00a0H07RN-F 5G1,5<\/li>\n<li><strong>Kabell\u00e4nge:<\/strong>\u00a01\u00a0m<\/li>\n<li><strong>Kabelqualit\u00e4t:<\/strong>\u00a0Gummi-Neopren<\/li>\n<li><strong>FI-Schalter:<\/strong>\u00a0Ohne<\/li>\n<li><strong>Anzahl der Schutzkontakt-Steckdosen:<\/strong>\u00a03<\/li>\n<\/ul>\n","protected":false},"featured_media":11911,"comment_status":"open","ping_status":"closed","template":"","meta":{"_et_pb_use_builder":"","_et_pb_old_content":"","_et_gb_content_width":""},"product_brand":[],"product_cat":[325],"product_tag":[1564,2462,1565,484,477,2471,340,1858,546],"class_list":{"0":"post-11910","1":"product","2":"type-product","3":"status-publish","4":"has-post-thumbnail","6":"product_cat-kabeln","7":"product_tag-16a","8":"product_tag-bock","9":"product_tag-cee","10":"product_tag-ip44","11":"product_tag-kabel","12":"product_tag-kompakt","13":"product_tag-mini","14":"product_tag-strom","15":"product_tag-verteiler","17":"first","18":"instock","19":"sale","20":"taxable","21":"shipping-taxable","22":"purchasable","23":"product-type-simple"},"yoast_head":"<!-- This site is optimized with the Yoast SEO plugin v27.5 - https:\/\/yoast.com\/product\/yoast-seo-wordpress\/ -->\n<title>Stromverteiler kompakt BSV 3 LS E\/16 (wenig gebraucht) &#187; StarCatering %-Shop<\/title>\n<meta name=\"description\" content=\"Stromverteiler kompakt BSV 3 LS E\/16 (wenig gebraucht)\" \/>\n<meta name=\"robots\" content=\"index, follow, max-snippet:-1, max-image-preview:large, max-video-preview:-1\" \/>\n<link rel=\"canonical\" href=\"https:\/\/www.starcatering.at\/shop\/produkt\/stromverteiler-kompakt-bsv-3-ls-e-16-wenig-gebraucht\/\" \/>\n<meta property=\"og:locale\" content=\"de_DE\" \/>\n<meta property=\"og:type\" content=\"article\" \/>\n<meta property=\"og:title\" content=\"Stromverteiler kompakt BSV 3 LS E\/16 (wenig gebraucht)\" \/>\n<meta property=\"og:description\" content=\"Stromverteiler kompakt BSV 3 LS E\/16 (wenig gebraucht)\" \/>\n<meta property=\"og:url\" content=\"https:\/\/www.starcatering.at\/shop\/produkt\/stromverteiler-kompakt-bsv-3-ls-e-16-wenig-gebraucht\/\" \/>\n<meta property=\"og:site_name\" content=\"StarCatering %-Shop\" \/>\n<meta property=\"article:modified_time\" content=\"2025-05-14T18:30:49+00:00\" \/>\n<meta property=\"og:image\" content=\"https:\/\/www.starcatering.at\/shop\/wp-content\/uploads\/2025\/03\/Mini-Stromverteilerwuerfel.jpg\" \/>\n\t<meta property=\"og:image:width\" content=\"600\" \/>\n\t<meta property=\"og:image:height\" content=\"600\" \/>\n\t<meta property=\"og:image:type\" content=\"image\/jpeg\" \/>\n<meta name=\"twitter:card\" content=\"summary_large_image\" \/>\n<meta name=\"twitter:label1\" content=\"Gesch\u00e4tzte Lesezeit\" \/>\n\t<meta name=\"twitter:data1\" content=\"1\u00a0Minute\" \/>\n<script type=\"application\/ld+json\" class=\"yoast-schema-graph\">{\"@context\":\"https:\\\/\\\/schema.org\",\"@graph\":[{\"@type\":\"WebPage\",\"@id\":\"https:\\\/\\\/www.starcatering.at\\\/shop\\\/produkt\\\/stromverteiler-kompakt-bsv-3-ls-e-16-wenig-gebraucht\\\/\",\"url\":\"https:\\\/\\\/www.starcatering.at\\\/shop\\\/produkt\\\/stromverteiler-kompakt-bsv-3-ls-e-16-wenig-gebraucht\\\/\",\"name\":\"Stromverteiler kompakt BSV 3 LS E\\\/16 (wenig gebraucht) &#187; StarCatering %-Shop\",\"isPartOf\":{\"@id\":\"https:\\\/\\\/www.starcatering.at\\\/shop\\\/#website\"},\"primaryImageOfPage\":{\"@id\":\"https:\\\/\\\/www.starcatering.at\\\/shop\\\/produkt\\\/stromverteiler-kompakt-bsv-3-ls-e-16-wenig-gebraucht\\\/#primaryimage\"},\"image\":{\"@id\":\"https:\\\/\\\/www.starcatering.at\\\/shop\\\/produkt\\\/stromverteiler-kompakt-bsv-3-ls-e-16-wenig-gebraucht\\\/#primaryimage\"},\"thumbnailUrl\":\"https:\\\/\\\/www.starcatering.at\\\/shop\\\/wp-content\\\/uploads\\\/2025\\\/03\\\/Mini-Stromverteilerwuerfel.jpg\",\"datePublished\":\"2025-03-13T11:25:42+00:00\",\"dateModified\":\"2025-05-14T18:30:49+00:00\",\"description\":\"Stromverteiler kompakt BSV 3 LS E\\\/16 (wenig gebraucht)\",\"breadcrumb\":{\"@id\":\"https:\\\/\\\/www.starcatering.at\\\/shop\\\/produkt\\\/stromverteiler-kompakt-bsv-3-ls-e-16-wenig-gebraucht\\\/#breadcrumb\"},\"inLanguage\":\"de\",\"potentialAction\":[{\"@type\":\"ReadAction\",\"target\":[\"https:\\\/\\\/www.starcatering.at\\\/shop\\\/produkt\\\/stromverteiler-kompakt-bsv-3-ls-e-16-wenig-gebraucht\\\/\"]}]},{\"@type\":\"ImageObject\",\"inLanguage\":\"de\",\"@id\":\"https:\\\/\\\/www.starcatering.at\\\/shop\\\/produkt\\\/stromverteiler-kompakt-bsv-3-ls-e-16-wenig-gebraucht\\\/#primaryimage\",\"url\":\"https:\\\/\\\/www.starcatering.at\\\/shop\\\/wp-content\\\/uploads\\\/2025\\\/03\\\/Mini-Stromverteilerwuerfel.jpg\",\"contentUrl\":\"https:\\\/\\\/www.starcatering.at\\\/shop\\\/wp-content\\\/uploads\\\/2025\\\/03\\\/Mini-Stromverteilerwuerfel.jpg\",\"width\":600,\"height\":600},{\"@type\":\"BreadcrumbList\",\"@id\":\"https:\\\/\\\/www.starcatering.at\\\/shop\\\/produkt\\\/stromverteiler-kompakt-bsv-3-ls-e-16-wenig-gebraucht\\\/#breadcrumb\",\"itemListElement\":[{\"@type\":\"ListItem\",\"position\":1,\"name\":\"Startseite\",\"item\":\"https:\\\/\\\/www.starcatering.at\\\/shop\\\/\"},{\"@type\":\"ListItem\",\"position\":2,\"name\":\"Shop\",\"item\":\"https:\\\/\\\/www.starcatering.at\\\/shop\\\/shop\\\/\"},{\"@type\":\"ListItem\",\"position\":3,\"name\":\"Stromverteiler kompakt BSV 3 LS E\\\/16 (wenig gebraucht)\"}]},{\"@type\":\"WebSite\",\"@id\":\"https:\\\/\\\/www.starcatering.at\\\/shop\\\/#website\",\"url\":\"https:\\\/\\\/www.starcatering.at\\\/shop\\\/\",\"name\":\"Carnuntum Foods\",\"description\":\"Abverkaufsartikel\",\"publisher\":{\"@id\":\"https:\\\/\\\/www.starcatering.at\\\/shop\\\/#organization\"},\"potentialAction\":[{\"@type\":\"SearchAction\",\"target\":{\"@type\":\"EntryPoint\",\"urlTemplate\":\"https:\\\/\\\/www.starcatering.at\\\/shop\\\/?s={search_term_string}\"},\"query-input\":{\"@type\":\"PropertyValueSpecification\",\"valueRequired\":true,\"valueName\":\"search_term_string\"}}],\"inLanguage\":\"de\"},{\"@type\":\"Organization\",\"@id\":\"https:\\\/\\\/www.starcatering.at\\\/shop\\\/#organization\",\"name\":\"Carnuntumfoods\",\"url\":\"https:\\\/\\\/www.starcatering.at\\\/shop\\\/\",\"logo\":{\"@type\":\"ImageObject\",\"inLanguage\":\"de\",\"@id\":\"https:\\\/\\\/www.starcatering.at\\\/shop\\\/#\\\/schema\\\/logo\\\/image\\\/\",\"url\":\"https:\\\/\\\/www.starcatering.at\\\/shop\\\/wp-content\\\/uploads\\\/2021\\\/08\\\/cropped-logo.png\",\"contentUrl\":\"https:\\\/\\\/www.starcatering.at\\\/shop\\\/wp-content\\\/uploads\\\/2021\\\/08\\\/cropped-logo.png\",\"width\":512,\"height\":512,\"caption\":\"Carnuntumfoods\"},\"image\":{\"@id\":\"https:\\\/\\\/www.starcatering.at\\\/shop\\\/#\\\/schema\\\/logo\\\/image\\\/\"}}]}<\/script>\n<!-- \/ Yoast SEO plugin. -->","yoast_head_json":{"title":"Stromverteiler kompakt BSV 3 LS E\/16 (wenig gebraucht) &#187; StarCatering %-Shop","description":"Stromverteiler kompakt BSV 3 LS E\/16 (wenig gebraucht)","robots":{"index":"index","follow":"follow","max-snippet":"max-snippet:-1","max-image-preview":"max-image-preview:large","max-video-preview":"max-video-preview:-1"},"canonical":"https:\/\/www.starcatering.at\/shop\/produkt\/stromverteiler-kompakt-bsv-3-ls-e-16-wenig-gebraucht\/","og_locale":"de_DE","og_type":"article","og_title":"Stromverteiler kompakt BSV 3 LS E\/16 (wenig gebraucht)","og_description":"Stromverteiler kompakt BSV 3 LS E\/16 (wenig gebraucht)","og_url":"https:\/\/www.starcatering.at\/shop\/produkt\/stromverteiler-kompakt-bsv-3-ls-e-16-wenig-gebraucht\/","og_site_name":"StarCatering %-Shop","article_modified_time":"2025-05-14T18:30:49+00:00","og_image":[{"width":600,"height":600,"url":"https:\/\/www.starcatering.at\/shop\/wp-content\/uploads\/2025\/03\/Mini-Stromverteilerwuerfel.jpg","type":"image\/jpeg"}],"twitter_card":"summary_large_image","twitter_misc":{"Gesch\u00e4tzte Lesezeit":"1\u00a0Minute"},"schema":{"@context":"https:\/\/schema.org","@graph":[{"@type":"WebPage","@id":"https:\/\/www.starcatering.at\/shop\/produkt\/stromverteiler-kompakt-bsv-3-ls-e-16-wenig-gebraucht\/","url":"https:\/\/www.starcatering.at\/shop\/produkt\/stromverteiler-kompakt-bsv-3-ls-e-16-wenig-gebraucht\/","name":"Stromverteiler kompakt BSV 3 LS E\/16 (wenig gebraucht) &#187; StarCatering %-Shop","isPartOf":{"@id":"https:\/\/www.starcatering.at\/shop\/#website"},"primaryImageOfPage":{"@id":"https:\/\/www.starcatering.at\/shop\/produkt\/stromverteiler-kompakt-bsv-3-ls-e-16-wenig-gebraucht\/#primaryimage"},"image":{"@id":"https:\/\/www.starcatering.at\/shop\/produkt\/stromverteiler-kompakt-bsv-3-ls-e-16-wenig-gebraucht\/#primaryimage"},"thumbnailUrl":"https:\/\/www.starcatering.at\/shop\/wp-content\/uploads\/2025\/03\/Mini-Stromverteilerwuerfel.jpg","datePublished":"2025-03-13T11:25:42+00:00","dateModified":"2025-05-14T18:30:49+00:00","description":"Stromverteiler kompakt BSV 3 LS E\/16 (wenig gebraucht)","breadcrumb":{"@id":"https:\/\/www.starcatering.at\/shop\/produkt\/stromverteiler-kompakt-bsv-3-ls-e-16-wenig-gebraucht\/#breadcrumb"},"inLanguage":"de","potentialAction":[{"@type":"ReadAction","target":["https:\/\/www.starcatering.at\/shop\/produkt\/stromverteiler-kompakt-bsv-3-ls-e-16-wenig-gebraucht\/"]}]},{"@type":"ImageObject","inLanguage":"de","@id":"https:\/\/www.starcatering.at\/shop\/produkt\/stromverteiler-kompakt-bsv-3-ls-e-16-wenig-gebraucht\/#primaryimage","url":"https:\/\/www.starcatering.at\/shop\/wp-content\/uploads\/2025\/03\/Mini-Stromverteilerwuerfel.jpg","contentUrl":"https:\/\/www.starcatering.at\/shop\/wp-content\/uploads\/2025\/03\/Mini-Stromverteilerwuerfel.jpg","width":600,"height":600},{"@type":"BreadcrumbList","@id":"https:\/\/www.starcatering.at\/shop\/produkt\/stromverteiler-kompakt-bsv-3-ls-e-16-wenig-gebraucht\/#breadcrumb","itemListElement":[{"@type":"ListItem","position":1,"name":"Startseite","item":"https:\/\/www.starcatering.at\/shop\/"},{"@type":"ListItem","position":2,"name":"Shop","item":"https:\/\/www.starcatering.at\/shop\/shop\/"},{"@type":"ListItem","position":3,"name":"Stromverteiler kompakt BSV 3 LS E\/16 (wenig gebraucht)"}]},{"@type":"WebSite","@id":"https:\/\/www.starcatering.at\/shop\/#website","url":"https:\/\/www.starcatering.at\/shop\/","name":"Carnuntum Foods","description":"Abverkaufsartikel","publisher":{"@id":"https:\/\/www.starcatering.at\/shop\/#organization"},"potentialAction":[{"@type":"SearchAction","target":{"@type":"EntryPoint","urlTemplate":"https:\/\/www.starcatering.at\/shop\/?s={search_term_string}"},"query-input":{"@type":"PropertyValueSpecification","valueRequired":true,"valueName":"search_term_string"}}],"inLanguage":"de"},{"@type":"Organization","@id":"https:\/\/www.starcatering.at\/shop\/#organization","name":"Carnuntumfoods","url":"https:\/\/www.starcatering.at\/shop\/","logo":{"@type":"ImageObject","inLanguage":"de","@id":"https:\/\/www.starcatering.at\/shop\/#\/schema\/logo\/image\/","url":"https:\/\/www.starcatering.at\/shop\/wp-content\/uploads\/2021\/08\/cropped-logo.png","contentUrl":"https:\/\/www.starcatering.at\/shop\/wp-content\/uploads\/2021\/08\/cropped-logo.png","width":512,"height":512,"caption":"Carnuntumfoods"},"image":{"@id":"https:\/\/www.starcatering.at\/shop\/#\/schema\/logo\/image\/"}}]}},"_links":{"self":[{"href":"https:\/\/www.starcatering.at\/shop\/wp-json\/wp\/v2\/product\/11910","targetHints":{"allow":["GET"]}}],"collection":[{"href":"https:\/\/www.starcatering.at\/shop\/wp-json\/wp\/v2\/product"}],"about":[{"href":"https:\/\/www.starcatering.at\/shop\/wp-json\/wp\/v2\/types\/product"}],"replies":[{"embeddable":true,"href":"https:\/\/www.starcatering.at\/shop\/wp-json\/wp\/v2\/comments?post=11910"}],"wp:featuredmedia":[{"embeddable":true,"href":"https:\/\/www.starcatering.at\/shop\/wp-json\/wp\/v2\/media\/11911"}],"wp:attachment":[{"href":"https:\/\/www.starcatering.at\/shop\/wp-json\/wp\/v2\/media?parent=11910"}],"wp:term":[{"taxonomy":"product_brand","embeddable":true,"href":"https:\/\/www.starcatering.at\/shop\/wp-json\/wp\/v2\/product_brand?post=11910"},{"taxonomy":"product_cat","embeddable":true,"href":"https:\/\/www.starcatering.at\/shop\/wp-json\/wp\/v2\/product_cat?post=11910"},{"taxonomy":"product_tag","embeddable":true,"href":"https:\/\/www.starcatering.at\/shop\/wp-json\/wp\/v2\/product_tag?post=11910"}],"curies":[{"name":"wp","href":"https:\/\/api.w.org\/{rel}","templated":true}]}}