{"id":11960,"date":"2025-01-07T19:48:21","date_gmt":"2025-01-07T18:48:21","guid":{"rendered":"https:\/\/www.starcatering.at\/shop\/?post_type=product&#038;p=11960"},"modified":"2025-04-07T23:55:55","modified_gmt":"2025-04-07T21:55:55","slug":"usb-stick-gold-edition-4-gb-neuware","status":"publish","type":"product","link":"https:\/\/www.starcatering.at\/shop\/produkt\/usb-stick-gold-edition-4-gb-neuware\/","title":{"rendered":"USB-Stick Gold-Edition 4-GB (NEUWARE)"},"content":{"rendered":"<p>Noch nie war es\u00a0<b>so sch\u00f6n,<\/b> Ihre Daten immer am Mann oder an der Frau zu haben \ud83d\ude42 Sensationelle <b>3 mm schlank<\/b>\u00a0l\u00e4sst sich der echt vergoldete USB-Stick in der Hosentasche kaum erahnen. Sp\u00fcren werden Sie ihn bei lediglich\u00a0<b>6 Gramm Gewicht<\/b>\u00a0jedenfalls nicht.<\/p>\n<p>Auch als schmucker\u00a0<b>Gold-Anh\u00e4nger<\/b>\u00a0an einem Halskettchen macht das kleine Speichertalent eine prima Figur. Und in Ihrem Geldbeutel braucht der Winzling nur so viel Platz wie ein Geldst\u00fcck.<\/p>\n<p>Sogar als\u00a0<b>mobile Backup-L\u00f6sung<\/b>\u00a0ist das Gold-St\u00fcck einfach genial. Damit Ihre Daten maximal sicher sind, ist er komplett\u00a0<b>wasserdicht und staubdicht<\/b>.<\/p>\n","protected":false},"excerpt":{"rendered":"<ul>\n<li>4 GB USB-Speicherstick\u00a0im winzigen Goldbarren-Format<\/li>\n<li>24 Karat vergoldetes Metallgeh\u00e4use<\/li>\n<li>USB 2.0<\/li>\n<li>Schlanke\u00a026 x 11 x 3 mm<\/li>\n<li>Federleichte\u00a06 Gramm<\/li>\n<li>Inklusive 2in1-Trageschlaufe f\u00fcr den Schl\u00fcsselbund und \u00d6se (z.B. Handy)<\/li>\n<\/ul>\n","protected":false},"featured_media":11961,"comment_status":"open","ping_status":"closed","template":"","meta":{"_et_pb_use_builder":"","_et_pb_old_content":"","_et_gb_content_width":""},"product_brand":[],"product_cat":[996],"product_tag":[2586,1597,520,1577,340,1234,1232,1231],"class_list":{"0":"post-11960","1":"product","2":"type-product","3":"status-publish","4":"has-post-thumbnail","6":"product_cat-bueromaterial","7":"product_tag-4-gb","8":"product_tag-computer","9":"product_tag-gold","10":"product_tag-laptop","11":"product_tag-mini","12":"product_tag-speicher","13":"product_tag-stick","14":"product_tag-usb","16":"first","17":"instock","18":"sale","19":"taxable","20":"shipping-taxable","21":"purchasable","22":"product-type-simple"},"yoast_head":"<!-- This site is optimized with the Yoast SEO plugin v27.5 - https:\/\/yoast.com\/product\/yoast-seo-wordpress\/ -->\n<title>USB-Stick Gold-Edition 4-GB (NEUWARE) &#187; StarCatering %-Shop<\/title>\n<meta name=\"description\" content=\"USB-Stick Gold-Edition 4-GB (NEUWARE)\" \/>\n<meta name=\"robots\" content=\"index, follow, max-snippet:-1, max-image-preview:large, max-video-preview:-1\" \/>\n<link rel=\"canonical\" href=\"https:\/\/www.starcatering.at\/shop\/produkt\/usb-stick-gold-edition-4-gb-neuware\/\" \/>\n<meta property=\"og:locale\" content=\"de_DE\" \/>\n<meta property=\"og:type\" content=\"article\" \/>\n<meta property=\"og:title\" content=\"USB-Stick Gold-Edition 4-GB (NEUWARE)\" \/>\n<meta property=\"og:description\" content=\"USB-Stick Gold-Edition 4-GB (NEUWARE)\" \/>\n<meta property=\"og:url\" content=\"https:\/\/www.starcatering.at\/shop\/produkt\/usb-stick-gold-edition-4-gb-neuware\/\" \/>\n<meta property=\"og:site_name\" content=\"StarCatering %-Shop\" \/>\n<meta property=\"article:modified_time\" content=\"2025-04-07T21:55:55+00:00\" \/>\n<meta property=\"og:image\" content=\"https:\/\/www.starcatering.at\/shop\/wp-content\/uploads\/2025\/04\/USB-Stick_Gold_4GB.jpg\" \/>\n\t<meta property=\"og:image:width\" content=\"500\" \/>\n\t<meta property=\"og:image:height\" content=\"500\" \/>\n\t<meta property=\"og:image:type\" content=\"image\/jpeg\" \/>\n<meta name=\"twitter:card\" content=\"summary_large_image\" \/>\n<meta name=\"twitter:label1\" content=\"Gesch\u00e4tzte Lesezeit\" \/>\n\t<meta name=\"twitter:data1\" content=\"1\u00a0Minute\" \/>\n<script type=\"application\/ld+json\" class=\"yoast-schema-graph\">{\"@context\":\"https:\\\/\\\/schema.org\",\"@graph\":[{\"@type\":\"WebPage\",\"@id\":\"https:\\\/\\\/www.starcatering.at\\\/shop\\\/produkt\\\/usb-stick-gold-edition-4-gb-neuware\\\/\",\"url\":\"https:\\\/\\\/www.starcatering.at\\\/shop\\\/produkt\\\/usb-stick-gold-edition-4-gb-neuware\\\/\",\"name\":\"USB-Stick Gold-Edition 4-GB (NEUWARE) &#187; StarCatering %-Shop\",\"isPartOf\":{\"@id\":\"https:\\\/\\\/www.starcatering.at\\\/shop\\\/#website\"},\"primaryImageOfPage\":{\"@id\":\"https:\\\/\\\/www.starcatering.at\\\/shop\\\/produkt\\\/usb-stick-gold-edition-4-gb-neuware\\\/#primaryimage\"},\"image\":{\"@id\":\"https:\\\/\\\/www.starcatering.at\\\/shop\\\/produkt\\\/usb-stick-gold-edition-4-gb-neuware\\\/#primaryimage\"},\"thumbnailUrl\":\"https:\\\/\\\/www.starcatering.at\\\/shop\\\/wp-content\\\/uploads\\\/2025\\\/04\\\/USB-Stick_Gold_4GB.jpg\",\"datePublished\":\"2025-01-07T18:48:21+00:00\",\"dateModified\":\"2025-04-07T21:55:55+00:00\",\"description\":\"USB-Stick Gold-Edition 4-GB (NEUWARE)\",\"breadcrumb\":{\"@id\":\"https:\\\/\\\/www.starcatering.at\\\/shop\\\/produkt\\\/usb-stick-gold-edition-4-gb-neuware\\\/#breadcrumb\"},\"inLanguage\":\"de\",\"potentialAction\":[{\"@type\":\"ReadAction\",\"target\":[\"https:\\\/\\\/www.starcatering.at\\\/shop\\\/produkt\\\/usb-stick-gold-edition-4-gb-neuware\\\/\"]}]},{\"@type\":\"ImageObject\",\"inLanguage\":\"de\",\"@id\":\"https:\\\/\\\/www.starcatering.at\\\/shop\\\/produkt\\\/usb-stick-gold-edition-4-gb-neuware\\\/#primaryimage\",\"url\":\"https:\\\/\\\/www.starcatering.at\\\/shop\\\/wp-content\\\/uploads\\\/2025\\\/04\\\/USB-Stick_Gold_4GB.jpg\",\"contentUrl\":\"https:\\\/\\\/www.starcatering.at\\\/shop\\\/wp-content\\\/uploads\\\/2025\\\/04\\\/USB-Stick_Gold_4GB.jpg\",\"width\":500,\"height\":500},{\"@type\":\"BreadcrumbList\",\"@id\":\"https:\\\/\\\/www.starcatering.at\\\/shop\\\/produkt\\\/usb-stick-gold-edition-4-gb-neuware\\\/#breadcrumb\",\"itemListElement\":[{\"@type\":\"ListItem\",\"position\":1,\"name\":\"Startseite\",\"item\":\"https:\\\/\\\/www.starcatering.at\\\/shop\\\/\"},{\"@type\":\"ListItem\",\"position\":2,\"name\":\"Shop\",\"item\":\"https:\\\/\\\/www.starcatering.at\\\/shop\\\/shop\\\/\"},{\"@type\":\"ListItem\",\"position\":3,\"name\":\"USB-Stick Gold-Edition 4-GB (NEUWARE)\"}]},{\"@type\":\"WebSite\",\"@id\":\"https:\\\/\\\/www.starcatering.at\\\/shop\\\/#website\",\"url\":\"https:\\\/\\\/www.starcatering.at\\\/shop\\\/\",\"name\":\"Carnuntum Foods\",\"description\":\"Abverkaufsartikel\",\"publisher\":{\"@id\":\"https:\\\/\\\/www.starcatering.at\\\/shop\\\/#organization\"},\"potentialAction\":[{\"@type\":\"SearchAction\",\"target\":{\"@type\":\"EntryPoint\",\"urlTemplate\":\"https:\\\/\\\/www.starcatering.at\\\/shop\\\/?s={search_term_string}\"},\"query-input\":{\"@type\":\"PropertyValueSpecification\",\"valueRequired\":true,\"valueName\":\"search_term_string\"}}],\"inLanguage\":\"de\"},{\"@type\":\"Organization\",\"@id\":\"https:\\\/\\\/www.starcatering.at\\\/shop\\\/#organization\",\"name\":\"Carnuntumfoods\",\"url\":\"https:\\\/\\\/www.starcatering.at\\\/shop\\\/\",\"logo\":{\"@type\":\"ImageObject\",\"inLanguage\":\"de\",\"@id\":\"https:\\\/\\\/www.starcatering.at\\\/shop\\\/#\\\/schema\\\/logo\\\/image\\\/\",\"url\":\"https:\\\/\\\/www.starcatering.at\\\/shop\\\/wp-content\\\/uploads\\\/2021\\\/08\\\/cropped-logo.png\",\"contentUrl\":\"https:\\\/\\\/www.starcatering.at\\\/shop\\\/wp-content\\\/uploads\\\/2021\\\/08\\\/cropped-logo.png\",\"width\":512,\"height\":512,\"caption\":\"Carnuntumfoods\"},\"image\":{\"@id\":\"https:\\\/\\\/www.starcatering.at\\\/shop\\\/#\\\/schema\\\/logo\\\/image\\\/\"}}]}<\/script>\n<!-- \/ Yoast SEO plugin. -->","yoast_head_json":{"title":"USB-Stick Gold-Edition 4-GB (NEUWARE) &#187; StarCatering %-Shop","description":"USB-Stick Gold-Edition 4-GB (NEUWARE)","robots":{"index":"index","follow":"follow","max-snippet":"max-snippet:-1","max-image-preview":"max-image-preview:large","max-video-preview":"max-video-preview:-1"},"canonical":"https:\/\/www.starcatering.at\/shop\/produkt\/usb-stick-gold-edition-4-gb-neuware\/","og_locale":"de_DE","og_type":"article","og_title":"USB-Stick Gold-Edition 4-GB (NEUWARE)","og_description":"USB-Stick Gold-Edition 4-GB (NEUWARE)","og_url":"https:\/\/www.starcatering.at\/shop\/produkt\/usb-stick-gold-edition-4-gb-neuware\/","og_site_name":"StarCatering %-Shop","article_modified_time":"2025-04-07T21:55:55+00:00","og_image":[{"width":500,"height":500,"url":"https:\/\/www.starcatering.at\/shop\/wp-content\/uploads\/2025\/04\/USB-Stick_Gold_4GB.jpg","type":"image\/jpeg"}],"twitter_card":"summary_large_image","twitter_misc":{"Gesch\u00e4tzte Lesezeit":"1\u00a0Minute"},"schema":{"@context":"https:\/\/schema.org","@graph":[{"@type":"WebPage","@id":"https:\/\/www.starcatering.at\/shop\/produkt\/usb-stick-gold-edition-4-gb-neuware\/","url":"https:\/\/www.starcatering.at\/shop\/produkt\/usb-stick-gold-edition-4-gb-neuware\/","name":"USB-Stick Gold-Edition 4-GB (NEUWARE) &#187; StarCatering %-Shop","isPartOf":{"@id":"https:\/\/www.starcatering.at\/shop\/#website"},"primaryImageOfPage":{"@id":"https:\/\/www.starcatering.at\/shop\/produkt\/usb-stick-gold-edition-4-gb-neuware\/#primaryimage"},"image":{"@id":"https:\/\/www.starcatering.at\/shop\/produkt\/usb-stick-gold-edition-4-gb-neuware\/#primaryimage"},"thumbnailUrl":"https:\/\/www.starcatering.at\/shop\/wp-content\/uploads\/2025\/04\/USB-Stick_Gold_4GB.jpg","datePublished":"2025-01-07T18:48:21+00:00","dateModified":"2025-04-07T21:55:55+00:00","description":"USB-Stick Gold-Edition 4-GB (NEUWARE)","breadcrumb":{"@id":"https:\/\/www.starcatering.at\/shop\/produkt\/usb-stick-gold-edition-4-gb-neuware\/#breadcrumb"},"inLanguage":"de","potentialAction":[{"@type":"ReadAction","target":["https:\/\/www.starcatering.at\/shop\/produkt\/usb-stick-gold-edition-4-gb-neuware\/"]}]},{"@type":"ImageObject","inLanguage":"de","@id":"https:\/\/www.starcatering.at\/shop\/produkt\/usb-stick-gold-edition-4-gb-neuware\/#primaryimage","url":"https:\/\/www.starcatering.at\/shop\/wp-content\/uploads\/2025\/04\/USB-Stick_Gold_4GB.jpg","contentUrl":"https:\/\/www.starcatering.at\/shop\/wp-content\/uploads\/2025\/04\/USB-Stick_Gold_4GB.jpg","width":500,"height":500},{"@type":"BreadcrumbList","@id":"https:\/\/www.starcatering.at\/shop\/produkt\/usb-stick-gold-edition-4-gb-neuware\/#breadcrumb","itemListElement":[{"@type":"ListItem","position":1,"name":"Startseite","item":"https:\/\/www.starcatering.at\/shop\/"},{"@type":"ListItem","position":2,"name":"Shop","item":"https:\/\/www.starcatering.at\/shop\/shop\/"},{"@type":"ListItem","position":3,"name":"USB-Stick Gold-Edition 4-GB (NEUWARE)"}]},{"@type":"WebSite","@id":"https:\/\/www.starcatering.at\/shop\/#website","url":"https:\/\/www.starcatering.at\/shop\/","name":"Carnuntum Foods","description":"Abverkaufsartikel","publisher":{"@id":"https:\/\/www.starcatering.at\/shop\/#organization"},"potentialAction":[{"@type":"SearchAction","target":{"@type":"EntryPoint","urlTemplate":"https:\/\/www.starcatering.at\/shop\/?s={search_term_string}"},"query-input":{"@type":"PropertyValueSpecification","valueRequired":true,"valueName":"search_term_string"}}],"inLanguage":"de"},{"@type":"Organization","@id":"https:\/\/www.starcatering.at\/shop\/#organization","name":"Carnuntumfoods","url":"https:\/\/www.starcatering.at\/shop\/","logo":{"@type":"ImageObject","inLanguage":"de","@id":"https:\/\/www.starcatering.at\/shop\/#\/schema\/logo\/image\/","url":"https:\/\/www.starcatering.at\/shop\/wp-content\/uploads\/2021\/08\/cropped-logo.png","contentUrl":"https:\/\/www.starcatering.at\/shop\/wp-content\/uploads\/2021\/08\/cropped-logo.png","width":512,"height":512,"caption":"Carnuntumfoods"},"image":{"@id":"https:\/\/www.starcatering.at\/shop\/#\/schema\/logo\/image\/"}}]}},"_links":{"self":[{"href":"https:\/\/www.starcatering.at\/shop\/wp-json\/wp\/v2\/product\/11960","targetHints":{"allow":["GET"]}}],"collection":[{"href":"https:\/\/www.starcatering.at\/shop\/wp-json\/wp\/v2\/product"}],"about":[{"href":"https:\/\/www.starcatering.at\/shop\/wp-json\/wp\/v2\/types\/product"}],"replies":[{"embeddable":true,"href":"https:\/\/www.starcatering.at\/shop\/wp-json\/wp\/v2\/comments?post=11960"}],"wp:featuredmedia":[{"embeddable":true,"href":"https:\/\/www.starcatering.at\/shop\/wp-json\/wp\/v2\/media\/11961"}],"wp:attachment":[{"href":"https:\/\/www.starcatering.at\/shop\/wp-json\/wp\/v2\/media?parent=11960"}],"wp:term":[{"taxonomy":"product_brand","embeddable":true,"href":"https:\/\/www.starcatering.at\/shop\/wp-json\/wp\/v2\/product_brand?post=11960"},{"taxonomy":"product_cat","embeddable":true,"href":"https:\/\/www.starcatering.at\/shop\/wp-json\/wp\/v2\/product_cat?post=11960"},{"taxonomy":"product_tag","embeddable":true,"href":"https:\/\/www.starcatering.at\/shop\/wp-json\/wp\/v2\/product_tag?post=11960"}],"curies":[{"name":"wp","href":"https:\/\/api.w.org\/{rel}","templated":true}]}}