{"id":12047,"date":"2025-02-28T12:31:18","date_gmt":"2025-02-28T11:31:18","guid":{"rendered":"https:\/\/www.starcatering.at\/shop\/?post_type=product&#038;p=12047"},"modified":"2025-07-20T11:05:23","modified_gmt":"2025-07-20T09:05:23","slug":"regner-tango-voll-teilkreis-gardena-wenig-gebraucht","status":"publish","type":"product","link":"https:\/\/www.starcatering.at\/shop\/produkt\/regner-tango-voll-teilkreis-gardena-wenig-gebraucht\/","title":{"rendered":"Regner &#8220;Tango&#8221; Voll- &#038; Teilkreis Gardena (wenig gebraucht)"},"content":{"rendered":"<p><strong>Herstellerbeschreibung:<\/strong><br \/>\nMit dem Comfort Teil- und Vollkreisregner Tango von GARDENA k\u00f6nnen kleine und gro\u00dfe Fl\u00e4chen effektiv bew\u00e4ssert werden. Mit einer Reichweite von 3 bis 20 m im Durchmesser sowie einer beregneten Fl\u00e4che zwischen 9 und 310 m\u00b2 ist der leise Sprinkler f\u00fcr eine Vielzahl an Gr\u00fcnfl\u00e4chen geeignet. Die Einstellung des Beregnungssektors funktioniert stufenlos zwischen 5\u00b0 und 360\u00b0. Wurfweite und Wassermenge werden direkt am Sprenger bequem festgelegt. Dank des integrierten Schmutzsiebs ist die Wartung und Reinigung des Regners leicht. Der Regner Fu\u00df sorgt f\u00fcr einen standsicheren Betrieb und erlaubt den Einsatz auf unebenen Fl\u00e4chen sowie leichten Erhebungen im Terrain. Ein mobiler Einsatz des Rasensprengers ist ebenfalls m\u00f6glich. Der Teil- und Vollkreisregner ist mit dem GARDENA Regner-Stativ 2075-20 kompatibel. Dadurch entsteht ein Hochregner, der h\u00f6here Pflanzen optimal bew\u00e4ssert. Das Qualit\u00e4tsprodukt Comfort Teil- und Vollkreisregner Tango ist Made in Europe.<\/p>\n","protected":false},"excerpt":{"rendered":"<ul>\n<li>Voll- &amp; Teilkreisregner<\/li>\n<li>Marke Gardena<\/li>\n<li>wenig gebraucht &#8211; siehe Foto<\/li>\n<li>keine Besch\u00e4digungen<\/li>\n<li>F\u00fcr Fl\u00e4chen von 9-300 m\u00b2<\/li>\n<\/ul>\n","protected":false},"featured_media":12048,"comment_status":"open","ping_status":"closed","template":"","meta":{"_et_pb_use_builder":"","_et_pb_old_content":"","_et_gb_content_width":""},"product_brand":[2614],"product_cat":[556],"product_tag":[1659,580,574,2599,2109,338],"class_list":{"0":"post-12047","1":"product","2":"type-product","3":"status-publish","4":"has-post-thumbnail","6":"product_brand-gardena","7":"product_cat-garten-werkstatt","8":"product_tag-bewaesserung","9":"product_tag-gardena","10":"product_tag-garten","11":"product_tag-kreis","12":"product_tag-regner","13":"product_tag-wasser","15":"first","16":"instock","17":"sale","18":"taxable","19":"shipping-taxable","20":"purchasable","21":"product-type-simple"},"yoast_head":"<!-- This site is optimized with the Yoast SEO plugin v27.5 - https:\/\/yoast.com\/product\/yoast-seo-wordpress\/ -->\n<title>Regner &quot;Tango&quot; Voll- &amp; Teilkreis Gardena (wenig gebraucht) &#187; StarCatering %-Shop<\/title>\n<meta name=\"description\" content=\"Regner &quot;Tango&quot; Voll- &amp; Teilkreis Gardena (wenig gebraucht)\" \/>\n<meta name=\"robots\" content=\"index, follow, max-snippet:-1, max-image-preview:large, max-video-preview:-1\" \/>\n<link rel=\"canonical\" href=\"https:\/\/www.starcatering.at\/shop\/produkt\/regner-tango-voll-teilkreis-gardena-wenig-gebraucht\/\" \/>\n<meta property=\"og:locale\" content=\"de_DE\" \/>\n<meta property=\"og:type\" content=\"article\" \/>\n<meta property=\"og:title\" content=\"Regner &quot;Tango&quot; Voll- &amp; Teilkreis Gardena (wenig gebraucht)\" \/>\n<meta property=\"og:description\" content=\"Regner &quot;Tango&quot; Voll- &amp; Teilkreis Gardena (wenig gebraucht)\" \/>\n<meta property=\"og:url\" content=\"https:\/\/www.starcatering.at\/shop\/produkt\/regner-tango-voll-teilkreis-gardena-wenig-gebraucht\/\" \/>\n<meta property=\"og:site_name\" content=\"StarCatering %-Shop\" \/>\n<meta property=\"article:modified_time\" content=\"2025-07-20T09:05:23+00:00\" \/>\n<meta property=\"og:image\" content=\"https:\/\/www.starcatering.at\/shop\/wp-content\/uploads\/2025\/04\/Regner_Gardena_Tango.jpg\" \/>\n\t<meta property=\"og:image:width\" content=\"500\" \/>\n\t<meta property=\"og:image:height\" content=\"500\" \/>\n\t<meta property=\"og:image:type\" content=\"image\/jpeg\" \/>\n<meta name=\"twitter:card\" content=\"summary_large_image\" \/>\n<meta name=\"twitter:label1\" content=\"Gesch\u00e4tzte Lesezeit\" \/>\n\t<meta name=\"twitter:data1\" content=\"1\u00a0Minute\" \/>\n<script type=\"application\/ld+json\" class=\"yoast-schema-graph\">{\"@context\":\"https:\\\/\\\/schema.org\",\"@graph\":[{\"@type\":\"WebPage\",\"@id\":\"https:\\\/\\\/www.starcatering.at\\\/shop\\\/produkt\\\/regner-tango-voll-teilkreis-gardena-wenig-gebraucht\\\/\",\"url\":\"https:\\\/\\\/www.starcatering.at\\\/shop\\\/produkt\\\/regner-tango-voll-teilkreis-gardena-wenig-gebraucht\\\/\",\"name\":\"Regner \\\"Tango\\\" Voll- & Teilkreis Gardena (wenig gebraucht) &#187; StarCatering %-Shop\",\"isPartOf\":{\"@id\":\"https:\\\/\\\/www.starcatering.at\\\/shop\\\/#website\"},\"primaryImageOfPage\":{\"@id\":\"https:\\\/\\\/www.starcatering.at\\\/shop\\\/produkt\\\/regner-tango-voll-teilkreis-gardena-wenig-gebraucht\\\/#primaryimage\"},\"image\":{\"@id\":\"https:\\\/\\\/www.starcatering.at\\\/shop\\\/produkt\\\/regner-tango-voll-teilkreis-gardena-wenig-gebraucht\\\/#primaryimage\"},\"thumbnailUrl\":\"https:\\\/\\\/www.starcatering.at\\\/shop\\\/wp-content\\\/uploads\\\/2025\\\/04\\\/Regner_Gardena_Tango.jpg\",\"datePublished\":\"2025-02-28T11:31:18+00:00\",\"dateModified\":\"2025-07-20T09:05:23+00:00\",\"description\":\"Regner \\\"Tango\\\" Voll- & Teilkreis Gardena (wenig gebraucht)\",\"breadcrumb\":{\"@id\":\"https:\\\/\\\/www.starcatering.at\\\/shop\\\/produkt\\\/regner-tango-voll-teilkreis-gardena-wenig-gebraucht\\\/#breadcrumb\"},\"inLanguage\":\"de\",\"potentialAction\":[{\"@type\":\"ReadAction\",\"target\":[\"https:\\\/\\\/www.starcatering.at\\\/shop\\\/produkt\\\/regner-tango-voll-teilkreis-gardena-wenig-gebraucht\\\/\"]}]},{\"@type\":\"ImageObject\",\"inLanguage\":\"de\",\"@id\":\"https:\\\/\\\/www.starcatering.at\\\/shop\\\/produkt\\\/regner-tango-voll-teilkreis-gardena-wenig-gebraucht\\\/#primaryimage\",\"url\":\"https:\\\/\\\/www.starcatering.at\\\/shop\\\/wp-content\\\/uploads\\\/2025\\\/04\\\/Regner_Gardena_Tango.jpg\",\"contentUrl\":\"https:\\\/\\\/www.starcatering.at\\\/shop\\\/wp-content\\\/uploads\\\/2025\\\/04\\\/Regner_Gardena_Tango.jpg\",\"width\":500,\"height\":500},{\"@type\":\"BreadcrumbList\",\"@id\":\"https:\\\/\\\/www.starcatering.at\\\/shop\\\/produkt\\\/regner-tango-voll-teilkreis-gardena-wenig-gebraucht\\\/#breadcrumb\",\"itemListElement\":[{\"@type\":\"ListItem\",\"position\":1,\"name\":\"Startseite\",\"item\":\"https:\\\/\\\/www.starcatering.at\\\/shop\\\/\"},{\"@type\":\"ListItem\",\"position\":2,\"name\":\"Shop\",\"item\":\"https:\\\/\\\/www.starcatering.at\\\/shop\\\/shop\\\/\"},{\"@type\":\"ListItem\",\"position\":3,\"name\":\"Regner &#8220;Tango&#8221; Voll- &#038; Teilkreis Gardena (wenig gebraucht)\"}]},{\"@type\":\"WebSite\",\"@id\":\"https:\\\/\\\/www.starcatering.at\\\/shop\\\/#website\",\"url\":\"https:\\\/\\\/www.starcatering.at\\\/shop\\\/\",\"name\":\"Carnuntum Foods\",\"description\":\"Abverkaufsartikel\",\"publisher\":{\"@id\":\"https:\\\/\\\/www.starcatering.at\\\/shop\\\/#organization\"},\"potentialAction\":[{\"@type\":\"SearchAction\",\"target\":{\"@type\":\"EntryPoint\",\"urlTemplate\":\"https:\\\/\\\/www.starcatering.at\\\/shop\\\/?s={search_term_string}\"},\"query-input\":{\"@type\":\"PropertyValueSpecification\",\"valueRequired\":true,\"valueName\":\"search_term_string\"}}],\"inLanguage\":\"de\"},{\"@type\":\"Organization\",\"@id\":\"https:\\\/\\\/www.starcatering.at\\\/shop\\\/#organization\",\"name\":\"Carnuntumfoods\",\"url\":\"https:\\\/\\\/www.starcatering.at\\\/shop\\\/\",\"logo\":{\"@type\":\"ImageObject\",\"inLanguage\":\"de\",\"@id\":\"https:\\\/\\\/www.starcatering.at\\\/shop\\\/#\\\/schema\\\/logo\\\/image\\\/\",\"url\":\"https:\\\/\\\/www.starcatering.at\\\/shop\\\/wp-content\\\/uploads\\\/2021\\\/08\\\/cropped-logo.png\",\"contentUrl\":\"https:\\\/\\\/www.starcatering.at\\\/shop\\\/wp-content\\\/uploads\\\/2021\\\/08\\\/cropped-logo.png\",\"width\":512,\"height\":512,\"caption\":\"Carnuntumfoods\"},\"image\":{\"@id\":\"https:\\\/\\\/www.starcatering.at\\\/shop\\\/#\\\/schema\\\/logo\\\/image\\\/\"}}]}<\/script>\n<!-- \/ Yoast SEO plugin. -->","yoast_head_json":{"title":"Regner \"Tango\" Voll- & Teilkreis Gardena (wenig gebraucht) &#187; StarCatering %-Shop","description":"Regner \"Tango\" Voll- & Teilkreis Gardena (wenig gebraucht)","robots":{"index":"index","follow":"follow","max-snippet":"max-snippet:-1","max-image-preview":"max-image-preview:large","max-video-preview":"max-video-preview:-1"},"canonical":"https:\/\/www.starcatering.at\/shop\/produkt\/regner-tango-voll-teilkreis-gardena-wenig-gebraucht\/","og_locale":"de_DE","og_type":"article","og_title":"Regner \"Tango\" Voll- & Teilkreis Gardena (wenig gebraucht)","og_description":"Regner \"Tango\" Voll- & Teilkreis Gardena (wenig gebraucht)","og_url":"https:\/\/www.starcatering.at\/shop\/produkt\/regner-tango-voll-teilkreis-gardena-wenig-gebraucht\/","og_site_name":"StarCatering %-Shop","article_modified_time":"2025-07-20T09:05:23+00:00","og_image":[{"width":500,"height":500,"url":"https:\/\/www.starcatering.at\/shop\/wp-content\/uploads\/2025\/04\/Regner_Gardena_Tango.jpg","type":"image\/jpeg"}],"twitter_card":"summary_large_image","twitter_misc":{"Gesch\u00e4tzte Lesezeit":"1\u00a0Minute"},"schema":{"@context":"https:\/\/schema.org","@graph":[{"@type":"WebPage","@id":"https:\/\/www.starcatering.at\/shop\/produkt\/regner-tango-voll-teilkreis-gardena-wenig-gebraucht\/","url":"https:\/\/www.starcatering.at\/shop\/produkt\/regner-tango-voll-teilkreis-gardena-wenig-gebraucht\/","name":"Regner \"Tango\" Voll- & Teilkreis Gardena (wenig gebraucht) &#187; StarCatering %-Shop","isPartOf":{"@id":"https:\/\/www.starcatering.at\/shop\/#website"},"primaryImageOfPage":{"@id":"https:\/\/www.starcatering.at\/shop\/produkt\/regner-tango-voll-teilkreis-gardena-wenig-gebraucht\/#primaryimage"},"image":{"@id":"https:\/\/www.starcatering.at\/shop\/produkt\/regner-tango-voll-teilkreis-gardena-wenig-gebraucht\/#primaryimage"},"thumbnailUrl":"https:\/\/www.starcatering.at\/shop\/wp-content\/uploads\/2025\/04\/Regner_Gardena_Tango.jpg","datePublished":"2025-02-28T11:31:18+00:00","dateModified":"2025-07-20T09:05:23+00:00","description":"Regner \"Tango\" Voll- & Teilkreis Gardena (wenig gebraucht)","breadcrumb":{"@id":"https:\/\/www.starcatering.at\/shop\/produkt\/regner-tango-voll-teilkreis-gardena-wenig-gebraucht\/#breadcrumb"},"inLanguage":"de","potentialAction":[{"@type":"ReadAction","target":["https:\/\/www.starcatering.at\/shop\/produkt\/regner-tango-voll-teilkreis-gardena-wenig-gebraucht\/"]}]},{"@type":"ImageObject","inLanguage":"de","@id":"https:\/\/www.starcatering.at\/shop\/produkt\/regner-tango-voll-teilkreis-gardena-wenig-gebraucht\/#primaryimage","url":"https:\/\/www.starcatering.at\/shop\/wp-content\/uploads\/2025\/04\/Regner_Gardena_Tango.jpg","contentUrl":"https:\/\/www.starcatering.at\/shop\/wp-content\/uploads\/2025\/04\/Regner_Gardena_Tango.jpg","width":500,"height":500},{"@type":"BreadcrumbList","@id":"https:\/\/www.starcatering.at\/shop\/produkt\/regner-tango-voll-teilkreis-gardena-wenig-gebraucht\/#breadcrumb","itemListElement":[{"@type":"ListItem","position":1,"name":"Startseite","item":"https:\/\/www.starcatering.at\/shop\/"},{"@type":"ListItem","position":2,"name":"Shop","item":"https:\/\/www.starcatering.at\/shop\/shop\/"},{"@type":"ListItem","position":3,"name":"Regner &#8220;Tango&#8221; Voll- &#038; Teilkreis Gardena (wenig gebraucht)"}]},{"@type":"WebSite","@id":"https:\/\/www.starcatering.at\/shop\/#website","url":"https:\/\/www.starcatering.at\/shop\/","name":"Carnuntum Foods","description":"Abverkaufsartikel","publisher":{"@id":"https:\/\/www.starcatering.at\/shop\/#organization"},"potentialAction":[{"@type":"SearchAction","target":{"@type":"EntryPoint","urlTemplate":"https:\/\/www.starcatering.at\/shop\/?s={search_term_string}"},"query-input":{"@type":"PropertyValueSpecification","valueRequired":true,"valueName":"search_term_string"}}],"inLanguage":"de"},{"@type":"Organization","@id":"https:\/\/www.starcatering.at\/shop\/#organization","name":"Carnuntumfoods","url":"https:\/\/www.starcatering.at\/shop\/","logo":{"@type":"ImageObject","inLanguage":"de","@id":"https:\/\/www.starcatering.at\/shop\/#\/schema\/logo\/image\/","url":"https:\/\/www.starcatering.at\/shop\/wp-content\/uploads\/2021\/08\/cropped-logo.png","contentUrl":"https:\/\/www.starcatering.at\/shop\/wp-content\/uploads\/2021\/08\/cropped-logo.png","width":512,"height":512,"caption":"Carnuntumfoods"},"image":{"@id":"https:\/\/www.starcatering.at\/shop\/#\/schema\/logo\/image\/"}}]}},"_links":{"self":[{"href":"https:\/\/www.starcatering.at\/shop\/wp-json\/wp\/v2\/product\/12047","targetHints":{"allow":["GET"]}}],"collection":[{"href":"https:\/\/www.starcatering.at\/shop\/wp-json\/wp\/v2\/product"}],"about":[{"href":"https:\/\/www.starcatering.at\/shop\/wp-json\/wp\/v2\/types\/product"}],"replies":[{"embeddable":true,"href":"https:\/\/www.starcatering.at\/shop\/wp-json\/wp\/v2\/comments?post=12047"}],"wp:featuredmedia":[{"embeddable":true,"href":"https:\/\/www.starcatering.at\/shop\/wp-json\/wp\/v2\/media\/12048"}],"wp:attachment":[{"href":"https:\/\/www.starcatering.at\/shop\/wp-json\/wp\/v2\/media?parent=12047"}],"wp:term":[{"taxonomy":"product_brand","embeddable":true,"href":"https:\/\/www.starcatering.at\/shop\/wp-json\/wp\/v2\/product_brand?post=12047"},{"taxonomy":"product_cat","embeddable":true,"href":"https:\/\/www.starcatering.at\/shop\/wp-json\/wp\/v2\/product_cat?post=12047"},{"taxonomy":"product_tag","embeddable":true,"href":"https:\/\/www.starcatering.at\/shop\/wp-json\/wp\/v2\/product_tag?post=12047"}],"curies":[{"name":"wp","href":"https:\/\/api.w.org\/{rel}","templated":true}]}}