{"id":12057,"date":"2025-02-28T16:29:52","date_gmt":"2025-02-28T15:29:52","guid":{"rendered":"https:\/\/www.starcatering.at\/shop\/?post_type=product&#038;p=12057"},"modified":"2025-04-28T18:03:11","modified_gmt":"2025-04-28T16:03:11","slug":"schneckenschutzzaun-kupferband-16m-neuware","status":"publish","type":"product","link":"https:\/\/www.starcatering.at\/shop\/produkt\/schneckenschutzzaun-kupferband-16m-neuware\/","title":{"rendered":"Schneckenschutzzaun Kupferband 16m (NEUWARE)"},"content":{"rendered":"<div class=\"mf-iGqe3gvU\">\n<div data-test-sell-stripe-info-text=\"true\">\n<h3><\/h3>\n<h3 class=\"mf-BksdUEaq mf-yrWF598N mf-Xkf4V7Gp\">Umz\u00e4unung mit einfachen Mitteln. An keine Form gebunden<\/h3>\n<\/div>\n<\/div>\n<div class=\"mf-iGqe3gvU\">\n<div data-test-sell-stripe-info-text=\"true\">\n<div class=\"mf-Zio54RG4\">\n<p>Dieser filigrane Schneckenzaun besteht aus einem gewebten Kupferband, mit dem bis zu 20 qm gro\u00dfe Fl\u00e4chen eingez\u00e4unt werden k\u00f6nnen, ohne dass eine bestimmte Form vorgegeben w\u00e4re: Denn das Band ist flexibel. Um den Zaun aufzustellen, werden die beiliegenden Erdn\u00e4gel \u00e4hnlich wie kleine Pfosten durch ein oder zwei Maschen in dem Band gef\u00fchrt und in die Erde gesteckt. In Pflanzk\u00fcbeln l\u00e4sst es sich auch entlang des Gef\u00e4\u00dfrandes aufspannen.<\/p>\n<\/div>\n<\/div>\n<\/div>\n<h3><\/h3>\n<p>&nbsp;<\/p>\n<div class=\"mf-iGqe3gvU\">\n<div data-test-sell-stripe-info-text=\"true\">\n<h3 class=\"mf-BksdUEaq mf-yrWF598N mf-Xkf4V7Gp\">Spezialanfertigung<\/h3>\n<\/div>\n<\/div>\n<div class=\"mf-iGqe3gvU\">\n<div data-test-sell-stripe-info-text=\"true\">\n<div class=\"mf-Zio54RG4\">\n<p>Der Schneckenzaun kommt aus einer Bandweberei in Wuppertal. Sonst mit textilem Material befasst, kauft man den ben\u00f6tigten Kupferdraht dort zu und verwebt ihn mit Kunststofff\u00e4den (sie verleihen dem Kupfergewebe die n\u00f6tige Stabilit\u00e4t) zu langen B\u00e4ndern.<\/p>\n<\/div>\n<\/div>\n<\/div>\n<h3><\/h3>\n<p>&nbsp;<\/p>\n<div class=\"mf-iGqe3gvU\">\n<div data-test-sell-stripe-info-text=\"true\">\n<h3 class=\"mf-BksdUEaq mf-yrWF598N mf-Xkf4V7Gp\">Kupferne Grenzen<\/h3>\n<\/div>\n<\/div>\n<div class=\"mf-iGqe3gvU\">\n<div data-test-sell-stripe-info-text=\"true\">\n<div class=\"mf-Zio54RG4\">\n<p>Dass Schnecken bei der Ber\u00fchrung mit Kupfer einen elektrischen Schlag bekommen, ist eine Theorie, die ebenso weit verbreitet wie unbewiesen ist. Als sicher gilt allerdings, dass der von den Schnecken erzeugte Schleim in Verbindung mit Kupfer zu einer chemischen Reaktion f\u00fchrt, die die Schleimhaut der Tiere durch Oxidationsprozesse sch\u00e4digt \u2013 und die Tiere letztlich davon abh\u00e4lt, einen Kupferstreifen zu \u00fcberkriechen. Wir bieten Abwehrmittel an, die ihre Wirkung einem Anteil reinen Kupfers verdanken \u2013 sie eignen sich f\u00fcr Beet und Topf.<\/p>\n<\/div>\n<\/div>\n<\/div>\n","protected":false},"excerpt":{"rendered":"<ul>\n<li>Kupferdraht, mit Kunststofff\u00e4den zu einem stabilen Band verwebt<\/li>\n<li>H\u00e4lt Schnecken aus Ihren Beeten fern<\/li>\n<li>Das Band kann zugeschnitten und flexibel eingesetzt werden<\/li>\n<li>Ausreichend f\u00fcr eine quadratische Fl\u00e4che von 16 qm bzw. eine kreisrunde Fl\u00e4che von 20 qm. Kettfaden Kupfer (\u00d8 0,25 mm), Schussfaden Polyamid (\u00d8 0,3 mm), Haltefaden Polyester; der Kupferanteil betr\u00e4gt 89%. Zaun L\u00e4nge 16 m, H\u00f6he 3 cm. 16 Erdn\u00e4gel aus verzinktem Stahl (L\u00e4nge 12 cm) liegen bei.<\/li>\n<li>16 lfm Kupferzaun + 16 Metalln\u00e4gel<\/li>\n<\/ul>\n","protected":false},"featured_media":12059,"comment_status":"open","ping_status":"closed","template":"","meta":{"_et_pb_use_builder":"","_et_pb_old_content":"","_et_gb_content_width":""},"product_brand":[],"product_cat":[556],"product_tag":[2631,710,574,2630,2632,2629,1540,1226],"class_list":{"0":"post-12057","1":"product","2":"type-product","3":"status-publish","4":"has-post-thumbnail","6":"product_cat-garten-werkstatt","7":"product_tag-abwehr","8":"product_tag-beet","9":"product_tag-garten","10":"product_tag-kupfer","11":"product_tag-naegel","12":"product_tag-schnecken","13":"product_tag-set","14":"product_tag-zaun","16":"first","17":"instock","18":"sale","19":"taxable","20":"shipping-taxable","21":"purchasable","22":"product-type-simple"},"yoast_head":"<!-- This site is optimized with the Yoast SEO plugin v27.5 - https:\/\/yoast.com\/product\/yoast-seo-wordpress\/ -->\n<title>Schneckenschutzzaun Kupferband 16m (NEUWARE) &#187; StarCatering %-Shop<\/title>\n<meta name=\"description\" content=\"Schneckenschutzzaun Kupferband 16m (NEUWARE)\" \/>\n<meta name=\"robots\" content=\"index, follow, max-snippet:-1, max-image-preview:large, max-video-preview:-1\" \/>\n<link rel=\"canonical\" href=\"https:\/\/www.starcatering.at\/shop\/produkt\/schneckenschutzzaun-kupferband-16m-neuware\/\" \/>\n<meta property=\"og:locale\" content=\"de_DE\" \/>\n<meta property=\"og:type\" content=\"article\" \/>\n<meta property=\"og:title\" content=\"Schneckenschutzzaun Kupferband 16m (NEUWARE)\" \/>\n<meta property=\"og:description\" content=\"Schneckenschutzzaun Kupferband 16m (NEUWARE)\" \/>\n<meta property=\"og:url\" content=\"https:\/\/www.starcatering.at\/shop\/produkt\/schneckenschutzzaun-kupferband-16m-neuware\/\" \/>\n<meta property=\"og:site_name\" content=\"StarCatering %-Shop\" \/>\n<meta property=\"article:modified_time\" content=\"2025-04-28T16:03:11+00:00\" \/>\n<meta property=\"og:image\" content=\"https:\/\/www.starcatering.at\/shop\/wp-content\/uploads\/2025\/04\/Schneckenzaun-Kupferband_Set.jpg\" \/>\n\t<meta property=\"og:image:width\" content=\"500\" \/>\n\t<meta property=\"og:image:height\" content=\"500\" \/>\n\t<meta property=\"og:image:type\" content=\"image\/jpeg\" \/>\n<meta name=\"twitter:card\" content=\"summary_large_image\" \/>\n<meta name=\"twitter:label1\" content=\"Gesch\u00e4tzte Lesezeit\" \/>\n\t<meta name=\"twitter:data1\" content=\"2\u00a0Minuten\" \/>\n<script type=\"application\/ld+json\" class=\"yoast-schema-graph\">{\"@context\":\"https:\\\/\\\/schema.org\",\"@graph\":[{\"@type\":\"WebPage\",\"@id\":\"https:\\\/\\\/www.starcatering.at\\\/shop\\\/produkt\\\/schneckenschutzzaun-kupferband-16m-neuware\\\/\",\"url\":\"https:\\\/\\\/www.starcatering.at\\\/shop\\\/produkt\\\/schneckenschutzzaun-kupferband-16m-neuware\\\/\",\"name\":\"Schneckenschutzzaun Kupferband 16m (NEUWARE) &#187; StarCatering %-Shop\",\"isPartOf\":{\"@id\":\"https:\\\/\\\/www.starcatering.at\\\/shop\\\/#website\"},\"primaryImageOfPage\":{\"@id\":\"https:\\\/\\\/www.starcatering.at\\\/shop\\\/produkt\\\/schneckenschutzzaun-kupferband-16m-neuware\\\/#primaryimage\"},\"image\":{\"@id\":\"https:\\\/\\\/www.starcatering.at\\\/shop\\\/produkt\\\/schneckenschutzzaun-kupferband-16m-neuware\\\/#primaryimage\"},\"thumbnailUrl\":\"https:\\\/\\\/www.starcatering.at\\\/shop\\\/wp-content\\\/uploads\\\/2025\\\/04\\\/Schneckenzaun-Kupferband_Set.jpg\",\"datePublished\":\"2025-02-28T15:29:52+00:00\",\"dateModified\":\"2025-04-28T16:03:11+00:00\",\"description\":\"Schneckenschutzzaun Kupferband 16m (NEUWARE)\",\"breadcrumb\":{\"@id\":\"https:\\\/\\\/www.starcatering.at\\\/shop\\\/produkt\\\/schneckenschutzzaun-kupferband-16m-neuware\\\/#breadcrumb\"},\"inLanguage\":\"de\",\"potentialAction\":[{\"@type\":\"ReadAction\",\"target\":[\"https:\\\/\\\/www.starcatering.at\\\/shop\\\/produkt\\\/schneckenschutzzaun-kupferband-16m-neuware\\\/\"]}]},{\"@type\":\"ImageObject\",\"inLanguage\":\"de\",\"@id\":\"https:\\\/\\\/www.starcatering.at\\\/shop\\\/produkt\\\/schneckenschutzzaun-kupferband-16m-neuware\\\/#primaryimage\",\"url\":\"https:\\\/\\\/www.starcatering.at\\\/shop\\\/wp-content\\\/uploads\\\/2025\\\/04\\\/Schneckenzaun-Kupferband_Set.jpg\",\"contentUrl\":\"https:\\\/\\\/www.starcatering.at\\\/shop\\\/wp-content\\\/uploads\\\/2025\\\/04\\\/Schneckenzaun-Kupferband_Set.jpg\",\"width\":500,\"height\":500},{\"@type\":\"BreadcrumbList\",\"@id\":\"https:\\\/\\\/www.starcatering.at\\\/shop\\\/produkt\\\/schneckenschutzzaun-kupferband-16m-neuware\\\/#breadcrumb\",\"itemListElement\":[{\"@type\":\"ListItem\",\"position\":1,\"name\":\"Startseite\",\"item\":\"https:\\\/\\\/www.starcatering.at\\\/shop\\\/\"},{\"@type\":\"ListItem\",\"position\":2,\"name\":\"Shop\",\"item\":\"https:\\\/\\\/www.starcatering.at\\\/shop\\\/shop\\\/\"},{\"@type\":\"ListItem\",\"position\":3,\"name\":\"Schneckenschutzzaun Kupferband 16m (NEUWARE)\"}]},{\"@type\":\"WebSite\",\"@id\":\"https:\\\/\\\/www.starcatering.at\\\/shop\\\/#website\",\"url\":\"https:\\\/\\\/www.starcatering.at\\\/shop\\\/\",\"name\":\"Carnuntum Foods\",\"description\":\"Abverkaufsartikel\",\"publisher\":{\"@id\":\"https:\\\/\\\/www.starcatering.at\\\/shop\\\/#organization\"},\"potentialAction\":[{\"@type\":\"SearchAction\",\"target\":{\"@type\":\"EntryPoint\",\"urlTemplate\":\"https:\\\/\\\/www.starcatering.at\\\/shop\\\/?s={search_term_string}\"},\"query-input\":{\"@type\":\"PropertyValueSpecification\",\"valueRequired\":true,\"valueName\":\"search_term_string\"}}],\"inLanguage\":\"de\"},{\"@type\":\"Organization\",\"@id\":\"https:\\\/\\\/www.starcatering.at\\\/shop\\\/#organization\",\"name\":\"Carnuntumfoods\",\"url\":\"https:\\\/\\\/www.starcatering.at\\\/shop\\\/\",\"logo\":{\"@type\":\"ImageObject\",\"inLanguage\":\"de\",\"@id\":\"https:\\\/\\\/www.starcatering.at\\\/shop\\\/#\\\/schema\\\/logo\\\/image\\\/\",\"url\":\"https:\\\/\\\/www.starcatering.at\\\/shop\\\/wp-content\\\/uploads\\\/2021\\\/08\\\/cropped-logo.png\",\"contentUrl\":\"https:\\\/\\\/www.starcatering.at\\\/shop\\\/wp-content\\\/uploads\\\/2021\\\/08\\\/cropped-logo.png\",\"width\":512,\"height\":512,\"caption\":\"Carnuntumfoods\"},\"image\":{\"@id\":\"https:\\\/\\\/www.starcatering.at\\\/shop\\\/#\\\/schema\\\/logo\\\/image\\\/\"}}]}<\/script>\n<!-- \/ Yoast SEO plugin. -->","yoast_head_json":{"title":"Schneckenschutzzaun Kupferband 16m (NEUWARE) &#187; StarCatering %-Shop","description":"Schneckenschutzzaun Kupferband 16m (NEUWARE)","robots":{"index":"index","follow":"follow","max-snippet":"max-snippet:-1","max-image-preview":"max-image-preview:large","max-video-preview":"max-video-preview:-1"},"canonical":"https:\/\/www.starcatering.at\/shop\/produkt\/schneckenschutzzaun-kupferband-16m-neuware\/","og_locale":"de_DE","og_type":"article","og_title":"Schneckenschutzzaun Kupferband 16m (NEUWARE)","og_description":"Schneckenschutzzaun Kupferband 16m (NEUWARE)","og_url":"https:\/\/www.starcatering.at\/shop\/produkt\/schneckenschutzzaun-kupferband-16m-neuware\/","og_site_name":"StarCatering %-Shop","article_modified_time":"2025-04-28T16:03:11+00:00","og_image":[{"width":500,"height":500,"url":"https:\/\/www.starcatering.at\/shop\/wp-content\/uploads\/2025\/04\/Schneckenzaun-Kupferband_Set.jpg","type":"image\/jpeg"}],"twitter_card":"summary_large_image","twitter_misc":{"Gesch\u00e4tzte Lesezeit":"2\u00a0Minuten"},"schema":{"@context":"https:\/\/schema.org","@graph":[{"@type":"WebPage","@id":"https:\/\/www.starcatering.at\/shop\/produkt\/schneckenschutzzaun-kupferband-16m-neuware\/","url":"https:\/\/www.starcatering.at\/shop\/produkt\/schneckenschutzzaun-kupferband-16m-neuware\/","name":"Schneckenschutzzaun Kupferband 16m (NEUWARE) &#187; StarCatering %-Shop","isPartOf":{"@id":"https:\/\/www.starcatering.at\/shop\/#website"},"primaryImageOfPage":{"@id":"https:\/\/www.starcatering.at\/shop\/produkt\/schneckenschutzzaun-kupferband-16m-neuware\/#primaryimage"},"image":{"@id":"https:\/\/www.starcatering.at\/shop\/produkt\/schneckenschutzzaun-kupferband-16m-neuware\/#primaryimage"},"thumbnailUrl":"https:\/\/www.starcatering.at\/shop\/wp-content\/uploads\/2025\/04\/Schneckenzaun-Kupferband_Set.jpg","datePublished":"2025-02-28T15:29:52+00:00","dateModified":"2025-04-28T16:03:11+00:00","description":"Schneckenschutzzaun Kupferband 16m (NEUWARE)","breadcrumb":{"@id":"https:\/\/www.starcatering.at\/shop\/produkt\/schneckenschutzzaun-kupferband-16m-neuware\/#breadcrumb"},"inLanguage":"de","potentialAction":[{"@type":"ReadAction","target":["https:\/\/www.starcatering.at\/shop\/produkt\/schneckenschutzzaun-kupferband-16m-neuware\/"]}]},{"@type":"ImageObject","inLanguage":"de","@id":"https:\/\/www.starcatering.at\/shop\/produkt\/schneckenschutzzaun-kupferband-16m-neuware\/#primaryimage","url":"https:\/\/www.starcatering.at\/shop\/wp-content\/uploads\/2025\/04\/Schneckenzaun-Kupferband_Set.jpg","contentUrl":"https:\/\/www.starcatering.at\/shop\/wp-content\/uploads\/2025\/04\/Schneckenzaun-Kupferband_Set.jpg","width":500,"height":500},{"@type":"BreadcrumbList","@id":"https:\/\/www.starcatering.at\/shop\/produkt\/schneckenschutzzaun-kupferband-16m-neuware\/#breadcrumb","itemListElement":[{"@type":"ListItem","position":1,"name":"Startseite","item":"https:\/\/www.starcatering.at\/shop\/"},{"@type":"ListItem","position":2,"name":"Shop","item":"https:\/\/www.starcatering.at\/shop\/shop\/"},{"@type":"ListItem","position":3,"name":"Schneckenschutzzaun Kupferband 16m (NEUWARE)"}]},{"@type":"WebSite","@id":"https:\/\/www.starcatering.at\/shop\/#website","url":"https:\/\/www.starcatering.at\/shop\/","name":"Carnuntum Foods","description":"Abverkaufsartikel","publisher":{"@id":"https:\/\/www.starcatering.at\/shop\/#organization"},"potentialAction":[{"@type":"SearchAction","target":{"@type":"EntryPoint","urlTemplate":"https:\/\/www.starcatering.at\/shop\/?s={search_term_string}"},"query-input":{"@type":"PropertyValueSpecification","valueRequired":true,"valueName":"search_term_string"}}],"inLanguage":"de"},{"@type":"Organization","@id":"https:\/\/www.starcatering.at\/shop\/#organization","name":"Carnuntumfoods","url":"https:\/\/www.starcatering.at\/shop\/","logo":{"@type":"ImageObject","inLanguage":"de","@id":"https:\/\/www.starcatering.at\/shop\/#\/schema\/logo\/image\/","url":"https:\/\/www.starcatering.at\/shop\/wp-content\/uploads\/2021\/08\/cropped-logo.png","contentUrl":"https:\/\/www.starcatering.at\/shop\/wp-content\/uploads\/2021\/08\/cropped-logo.png","width":512,"height":512,"caption":"Carnuntumfoods"},"image":{"@id":"https:\/\/www.starcatering.at\/shop\/#\/schema\/logo\/image\/"}}]}},"_links":{"self":[{"href":"https:\/\/www.starcatering.at\/shop\/wp-json\/wp\/v2\/product\/12057","targetHints":{"allow":["GET"]}}],"collection":[{"href":"https:\/\/www.starcatering.at\/shop\/wp-json\/wp\/v2\/product"}],"about":[{"href":"https:\/\/www.starcatering.at\/shop\/wp-json\/wp\/v2\/types\/product"}],"replies":[{"embeddable":true,"href":"https:\/\/www.starcatering.at\/shop\/wp-json\/wp\/v2\/comments?post=12057"}],"wp:featuredmedia":[{"embeddable":true,"href":"https:\/\/www.starcatering.at\/shop\/wp-json\/wp\/v2\/media\/12059"}],"wp:attachment":[{"href":"https:\/\/www.starcatering.at\/shop\/wp-json\/wp\/v2\/media?parent=12057"}],"wp:term":[{"taxonomy":"product_brand","embeddable":true,"href":"https:\/\/www.starcatering.at\/shop\/wp-json\/wp\/v2\/product_brand?post=12057"},{"taxonomy":"product_cat","embeddable":true,"href":"https:\/\/www.starcatering.at\/shop\/wp-json\/wp\/v2\/product_cat?post=12057"},{"taxonomy":"product_tag","embeddable":true,"href":"https:\/\/www.starcatering.at\/shop\/wp-json\/wp\/v2\/product_tag?post=12057"}],"curies":[{"name":"wp","href":"https:\/\/api.w.org\/{rel}","templated":true}]}}