{"id":12080,"date":"2025-03-12T13:25:24","date_gmt":"2025-03-12T12:25:24","guid":{"rendered":"https:\/\/www.starcatering.at\/shop\/?post_type=product&#038;p=12080"},"modified":"2025-05-12T13:35:40","modified_gmt":"2025-05-12T11:35:40","slug":"schneckensperre-substral-2300g-packung","status":"publish","type":"product","link":"https:\/\/www.starcatering.at\/shop\/produkt\/schneckensperre-substral-2300g-packung\/","title":{"rendered":"Schneckensperre &#8220;Substral&#8221; 2300g Packung"},"content":{"rendered":"<p>Der Naturen Bio Schnecken-Stopp aus Lavagranulat bildet dank seiner f\u00fcr Schnecken besonders unangenehmen Oberfl\u00e4chenbeschaffenheit eine mechanische Barriere und bietet daher einen idealen Schutz f\u00fcr den Einsatz im gesamten Garten. Da die Schnecken eine \u00dcberquerung des Naturmaterials aus speziellem Vulkangestein vermeiden, h\u00e4lt sie der Schnecken-Stopp, ausgebracht in Beeten, T\u00f6pfen, Hochbeeten oder anderen Gartenfl\u00e4chen, zuverl\u00e4ssig fern, ohne sie zu t\u00f6ten. Um einen zus\u00e4tzlichen dekorativen Effekt zu erzielen, l\u00e4sst sich das Lavagranulat auch fl\u00e4chig, statt linienf\u00f6rmig, auslegen. Das Material ist regenbest\u00e4ndig und damit lange haltbar. Bei der Ausbringung ist auf versteckte Schnecken innerhalb des zu sch\u00fctzenden Bereichs zu achten.<\/p>\n","protected":false},"excerpt":{"rendered":"<ul>\n<li>Mechanische Barriere gegen Schnecken<\/li>\n<li>Naturmaterial aus speziellem Vulkangestein<\/li>\n<li>H\u00e4lt Schnecken fern ohne sie zu t\u00f6ten<\/li>\n<li>Regenbest\u00e4ndig<\/li>\n<li>2,3 kg Packung (unge\u00f6ffnet)<\/li>\n<\/ul>\n","protected":false},"featured_media":12081,"comment_status":"open","ping_status":"closed","template":"","meta":{"_et_pb_use_builder":"","_et_pb_old_content":"","_et_gb_content_width":""},"product_brand":[],"product_cat":[556],"product_tag":[2647,710,351,2643,574,130,2646,2629,2644,2645],"class_list":{"0":"post-12080","1":"product","2":"type-product","3":"status-publish","4":"has-post-thumbnail","6":"product_cat-garten-werkstatt","7":"product_tag-barriere","8":"product_tag-beet","9":"product_tag-blumen","10":"product_tag-falle","11":"product_tag-garten","12":"product_tag-gemuese","13":"product_tag-lava","14":"product_tag-schnecken","15":"product_tag-sperre","16":"product_tag-substral","18":"first","19":"instock","20":"sale","21":"taxable","22":"shipping-taxable","23":"purchasable","24":"product-type-simple"},"yoast_head":"<!-- This site is optimized with the Yoast SEO plugin v27.5 - https:\/\/yoast.com\/product\/yoast-seo-wordpress\/ -->\n<title>Schneckensperre &quot;Substral&quot; 2300g Packung &#187; StarCatering %-Shop<\/title>\n<meta name=\"description\" content=\"Schneckensperre &quot;Substral&quot; 2300g Packung\" \/>\n<meta name=\"robots\" content=\"index, follow, max-snippet:-1, max-image-preview:large, max-video-preview:-1\" \/>\n<link rel=\"canonical\" href=\"https:\/\/www.starcatering.at\/shop\/produkt\/schneckensperre-substral-2300g-packung\/\" \/>\n<meta property=\"og:locale\" content=\"de_DE\" \/>\n<meta property=\"og:type\" content=\"article\" \/>\n<meta property=\"og:title\" content=\"Schneckensperre &quot;Substral&quot; 2300g Packung\" \/>\n<meta property=\"og:description\" content=\"Schneckensperre &quot;Substral&quot; 2300g Packung\" \/>\n<meta property=\"og:url\" content=\"https:\/\/www.starcatering.at\/shop\/produkt\/schneckensperre-substral-2300g-packung\/\" \/>\n<meta property=\"og:site_name\" content=\"StarCatering %-Shop\" \/>\n<meta property=\"article:modified_time\" content=\"2025-05-12T11:35:40+00:00\" \/>\n<meta property=\"og:image\" content=\"https:\/\/www.starcatering.at\/shop\/wp-content\/uploads\/2025\/05\/Schneckensperre_2300g.jpg\" \/>\n\t<meta property=\"og:image:width\" content=\"500\" \/>\n\t<meta property=\"og:image:height\" content=\"500\" \/>\n\t<meta property=\"og:image:type\" content=\"image\/jpeg\" \/>\n<meta name=\"twitter:card\" content=\"summary_large_image\" \/>\n<meta name=\"twitter:label1\" content=\"Gesch\u00e4tzte Lesezeit\" \/>\n\t<meta name=\"twitter:data1\" content=\"1\u00a0Minute\" \/>\n<script type=\"application\/ld+json\" class=\"yoast-schema-graph\">{\"@context\":\"https:\\\/\\\/schema.org\",\"@graph\":[{\"@type\":\"WebPage\",\"@id\":\"https:\\\/\\\/www.starcatering.at\\\/shop\\\/produkt\\\/schneckensperre-substral-2300g-packung\\\/\",\"url\":\"https:\\\/\\\/www.starcatering.at\\\/shop\\\/produkt\\\/schneckensperre-substral-2300g-packung\\\/\",\"name\":\"Schneckensperre \\\"Substral\\\" 2300g Packung &#187; StarCatering %-Shop\",\"isPartOf\":{\"@id\":\"https:\\\/\\\/www.starcatering.at\\\/shop\\\/#website\"},\"primaryImageOfPage\":{\"@id\":\"https:\\\/\\\/www.starcatering.at\\\/shop\\\/produkt\\\/schneckensperre-substral-2300g-packung\\\/#primaryimage\"},\"image\":{\"@id\":\"https:\\\/\\\/www.starcatering.at\\\/shop\\\/produkt\\\/schneckensperre-substral-2300g-packung\\\/#primaryimage\"},\"thumbnailUrl\":\"https:\\\/\\\/www.starcatering.at\\\/shop\\\/wp-content\\\/uploads\\\/2025\\\/05\\\/Schneckensperre_2300g.jpg\",\"datePublished\":\"2025-03-12T12:25:24+00:00\",\"dateModified\":\"2025-05-12T11:35:40+00:00\",\"description\":\"Schneckensperre \\\"Substral\\\" 2300g Packung\",\"breadcrumb\":{\"@id\":\"https:\\\/\\\/www.starcatering.at\\\/shop\\\/produkt\\\/schneckensperre-substral-2300g-packung\\\/#breadcrumb\"},\"inLanguage\":\"de\",\"potentialAction\":[{\"@type\":\"ReadAction\",\"target\":[\"https:\\\/\\\/www.starcatering.at\\\/shop\\\/produkt\\\/schneckensperre-substral-2300g-packung\\\/\"]}]},{\"@type\":\"ImageObject\",\"inLanguage\":\"de\",\"@id\":\"https:\\\/\\\/www.starcatering.at\\\/shop\\\/produkt\\\/schneckensperre-substral-2300g-packung\\\/#primaryimage\",\"url\":\"https:\\\/\\\/www.starcatering.at\\\/shop\\\/wp-content\\\/uploads\\\/2025\\\/05\\\/Schneckensperre_2300g.jpg\",\"contentUrl\":\"https:\\\/\\\/www.starcatering.at\\\/shop\\\/wp-content\\\/uploads\\\/2025\\\/05\\\/Schneckensperre_2300g.jpg\",\"width\":500,\"height\":500},{\"@type\":\"BreadcrumbList\",\"@id\":\"https:\\\/\\\/www.starcatering.at\\\/shop\\\/produkt\\\/schneckensperre-substral-2300g-packung\\\/#breadcrumb\",\"itemListElement\":[{\"@type\":\"ListItem\",\"position\":1,\"name\":\"Startseite\",\"item\":\"https:\\\/\\\/www.starcatering.at\\\/shop\\\/\"},{\"@type\":\"ListItem\",\"position\":2,\"name\":\"Shop\",\"item\":\"https:\\\/\\\/www.starcatering.at\\\/shop\\\/shop\\\/\"},{\"@type\":\"ListItem\",\"position\":3,\"name\":\"Schneckensperre &#8220;Substral&#8221; 2300g Packung\"}]},{\"@type\":\"WebSite\",\"@id\":\"https:\\\/\\\/www.starcatering.at\\\/shop\\\/#website\",\"url\":\"https:\\\/\\\/www.starcatering.at\\\/shop\\\/\",\"name\":\"Carnuntum Foods\",\"description\":\"Abverkaufsartikel\",\"publisher\":{\"@id\":\"https:\\\/\\\/www.starcatering.at\\\/shop\\\/#organization\"},\"potentialAction\":[{\"@type\":\"SearchAction\",\"target\":{\"@type\":\"EntryPoint\",\"urlTemplate\":\"https:\\\/\\\/www.starcatering.at\\\/shop\\\/?s={search_term_string}\"},\"query-input\":{\"@type\":\"PropertyValueSpecification\",\"valueRequired\":true,\"valueName\":\"search_term_string\"}}],\"inLanguage\":\"de\"},{\"@type\":\"Organization\",\"@id\":\"https:\\\/\\\/www.starcatering.at\\\/shop\\\/#organization\",\"name\":\"Carnuntumfoods\",\"url\":\"https:\\\/\\\/www.starcatering.at\\\/shop\\\/\",\"logo\":{\"@type\":\"ImageObject\",\"inLanguage\":\"de\",\"@id\":\"https:\\\/\\\/www.starcatering.at\\\/shop\\\/#\\\/schema\\\/logo\\\/image\\\/\",\"url\":\"https:\\\/\\\/www.starcatering.at\\\/shop\\\/wp-content\\\/uploads\\\/2021\\\/08\\\/cropped-logo.png\",\"contentUrl\":\"https:\\\/\\\/www.starcatering.at\\\/shop\\\/wp-content\\\/uploads\\\/2021\\\/08\\\/cropped-logo.png\",\"width\":512,\"height\":512,\"caption\":\"Carnuntumfoods\"},\"image\":{\"@id\":\"https:\\\/\\\/www.starcatering.at\\\/shop\\\/#\\\/schema\\\/logo\\\/image\\\/\"}}]}<\/script>\n<!-- \/ Yoast SEO plugin. -->","yoast_head_json":{"title":"Schneckensperre \"Substral\" 2300g Packung &#187; StarCatering %-Shop","description":"Schneckensperre \"Substral\" 2300g Packung","robots":{"index":"index","follow":"follow","max-snippet":"max-snippet:-1","max-image-preview":"max-image-preview:large","max-video-preview":"max-video-preview:-1"},"canonical":"https:\/\/www.starcatering.at\/shop\/produkt\/schneckensperre-substral-2300g-packung\/","og_locale":"de_DE","og_type":"article","og_title":"Schneckensperre \"Substral\" 2300g Packung","og_description":"Schneckensperre \"Substral\" 2300g Packung","og_url":"https:\/\/www.starcatering.at\/shop\/produkt\/schneckensperre-substral-2300g-packung\/","og_site_name":"StarCatering %-Shop","article_modified_time":"2025-05-12T11:35:40+00:00","og_image":[{"width":500,"height":500,"url":"https:\/\/www.starcatering.at\/shop\/wp-content\/uploads\/2025\/05\/Schneckensperre_2300g.jpg","type":"image\/jpeg"}],"twitter_card":"summary_large_image","twitter_misc":{"Gesch\u00e4tzte Lesezeit":"1\u00a0Minute"},"schema":{"@context":"https:\/\/schema.org","@graph":[{"@type":"WebPage","@id":"https:\/\/www.starcatering.at\/shop\/produkt\/schneckensperre-substral-2300g-packung\/","url":"https:\/\/www.starcatering.at\/shop\/produkt\/schneckensperre-substral-2300g-packung\/","name":"Schneckensperre \"Substral\" 2300g Packung &#187; StarCatering %-Shop","isPartOf":{"@id":"https:\/\/www.starcatering.at\/shop\/#website"},"primaryImageOfPage":{"@id":"https:\/\/www.starcatering.at\/shop\/produkt\/schneckensperre-substral-2300g-packung\/#primaryimage"},"image":{"@id":"https:\/\/www.starcatering.at\/shop\/produkt\/schneckensperre-substral-2300g-packung\/#primaryimage"},"thumbnailUrl":"https:\/\/www.starcatering.at\/shop\/wp-content\/uploads\/2025\/05\/Schneckensperre_2300g.jpg","datePublished":"2025-03-12T12:25:24+00:00","dateModified":"2025-05-12T11:35:40+00:00","description":"Schneckensperre \"Substral\" 2300g Packung","breadcrumb":{"@id":"https:\/\/www.starcatering.at\/shop\/produkt\/schneckensperre-substral-2300g-packung\/#breadcrumb"},"inLanguage":"de","potentialAction":[{"@type":"ReadAction","target":["https:\/\/www.starcatering.at\/shop\/produkt\/schneckensperre-substral-2300g-packung\/"]}]},{"@type":"ImageObject","inLanguage":"de","@id":"https:\/\/www.starcatering.at\/shop\/produkt\/schneckensperre-substral-2300g-packung\/#primaryimage","url":"https:\/\/www.starcatering.at\/shop\/wp-content\/uploads\/2025\/05\/Schneckensperre_2300g.jpg","contentUrl":"https:\/\/www.starcatering.at\/shop\/wp-content\/uploads\/2025\/05\/Schneckensperre_2300g.jpg","width":500,"height":500},{"@type":"BreadcrumbList","@id":"https:\/\/www.starcatering.at\/shop\/produkt\/schneckensperre-substral-2300g-packung\/#breadcrumb","itemListElement":[{"@type":"ListItem","position":1,"name":"Startseite","item":"https:\/\/www.starcatering.at\/shop\/"},{"@type":"ListItem","position":2,"name":"Shop","item":"https:\/\/www.starcatering.at\/shop\/shop\/"},{"@type":"ListItem","position":3,"name":"Schneckensperre &#8220;Substral&#8221; 2300g Packung"}]},{"@type":"WebSite","@id":"https:\/\/www.starcatering.at\/shop\/#website","url":"https:\/\/www.starcatering.at\/shop\/","name":"Carnuntum Foods","description":"Abverkaufsartikel","publisher":{"@id":"https:\/\/www.starcatering.at\/shop\/#organization"},"potentialAction":[{"@type":"SearchAction","target":{"@type":"EntryPoint","urlTemplate":"https:\/\/www.starcatering.at\/shop\/?s={search_term_string}"},"query-input":{"@type":"PropertyValueSpecification","valueRequired":true,"valueName":"search_term_string"}}],"inLanguage":"de"},{"@type":"Organization","@id":"https:\/\/www.starcatering.at\/shop\/#organization","name":"Carnuntumfoods","url":"https:\/\/www.starcatering.at\/shop\/","logo":{"@type":"ImageObject","inLanguage":"de","@id":"https:\/\/www.starcatering.at\/shop\/#\/schema\/logo\/image\/","url":"https:\/\/www.starcatering.at\/shop\/wp-content\/uploads\/2021\/08\/cropped-logo.png","contentUrl":"https:\/\/www.starcatering.at\/shop\/wp-content\/uploads\/2021\/08\/cropped-logo.png","width":512,"height":512,"caption":"Carnuntumfoods"},"image":{"@id":"https:\/\/www.starcatering.at\/shop\/#\/schema\/logo\/image\/"}}]}},"_links":{"self":[{"href":"https:\/\/www.starcatering.at\/shop\/wp-json\/wp\/v2\/product\/12080","targetHints":{"allow":["GET"]}}],"collection":[{"href":"https:\/\/www.starcatering.at\/shop\/wp-json\/wp\/v2\/product"}],"about":[{"href":"https:\/\/www.starcatering.at\/shop\/wp-json\/wp\/v2\/types\/product"}],"replies":[{"embeddable":true,"href":"https:\/\/www.starcatering.at\/shop\/wp-json\/wp\/v2\/comments?post=12080"}],"wp:featuredmedia":[{"embeddable":true,"href":"https:\/\/www.starcatering.at\/shop\/wp-json\/wp\/v2\/media\/12081"}],"wp:attachment":[{"href":"https:\/\/www.starcatering.at\/shop\/wp-json\/wp\/v2\/media?parent=12080"}],"wp:term":[{"taxonomy":"product_brand","embeddable":true,"href":"https:\/\/www.starcatering.at\/shop\/wp-json\/wp\/v2\/product_brand?post=12080"},{"taxonomy":"product_cat","embeddable":true,"href":"https:\/\/www.starcatering.at\/shop\/wp-json\/wp\/v2\/product_cat?post=12080"},{"taxonomy":"product_tag","embeddable":true,"href":"https:\/\/www.starcatering.at\/shop\/wp-json\/wp\/v2\/product_tag?post=12080"}],"curies":[{"name":"wp","href":"https:\/\/api.w.org\/{rel}","templated":true}]}}