{"id":12170,"date":"2025-01-22T13:26:11","date_gmt":"2025-01-22T12:26:11","guid":{"rendered":"https:\/\/www.starcatering.at\/shop\/?post_type=product&#038;p=12170"},"modified":"2025-05-22T14:02:32","modified_gmt":"2025-05-22T12:02:32","slug":"partyspiel-wer-im-raum-ab-16-jahren-neuwertig","status":"publish","type":"product","link":"https:\/\/www.starcatering.at\/shop\/produkt\/partyspiel-wer-im-raum-ab-16-jahren-neuwertig\/","title":{"rendered":"Partyspiel &#8220;Wer im Raum&#8221; ab 16 Jahren (neuwertig)"},"content":{"rendered":"<p>Sind Sie bereit herauszufinden, wie Freunde und Bekannte Sie einsch\u00e4tzen? Wer im Raum w\u00fcrde am ehesten in die Dusche pinkeln, und wer im Raum hat die beste Radio-Stimme? Wer im Raum w\u00fcrde in Badezimmerschr\u00e4nkchen anderer Leute schauen, und wer w\u00fcrde am l\u00e4ngsten brauchen, um ein B\u00fccherregal von IKEA zusammen zu bauen? Denken Sie, Sie wissen, was andere Leute \u00fcber Sie denken? Sind Sie sicher, dass Ihre Freunde Sie mit den selben Augen sehen, wie Sie sich selbst? Dieses Spiel wird Ihre Selbsteinsch\u00e4tzung unter Umst\u00e4nden ver\u00e4ndern! Wer im Raum? ist ein wirklich unterhaltsames und mitrei\u00dfendes Party- und Dinner-Spiel, bei dem unsere Selbstwahrnehmung und der Eindruck Anderer von uns einander gegen\u00fcber gestellt werden. Eine perfekte Methode, mit viel Spa\u00df mehr \u00fcber sich und seine Freunde herauszufinden! ? Das Spiel beinhaltet \u00fcber 300 peinliche, lustige und provokante Fragen, die alle mit Wer im Raum? beginnen. Und so funktioniert&#8217;s: Ziehen Sie eine Karte und lesen die erste Frage laut vor. Lassen Sie jeden in der Runde f\u00fcr einen Moment \u00fcberlegen, z\u00e4hlen bis drei, und lassen jeden im Raum auf die Person zeigen, auf die die Aussage seiner Meinung nach am ehesten zutrifft. Sie k\u00f6nnen sich auf \u00dcberraschungen gefasst machen&#8230; Wer im Raum&#8230;? ist ein tolles Spiel f\u00fcr Dinner-Partys und Weinabende und ein super Geschenk zu jeder Gelegenheit!<\/p>\n","protected":false},"excerpt":{"rendered":"<ul>\n<li>Partyspiel f\u00fcr Erwachsene<\/li>\n<li>Personenzahl: 2+<\/li>\n<li>Empfohlen ab 16 Jahren<\/li>\n<li>Spieldauer: 10 bis 120 Minuten<\/li>\n<li>Wurde nur 1x ganz kurz gespielt, optisch wie ungebraucht<\/li>\n<\/ul>\n","protected":false},"featured_media":12171,"comment_status":"open","ping_status":"closed","template":"","meta":{"_et_pb_use_builder":"","_et_pb_old_content":"","_et_gb_content_width":""},"product_brand":[],"product_cat":[2655],"product_tag":[2617,809,2692],"class_list":{"0":"post-12170","1":"product","2":"type-product","3":"status-publish","4":"has-post-thumbnail","6":"product_cat-freizeitartikel","7":"product_tag-raum","8":"product_tag-spiel","9":"product_tag-wer","11":"first","12":"instock","13":"sale","14":"taxable","15":"shipping-taxable","16":"purchasable","17":"product-type-simple"},"yoast_head":"<!-- This site is optimized with the Yoast SEO plugin v27.5 - https:\/\/yoast.com\/product\/yoast-seo-wordpress\/ -->\n<title>Partyspiel &quot;Wer im Raum&quot; ab 16 Jahren (neuwertig) &#187; StarCatering %-Shop<\/title>\n<meta name=\"description\" content=\"Partyspiel &quot;Wer im Raum&quot; ab 16 Jahren (neuwertig)\" \/>\n<meta name=\"robots\" content=\"index, follow, max-snippet:-1, max-image-preview:large, max-video-preview:-1\" \/>\n<link rel=\"canonical\" href=\"https:\/\/www.starcatering.at\/shop\/produkt\/partyspiel-wer-im-raum-ab-16-jahren-neuwertig\/\" \/>\n<meta property=\"og:locale\" content=\"de_DE\" \/>\n<meta property=\"og:type\" content=\"article\" \/>\n<meta property=\"og:title\" content=\"Partyspiel &quot;Wer im Raum&quot; ab 16 Jahren (neuwertig)\" \/>\n<meta property=\"og:description\" content=\"Spiel &quot;Wer im Raum&quot; (neuwertig)\" \/>\n<meta property=\"og:url\" content=\"https:\/\/www.starcatering.at\/shop\/produkt\/partyspiel-wer-im-raum-ab-16-jahren-neuwertig\/\" \/>\n<meta property=\"og:site_name\" content=\"StarCatering %-Shop\" \/>\n<meta property=\"article:modified_time\" content=\"2025-05-22T12:02:32+00:00\" \/>\n<meta property=\"og:image\" content=\"https:\/\/www.starcatering.at\/shop\/wp-content\/uploads\/2025\/05\/Spiel_WerImRaum.jpg\" \/>\n\t<meta property=\"og:image:width\" content=\"500\" \/>\n\t<meta property=\"og:image:height\" content=\"500\" \/>\n\t<meta property=\"og:image:type\" content=\"image\/jpeg\" \/>\n<meta name=\"twitter:card\" content=\"summary_large_image\" \/>\n<meta name=\"twitter:label1\" content=\"Gesch\u00e4tzte Lesezeit\" \/>\n\t<meta name=\"twitter:data1\" content=\"2\u00a0Minuten\" \/>\n<script type=\"application\/ld+json\" class=\"yoast-schema-graph\">{\"@context\":\"https:\\\/\\\/schema.org\",\"@graph\":[{\"@type\":\"WebPage\",\"@id\":\"https:\\\/\\\/www.starcatering.at\\\/shop\\\/produkt\\\/partyspiel-wer-im-raum-ab-16-jahren-neuwertig\\\/\",\"url\":\"https:\\\/\\\/www.starcatering.at\\\/shop\\\/produkt\\\/partyspiel-wer-im-raum-ab-16-jahren-neuwertig\\\/\",\"name\":\"Partyspiel \\\"Wer im Raum\\\" ab 16 Jahren (neuwertig) &#187; StarCatering %-Shop\",\"isPartOf\":{\"@id\":\"https:\\\/\\\/www.starcatering.at\\\/shop\\\/#website\"},\"primaryImageOfPage\":{\"@id\":\"https:\\\/\\\/www.starcatering.at\\\/shop\\\/produkt\\\/partyspiel-wer-im-raum-ab-16-jahren-neuwertig\\\/#primaryimage\"},\"image\":{\"@id\":\"https:\\\/\\\/www.starcatering.at\\\/shop\\\/produkt\\\/partyspiel-wer-im-raum-ab-16-jahren-neuwertig\\\/#primaryimage\"},\"thumbnailUrl\":\"https:\\\/\\\/www.starcatering.at\\\/shop\\\/wp-content\\\/uploads\\\/2025\\\/05\\\/Spiel_WerImRaum.jpg\",\"datePublished\":\"2025-01-22T12:26:11+00:00\",\"dateModified\":\"2025-05-22T12:02:32+00:00\",\"description\":\"Partyspiel \\\"Wer im Raum\\\" ab 16 Jahren (neuwertig)\",\"breadcrumb\":{\"@id\":\"https:\\\/\\\/www.starcatering.at\\\/shop\\\/produkt\\\/partyspiel-wer-im-raum-ab-16-jahren-neuwertig\\\/#breadcrumb\"},\"inLanguage\":\"de\",\"potentialAction\":[{\"@type\":\"ReadAction\",\"target\":[\"https:\\\/\\\/www.starcatering.at\\\/shop\\\/produkt\\\/partyspiel-wer-im-raum-ab-16-jahren-neuwertig\\\/\"]}]},{\"@type\":\"ImageObject\",\"inLanguage\":\"de\",\"@id\":\"https:\\\/\\\/www.starcatering.at\\\/shop\\\/produkt\\\/partyspiel-wer-im-raum-ab-16-jahren-neuwertig\\\/#primaryimage\",\"url\":\"https:\\\/\\\/www.starcatering.at\\\/shop\\\/wp-content\\\/uploads\\\/2025\\\/05\\\/Spiel_WerImRaum.jpg\",\"contentUrl\":\"https:\\\/\\\/www.starcatering.at\\\/shop\\\/wp-content\\\/uploads\\\/2025\\\/05\\\/Spiel_WerImRaum.jpg\",\"width\":500,\"height\":500},{\"@type\":\"BreadcrumbList\",\"@id\":\"https:\\\/\\\/www.starcatering.at\\\/shop\\\/produkt\\\/partyspiel-wer-im-raum-ab-16-jahren-neuwertig\\\/#breadcrumb\",\"itemListElement\":[{\"@type\":\"ListItem\",\"position\":1,\"name\":\"Startseite\",\"item\":\"https:\\\/\\\/www.starcatering.at\\\/shop\\\/\"},{\"@type\":\"ListItem\",\"position\":2,\"name\":\"Shop\",\"item\":\"https:\\\/\\\/www.starcatering.at\\\/shop\\\/shop\\\/\"},{\"@type\":\"ListItem\",\"position\":3,\"name\":\"Partyspiel &#8220;Wer im Raum&#8221; ab 16 Jahren (neuwertig)\"}]},{\"@type\":\"WebSite\",\"@id\":\"https:\\\/\\\/www.starcatering.at\\\/shop\\\/#website\",\"url\":\"https:\\\/\\\/www.starcatering.at\\\/shop\\\/\",\"name\":\"Carnuntum Foods\",\"description\":\"Abverkaufsartikel\",\"publisher\":{\"@id\":\"https:\\\/\\\/www.starcatering.at\\\/shop\\\/#organization\"},\"potentialAction\":[{\"@type\":\"SearchAction\",\"target\":{\"@type\":\"EntryPoint\",\"urlTemplate\":\"https:\\\/\\\/www.starcatering.at\\\/shop\\\/?s={search_term_string}\"},\"query-input\":{\"@type\":\"PropertyValueSpecification\",\"valueRequired\":true,\"valueName\":\"search_term_string\"}}],\"inLanguage\":\"de\"},{\"@type\":\"Organization\",\"@id\":\"https:\\\/\\\/www.starcatering.at\\\/shop\\\/#organization\",\"name\":\"Carnuntumfoods\",\"url\":\"https:\\\/\\\/www.starcatering.at\\\/shop\\\/\",\"logo\":{\"@type\":\"ImageObject\",\"inLanguage\":\"de\",\"@id\":\"https:\\\/\\\/www.starcatering.at\\\/shop\\\/#\\\/schema\\\/logo\\\/image\\\/\",\"url\":\"https:\\\/\\\/www.starcatering.at\\\/shop\\\/wp-content\\\/uploads\\\/2021\\\/08\\\/cropped-logo.png\",\"contentUrl\":\"https:\\\/\\\/www.starcatering.at\\\/shop\\\/wp-content\\\/uploads\\\/2021\\\/08\\\/cropped-logo.png\",\"width\":512,\"height\":512,\"caption\":\"Carnuntumfoods\"},\"image\":{\"@id\":\"https:\\\/\\\/www.starcatering.at\\\/shop\\\/#\\\/schema\\\/logo\\\/image\\\/\"}}]}<\/script>\n<!-- \/ Yoast SEO plugin. -->","yoast_head_json":{"title":"Partyspiel \"Wer im Raum\" ab 16 Jahren (neuwertig) &#187; StarCatering %-Shop","description":"Partyspiel \"Wer im Raum\" ab 16 Jahren (neuwertig)","robots":{"index":"index","follow":"follow","max-snippet":"max-snippet:-1","max-image-preview":"max-image-preview:large","max-video-preview":"max-video-preview:-1"},"canonical":"https:\/\/www.starcatering.at\/shop\/produkt\/partyspiel-wer-im-raum-ab-16-jahren-neuwertig\/","og_locale":"de_DE","og_type":"article","og_title":"Partyspiel \"Wer im Raum\" ab 16 Jahren (neuwertig)","og_description":"Spiel \"Wer im Raum\" (neuwertig)","og_url":"https:\/\/www.starcatering.at\/shop\/produkt\/partyspiel-wer-im-raum-ab-16-jahren-neuwertig\/","og_site_name":"StarCatering %-Shop","article_modified_time":"2025-05-22T12:02:32+00:00","og_image":[{"width":500,"height":500,"url":"https:\/\/www.starcatering.at\/shop\/wp-content\/uploads\/2025\/05\/Spiel_WerImRaum.jpg","type":"image\/jpeg"}],"twitter_card":"summary_large_image","twitter_misc":{"Gesch\u00e4tzte Lesezeit":"2\u00a0Minuten"},"schema":{"@context":"https:\/\/schema.org","@graph":[{"@type":"WebPage","@id":"https:\/\/www.starcatering.at\/shop\/produkt\/partyspiel-wer-im-raum-ab-16-jahren-neuwertig\/","url":"https:\/\/www.starcatering.at\/shop\/produkt\/partyspiel-wer-im-raum-ab-16-jahren-neuwertig\/","name":"Partyspiel \"Wer im Raum\" ab 16 Jahren (neuwertig) &#187; StarCatering %-Shop","isPartOf":{"@id":"https:\/\/www.starcatering.at\/shop\/#website"},"primaryImageOfPage":{"@id":"https:\/\/www.starcatering.at\/shop\/produkt\/partyspiel-wer-im-raum-ab-16-jahren-neuwertig\/#primaryimage"},"image":{"@id":"https:\/\/www.starcatering.at\/shop\/produkt\/partyspiel-wer-im-raum-ab-16-jahren-neuwertig\/#primaryimage"},"thumbnailUrl":"https:\/\/www.starcatering.at\/shop\/wp-content\/uploads\/2025\/05\/Spiel_WerImRaum.jpg","datePublished":"2025-01-22T12:26:11+00:00","dateModified":"2025-05-22T12:02:32+00:00","description":"Partyspiel \"Wer im Raum\" ab 16 Jahren (neuwertig)","breadcrumb":{"@id":"https:\/\/www.starcatering.at\/shop\/produkt\/partyspiel-wer-im-raum-ab-16-jahren-neuwertig\/#breadcrumb"},"inLanguage":"de","potentialAction":[{"@type":"ReadAction","target":["https:\/\/www.starcatering.at\/shop\/produkt\/partyspiel-wer-im-raum-ab-16-jahren-neuwertig\/"]}]},{"@type":"ImageObject","inLanguage":"de","@id":"https:\/\/www.starcatering.at\/shop\/produkt\/partyspiel-wer-im-raum-ab-16-jahren-neuwertig\/#primaryimage","url":"https:\/\/www.starcatering.at\/shop\/wp-content\/uploads\/2025\/05\/Spiel_WerImRaum.jpg","contentUrl":"https:\/\/www.starcatering.at\/shop\/wp-content\/uploads\/2025\/05\/Spiel_WerImRaum.jpg","width":500,"height":500},{"@type":"BreadcrumbList","@id":"https:\/\/www.starcatering.at\/shop\/produkt\/partyspiel-wer-im-raum-ab-16-jahren-neuwertig\/#breadcrumb","itemListElement":[{"@type":"ListItem","position":1,"name":"Startseite","item":"https:\/\/www.starcatering.at\/shop\/"},{"@type":"ListItem","position":2,"name":"Shop","item":"https:\/\/www.starcatering.at\/shop\/shop\/"},{"@type":"ListItem","position":3,"name":"Partyspiel &#8220;Wer im Raum&#8221; ab 16 Jahren (neuwertig)"}]},{"@type":"WebSite","@id":"https:\/\/www.starcatering.at\/shop\/#website","url":"https:\/\/www.starcatering.at\/shop\/","name":"Carnuntum Foods","description":"Abverkaufsartikel","publisher":{"@id":"https:\/\/www.starcatering.at\/shop\/#organization"},"potentialAction":[{"@type":"SearchAction","target":{"@type":"EntryPoint","urlTemplate":"https:\/\/www.starcatering.at\/shop\/?s={search_term_string}"},"query-input":{"@type":"PropertyValueSpecification","valueRequired":true,"valueName":"search_term_string"}}],"inLanguage":"de"},{"@type":"Organization","@id":"https:\/\/www.starcatering.at\/shop\/#organization","name":"Carnuntumfoods","url":"https:\/\/www.starcatering.at\/shop\/","logo":{"@type":"ImageObject","inLanguage":"de","@id":"https:\/\/www.starcatering.at\/shop\/#\/schema\/logo\/image\/","url":"https:\/\/www.starcatering.at\/shop\/wp-content\/uploads\/2021\/08\/cropped-logo.png","contentUrl":"https:\/\/www.starcatering.at\/shop\/wp-content\/uploads\/2021\/08\/cropped-logo.png","width":512,"height":512,"caption":"Carnuntumfoods"},"image":{"@id":"https:\/\/www.starcatering.at\/shop\/#\/schema\/logo\/image\/"}}]}},"_links":{"self":[{"href":"https:\/\/www.starcatering.at\/shop\/wp-json\/wp\/v2\/product\/12170","targetHints":{"allow":["GET"]}}],"collection":[{"href":"https:\/\/www.starcatering.at\/shop\/wp-json\/wp\/v2\/product"}],"about":[{"href":"https:\/\/www.starcatering.at\/shop\/wp-json\/wp\/v2\/types\/product"}],"replies":[{"embeddable":true,"href":"https:\/\/www.starcatering.at\/shop\/wp-json\/wp\/v2\/comments?post=12170"}],"wp:featuredmedia":[{"embeddable":true,"href":"https:\/\/www.starcatering.at\/shop\/wp-json\/wp\/v2\/media\/12171"}],"wp:attachment":[{"href":"https:\/\/www.starcatering.at\/shop\/wp-json\/wp\/v2\/media?parent=12170"}],"wp:term":[{"taxonomy":"product_brand","embeddable":true,"href":"https:\/\/www.starcatering.at\/shop\/wp-json\/wp\/v2\/product_brand?post=12170"},{"taxonomy":"product_cat","embeddable":true,"href":"https:\/\/www.starcatering.at\/shop\/wp-json\/wp\/v2\/product_cat?post=12170"},{"taxonomy":"product_tag","embeddable":true,"href":"https:\/\/www.starcatering.at\/shop\/wp-json\/wp\/v2\/product_tag?post=12170"}],"curies":[{"name":"wp","href":"https:\/\/api.w.org\/{rel}","templated":true}]}}