{"id":12299,"date":"2025-03-19T21:48:53","date_gmt":"2025-03-19T20:48:53","guid":{"rendered":"https:\/\/www.starcatering.at\/shop\/?post_type=product&#038;p=12299"},"modified":"2025-07-19T22:08:03","modified_gmt":"2025-07-19T20:08:03","slug":"bacardi-carta-negra-superior-70cl-flasche","status":"publish","type":"product","link":"https:\/\/www.starcatering.at\/shop\/produkt\/bacardi-carta-negra-superior-70cl-flasche\/","title":{"rendered":"Bacardi Carta Negra Superior 70cl Flasche"},"content":{"rendered":"<p>Der Bacardi Carta Negra Superior Black Rum kommt aus S\u00fcdamerika und genauer genommen von der Insel Puerto Rico. Es handelt sich hierbei um die Kombination mehrerer besonders exquisiter Destillate, welche zusammen ungef\u00e4hr 6 Jahre lang in Wei\u00dfeichenf\u00e4ssern reifen. Als Resultat entsteht ein herrlich intensiver und geschmackvoller Rum. Der Bacardi Carta Negra Superior Black Rum wird am liebsten pur auf Eis getrunken, aber auch in leckeren Cocktails serviert.<\/p>\n","protected":false},"excerpt":{"rendered":"<ul>\n<li>Bacardi Carta Negra Superior<\/li>\n<li>70cl Flasche<\/li>\n<li><strong>Farbe<\/strong>: Heller Bernstein.<\/li>\n<li><strong>Geruch<\/strong>: Floral, fruchtig, exotisch, Backpflaume.<\/li>\n<li><strong>Geschmack<\/strong>: Fein, Aprikose, Vanille, Backpflaume.<\/li>\n<li><strong>Abgang<\/strong>: Lang anhaltend und fruchtig-w\u00fcrzig.<\/li>\n<\/ul>\n","protected":false},"featured_media":12300,"comment_status":"open","ping_status":"closed","template":"","meta":{"_et_pb_use_builder":"","_et_pb_old_content":"","_et_gb_content_width":""},"product_brand":[],"product_cat":[171],"product_tag":[182,2768,2770,2301,183,2299,176,2769],"class_list":{"0":"post-12299","1":"product","2":"type-product","3":"status-publish","4":"has-post-thumbnail","6":"product_cat-spirituosen","7":"product_tag-bacardi","8":"product_tag-black","9":"product_tag-carta","10":"product_tag-reif","11":"product_tag-rum","12":"product_tag-spiri","13":"product_tag-spirituose","14":"product_tag-superior","16":"first","17":"instock","18":"sale","19":"taxable","20":"shipping-taxable","21":"purchasable","22":"product-type-simple"},"yoast_head":"<!-- This site is optimized with the Yoast SEO plugin v27.5 - https:\/\/yoast.com\/product\/yoast-seo-wordpress\/ -->\n<title>Bacardi Carta Negra Superior 70cl Flasche &#187; StarCatering %-Shop<\/title>\n<meta name=\"description\" content=\"Bacardi Carta Negra Superior 70cl Flasche\" \/>\n<meta name=\"robots\" content=\"index, follow, max-snippet:-1, max-image-preview:large, max-video-preview:-1\" \/>\n<link rel=\"canonical\" href=\"https:\/\/www.starcatering.at\/shop\/produkt\/bacardi-carta-negra-superior-70cl-flasche\/\" \/>\n<meta property=\"og:locale\" content=\"de_DE\" \/>\n<meta property=\"og:type\" content=\"article\" \/>\n<meta property=\"og:title\" content=\"Bacardi Carta Negra Superior 70cl Flasche\" \/>\n<meta property=\"og:description\" content=\"Bacardi Carta Negra Superior 70cl Flasche\" \/>\n<meta property=\"og:url\" content=\"https:\/\/www.starcatering.at\/shop\/produkt\/bacardi-carta-negra-superior-70cl-flasche\/\" \/>\n<meta property=\"og:site_name\" content=\"StarCatering %-Shop\" \/>\n<meta property=\"article:modified_time\" content=\"2025-07-19T20:08:03+00:00\" \/>\n<meta property=\"og:image\" content=\"https:\/\/www.starcatering.at\/shop\/wp-content\/uploads\/2025\/07\/Bacardi_Black.jpg\" \/>\n\t<meta property=\"og:image:width\" content=\"500\" \/>\n\t<meta property=\"og:image:height\" content=\"500\" \/>\n\t<meta property=\"og:image:type\" content=\"image\/jpeg\" \/>\n<meta name=\"twitter:card\" content=\"summary_large_image\" \/>\n<meta name=\"twitter:title\" content=\"Bacardi Anejo Cuatro 4 Jahre 70cl Flasche\" \/>\n<meta name=\"twitter:description\" content=\"Bacardi Anejo Cuatro 4 Jahre 70cl Flasche\" \/>\n<meta name=\"twitter:image\" content=\"https:\/\/www.starcatering.at\/shop\/wp-content\/uploads\/2024\/09\/Bacardi_rum_anejo_quatro.jpg\" \/>\n<meta name=\"twitter:label1\" content=\"Gesch\u00e4tzte Lesezeit\" \/>\n\t<meta name=\"twitter:data1\" content=\"1\u00a0Minute\" \/>\n<script type=\"application\/ld+json\" class=\"yoast-schema-graph\">{\"@context\":\"https:\\\/\\\/schema.org\",\"@graph\":[{\"@type\":\"WebPage\",\"@id\":\"https:\\\/\\\/www.starcatering.at\\\/shop\\\/produkt\\\/bacardi-carta-negra-superior-70cl-flasche\\\/\",\"url\":\"https:\\\/\\\/www.starcatering.at\\\/shop\\\/produkt\\\/bacardi-carta-negra-superior-70cl-flasche\\\/\",\"name\":\"Bacardi Carta Negra Superior 70cl Flasche &#187; StarCatering %-Shop\",\"isPartOf\":{\"@id\":\"https:\\\/\\\/www.starcatering.at\\\/shop\\\/#website\"},\"primaryImageOfPage\":{\"@id\":\"https:\\\/\\\/www.starcatering.at\\\/shop\\\/produkt\\\/bacardi-carta-negra-superior-70cl-flasche\\\/#primaryimage\"},\"image\":{\"@id\":\"https:\\\/\\\/www.starcatering.at\\\/shop\\\/produkt\\\/bacardi-carta-negra-superior-70cl-flasche\\\/#primaryimage\"},\"thumbnailUrl\":\"https:\\\/\\\/www.starcatering.at\\\/shop\\\/wp-content\\\/uploads\\\/2025\\\/07\\\/Bacardi_Black.jpg\",\"datePublished\":\"2025-03-19T20:48:53+00:00\",\"dateModified\":\"2025-07-19T20:08:03+00:00\",\"description\":\"Bacardi Carta Negra Superior 70cl Flasche\",\"breadcrumb\":{\"@id\":\"https:\\\/\\\/www.starcatering.at\\\/shop\\\/produkt\\\/bacardi-carta-negra-superior-70cl-flasche\\\/#breadcrumb\"},\"inLanguage\":\"de\",\"potentialAction\":[{\"@type\":\"ReadAction\",\"target\":[\"https:\\\/\\\/www.starcatering.at\\\/shop\\\/produkt\\\/bacardi-carta-negra-superior-70cl-flasche\\\/\"]}]},{\"@type\":\"ImageObject\",\"inLanguage\":\"de\",\"@id\":\"https:\\\/\\\/www.starcatering.at\\\/shop\\\/produkt\\\/bacardi-carta-negra-superior-70cl-flasche\\\/#primaryimage\",\"url\":\"https:\\\/\\\/www.starcatering.at\\\/shop\\\/wp-content\\\/uploads\\\/2025\\\/07\\\/Bacardi_Black.jpg\",\"contentUrl\":\"https:\\\/\\\/www.starcatering.at\\\/shop\\\/wp-content\\\/uploads\\\/2025\\\/07\\\/Bacardi_Black.jpg\",\"width\":500,\"height\":500},{\"@type\":\"BreadcrumbList\",\"@id\":\"https:\\\/\\\/www.starcatering.at\\\/shop\\\/produkt\\\/bacardi-carta-negra-superior-70cl-flasche\\\/#breadcrumb\",\"itemListElement\":[{\"@type\":\"ListItem\",\"position\":1,\"name\":\"Startseite\",\"item\":\"https:\\\/\\\/www.starcatering.at\\\/shop\\\/\"},{\"@type\":\"ListItem\",\"position\":2,\"name\":\"Shop\",\"item\":\"https:\\\/\\\/www.starcatering.at\\\/shop\\\/shop\\\/\"},{\"@type\":\"ListItem\",\"position\":3,\"name\":\"Bacardi Carta Negra Superior 70cl Flasche\"}]},{\"@type\":\"WebSite\",\"@id\":\"https:\\\/\\\/www.starcatering.at\\\/shop\\\/#website\",\"url\":\"https:\\\/\\\/www.starcatering.at\\\/shop\\\/\",\"name\":\"Carnuntum Foods\",\"description\":\"Abverkaufsartikel\",\"publisher\":{\"@id\":\"https:\\\/\\\/www.starcatering.at\\\/shop\\\/#organization\"},\"potentialAction\":[{\"@type\":\"SearchAction\",\"target\":{\"@type\":\"EntryPoint\",\"urlTemplate\":\"https:\\\/\\\/www.starcatering.at\\\/shop\\\/?s={search_term_string}\"},\"query-input\":{\"@type\":\"PropertyValueSpecification\",\"valueRequired\":true,\"valueName\":\"search_term_string\"}}],\"inLanguage\":\"de\"},{\"@type\":\"Organization\",\"@id\":\"https:\\\/\\\/www.starcatering.at\\\/shop\\\/#organization\",\"name\":\"Carnuntumfoods\",\"url\":\"https:\\\/\\\/www.starcatering.at\\\/shop\\\/\",\"logo\":{\"@type\":\"ImageObject\",\"inLanguage\":\"de\",\"@id\":\"https:\\\/\\\/www.starcatering.at\\\/shop\\\/#\\\/schema\\\/logo\\\/image\\\/\",\"url\":\"https:\\\/\\\/www.starcatering.at\\\/shop\\\/wp-content\\\/uploads\\\/2021\\\/08\\\/cropped-logo.png\",\"contentUrl\":\"https:\\\/\\\/www.starcatering.at\\\/shop\\\/wp-content\\\/uploads\\\/2021\\\/08\\\/cropped-logo.png\",\"width\":512,\"height\":512,\"caption\":\"Carnuntumfoods\"},\"image\":{\"@id\":\"https:\\\/\\\/www.starcatering.at\\\/shop\\\/#\\\/schema\\\/logo\\\/image\\\/\"}}]}<\/script>\n<!-- \/ Yoast SEO plugin. -->","yoast_head_json":{"title":"Bacardi Carta Negra Superior 70cl Flasche &#187; StarCatering %-Shop","description":"Bacardi Carta Negra Superior 70cl Flasche","robots":{"index":"index","follow":"follow","max-snippet":"max-snippet:-1","max-image-preview":"max-image-preview:large","max-video-preview":"max-video-preview:-1"},"canonical":"https:\/\/www.starcatering.at\/shop\/produkt\/bacardi-carta-negra-superior-70cl-flasche\/","og_locale":"de_DE","og_type":"article","og_title":"Bacardi Carta Negra Superior 70cl Flasche","og_description":"Bacardi Carta Negra Superior 70cl Flasche","og_url":"https:\/\/www.starcatering.at\/shop\/produkt\/bacardi-carta-negra-superior-70cl-flasche\/","og_site_name":"StarCatering %-Shop","article_modified_time":"2025-07-19T20:08:03+00:00","og_image":[{"width":500,"height":500,"url":"https:\/\/www.starcatering.at\/shop\/wp-content\/uploads\/2025\/07\/Bacardi_Black.jpg","type":"image\/jpeg"}],"twitter_card":"summary_large_image","twitter_title":"Bacardi Anejo Cuatro 4 Jahre 70cl Flasche","twitter_description":"Bacardi Anejo Cuatro 4 Jahre 70cl Flasche","twitter_image":"https:\/\/www.starcatering.at\/shop\/wp-content\/uploads\/2024\/09\/Bacardi_rum_anejo_quatro.jpg","twitter_misc":{"Gesch\u00e4tzte Lesezeit":"1\u00a0Minute"},"schema":{"@context":"https:\/\/schema.org","@graph":[{"@type":"WebPage","@id":"https:\/\/www.starcatering.at\/shop\/produkt\/bacardi-carta-negra-superior-70cl-flasche\/","url":"https:\/\/www.starcatering.at\/shop\/produkt\/bacardi-carta-negra-superior-70cl-flasche\/","name":"Bacardi Carta Negra Superior 70cl Flasche &#187; StarCatering %-Shop","isPartOf":{"@id":"https:\/\/www.starcatering.at\/shop\/#website"},"primaryImageOfPage":{"@id":"https:\/\/www.starcatering.at\/shop\/produkt\/bacardi-carta-negra-superior-70cl-flasche\/#primaryimage"},"image":{"@id":"https:\/\/www.starcatering.at\/shop\/produkt\/bacardi-carta-negra-superior-70cl-flasche\/#primaryimage"},"thumbnailUrl":"https:\/\/www.starcatering.at\/shop\/wp-content\/uploads\/2025\/07\/Bacardi_Black.jpg","datePublished":"2025-03-19T20:48:53+00:00","dateModified":"2025-07-19T20:08:03+00:00","description":"Bacardi Carta Negra Superior 70cl Flasche","breadcrumb":{"@id":"https:\/\/www.starcatering.at\/shop\/produkt\/bacardi-carta-negra-superior-70cl-flasche\/#breadcrumb"},"inLanguage":"de","potentialAction":[{"@type":"ReadAction","target":["https:\/\/www.starcatering.at\/shop\/produkt\/bacardi-carta-negra-superior-70cl-flasche\/"]}]},{"@type":"ImageObject","inLanguage":"de","@id":"https:\/\/www.starcatering.at\/shop\/produkt\/bacardi-carta-negra-superior-70cl-flasche\/#primaryimage","url":"https:\/\/www.starcatering.at\/shop\/wp-content\/uploads\/2025\/07\/Bacardi_Black.jpg","contentUrl":"https:\/\/www.starcatering.at\/shop\/wp-content\/uploads\/2025\/07\/Bacardi_Black.jpg","width":500,"height":500},{"@type":"BreadcrumbList","@id":"https:\/\/www.starcatering.at\/shop\/produkt\/bacardi-carta-negra-superior-70cl-flasche\/#breadcrumb","itemListElement":[{"@type":"ListItem","position":1,"name":"Startseite","item":"https:\/\/www.starcatering.at\/shop\/"},{"@type":"ListItem","position":2,"name":"Shop","item":"https:\/\/www.starcatering.at\/shop\/shop\/"},{"@type":"ListItem","position":3,"name":"Bacardi Carta Negra Superior 70cl Flasche"}]},{"@type":"WebSite","@id":"https:\/\/www.starcatering.at\/shop\/#website","url":"https:\/\/www.starcatering.at\/shop\/","name":"Carnuntum Foods","description":"Abverkaufsartikel","publisher":{"@id":"https:\/\/www.starcatering.at\/shop\/#organization"},"potentialAction":[{"@type":"SearchAction","target":{"@type":"EntryPoint","urlTemplate":"https:\/\/www.starcatering.at\/shop\/?s={search_term_string}"},"query-input":{"@type":"PropertyValueSpecification","valueRequired":true,"valueName":"search_term_string"}}],"inLanguage":"de"},{"@type":"Organization","@id":"https:\/\/www.starcatering.at\/shop\/#organization","name":"Carnuntumfoods","url":"https:\/\/www.starcatering.at\/shop\/","logo":{"@type":"ImageObject","inLanguage":"de","@id":"https:\/\/www.starcatering.at\/shop\/#\/schema\/logo\/image\/","url":"https:\/\/www.starcatering.at\/shop\/wp-content\/uploads\/2021\/08\/cropped-logo.png","contentUrl":"https:\/\/www.starcatering.at\/shop\/wp-content\/uploads\/2021\/08\/cropped-logo.png","width":512,"height":512,"caption":"Carnuntumfoods"},"image":{"@id":"https:\/\/www.starcatering.at\/shop\/#\/schema\/logo\/image\/"}}]}},"_links":{"self":[{"href":"https:\/\/www.starcatering.at\/shop\/wp-json\/wp\/v2\/product\/12299","targetHints":{"allow":["GET"]}}],"collection":[{"href":"https:\/\/www.starcatering.at\/shop\/wp-json\/wp\/v2\/product"}],"about":[{"href":"https:\/\/www.starcatering.at\/shop\/wp-json\/wp\/v2\/types\/product"}],"replies":[{"embeddable":true,"href":"https:\/\/www.starcatering.at\/shop\/wp-json\/wp\/v2\/comments?post=12299"}],"wp:featuredmedia":[{"embeddable":true,"href":"https:\/\/www.starcatering.at\/shop\/wp-json\/wp\/v2\/media\/12300"}],"wp:attachment":[{"href":"https:\/\/www.starcatering.at\/shop\/wp-json\/wp\/v2\/media?parent=12299"}],"wp:term":[{"taxonomy":"product_brand","embeddable":true,"href":"https:\/\/www.starcatering.at\/shop\/wp-json\/wp\/v2\/product_brand?post=12299"},{"taxonomy":"product_cat","embeddable":true,"href":"https:\/\/www.starcatering.at\/shop\/wp-json\/wp\/v2\/product_cat?post=12299"},{"taxonomy":"product_tag","embeddable":true,"href":"https:\/\/www.starcatering.at\/shop\/wp-json\/wp\/v2\/product_tag?post=12299"}],"curies":[{"name":"wp","href":"https:\/\/api.w.org\/{rel}","templated":true}]}}