{"id":12324,"date":"2025-05-24T17:20:21","date_gmt":"2025-05-24T15:20:21","guid":{"rendered":"https:\/\/www.starcatering.at\/shop\/?post_type=product&#038;p=12324"},"modified":"2025-07-24T17:37:47","modified_gmt":"2025-07-24T15:37:47","slug":"heissgetraenkeautomat-silva-680cl-wenig-gebraucht","status":"publish","type":"product","link":"https:\/\/www.starcatering.at\/shop\/produkt\/heissgetraenkeautomat-silva-680cl-wenig-gebraucht\/","title":{"rendered":"Hei\u00dfgetr\u00e4nkeautomat Silva 680cl (wenig gebraucht)"},"content":{"rendered":"<p>Genie\u00dfen Sie Ihr Lieblingshei\u00dfgetr\u00e4nke mit dem Hei\u00dfgetr\u00e4nkeautomaten PK-HG 060 von Silva Homeline. Mit einem gro\u00dfz\u00fcgigen Fassungsverm\u00f6gen von 6,8 Litern k\u00f6nnen Sie problemlos Getr\u00e4nke f\u00fcr sich und Ihre G\u00e4ste zubereiten. Der praktische Auslaufhahn erm\u00f6glicht ein einfaches Abf\u00fcllen, ohne dass das Ger\u00e4t ge\u00f6ffnet werden muss.<\/p>\n<p>Mit dem Temperaturregelungsbereich von 30 \u00b0C &#8211; 110 \u00b0C und dem integrierten Thermostat kann die perfekte Temperatur f\u00fcr das Hei\u00dfgetr\u00e4nk einstellen werden. Egal ob es sich um einen hei\u00dfen Kaffee, Tee oder Suppe handelt.<\/p>\n<p>Mit einer Leistung von 950 Watt erhitzt der Automat den Inhalt schnell und effizient. Die w\u00e4rmeisolierten Griffe erm\u00f6glichen eine sichere Handhabung, auch wenn das Ger\u00e4t hei\u00df ist. Das Edelstahl-Geh\u00e4use verleiht dem Automaten zudem ein modernes und stilvolles Aussehen.<\/p>\n","protected":false},"excerpt":{"rendered":"<ul class=\"overview__detail-list normal black\">\n<li>6,8 l Fassungsverm\u00f6gen<\/li>\n<li>Auslaufhahn zum Abf\u00fcllen von Getr\u00e4nken<\/li>\n<li>Temperaturregelungsbereich 30 \u00b0C &#8211; 110 \u00b0C<\/li>\n<li>\u00dcberhitzungsschutz<\/li>\n<li>W\u00e4rmeisolierte Griffe<\/li>\n<li>Edelstahl-Geh\u00e4use<\/li>\n<li>Betriebs- und Thermostat-Kontrolllampe<\/li>\n<li>950 W Anschluss Leistung<\/li>\n<li>3-4x in Verwendung gewesen, im Originalkarton<\/li>\n<\/ul>\n","protected":false},"featured_media":12325,"comment_status":"open","ping_status":"closed","template":"","meta":{"_et_pb_use_builder":"","_et_pb_old_content":"","_et_gb_content_width":""},"product_brand":[],"product_cat":[324],"product_tag":[2791,398,992,648,401,2792,643,727],"class_list":{"0":"post-12324","1":"product","2":"type-product","3":"status-publish","4":"has-post-thumbnail","6":"product_cat-kleingeraete","7":"product_tag-automat","8":"product_tag-gluehwein","9":"product_tag-heissgetraenke","10":"product_tag-kaffee","11":"product_tag-punsch","12":"product_tag-silva","13":"product_tag-spender","14":"product_tag-tee","16":"first","17":"instock","18":"sale","19":"taxable","20":"shipping-taxable","21":"purchasable","22":"product-type-simple"},"yoast_head":"<!-- This site is optimized with the Yoast SEO plugin v27.5 - https:\/\/yoast.com\/product\/yoast-seo-wordpress\/ -->\n<title>Hei\u00dfgetr\u00e4nkeautomat Silva 680cl (wenig gebraucht) &#187; StarCatering %-Shop<\/title>\n<meta name=\"description\" content=\"Hei\u00dfgetr\u00e4nkeautomat Silva 680cl (wenig gebraucht)\" \/>\n<meta name=\"robots\" content=\"index, follow, max-snippet:-1, max-image-preview:large, max-video-preview:-1\" \/>\n<link rel=\"canonical\" href=\"https:\/\/www.starcatering.at\/shop\/produkt\/heissgetraenkeautomat-silva-680cl-wenig-gebraucht\/\" \/>\n<meta property=\"og:locale\" content=\"de_DE\" \/>\n<meta property=\"og:type\" content=\"article\" \/>\n<meta property=\"og:title\" content=\"Hei\u00dfgetr\u00e4nkeautomat Silva 680cl (wenig gebraucht)\" \/>\n<meta property=\"og:description\" content=\"Hei\u00dfgetr\u00e4nkeautomat Silva 680cl (wenig gebraucht)\" \/>\n<meta property=\"og:url\" content=\"https:\/\/www.starcatering.at\/shop\/produkt\/heissgetraenkeautomat-silva-680cl-wenig-gebraucht\/\" \/>\n<meta property=\"og:site_name\" content=\"StarCatering %-Shop\" \/>\n<meta property=\"article:modified_time\" content=\"2025-07-24T15:37:47+00:00\" \/>\n<meta property=\"og:image\" content=\"https:\/\/www.starcatering.at\/shop\/wp-content\/uploads\/2025\/07\/Heissgetraenkeautomat_Silva.jpg\" \/>\n\t<meta property=\"og:image:width\" content=\"600\" \/>\n\t<meta property=\"og:image:height\" content=\"600\" \/>\n\t<meta property=\"og:image:type\" content=\"image\/jpeg\" \/>\n<meta name=\"twitter:card\" content=\"summary_large_image\" \/>\n<meta name=\"twitter:label1\" content=\"Gesch\u00e4tzte Lesezeit\" \/>\n\t<meta name=\"twitter:data1\" content=\"1\u00a0Minute\" \/>\n<script type=\"application\/ld+json\" class=\"yoast-schema-graph\">{\"@context\":\"https:\\\/\\\/schema.org\",\"@graph\":[{\"@type\":\"WebPage\",\"@id\":\"https:\\\/\\\/www.starcatering.at\\\/shop\\\/produkt\\\/heissgetraenkeautomat-silva-680cl-wenig-gebraucht\\\/\",\"url\":\"https:\\\/\\\/www.starcatering.at\\\/shop\\\/produkt\\\/heissgetraenkeautomat-silva-680cl-wenig-gebraucht\\\/\",\"name\":\"Hei\u00dfgetr\u00e4nkeautomat Silva 680cl (wenig gebraucht) &#187; StarCatering %-Shop\",\"isPartOf\":{\"@id\":\"https:\\\/\\\/www.starcatering.at\\\/shop\\\/#website\"},\"primaryImageOfPage\":{\"@id\":\"https:\\\/\\\/www.starcatering.at\\\/shop\\\/produkt\\\/heissgetraenkeautomat-silva-680cl-wenig-gebraucht\\\/#primaryimage\"},\"image\":{\"@id\":\"https:\\\/\\\/www.starcatering.at\\\/shop\\\/produkt\\\/heissgetraenkeautomat-silva-680cl-wenig-gebraucht\\\/#primaryimage\"},\"thumbnailUrl\":\"https:\\\/\\\/www.starcatering.at\\\/shop\\\/wp-content\\\/uploads\\\/2025\\\/07\\\/Heissgetraenkeautomat_Silva.jpg\",\"datePublished\":\"2025-05-24T15:20:21+00:00\",\"dateModified\":\"2025-07-24T15:37:47+00:00\",\"description\":\"Hei\u00dfgetr\u00e4nkeautomat Silva 680cl (wenig gebraucht)\",\"breadcrumb\":{\"@id\":\"https:\\\/\\\/www.starcatering.at\\\/shop\\\/produkt\\\/heissgetraenkeautomat-silva-680cl-wenig-gebraucht\\\/#breadcrumb\"},\"inLanguage\":\"de\",\"potentialAction\":[{\"@type\":\"ReadAction\",\"target\":[\"https:\\\/\\\/www.starcatering.at\\\/shop\\\/produkt\\\/heissgetraenkeautomat-silva-680cl-wenig-gebraucht\\\/\"]}]},{\"@type\":\"ImageObject\",\"inLanguage\":\"de\",\"@id\":\"https:\\\/\\\/www.starcatering.at\\\/shop\\\/produkt\\\/heissgetraenkeautomat-silva-680cl-wenig-gebraucht\\\/#primaryimage\",\"url\":\"https:\\\/\\\/www.starcatering.at\\\/shop\\\/wp-content\\\/uploads\\\/2025\\\/07\\\/Heissgetraenkeautomat_Silva.jpg\",\"contentUrl\":\"https:\\\/\\\/www.starcatering.at\\\/shop\\\/wp-content\\\/uploads\\\/2025\\\/07\\\/Heissgetraenkeautomat_Silva.jpg\",\"width\":600,\"height\":600},{\"@type\":\"BreadcrumbList\",\"@id\":\"https:\\\/\\\/www.starcatering.at\\\/shop\\\/produkt\\\/heissgetraenkeautomat-silva-680cl-wenig-gebraucht\\\/#breadcrumb\",\"itemListElement\":[{\"@type\":\"ListItem\",\"position\":1,\"name\":\"Startseite\",\"item\":\"https:\\\/\\\/www.starcatering.at\\\/shop\\\/\"},{\"@type\":\"ListItem\",\"position\":2,\"name\":\"Shop\",\"item\":\"https:\\\/\\\/www.starcatering.at\\\/shop\\\/shop\\\/\"},{\"@type\":\"ListItem\",\"position\":3,\"name\":\"Hei\u00dfgetr\u00e4nkeautomat Silva 680cl (wenig gebraucht)\"}]},{\"@type\":\"WebSite\",\"@id\":\"https:\\\/\\\/www.starcatering.at\\\/shop\\\/#website\",\"url\":\"https:\\\/\\\/www.starcatering.at\\\/shop\\\/\",\"name\":\"Carnuntum Foods\",\"description\":\"Abverkaufsartikel\",\"publisher\":{\"@id\":\"https:\\\/\\\/www.starcatering.at\\\/shop\\\/#organization\"},\"potentialAction\":[{\"@type\":\"SearchAction\",\"target\":{\"@type\":\"EntryPoint\",\"urlTemplate\":\"https:\\\/\\\/www.starcatering.at\\\/shop\\\/?s={search_term_string}\"},\"query-input\":{\"@type\":\"PropertyValueSpecification\",\"valueRequired\":true,\"valueName\":\"search_term_string\"}}],\"inLanguage\":\"de\"},{\"@type\":\"Organization\",\"@id\":\"https:\\\/\\\/www.starcatering.at\\\/shop\\\/#organization\",\"name\":\"Carnuntumfoods\",\"url\":\"https:\\\/\\\/www.starcatering.at\\\/shop\\\/\",\"logo\":{\"@type\":\"ImageObject\",\"inLanguage\":\"de\",\"@id\":\"https:\\\/\\\/www.starcatering.at\\\/shop\\\/#\\\/schema\\\/logo\\\/image\\\/\",\"url\":\"https:\\\/\\\/www.starcatering.at\\\/shop\\\/wp-content\\\/uploads\\\/2021\\\/08\\\/cropped-logo.png\",\"contentUrl\":\"https:\\\/\\\/www.starcatering.at\\\/shop\\\/wp-content\\\/uploads\\\/2021\\\/08\\\/cropped-logo.png\",\"width\":512,\"height\":512,\"caption\":\"Carnuntumfoods\"},\"image\":{\"@id\":\"https:\\\/\\\/www.starcatering.at\\\/shop\\\/#\\\/schema\\\/logo\\\/image\\\/\"}}]}<\/script>\n<!-- \/ Yoast SEO plugin. -->","yoast_head_json":{"title":"Hei\u00dfgetr\u00e4nkeautomat Silva 680cl (wenig gebraucht) &#187; StarCatering %-Shop","description":"Hei\u00dfgetr\u00e4nkeautomat Silva 680cl (wenig gebraucht)","robots":{"index":"index","follow":"follow","max-snippet":"max-snippet:-1","max-image-preview":"max-image-preview:large","max-video-preview":"max-video-preview:-1"},"canonical":"https:\/\/www.starcatering.at\/shop\/produkt\/heissgetraenkeautomat-silva-680cl-wenig-gebraucht\/","og_locale":"de_DE","og_type":"article","og_title":"Hei\u00dfgetr\u00e4nkeautomat Silva 680cl (wenig gebraucht)","og_description":"Hei\u00dfgetr\u00e4nkeautomat Silva 680cl (wenig gebraucht)","og_url":"https:\/\/www.starcatering.at\/shop\/produkt\/heissgetraenkeautomat-silva-680cl-wenig-gebraucht\/","og_site_name":"StarCatering %-Shop","article_modified_time":"2025-07-24T15:37:47+00:00","og_image":[{"width":600,"height":600,"url":"https:\/\/www.starcatering.at\/shop\/wp-content\/uploads\/2025\/07\/Heissgetraenkeautomat_Silva.jpg","type":"image\/jpeg"}],"twitter_card":"summary_large_image","twitter_misc":{"Gesch\u00e4tzte Lesezeit":"1\u00a0Minute"},"schema":{"@context":"https:\/\/schema.org","@graph":[{"@type":"WebPage","@id":"https:\/\/www.starcatering.at\/shop\/produkt\/heissgetraenkeautomat-silva-680cl-wenig-gebraucht\/","url":"https:\/\/www.starcatering.at\/shop\/produkt\/heissgetraenkeautomat-silva-680cl-wenig-gebraucht\/","name":"Hei\u00dfgetr\u00e4nkeautomat Silva 680cl (wenig gebraucht) &#187; StarCatering %-Shop","isPartOf":{"@id":"https:\/\/www.starcatering.at\/shop\/#website"},"primaryImageOfPage":{"@id":"https:\/\/www.starcatering.at\/shop\/produkt\/heissgetraenkeautomat-silva-680cl-wenig-gebraucht\/#primaryimage"},"image":{"@id":"https:\/\/www.starcatering.at\/shop\/produkt\/heissgetraenkeautomat-silva-680cl-wenig-gebraucht\/#primaryimage"},"thumbnailUrl":"https:\/\/www.starcatering.at\/shop\/wp-content\/uploads\/2025\/07\/Heissgetraenkeautomat_Silva.jpg","datePublished":"2025-05-24T15:20:21+00:00","dateModified":"2025-07-24T15:37:47+00:00","description":"Hei\u00dfgetr\u00e4nkeautomat Silva 680cl (wenig gebraucht)","breadcrumb":{"@id":"https:\/\/www.starcatering.at\/shop\/produkt\/heissgetraenkeautomat-silva-680cl-wenig-gebraucht\/#breadcrumb"},"inLanguage":"de","potentialAction":[{"@type":"ReadAction","target":["https:\/\/www.starcatering.at\/shop\/produkt\/heissgetraenkeautomat-silva-680cl-wenig-gebraucht\/"]}]},{"@type":"ImageObject","inLanguage":"de","@id":"https:\/\/www.starcatering.at\/shop\/produkt\/heissgetraenkeautomat-silva-680cl-wenig-gebraucht\/#primaryimage","url":"https:\/\/www.starcatering.at\/shop\/wp-content\/uploads\/2025\/07\/Heissgetraenkeautomat_Silva.jpg","contentUrl":"https:\/\/www.starcatering.at\/shop\/wp-content\/uploads\/2025\/07\/Heissgetraenkeautomat_Silva.jpg","width":600,"height":600},{"@type":"BreadcrumbList","@id":"https:\/\/www.starcatering.at\/shop\/produkt\/heissgetraenkeautomat-silva-680cl-wenig-gebraucht\/#breadcrumb","itemListElement":[{"@type":"ListItem","position":1,"name":"Startseite","item":"https:\/\/www.starcatering.at\/shop\/"},{"@type":"ListItem","position":2,"name":"Shop","item":"https:\/\/www.starcatering.at\/shop\/shop\/"},{"@type":"ListItem","position":3,"name":"Hei\u00dfgetr\u00e4nkeautomat Silva 680cl (wenig gebraucht)"}]},{"@type":"WebSite","@id":"https:\/\/www.starcatering.at\/shop\/#website","url":"https:\/\/www.starcatering.at\/shop\/","name":"Carnuntum Foods","description":"Abverkaufsartikel","publisher":{"@id":"https:\/\/www.starcatering.at\/shop\/#organization"},"potentialAction":[{"@type":"SearchAction","target":{"@type":"EntryPoint","urlTemplate":"https:\/\/www.starcatering.at\/shop\/?s={search_term_string}"},"query-input":{"@type":"PropertyValueSpecification","valueRequired":true,"valueName":"search_term_string"}}],"inLanguage":"de"},{"@type":"Organization","@id":"https:\/\/www.starcatering.at\/shop\/#organization","name":"Carnuntumfoods","url":"https:\/\/www.starcatering.at\/shop\/","logo":{"@type":"ImageObject","inLanguage":"de","@id":"https:\/\/www.starcatering.at\/shop\/#\/schema\/logo\/image\/","url":"https:\/\/www.starcatering.at\/shop\/wp-content\/uploads\/2021\/08\/cropped-logo.png","contentUrl":"https:\/\/www.starcatering.at\/shop\/wp-content\/uploads\/2021\/08\/cropped-logo.png","width":512,"height":512,"caption":"Carnuntumfoods"},"image":{"@id":"https:\/\/www.starcatering.at\/shop\/#\/schema\/logo\/image\/"}}]}},"_links":{"self":[{"href":"https:\/\/www.starcatering.at\/shop\/wp-json\/wp\/v2\/product\/12324","targetHints":{"allow":["GET"]}}],"collection":[{"href":"https:\/\/www.starcatering.at\/shop\/wp-json\/wp\/v2\/product"}],"about":[{"href":"https:\/\/www.starcatering.at\/shop\/wp-json\/wp\/v2\/types\/product"}],"replies":[{"embeddable":true,"href":"https:\/\/www.starcatering.at\/shop\/wp-json\/wp\/v2\/comments?post=12324"}],"wp:featuredmedia":[{"embeddable":true,"href":"https:\/\/www.starcatering.at\/shop\/wp-json\/wp\/v2\/media\/12325"}],"wp:attachment":[{"href":"https:\/\/www.starcatering.at\/shop\/wp-json\/wp\/v2\/media?parent=12324"}],"wp:term":[{"taxonomy":"product_brand","embeddable":true,"href":"https:\/\/www.starcatering.at\/shop\/wp-json\/wp\/v2\/product_brand?post=12324"},{"taxonomy":"product_cat","embeddable":true,"href":"https:\/\/www.starcatering.at\/shop\/wp-json\/wp\/v2\/product_cat?post=12324"},{"taxonomy":"product_tag","embeddable":true,"href":"https:\/\/www.starcatering.at\/shop\/wp-json\/wp\/v2\/product_tag?post=12324"}],"curies":[{"name":"wp","href":"https:\/\/api.w.org\/{rel}","templated":true}]}}