{"id":12365,"date":"2025-06-01T11:40:11","date_gmt":"2025-06-01T09:40:11","guid":{"rendered":"https:\/\/www.starcatering.at\/shop\/?post_type=product&#038;p=12365"},"modified":"2025-09-18T18:19:40","modified_gmt":"2025-09-18T16:19:40","slug":"akten-stahlschrank-grau-92x42x100-cm-gebraucht","status":"publish","type":"product","link":"https:\/\/www.starcatering.at\/shop\/produkt\/akten-stahlschrank-grau-92x42x100-cm-gebraucht\/","title":{"rendered":"Akten-Stahlschrank grau 92x42x100 cm (gebraucht)"},"content":{"rendered":"<p>Weitere beachtenswerte Kriterien zur Machart finden Sie hier: Das best\u00e4ndige Material\u00a0<strong>Stahl<\/strong>\u00a0ist der Hauptbestandteil des Korpus.\u00a0<strong>0,7 mm<\/strong>\u00a0betr\u00e4gt die St\u00e4rke der Korpusw\u00e4nde. Die widerstandsf\u00e4hige Oberfl\u00e4che mit einer\u00a0<strong>Pulverbeschichtung<\/strong>\u00a0ist kinderleicht zu reinigen und sch\u00fctzt vor Schrammen und Feuchtigkeit. Um vor fremdem Zugriff zu sch\u00fctzen, ist Mobiliar\u00a0<strong>abschlie\u00dfbar<\/strong>. Das integrierte\u00a0<strong>Zylinderschloss mit 2-Punkt-Schlie\u00dfung<\/strong>\u00a0ist f\u00fcr die Verriegelung zust\u00e4ndig.<\/p>\n<p>F\u00fcr Ordnung und eine gute \u00dcbersicht \u00fcber Ihre Akten, Ordner und Dokumente sorgen Fachb\u00f6den. Dieser Artikel bietet <strong>2 Fachb\u00f6den<\/strong>. Sie haben den Vorteil, dass man sie in einem Raster von\u00a0<strong>5,0 cm<\/strong>\u00a0in der H\u00f6he ganz nach Bedarf anpassen kann. Jeder Fachboden hat eine Tragkraft von\u00a0<strong>50,0 kg<\/strong>. Jede Menge Platz f\u00fcr Ihre Ordnerablage: Hier erhalten Sie Platz f\u00fcr\u00a0<strong>2 Ordnerreihen<\/strong>.<\/p>\n<p>Ein optisches Highlight sind die edlen\u00a0<strong>Drehgriffe<\/strong>\u00a0in der Farbe schwarz. Damit l\u00e4sst sich der Schrank bequem \u00f6ffnen und schlie\u00dfen. Das Material der Griffe ist\u00a0<strong>best\u00e4ndiger Kunststoff<\/strong>.<\/p>\n","protected":false},"excerpt":{"rendered":"<ul>\n<li>Akten\u00a0Stahlschrank<\/li>\n<li>Schloss\u00a0mit\u00a02\u00a0Schl\u00fcsseln<\/li>\n<li>Belastbarkeit\u00a0pro\u00a0Ablage\u00a0ca.\u00a050\u00a0kg<\/li>\n<li>2\u00a0Fachb\u00f6den<\/li>\n<li>gebraucht\u00a0mit\u00a0leichten\u00a0Spuren\u00a0(siehe\u00a0Foto\u00a03)<\/li>\n<li>Ma\u00dfe\u00a0(BxTxH):\u00a092\u00a0x\u00a042\u00a0x\u00a0100\u00a0cm<\/li>\n<li>Zusammengebaut\u00a0abholbar<\/li>\n<\/ul>\n","protected":false},"featured_media":12366,"comment_status":"open","ping_status":"closed","template":"","meta":{"_et_pb_use_builder":"","_et_pb_old_content":"","_et_gb_content_width":""},"product_brand":[],"product_cat":[996],"product_tag":[1769,1475,999,717,246,421,1352,1777,890,971],"class_list":{"0":"post-12365","1":"product","2":"type-product","3":"status-publish","4":"has-post-thumbnail","6":"product_cat-bueromaterial","7":"product_tag-akten","8":"product_tag-aufbewahrung","9":"product_tag-buero","10":"product_tag-grau","11":"product_tag-lager","12":"product_tag-metall","13":"product_tag-ordner","14":"product_tag-schloss","15":"product_tag-schrank","16":"product_tag-stahl","17":"product_shipping_class-abholung","19":"first","20":"instock","21":"sale","22":"taxable","23":"shipping-taxable","24":"purchasable","25":"product-type-simple"},"yoast_head":"<!-- This site is optimized with the Yoast SEO plugin v27.5 - https:\/\/yoast.com\/product\/yoast-seo-wordpress\/ -->\n<title>Akten-Stahlschrank grau 92x42x100 cm (gebraucht) &#187; StarCatering %-Shop<\/title>\n<meta name=\"description\" content=\"Akten-Stahlschrank grau 92x42x100 cm (gebraucht)\" \/>\n<meta name=\"robots\" content=\"index, follow, max-snippet:-1, max-image-preview:large, max-video-preview:-1\" \/>\n<link rel=\"canonical\" href=\"https:\/\/www.starcatering.at\/shop\/produkt\/akten-stahlschrank-grau-92x42x100-cm-gebraucht\/\" \/>\n<meta property=\"og:locale\" content=\"de_DE\" \/>\n<meta property=\"og:type\" content=\"article\" \/>\n<meta property=\"og:title\" content=\"Akten-Stahlschrank grau 92x42x100 cm (gebraucht)\" \/>\n<meta property=\"og:description\" content=\"Akten-Stahlschrank grau 92x42x100 cm (gebraucht)\" \/>\n<meta property=\"og:url\" content=\"https:\/\/www.starcatering.at\/shop\/produkt\/akten-stahlschrank-grau-92x42x100-cm-gebraucht\/\" \/>\n<meta property=\"og:site_name\" content=\"StarCatering %-Shop\" \/>\n<meta property=\"article:modified_time\" content=\"2025-09-18T16:19:40+00:00\" \/>\n<meta property=\"og:image\" content=\"https:\/\/www.starcatering.at\/shop\/wp-content\/uploads\/2025\/08\/Aktenschrank_01.jpg\" \/>\n\t<meta property=\"og:image:width\" content=\"500\" \/>\n\t<meta property=\"og:image:height\" content=\"500\" \/>\n\t<meta property=\"og:image:type\" content=\"image\/jpeg\" \/>\n<meta name=\"twitter:card\" content=\"summary_large_image\" \/>\n<meta name=\"twitter:label1\" content=\"Gesch\u00e4tzte Lesezeit\" \/>\n\t<meta name=\"twitter:data1\" content=\"2\u00a0Minuten\" \/>\n<script type=\"application\/ld+json\" class=\"yoast-schema-graph\">{\"@context\":\"https:\\\/\\\/schema.org\",\"@graph\":[{\"@type\":\"WebPage\",\"@id\":\"https:\\\/\\\/www.starcatering.at\\\/shop\\\/produkt\\\/akten-stahlschrank-grau-92x42x100-cm-gebraucht\\\/\",\"url\":\"https:\\\/\\\/www.starcatering.at\\\/shop\\\/produkt\\\/akten-stahlschrank-grau-92x42x100-cm-gebraucht\\\/\",\"name\":\"Akten-Stahlschrank grau 92x42x100 cm (gebraucht) &#187; StarCatering %-Shop\",\"isPartOf\":{\"@id\":\"https:\\\/\\\/www.starcatering.at\\\/shop\\\/#website\"},\"primaryImageOfPage\":{\"@id\":\"https:\\\/\\\/www.starcatering.at\\\/shop\\\/produkt\\\/akten-stahlschrank-grau-92x42x100-cm-gebraucht\\\/#primaryimage\"},\"image\":{\"@id\":\"https:\\\/\\\/www.starcatering.at\\\/shop\\\/produkt\\\/akten-stahlschrank-grau-92x42x100-cm-gebraucht\\\/#primaryimage\"},\"thumbnailUrl\":\"https:\\\/\\\/www.starcatering.at\\\/shop\\\/wp-content\\\/uploads\\\/2025\\\/08\\\/Aktenschrank_01.jpg\",\"datePublished\":\"2025-06-01T09:40:11+00:00\",\"dateModified\":\"2025-09-18T16:19:40+00:00\",\"description\":\"Akten-Stahlschrank grau 92x42x100 cm (gebraucht)\",\"breadcrumb\":{\"@id\":\"https:\\\/\\\/www.starcatering.at\\\/shop\\\/produkt\\\/akten-stahlschrank-grau-92x42x100-cm-gebraucht\\\/#breadcrumb\"},\"inLanguage\":\"de\",\"potentialAction\":[{\"@type\":\"ReadAction\",\"target\":[\"https:\\\/\\\/www.starcatering.at\\\/shop\\\/produkt\\\/akten-stahlschrank-grau-92x42x100-cm-gebraucht\\\/\"]}]},{\"@type\":\"ImageObject\",\"inLanguage\":\"de\",\"@id\":\"https:\\\/\\\/www.starcatering.at\\\/shop\\\/produkt\\\/akten-stahlschrank-grau-92x42x100-cm-gebraucht\\\/#primaryimage\",\"url\":\"https:\\\/\\\/www.starcatering.at\\\/shop\\\/wp-content\\\/uploads\\\/2025\\\/08\\\/Aktenschrank_01.jpg\",\"contentUrl\":\"https:\\\/\\\/www.starcatering.at\\\/shop\\\/wp-content\\\/uploads\\\/2025\\\/08\\\/Aktenschrank_01.jpg\",\"width\":500,\"height\":500},{\"@type\":\"BreadcrumbList\",\"@id\":\"https:\\\/\\\/www.starcatering.at\\\/shop\\\/produkt\\\/akten-stahlschrank-grau-92x42x100-cm-gebraucht\\\/#breadcrumb\",\"itemListElement\":[{\"@type\":\"ListItem\",\"position\":1,\"name\":\"Startseite\",\"item\":\"https:\\\/\\\/www.starcatering.at\\\/shop\\\/\"},{\"@type\":\"ListItem\",\"position\":2,\"name\":\"Shop\",\"item\":\"https:\\\/\\\/www.starcatering.at\\\/shop\\\/shop\\\/\"},{\"@type\":\"ListItem\",\"position\":3,\"name\":\"Akten-Stahlschrank grau 92x42x100 cm (gebraucht)\"}]},{\"@type\":\"WebSite\",\"@id\":\"https:\\\/\\\/www.starcatering.at\\\/shop\\\/#website\",\"url\":\"https:\\\/\\\/www.starcatering.at\\\/shop\\\/\",\"name\":\"Carnuntum Foods\",\"description\":\"Abverkaufsartikel\",\"publisher\":{\"@id\":\"https:\\\/\\\/www.starcatering.at\\\/shop\\\/#organization\"},\"potentialAction\":[{\"@type\":\"SearchAction\",\"target\":{\"@type\":\"EntryPoint\",\"urlTemplate\":\"https:\\\/\\\/www.starcatering.at\\\/shop\\\/?s={search_term_string}\"},\"query-input\":{\"@type\":\"PropertyValueSpecification\",\"valueRequired\":true,\"valueName\":\"search_term_string\"}}],\"inLanguage\":\"de\"},{\"@type\":\"Organization\",\"@id\":\"https:\\\/\\\/www.starcatering.at\\\/shop\\\/#organization\",\"name\":\"Carnuntumfoods\",\"url\":\"https:\\\/\\\/www.starcatering.at\\\/shop\\\/\",\"logo\":{\"@type\":\"ImageObject\",\"inLanguage\":\"de\",\"@id\":\"https:\\\/\\\/www.starcatering.at\\\/shop\\\/#\\\/schema\\\/logo\\\/image\\\/\",\"url\":\"https:\\\/\\\/www.starcatering.at\\\/shop\\\/wp-content\\\/uploads\\\/2021\\\/08\\\/cropped-logo.png\",\"contentUrl\":\"https:\\\/\\\/www.starcatering.at\\\/shop\\\/wp-content\\\/uploads\\\/2021\\\/08\\\/cropped-logo.png\",\"width\":512,\"height\":512,\"caption\":\"Carnuntumfoods\"},\"image\":{\"@id\":\"https:\\\/\\\/www.starcatering.at\\\/shop\\\/#\\\/schema\\\/logo\\\/image\\\/\"}}]}<\/script>\n<!-- \/ Yoast SEO plugin. -->","yoast_head_json":{"title":"Akten-Stahlschrank grau 92x42x100 cm (gebraucht) &#187; StarCatering %-Shop","description":"Akten-Stahlschrank grau 92x42x100 cm (gebraucht)","robots":{"index":"index","follow":"follow","max-snippet":"max-snippet:-1","max-image-preview":"max-image-preview:large","max-video-preview":"max-video-preview:-1"},"canonical":"https:\/\/www.starcatering.at\/shop\/produkt\/akten-stahlschrank-grau-92x42x100-cm-gebraucht\/","og_locale":"de_DE","og_type":"article","og_title":"Akten-Stahlschrank grau 92x42x100 cm (gebraucht)","og_description":"Akten-Stahlschrank grau 92x42x100 cm (gebraucht)","og_url":"https:\/\/www.starcatering.at\/shop\/produkt\/akten-stahlschrank-grau-92x42x100-cm-gebraucht\/","og_site_name":"StarCatering %-Shop","article_modified_time":"2025-09-18T16:19:40+00:00","og_image":[{"width":500,"height":500,"url":"https:\/\/www.starcatering.at\/shop\/wp-content\/uploads\/2025\/08\/Aktenschrank_01.jpg","type":"image\/jpeg"}],"twitter_card":"summary_large_image","twitter_misc":{"Gesch\u00e4tzte Lesezeit":"2\u00a0Minuten"},"schema":{"@context":"https:\/\/schema.org","@graph":[{"@type":"WebPage","@id":"https:\/\/www.starcatering.at\/shop\/produkt\/akten-stahlschrank-grau-92x42x100-cm-gebraucht\/","url":"https:\/\/www.starcatering.at\/shop\/produkt\/akten-stahlschrank-grau-92x42x100-cm-gebraucht\/","name":"Akten-Stahlschrank grau 92x42x100 cm (gebraucht) &#187; StarCatering %-Shop","isPartOf":{"@id":"https:\/\/www.starcatering.at\/shop\/#website"},"primaryImageOfPage":{"@id":"https:\/\/www.starcatering.at\/shop\/produkt\/akten-stahlschrank-grau-92x42x100-cm-gebraucht\/#primaryimage"},"image":{"@id":"https:\/\/www.starcatering.at\/shop\/produkt\/akten-stahlschrank-grau-92x42x100-cm-gebraucht\/#primaryimage"},"thumbnailUrl":"https:\/\/www.starcatering.at\/shop\/wp-content\/uploads\/2025\/08\/Aktenschrank_01.jpg","datePublished":"2025-06-01T09:40:11+00:00","dateModified":"2025-09-18T16:19:40+00:00","description":"Akten-Stahlschrank grau 92x42x100 cm (gebraucht)","breadcrumb":{"@id":"https:\/\/www.starcatering.at\/shop\/produkt\/akten-stahlschrank-grau-92x42x100-cm-gebraucht\/#breadcrumb"},"inLanguage":"de","potentialAction":[{"@type":"ReadAction","target":["https:\/\/www.starcatering.at\/shop\/produkt\/akten-stahlschrank-grau-92x42x100-cm-gebraucht\/"]}]},{"@type":"ImageObject","inLanguage":"de","@id":"https:\/\/www.starcatering.at\/shop\/produkt\/akten-stahlschrank-grau-92x42x100-cm-gebraucht\/#primaryimage","url":"https:\/\/www.starcatering.at\/shop\/wp-content\/uploads\/2025\/08\/Aktenschrank_01.jpg","contentUrl":"https:\/\/www.starcatering.at\/shop\/wp-content\/uploads\/2025\/08\/Aktenschrank_01.jpg","width":500,"height":500},{"@type":"BreadcrumbList","@id":"https:\/\/www.starcatering.at\/shop\/produkt\/akten-stahlschrank-grau-92x42x100-cm-gebraucht\/#breadcrumb","itemListElement":[{"@type":"ListItem","position":1,"name":"Startseite","item":"https:\/\/www.starcatering.at\/shop\/"},{"@type":"ListItem","position":2,"name":"Shop","item":"https:\/\/www.starcatering.at\/shop\/shop\/"},{"@type":"ListItem","position":3,"name":"Akten-Stahlschrank grau 92x42x100 cm (gebraucht)"}]},{"@type":"WebSite","@id":"https:\/\/www.starcatering.at\/shop\/#website","url":"https:\/\/www.starcatering.at\/shop\/","name":"Carnuntum Foods","description":"Abverkaufsartikel","publisher":{"@id":"https:\/\/www.starcatering.at\/shop\/#organization"},"potentialAction":[{"@type":"SearchAction","target":{"@type":"EntryPoint","urlTemplate":"https:\/\/www.starcatering.at\/shop\/?s={search_term_string}"},"query-input":{"@type":"PropertyValueSpecification","valueRequired":true,"valueName":"search_term_string"}}],"inLanguage":"de"},{"@type":"Organization","@id":"https:\/\/www.starcatering.at\/shop\/#organization","name":"Carnuntumfoods","url":"https:\/\/www.starcatering.at\/shop\/","logo":{"@type":"ImageObject","inLanguage":"de","@id":"https:\/\/www.starcatering.at\/shop\/#\/schema\/logo\/image\/","url":"https:\/\/www.starcatering.at\/shop\/wp-content\/uploads\/2021\/08\/cropped-logo.png","contentUrl":"https:\/\/www.starcatering.at\/shop\/wp-content\/uploads\/2021\/08\/cropped-logo.png","width":512,"height":512,"caption":"Carnuntumfoods"},"image":{"@id":"https:\/\/www.starcatering.at\/shop\/#\/schema\/logo\/image\/"}}]}},"_links":{"self":[{"href":"https:\/\/www.starcatering.at\/shop\/wp-json\/wp\/v2\/product\/12365","targetHints":{"allow":["GET"]}}],"collection":[{"href":"https:\/\/www.starcatering.at\/shop\/wp-json\/wp\/v2\/product"}],"about":[{"href":"https:\/\/www.starcatering.at\/shop\/wp-json\/wp\/v2\/types\/product"}],"replies":[{"embeddable":true,"href":"https:\/\/www.starcatering.at\/shop\/wp-json\/wp\/v2\/comments?post=12365"}],"wp:featuredmedia":[{"embeddable":true,"href":"https:\/\/www.starcatering.at\/shop\/wp-json\/wp\/v2\/media\/12366"}],"wp:attachment":[{"href":"https:\/\/www.starcatering.at\/shop\/wp-json\/wp\/v2\/media?parent=12365"}],"wp:term":[{"taxonomy":"product_brand","embeddable":true,"href":"https:\/\/www.starcatering.at\/shop\/wp-json\/wp\/v2\/product_brand?post=12365"},{"taxonomy":"product_cat","embeddable":true,"href":"https:\/\/www.starcatering.at\/shop\/wp-json\/wp\/v2\/product_cat?post=12365"},{"taxonomy":"product_tag","embeddable":true,"href":"https:\/\/www.starcatering.at\/shop\/wp-json\/wp\/v2\/product_tag?post=12365"}],"curies":[{"name":"wp","href":"https:\/\/api.w.org\/{rel}","templated":true}]}}