{"id":12385,"date":"2025-05-02T12:08:42","date_gmt":"2025-05-02T10:08:42","guid":{"rendered":"https:\/\/www.starcatering.at\/shop\/?post_type=product&#038;p=12385"},"modified":"2025-08-02T12:15:36","modified_gmt":"2025-08-02T10:15:36","slug":"schwimmsessel-mit-rueckenlehne-candy-delight-o118x117cm-neuware","status":"publish","type":"product","link":"https:\/\/www.starcatering.at\/shop\/produkt\/schwimmsessel-mit-rueckenlehne-candy-delight-o118x117cm-neuware\/","title":{"rendered":"Schwimmsessel mit R\u00fcckenlehne &#8220;Candy Delight&#8221; \u00d8118x117cm (NEUWARE)"},"content":{"rendered":"<p>Der Schwimmsessel Candy Delight bringt Ihre Lieblingss\u00fc\u00dfigkeit direkt mit ans Wasser. Das durchsichtige Design zeigt die Bonbons im Inneren des Schwimmrings. Der Schwimmsessel ist f\u00fcr stundenlanges Verweilen auf dem Wasser ausgelegt und besitzt eine R\u00fcckenlehne mit perfekter Gr\u00f6\u00dfe. Das Sicherheitsventil l\u00e4sst sich nach innen schieben, damit Ihre Beine bequem liegen. Die stabilen Griffe erleichtern den Transport und dienen zum Festhalten im Wasser.<\/p>\n","protected":false},"excerpt":{"rendered":"<p>\u2022 Gr\u00f6\u00dfe aufgeblasen: 118 x 117 cm<br \/>\n\u2022 Maximale Belastbarkeit: 90 kg<br \/>\n\u2022 Maximale Personenanzahl: 1<br \/>\n\u2022 Aus strapazierf\u00e4higem PVC<br \/>\n\u2022 Robuste Haltegriffe<br \/>\n\u2022 Integrierte Kopfst\u00fctze<br \/>\n\u2022 Sicherheitsventile<br \/>\n\u2022 Inklusive selbstklebendem Reparaturflicken<\/p>\n","protected":false},"featured_media":12387,"comment_status":"open","ping_status":"closed","template":"","meta":{"_et_pb_use_builder":"","_et_pb_old_content":"","_et_gb_content_width":""},"product_brand":[],"product_cat":[2655],"product_tag":[1207,2296,2809,685,1437,2808,1448,2659],"class_list":{"0":"post-12385","1":"product","2":"type-product","3":"status-publish","4":"has-post-thumbnail","6":"product_cat-freizeitartikel","7":"product_tag-bestway","8":"product_tag-lehne","9":"product_tag-meer","10":"product_tag-pool","11":"product_tag-schwimmen","12":"product_tag-schwimmreifen","13":"product_tag-sessel","14":"product_tag-urlaub","16":"first","17":"instock","18":"sale","19":"taxable","20":"shipping-taxable","21":"purchasable","22":"product-type-simple"},"yoast_head":"<!-- This site is optimized with the Yoast SEO plugin v27.5 - https:\/\/yoast.com\/product\/yoast-seo-wordpress\/ -->\n<title>Schwimmsessel mit R\u00fcckenlehne &quot;Candy Delight&quot; \u00d8118x117cm (NEUWARE) &#187; StarCatering %-Shop<\/title>\n<meta name=\"description\" content=\"Schwimmsessel mit R\u00fcckenlehne &quot;Candy Delight&quot; \u00d8118x117cm (NEUWARE)\" \/>\n<meta name=\"robots\" content=\"index, follow, max-snippet:-1, max-image-preview:large, max-video-preview:-1\" \/>\n<link rel=\"canonical\" href=\"https:\/\/www.starcatering.at\/shop\/produkt\/schwimmsessel-mit-rueckenlehne-candy-delight-o118x117cm-neuware\/\" \/>\n<meta property=\"og:locale\" content=\"de_DE\" \/>\n<meta property=\"og:type\" content=\"article\" \/>\n<meta property=\"og:title\" content=\"Schwimmsessel mit R\u00fcckenlehne &quot;Candy Delight&quot; \u00d8118x117cm (NEUWARE)\" \/>\n<meta property=\"og:description\" content=\"Schwimmsessel mit R\u00fcckenlehne &quot;Candy Delight&quot; \u00d8118x117cm (NEUWARE)\" \/>\n<meta property=\"og:url\" content=\"https:\/\/www.starcatering.at\/shop\/produkt\/schwimmsessel-mit-rueckenlehne-candy-delight-o118x117cm-neuware\/\" \/>\n<meta property=\"og:site_name\" content=\"StarCatering %-Shop\" \/>\n<meta property=\"article:modified_time\" content=\"2025-08-02T10:15:36+00:00\" \/>\n<meta property=\"og:image\" content=\"https:\/\/www.starcatering.at\/shop\/wp-content\/uploads\/2025\/08\/Schwimmsessel_01.jpg\" \/>\n\t<meta property=\"og:image:width\" content=\"500\" \/>\n\t<meta property=\"og:image:height\" content=\"500\" \/>\n\t<meta property=\"og:image:type\" content=\"image\/jpeg\" \/>\n<meta name=\"twitter:card\" content=\"summary_large_image\" \/>\n<meta name=\"twitter:label1\" content=\"Gesch\u00e4tzte Lesezeit\" \/>\n\t<meta name=\"twitter:data1\" content=\"1\u00a0Minute\" \/>\n<script type=\"application\/ld+json\" class=\"yoast-schema-graph\">{\"@context\":\"https:\\\/\\\/schema.org\",\"@graph\":[{\"@type\":\"WebPage\",\"@id\":\"https:\\\/\\\/www.starcatering.at\\\/shop\\\/produkt\\\/schwimmsessel-mit-rueckenlehne-candy-delight-o118x117cm-neuware\\\/\",\"url\":\"https:\\\/\\\/www.starcatering.at\\\/shop\\\/produkt\\\/schwimmsessel-mit-rueckenlehne-candy-delight-o118x117cm-neuware\\\/\",\"name\":\"Schwimmsessel mit R\u00fcckenlehne \\\"Candy Delight\\\" \u00d8118x117cm (NEUWARE) &#187; StarCatering %-Shop\",\"isPartOf\":{\"@id\":\"https:\\\/\\\/www.starcatering.at\\\/shop\\\/#website\"},\"primaryImageOfPage\":{\"@id\":\"https:\\\/\\\/www.starcatering.at\\\/shop\\\/produkt\\\/schwimmsessel-mit-rueckenlehne-candy-delight-o118x117cm-neuware\\\/#primaryimage\"},\"image\":{\"@id\":\"https:\\\/\\\/www.starcatering.at\\\/shop\\\/produkt\\\/schwimmsessel-mit-rueckenlehne-candy-delight-o118x117cm-neuware\\\/#primaryimage\"},\"thumbnailUrl\":\"https:\\\/\\\/www.starcatering.at\\\/shop\\\/wp-content\\\/uploads\\\/2025\\\/08\\\/Schwimmsessel_Packung.jpg\",\"datePublished\":\"2025-05-02T10:08:42+00:00\",\"dateModified\":\"2025-08-02T10:15:36+00:00\",\"description\":\"Schwimmsessel mit R\u00fcckenlehne \\\"Candy Delight\\\" \u00d8118x117cm (NEUWARE)\",\"breadcrumb\":{\"@id\":\"https:\\\/\\\/www.starcatering.at\\\/shop\\\/produkt\\\/schwimmsessel-mit-rueckenlehne-candy-delight-o118x117cm-neuware\\\/#breadcrumb\"},\"inLanguage\":\"de\",\"potentialAction\":[{\"@type\":\"ReadAction\",\"target\":[\"https:\\\/\\\/www.starcatering.at\\\/shop\\\/produkt\\\/schwimmsessel-mit-rueckenlehne-candy-delight-o118x117cm-neuware\\\/\"]}]},{\"@type\":\"ImageObject\",\"inLanguage\":\"de\",\"@id\":\"https:\\\/\\\/www.starcatering.at\\\/shop\\\/produkt\\\/schwimmsessel-mit-rueckenlehne-candy-delight-o118x117cm-neuware\\\/#primaryimage\",\"url\":\"https:\\\/\\\/www.starcatering.at\\\/shop\\\/wp-content\\\/uploads\\\/2025\\\/08\\\/Schwimmsessel_Packung.jpg\",\"contentUrl\":\"https:\\\/\\\/www.starcatering.at\\\/shop\\\/wp-content\\\/uploads\\\/2025\\\/08\\\/Schwimmsessel_Packung.jpg\",\"width\":500,\"height\":500},{\"@type\":\"BreadcrumbList\",\"@id\":\"https:\\\/\\\/www.starcatering.at\\\/shop\\\/produkt\\\/schwimmsessel-mit-rueckenlehne-candy-delight-o118x117cm-neuware\\\/#breadcrumb\",\"itemListElement\":[{\"@type\":\"ListItem\",\"position\":1,\"name\":\"Startseite\",\"item\":\"https:\\\/\\\/www.starcatering.at\\\/shop\\\/\"},{\"@type\":\"ListItem\",\"position\":2,\"name\":\"Shop\",\"item\":\"https:\\\/\\\/www.starcatering.at\\\/shop\\\/shop\\\/\"},{\"@type\":\"ListItem\",\"position\":3,\"name\":\"Schwimmsessel mit R\u00fcckenlehne &#8220;Candy Delight&#8221; \u00d8118x117cm (NEUWARE)\"}]},{\"@type\":\"WebSite\",\"@id\":\"https:\\\/\\\/www.starcatering.at\\\/shop\\\/#website\",\"url\":\"https:\\\/\\\/www.starcatering.at\\\/shop\\\/\",\"name\":\"Carnuntum Foods\",\"description\":\"Abverkaufsartikel\",\"publisher\":{\"@id\":\"https:\\\/\\\/www.starcatering.at\\\/shop\\\/#organization\"},\"potentialAction\":[{\"@type\":\"SearchAction\",\"target\":{\"@type\":\"EntryPoint\",\"urlTemplate\":\"https:\\\/\\\/www.starcatering.at\\\/shop\\\/?s={search_term_string}\"},\"query-input\":{\"@type\":\"PropertyValueSpecification\",\"valueRequired\":true,\"valueName\":\"search_term_string\"}}],\"inLanguage\":\"de\"},{\"@type\":\"Organization\",\"@id\":\"https:\\\/\\\/www.starcatering.at\\\/shop\\\/#organization\",\"name\":\"Carnuntumfoods\",\"url\":\"https:\\\/\\\/www.starcatering.at\\\/shop\\\/\",\"logo\":{\"@type\":\"ImageObject\",\"inLanguage\":\"de\",\"@id\":\"https:\\\/\\\/www.starcatering.at\\\/shop\\\/#\\\/schema\\\/logo\\\/image\\\/\",\"url\":\"https:\\\/\\\/www.starcatering.at\\\/shop\\\/wp-content\\\/uploads\\\/2021\\\/08\\\/cropped-logo.png\",\"contentUrl\":\"https:\\\/\\\/www.starcatering.at\\\/shop\\\/wp-content\\\/uploads\\\/2021\\\/08\\\/cropped-logo.png\",\"width\":512,\"height\":512,\"caption\":\"Carnuntumfoods\"},\"image\":{\"@id\":\"https:\\\/\\\/www.starcatering.at\\\/shop\\\/#\\\/schema\\\/logo\\\/image\\\/\"}}]}<\/script>\n<!-- \/ Yoast SEO plugin. -->","yoast_head_json":{"title":"Schwimmsessel mit R\u00fcckenlehne \"Candy Delight\" \u00d8118x117cm (NEUWARE) &#187; StarCatering %-Shop","description":"Schwimmsessel mit R\u00fcckenlehne \"Candy Delight\" \u00d8118x117cm (NEUWARE)","robots":{"index":"index","follow":"follow","max-snippet":"max-snippet:-1","max-image-preview":"max-image-preview:large","max-video-preview":"max-video-preview:-1"},"canonical":"https:\/\/www.starcatering.at\/shop\/produkt\/schwimmsessel-mit-rueckenlehne-candy-delight-o118x117cm-neuware\/","og_locale":"de_DE","og_type":"article","og_title":"Schwimmsessel mit R\u00fcckenlehne \"Candy Delight\" \u00d8118x117cm (NEUWARE)","og_description":"Schwimmsessel mit R\u00fcckenlehne \"Candy Delight\" \u00d8118x117cm (NEUWARE)","og_url":"https:\/\/www.starcatering.at\/shop\/produkt\/schwimmsessel-mit-rueckenlehne-candy-delight-o118x117cm-neuware\/","og_site_name":"StarCatering %-Shop","article_modified_time":"2025-08-02T10:15:36+00:00","og_image":[{"width":500,"height":500,"url":"https:\/\/www.starcatering.at\/shop\/wp-content\/uploads\/2025\/08\/Schwimmsessel_01.jpg","type":"image\/jpeg"}],"twitter_card":"summary_large_image","twitter_misc":{"Gesch\u00e4tzte Lesezeit":"1\u00a0Minute"},"schema":{"@context":"https:\/\/schema.org","@graph":[{"@type":"WebPage","@id":"https:\/\/www.starcatering.at\/shop\/produkt\/schwimmsessel-mit-rueckenlehne-candy-delight-o118x117cm-neuware\/","url":"https:\/\/www.starcatering.at\/shop\/produkt\/schwimmsessel-mit-rueckenlehne-candy-delight-o118x117cm-neuware\/","name":"Schwimmsessel mit R\u00fcckenlehne \"Candy Delight\" \u00d8118x117cm (NEUWARE) &#187; StarCatering %-Shop","isPartOf":{"@id":"https:\/\/www.starcatering.at\/shop\/#website"},"primaryImageOfPage":{"@id":"https:\/\/www.starcatering.at\/shop\/produkt\/schwimmsessel-mit-rueckenlehne-candy-delight-o118x117cm-neuware\/#primaryimage"},"image":{"@id":"https:\/\/www.starcatering.at\/shop\/produkt\/schwimmsessel-mit-rueckenlehne-candy-delight-o118x117cm-neuware\/#primaryimage"},"thumbnailUrl":"https:\/\/www.starcatering.at\/shop\/wp-content\/uploads\/2025\/08\/Schwimmsessel_Packung.jpg","datePublished":"2025-05-02T10:08:42+00:00","dateModified":"2025-08-02T10:15:36+00:00","description":"Schwimmsessel mit R\u00fcckenlehne \"Candy Delight\" \u00d8118x117cm (NEUWARE)","breadcrumb":{"@id":"https:\/\/www.starcatering.at\/shop\/produkt\/schwimmsessel-mit-rueckenlehne-candy-delight-o118x117cm-neuware\/#breadcrumb"},"inLanguage":"de","potentialAction":[{"@type":"ReadAction","target":["https:\/\/www.starcatering.at\/shop\/produkt\/schwimmsessel-mit-rueckenlehne-candy-delight-o118x117cm-neuware\/"]}]},{"@type":"ImageObject","inLanguage":"de","@id":"https:\/\/www.starcatering.at\/shop\/produkt\/schwimmsessel-mit-rueckenlehne-candy-delight-o118x117cm-neuware\/#primaryimage","url":"https:\/\/www.starcatering.at\/shop\/wp-content\/uploads\/2025\/08\/Schwimmsessel_Packung.jpg","contentUrl":"https:\/\/www.starcatering.at\/shop\/wp-content\/uploads\/2025\/08\/Schwimmsessel_Packung.jpg","width":500,"height":500},{"@type":"BreadcrumbList","@id":"https:\/\/www.starcatering.at\/shop\/produkt\/schwimmsessel-mit-rueckenlehne-candy-delight-o118x117cm-neuware\/#breadcrumb","itemListElement":[{"@type":"ListItem","position":1,"name":"Startseite","item":"https:\/\/www.starcatering.at\/shop\/"},{"@type":"ListItem","position":2,"name":"Shop","item":"https:\/\/www.starcatering.at\/shop\/shop\/"},{"@type":"ListItem","position":3,"name":"Schwimmsessel mit R\u00fcckenlehne &#8220;Candy Delight&#8221; \u00d8118x117cm (NEUWARE)"}]},{"@type":"WebSite","@id":"https:\/\/www.starcatering.at\/shop\/#website","url":"https:\/\/www.starcatering.at\/shop\/","name":"Carnuntum Foods","description":"Abverkaufsartikel","publisher":{"@id":"https:\/\/www.starcatering.at\/shop\/#organization"},"potentialAction":[{"@type":"SearchAction","target":{"@type":"EntryPoint","urlTemplate":"https:\/\/www.starcatering.at\/shop\/?s={search_term_string}"},"query-input":{"@type":"PropertyValueSpecification","valueRequired":true,"valueName":"search_term_string"}}],"inLanguage":"de"},{"@type":"Organization","@id":"https:\/\/www.starcatering.at\/shop\/#organization","name":"Carnuntumfoods","url":"https:\/\/www.starcatering.at\/shop\/","logo":{"@type":"ImageObject","inLanguage":"de","@id":"https:\/\/www.starcatering.at\/shop\/#\/schema\/logo\/image\/","url":"https:\/\/www.starcatering.at\/shop\/wp-content\/uploads\/2021\/08\/cropped-logo.png","contentUrl":"https:\/\/www.starcatering.at\/shop\/wp-content\/uploads\/2021\/08\/cropped-logo.png","width":512,"height":512,"caption":"Carnuntumfoods"},"image":{"@id":"https:\/\/www.starcatering.at\/shop\/#\/schema\/logo\/image\/"}}]}},"_links":{"self":[{"href":"https:\/\/www.starcatering.at\/shop\/wp-json\/wp\/v2\/product\/12385","targetHints":{"allow":["GET"]}}],"collection":[{"href":"https:\/\/www.starcatering.at\/shop\/wp-json\/wp\/v2\/product"}],"about":[{"href":"https:\/\/www.starcatering.at\/shop\/wp-json\/wp\/v2\/types\/product"}],"replies":[{"embeddable":true,"href":"https:\/\/www.starcatering.at\/shop\/wp-json\/wp\/v2\/comments?post=12385"}],"wp:featuredmedia":[{"embeddable":true,"href":"https:\/\/www.starcatering.at\/shop\/wp-json\/wp\/v2\/media\/12387"}],"wp:attachment":[{"href":"https:\/\/www.starcatering.at\/shop\/wp-json\/wp\/v2\/media?parent=12385"}],"wp:term":[{"taxonomy":"product_brand","embeddable":true,"href":"https:\/\/www.starcatering.at\/shop\/wp-json\/wp\/v2\/product_brand?post=12385"},{"taxonomy":"product_cat","embeddable":true,"href":"https:\/\/www.starcatering.at\/shop\/wp-json\/wp\/v2\/product_cat?post=12385"},{"taxonomy":"product_tag","embeddable":true,"href":"https:\/\/www.starcatering.at\/shop\/wp-json\/wp\/v2\/product_tag?post=12385"}],"curies":[{"name":"wp","href":"https:\/\/api.w.org\/{rel}","templated":true}]}}