{"id":12453,"date":"2025-05-25T19:09:16","date_gmt":"2025-05-25T17:09:16","guid":{"rendered":"https:\/\/www.starcatering.at\/shop\/?post_type=product&#038;p=12453"},"modified":"2025-08-25T19:56:38","modified_gmt":"2025-08-25T17:56:38","slug":"aktionsbox-acryl-sigel-neuwertig","status":"publish","type":"product","link":"https:\/\/www.starcatering.at\/shop\/produkt\/aktionsbox-acryl-sigel-neuwertig\/","title":{"rendered":"Aktionsbox Acryl &#8220;sigel&#8221; (neuwertig)"},"content":{"rendered":"<p>Die abschlie\u00dfbare Aktionsbox wird ab jetzt das Herzst\u00fcck Ihrer Aktionen. Nutzen Sie diese Box aus glasklarem, hochwertigen Acryl als Spendenbox oder sammeln Sie darin Visitenkarten oder Teilnahmekarten f\u00fcr Gewinnspiele. Dank abschlie\u00dfbarem Deckel sind sowohl Spenden als auch sensible Adressdaten gut gesch\u00fctzt. Zwei Schl\u00fcssel sind im Lieferumfang enthalten. F\u00fcr die Einstecktafel an der R\u00fcckwand k\u00f6nnen Sie individuelle Einleger gestalten, um Teilnehmer f\u00fcr Ihre Aktion zu werben. So wird die Box zum Blickfang und verleiht Ihrer Aktion einen attraktiven Auftritt. Die handliche Box im Format 15x15x21,2 cm l\u00e4sst sich auf Messetischen oder Tresen platzieren. Ihre neue Aktionsbox ist ein absolut verl\u00e4sslicher Partner:<\/p>\n","protected":false},"excerpt":{"rendered":"<ul>\n<li class=\"col-sm-3\"><b>Ma\u00dfe Produkt:\u00a0<\/b>150 mm x 212 mm x 150 mm<\/li>\n<li class=\"col-sm-3\"><b>Farbe:\u00a0<\/b>glasklar<\/li>\n<li class=\"col-sm-3\"><b>Material Oberfl\u00e4che \/ Hauptmaterial:\u00a0<\/b>Acryl<\/li>\n<li class=\"col-sm-3\"><b>Ma\u00dfe Box cm: <\/b>15 x 21,2 cm<\/li>\n<li class=\"col-sm-3\"><b>Produktkategorie:\u00a0<\/b>Aktionsboxen &amp; Zahlteller<\/li>\n<li class=\"col-sm-3\"><b>Verschluss:\u00a0<\/b>Schloss<\/li>\n<li class=\"col-sm-3\"><b>Zubeh\u00f6r inklusive:\u00a0<\/b>2 Schl\u00fcssel<\/li>\n<li><span style=\"color: #ff6600;\"><strong>1 x in Gebrauch gewesen<\/strong><\/span><\/li>\n<li>UV-best\u00e4ndig<\/li>\n<li>r\u00fcckseitige Einstecktafel f\u00fcr Format DIN A6<\/li>\n<li>Ma\u00dfe Einwurfschlitz: 90 x 6 mm<\/li>\n<\/ul>\n","protected":false},"featured_media":12454,"comment_status":"open","ping_status":"closed","template":"","meta":{"_et_pb_use_builder":"","_et_pb_old_content":"","_et_gb_content_width":""},"product_brand":[],"product_cat":[996],"product_tag":[1125,251,1778,2844,1409,2845,2846],"class_list":{"0":"post-12453","1":"product","2":"type-product","3":"status-publish","4":"has-post-thumbnail","6":"product_cat-bueromaterial","7":"product_tag-acryl","8":"product_tag-box","9":"product_tag-geld","10":"product_tag-gewinnlose","11":"product_tag-plexi","12":"product_tag-schlitz","13":"product_tag-sigel","15":"first","16":"instock","17":"sale","18":"taxable","19":"shipping-taxable","20":"purchasable","21":"product-type-simple"},"yoast_head":"<!-- This site is optimized with the Yoast SEO plugin v27.5 - https:\/\/yoast.com\/product\/yoast-seo-wordpress\/ -->\n<title>Aktionsbox Acryl &quot;sigel&quot; (neuwertig) &#187; StarCatering %-Shop<\/title>\n<meta name=\"description\" content=\"Aktionsbox Acryl &quot;sigel&quot; (neuwertig)\" \/>\n<meta name=\"robots\" content=\"index, follow, max-snippet:-1, max-image-preview:large, max-video-preview:-1\" \/>\n<link rel=\"canonical\" href=\"https:\/\/www.starcatering.at\/shop\/produkt\/aktionsbox-acryl-sigel-neuwertig\/\" \/>\n<meta property=\"og:locale\" content=\"de_DE\" \/>\n<meta property=\"og:type\" content=\"article\" \/>\n<meta property=\"og:title\" content=\"Aktionsbox Acryl &quot;sigel&quot; (neuwertig)\" \/>\n<meta property=\"og:description\" content=\"Aktionsbox Acryl &quot;sigel&quot; (neuwertig)\" \/>\n<meta property=\"og:url\" content=\"https:\/\/www.starcatering.at\/shop\/produkt\/aktionsbox-acryl-sigel-neuwertig\/\" \/>\n<meta property=\"og:site_name\" content=\"StarCatering %-Shop\" \/>\n<meta property=\"article:modified_time\" content=\"2025-08-25T17:56:38+00:00\" \/>\n<meta property=\"og:image\" content=\"https:\/\/www.starcatering.at\/shop\/wp-content\/uploads\/2025\/08\/Gewinnbox_Plexi.jpg\" \/>\n\t<meta property=\"og:image:width\" content=\"600\" \/>\n\t<meta property=\"og:image:height\" content=\"600\" \/>\n\t<meta property=\"og:image:type\" content=\"image\/jpeg\" \/>\n<meta name=\"twitter:card\" content=\"summary_large_image\" \/>\n<meta name=\"twitter:label1\" content=\"Gesch\u00e4tzte Lesezeit\" \/>\n\t<meta name=\"twitter:data1\" content=\"1\u00a0Minute\" \/>\n<script type=\"application\/ld+json\" class=\"yoast-schema-graph\">{\"@context\":\"https:\\\/\\\/schema.org\",\"@graph\":[{\"@type\":\"WebPage\",\"@id\":\"https:\\\/\\\/www.starcatering.at\\\/shop\\\/produkt\\\/aktionsbox-acryl-sigel-neuwertig\\\/\",\"url\":\"https:\\\/\\\/www.starcatering.at\\\/shop\\\/produkt\\\/aktionsbox-acryl-sigel-neuwertig\\\/\",\"name\":\"Aktionsbox Acryl \\\"sigel\\\" (neuwertig) &#187; StarCatering %-Shop\",\"isPartOf\":{\"@id\":\"https:\\\/\\\/www.starcatering.at\\\/shop\\\/#website\"},\"primaryImageOfPage\":{\"@id\":\"https:\\\/\\\/www.starcatering.at\\\/shop\\\/produkt\\\/aktionsbox-acryl-sigel-neuwertig\\\/#primaryimage\"},\"image\":{\"@id\":\"https:\\\/\\\/www.starcatering.at\\\/shop\\\/produkt\\\/aktionsbox-acryl-sigel-neuwertig\\\/#primaryimage\"},\"thumbnailUrl\":\"https:\\\/\\\/www.starcatering.at\\\/shop\\\/wp-content\\\/uploads\\\/2025\\\/08\\\/Gewinnbox_Plexi.jpg\",\"datePublished\":\"2025-05-25T17:09:16+00:00\",\"dateModified\":\"2025-08-25T17:56:38+00:00\",\"description\":\"Aktionsbox Acryl \\\"sigel\\\" (neuwertig)\",\"breadcrumb\":{\"@id\":\"https:\\\/\\\/www.starcatering.at\\\/shop\\\/produkt\\\/aktionsbox-acryl-sigel-neuwertig\\\/#breadcrumb\"},\"inLanguage\":\"de\",\"potentialAction\":[{\"@type\":\"ReadAction\",\"target\":[\"https:\\\/\\\/www.starcatering.at\\\/shop\\\/produkt\\\/aktionsbox-acryl-sigel-neuwertig\\\/\"]}]},{\"@type\":\"ImageObject\",\"inLanguage\":\"de\",\"@id\":\"https:\\\/\\\/www.starcatering.at\\\/shop\\\/produkt\\\/aktionsbox-acryl-sigel-neuwertig\\\/#primaryimage\",\"url\":\"https:\\\/\\\/www.starcatering.at\\\/shop\\\/wp-content\\\/uploads\\\/2025\\\/08\\\/Gewinnbox_Plexi.jpg\",\"contentUrl\":\"https:\\\/\\\/www.starcatering.at\\\/shop\\\/wp-content\\\/uploads\\\/2025\\\/08\\\/Gewinnbox_Plexi.jpg\",\"width\":600,\"height\":600},{\"@type\":\"BreadcrumbList\",\"@id\":\"https:\\\/\\\/www.starcatering.at\\\/shop\\\/produkt\\\/aktionsbox-acryl-sigel-neuwertig\\\/#breadcrumb\",\"itemListElement\":[{\"@type\":\"ListItem\",\"position\":1,\"name\":\"Startseite\",\"item\":\"https:\\\/\\\/www.starcatering.at\\\/shop\\\/\"},{\"@type\":\"ListItem\",\"position\":2,\"name\":\"Shop\",\"item\":\"https:\\\/\\\/www.starcatering.at\\\/shop\\\/shop\\\/\"},{\"@type\":\"ListItem\",\"position\":3,\"name\":\"Aktionsbox Acryl &#8220;sigel&#8221; (neuwertig)\"}]},{\"@type\":\"WebSite\",\"@id\":\"https:\\\/\\\/www.starcatering.at\\\/shop\\\/#website\",\"url\":\"https:\\\/\\\/www.starcatering.at\\\/shop\\\/\",\"name\":\"Carnuntum Foods\",\"description\":\"Abverkaufsartikel\",\"publisher\":{\"@id\":\"https:\\\/\\\/www.starcatering.at\\\/shop\\\/#organization\"},\"potentialAction\":[{\"@type\":\"SearchAction\",\"target\":{\"@type\":\"EntryPoint\",\"urlTemplate\":\"https:\\\/\\\/www.starcatering.at\\\/shop\\\/?s={search_term_string}\"},\"query-input\":{\"@type\":\"PropertyValueSpecification\",\"valueRequired\":true,\"valueName\":\"search_term_string\"}}],\"inLanguage\":\"de\"},{\"@type\":\"Organization\",\"@id\":\"https:\\\/\\\/www.starcatering.at\\\/shop\\\/#organization\",\"name\":\"Carnuntumfoods\",\"url\":\"https:\\\/\\\/www.starcatering.at\\\/shop\\\/\",\"logo\":{\"@type\":\"ImageObject\",\"inLanguage\":\"de\",\"@id\":\"https:\\\/\\\/www.starcatering.at\\\/shop\\\/#\\\/schema\\\/logo\\\/image\\\/\",\"url\":\"https:\\\/\\\/www.starcatering.at\\\/shop\\\/wp-content\\\/uploads\\\/2021\\\/08\\\/cropped-logo.png\",\"contentUrl\":\"https:\\\/\\\/www.starcatering.at\\\/shop\\\/wp-content\\\/uploads\\\/2021\\\/08\\\/cropped-logo.png\",\"width\":512,\"height\":512,\"caption\":\"Carnuntumfoods\"},\"image\":{\"@id\":\"https:\\\/\\\/www.starcatering.at\\\/shop\\\/#\\\/schema\\\/logo\\\/image\\\/\"}}]}<\/script>\n<!-- \/ Yoast SEO plugin. -->","yoast_head_json":{"title":"Aktionsbox Acryl \"sigel\" (neuwertig) &#187; StarCatering %-Shop","description":"Aktionsbox Acryl \"sigel\" (neuwertig)","robots":{"index":"index","follow":"follow","max-snippet":"max-snippet:-1","max-image-preview":"max-image-preview:large","max-video-preview":"max-video-preview:-1"},"canonical":"https:\/\/www.starcatering.at\/shop\/produkt\/aktionsbox-acryl-sigel-neuwertig\/","og_locale":"de_DE","og_type":"article","og_title":"Aktionsbox Acryl \"sigel\" (neuwertig)","og_description":"Aktionsbox Acryl \"sigel\" (neuwertig)","og_url":"https:\/\/www.starcatering.at\/shop\/produkt\/aktionsbox-acryl-sigel-neuwertig\/","og_site_name":"StarCatering %-Shop","article_modified_time":"2025-08-25T17:56:38+00:00","og_image":[{"width":600,"height":600,"url":"https:\/\/www.starcatering.at\/shop\/wp-content\/uploads\/2025\/08\/Gewinnbox_Plexi.jpg","type":"image\/jpeg"}],"twitter_card":"summary_large_image","twitter_misc":{"Gesch\u00e4tzte Lesezeit":"1\u00a0Minute"},"schema":{"@context":"https:\/\/schema.org","@graph":[{"@type":"WebPage","@id":"https:\/\/www.starcatering.at\/shop\/produkt\/aktionsbox-acryl-sigel-neuwertig\/","url":"https:\/\/www.starcatering.at\/shop\/produkt\/aktionsbox-acryl-sigel-neuwertig\/","name":"Aktionsbox Acryl \"sigel\" (neuwertig) &#187; StarCatering %-Shop","isPartOf":{"@id":"https:\/\/www.starcatering.at\/shop\/#website"},"primaryImageOfPage":{"@id":"https:\/\/www.starcatering.at\/shop\/produkt\/aktionsbox-acryl-sigel-neuwertig\/#primaryimage"},"image":{"@id":"https:\/\/www.starcatering.at\/shop\/produkt\/aktionsbox-acryl-sigel-neuwertig\/#primaryimage"},"thumbnailUrl":"https:\/\/www.starcatering.at\/shop\/wp-content\/uploads\/2025\/08\/Gewinnbox_Plexi.jpg","datePublished":"2025-05-25T17:09:16+00:00","dateModified":"2025-08-25T17:56:38+00:00","description":"Aktionsbox Acryl \"sigel\" (neuwertig)","breadcrumb":{"@id":"https:\/\/www.starcatering.at\/shop\/produkt\/aktionsbox-acryl-sigel-neuwertig\/#breadcrumb"},"inLanguage":"de","potentialAction":[{"@type":"ReadAction","target":["https:\/\/www.starcatering.at\/shop\/produkt\/aktionsbox-acryl-sigel-neuwertig\/"]}]},{"@type":"ImageObject","inLanguage":"de","@id":"https:\/\/www.starcatering.at\/shop\/produkt\/aktionsbox-acryl-sigel-neuwertig\/#primaryimage","url":"https:\/\/www.starcatering.at\/shop\/wp-content\/uploads\/2025\/08\/Gewinnbox_Plexi.jpg","contentUrl":"https:\/\/www.starcatering.at\/shop\/wp-content\/uploads\/2025\/08\/Gewinnbox_Plexi.jpg","width":600,"height":600},{"@type":"BreadcrumbList","@id":"https:\/\/www.starcatering.at\/shop\/produkt\/aktionsbox-acryl-sigel-neuwertig\/#breadcrumb","itemListElement":[{"@type":"ListItem","position":1,"name":"Startseite","item":"https:\/\/www.starcatering.at\/shop\/"},{"@type":"ListItem","position":2,"name":"Shop","item":"https:\/\/www.starcatering.at\/shop\/shop\/"},{"@type":"ListItem","position":3,"name":"Aktionsbox Acryl &#8220;sigel&#8221; (neuwertig)"}]},{"@type":"WebSite","@id":"https:\/\/www.starcatering.at\/shop\/#website","url":"https:\/\/www.starcatering.at\/shop\/","name":"Carnuntum Foods","description":"Abverkaufsartikel","publisher":{"@id":"https:\/\/www.starcatering.at\/shop\/#organization"},"potentialAction":[{"@type":"SearchAction","target":{"@type":"EntryPoint","urlTemplate":"https:\/\/www.starcatering.at\/shop\/?s={search_term_string}"},"query-input":{"@type":"PropertyValueSpecification","valueRequired":true,"valueName":"search_term_string"}}],"inLanguage":"de"},{"@type":"Organization","@id":"https:\/\/www.starcatering.at\/shop\/#organization","name":"Carnuntumfoods","url":"https:\/\/www.starcatering.at\/shop\/","logo":{"@type":"ImageObject","inLanguage":"de","@id":"https:\/\/www.starcatering.at\/shop\/#\/schema\/logo\/image\/","url":"https:\/\/www.starcatering.at\/shop\/wp-content\/uploads\/2021\/08\/cropped-logo.png","contentUrl":"https:\/\/www.starcatering.at\/shop\/wp-content\/uploads\/2021\/08\/cropped-logo.png","width":512,"height":512,"caption":"Carnuntumfoods"},"image":{"@id":"https:\/\/www.starcatering.at\/shop\/#\/schema\/logo\/image\/"}}]}},"_links":{"self":[{"href":"https:\/\/www.starcatering.at\/shop\/wp-json\/wp\/v2\/product\/12453","targetHints":{"allow":["GET"]}}],"collection":[{"href":"https:\/\/www.starcatering.at\/shop\/wp-json\/wp\/v2\/product"}],"about":[{"href":"https:\/\/www.starcatering.at\/shop\/wp-json\/wp\/v2\/types\/product"}],"replies":[{"embeddable":true,"href":"https:\/\/www.starcatering.at\/shop\/wp-json\/wp\/v2\/comments?post=12453"}],"wp:featuredmedia":[{"embeddable":true,"href":"https:\/\/www.starcatering.at\/shop\/wp-json\/wp\/v2\/media\/12454"}],"wp:attachment":[{"href":"https:\/\/www.starcatering.at\/shop\/wp-json\/wp\/v2\/media?parent=12453"}],"wp:term":[{"taxonomy":"product_brand","embeddable":true,"href":"https:\/\/www.starcatering.at\/shop\/wp-json\/wp\/v2\/product_brand?post=12453"},{"taxonomy":"product_cat","embeddable":true,"href":"https:\/\/www.starcatering.at\/shop\/wp-json\/wp\/v2\/product_cat?post=12453"},{"taxonomy":"product_tag","embeddable":true,"href":"https:\/\/www.starcatering.at\/shop\/wp-json\/wp\/v2\/product_tag?post=12453"}],"curies":[{"name":"wp","href":"https:\/\/api.w.org\/{rel}","templated":true}]}}