{"id":12463,"date":"2025-04-07T11:55:20","date_gmt":"2025-04-07T09:55:20","guid":{"rendered":"https:\/\/www.starcatering.at\/shop\/?post_type=product&#038;p=12463"},"modified":"2025-09-29T18:37:11","modified_gmt":"2025-09-29T16:37:11","slug":"co%c2%b2-schluessel-fuer-kohlensaeureflaschen-neuware","status":"publish","type":"product","link":"https:\/\/www.starcatering.at\/shop\/produkt\/co%c2%b2-schluessel-fuer-kohlensaeureflaschen-neuware\/","title":{"rendered":"CO\u00b2 Schl\u00fcssel f\u00fcr Kohlens\u00e4ureflaschen (NEUWARE)"},"content":{"rendered":"","protected":false},"excerpt":{"rendered":"<ul>\n<li>CO\u00b2\u00a0Flaschen\u00a0Schl\u00fcssel<\/li>\n<li>f\u00fcr\u00a0Kohlens\u00e4ureflaschen\u00a030mm)\u00a0und\u00a0Stickstoffflaschen\u00a0(32mm)<\/li>\n<li>ungebraucht<\/li>\n<\/ul>\n","protected":false},"featured_media":12464,"comment_status":"open","ping_status":"closed","template":"","meta":{"_et_pb_use_builder":"","_et_pb_old_content":"","_et_gb_content_width":""},"product_brand":[],"product_cat":[1025],"product_tag":[2854,2855,2850,644,2851,2853,2444,2852],"class_list":{"0":"post-12463","1":"product","2":"type-product","3":"status-publish","4":"has-post-thumbnail","6":"product_cat-bar","7":"product_tag-2854","8":"product_tag-2855","9":"product_tag-co2","10":"product_tag-flasche","11":"product_tag-kohlensaeure","12":"product_tag-schankanlage","13":"product_tag-schluessel","14":"product_tag-stickstoff","16":"first","17":"instock","18":"sale","19":"taxable","20":"shipping-taxable","21":"purchasable","22":"product-type-simple"},"yoast_head":"<!-- This site is optimized with the Yoast SEO plugin v27.5 - https:\/\/yoast.com\/product\/yoast-seo-wordpress\/ -->\n<title>CO\u00b2 Schl\u00fcssel f\u00fcr Kohlens\u00e4ureflaschen (NEUWARE) &#187; StarCatering %-Shop<\/title>\n<meta name=\"description\" content=\"CO\u00b2 Schl\u00fcssel f\u00fcr Kohlens\u00e4ureflaschen (NEUWARE)\" \/>\n<meta name=\"robots\" content=\"index, follow, max-snippet:-1, max-image-preview:large, max-video-preview:-1\" \/>\n<link rel=\"canonical\" href=\"https:\/\/www.starcatering.at\/shop\/produkt\/co\u00b2-schluessel-fuer-kohlensaeureflaschen-neuware\/\" \/>\n<meta property=\"og:locale\" content=\"de_DE\" \/>\n<meta property=\"og:type\" content=\"article\" \/>\n<meta property=\"og:title\" content=\"CO\u00b2 Schl\u00fcssel f\u00fcr Kohlens\u00e4ureflaschen (NEUWARE)\" \/>\n<meta property=\"og:description\" content=\"CO\u00b2 Schl\u00fcssel f\u00fcr Kohlens\u00e4ureflaschen (NEUWARE)\" \/>\n<meta property=\"og:url\" content=\"https:\/\/www.starcatering.at\/shop\/produkt\/co\u00b2-schluessel-fuer-kohlensaeureflaschen-neuware\/\" \/>\n<meta property=\"og:site_name\" content=\"StarCatering %-Shop\" \/>\n<meta property=\"article:modified_time\" content=\"2025-09-29T16:37:11+00:00\" \/>\n<meta property=\"og:image\" content=\"https:\/\/www.starcatering.at\/shop\/wp-content\/uploads\/2025\/09\/CO2-Schluessel.jpg\" \/>\n\t<meta property=\"og:image:width\" content=\"500\" \/>\n\t<meta property=\"og:image:height\" content=\"500\" \/>\n\t<meta property=\"og:image:type\" content=\"image\/jpeg\" \/>\n<meta name=\"twitter:card\" content=\"summary_large_image\" \/>\n<meta name=\"twitter:label1\" content=\"Gesch\u00e4tzte Lesezeit\" \/>\n\t<meta name=\"twitter:data1\" content=\"1\u00a0Minute\" \/>\n<script type=\"application\/ld+json\" class=\"yoast-schema-graph\">{\"@context\":\"https:\\\/\\\/schema.org\",\"@graph\":[{\"@type\":\"WebPage\",\"@id\":\"https:\\\/\\\/www.starcatering.at\\\/shop\\\/produkt\\\/co%c2%b2-schluessel-fuer-kohlensaeureflaschen-neuware\\\/\",\"url\":\"https:\\\/\\\/www.starcatering.at\\\/shop\\\/produkt\\\/co%c2%b2-schluessel-fuer-kohlensaeureflaschen-neuware\\\/\",\"name\":\"CO\u00b2 Schl\u00fcssel f\u00fcr Kohlens\u00e4ureflaschen (NEUWARE) &#187; StarCatering %-Shop\",\"isPartOf\":{\"@id\":\"https:\\\/\\\/www.starcatering.at\\\/shop\\\/#website\"},\"primaryImageOfPage\":{\"@id\":\"https:\\\/\\\/www.starcatering.at\\\/shop\\\/produkt\\\/co%c2%b2-schluessel-fuer-kohlensaeureflaschen-neuware\\\/#primaryimage\"},\"image\":{\"@id\":\"https:\\\/\\\/www.starcatering.at\\\/shop\\\/produkt\\\/co%c2%b2-schluessel-fuer-kohlensaeureflaschen-neuware\\\/#primaryimage\"},\"thumbnailUrl\":\"https:\\\/\\\/www.starcatering.at\\\/shop\\\/wp-content\\\/uploads\\\/2025\\\/09\\\/CO2-Schluessel.jpg\",\"datePublished\":\"2025-04-07T09:55:20+00:00\",\"dateModified\":\"2025-09-29T16:37:11+00:00\",\"description\":\"CO\u00b2 Schl\u00fcssel f\u00fcr Kohlens\u00e4ureflaschen (NEUWARE)\",\"breadcrumb\":{\"@id\":\"https:\\\/\\\/www.starcatering.at\\\/shop\\\/produkt\\\/co%c2%b2-schluessel-fuer-kohlensaeureflaschen-neuware\\\/#breadcrumb\"},\"inLanguage\":\"de\",\"potentialAction\":[{\"@type\":\"ReadAction\",\"target\":[\"https:\\\/\\\/www.starcatering.at\\\/shop\\\/produkt\\\/co%c2%b2-schluessel-fuer-kohlensaeureflaschen-neuware\\\/\"]}]},{\"@type\":\"ImageObject\",\"inLanguage\":\"de\",\"@id\":\"https:\\\/\\\/www.starcatering.at\\\/shop\\\/produkt\\\/co%c2%b2-schluessel-fuer-kohlensaeureflaschen-neuware\\\/#primaryimage\",\"url\":\"https:\\\/\\\/www.starcatering.at\\\/shop\\\/wp-content\\\/uploads\\\/2025\\\/09\\\/CO2-Schluessel.jpg\",\"contentUrl\":\"https:\\\/\\\/www.starcatering.at\\\/shop\\\/wp-content\\\/uploads\\\/2025\\\/09\\\/CO2-Schluessel.jpg\",\"width\":500,\"height\":500},{\"@type\":\"BreadcrumbList\",\"@id\":\"https:\\\/\\\/www.starcatering.at\\\/shop\\\/produkt\\\/co%c2%b2-schluessel-fuer-kohlensaeureflaschen-neuware\\\/#breadcrumb\",\"itemListElement\":[{\"@type\":\"ListItem\",\"position\":1,\"name\":\"Startseite\",\"item\":\"https:\\\/\\\/www.starcatering.at\\\/shop\\\/\"},{\"@type\":\"ListItem\",\"position\":2,\"name\":\"Shop\",\"item\":\"https:\\\/\\\/www.starcatering.at\\\/shop\\\/shop\\\/\"},{\"@type\":\"ListItem\",\"position\":3,\"name\":\"CO\u00b2 Schl\u00fcssel f\u00fcr Kohlens\u00e4ureflaschen (NEUWARE)\"}]},{\"@type\":\"WebSite\",\"@id\":\"https:\\\/\\\/www.starcatering.at\\\/shop\\\/#website\",\"url\":\"https:\\\/\\\/www.starcatering.at\\\/shop\\\/\",\"name\":\"Carnuntum Foods\",\"description\":\"Abverkaufsartikel\",\"publisher\":{\"@id\":\"https:\\\/\\\/www.starcatering.at\\\/shop\\\/#organization\"},\"potentialAction\":[{\"@type\":\"SearchAction\",\"target\":{\"@type\":\"EntryPoint\",\"urlTemplate\":\"https:\\\/\\\/www.starcatering.at\\\/shop\\\/?s={search_term_string}\"},\"query-input\":{\"@type\":\"PropertyValueSpecification\",\"valueRequired\":true,\"valueName\":\"search_term_string\"}}],\"inLanguage\":\"de\"},{\"@type\":\"Organization\",\"@id\":\"https:\\\/\\\/www.starcatering.at\\\/shop\\\/#organization\",\"name\":\"Carnuntumfoods\",\"url\":\"https:\\\/\\\/www.starcatering.at\\\/shop\\\/\",\"logo\":{\"@type\":\"ImageObject\",\"inLanguage\":\"de\",\"@id\":\"https:\\\/\\\/www.starcatering.at\\\/shop\\\/#\\\/schema\\\/logo\\\/image\\\/\",\"url\":\"https:\\\/\\\/www.starcatering.at\\\/shop\\\/wp-content\\\/uploads\\\/2021\\\/08\\\/cropped-logo.png\",\"contentUrl\":\"https:\\\/\\\/www.starcatering.at\\\/shop\\\/wp-content\\\/uploads\\\/2021\\\/08\\\/cropped-logo.png\",\"width\":512,\"height\":512,\"caption\":\"Carnuntumfoods\"},\"image\":{\"@id\":\"https:\\\/\\\/www.starcatering.at\\\/shop\\\/#\\\/schema\\\/logo\\\/image\\\/\"}}]}<\/script>\n<!-- \/ Yoast SEO plugin. -->","yoast_head_json":{"title":"CO\u00b2 Schl\u00fcssel f\u00fcr Kohlens\u00e4ureflaschen (NEUWARE) &#187; StarCatering %-Shop","description":"CO\u00b2 Schl\u00fcssel f\u00fcr Kohlens\u00e4ureflaschen (NEUWARE)","robots":{"index":"index","follow":"follow","max-snippet":"max-snippet:-1","max-image-preview":"max-image-preview:large","max-video-preview":"max-video-preview:-1"},"canonical":"https:\/\/www.starcatering.at\/shop\/produkt\/co\u00b2-schluessel-fuer-kohlensaeureflaschen-neuware\/","og_locale":"de_DE","og_type":"article","og_title":"CO\u00b2 Schl\u00fcssel f\u00fcr Kohlens\u00e4ureflaschen (NEUWARE)","og_description":"CO\u00b2 Schl\u00fcssel f\u00fcr Kohlens\u00e4ureflaschen (NEUWARE)","og_url":"https:\/\/www.starcatering.at\/shop\/produkt\/co\u00b2-schluessel-fuer-kohlensaeureflaschen-neuware\/","og_site_name":"StarCatering %-Shop","article_modified_time":"2025-09-29T16:37:11+00:00","og_image":[{"width":500,"height":500,"url":"https:\/\/www.starcatering.at\/shop\/wp-content\/uploads\/2025\/09\/CO2-Schluessel.jpg","type":"image\/jpeg"}],"twitter_card":"summary_large_image","twitter_misc":{"Gesch\u00e4tzte Lesezeit":"1\u00a0Minute"},"schema":{"@context":"https:\/\/schema.org","@graph":[{"@type":"WebPage","@id":"https:\/\/www.starcatering.at\/shop\/produkt\/co%c2%b2-schluessel-fuer-kohlensaeureflaschen-neuware\/","url":"https:\/\/www.starcatering.at\/shop\/produkt\/co%c2%b2-schluessel-fuer-kohlensaeureflaschen-neuware\/","name":"CO\u00b2 Schl\u00fcssel f\u00fcr Kohlens\u00e4ureflaschen (NEUWARE) &#187; StarCatering %-Shop","isPartOf":{"@id":"https:\/\/www.starcatering.at\/shop\/#website"},"primaryImageOfPage":{"@id":"https:\/\/www.starcatering.at\/shop\/produkt\/co%c2%b2-schluessel-fuer-kohlensaeureflaschen-neuware\/#primaryimage"},"image":{"@id":"https:\/\/www.starcatering.at\/shop\/produkt\/co%c2%b2-schluessel-fuer-kohlensaeureflaschen-neuware\/#primaryimage"},"thumbnailUrl":"https:\/\/www.starcatering.at\/shop\/wp-content\/uploads\/2025\/09\/CO2-Schluessel.jpg","datePublished":"2025-04-07T09:55:20+00:00","dateModified":"2025-09-29T16:37:11+00:00","description":"CO\u00b2 Schl\u00fcssel f\u00fcr Kohlens\u00e4ureflaschen (NEUWARE)","breadcrumb":{"@id":"https:\/\/www.starcatering.at\/shop\/produkt\/co%c2%b2-schluessel-fuer-kohlensaeureflaschen-neuware\/#breadcrumb"},"inLanguage":"de","potentialAction":[{"@type":"ReadAction","target":["https:\/\/www.starcatering.at\/shop\/produkt\/co%c2%b2-schluessel-fuer-kohlensaeureflaschen-neuware\/"]}]},{"@type":"ImageObject","inLanguage":"de","@id":"https:\/\/www.starcatering.at\/shop\/produkt\/co%c2%b2-schluessel-fuer-kohlensaeureflaschen-neuware\/#primaryimage","url":"https:\/\/www.starcatering.at\/shop\/wp-content\/uploads\/2025\/09\/CO2-Schluessel.jpg","contentUrl":"https:\/\/www.starcatering.at\/shop\/wp-content\/uploads\/2025\/09\/CO2-Schluessel.jpg","width":500,"height":500},{"@type":"BreadcrumbList","@id":"https:\/\/www.starcatering.at\/shop\/produkt\/co%c2%b2-schluessel-fuer-kohlensaeureflaschen-neuware\/#breadcrumb","itemListElement":[{"@type":"ListItem","position":1,"name":"Startseite","item":"https:\/\/www.starcatering.at\/shop\/"},{"@type":"ListItem","position":2,"name":"Shop","item":"https:\/\/www.starcatering.at\/shop\/shop\/"},{"@type":"ListItem","position":3,"name":"CO\u00b2 Schl\u00fcssel f\u00fcr Kohlens\u00e4ureflaschen (NEUWARE)"}]},{"@type":"WebSite","@id":"https:\/\/www.starcatering.at\/shop\/#website","url":"https:\/\/www.starcatering.at\/shop\/","name":"Carnuntum Foods","description":"Abverkaufsartikel","publisher":{"@id":"https:\/\/www.starcatering.at\/shop\/#organization"},"potentialAction":[{"@type":"SearchAction","target":{"@type":"EntryPoint","urlTemplate":"https:\/\/www.starcatering.at\/shop\/?s={search_term_string}"},"query-input":{"@type":"PropertyValueSpecification","valueRequired":true,"valueName":"search_term_string"}}],"inLanguage":"de"},{"@type":"Organization","@id":"https:\/\/www.starcatering.at\/shop\/#organization","name":"Carnuntumfoods","url":"https:\/\/www.starcatering.at\/shop\/","logo":{"@type":"ImageObject","inLanguage":"de","@id":"https:\/\/www.starcatering.at\/shop\/#\/schema\/logo\/image\/","url":"https:\/\/www.starcatering.at\/shop\/wp-content\/uploads\/2021\/08\/cropped-logo.png","contentUrl":"https:\/\/www.starcatering.at\/shop\/wp-content\/uploads\/2021\/08\/cropped-logo.png","width":512,"height":512,"caption":"Carnuntumfoods"},"image":{"@id":"https:\/\/www.starcatering.at\/shop\/#\/schema\/logo\/image\/"}}]}},"_links":{"self":[{"href":"https:\/\/www.starcatering.at\/shop\/wp-json\/wp\/v2\/product\/12463","targetHints":{"allow":["GET"]}}],"collection":[{"href":"https:\/\/www.starcatering.at\/shop\/wp-json\/wp\/v2\/product"}],"about":[{"href":"https:\/\/www.starcatering.at\/shop\/wp-json\/wp\/v2\/types\/product"}],"replies":[{"embeddable":true,"href":"https:\/\/www.starcatering.at\/shop\/wp-json\/wp\/v2\/comments?post=12463"}],"wp:featuredmedia":[{"embeddable":true,"href":"https:\/\/www.starcatering.at\/shop\/wp-json\/wp\/v2\/media\/12464"}],"wp:attachment":[{"href":"https:\/\/www.starcatering.at\/shop\/wp-json\/wp\/v2\/media?parent=12463"}],"wp:term":[{"taxonomy":"product_brand","embeddable":true,"href":"https:\/\/www.starcatering.at\/shop\/wp-json\/wp\/v2\/product_brand?post=12463"},{"taxonomy":"product_cat","embeddable":true,"href":"https:\/\/www.starcatering.at\/shop\/wp-json\/wp\/v2\/product_cat?post=12463"},{"taxonomy":"product_tag","embeddable":true,"href":"https:\/\/www.starcatering.at\/shop\/wp-json\/wp\/v2\/product_tag?post=12463"}],"curies":[{"name":"wp","href":"https:\/\/api.w.org\/{rel}","templated":true}]}}