{"id":12523,"date":"2025-06-21T22:51:27","date_gmt":"2025-06-21T20:51:27","guid":{"rendered":"https:\/\/www.starcatering.at\/shop\/?post_type=product&#038;p=12523"},"modified":"2026-04-09T21:47:26","modified_gmt":"2026-04-09T19:47:26","slug":"steckdosenadapter-schuko-auf-2x-euro-weiss-neuware","status":"publish","type":"product","link":"https:\/\/www.starcatering.at\/shop\/produkt\/steckdosenadapter-schuko-auf-2x-euro-weiss-neuware\/","title":{"rendered":"Steckdosenadapter Schuko auf 2x Euro wei\u00df (NEUWARE)"},"content":{"rendered":"<p><strong>Der Adapter dient dazu, zwei Elektroger\u00e4te gleichzeitig \u00fcber eine Steckdose zu betreiben, ohne auf eine Kabelverteilerl\u00f6sung zur\u00fcckgreifen zu m\u00fcssen. Die Bauweise erm\u00f6glicht eine direkte Wandmontage, wodurch kein zus\u00e4tzlicher Platzbedarf durch Kabel entsteht. Typische Einsatzbereiche sind Wohnr\u00e4ume, Schlafzimmer oder Arbeitspl\u00e4tze, an denen mehrere Kleinger\u00e4te wie Radios, Ladeger\u00e4te oder Lampen gleichzeitig betrieben werden sollen.<\/strong><\/p>\n","protected":false},"excerpt":{"rendered":"<ul class=\"a-unordered-list a-vertical a-spacing-mini\">\n<li>Steckdosenadapter wei\u00df<\/li>\n<li>Von einer Schutzkontakt-Steckdose auf 2 Eurosteckdosen<\/li>\n<li>Eingangswechselstromfrequenz: 50 Hz<\/li>\n<li>Gewicht: 42 g<\/li>\n<li>H\u00f6he: 45.8 mm<\/li>\n<li>L\u00e4nge: 64.2 mm<\/li>\n<li>max. Schaltleistung: 1000 W<\/li>\n<\/ul>\n","protected":false},"featured_media":0,"comment_status":"open","ping_status":"closed","template":"","meta":{"_et_pb_use_builder":"","_et_pb_old_content":"","_et_gb_content_width":""},"product_brand":[],"product_cat":[325],"product_tag":[480,1523,477,479,1858,546,264],"class_list":{"0":"post-12523","1":"product","2":"type-product","3":"status-publish","5":"product_cat-kabeln","6":"product_tag-230v","7":"product_tag-euro","8":"product_tag-kabel","9":"product_tag-schuko","10":"product_tag-strom","11":"product_tag-verteiler","12":"product_tag-weiss","14":"first","15":"instock","16":"sale","17":"taxable","18":"shipping-taxable","19":"purchasable","20":"product-type-simple"},"yoast_head":"<!-- This site is optimized with the Yoast SEO plugin v27.5 - https:\/\/yoast.com\/product\/yoast-seo-wordpress\/ -->\n<title>Steckdosenadapter Schuko auf 2x Euro wei\u00df (NEUWARE) &#187; StarCatering %-Shop<\/title>\n<meta name=\"description\" content=\"Steckdosenadapter Schuko auf 2x Euro wei\u00df (NEUWARE)\" \/>\n<meta name=\"robots\" content=\"index, follow, max-snippet:-1, max-image-preview:large, max-video-preview:-1\" \/>\n<link rel=\"canonical\" href=\"https:\/\/www.starcatering.at\/shop\/produkt\/steckdosenadapter-schuko-auf-2x-euro-weiss-neuware\/\" \/>\n<meta property=\"og:locale\" content=\"de_DE\" \/>\n<meta property=\"og:type\" content=\"article\" \/>\n<meta property=\"og:title\" content=\"Steckdosenadapter Schuko auf 2x Euro wei\u00df (NEUWARE)Steckdosenadapter Schuko auf 2x Euro wei\u00df (NEUWARE)\" \/>\n<meta property=\"og:description\" content=\"Steckdosenadapter Schuko auf 2x Euro wei\u00df (NEUWARE)\" \/>\n<meta property=\"og:url\" content=\"https:\/\/www.starcatering.at\/shop\/produkt\/steckdosenadapter-schuko-auf-2x-euro-weiss-neuware\/\" \/>\n<meta property=\"og:site_name\" content=\"StarCatering %-Shop\" \/>\n<meta property=\"article:modified_time\" content=\"2026-04-09T19:47:26+00:00\" \/>\n<meta name=\"twitter:card\" content=\"summary_large_image\" \/>\n<meta name=\"twitter:label1\" content=\"Gesch\u00e4tzte Lesezeit\" \/>\n\t<meta name=\"twitter:data1\" content=\"1\u00a0Minute\" \/>\n<script type=\"application\/ld+json\" class=\"yoast-schema-graph\">{\"@context\":\"https:\\\/\\\/schema.org\",\"@graph\":[{\"@type\":\"WebPage\",\"@id\":\"https:\\\/\\\/www.starcatering.at\\\/shop\\\/produkt\\\/steckdosenadapter-schuko-auf-2x-euro-weiss-neuware\\\/\",\"url\":\"https:\\\/\\\/www.starcatering.at\\\/shop\\\/produkt\\\/steckdosenadapter-schuko-auf-2x-euro-weiss-neuware\\\/\",\"name\":\"Steckdosenadapter Schuko auf 2x Euro wei\u00df (NEUWARE) &#187; StarCatering %-Shop\",\"isPartOf\":{\"@id\":\"https:\\\/\\\/www.starcatering.at\\\/shop\\\/#website\"},\"datePublished\":\"2025-06-21T20:51:27+00:00\",\"dateModified\":\"2026-04-09T19:47:26+00:00\",\"description\":\"Steckdosenadapter Schuko auf 2x Euro wei\u00df (NEUWARE)\",\"breadcrumb\":{\"@id\":\"https:\\\/\\\/www.starcatering.at\\\/shop\\\/produkt\\\/steckdosenadapter-schuko-auf-2x-euro-weiss-neuware\\\/#breadcrumb\"},\"inLanguage\":\"de\",\"potentialAction\":[{\"@type\":\"ReadAction\",\"target\":[\"https:\\\/\\\/www.starcatering.at\\\/shop\\\/produkt\\\/steckdosenadapter-schuko-auf-2x-euro-weiss-neuware\\\/\"]}]},{\"@type\":\"BreadcrumbList\",\"@id\":\"https:\\\/\\\/www.starcatering.at\\\/shop\\\/produkt\\\/steckdosenadapter-schuko-auf-2x-euro-weiss-neuware\\\/#breadcrumb\",\"itemListElement\":[{\"@type\":\"ListItem\",\"position\":1,\"name\":\"Startseite\",\"item\":\"https:\\\/\\\/www.starcatering.at\\\/shop\\\/\"},{\"@type\":\"ListItem\",\"position\":2,\"name\":\"Shop\",\"item\":\"https:\\\/\\\/www.starcatering.at\\\/shop\\\/shop\\\/\"},{\"@type\":\"ListItem\",\"position\":3,\"name\":\"Steckdosenadapter Schuko auf 2x Euro wei\u00df (NEUWARE)\"}]},{\"@type\":\"WebSite\",\"@id\":\"https:\\\/\\\/www.starcatering.at\\\/shop\\\/#website\",\"url\":\"https:\\\/\\\/www.starcatering.at\\\/shop\\\/\",\"name\":\"Carnuntum Foods\",\"description\":\"Abverkaufsartikel\",\"publisher\":{\"@id\":\"https:\\\/\\\/www.starcatering.at\\\/shop\\\/#organization\"},\"potentialAction\":[{\"@type\":\"SearchAction\",\"target\":{\"@type\":\"EntryPoint\",\"urlTemplate\":\"https:\\\/\\\/www.starcatering.at\\\/shop\\\/?s={search_term_string}\"},\"query-input\":{\"@type\":\"PropertyValueSpecification\",\"valueRequired\":true,\"valueName\":\"search_term_string\"}}],\"inLanguage\":\"de\"},{\"@type\":\"Organization\",\"@id\":\"https:\\\/\\\/www.starcatering.at\\\/shop\\\/#organization\",\"name\":\"Carnuntumfoods\",\"url\":\"https:\\\/\\\/www.starcatering.at\\\/shop\\\/\",\"logo\":{\"@type\":\"ImageObject\",\"inLanguage\":\"de\",\"@id\":\"https:\\\/\\\/www.starcatering.at\\\/shop\\\/#\\\/schema\\\/logo\\\/image\\\/\",\"url\":\"https:\\\/\\\/www.starcatering.at\\\/shop\\\/wp-content\\\/uploads\\\/2021\\\/08\\\/cropped-logo.png\",\"contentUrl\":\"https:\\\/\\\/www.starcatering.at\\\/shop\\\/wp-content\\\/uploads\\\/2021\\\/08\\\/cropped-logo.png\",\"width\":512,\"height\":512,\"caption\":\"Carnuntumfoods\"},\"image\":{\"@id\":\"https:\\\/\\\/www.starcatering.at\\\/shop\\\/#\\\/schema\\\/logo\\\/image\\\/\"}}]}<\/script>\n<!-- \/ Yoast SEO plugin. -->","yoast_head_json":{"title":"Steckdosenadapter Schuko auf 2x Euro wei\u00df (NEUWARE) &#187; StarCatering %-Shop","description":"Steckdosenadapter Schuko auf 2x Euro wei\u00df (NEUWARE)","robots":{"index":"index","follow":"follow","max-snippet":"max-snippet:-1","max-image-preview":"max-image-preview:large","max-video-preview":"max-video-preview:-1"},"canonical":"https:\/\/www.starcatering.at\/shop\/produkt\/steckdosenadapter-schuko-auf-2x-euro-weiss-neuware\/","og_locale":"de_DE","og_type":"article","og_title":"Steckdosenadapter Schuko auf 2x Euro wei\u00df (NEUWARE)Steckdosenadapter Schuko auf 2x Euro wei\u00df (NEUWARE)","og_description":"Steckdosenadapter Schuko auf 2x Euro wei\u00df (NEUWARE)","og_url":"https:\/\/www.starcatering.at\/shop\/produkt\/steckdosenadapter-schuko-auf-2x-euro-weiss-neuware\/","og_site_name":"StarCatering %-Shop","article_modified_time":"2026-04-09T19:47:26+00:00","twitter_card":"summary_large_image","twitter_misc":{"Gesch\u00e4tzte Lesezeit":"1\u00a0Minute"},"schema":{"@context":"https:\/\/schema.org","@graph":[{"@type":"WebPage","@id":"https:\/\/www.starcatering.at\/shop\/produkt\/steckdosenadapter-schuko-auf-2x-euro-weiss-neuware\/","url":"https:\/\/www.starcatering.at\/shop\/produkt\/steckdosenadapter-schuko-auf-2x-euro-weiss-neuware\/","name":"Steckdosenadapter Schuko auf 2x Euro wei\u00df (NEUWARE) &#187; StarCatering %-Shop","isPartOf":{"@id":"https:\/\/www.starcatering.at\/shop\/#website"},"datePublished":"2025-06-21T20:51:27+00:00","dateModified":"2026-04-09T19:47:26+00:00","description":"Steckdosenadapter Schuko auf 2x Euro wei\u00df (NEUWARE)","breadcrumb":{"@id":"https:\/\/www.starcatering.at\/shop\/produkt\/steckdosenadapter-schuko-auf-2x-euro-weiss-neuware\/#breadcrumb"},"inLanguage":"de","potentialAction":[{"@type":"ReadAction","target":["https:\/\/www.starcatering.at\/shop\/produkt\/steckdosenadapter-schuko-auf-2x-euro-weiss-neuware\/"]}]},{"@type":"BreadcrumbList","@id":"https:\/\/www.starcatering.at\/shop\/produkt\/steckdosenadapter-schuko-auf-2x-euro-weiss-neuware\/#breadcrumb","itemListElement":[{"@type":"ListItem","position":1,"name":"Startseite","item":"https:\/\/www.starcatering.at\/shop\/"},{"@type":"ListItem","position":2,"name":"Shop","item":"https:\/\/www.starcatering.at\/shop\/shop\/"},{"@type":"ListItem","position":3,"name":"Steckdosenadapter Schuko auf 2x Euro wei\u00df (NEUWARE)"}]},{"@type":"WebSite","@id":"https:\/\/www.starcatering.at\/shop\/#website","url":"https:\/\/www.starcatering.at\/shop\/","name":"Carnuntum Foods","description":"Abverkaufsartikel","publisher":{"@id":"https:\/\/www.starcatering.at\/shop\/#organization"},"potentialAction":[{"@type":"SearchAction","target":{"@type":"EntryPoint","urlTemplate":"https:\/\/www.starcatering.at\/shop\/?s={search_term_string}"},"query-input":{"@type":"PropertyValueSpecification","valueRequired":true,"valueName":"search_term_string"}}],"inLanguage":"de"},{"@type":"Organization","@id":"https:\/\/www.starcatering.at\/shop\/#organization","name":"Carnuntumfoods","url":"https:\/\/www.starcatering.at\/shop\/","logo":{"@type":"ImageObject","inLanguage":"de","@id":"https:\/\/www.starcatering.at\/shop\/#\/schema\/logo\/image\/","url":"https:\/\/www.starcatering.at\/shop\/wp-content\/uploads\/2021\/08\/cropped-logo.png","contentUrl":"https:\/\/www.starcatering.at\/shop\/wp-content\/uploads\/2021\/08\/cropped-logo.png","width":512,"height":512,"caption":"Carnuntumfoods"},"image":{"@id":"https:\/\/www.starcatering.at\/shop\/#\/schema\/logo\/image\/"}}]}},"_links":{"self":[{"href":"https:\/\/www.starcatering.at\/shop\/wp-json\/wp\/v2\/product\/12523","targetHints":{"allow":["GET"]}}],"collection":[{"href":"https:\/\/www.starcatering.at\/shop\/wp-json\/wp\/v2\/product"}],"about":[{"href":"https:\/\/www.starcatering.at\/shop\/wp-json\/wp\/v2\/types\/product"}],"replies":[{"embeddable":true,"href":"https:\/\/www.starcatering.at\/shop\/wp-json\/wp\/v2\/comments?post=12523"}],"wp:attachment":[{"href":"https:\/\/www.starcatering.at\/shop\/wp-json\/wp\/v2\/media?parent=12523"}],"wp:term":[{"taxonomy":"product_brand","embeddable":true,"href":"https:\/\/www.starcatering.at\/shop\/wp-json\/wp\/v2\/product_brand?post=12523"},{"taxonomy":"product_cat","embeddable":true,"href":"https:\/\/www.starcatering.at\/shop\/wp-json\/wp\/v2\/product_cat?post=12523"},{"taxonomy":"product_tag","embeddable":true,"href":"https:\/\/www.starcatering.at\/shop\/wp-json\/wp\/v2\/product_tag?post=12523"}],"curies":[{"name":"wp","href":"https:\/\/api.w.org\/{rel}","templated":true}]}}