{"id":7364,"date":"2022-12-21T21:17:39","date_gmt":"2022-12-21T20:17:39","guid":{"rendered":"https:\/\/www.starcatering.at\/shop\/?post_type=product&#038;p=7364"},"modified":"2025-04-26T21:48:31","modified_gmt":"2025-04-26T19:48:31","slug":"xuxu-erdbeer-vodka","status":"publish","type":"product","link":"https:\/\/www.starcatering.at\/shop\/produkt\/xuxu-erdbeer-vodka\/","title":{"rendered":"XuXu Erdbeer-Vodka 70cl Flasche"},"content":{"rendered":"<p>Der Xuxu Erdbeerlik\u00f6r ist ein deutscher Fruchtlik\u00f6r, der aus reifen Erdbeeren und kristallklarem Wodka entsteht. Die Flasche enth\u00e4lt ganze 66 % Fruchtanteil, w\u00e4hrend voll und ganz auf Konservierungsstoffe verzichtet wird. Es wird empfohlen, den Xuxu Erdbeerlik\u00f6r gut gek\u00fchlt, pur auf Crushed Ice zu genie\u00dfen. Genauso eignet sich der Fruchtlik\u00f6r super als Topping f\u00fcr Desserts und Cocktails.<\/p>\n","protected":false},"excerpt":{"rendered":"<ul>\n<li>XuXu Erdbeervodka<\/li>\n<li>0,7 l Flasche<\/li>\n<li>ideal zum Mixen von Cocktails und als Shot<\/li>\n<\/ul>\n","protected":false},"featured_media":7365,"comment_status":"open","ping_status":"closed","template":"","meta":{"_et_pb_use_builder":"","_et_pb_old_content":"","_et_gb_content_width":""},"product_brand":[],"product_cat":[171],"product_tag":[177,123,176,173,211],"class_list":{"0":"post-7364","1":"product","2":"type-product","3":"status-publish","4":"has-post-thumbnail","6":"product_cat-spirituosen","7":"product_tag-cocktail","8":"product_tag-erdbeer","9":"product_tag-spirituose","10":"product_tag-vodka","11":"product_tag-xuxu","13":"first","14":"instock","15":"sale","16":"taxable","17":"shipping-taxable","18":"purchasable","19":"product-type-simple"},"yoast_head":"<!-- This site is optimized with the Yoast SEO plugin v27.5 - https:\/\/yoast.com\/product\/yoast-seo-wordpress\/ -->\n<title>XuXu Erdbeer-Vodka 70cl Flasche<\/title>\n<meta name=\"description\" content=\"XuXu Erdbeer-Vodka 70cl Flasche; fruchtige Spirituose, ideal zum Mixen von Cocktails und als Shot\" \/>\n<meta name=\"robots\" content=\"index, follow, max-snippet:-1, max-image-preview:large, max-video-preview:-1\" \/>\n<link rel=\"canonical\" href=\"https:\/\/www.starcatering.at\/shop\/produkt\/xuxu-erdbeer-vodka\/\" \/>\n<meta property=\"og:locale\" content=\"de_DE\" \/>\n<meta property=\"og:type\" content=\"article\" \/>\n<meta property=\"og:title\" content=\"XuXu Erdbeer-Vodka 0,7l Flasche\" \/>\n<meta property=\"og:description\" content=\"XuXu Erdbeer-Vodka 0,7l Flasche\" \/>\n<meta property=\"og:url\" content=\"https:\/\/www.starcatering.at\/shop\/produkt\/xuxu-erdbeer-vodka\/\" \/>\n<meta property=\"og:site_name\" content=\"StarCatering %-Shop\" \/>\n<meta property=\"article:modified_time\" content=\"2025-04-26T19:48:31+00:00\" \/>\n<meta property=\"og:image\" content=\"https:\/\/www.starcatering.at\/shop\/wp-content\/uploads\/2022\/12\/XUXU.jpg\" \/>\n\t<meta property=\"og:image:width\" content=\"500\" \/>\n\t<meta property=\"og:image:height\" content=\"500\" \/>\n\t<meta property=\"og:image:type\" content=\"image\/jpeg\" \/>\n<meta name=\"twitter:card\" content=\"summary_large_image\" \/>\n<meta name=\"twitter:title\" content=\"XuXu Erdbeer-Vodka 0,7l Flasche\" \/>\n<meta name=\"twitter:description\" content=\"XuXu Erdbeer-Vodka 0,7l Flasche\" \/>\n<meta name=\"twitter:image\" content=\"https:\/\/www.starcatering.at\/shop\/wp-content\/uploads\/2022\/12\/XUXU.jpg\" \/>\n<meta name=\"twitter:label1\" content=\"Gesch\u00e4tzte Lesezeit\" \/>\n\t<meta name=\"twitter:data1\" content=\"1\u00a0Minute\" \/>\n<script type=\"application\/ld+json\" class=\"yoast-schema-graph\">{\"@context\":\"https:\\\/\\\/schema.org\",\"@graph\":[{\"@type\":\"WebPage\",\"@id\":\"https:\\\/\\\/www.starcatering.at\\\/shop\\\/produkt\\\/xuxu-erdbeer-vodka\\\/\",\"url\":\"https:\\\/\\\/www.starcatering.at\\\/shop\\\/produkt\\\/xuxu-erdbeer-vodka\\\/\",\"name\":\"XuXu Erdbeer-Vodka 70cl Flasche\",\"isPartOf\":{\"@id\":\"https:\\\/\\\/www.starcatering.at\\\/shop\\\/#website\"},\"primaryImageOfPage\":{\"@id\":\"https:\\\/\\\/www.starcatering.at\\\/shop\\\/produkt\\\/xuxu-erdbeer-vodka\\\/#primaryimage\"},\"image\":{\"@id\":\"https:\\\/\\\/www.starcatering.at\\\/shop\\\/produkt\\\/xuxu-erdbeer-vodka\\\/#primaryimage\"},\"thumbnailUrl\":\"https:\\\/\\\/www.starcatering.at\\\/shop\\\/wp-content\\\/uploads\\\/2022\\\/12\\\/XUXU.jpg\",\"datePublished\":\"2022-12-21T20:17:39+00:00\",\"dateModified\":\"2025-04-26T19:48:31+00:00\",\"description\":\"XuXu Erdbeer-Vodka 70cl Flasche; fruchtige Spirituose, ideal zum Mixen von Cocktails und als Shot\",\"breadcrumb\":{\"@id\":\"https:\\\/\\\/www.starcatering.at\\\/shop\\\/produkt\\\/xuxu-erdbeer-vodka\\\/#breadcrumb\"},\"inLanguage\":\"de\",\"potentialAction\":[{\"@type\":\"ReadAction\",\"target\":[\"https:\\\/\\\/www.starcatering.at\\\/shop\\\/produkt\\\/xuxu-erdbeer-vodka\\\/\"]}]},{\"@type\":\"ImageObject\",\"inLanguage\":\"de\",\"@id\":\"https:\\\/\\\/www.starcatering.at\\\/shop\\\/produkt\\\/xuxu-erdbeer-vodka\\\/#primaryimage\",\"url\":\"https:\\\/\\\/www.starcatering.at\\\/shop\\\/wp-content\\\/uploads\\\/2022\\\/12\\\/XUXU.jpg\",\"contentUrl\":\"https:\\\/\\\/www.starcatering.at\\\/shop\\\/wp-content\\\/uploads\\\/2022\\\/12\\\/XUXU.jpg\",\"width\":500,\"height\":500},{\"@type\":\"BreadcrumbList\",\"@id\":\"https:\\\/\\\/www.starcatering.at\\\/shop\\\/produkt\\\/xuxu-erdbeer-vodka\\\/#breadcrumb\",\"itemListElement\":[{\"@type\":\"ListItem\",\"position\":1,\"name\":\"Startseite\",\"item\":\"https:\\\/\\\/www.starcatering.at\\\/shop\\\/\"},{\"@type\":\"ListItem\",\"position\":2,\"name\":\"Shop\",\"item\":\"https:\\\/\\\/www.starcatering.at\\\/shop\\\/shop\\\/\"},{\"@type\":\"ListItem\",\"position\":3,\"name\":\"XuXu Erdbeer-Vodka 70cl Flasche\"}]},{\"@type\":\"WebSite\",\"@id\":\"https:\\\/\\\/www.starcatering.at\\\/shop\\\/#website\",\"url\":\"https:\\\/\\\/www.starcatering.at\\\/shop\\\/\",\"name\":\"Carnuntum Foods\",\"description\":\"Abverkaufsartikel\",\"publisher\":{\"@id\":\"https:\\\/\\\/www.starcatering.at\\\/shop\\\/#organization\"},\"potentialAction\":[{\"@type\":\"SearchAction\",\"target\":{\"@type\":\"EntryPoint\",\"urlTemplate\":\"https:\\\/\\\/www.starcatering.at\\\/shop\\\/?s={search_term_string}\"},\"query-input\":{\"@type\":\"PropertyValueSpecification\",\"valueRequired\":true,\"valueName\":\"search_term_string\"}}],\"inLanguage\":\"de\"},{\"@type\":\"Organization\",\"@id\":\"https:\\\/\\\/www.starcatering.at\\\/shop\\\/#organization\",\"name\":\"Carnuntumfoods\",\"url\":\"https:\\\/\\\/www.starcatering.at\\\/shop\\\/\",\"logo\":{\"@type\":\"ImageObject\",\"inLanguage\":\"de\",\"@id\":\"https:\\\/\\\/www.starcatering.at\\\/shop\\\/#\\\/schema\\\/logo\\\/image\\\/\",\"url\":\"https:\\\/\\\/www.starcatering.at\\\/shop\\\/wp-content\\\/uploads\\\/2021\\\/08\\\/cropped-logo.png\",\"contentUrl\":\"https:\\\/\\\/www.starcatering.at\\\/shop\\\/wp-content\\\/uploads\\\/2021\\\/08\\\/cropped-logo.png\",\"width\":512,\"height\":512,\"caption\":\"Carnuntumfoods\"},\"image\":{\"@id\":\"https:\\\/\\\/www.starcatering.at\\\/shop\\\/#\\\/schema\\\/logo\\\/image\\\/\"}}]}<\/script>\n<!-- \/ Yoast SEO plugin. -->","yoast_head_json":{"title":"XuXu Erdbeer-Vodka 70cl Flasche","description":"XuXu Erdbeer-Vodka 70cl Flasche; fruchtige Spirituose, ideal zum Mixen von Cocktails und als Shot","robots":{"index":"index","follow":"follow","max-snippet":"max-snippet:-1","max-image-preview":"max-image-preview:large","max-video-preview":"max-video-preview:-1"},"canonical":"https:\/\/www.starcatering.at\/shop\/produkt\/xuxu-erdbeer-vodka\/","og_locale":"de_DE","og_type":"article","og_title":"XuXu Erdbeer-Vodka 0,7l Flasche","og_description":"XuXu Erdbeer-Vodka 0,7l Flasche","og_url":"https:\/\/www.starcatering.at\/shop\/produkt\/xuxu-erdbeer-vodka\/","og_site_name":"StarCatering %-Shop","article_modified_time":"2025-04-26T19:48:31+00:00","og_image":[{"width":500,"height":500,"url":"https:\/\/www.starcatering.at\/shop\/wp-content\/uploads\/2022\/12\/XUXU.jpg","type":"image\/jpeg"}],"twitter_card":"summary_large_image","twitter_title":"XuXu Erdbeer-Vodka 0,7l Flasche","twitter_description":"XuXu Erdbeer-Vodka 0,7l Flasche","twitter_image":"https:\/\/www.starcatering.at\/shop\/wp-content\/uploads\/2022\/12\/XUXU.jpg","twitter_misc":{"Gesch\u00e4tzte Lesezeit":"1\u00a0Minute"},"schema":{"@context":"https:\/\/schema.org","@graph":[{"@type":"WebPage","@id":"https:\/\/www.starcatering.at\/shop\/produkt\/xuxu-erdbeer-vodka\/","url":"https:\/\/www.starcatering.at\/shop\/produkt\/xuxu-erdbeer-vodka\/","name":"XuXu Erdbeer-Vodka 70cl Flasche","isPartOf":{"@id":"https:\/\/www.starcatering.at\/shop\/#website"},"primaryImageOfPage":{"@id":"https:\/\/www.starcatering.at\/shop\/produkt\/xuxu-erdbeer-vodka\/#primaryimage"},"image":{"@id":"https:\/\/www.starcatering.at\/shop\/produkt\/xuxu-erdbeer-vodka\/#primaryimage"},"thumbnailUrl":"https:\/\/www.starcatering.at\/shop\/wp-content\/uploads\/2022\/12\/XUXU.jpg","datePublished":"2022-12-21T20:17:39+00:00","dateModified":"2025-04-26T19:48:31+00:00","description":"XuXu Erdbeer-Vodka 70cl Flasche; fruchtige Spirituose, ideal zum Mixen von Cocktails und als Shot","breadcrumb":{"@id":"https:\/\/www.starcatering.at\/shop\/produkt\/xuxu-erdbeer-vodka\/#breadcrumb"},"inLanguage":"de","potentialAction":[{"@type":"ReadAction","target":["https:\/\/www.starcatering.at\/shop\/produkt\/xuxu-erdbeer-vodka\/"]}]},{"@type":"ImageObject","inLanguage":"de","@id":"https:\/\/www.starcatering.at\/shop\/produkt\/xuxu-erdbeer-vodka\/#primaryimage","url":"https:\/\/www.starcatering.at\/shop\/wp-content\/uploads\/2022\/12\/XUXU.jpg","contentUrl":"https:\/\/www.starcatering.at\/shop\/wp-content\/uploads\/2022\/12\/XUXU.jpg","width":500,"height":500},{"@type":"BreadcrumbList","@id":"https:\/\/www.starcatering.at\/shop\/produkt\/xuxu-erdbeer-vodka\/#breadcrumb","itemListElement":[{"@type":"ListItem","position":1,"name":"Startseite","item":"https:\/\/www.starcatering.at\/shop\/"},{"@type":"ListItem","position":2,"name":"Shop","item":"https:\/\/www.starcatering.at\/shop\/shop\/"},{"@type":"ListItem","position":3,"name":"XuXu Erdbeer-Vodka 70cl Flasche"}]},{"@type":"WebSite","@id":"https:\/\/www.starcatering.at\/shop\/#website","url":"https:\/\/www.starcatering.at\/shop\/","name":"Carnuntum Foods","description":"Abverkaufsartikel","publisher":{"@id":"https:\/\/www.starcatering.at\/shop\/#organization"},"potentialAction":[{"@type":"SearchAction","target":{"@type":"EntryPoint","urlTemplate":"https:\/\/www.starcatering.at\/shop\/?s={search_term_string}"},"query-input":{"@type":"PropertyValueSpecification","valueRequired":true,"valueName":"search_term_string"}}],"inLanguage":"de"},{"@type":"Organization","@id":"https:\/\/www.starcatering.at\/shop\/#organization","name":"Carnuntumfoods","url":"https:\/\/www.starcatering.at\/shop\/","logo":{"@type":"ImageObject","inLanguage":"de","@id":"https:\/\/www.starcatering.at\/shop\/#\/schema\/logo\/image\/","url":"https:\/\/www.starcatering.at\/shop\/wp-content\/uploads\/2021\/08\/cropped-logo.png","contentUrl":"https:\/\/www.starcatering.at\/shop\/wp-content\/uploads\/2021\/08\/cropped-logo.png","width":512,"height":512,"caption":"Carnuntumfoods"},"image":{"@id":"https:\/\/www.starcatering.at\/shop\/#\/schema\/logo\/image\/"}}]}},"_links":{"self":[{"href":"https:\/\/www.starcatering.at\/shop\/wp-json\/wp\/v2\/product\/7364","targetHints":{"allow":["GET"]}}],"collection":[{"href":"https:\/\/www.starcatering.at\/shop\/wp-json\/wp\/v2\/product"}],"about":[{"href":"https:\/\/www.starcatering.at\/shop\/wp-json\/wp\/v2\/types\/product"}],"replies":[{"embeddable":true,"href":"https:\/\/www.starcatering.at\/shop\/wp-json\/wp\/v2\/comments?post=7364"}],"wp:featuredmedia":[{"embeddable":true,"href":"https:\/\/www.starcatering.at\/shop\/wp-json\/wp\/v2\/media\/7365"}],"wp:attachment":[{"href":"https:\/\/www.starcatering.at\/shop\/wp-json\/wp\/v2\/media?parent=7364"}],"wp:term":[{"taxonomy":"product_brand","embeddable":true,"href":"https:\/\/www.starcatering.at\/shop\/wp-json\/wp\/v2\/product_brand?post=7364"},{"taxonomy":"product_cat","embeddable":true,"href":"https:\/\/www.starcatering.at\/shop\/wp-json\/wp\/v2\/product_cat?post=7364"},{"taxonomy":"product_tag","embeddable":true,"href":"https:\/\/www.starcatering.at\/shop\/wp-json\/wp\/v2\/product_tag?post=7364"}],"curies":[{"name":"wp","href":"https:\/\/api.w.org\/{rel}","templated":true}]}}