{"id":7412,"date":"2022-12-22T22:07:07","date_gmt":"2022-12-22T21:07:07","guid":{"rendered":"https:\/\/www.starcatering.at\/shop\/?post_type=product&#038;p=7412"},"modified":"2025-04-26T21:43:03","modified_gmt":"2025-04-26T19:43:03","slug":"aeijst-styrian-pale-gin-40ml","status":"publish","type":"product","link":"https:\/\/www.starcatering.at\/shop\/produkt\/aeijst-styrian-pale-gin-40ml\/","title":{"rendered":"Aejst Styrian Pale Gin 40ml Miniatur"},"content":{"rendered":"<p>Der Styrian Pale Gin von Aeijst ist ein beachtenswerter Gin aus der Steiermark. Seine facettenreichen Geschmacksnoten sind nicht ganz einfach, was ihn umso spannender macht. Das klare und puristische Design der Flasche spielgelt sich auch im Inhalt wieder. Vier Wochen Ruhezeit im Edelstahltank lassen den Aeijst sanft werden und verleihen ihm den letzten Schliff. Die biologischen Zutaten f\u00fcr den Gin werden noch in 100% Handarbeit von Wolfgang Thomann und seiner Familie verarbeitet.<\/p>\n<p>Botanicals: Wacholder, Lavendel, Ingwer, Koriander, Orangenschale, Zitronenschale, Kardamom, Beifu\u00df, Zitronengras<\/p>\n<p><strong>Tasting Notes<\/strong><\/p>\n<ul>\n<li><strong>Nase:<\/strong>\u00a0frisch und w\u00fcrzig, Noten von Zitrusfr\u00fcchten und Gew\u00fcrzen<\/li>\n<li><strong>Gaumen:<\/strong>\u00a0vielschichtig, leichte S\u00fc\u00dfe von Lavendelbl\u00fcten, angenehme Sch\u00e4rfe von Ingwer, bittere Noten von Beifu\u00df, Aromen der Zitrusfr\u00fcchte, Wacholder und Koriander<\/li>\n<li><strong>Finish:<\/strong>\u00a0langanhaltend<\/li>\n<\/ul>\n","protected":false},"excerpt":{"rendered":"<ul>\n<li>AEIJST Styrian Pale Gin Bio<\/li>\n<li>Miniaturflasche 40ml<\/li>\n<\/ul>\n","protected":false},"featured_media":9469,"comment_status":"open","ping_status":"closed","template":"","meta":{"_et_pb_use_builder":"","_et_pb_old_content":"","_et_gb_content_width":""},"product_brand":[],"product_cat":[171],"product_tag":[952,60,208,340,176],"class_list":{"0":"post-7412","1":"product","2":"type-product","3":"status-publish","4":"has-post-thumbnail","6":"product_cat-spirituosen","7":"product_tag-aejst","8":"product_tag-bio","9":"product_tag-gin","10":"product_tag-mini","11":"product_tag-spirituose","13":"first","14":"instock","15":"sale","16":"taxable","17":"shipping-taxable","18":"purchasable","19":"product-type-simple"},"yoast_head":"<!-- This site is optimized with the Yoast SEO plugin v27.5 - https:\/\/yoast.com\/product\/yoast-seo-wordpress\/ -->\n<title>Aejst Styrian Pale Gin 40ml Miniatur &#187; StarCatering %-Shop<\/title>\n<meta name=\"description\" content=\"AEIJST Styrian Pale Gin 40ml Miniatur\" \/>\n<meta name=\"robots\" content=\"index, follow, max-snippet:-1, max-image-preview:large, max-video-preview:-1\" \/>\n<link rel=\"canonical\" href=\"https:\/\/www.starcatering.at\/shop\/produkt\/aeijst-styrian-pale-gin-40ml\/\" \/>\n<meta property=\"og:locale\" content=\"de_DE\" \/>\n<meta property=\"og:type\" content=\"article\" \/>\n<meta property=\"og:title\" content=\"Aejst Styrian Pale Gin 40ml Miniatur\" \/>\n<meta property=\"og:description\" content=\"Aejst Styrian Pale Gin 40ml Miniatur\" \/>\n<meta property=\"og:url\" content=\"https:\/\/www.starcatering.at\/shop\/produkt\/aeijst-styrian-pale-gin-40ml\/\" \/>\n<meta property=\"og:site_name\" content=\"StarCatering %-Shop\" \/>\n<meta property=\"article:modified_time\" content=\"2025-04-26T19:43:03+00:00\" \/>\n<meta property=\"og:image\" content=\"https:\/\/www.starcatering.at\/shop\/wp-content\/uploads\/2022\/12\/Aejst-Mini.jpg\" \/>\n\t<meta property=\"og:image:width\" content=\"500\" \/>\n\t<meta property=\"og:image:height\" content=\"500\" \/>\n\t<meta property=\"og:image:type\" content=\"image\/jpeg\" \/>\n<meta name=\"twitter:card\" content=\"summary_large_image\" \/>\n<meta name=\"twitter:label1\" content=\"Gesch\u00e4tzte Lesezeit\" \/>\n\t<meta name=\"twitter:data1\" content=\"1\u00a0Minute\" \/>\n<script type=\"application\/ld+json\" class=\"yoast-schema-graph\">{\"@context\":\"https:\\\/\\\/schema.org\",\"@graph\":[{\"@type\":\"WebPage\",\"@id\":\"https:\\\/\\\/www.starcatering.at\\\/shop\\\/produkt\\\/aeijst-styrian-pale-gin-40ml\\\/\",\"url\":\"https:\\\/\\\/www.starcatering.at\\\/shop\\\/produkt\\\/aeijst-styrian-pale-gin-40ml\\\/\",\"name\":\"Aejst Styrian Pale Gin 40ml Miniatur &#187; StarCatering %-Shop\",\"isPartOf\":{\"@id\":\"https:\\\/\\\/www.starcatering.at\\\/shop\\\/#website\"},\"primaryImageOfPage\":{\"@id\":\"https:\\\/\\\/www.starcatering.at\\\/shop\\\/produkt\\\/aeijst-styrian-pale-gin-40ml\\\/#primaryimage\"},\"image\":{\"@id\":\"https:\\\/\\\/www.starcatering.at\\\/shop\\\/produkt\\\/aeijst-styrian-pale-gin-40ml\\\/#primaryimage\"},\"thumbnailUrl\":\"https:\\\/\\\/www.starcatering.at\\\/shop\\\/wp-content\\\/uploads\\\/2022\\\/12\\\/Aejst-Mini.jpg\",\"datePublished\":\"2022-12-22T21:07:07+00:00\",\"dateModified\":\"2025-04-26T19:43:03+00:00\",\"description\":\"AEIJST Styrian Pale Gin 40ml Miniatur\",\"breadcrumb\":{\"@id\":\"https:\\\/\\\/www.starcatering.at\\\/shop\\\/produkt\\\/aeijst-styrian-pale-gin-40ml\\\/#breadcrumb\"},\"inLanguage\":\"de\",\"potentialAction\":[{\"@type\":\"ReadAction\",\"target\":[\"https:\\\/\\\/www.starcatering.at\\\/shop\\\/produkt\\\/aeijst-styrian-pale-gin-40ml\\\/\"]}]},{\"@type\":\"ImageObject\",\"inLanguage\":\"de\",\"@id\":\"https:\\\/\\\/www.starcatering.at\\\/shop\\\/produkt\\\/aeijst-styrian-pale-gin-40ml\\\/#primaryimage\",\"url\":\"https:\\\/\\\/www.starcatering.at\\\/shop\\\/wp-content\\\/uploads\\\/2022\\\/12\\\/Aejst-Mini.jpg\",\"contentUrl\":\"https:\\\/\\\/www.starcatering.at\\\/shop\\\/wp-content\\\/uploads\\\/2022\\\/12\\\/Aejst-Mini.jpg\",\"width\":500,\"height\":500},{\"@type\":\"BreadcrumbList\",\"@id\":\"https:\\\/\\\/www.starcatering.at\\\/shop\\\/produkt\\\/aeijst-styrian-pale-gin-40ml\\\/#breadcrumb\",\"itemListElement\":[{\"@type\":\"ListItem\",\"position\":1,\"name\":\"Startseite\",\"item\":\"https:\\\/\\\/www.starcatering.at\\\/shop\\\/\"},{\"@type\":\"ListItem\",\"position\":2,\"name\":\"Shop\",\"item\":\"https:\\\/\\\/www.starcatering.at\\\/shop\\\/shop\\\/\"},{\"@type\":\"ListItem\",\"position\":3,\"name\":\"Aejst Styrian Pale Gin 40ml Miniatur\"}]},{\"@type\":\"WebSite\",\"@id\":\"https:\\\/\\\/www.starcatering.at\\\/shop\\\/#website\",\"url\":\"https:\\\/\\\/www.starcatering.at\\\/shop\\\/\",\"name\":\"Carnuntum Foods\",\"description\":\"Abverkaufsartikel\",\"publisher\":{\"@id\":\"https:\\\/\\\/www.starcatering.at\\\/shop\\\/#organization\"},\"potentialAction\":[{\"@type\":\"SearchAction\",\"target\":{\"@type\":\"EntryPoint\",\"urlTemplate\":\"https:\\\/\\\/www.starcatering.at\\\/shop\\\/?s={search_term_string}\"},\"query-input\":{\"@type\":\"PropertyValueSpecification\",\"valueRequired\":true,\"valueName\":\"search_term_string\"}}],\"inLanguage\":\"de\"},{\"@type\":\"Organization\",\"@id\":\"https:\\\/\\\/www.starcatering.at\\\/shop\\\/#organization\",\"name\":\"Carnuntumfoods\",\"url\":\"https:\\\/\\\/www.starcatering.at\\\/shop\\\/\",\"logo\":{\"@type\":\"ImageObject\",\"inLanguage\":\"de\",\"@id\":\"https:\\\/\\\/www.starcatering.at\\\/shop\\\/#\\\/schema\\\/logo\\\/image\\\/\",\"url\":\"https:\\\/\\\/www.starcatering.at\\\/shop\\\/wp-content\\\/uploads\\\/2021\\\/08\\\/cropped-logo.png\",\"contentUrl\":\"https:\\\/\\\/www.starcatering.at\\\/shop\\\/wp-content\\\/uploads\\\/2021\\\/08\\\/cropped-logo.png\",\"width\":512,\"height\":512,\"caption\":\"Carnuntumfoods\"},\"image\":{\"@id\":\"https:\\\/\\\/www.starcatering.at\\\/shop\\\/#\\\/schema\\\/logo\\\/image\\\/\"}}]}<\/script>\n<!-- \/ Yoast SEO plugin. -->","yoast_head_json":{"title":"Aejst Styrian Pale Gin 40ml Miniatur &#187; StarCatering %-Shop","description":"AEIJST Styrian Pale Gin 40ml Miniatur","robots":{"index":"index","follow":"follow","max-snippet":"max-snippet:-1","max-image-preview":"max-image-preview:large","max-video-preview":"max-video-preview:-1"},"canonical":"https:\/\/www.starcatering.at\/shop\/produkt\/aeijst-styrian-pale-gin-40ml\/","og_locale":"de_DE","og_type":"article","og_title":"Aejst Styrian Pale Gin 40ml Miniatur","og_description":"Aejst Styrian Pale Gin 40ml Miniatur","og_url":"https:\/\/www.starcatering.at\/shop\/produkt\/aeijst-styrian-pale-gin-40ml\/","og_site_name":"StarCatering %-Shop","article_modified_time":"2025-04-26T19:43:03+00:00","og_image":[{"width":500,"height":500,"url":"https:\/\/www.starcatering.at\/shop\/wp-content\/uploads\/2022\/12\/Aejst-Mini.jpg","type":"image\/jpeg"}],"twitter_card":"summary_large_image","twitter_misc":{"Gesch\u00e4tzte Lesezeit":"1\u00a0Minute"},"schema":{"@context":"https:\/\/schema.org","@graph":[{"@type":"WebPage","@id":"https:\/\/www.starcatering.at\/shop\/produkt\/aeijst-styrian-pale-gin-40ml\/","url":"https:\/\/www.starcatering.at\/shop\/produkt\/aeijst-styrian-pale-gin-40ml\/","name":"Aejst Styrian Pale Gin 40ml Miniatur &#187; StarCatering %-Shop","isPartOf":{"@id":"https:\/\/www.starcatering.at\/shop\/#website"},"primaryImageOfPage":{"@id":"https:\/\/www.starcatering.at\/shop\/produkt\/aeijst-styrian-pale-gin-40ml\/#primaryimage"},"image":{"@id":"https:\/\/www.starcatering.at\/shop\/produkt\/aeijst-styrian-pale-gin-40ml\/#primaryimage"},"thumbnailUrl":"https:\/\/www.starcatering.at\/shop\/wp-content\/uploads\/2022\/12\/Aejst-Mini.jpg","datePublished":"2022-12-22T21:07:07+00:00","dateModified":"2025-04-26T19:43:03+00:00","description":"AEIJST Styrian Pale Gin 40ml Miniatur","breadcrumb":{"@id":"https:\/\/www.starcatering.at\/shop\/produkt\/aeijst-styrian-pale-gin-40ml\/#breadcrumb"},"inLanguage":"de","potentialAction":[{"@type":"ReadAction","target":["https:\/\/www.starcatering.at\/shop\/produkt\/aeijst-styrian-pale-gin-40ml\/"]}]},{"@type":"ImageObject","inLanguage":"de","@id":"https:\/\/www.starcatering.at\/shop\/produkt\/aeijst-styrian-pale-gin-40ml\/#primaryimage","url":"https:\/\/www.starcatering.at\/shop\/wp-content\/uploads\/2022\/12\/Aejst-Mini.jpg","contentUrl":"https:\/\/www.starcatering.at\/shop\/wp-content\/uploads\/2022\/12\/Aejst-Mini.jpg","width":500,"height":500},{"@type":"BreadcrumbList","@id":"https:\/\/www.starcatering.at\/shop\/produkt\/aeijst-styrian-pale-gin-40ml\/#breadcrumb","itemListElement":[{"@type":"ListItem","position":1,"name":"Startseite","item":"https:\/\/www.starcatering.at\/shop\/"},{"@type":"ListItem","position":2,"name":"Shop","item":"https:\/\/www.starcatering.at\/shop\/shop\/"},{"@type":"ListItem","position":3,"name":"Aejst Styrian Pale Gin 40ml Miniatur"}]},{"@type":"WebSite","@id":"https:\/\/www.starcatering.at\/shop\/#website","url":"https:\/\/www.starcatering.at\/shop\/","name":"Carnuntum Foods","description":"Abverkaufsartikel","publisher":{"@id":"https:\/\/www.starcatering.at\/shop\/#organization"},"potentialAction":[{"@type":"SearchAction","target":{"@type":"EntryPoint","urlTemplate":"https:\/\/www.starcatering.at\/shop\/?s={search_term_string}"},"query-input":{"@type":"PropertyValueSpecification","valueRequired":true,"valueName":"search_term_string"}}],"inLanguage":"de"},{"@type":"Organization","@id":"https:\/\/www.starcatering.at\/shop\/#organization","name":"Carnuntumfoods","url":"https:\/\/www.starcatering.at\/shop\/","logo":{"@type":"ImageObject","inLanguage":"de","@id":"https:\/\/www.starcatering.at\/shop\/#\/schema\/logo\/image\/","url":"https:\/\/www.starcatering.at\/shop\/wp-content\/uploads\/2021\/08\/cropped-logo.png","contentUrl":"https:\/\/www.starcatering.at\/shop\/wp-content\/uploads\/2021\/08\/cropped-logo.png","width":512,"height":512,"caption":"Carnuntumfoods"},"image":{"@id":"https:\/\/www.starcatering.at\/shop\/#\/schema\/logo\/image\/"}}]}},"_links":{"self":[{"href":"https:\/\/www.starcatering.at\/shop\/wp-json\/wp\/v2\/product\/7412","targetHints":{"allow":["GET"]}}],"collection":[{"href":"https:\/\/www.starcatering.at\/shop\/wp-json\/wp\/v2\/product"}],"about":[{"href":"https:\/\/www.starcatering.at\/shop\/wp-json\/wp\/v2\/types\/product"}],"replies":[{"embeddable":true,"href":"https:\/\/www.starcatering.at\/shop\/wp-json\/wp\/v2\/comments?post=7412"}],"wp:featuredmedia":[{"embeddable":true,"href":"https:\/\/www.starcatering.at\/shop\/wp-json\/wp\/v2\/media\/9469"}],"wp:attachment":[{"href":"https:\/\/www.starcatering.at\/shop\/wp-json\/wp\/v2\/media?parent=7412"}],"wp:term":[{"taxonomy":"product_brand","embeddable":true,"href":"https:\/\/www.starcatering.at\/shop\/wp-json\/wp\/v2\/product_brand?post=7412"},{"taxonomy":"product_cat","embeddable":true,"href":"https:\/\/www.starcatering.at\/shop\/wp-json\/wp\/v2\/product_cat?post=7412"},{"taxonomy":"product_tag","embeddable":true,"href":"https:\/\/www.starcatering.at\/shop\/wp-json\/wp\/v2\/product_tag?post=7412"}],"curies":[{"name":"wp","href":"https:\/\/api.w.org\/{rel}","templated":true}]}}