{"id":7546,"date":"2022-12-26T22:36:26","date_gmt":"2022-12-26T21:36:26","guid":{"rendered":"https:\/\/www.starcatering.at\/shop\/?post_type=product&#038;p=7546"},"modified":"2025-09-18T17:50:06","modified_gmt":"2025-09-18T15:50:06","slug":"zuckerrohr-klappdeckel-behaelter-rechteckig","status":"publish","type":"product","link":"https:\/\/www.starcatering.at\/shop\/produkt\/zuckerrohr-klappdeckel-behaelter-rechteckig\/","title":{"rendered":"Zuckerrohr-Klappdeckel-Beh\u00e4lter rechteckig 50 Stk"},"content":{"rendered":"<p>Die praktischen und umweltfreundlichen Verpackungsl\u00f6sungen von GREENHORN bieten mit ihren vielf\u00e4ltigen Produkten die perfekte L\u00f6sung f\u00fcr Ihr Au\u00dfer-Haus-Gesch\u00e4ft. Alle Artikel bestehen aus dem nachhaltigen Rohstoff Zuckerohr und sind somit einfach zu recyceln und biologisch abbaubar. Die servierten Speisen werden sicher transportiert, da die Innenseiten undurchl\u00e4ssig f\u00fcr \u00d6l und Wasser sind. Zu Hause kann der Gast seine Speisen nochmal direkt in der Mikrowelle erhitzen, ohne die Lebensmittel aus der Umverpackung zu nehmen. Die Schale h\u00e4lt Temperaturen von -25\u00b0 bis +220\u00b0 C problemlos stand.<\/p>\n","protected":false},"excerpt":{"rendered":"<div class=\"product--image-container image-slider product--image-zoom\" data-image-slider=\"true\" data-image-gallery=\"true\" data-maxzoom=\"0\" data-thumbnails=\".image--thumbnails\">\n<div class=\"image-slider--container\">\n<div class=\"image-slider--slide\">\n<div class=\"image--box image-slider--item\">\u00a0<span style=\"color: #333333; font-size: 16px;\">Details<\/span><\/div>\n<\/div>\n<\/div>\n<\/div>\n<div class=\"product--buybox block\">\n<div class=\"detail--pro block\">\n<ul class=\"list--unordered is--checked register--advantages-list\">\n<li class=\"entry--content\">geeignet f\u00fcr kalte, hei\u00dfe und fettige Speisen<\/li>\n<li class=\"register--advantages-entry\">Biologisch abbaubar (DIN 13432)<\/li>\n<li class=\"register--advantages-entry\">Produktma\u00dfe (BxTxH): 19,1 x 13,6 x 5,9<\/li>\n<li class=\"register--advantages-entry\">Temperaturbest\u00e4ndig: &#8211; 25 \u00b0C bis 220 \u00b0C<\/li>\n<li class=\"register--advantages-entry\">Material: aus nachhaltigen Zuckerrohr<\/li>\n<\/ul>\n<\/div>\n<\/div>\n","protected":false},"featured_media":7547,"comment_status":"open","ping_status":"closed","template":"","meta":{"_et_pb_use_builder":"","_et_pb_old_content":"","_et_gb_content_width":""},"product_brand":[],"product_cat":[415,322],"product_tag":[387,319,320,388,247,389],"class_list":{"0":"post-7546","1":"product","2":"type-product","3":"status-publish","4":"has-post-thumbnail","6":"product_cat-einweggeschirr","7":"product_cat-verpackungen","8":"product_tag-karton","9":"product_tag-schalen","10":"product_tag-speisen","11":"product_tag-speisenverpackung","12":"product_tag-verpackung","13":"product_tag-zuckerrohr","15":"first","16":"instock","17":"sale","18":"taxable","19":"shipping-taxable","20":"purchasable","21":"product-type-simple"},"yoast_head":"<!-- This site is optimized with the Yoast SEO plugin v27.5 - https:\/\/yoast.com\/product\/yoast-seo-wordpress\/ -->\n<title>Zuckerrohr-Klappdeckel-Beh\u00e4lter rechteckig 50 Stk &#187; StarCatering %-Shop<\/title>\n<meta name=\"description\" content=\"Zuckerrohr-Klappdeckel-Beh\u00e4lter rechteckig 50 Stk\" \/>\n<meta name=\"robots\" content=\"index, follow, max-snippet:-1, max-image-preview:large, max-video-preview:-1\" \/>\n<link rel=\"canonical\" href=\"https:\/\/www.starcatering.at\/shop\/produkt\/zuckerrohr-klappdeckel-behaelter-rechteckig\/\" \/>\n<meta property=\"og:locale\" content=\"de_DE\" \/>\n<meta property=\"og:type\" content=\"article\" \/>\n<meta property=\"og:title\" content=\"Zuckerrohr-Klappdeckel-Beh\u00e4lter rechteckig 50 Stk\" \/>\n<meta property=\"og:description\" content=\"Zuckerrohr-Klappdeckel-Beh\u00e4lter rechteckig 50 Stk\" \/>\n<meta property=\"og:url\" content=\"https:\/\/www.starcatering.at\/shop\/produkt\/zuckerrohr-klappdeckel-behaelter-rechteckig\/\" \/>\n<meta property=\"og:site_name\" content=\"StarCatering %-Shop\" \/>\n<meta property=\"article:modified_time\" content=\"2025-09-18T15:50:06+00:00\" \/>\n<meta property=\"og:image\" content=\"https:\/\/www.starcatering.at\/shop\/wp-content\/uploads\/2022\/12\/EW-Kalppdeckel-Behaelter.jpg\" \/>\n\t<meta property=\"og:image:width\" content=\"500\" \/>\n\t<meta property=\"og:image:height\" content=\"500\" \/>\n\t<meta property=\"og:image:type\" content=\"image\/jpeg\" \/>\n<meta name=\"twitter:card\" content=\"summary_large_image\" \/>\n<meta name=\"twitter:label1\" content=\"Gesch\u00e4tzte Lesezeit\" \/>\n\t<meta name=\"twitter:data1\" content=\"1\u00a0Minute\" \/>\n<script type=\"application\/ld+json\" class=\"yoast-schema-graph\">{\"@context\":\"https:\\\/\\\/schema.org\",\"@graph\":[{\"@type\":\"WebPage\",\"@id\":\"https:\\\/\\\/www.starcatering.at\\\/shop\\\/produkt\\\/zuckerrohr-klappdeckel-behaelter-rechteckig\\\/\",\"url\":\"https:\\\/\\\/www.starcatering.at\\\/shop\\\/produkt\\\/zuckerrohr-klappdeckel-behaelter-rechteckig\\\/\",\"name\":\"Zuckerrohr-Klappdeckel-Beh\u00e4lter rechteckig 50 Stk &#187; StarCatering %-Shop\",\"isPartOf\":{\"@id\":\"https:\\\/\\\/www.starcatering.at\\\/shop\\\/#website\"},\"primaryImageOfPage\":{\"@id\":\"https:\\\/\\\/www.starcatering.at\\\/shop\\\/produkt\\\/zuckerrohr-klappdeckel-behaelter-rechteckig\\\/#primaryimage\"},\"image\":{\"@id\":\"https:\\\/\\\/www.starcatering.at\\\/shop\\\/produkt\\\/zuckerrohr-klappdeckel-behaelter-rechteckig\\\/#primaryimage\"},\"thumbnailUrl\":\"https:\\\/\\\/www.starcatering.at\\\/shop\\\/wp-content\\\/uploads\\\/2022\\\/12\\\/EW-Kalppdeckel-Behaelter.jpg\",\"datePublished\":\"2022-12-26T21:36:26+00:00\",\"dateModified\":\"2025-09-18T15:50:06+00:00\",\"description\":\"Zuckerrohr-Klappdeckel-Beh\u00e4lter rechteckig 50 Stk\",\"breadcrumb\":{\"@id\":\"https:\\\/\\\/www.starcatering.at\\\/shop\\\/produkt\\\/zuckerrohr-klappdeckel-behaelter-rechteckig\\\/#breadcrumb\"},\"inLanguage\":\"de\",\"potentialAction\":[{\"@type\":\"ReadAction\",\"target\":[\"https:\\\/\\\/www.starcatering.at\\\/shop\\\/produkt\\\/zuckerrohr-klappdeckel-behaelter-rechteckig\\\/\"]}]},{\"@type\":\"ImageObject\",\"inLanguage\":\"de\",\"@id\":\"https:\\\/\\\/www.starcatering.at\\\/shop\\\/produkt\\\/zuckerrohr-klappdeckel-behaelter-rechteckig\\\/#primaryimage\",\"url\":\"https:\\\/\\\/www.starcatering.at\\\/shop\\\/wp-content\\\/uploads\\\/2022\\\/12\\\/EW-Kalppdeckel-Behaelter.jpg\",\"contentUrl\":\"https:\\\/\\\/www.starcatering.at\\\/shop\\\/wp-content\\\/uploads\\\/2022\\\/12\\\/EW-Kalppdeckel-Behaelter.jpg\",\"width\":500,\"height\":500},{\"@type\":\"BreadcrumbList\",\"@id\":\"https:\\\/\\\/www.starcatering.at\\\/shop\\\/produkt\\\/zuckerrohr-klappdeckel-behaelter-rechteckig\\\/#breadcrumb\",\"itemListElement\":[{\"@type\":\"ListItem\",\"position\":1,\"name\":\"Startseite\",\"item\":\"https:\\\/\\\/www.starcatering.at\\\/shop\\\/\"},{\"@type\":\"ListItem\",\"position\":2,\"name\":\"Shop\",\"item\":\"https:\\\/\\\/www.starcatering.at\\\/shop\\\/shop\\\/\"},{\"@type\":\"ListItem\",\"position\":3,\"name\":\"Zuckerrohr-Klappdeckel-Beh\u00e4lter rechteckig 50 Stk\"}]},{\"@type\":\"WebSite\",\"@id\":\"https:\\\/\\\/www.starcatering.at\\\/shop\\\/#website\",\"url\":\"https:\\\/\\\/www.starcatering.at\\\/shop\\\/\",\"name\":\"Carnuntum Foods\",\"description\":\"Abverkaufsartikel\",\"publisher\":{\"@id\":\"https:\\\/\\\/www.starcatering.at\\\/shop\\\/#organization\"},\"potentialAction\":[{\"@type\":\"SearchAction\",\"target\":{\"@type\":\"EntryPoint\",\"urlTemplate\":\"https:\\\/\\\/www.starcatering.at\\\/shop\\\/?s={search_term_string}\"},\"query-input\":{\"@type\":\"PropertyValueSpecification\",\"valueRequired\":true,\"valueName\":\"search_term_string\"}}],\"inLanguage\":\"de\"},{\"@type\":\"Organization\",\"@id\":\"https:\\\/\\\/www.starcatering.at\\\/shop\\\/#organization\",\"name\":\"Carnuntumfoods\",\"url\":\"https:\\\/\\\/www.starcatering.at\\\/shop\\\/\",\"logo\":{\"@type\":\"ImageObject\",\"inLanguage\":\"de\",\"@id\":\"https:\\\/\\\/www.starcatering.at\\\/shop\\\/#\\\/schema\\\/logo\\\/image\\\/\",\"url\":\"https:\\\/\\\/www.starcatering.at\\\/shop\\\/wp-content\\\/uploads\\\/2021\\\/08\\\/cropped-logo.png\",\"contentUrl\":\"https:\\\/\\\/www.starcatering.at\\\/shop\\\/wp-content\\\/uploads\\\/2021\\\/08\\\/cropped-logo.png\",\"width\":512,\"height\":512,\"caption\":\"Carnuntumfoods\"},\"image\":{\"@id\":\"https:\\\/\\\/www.starcatering.at\\\/shop\\\/#\\\/schema\\\/logo\\\/image\\\/\"}}]}<\/script>\n<!-- \/ Yoast SEO plugin. -->","yoast_head_json":{"title":"Zuckerrohr-Klappdeckel-Beh\u00e4lter rechteckig 50 Stk &#187; StarCatering %-Shop","description":"Zuckerrohr-Klappdeckel-Beh\u00e4lter rechteckig 50 Stk","robots":{"index":"index","follow":"follow","max-snippet":"max-snippet:-1","max-image-preview":"max-image-preview:large","max-video-preview":"max-video-preview:-1"},"canonical":"https:\/\/www.starcatering.at\/shop\/produkt\/zuckerrohr-klappdeckel-behaelter-rechteckig\/","og_locale":"de_DE","og_type":"article","og_title":"Zuckerrohr-Klappdeckel-Beh\u00e4lter rechteckig 50 Stk","og_description":"Zuckerrohr-Klappdeckel-Beh\u00e4lter rechteckig 50 Stk","og_url":"https:\/\/www.starcatering.at\/shop\/produkt\/zuckerrohr-klappdeckel-behaelter-rechteckig\/","og_site_name":"StarCatering %-Shop","article_modified_time":"2025-09-18T15:50:06+00:00","og_image":[{"width":500,"height":500,"url":"https:\/\/www.starcatering.at\/shop\/wp-content\/uploads\/2022\/12\/EW-Kalppdeckel-Behaelter.jpg","type":"image\/jpeg"}],"twitter_card":"summary_large_image","twitter_misc":{"Gesch\u00e4tzte Lesezeit":"1\u00a0Minute"},"schema":{"@context":"https:\/\/schema.org","@graph":[{"@type":"WebPage","@id":"https:\/\/www.starcatering.at\/shop\/produkt\/zuckerrohr-klappdeckel-behaelter-rechteckig\/","url":"https:\/\/www.starcatering.at\/shop\/produkt\/zuckerrohr-klappdeckel-behaelter-rechteckig\/","name":"Zuckerrohr-Klappdeckel-Beh\u00e4lter rechteckig 50 Stk &#187; StarCatering %-Shop","isPartOf":{"@id":"https:\/\/www.starcatering.at\/shop\/#website"},"primaryImageOfPage":{"@id":"https:\/\/www.starcatering.at\/shop\/produkt\/zuckerrohr-klappdeckel-behaelter-rechteckig\/#primaryimage"},"image":{"@id":"https:\/\/www.starcatering.at\/shop\/produkt\/zuckerrohr-klappdeckel-behaelter-rechteckig\/#primaryimage"},"thumbnailUrl":"https:\/\/www.starcatering.at\/shop\/wp-content\/uploads\/2022\/12\/EW-Kalppdeckel-Behaelter.jpg","datePublished":"2022-12-26T21:36:26+00:00","dateModified":"2025-09-18T15:50:06+00:00","description":"Zuckerrohr-Klappdeckel-Beh\u00e4lter rechteckig 50 Stk","breadcrumb":{"@id":"https:\/\/www.starcatering.at\/shop\/produkt\/zuckerrohr-klappdeckel-behaelter-rechteckig\/#breadcrumb"},"inLanguage":"de","potentialAction":[{"@type":"ReadAction","target":["https:\/\/www.starcatering.at\/shop\/produkt\/zuckerrohr-klappdeckel-behaelter-rechteckig\/"]}]},{"@type":"ImageObject","inLanguage":"de","@id":"https:\/\/www.starcatering.at\/shop\/produkt\/zuckerrohr-klappdeckel-behaelter-rechteckig\/#primaryimage","url":"https:\/\/www.starcatering.at\/shop\/wp-content\/uploads\/2022\/12\/EW-Kalppdeckel-Behaelter.jpg","contentUrl":"https:\/\/www.starcatering.at\/shop\/wp-content\/uploads\/2022\/12\/EW-Kalppdeckel-Behaelter.jpg","width":500,"height":500},{"@type":"BreadcrumbList","@id":"https:\/\/www.starcatering.at\/shop\/produkt\/zuckerrohr-klappdeckel-behaelter-rechteckig\/#breadcrumb","itemListElement":[{"@type":"ListItem","position":1,"name":"Startseite","item":"https:\/\/www.starcatering.at\/shop\/"},{"@type":"ListItem","position":2,"name":"Shop","item":"https:\/\/www.starcatering.at\/shop\/shop\/"},{"@type":"ListItem","position":3,"name":"Zuckerrohr-Klappdeckel-Beh\u00e4lter rechteckig 50 Stk"}]},{"@type":"WebSite","@id":"https:\/\/www.starcatering.at\/shop\/#website","url":"https:\/\/www.starcatering.at\/shop\/","name":"Carnuntum Foods","description":"Abverkaufsartikel","publisher":{"@id":"https:\/\/www.starcatering.at\/shop\/#organization"},"potentialAction":[{"@type":"SearchAction","target":{"@type":"EntryPoint","urlTemplate":"https:\/\/www.starcatering.at\/shop\/?s={search_term_string}"},"query-input":{"@type":"PropertyValueSpecification","valueRequired":true,"valueName":"search_term_string"}}],"inLanguage":"de"},{"@type":"Organization","@id":"https:\/\/www.starcatering.at\/shop\/#organization","name":"Carnuntumfoods","url":"https:\/\/www.starcatering.at\/shop\/","logo":{"@type":"ImageObject","inLanguage":"de","@id":"https:\/\/www.starcatering.at\/shop\/#\/schema\/logo\/image\/","url":"https:\/\/www.starcatering.at\/shop\/wp-content\/uploads\/2021\/08\/cropped-logo.png","contentUrl":"https:\/\/www.starcatering.at\/shop\/wp-content\/uploads\/2021\/08\/cropped-logo.png","width":512,"height":512,"caption":"Carnuntumfoods"},"image":{"@id":"https:\/\/www.starcatering.at\/shop\/#\/schema\/logo\/image\/"}}]}},"_links":{"self":[{"href":"https:\/\/www.starcatering.at\/shop\/wp-json\/wp\/v2\/product\/7546","targetHints":{"allow":["GET"]}}],"collection":[{"href":"https:\/\/www.starcatering.at\/shop\/wp-json\/wp\/v2\/product"}],"about":[{"href":"https:\/\/www.starcatering.at\/shop\/wp-json\/wp\/v2\/types\/product"}],"replies":[{"embeddable":true,"href":"https:\/\/www.starcatering.at\/shop\/wp-json\/wp\/v2\/comments?post=7546"}],"wp:featuredmedia":[{"embeddable":true,"href":"https:\/\/www.starcatering.at\/shop\/wp-json\/wp\/v2\/media\/7547"}],"wp:attachment":[{"href":"https:\/\/www.starcatering.at\/shop\/wp-json\/wp\/v2\/media?parent=7546"}],"wp:term":[{"taxonomy":"product_brand","embeddable":true,"href":"https:\/\/www.starcatering.at\/shop\/wp-json\/wp\/v2\/product_brand?post=7546"},{"taxonomy":"product_cat","embeddable":true,"href":"https:\/\/www.starcatering.at\/shop\/wp-json\/wp\/v2\/product_cat?post=7546"},{"taxonomy":"product_tag","embeddable":true,"href":"https:\/\/www.starcatering.at\/shop\/wp-json\/wp\/v2\/product_tag?post=7546"}],"curies":[{"name":"wp","href":"https:\/\/api.w.org\/{rel}","templated":true}]}}