{"id":7602,"date":"2025-01-25T11:22:09","date_gmt":"2025-01-25T10:22:09","guid":{"rendered":"https:\/\/www.starcatering.at\/shop\/?post_type=product&#038;p=7602"},"modified":"2025-01-26T10:29:38","modified_gmt":"2025-01-26T09:29:38","slug":"fischfiletiermesser-wuesthof-gourmet-20cm-klinge-neuware","status":"publish","type":"product","link":"https:\/\/www.starcatering.at\/shop\/produkt\/fischfiletiermesser-wuesthof-gourmet-20cm-klinge-neuware\/","title":{"rendered":"Fischfiletiermesser &#8220;W\u00fcsthof Gourmet&#8221; 20cm Klinge (NEUWARE)"},"content":{"rendered":"<p>Filetiermesser f\u00fcr Fisch, Fleisch und Fr\u00fcchte. W\u00e4hrend Ausbeinmesser oder Hackmesser eher f\u00fcr die groben Aufgaben \u2013 besonders bei Fleisch \u2013 geeignet sind, so bietet sich das Filiermesser aufgrund seiner flexiblen Klinge vor allem zum hauchd\u00fcnnen Filetieren an. Exakte Schnitte bei Fleisch, das Fischfilet von der Haut l\u00f6sen oder Fruchtfleisch von der umgebenden Trennhaut schneiden \u2013 das geh\u00f6rt zu den Paradedisziplinen dieses Messers.<\/p>\n","protected":false},"excerpt":{"rendered":"<ul>\n<li>Fischfilliermesser<\/li>\n<li>Klingenl\u00e4nge: 20 cm<\/li>\n<li>Gesamtl\u00e4nge Messer: 33 cm<\/li>\n<li>Material: Stahl geh\u00e4rtet, Kunststoff genietet<\/li>\n<li>Marke: W\u00fcsthof<\/li>\n<li>Hergestellt in Solingen (Deutschland)<\/li>\n<li>Neu &amp; original verpackt<\/li>\n<\/ul>\n","protected":false},"featured_media":11547,"comment_status":"open","ping_status":"closed","template":"","meta":{"_et_pb_use_builder":"","_et_pb_old_content":"","_et_gb_content_width":""},"product_brand":[],"product_cat":[458],"product_tag":[267,1788,2402,466,1899,316,459,462,463,1902],"class_list":{"0":"post-7602","1":"product","2":"type-product","3":"status-publish","4":"has-post-thumbnail","6":"product_cat-messer-werkzeuge","7":"product_tag-20cm","8":"product_tag-filetier","9":"product_tag-fillier","10":"product_tag-fisch","11":"product_tag-klinge","12":"product_tag-messer","13":"product_tag-schneidemesser","14":"product_tag-schneiden","15":"product_tag-werkzeug","16":"product_tag-wuesthof","18":"first","19":"instock","20":"sale","21":"taxable","22":"shipping-taxable","23":"purchasable","24":"product-type-simple"},"yoast_head":"<!-- This site is optimized with the Yoast SEO plugin v27.5 - https:\/\/yoast.com\/product\/yoast-seo-wordpress\/ -->\n<title>Fischfiletiermesser &quot;W\u00fcsthof Gourmet&quot; 20cm Klinge (NEUWARE) &#187; StarCatering %-Shop<\/title>\n<meta name=\"description\" content=\"Fischfiletiermesser &quot;W\u00fcsthof Gourmet&quot; 20cm Klinge (NEUWARE)\" \/>\n<meta name=\"robots\" content=\"index, follow, max-snippet:-1, max-image-preview:large, max-video-preview:-1\" \/>\n<link rel=\"canonical\" href=\"https:\/\/www.starcatering.at\/shop\/produkt\/fischfiletiermesser-wuesthof-gourmet-20cm-klinge-neuware\/\" \/>\n<meta property=\"og:locale\" content=\"de_DE\" \/>\n<meta property=\"og:type\" content=\"article\" \/>\n<meta property=\"og:title\" content=\"Fischfiletiermesser &quot;W\u00fcsthof Gourmet&quot; 20cm Klinge (NEUWARE)\" \/>\n<meta property=\"og:description\" content=\"Fischfiletiermesser &quot;W\u00fcsthof Gourmet&quot; 20cm Klinge (NEUWARE)\" \/>\n<meta property=\"og:url\" content=\"https:\/\/www.starcatering.at\/shop\/produkt\/fischfiletiermesser-wuesthof-gourmet-20cm-klinge-neuware\/\" \/>\n<meta property=\"og:site_name\" content=\"StarCatering %-Shop\" \/>\n<meta property=\"article:modified_time\" content=\"2025-01-26T09:29:38+00:00\" \/>\n<meta property=\"og:image\" content=\"https:\/\/www.starcatering.at\/shop\/wp-content\/uploads\/2022\/12\/Fischfiletiermesser_20cm.jpg\" \/>\n\t<meta property=\"og:image:width\" content=\"500\" \/>\n\t<meta property=\"og:image:height\" content=\"500\" \/>\n\t<meta property=\"og:image:type\" content=\"image\/jpeg\" \/>\n<meta name=\"twitter:card\" content=\"summary_large_image\" \/>\n<meta name=\"twitter:title\" content=\"Fischfiletiermesser &quot;W\u00fcsthof Gourmet&quot; 20cm Klinge (NEUWARE)\" \/>\n<meta name=\"twitter:description\" content=\"Fischfiletiermesser &quot;W\u00fcsthof Gourmet&quot; 20cm Klinge (NEUWARE)\" \/>\n<meta name=\"twitter:image\" content=\"https:\/\/www.starcatering.at\/shop\/wp-content\/uploads\/2022\/12\/Fischfiletiermesser_20cm.jpg\" \/>\n<meta name=\"twitter:label1\" content=\"Gesch\u00e4tzte Lesezeit\" \/>\n\t<meta name=\"twitter:data1\" content=\"1\u00a0Minute\" \/>\n<script type=\"application\/ld+json\" class=\"yoast-schema-graph\">{\"@context\":\"https:\\\/\\\/schema.org\",\"@graph\":[{\"@type\":\"WebPage\",\"@id\":\"https:\\\/\\\/www.starcatering.at\\\/shop\\\/produkt\\\/fischfiletiermesser-wuesthof-gourmet-20cm-klinge-neuware\\\/\",\"url\":\"https:\\\/\\\/www.starcatering.at\\\/shop\\\/produkt\\\/fischfiletiermesser-wuesthof-gourmet-20cm-klinge-neuware\\\/\",\"name\":\"Fischfiletiermesser \\\"W\u00fcsthof Gourmet\\\" 20cm Klinge (NEUWARE) &#187; StarCatering %-Shop\",\"isPartOf\":{\"@id\":\"https:\\\/\\\/www.starcatering.at\\\/shop\\\/#website\"},\"primaryImageOfPage\":{\"@id\":\"https:\\\/\\\/www.starcatering.at\\\/shop\\\/produkt\\\/fischfiletiermesser-wuesthof-gourmet-20cm-klinge-neuware\\\/#primaryimage\"},\"image\":{\"@id\":\"https:\\\/\\\/www.starcatering.at\\\/shop\\\/produkt\\\/fischfiletiermesser-wuesthof-gourmet-20cm-klinge-neuware\\\/#primaryimage\"},\"thumbnailUrl\":\"https:\\\/\\\/www.starcatering.at\\\/shop\\\/wp-content\\\/uploads\\\/2022\\\/12\\\/Fischfiletiermesser_20cm.jpg\",\"datePublished\":\"2025-01-25T10:22:09+00:00\",\"dateModified\":\"2025-01-26T09:29:38+00:00\",\"description\":\"Fischfiletiermesser \\\"W\u00fcsthof Gourmet\\\" 20cm Klinge (NEUWARE)\",\"breadcrumb\":{\"@id\":\"https:\\\/\\\/www.starcatering.at\\\/shop\\\/produkt\\\/fischfiletiermesser-wuesthof-gourmet-20cm-klinge-neuware\\\/#breadcrumb\"},\"inLanguage\":\"de\",\"potentialAction\":[{\"@type\":\"ReadAction\",\"target\":[\"https:\\\/\\\/www.starcatering.at\\\/shop\\\/produkt\\\/fischfiletiermesser-wuesthof-gourmet-20cm-klinge-neuware\\\/\"]}]},{\"@type\":\"ImageObject\",\"inLanguage\":\"de\",\"@id\":\"https:\\\/\\\/www.starcatering.at\\\/shop\\\/produkt\\\/fischfiletiermesser-wuesthof-gourmet-20cm-klinge-neuware\\\/#primaryimage\",\"url\":\"https:\\\/\\\/www.starcatering.at\\\/shop\\\/wp-content\\\/uploads\\\/2022\\\/12\\\/Fischfiletiermesser_20cm.jpg\",\"contentUrl\":\"https:\\\/\\\/www.starcatering.at\\\/shop\\\/wp-content\\\/uploads\\\/2022\\\/12\\\/Fischfiletiermesser_20cm.jpg\",\"width\":500,\"height\":500},{\"@type\":\"BreadcrumbList\",\"@id\":\"https:\\\/\\\/www.starcatering.at\\\/shop\\\/produkt\\\/fischfiletiermesser-wuesthof-gourmet-20cm-klinge-neuware\\\/#breadcrumb\",\"itemListElement\":[{\"@type\":\"ListItem\",\"position\":1,\"name\":\"Startseite\",\"item\":\"https:\\\/\\\/www.starcatering.at\\\/shop\\\/\"},{\"@type\":\"ListItem\",\"position\":2,\"name\":\"Shop\",\"item\":\"https:\\\/\\\/www.starcatering.at\\\/shop\\\/shop\\\/\"},{\"@type\":\"ListItem\",\"position\":3,\"name\":\"Fischfiletiermesser &#8220;W\u00fcsthof Gourmet&#8221; 20cm Klinge (NEUWARE)\"}]},{\"@type\":\"WebSite\",\"@id\":\"https:\\\/\\\/www.starcatering.at\\\/shop\\\/#website\",\"url\":\"https:\\\/\\\/www.starcatering.at\\\/shop\\\/\",\"name\":\"Carnuntum Foods\",\"description\":\"Abverkaufsartikel\",\"publisher\":{\"@id\":\"https:\\\/\\\/www.starcatering.at\\\/shop\\\/#organization\"},\"potentialAction\":[{\"@type\":\"SearchAction\",\"target\":{\"@type\":\"EntryPoint\",\"urlTemplate\":\"https:\\\/\\\/www.starcatering.at\\\/shop\\\/?s={search_term_string}\"},\"query-input\":{\"@type\":\"PropertyValueSpecification\",\"valueRequired\":true,\"valueName\":\"search_term_string\"}}],\"inLanguage\":\"de\"},{\"@type\":\"Organization\",\"@id\":\"https:\\\/\\\/www.starcatering.at\\\/shop\\\/#organization\",\"name\":\"Carnuntumfoods\",\"url\":\"https:\\\/\\\/www.starcatering.at\\\/shop\\\/\",\"logo\":{\"@type\":\"ImageObject\",\"inLanguage\":\"de\",\"@id\":\"https:\\\/\\\/www.starcatering.at\\\/shop\\\/#\\\/schema\\\/logo\\\/image\\\/\",\"url\":\"https:\\\/\\\/www.starcatering.at\\\/shop\\\/wp-content\\\/uploads\\\/2021\\\/08\\\/cropped-logo.png\",\"contentUrl\":\"https:\\\/\\\/www.starcatering.at\\\/shop\\\/wp-content\\\/uploads\\\/2021\\\/08\\\/cropped-logo.png\",\"width\":512,\"height\":512,\"caption\":\"Carnuntumfoods\"},\"image\":{\"@id\":\"https:\\\/\\\/www.starcatering.at\\\/shop\\\/#\\\/schema\\\/logo\\\/image\\\/\"}}]}<\/script>\n<!-- \/ Yoast SEO plugin. -->","yoast_head_json":{"title":"Fischfiletiermesser \"W\u00fcsthof Gourmet\" 20cm Klinge (NEUWARE) &#187; StarCatering %-Shop","description":"Fischfiletiermesser \"W\u00fcsthof Gourmet\" 20cm Klinge (NEUWARE)","robots":{"index":"index","follow":"follow","max-snippet":"max-snippet:-1","max-image-preview":"max-image-preview:large","max-video-preview":"max-video-preview:-1"},"canonical":"https:\/\/www.starcatering.at\/shop\/produkt\/fischfiletiermesser-wuesthof-gourmet-20cm-klinge-neuware\/","og_locale":"de_DE","og_type":"article","og_title":"Fischfiletiermesser \"W\u00fcsthof Gourmet\" 20cm Klinge (NEUWARE)","og_description":"Fischfiletiermesser \"W\u00fcsthof Gourmet\" 20cm Klinge (NEUWARE)","og_url":"https:\/\/www.starcatering.at\/shop\/produkt\/fischfiletiermesser-wuesthof-gourmet-20cm-klinge-neuware\/","og_site_name":"StarCatering %-Shop","article_modified_time":"2025-01-26T09:29:38+00:00","og_image":[{"width":500,"height":500,"url":"https:\/\/www.starcatering.at\/shop\/wp-content\/uploads\/2022\/12\/Fischfiletiermesser_20cm.jpg","type":"image\/jpeg"}],"twitter_card":"summary_large_image","twitter_title":"Fischfiletiermesser \"W\u00fcsthof Gourmet\" 20cm Klinge (NEUWARE)","twitter_description":"Fischfiletiermesser \"W\u00fcsthof Gourmet\" 20cm Klinge (NEUWARE)","twitter_image":"https:\/\/www.starcatering.at\/shop\/wp-content\/uploads\/2022\/12\/Fischfiletiermesser_20cm.jpg","twitter_misc":{"Gesch\u00e4tzte Lesezeit":"1\u00a0Minute"},"schema":{"@context":"https:\/\/schema.org","@graph":[{"@type":"WebPage","@id":"https:\/\/www.starcatering.at\/shop\/produkt\/fischfiletiermesser-wuesthof-gourmet-20cm-klinge-neuware\/","url":"https:\/\/www.starcatering.at\/shop\/produkt\/fischfiletiermesser-wuesthof-gourmet-20cm-klinge-neuware\/","name":"Fischfiletiermesser \"W\u00fcsthof Gourmet\" 20cm Klinge (NEUWARE) &#187; StarCatering %-Shop","isPartOf":{"@id":"https:\/\/www.starcatering.at\/shop\/#website"},"primaryImageOfPage":{"@id":"https:\/\/www.starcatering.at\/shop\/produkt\/fischfiletiermesser-wuesthof-gourmet-20cm-klinge-neuware\/#primaryimage"},"image":{"@id":"https:\/\/www.starcatering.at\/shop\/produkt\/fischfiletiermesser-wuesthof-gourmet-20cm-klinge-neuware\/#primaryimage"},"thumbnailUrl":"https:\/\/www.starcatering.at\/shop\/wp-content\/uploads\/2022\/12\/Fischfiletiermesser_20cm.jpg","datePublished":"2025-01-25T10:22:09+00:00","dateModified":"2025-01-26T09:29:38+00:00","description":"Fischfiletiermesser \"W\u00fcsthof Gourmet\" 20cm Klinge (NEUWARE)","breadcrumb":{"@id":"https:\/\/www.starcatering.at\/shop\/produkt\/fischfiletiermesser-wuesthof-gourmet-20cm-klinge-neuware\/#breadcrumb"},"inLanguage":"de","potentialAction":[{"@type":"ReadAction","target":["https:\/\/www.starcatering.at\/shop\/produkt\/fischfiletiermesser-wuesthof-gourmet-20cm-klinge-neuware\/"]}]},{"@type":"ImageObject","inLanguage":"de","@id":"https:\/\/www.starcatering.at\/shop\/produkt\/fischfiletiermesser-wuesthof-gourmet-20cm-klinge-neuware\/#primaryimage","url":"https:\/\/www.starcatering.at\/shop\/wp-content\/uploads\/2022\/12\/Fischfiletiermesser_20cm.jpg","contentUrl":"https:\/\/www.starcatering.at\/shop\/wp-content\/uploads\/2022\/12\/Fischfiletiermesser_20cm.jpg","width":500,"height":500},{"@type":"BreadcrumbList","@id":"https:\/\/www.starcatering.at\/shop\/produkt\/fischfiletiermesser-wuesthof-gourmet-20cm-klinge-neuware\/#breadcrumb","itemListElement":[{"@type":"ListItem","position":1,"name":"Startseite","item":"https:\/\/www.starcatering.at\/shop\/"},{"@type":"ListItem","position":2,"name":"Shop","item":"https:\/\/www.starcatering.at\/shop\/shop\/"},{"@type":"ListItem","position":3,"name":"Fischfiletiermesser &#8220;W\u00fcsthof Gourmet&#8221; 20cm Klinge (NEUWARE)"}]},{"@type":"WebSite","@id":"https:\/\/www.starcatering.at\/shop\/#website","url":"https:\/\/www.starcatering.at\/shop\/","name":"Carnuntum Foods","description":"Abverkaufsartikel","publisher":{"@id":"https:\/\/www.starcatering.at\/shop\/#organization"},"potentialAction":[{"@type":"SearchAction","target":{"@type":"EntryPoint","urlTemplate":"https:\/\/www.starcatering.at\/shop\/?s={search_term_string}"},"query-input":{"@type":"PropertyValueSpecification","valueRequired":true,"valueName":"search_term_string"}}],"inLanguage":"de"},{"@type":"Organization","@id":"https:\/\/www.starcatering.at\/shop\/#organization","name":"Carnuntumfoods","url":"https:\/\/www.starcatering.at\/shop\/","logo":{"@type":"ImageObject","inLanguage":"de","@id":"https:\/\/www.starcatering.at\/shop\/#\/schema\/logo\/image\/","url":"https:\/\/www.starcatering.at\/shop\/wp-content\/uploads\/2021\/08\/cropped-logo.png","contentUrl":"https:\/\/www.starcatering.at\/shop\/wp-content\/uploads\/2021\/08\/cropped-logo.png","width":512,"height":512,"caption":"Carnuntumfoods"},"image":{"@id":"https:\/\/www.starcatering.at\/shop\/#\/schema\/logo\/image\/"}}]}},"_links":{"self":[{"href":"https:\/\/www.starcatering.at\/shop\/wp-json\/wp\/v2\/product\/7602","targetHints":{"allow":["GET"]}}],"collection":[{"href":"https:\/\/www.starcatering.at\/shop\/wp-json\/wp\/v2\/product"}],"about":[{"href":"https:\/\/www.starcatering.at\/shop\/wp-json\/wp\/v2\/types\/product"}],"replies":[{"embeddable":true,"href":"https:\/\/www.starcatering.at\/shop\/wp-json\/wp\/v2\/comments?post=7602"}],"wp:featuredmedia":[{"embeddable":true,"href":"https:\/\/www.starcatering.at\/shop\/wp-json\/wp\/v2\/media\/11547"}],"wp:attachment":[{"href":"https:\/\/www.starcatering.at\/shop\/wp-json\/wp\/v2\/media?parent=7602"}],"wp:term":[{"taxonomy":"product_brand","embeddable":true,"href":"https:\/\/www.starcatering.at\/shop\/wp-json\/wp\/v2\/product_brand?post=7602"},{"taxonomy":"product_cat","embeddable":true,"href":"https:\/\/www.starcatering.at\/shop\/wp-json\/wp\/v2\/product_cat?post=7602"},{"taxonomy":"product_tag","embeddable":true,"href":"https:\/\/www.starcatering.at\/shop\/wp-json\/wp\/v2\/product_tag?post=7602"}],"curies":[{"name":"wp","href":"https:\/\/api.w.org\/{rel}","templated":true}]}}