{"id":7753,"date":"2023-01-01T11:12:57","date_gmt":"2023-01-01T10:12:57","guid":{"rendered":"https:\/\/www.starcatering.at\/shop\/?post_type=product&#038;p=7753"},"modified":"2024-07-04T21:03:36","modified_gmt":"2024-07-04T19:03:36","slug":"liebstoeckel-meersalz-60g-streuglas","status":"publish","type":"product","link":"https:\/\/www.starcatering.at\/shop\/produkt\/liebstoeckel-meersalz-60g-streuglas\/","title":{"rendered":"Liebst\u00f6ckel-Meersalz 60g Streuglas"},"content":{"rendered":"<p>[et_pb_section fb_built=&#8221;1&#8243; _builder_version=&#8221;4.16&#8243; custom_padding=&#8221;0px||||false|false&#8221; global_colors_info=&#8221;{}&#8221;][et_pb_row _builder_version=&#8221;4.16&#8243; background_size=&#8221;initial&#8221; background_position=&#8221;top_left&#8221; background_repeat=&#8221;repeat&#8221; width=&#8221;100%&#8221; custom_padding=&#8221;0px||0px||false|false&#8221; global_colors_info=&#8221;{}&#8221;][et_pb_column type=&#8221;4_4&#8243; _builder_version=&#8221;4.16&#8243; custom_padding=&#8221;|||&#8221; global_colors_info=&#8221;{}&#8221; custom_padding__hover=&#8221;|||&#8221;][et_pb_wc_breadcrumb _builder_version=&#8221;4.16&#8243; global_colors_info=&#8221;{}&#8221;][\/et_pb_wc_breadcrumb][et_pb_wc_cart_notice _builder_version=&#8221;4.16&#8243; global_colors_info=&#8221;{}&#8221;][\/et_pb_wc_cart_notice][\/et_pb_column][\/et_pb_row][et_pb_row column_structure=&#8221;1_2,1_2&#8243; _builder_version=&#8221;4.16&#8243; background_size=&#8221;initial&#8221; background_position=&#8221;top_left&#8221; background_repeat=&#8221;repeat&#8221; width=&#8221;100%&#8221; custom_padding=&#8221;0px||||false|false&#8221; global_colors_info=&#8221;{}&#8221;][et_pb_column type=&#8221;1_2&#8243; _builder_version=&#8221;4.16&#8243; custom_padding=&#8221;|||&#8221; global_colors_info=&#8221;{}&#8221; custom_padding__hover=&#8221;|||&#8221;][et_pb_wc_images _builder_version=&#8221;4.16&#8243; global_colors_info=&#8221;{}&#8221;][\/et_pb_wc_images][\/et_pb_column][et_pb_column type=&#8221;1_2&#8243; _builder_version=&#8221;4.16&#8243; custom_padding=&#8221;|||&#8221; global_colors_info=&#8221;{}&#8221; custom_padding__hover=&#8221;|||&#8221;][et_pb_wc_title _builder_version=&#8221;4.16&#8243; global_colors_info=&#8221;{}&#8221;][\/et_pb_wc_title][et_pb_wc_rating _builder_version=&#8221;4.16&#8243; global_colors_info=&#8221;{}&#8221;][\/et_pb_wc_rating][et_pb_wc_price _builder_version=&#8221;4.16&#8243; global_colors_info=&#8221;{}&#8221;][\/et_pb_wc_price][et_pb_wc_description _builder_version=&#8221;4.16&#8243; global_colors_info=&#8221;{}&#8221;][\/et_pb_wc_description][et_pb_wc_add_to_cart _builder_version=&#8221;4.16&#8243; background_enable_color=&#8221;off&#8221; global_colors_info=&#8221;{}&#8221;][\/et_pb_wc_add_to_cart][et_pb_wc_meta _builder_version=&#8221;4.16&#8243; global_colors_info=&#8221;{}&#8221;][\/et_pb_wc_meta][\/et_pb_column][\/et_pb_row][et_pb_row _builder_version=&#8221;4.16&#8243; background_size=&#8221;initial&#8221; background_position=&#8221;top_left&#8221; background_repeat=&#8221;repeat&#8221; width=&#8221;100%&#8221; global_colors_info=&#8221;{}&#8221;][et_pb_column type=&#8221;4_4&#8243; _builder_version=&#8221;4.16&#8243; custom_padding=&#8221;|||&#8221; global_colors_info=&#8221;{}&#8221; custom_padding__hover=&#8221;|||&#8221;][et_pb_wc_tabs _builder_version=&#8221;4.16&#8243; global_colors_info=&#8221;{}&#8221;] [\/et_pb_wc_tabs][et_pb_wc_upsells _builder_version=&#8221;4.16&#8243; global_colors_info=&#8221;{}&#8221;][\/et_pb_wc_upsells][et_pb_wc_related_products _builder_version=&#8221;4.16&#8243; global_colors_info=&#8221;{}&#8221;][\/et_pb_wc_related_products][\/et_pb_column][\/et_pb_row][\/et_pb_section]<\/p>\n","protected":false},"excerpt":{"rendered":"<p>Bio-Liebst\u00f6ckel Meersalz im praktischen 60 g Streuglas. Schonend getrocknetes Liebst\u00f6ckel vermischt mit reinem Meersalz.<br \/>\nOhne Haltbarkeitsbeschr\u00e4nkung!<\/p>\n","protected":false},"featured_media":7789,"comment_status":"open","ping_status":"closed","template":"","meta":{"_et_pb_use_builder":"on","_et_pb_old_content":"Meersalz, Bio-Liebst\u00f6ckel aus eigenem Anbau (Fischamend)\r\n\r\n<hr \/>\r\n\r\nLiebst\u00f6ckel wird auch Maggikraut genannt. Denn die Pflanze duftet und schmeckt \u00e4hnlich wie die von Julius Maggi im Jahre 1885 entwickelte W\u00fcrzso\u00dfe.\r\n<div class=\"code-block code-block-3\">\r\n<div id=\"target-video-syn-player\" data-tag=\"\/16333650761\/HP_content_native_player\">Das sellerie\u00e4hnliche Aroma der Pflanze ist auf \u00e4therische \u00d6le zur\u00fcckzuf\u00fchren, die den Appetit anregen und wohltuend auf Magen und Darm wirken. In der K\u00fcche verst\u00e4rkt Liebst\u00f6ckel den Geschmack von Fleisch, Suppen, Eierspeisen, Pilze und Wurzelgem\u00fcse wie Karotten und Sellerie. Die jungen Bl\u00e4ttchen k\u00f6nnen aber auch wie Spinat als Gem\u00fcsebeilage zubereitet werden. Ein raffiniertes Liebst\u00f6ckelpesto schmeckt zu Pasta, Pellkartoffeln und in der Salatso\u00dfe. Daf\u00fcr werden Waln\u00fcsse, K\u00fcrbiskerne und Knoblauch in einer Pfanne anger\u00f6stet und fein gemahlen. Anschlie\u00dfend mit p\u00fcriertem Liebst\u00f6ckel und Petersilie, \u00d6l und Parmesan vermengen sowie Salz abschmecken. Das Ganze kommt in ein sauberes Schraubglas und h\u00e4lt sich f\u00fcr Monate im K\u00fchlschrank, wenn es mit einer Schicht Sonnenblumen\u00f6l abgedichtet wird. Da das Aroma von Liebst\u00f6ckel sehr intensiv ist, sollte das Gew\u00fcrz sparsam verwendet werden. H\u00e4ufig ist schon eine Messerspitze des getrockneten Gew\u00fcrzes oder Teile eines frischen Blattes ausreichend. Bei warmen Speisen werden die Bl\u00e4tter und jungen Triebe erst gegen Ende des Kochens hinzugef\u00fcgt.<\/div>\r\n<\/div>\r\nDer Liebst\u00f6ckel (Levisticum officinale) ist vermutlich in Westasien und Ligurien beheimatet Die mehrj\u00e4hrige Staude kann bis zu 2 Meter hoch werden. Der Doldenbl\u00fctler gleicht mit seinem r\u00f6hrigen St\u00e4ngel und den markanten Fiederbl\u00e4ttern einer \u00fcbergro\u00dfen Sellerie. Unter der Erde wird eine R\u00fcbe gebildet, die getrocknet in der Heilkunde, aber auch f\u00fcr Kr\u00e4uterschn\u00e4pse verwendet wird. Die Samen kommen als Gew\u00fcrz f\u00fcr K\u00e4se und Brot zum Einsatz.","_et_gb_content_width":""},"product_brand":[],"product_cat":[527,1514],"product_tag":[71,65,126,127,70,69],"class_list":{"0":"post-7753","1":"product","2":"type-product","3":"status-publish","4":"has-post-thumbnail","6":"product_cat-carnuntumfoods","7":"product_cat-gewuerze","8":"product_tag-gewuerz","9":"product_tag-kraeuter","10":"product_tag-liebstoeckel","11":"product_tag-maggikraut","12":"product_tag-meersalz","13":"product_tag-salz","15":"first","16":"instock","17":"sale","18":"taxable","19":"shipping-taxable","20":"purchasable","21":"product-type-simple"},"yoast_head":"<!-- This site is optimized with the Yoast SEO plugin v27.5 - https:\/\/yoast.com\/product\/yoast-seo-wordpress\/ -->\n<title>Liebst\u00f6ckel-Meersalz 60g Streuglas &#187; StarCatering %-Shop<\/title>\n<meta name=\"description\" content=\"Bio-Liebst\u00f6ckel Meersalz im praktischen 60 g Streuglas. Schonend getrocknetes Liebst\u00f6ckel vermischt mit reinem Meersalz. Ohne Haltbarkeitsbeschr\u00e4nkung.\" \/>\n<meta name=\"robots\" content=\"index, follow, max-snippet:-1, max-image-preview:large, max-video-preview:-1\" \/>\n<link rel=\"canonical\" href=\"https:\/\/www.starcatering.at\/shop\/produkt\/liebstoeckel-meersalz-60g-streuglas\/\" \/>\n<meta property=\"og:locale\" content=\"de_DE\" \/>\n<meta property=\"og:type\" content=\"article\" \/>\n<meta property=\"og:title\" content=\"Liebst\u00f6ckel-Meersalz 60g Streuglas &#187; StarCatering %-Shop\" \/>\n<meta property=\"og:description\" content=\"Bio-Liebst\u00f6ckel Meersalz im praktischen 60 g Streuglas. Schonend getrocknetes Liebst\u00f6ckel vermischt mit reinem Meersalz. Ohne Haltbarkeitsbeschr\u00e4nkung.\" \/>\n<meta property=\"og:url\" content=\"https:\/\/www.starcatering.at\/shop\/produkt\/liebstoeckel-meersalz-60g-streuglas\/\" \/>\n<meta property=\"og:site_name\" content=\"StarCatering %-Shop\" \/>\n<meta property=\"article:modified_time\" content=\"2024-07-04T19:03:36+00:00\" \/>\n<meta property=\"og:image\" content=\"https:\/\/www.starcatering.at\/shop\/wp-content\/uploads\/2023\/01\/Liebstoeckelsalz-e1672569999644.jpg\" \/>\n\t<meta property=\"og:image:width\" content=\"500\" \/>\n\t<meta property=\"og:image:height\" content=\"500\" \/>\n\t<meta property=\"og:image:type\" content=\"image\/jpeg\" \/>\n<meta name=\"twitter:card\" content=\"summary_large_image\" \/>\n<meta name=\"twitter:label1\" content=\"Gesch\u00e4tzte Lesezeit\" \/>\n\t<meta name=\"twitter:data1\" content=\"1\u00a0Minute\" \/>\n<script type=\"application\/ld+json\" class=\"yoast-schema-graph\">{\"@context\":\"https:\\\/\\\/schema.org\",\"@graph\":[{\"@type\":\"WebPage\",\"@id\":\"https:\\\/\\\/www.starcatering.at\\\/shop\\\/produkt\\\/liebstoeckel-meersalz-60g-streuglas\\\/\",\"url\":\"https:\\\/\\\/www.starcatering.at\\\/shop\\\/produkt\\\/liebstoeckel-meersalz-60g-streuglas\\\/\",\"name\":\"Liebst\u00f6ckel-Meersalz 60g Streuglas &#187; StarCatering %-Shop\",\"isPartOf\":{\"@id\":\"https:\\\/\\\/www.starcatering.at\\\/shop\\\/#website\"},\"primaryImageOfPage\":{\"@id\":\"https:\\\/\\\/www.starcatering.at\\\/shop\\\/produkt\\\/liebstoeckel-meersalz-60g-streuglas\\\/#primaryimage\"},\"image\":{\"@id\":\"https:\\\/\\\/www.starcatering.at\\\/shop\\\/produkt\\\/liebstoeckel-meersalz-60g-streuglas\\\/#primaryimage\"},\"thumbnailUrl\":\"https:\\\/\\\/www.starcatering.at\\\/shop\\\/wp-content\\\/uploads\\\/2023\\\/01\\\/Liebstoeckelsalz-e1672569999644.jpg\",\"datePublished\":\"2023-01-01T10:12:57+00:00\",\"dateModified\":\"2024-07-04T19:03:36+00:00\",\"description\":\"Bio-Liebst\u00f6ckel Meersalz im praktischen 60 g Streuglas. Schonend getrocknetes Liebst\u00f6ckel vermischt mit reinem Meersalz. Ohne Haltbarkeitsbeschr\u00e4nkung.\",\"breadcrumb\":{\"@id\":\"https:\\\/\\\/www.starcatering.at\\\/shop\\\/produkt\\\/liebstoeckel-meersalz-60g-streuglas\\\/#breadcrumb\"},\"inLanguage\":\"de\",\"potentialAction\":[{\"@type\":\"ReadAction\",\"target\":[\"https:\\\/\\\/www.starcatering.at\\\/shop\\\/produkt\\\/liebstoeckel-meersalz-60g-streuglas\\\/\"]}]},{\"@type\":\"ImageObject\",\"inLanguage\":\"de\",\"@id\":\"https:\\\/\\\/www.starcatering.at\\\/shop\\\/produkt\\\/liebstoeckel-meersalz-60g-streuglas\\\/#primaryimage\",\"url\":\"https:\\\/\\\/www.starcatering.at\\\/shop\\\/wp-content\\\/uploads\\\/2023\\\/01\\\/Liebstoeckelsalz-e1672569999644.jpg\",\"contentUrl\":\"https:\\\/\\\/www.starcatering.at\\\/shop\\\/wp-content\\\/uploads\\\/2023\\\/01\\\/Liebstoeckelsalz-e1672569999644.jpg\",\"width\":500,\"height\":500},{\"@type\":\"BreadcrumbList\",\"@id\":\"https:\\\/\\\/www.starcatering.at\\\/shop\\\/produkt\\\/liebstoeckel-meersalz-60g-streuglas\\\/#breadcrumb\",\"itemListElement\":[{\"@type\":\"ListItem\",\"position\":1,\"name\":\"Startseite\",\"item\":\"https:\\\/\\\/www.starcatering.at\\\/shop\\\/\"},{\"@type\":\"ListItem\",\"position\":2,\"name\":\"Shop\",\"item\":\"https:\\\/\\\/www.starcatering.at\\\/shop\\\/shop\\\/\"},{\"@type\":\"ListItem\",\"position\":3,\"name\":\"Liebst\u00f6ckel-Meersalz 60g Streuglas\"}]},{\"@type\":\"WebSite\",\"@id\":\"https:\\\/\\\/www.starcatering.at\\\/shop\\\/#website\",\"url\":\"https:\\\/\\\/www.starcatering.at\\\/shop\\\/\",\"name\":\"Carnuntum Foods\",\"description\":\"Abverkaufsartikel\",\"publisher\":{\"@id\":\"https:\\\/\\\/www.starcatering.at\\\/shop\\\/#organization\"},\"potentialAction\":[{\"@type\":\"SearchAction\",\"target\":{\"@type\":\"EntryPoint\",\"urlTemplate\":\"https:\\\/\\\/www.starcatering.at\\\/shop\\\/?s={search_term_string}\"},\"query-input\":{\"@type\":\"PropertyValueSpecification\",\"valueRequired\":true,\"valueName\":\"search_term_string\"}}],\"inLanguage\":\"de\"},{\"@type\":\"Organization\",\"@id\":\"https:\\\/\\\/www.starcatering.at\\\/shop\\\/#organization\",\"name\":\"Carnuntumfoods\",\"url\":\"https:\\\/\\\/www.starcatering.at\\\/shop\\\/\",\"logo\":{\"@type\":\"ImageObject\",\"inLanguage\":\"de\",\"@id\":\"https:\\\/\\\/www.starcatering.at\\\/shop\\\/#\\\/schema\\\/logo\\\/image\\\/\",\"url\":\"https:\\\/\\\/www.starcatering.at\\\/shop\\\/wp-content\\\/uploads\\\/2021\\\/08\\\/cropped-logo.png\",\"contentUrl\":\"https:\\\/\\\/www.starcatering.at\\\/shop\\\/wp-content\\\/uploads\\\/2021\\\/08\\\/cropped-logo.png\",\"width\":512,\"height\":512,\"caption\":\"Carnuntumfoods\"},\"image\":{\"@id\":\"https:\\\/\\\/www.starcatering.at\\\/shop\\\/#\\\/schema\\\/logo\\\/image\\\/\"}}]}<\/script>\n<!-- \/ Yoast SEO plugin. -->","yoast_head_json":{"title":"Liebst\u00f6ckel-Meersalz 60g Streuglas &#187; StarCatering %-Shop","description":"Bio-Liebst\u00f6ckel Meersalz im praktischen 60 g Streuglas. Schonend getrocknetes Liebst\u00f6ckel vermischt mit reinem Meersalz. Ohne Haltbarkeitsbeschr\u00e4nkung.","robots":{"index":"index","follow":"follow","max-snippet":"max-snippet:-1","max-image-preview":"max-image-preview:large","max-video-preview":"max-video-preview:-1"},"canonical":"https:\/\/www.starcatering.at\/shop\/produkt\/liebstoeckel-meersalz-60g-streuglas\/","og_locale":"de_DE","og_type":"article","og_title":"Liebst\u00f6ckel-Meersalz 60g Streuglas &#187; StarCatering %-Shop","og_description":"Bio-Liebst\u00f6ckel Meersalz im praktischen 60 g Streuglas. Schonend getrocknetes Liebst\u00f6ckel vermischt mit reinem Meersalz. Ohne Haltbarkeitsbeschr\u00e4nkung.","og_url":"https:\/\/www.starcatering.at\/shop\/produkt\/liebstoeckel-meersalz-60g-streuglas\/","og_site_name":"StarCatering %-Shop","article_modified_time":"2024-07-04T19:03:36+00:00","og_image":[{"width":500,"height":500,"url":"https:\/\/www.starcatering.at\/shop\/wp-content\/uploads\/2023\/01\/Liebstoeckelsalz-e1672569999644.jpg","type":"image\/jpeg"}],"twitter_card":"summary_large_image","twitter_misc":{"Gesch\u00e4tzte Lesezeit":"1\u00a0Minute"},"schema":{"@context":"https:\/\/schema.org","@graph":[{"@type":"WebPage","@id":"https:\/\/www.starcatering.at\/shop\/produkt\/liebstoeckel-meersalz-60g-streuglas\/","url":"https:\/\/www.starcatering.at\/shop\/produkt\/liebstoeckel-meersalz-60g-streuglas\/","name":"Liebst\u00f6ckel-Meersalz 60g Streuglas &#187; StarCatering %-Shop","isPartOf":{"@id":"https:\/\/www.starcatering.at\/shop\/#website"},"primaryImageOfPage":{"@id":"https:\/\/www.starcatering.at\/shop\/produkt\/liebstoeckel-meersalz-60g-streuglas\/#primaryimage"},"image":{"@id":"https:\/\/www.starcatering.at\/shop\/produkt\/liebstoeckel-meersalz-60g-streuglas\/#primaryimage"},"thumbnailUrl":"https:\/\/www.starcatering.at\/shop\/wp-content\/uploads\/2023\/01\/Liebstoeckelsalz-e1672569999644.jpg","datePublished":"2023-01-01T10:12:57+00:00","dateModified":"2024-07-04T19:03:36+00:00","description":"Bio-Liebst\u00f6ckel Meersalz im praktischen 60 g Streuglas. Schonend getrocknetes Liebst\u00f6ckel vermischt mit reinem Meersalz. Ohne Haltbarkeitsbeschr\u00e4nkung.","breadcrumb":{"@id":"https:\/\/www.starcatering.at\/shop\/produkt\/liebstoeckel-meersalz-60g-streuglas\/#breadcrumb"},"inLanguage":"de","potentialAction":[{"@type":"ReadAction","target":["https:\/\/www.starcatering.at\/shop\/produkt\/liebstoeckel-meersalz-60g-streuglas\/"]}]},{"@type":"ImageObject","inLanguage":"de","@id":"https:\/\/www.starcatering.at\/shop\/produkt\/liebstoeckel-meersalz-60g-streuglas\/#primaryimage","url":"https:\/\/www.starcatering.at\/shop\/wp-content\/uploads\/2023\/01\/Liebstoeckelsalz-e1672569999644.jpg","contentUrl":"https:\/\/www.starcatering.at\/shop\/wp-content\/uploads\/2023\/01\/Liebstoeckelsalz-e1672569999644.jpg","width":500,"height":500},{"@type":"BreadcrumbList","@id":"https:\/\/www.starcatering.at\/shop\/produkt\/liebstoeckel-meersalz-60g-streuglas\/#breadcrumb","itemListElement":[{"@type":"ListItem","position":1,"name":"Startseite","item":"https:\/\/www.starcatering.at\/shop\/"},{"@type":"ListItem","position":2,"name":"Shop","item":"https:\/\/www.starcatering.at\/shop\/shop\/"},{"@type":"ListItem","position":3,"name":"Liebst\u00f6ckel-Meersalz 60g Streuglas"}]},{"@type":"WebSite","@id":"https:\/\/www.starcatering.at\/shop\/#website","url":"https:\/\/www.starcatering.at\/shop\/","name":"Carnuntum Foods","description":"Abverkaufsartikel","publisher":{"@id":"https:\/\/www.starcatering.at\/shop\/#organization"},"potentialAction":[{"@type":"SearchAction","target":{"@type":"EntryPoint","urlTemplate":"https:\/\/www.starcatering.at\/shop\/?s={search_term_string}"},"query-input":{"@type":"PropertyValueSpecification","valueRequired":true,"valueName":"search_term_string"}}],"inLanguage":"de"},{"@type":"Organization","@id":"https:\/\/www.starcatering.at\/shop\/#organization","name":"Carnuntumfoods","url":"https:\/\/www.starcatering.at\/shop\/","logo":{"@type":"ImageObject","inLanguage":"de","@id":"https:\/\/www.starcatering.at\/shop\/#\/schema\/logo\/image\/","url":"https:\/\/www.starcatering.at\/shop\/wp-content\/uploads\/2021\/08\/cropped-logo.png","contentUrl":"https:\/\/www.starcatering.at\/shop\/wp-content\/uploads\/2021\/08\/cropped-logo.png","width":512,"height":512,"caption":"Carnuntumfoods"},"image":{"@id":"https:\/\/www.starcatering.at\/shop\/#\/schema\/logo\/image\/"}}]}},"_links":{"self":[{"href":"https:\/\/www.starcatering.at\/shop\/wp-json\/wp\/v2\/product\/7753","targetHints":{"allow":["GET"]}}],"collection":[{"href":"https:\/\/www.starcatering.at\/shop\/wp-json\/wp\/v2\/product"}],"about":[{"href":"https:\/\/www.starcatering.at\/shop\/wp-json\/wp\/v2\/types\/product"}],"replies":[{"embeddable":true,"href":"https:\/\/www.starcatering.at\/shop\/wp-json\/wp\/v2\/comments?post=7753"}],"wp:featuredmedia":[{"embeddable":true,"href":"https:\/\/www.starcatering.at\/shop\/wp-json\/wp\/v2\/media\/7789"}],"wp:attachment":[{"href":"https:\/\/www.starcatering.at\/shop\/wp-json\/wp\/v2\/media?parent=7753"}],"wp:term":[{"taxonomy":"product_brand","embeddable":true,"href":"https:\/\/www.starcatering.at\/shop\/wp-json\/wp\/v2\/product_brand?post=7753"},{"taxonomy":"product_cat","embeddable":true,"href":"https:\/\/www.starcatering.at\/shop\/wp-json\/wp\/v2\/product_cat?post=7753"},{"taxonomy":"product_tag","embeddable":true,"href":"https:\/\/www.starcatering.at\/shop\/wp-json\/wp\/v2\/product_tag?post=7753"}],"curies":[{"name":"wp","href":"https:\/\/api.w.org\/{rel}","templated":true}]}}