{"id":7800,"date":"2024-07-24T22:37:13","date_gmt":"2024-07-24T20:37:13","guid":{"rendered":"https:\/\/www.starcatering.at\/shop\/?post_type=product&#038;p=7800"},"modified":"2025-09-18T17:23:10","modified_gmt":"2025-09-18T15:23:10","slug":"brezelstaender-holz-35cm","status":"publish","type":"product","link":"https:\/\/www.starcatering.at\/shop\/produkt\/brezelstaender-holz-35cm\/","title":{"rendered":"Brezelst\u00e4nder Holz 35cm (kaum gebraucht)"},"content":{"rendered":"<p>Dieser stabile St\u00e4nder aus unbehandeltem Bambus-Holz hat 6 praktische Arme und bietet Platz f\u00fcr ca. 18 Brezeln. Platzsparend kann hier jedoch nicht nur das bayrische Laugengeb\u00e4ck sondern auch rauchige W\u00fcrste, glasierte Donuts oder Bagels pr\u00e4sentiert werden.<\/p>\n","protected":false},"excerpt":{"rendered":"<p>&#8211; hochwertige, ansprechende Pr\u00e4sentation<br \/>\n&#8211; ca. 18 Brezen oder Wurst-Paare<br \/>\n&#8211; ideal f\u00fcr die B\u00e4ckerei, Hotellerie, Gastronomie und im Catering<br \/>\n&#8211; vielseitig best\u00fcckbar<\/p>\n<p>Material: ge\u00f6ltes FSC-zertifiziertes Buchenholz<\/p>\n","protected":false},"featured_media":7801,"comment_status":"open","ping_status":"closed","template":"","meta":{"_et_pb_use_builder":"","_et_pb_old_content":"","_et_gb_content_width":""},"product_brand":[],"product_cat":[259],"product_tag":[544,543,417,545,369],"class_list":{"0":"post-7800","1":"product","2":"type-product","3":"status-publish","4":"has-post-thumbnail","6":"product_cat-buffetequipment","7":"product_tag-brezel","8":"product_tag-brezelstaender","9":"product_tag-holz","10":"product_tag-holzstaender","11":"product_tag-tisch","13":"first","14":"instock","15":"sale","16":"taxable","17":"shipping-taxable","18":"purchasable","19":"product-type-simple"},"yoast_head":"<!-- This site is optimized with the Yoast SEO plugin v27.5 - https:\/\/yoast.com\/product\/yoast-seo-wordpress\/ -->\n<title>Brezelst\u00e4nder Holz 35cm (kaum gebraucht) &#187; StarCatering %-Shop<\/title>\n<meta name=\"description\" content=\"Brezelst\u00e4nder Holz 35cm (kaum gebraucht)\" \/>\n<meta name=\"robots\" content=\"index, follow, max-snippet:-1, max-image-preview:large, max-video-preview:-1\" \/>\n<link rel=\"canonical\" href=\"https:\/\/www.starcatering.at\/shop\/produkt\/brezelstaender-holz-35cm\/\" \/>\n<meta property=\"og:locale\" content=\"de_DE\" \/>\n<meta property=\"og:type\" content=\"article\" \/>\n<meta property=\"og:title\" content=\"Brezelst\u00e4nder Holz 35cm (kaum gebraucht)\" \/>\n<meta property=\"og:description\" content=\"Brezelst\u00e4nder Holz 35cm (kaum gebraucht)\" \/>\n<meta property=\"og:url\" content=\"https:\/\/www.starcatering.at\/shop\/produkt\/brezelstaender-holz-35cm\/\" \/>\n<meta property=\"og:site_name\" content=\"StarCatering %-Shop\" \/>\n<meta property=\"article:modified_time\" content=\"2025-09-18T15:23:10+00:00\" \/>\n<meta property=\"og:image\" content=\"https:\/\/www.starcatering.at\/shop\/wp-content\/uploads\/2023\/01\/Brezelstaender-35cm.jpg\" \/>\n\t<meta property=\"og:image:width\" content=\"500\" \/>\n\t<meta property=\"og:image:height\" content=\"500\" \/>\n\t<meta property=\"og:image:type\" content=\"image\/jpeg\" \/>\n<meta name=\"twitter:card\" content=\"summary_large_image\" \/>\n<meta name=\"twitter:label1\" content=\"Gesch\u00e4tzte Lesezeit\" \/>\n\t<meta name=\"twitter:data1\" content=\"1\u00a0Minute\" \/>\n<script type=\"application\/ld+json\" class=\"yoast-schema-graph\">{\"@context\":\"https:\\\/\\\/schema.org\",\"@graph\":[{\"@type\":\"WebPage\",\"@id\":\"https:\\\/\\\/www.starcatering.at\\\/shop\\\/produkt\\\/brezelstaender-holz-35cm\\\/\",\"url\":\"https:\\\/\\\/www.starcatering.at\\\/shop\\\/produkt\\\/brezelstaender-holz-35cm\\\/\",\"name\":\"Brezelst\u00e4nder Holz 35cm (kaum gebraucht) &#187; StarCatering %-Shop\",\"isPartOf\":{\"@id\":\"https:\\\/\\\/www.starcatering.at\\\/shop\\\/#website\"},\"primaryImageOfPage\":{\"@id\":\"https:\\\/\\\/www.starcatering.at\\\/shop\\\/produkt\\\/brezelstaender-holz-35cm\\\/#primaryimage\"},\"image\":{\"@id\":\"https:\\\/\\\/www.starcatering.at\\\/shop\\\/produkt\\\/brezelstaender-holz-35cm\\\/#primaryimage\"},\"thumbnailUrl\":\"https:\\\/\\\/www.starcatering.at\\\/shop\\\/wp-content\\\/uploads\\\/2023\\\/01\\\/Brezelstaender-35cm.jpg\",\"datePublished\":\"2024-07-24T20:37:13+00:00\",\"dateModified\":\"2025-09-18T15:23:10+00:00\",\"description\":\"Brezelst\u00e4nder Holz 35cm (kaum gebraucht)\",\"breadcrumb\":{\"@id\":\"https:\\\/\\\/www.starcatering.at\\\/shop\\\/produkt\\\/brezelstaender-holz-35cm\\\/#breadcrumb\"},\"inLanguage\":\"de\",\"potentialAction\":[{\"@type\":\"ReadAction\",\"target\":[\"https:\\\/\\\/www.starcatering.at\\\/shop\\\/produkt\\\/brezelstaender-holz-35cm\\\/\"]}]},{\"@type\":\"ImageObject\",\"inLanguage\":\"de\",\"@id\":\"https:\\\/\\\/www.starcatering.at\\\/shop\\\/produkt\\\/brezelstaender-holz-35cm\\\/#primaryimage\",\"url\":\"https:\\\/\\\/www.starcatering.at\\\/shop\\\/wp-content\\\/uploads\\\/2023\\\/01\\\/Brezelstaender-35cm.jpg\",\"contentUrl\":\"https:\\\/\\\/www.starcatering.at\\\/shop\\\/wp-content\\\/uploads\\\/2023\\\/01\\\/Brezelstaender-35cm.jpg\",\"width\":500,\"height\":500},{\"@type\":\"BreadcrumbList\",\"@id\":\"https:\\\/\\\/www.starcatering.at\\\/shop\\\/produkt\\\/brezelstaender-holz-35cm\\\/#breadcrumb\",\"itemListElement\":[{\"@type\":\"ListItem\",\"position\":1,\"name\":\"Startseite\",\"item\":\"https:\\\/\\\/www.starcatering.at\\\/shop\\\/\"},{\"@type\":\"ListItem\",\"position\":2,\"name\":\"Shop\",\"item\":\"https:\\\/\\\/www.starcatering.at\\\/shop\\\/shop\\\/\"},{\"@type\":\"ListItem\",\"position\":3,\"name\":\"Brezelst\u00e4nder Holz 35cm (kaum gebraucht)\"}]},{\"@type\":\"WebSite\",\"@id\":\"https:\\\/\\\/www.starcatering.at\\\/shop\\\/#website\",\"url\":\"https:\\\/\\\/www.starcatering.at\\\/shop\\\/\",\"name\":\"Carnuntum Foods\",\"description\":\"Abverkaufsartikel\",\"publisher\":{\"@id\":\"https:\\\/\\\/www.starcatering.at\\\/shop\\\/#organization\"},\"potentialAction\":[{\"@type\":\"SearchAction\",\"target\":{\"@type\":\"EntryPoint\",\"urlTemplate\":\"https:\\\/\\\/www.starcatering.at\\\/shop\\\/?s={search_term_string}\"},\"query-input\":{\"@type\":\"PropertyValueSpecification\",\"valueRequired\":true,\"valueName\":\"search_term_string\"}}],\"inLanguage\":\"de\"},{\"@type\":\"Organization\",\"@id\":\"https:\\\/\\\/www.starcatering.at\\\/shop\\\/#organization\",\"name\":\"Carnuntumfoods\",\"url\":\"https:\\\/\\\/www.starcatering.at\\\/shop\\\/\",\"logo\":{\"@type\":\"ImageObject\",\"inLanguage\":\"de\",\"@id\":\"https:\\\/\\\/www.starcatering.at\\\/shop\\\/#\\\/schema\\\/logo\\\/image\\\/\",\"url\":\"https:\\\/\\\/www.starcatering.at\\\/shop\\\/wp-content\\\/uploads\\\/2021\\\/08\\\/cropped-logo.png\",\"contentUrl\":\"https:\\\/\\\/www.starcatering.at\\\/shop\\\/wp-content\\\/uploads\\\/2021\\\/08\\\/cropped-logo.png\",\"width\":512,\"height\":512,\"caption\":\"Carnuntumfoods\"},\"image\":{\"@id\":\"https:\\\/\\\/www.starcatering.at\\\/shop\\\/#\\\/schema\\\/logo\\\/image\\\/\"}}]}<\/script>\n<!-- \/ Yoast SEO plugin. -->","yoast_head_json":{"title":"Brezelst\u00e4nder Holz 35cm (kaum gebraucht) &#187; StarCatering %-Shop","description":"Brezelst\u00e4nder Holz 35cm (kaum gebraucht)","robots":{"index":"index","follow":"follow","max-snippet":"max-snippet:-1","max-image-preview":"max-image-preview:large","max-video-preview":"max-video-preview:-1"},"canonical":"https:\/\/www.starcatering.at\/shop\/produkt\/brezelstaender-holz-35cm\/","og_locale":"de_DE","og_type":"article","og_title":"Brezelst\u00e4nder Holz 35cm (kaum gebraucht)","og_description":"Brezelst\u00e4nder Holz 35cm (kaum gebraucht)","og_url":"https:\/\/www.starcatering.at\/shop\/produkt\/brezelstaender-holz-35cm\/","og_site_name":"StarCatering %-Shop","article_modified_time":"2025-09-18T15:23:10+00:00","og_image":[{"width":500,"height":500,"url":"https:\/\/www.starcatering.at\/shop\/wp-content\/uploads\/2023\/01\/Brezelstaender-35cm.jpg","type":"image\/jpeg"}],"twitter_card":"summary_large_image","twitter_misc":{"Gesch\u00e4tzte Lesezeit":"1\u00a0Minute"},"schema":{"@context":"https:\/\/schema.org","@graph":[{"@type":"WebPage","@id":"https:\/\/www.starcatering.at\/shop\/produkt\/brezelstaender-holz-35cm\/","url":"https:\/\/www.starcatering.at\/shop\/produkt\/brezelstaender-holz-35cm\/","name":"Brezelst\u00e4nder Holz 35cm (kaum gebraucht) &#187; StarCatering %-Shop","isPartOf":{"@id":"https:\/\/www.starcatering.at\/shop\/#website"},"primaryImageOfPage":{"@id":"https:\/\/www.starcatering.at\/shop\/produkt\/brezelstaender-holz-35cm\/#primaryimage"},"image":{"@id":"https:\/\/www.starcatering.at\/shop\/produkt\/brezelstaender-holz-35cm\/#primaryimage"},"thumbnailUrl":"https:\/\/www.starcatering.at\/shop\/wp-content\/uploads\/2023\/01\/Brezelstaender-35cm.jpg","datePublished":"2024-07-24T20:37:13+00:00","dateModified":"2025-09-18T15:23:10+00:00","description":"Brezelst\u00e4nder Holz 35cm (kaum gebraucht)","breadcrumb":{"@id":"https:\/\/www.starcatering.at\/shop\/produkt\/brezelstaender-holz-35cm\/#breadcrumb"},"inLanguage":"de","potentialAction":[{"@type":"ReadAction","target":["https:\/\/www.starcatering.at\/shop\/produkt\/brezelstaender-holz-35cm\/"]}]},{"@type":"ImageObject","inLanguage":"de","@id":"https:\/\/www.starcatering.at\/shop\/produkt\/brezelstaender-holz-35cm\/#primaryimage","url":"https:\/\/www.starcatering.at\/shop\/wp-content\/uploads\/2023\/01\/Brezelstaender-35cm.jpg","contentUrl":"https:\/\/www.starcatering.at\/shop\/wp-content\/uploads\/2023\/01\/Brezelstaender-35cm.jpg","width":500,"height":500},{"@type":"BreadcrumbList","@id":"https:\/\/www.starcatering.at\/shop\/produkt\/brezelstaender-holz-35cm\/#breadcrumb","itemListElement":[{"@type":"ListItem","position":1,"name":"Startseite","item":"https:\/\/www.starcatering.at\/shop\/"},{"@type":"ListItem","position":2,"name":"Shop","item":"https:\/\/www.starcatering.at\/shop\/shop\/"},{"@type":"ListItem","position":3,"name":"Brezelst\u00e4nder Holz 35cm (kaum gebraucht)"}]},{"@type":"WebSite","@id":"https:\/\/www.starcatering.at\/shop\/#website","url":"https:\/\/www.starcatering.at\/shop\/","name":"Carnuntum Foods","description":"Abverkaufsartikel","publisher":{"@id":"https:\/\/www.starcatering.at\/shop\/#organization"},"potentialAction":[{"@type":"SearchAction","target":{"@type":"EntryPoint","urlTemplate":"https:\/\/www.starcatering.at\/shop\/?s={search_term_string}"},"query-input":{"@type":"PropertyValueSpecification","valueRequired":true,"valueName":"search_term_string"}}],"inLanguage":"de"},{"@type":"Organization","@id":"https:\/\/www.starcatering.at\/shop\/#organization","name":"Carnuntumfoods","url":"https:\/\/www.starcatering.at\/shop\/","logo":{"@type":"ImageObject","inLanguage":"de","@id":"https:\/\/www.starcatering.at\/shop\/#\/schema\/logo\/image\/","url":"https:\/\/www.starcatering.at\/shop\/wp-content\/uploads\/2021\/08\/cropped-logo.png","contentUrl":"https:\/\/www.starcatering.at\/shop\/wp-content\/uploads\/2021\/08\/cropped-logo.png","width":512,"height":512,"caption":"Carnuntumfoods"},"image":{"@id":"https:\/\/www.starcatering.at\/shop\/#\/schema\/logo\/image\/"}}]}},"_links":{"self":[{"href":"https:\/\/www.starcatering.at\/shop\/wp-json\/wp\/v2\/product\/7800","targetHints":{"allow":["GET"]}}],"collection":[{"href":"https:\/\/www.starcatering.at\/shop\/wp-json\/wp\/v2\/product"}],"about":[{"href":"https:\/\/www.starcatering.at\/shop\/wp-json\/wp\/v2\/types\/product"}],"replies":[{"embeddable":true,"href":"https:\/\/www.starcatering.at\/shop\/wp-json\/wp\/v2\/comments?post=7800"}],"wp:featuredmedia":[{"embeddable":true,"href":"https:\/\/www.starcatering.at\/shop\/wp-json\/wp\/v2\/media\/7801"}],"wp:attachment":[{"href":"https:\/\/www.starcatering.at\/shop\/wp-json\/wp\/v2\/media?parent=7800"}],"wp:term":[{"taxonomy":"product_brand","embeddable":true,"href":"https:\/\/www.starcatering.at\/shop\/wp-json\/wp\/v2\/product_brand?post=7800"},{"taxonomy":"product_cat","embeddable":true,"href":"https:\/\/www.starcatering.at\/shop\/wp-json\/wp\/v2\/product_cat?post=7800"},{"taxonomy":"product_tag","embeddable":true,"href":"https:\/\/www.starcatering.at\/shop\/wp-json\/wp\/v2\/product_tag?post=7800"}],"curies":[{"name":"wp","href":"https:\/\/api.w.org\/{rel}","templated":true}]}}