{"id":8042,"date":"2025-04-07T00:19:40","date_gmt":"2025-04-06T22:19:40","guid":{"rendered":"https:\/\/www.starcatering.at\/shop\/?post_type=product&#038;p=8042"},"modified":"2025-08-02T10:58:55","modified_gmt":"2025-08-02T08:58:55","slug":"bodenhacke-iem800s","status":"publish","type":"product","link":"https:\/\/www.starcatering.at\/shop\/produkt\/bodenhacke-iem800s\/","title":{"rendered":"Bodenhacke Kultivator IEM 800S (wenig gebraucht)"},"content":{"rendered":"<h5 class=\"a-spacing-mini a-color-secondary\">IKRA Elektro Bodenhacke IEM 800 S<\/h5>\n<p class=\"a-spacing-base\">Die Elektro Motorbodenfr\u00e4se lockert den Boden ohne gro\u00dfen Kraftaufwand. Mit einer Motorleistung von 800 Watt leistet die Gartenhacke ganze Arbeit und schont Ihre Kr\u00e4fte. Durch den niedrigen Ger\u00e4uschpegel des Hochleistungs-Motors k\u00f6nnen Sie entspannt arbeiten. Die 16 Messer sorgen f\u00fcr eine Bodenauflockerung bis in eine Tiefe von 20cm. Selbst\u00e4ndig und ohne Kraftaufwand arbeitet sich die Beethacke auf einer Breite von 30 cm in die Tiefe. Die Arbeitstiefe der Bodenhacke ist variabel einstellbar. Das robuste Schneckengetriebe l\u00e4uft in einem \u00d6lbad und ist somit durchgehend geschmiert &amp; wartungsfrei. Der Hacksporn hat am oberen Ende das Transportrad, welches zum Transport nach unten gewendet werden kann. Die Elektro-Gartenfr\u00e4se ist mit einer elektronischen Sicherheitsbremse ausgestattet. Eine Einschaltsperre oben rechts verhindert ein unbeabsichtigtes Einschalten der Elektro-Bodenhacke. Bei \u00dcberhitzung schaltet der \u00dcberlastschutz die Gartenfr\u00e4se automatisch ab. So ist der Motor gesch\u00fctzt.<\/p>\n<h5 class=\"a-spacing-mini a-color-secondary\">N\u00fctzliche Kabelzugentlastung an der Motorhacke<\/h5>\n<p class=\"a-spacing-base\">Die Kabelzugentlastung befindet sich rechts am Gest\u00e4nge der Elektro Motorhacke. Die Steckverbindung bleibt dadurch perfekt fixiert und verliert zu keiner Zeit den Halt. Die Kabelzugentlastung verhindert also das versehentliche Lockern und L\u00f6sen des Verl\u00e4ngerungskabels. Das Kabel wird zudem durch diese praktische Einrichtung am K\u00f6rper vorbeigef\u00fchrt, ist also bei der Gartenarbeit nicht im Weg.<\/p>\n<h5 class=\"a-spacing-mini a-color-secondary\">Platzsparende Lagerung der Bodenhacke<\/h5>\n<p class=\"a-spacing-base\">Nach der Gartenarbeit l\u00e4sst sich der Elektro Bodenfr\u00e4ser leicht und platzsparend verstauen. Das beschichtete und stabile Gest\u00e4nge l\u00e4sst sich schnell und einfach zusammenklappen. Lagern Sie die Bodenhacke platzsparend in Ihrer Garage oder in der Gartenlaube. Schonen Sie Ihre Kr\u00e4fte bei jedem Einsatz \u2013 verabschieden Sie sich von der kr\u00e4ftezehrenden und zeitraubenden Arbeit mit Spaten und Harke!<\/p>\n","protected":false},"excerpt":{"rendered":"<ul>\n<li><strong>Ger\u00e4t war nur 3-4x ca. 2h im Einsatz, also fast neuwertig.<\/strong><\/li>\n<li>Verpackung noch vorhanden.<\/li>\n<li>Fotos 1-3 Herstellerfotos, Fotos 4-5 aktueller Produktzustand<\/li>\n<\/ul>\n<ul class=\"a-unordered-list a-vertical\">\n<li><span class=\"a-list-item\"><span class=\"a-size-base\">Leistung: 800 W<\/span><\/span><\/li>\n<li><span class=\"a-list-item\"><span class=\"a-size-base\">Spannung: 230 V<\/span><\/span><\/li>\n<li><span class=\"a-list-item\"><span class=\"a-size-base\">Arbeitsbreite: 30 cm<\/span><\/span><\/li>\n<li><span class=\"a-list-item\"><span class=\"a-size-base\">Arbeitstiefe bis zu: 20 cm<\/span><\/span><\/li>\n<li><span class=\"a-list-item\"><span class=\"a-size-base\">Bremse: elektronisch<\/span><\/span><\/li>\n<li><span class=\"a-list-item\"><span class=\"a-size-base\">Schallleistungspegel: 93 dB(A)<\/span><\/span><\/li>\n<li><span class=\"a-list-item\"><span class=\"a-size-base\">Gewicht: ca. 8,0 kg<\/span><\/span><\/li>\n<\/ul>\n","protected":false},"featured_media":8043,"comment_status":"open","ping_status":"closed","template":"","meta":{"_et_pb_use_builder":"","_et_pb_old_content":"","_et_gb_content_width":""},"product_brand":[],"product_cat":[556],"product_tag":[2804,710,709,711,574,712],"class_list":{"0":"post-8042","1":"product","2":"type-product","3":"status-publish","4":"has-post-thumbnail","6":"product_cat-garten-werkstatt","7":"product_tag-ackern","8":"product_tag-beet","9":"product_tag-erde","10":"product_tag-fraese","11":"product_tag-garten","12":"product_tag-motorhacke","13":"product_shipping_class-zerbrechlich","15":"first","16":"instock","17":"sale","18":"taxable","19":"shipping-taxable","20":"purchasable","21":"product-type-simple"},"yoast_head":"<!-- This site is optimized with the Yoast SEO plugin v27.5 - https:\/\/yoast.com\/product\/yoast-seo-wordpress\/ -->\n<title>Bodenhacke Kultivator IEM 800S (wenig gebraucht) &#187; StarCatering %-Shop<\/title>\n<meta name=\"description\" content=\"Bodenhacke Kultivator IEM 800S (wenig gebraucht)\" \/>\n<meta name=\"robots\" content=\"index, follow, max-snippet:-1, max-image-preview:large, max-video-preview:-1\" \/>\n<link rel=\"canonical\" href=\"https:\/\/www.starcatering.at\/shop\/produkt\/bodenhacke-iem800s\/\" \/>\n<meta property=\"og:locale\" content=\"de_DE\" \/>\n<meta property=\"og:type\" content=\"article\" \/>\n<meta property=\"og:title\" content=\"Bodenhacke Kultivator IEM 800S (wenig gebraucht)\" \/>\n<meta property=\"og:description\" content=\"Bodenhacke Kultivator IEM 800S (wenig gebraucht)\" \/>\n<meta property=\"og:url\" content=\"https:\/\/www.starcatering.at\/shop\/produkt\/bodenhacke-iem800s\/\" \/>\n<meta property=\"og:site_name\" content=\"StarCatering %-Shop\" \/>\n<meta property=\"article:modified_time\" content=\"2025-08-02T08:58:55+00:00\" \/>\n<meta property=\"og:image\" content=\"https:\/\/www.starcatering.at\/shop\/wp-content\/uploads\/2023\/01\/Gartenfraese-4.jpg\" \/>\n\t<meta property=\"og:image:width\" content=\"600\" \/>\n\t<meta property=\"og:image:height\" content=\"600\" \/>\n\t<meta property=\"og:image:type\" content=\"image\/jpeg\" \/>\n<meta name=\"twitter:card\" content=\"summary_large_image\" \/>\n<meta name=\"twitter:label1\" content=\"Gesch\u00e4tzte Lesezeit\" \/>\n\t<meta name=\"twitter:data1\" content=\"2\u00a0Minuten\" \/>\n<script type=\"application\/ld+json\" class=\"yoast-schema-graph\">{\"@context\":\"https:\\\/\\\/schema.org\",\"@graph\":[{\"@type\":\"WebPage\",\"@id\":\"https:\\\/\\\/www.starcatering.at\\\/shop\\\/produkt\\\/bodenhacke-iem800s\\\/\",\"url\":\"https:\\\/\\\/www.starcatering.at\\\/shop\\\/produkt\\\/bodenhacke-iem800s\\\/\",\"name\":\"Bodenhacke Kultivator IEM 800S (wenig gebraucht) &#187; StarCatering %-Shop\",\"isPartOf\":{\"@id\":\"https:\\\/\\\/www.starcatering.at\\\/shop\\\/#website\"},\"primaryImageOfPage\":{\"@id\":\"https:\\\/\\\/www.starcatering.at\\\/shop\\\/produkt\\\/bodenhacke-iem800s\\\/#primaryimage\"},\"image\":{\"@id\":\"https:\\\/\\\/www.starcatering.at\\\/shop\\\/produkt\\\/bodenhacke-iem800s\\\/#primaryimage\"},\"thumbnailUrl\":\"https:\\\/\\\/www.starcatering.at\\\/shop\\\/wp-content\\\/uploads\\\/2023\\\/01\\\/Gartenfraese-1.jpg\",\"datePublished\":\"2025-04-06T22:19:40+00:00\",\"dateModified\":\"2025-08-02T08:58:55+00:00\",\"description\":\"Bodenhacke Kultivator IEM 800S (wenig gebraucht)\",\"breadcrumb\":{\"@id\":\"https:\\\/\\\/www.starcatering.at\\\/shop\\\/produkt\\\/bodenhacke-iem800s\\\/#breadcrumb\"},\"inLanguage\":\"de\",\"potentialAction\":[{\"@type\":\"ReadAction\",\"target\":[\"https:\\\/\\\/www.starcatering.at\\\/shop\\\/produkt\\\/bodenhacke-iem800s\\\/\"]}]},{\"@type\":\"ImageObject\",\"inLanguage\":\"de\",\"@id\":\"https:\\\/\\\/www.starcatering.at\\\/shop\\\/produkt\\\/bodenhacke-iem800s\\\/#primaryimage\",\"url\":\"https:\\\/\\\/www.starcatering.at\\\/shop\\\/wp-content\\\/uploads\\\/2023\\\/01\\\/Gartenfraese-1.jpg\",\"contentUrl\":\"https:\\\/\\\/www.starcatering.at\\\/shop\\\/wp-content\\\/uploads\\\/2023\\\/01\\\/Gartenfraese-1.jpg\",\"width\":500,\"height\":500},{\"@type\":\"BreadcrumbList\",\"@id\":\"https:\\\/\\\/www.starcatering.at\\\/shop\\\/produkt\\\/bodenhacke-iem800s\\\/#breadcrumb\",\"itemListElement\":[{\"@type\":\"ListItem\",\"position\":1,\"name\":\"Startseite\",\"item\":\"https:\\\/\\\/www.starcatering.at\\\/shop\\\/\"},{\"@type\":\"ListItem\",\"position\":2,\"name\":\"Shop\",\"item\":\"https:\\\/\\\/www.starcatering.at\\\/shop\\\/shop\\\/\"},{\"@type\":\"ListItem\",\"position\":3,\"name\":\"Bodenhacke Kultivator IEM 800S (wenig gebraucht)\"}]},{\"@type\":\"WebSite\",\"@id\":\"https:\\\/\\\/www.starcatering.at\\\/shop\\\/#website\",\"url\":\"https:\\\/\\\/www.starcatering.at\\\/shop\\\/\",\"name\":\"Carnuntum Foods\",\"description\":\"Abverkaufsartikel\",\"publisher\":{\"@id\":\"https:\\\/\\\/www.starcatering.at\\\/shop\\\/#organization\"},\"potentialAction\":[{\"@type\":\"SearchAction\",\"target\":{\"@type\":\"EntryPoint\",\"urlTemplate\":\"https:\\\/\\\/www.starcatering.at\\\/shop\\\/?s={search_term_string}\"},\"query-input\":{\"@type\":\"PropertyValueSpecification\",\"valueRequired\":true,\"valueName\":\"search_term_string\"}}],\"inLanguage\":\"de\"},{\"@type\":\"Organization\",\"@id\":\"https:\\\/\\\/www.starcatering.at\\\/shop\\\/#organization\",\"name\":\"Carnuntumfoods\",\"url\":\"https:\\\/\\\/www.starcatering.at\\\/shop\\\/\",\"logo\":{\"@type\":\"ImageObject\",\"inLanguage\":\"de\",\"@id\":\"https:\\\/\\\/www.starcatering.at\\\/shop\\\/#\\\/schema\\\/logo\\\/image\\\/\",\"url\":\"https:\\\/\\\/www.starcatering.at\\\/shop\\\/wp-content\\\/uploads\\\/2021\\\/08\\\/cropped-logo.png\",\"contentUrl\":\"https:\\\/\\\/www.starcatering.at\\\/shop\\\/wp-content\\\/uploads\\\/2021\\\/08\\\/cropped-logo.png\",\"width\":512,\"height\":512,\"caption\":\"Carnuntumfoods\"},\"image\":{\"@id\":\"https:\\\/\\\/www.starcatering.at\\\/shop\\\/#\\\/schema\\\/logo\\\/image\\\/\"}}]}<\/script>\n<!-- \/ Yoast SEO plugin. -->","yoast_head_json":{"title":"Bodenhacke Kultivator IEM 800S (wenig gebraucht) &#187; StarCatering %-Shop","description":"Bodenhacke Kultivator IEM 800S (wenig gebraucht)","robots":{"index":"index","follow":"follow","max-snippet":"max-snippet:-1","max-image-preview":"max-image-preview:large","max-video-preview":"max-video-preview:-1"},"canonical":"https:\/\/www.starcatering.at\/shop\/produkt\/bodenhacke-iem800s\/","og_locale":"de_DE","og_type":"article","og_title":"Bodenhacke Kultivator IEM 800S (wenig gebraucht)","og_description":"Bodenhacke Kultivator IEM 800S (wenig gebraucht)","og_url":"https:\/\/www.starcatering.at\/shop\/produkt\/bodenhacke-iem800s\/","og_site_name":"StarCatering %-Shop","article_modified_time":"2025-08-02T08:58:55+00:00","og_image":[{"width":600,"height":600,"url":"https:\/\/www.starcatering.at\/shop\/wp-content\/uploads\/2023\/01\/Gartenfraese-4.jpg","type":"image\/jpeg"}],"twitter_card":"summary_large_image","twitter_misc":{"Gesch\u00e4tzte Lesezeit":"2\u00a0Minuten"},"schema":{"@context":"https:\/\/schema.org","@graph":[{"@type":"WebPage","@id":"https:\/\/www.starcatering.at\/shop\/produkt\/bodenhacke-iem800s\/","url":"https:\/\/www.starcatering.at\/shop\/produkt\/bodenhacke-iem800s\/","name":"Bodenhacke Kultivator IEM 800S (wenig gebraucht) &#187; StarCatering %-Shop","isPartOf":{"@id":"https:\/\/www.starcatering.at\/shop\/#website"},"primaryImageOfPage":{"@id":"https:\/\/www.starcatering.at\/shop\/produkt\/bodenhacke-iem800s\/#primaryimage"},"image":{"@id":"https:\/\/www.starcatering.at\/shop\/produkt\/bodenhacke-iem800s\/#primaryimage"},"thumbnailUrl":"https:\/\/www.starcatering.at\/shop\/wp-content\/uploads\/2023\/01\/Gartenfraese-1.jpg","datePublished":"2025-04-06T22:19:40+00:00","dateModified":"2025-08-02T08:58:55+00:00","description":"Bodenhacke Kultivator IEM 800S (wenig gebraucht)","breadcrumb":{"@id":"https:\/\/www.starcatering.at\/shop\/produkt\/bodenhacke-iem800s\/#breadcrumb"},"inLanguage":"de","potentialAction":[{"@type":"ReadAction","target":["https:\/\/www.starcatering.at\/shop\/produkt\/bodenhacke-iem800s\/"]}]},{"@type":"ImageObject","inLanguage":"de","@id":"https:\/\/www.starcatering.at\/shop\/produkt\/bodenhacke-iem800s\/#primaryimage","url":"https:\/\/www.starcatering.at\/shop\/wp-content\/uploads\/2023\/01\/Gartenfraese-1.jpg","contentUrl":"https:\/\/www.starcatering.at\/shop\/wp-content\/uploads\/2023\/01\/Gartenfraese-1.jpg","width":500,"height":500},{"@type":"BreadcrumbList","@id":"https:\/\/www.starcatering.at\/shop\/produkt\/bodenhacke-iem800s\/#breadcrumb","itemListElement":[{"@type":"ListItem","position":1,"name":"Startseite","item":"https:\/\/www.starcatering.at\/shop\/"},{"@type":"ListItem","position":2,"name":"Shop","item":"https:\/\/www.starcatering.at\/shop\/shop\/"},{"@type":"ListItem","position":3,"name":"Bodenhacke Kultivator IEM 800S (wenig gebraucht)"}]},{"@type":"WebSite","@id":"https:\/\/www.starcatering.at\/shop\/#website","url":"https:\/\/www.starcatering.at\/shop\/","name":"Carnuntum Foods","description":"Abverkaufsartikel","publisher":{"@id":"https:\/\/www.starcatering.at\/shop\/#organization"},"potentialAction":[{"@type":"SearchAction","target":{"@type":"EntryPoint","urlTemplate":"https:\/\/www.starcatering.at\/shop\/?s={search_term_string}"},"query-input":{"@type":"PropertyValueSpecification","valueRequired":true,"valueName":"search_term_string"}}],"inLanguage":"de"},{"@type":"Organization","@id":"https:\/\/www.starcatering.at\/shop\/#organization","name":"Carnuntumfoods","url":"https:\/\/www.starcatering.at\/shop\/","logo":{"@type":"ImageObject","inLanguage":"de","@id":"https:\/\/www.starcatering.at\/shop\/#\/schema\/logo\/image\/","url":"https:\/\/www.starcatering.at\/shop\/wp-content\/uploads\/2021\/08\/cropped-logo.png","contentUrl":"https:\/\/www.starcatering.at\/shop\/wp-content\/uploads\/2021\/08\/cropped-logo.png","width":512,"height":512,"caption":"Carnuntumfoods"},"image":{"@id":"https:\/\/www.starcatering.at\/shop\/#\/schema\/logo\/image\/"}}]}},"_links":{"self":[{"href":"https:\/\/www.starcatering.at\/shop\/wp-json\/wp\/v2\/product\/8042","targetHints":{"allow":["GET"]}}],"collection":[{"href":"https:\/\/www.starcatering.at\/shop\/wp-json\/wp\/v2\/product"}],"about":[{"href":"https:\/\/www.starcatering.at\/shop\/wp-json\/wp\/v2\/types\/product"}],"replies":[{"embeddable":true,"href":"https:\/\/www.starcatering.at\/shop\/wp-json\/wp\/v2\/comments?post=8042"}],"wp:featuredmedia":[{"embeddable":true,"href":"https:\/\/www.starcatering.at\/shop\/wp-json\/wp\/v2\/media\/8043"}],"wp:attachment":[{"href":"https:\/\/www.starcatering.at\/shop\/wp-json\/wp\/v2\/media?parent=8042"}],"wp:term":[{"taxonomy":"product_brand","embeddable":true,"href":"https:\/\/www.starcatering.at\/shop\/wp-json\/wp\/v2\/product_brand?post=8042"},{"taxonomy":"product_cat","embeddable":true,"href":"https:\/\/www.starcatering.at\/shop\/wp-json\/wp\/v2\/product_cat?post=8042"},{"taxonomy":"product_tag","embeddable":true,"href":"https:\/\/www.starcatering.at\/shop\/wp-json\/wp\/v2\/product_tag?post=8042"}],"curies":[{"name":"wp","href":"https:\/\/api.w.org\/{rel}","templated":true}]}}