{"id":8462,"date":"2023-01-21T23:42:00","date_gmt":"2023-01-21T22:42:00","guid":{"rendered":"https:\/\/www.starcatering.at\/shop\/?post_type=product&#038;p=8462"},"modified":"2025-04-26T21:34:03","modified_gmt":"2025-04-26T19:34:03","slug":"walnusslikoer-klassisch-350ml","status":"publish","type":"product","link":"https:\/\/www.starcatering.at\/shop\/produkt\/walnusslikoer-klassisch-350ml\/","title":{"rendered":"Walnusslik\u00f6r klassisch 350ml"},"content":{"rendered":"<div id=\"comp-iu2pdvng\" class=\"KcpHeO tz5f0K comp-iu2pdvng wixui-text\" data-testid=\"richTextElement\">\n<h4 class=\"font_4\">Elegant verfeinert, bl\u00fcht die alte Tradition der Walnuss-Veredelung in den f\u00fcr den Weinbau bekannten Regionen Carnuntum und Neusiedl am See neu auf.<\/h4>\n<\/div>\n<div id=\"comp-iu2p451q\" class=\"BaOVQ8 tz5f0K comp-iu2p451q wixui-text\" data-testid=\"richTextElement\">\n<p class=\"font_7\">Unter Zugrundelegung h\u00f6chster Qualit\u00e4tsanspr\u00fcche verarbeitet Bernhard Rankel ausschlie\u00dflich handverlesene gr\u00fcne Waln\u00fcsse\u00a0mit noch weichem Kern aus der Region Carnuntum und Neusiedl am See. Als Ansetz-Basis wird ein eigens erzeugtes Apfel-Destillat verwendet. Die monatelange Reifung (&#8220;Mazeration&#8221;- das Einwirken des Destillats auf die gr\u00fcnen N\u00fcsse und Gew\u00fcrze) des Walnuss-Lik\u00f6rs erfolgt in gro\u00dfen Glasballons\u00a0 an hellen sonnigen Standorten, was\u00a0zur intensiven Braun-F\u00e4rbung und Aromatisierung des Lik\u00f6rs wesentlich beitr\u00e4gt. Ab dem Herbst erfolgt die Hauptreifung f\u00fcr mindestens 48\u00a0Monate im Lik\u00f6r- und geNUSSkeller.<\/p>\n<p>Der naturbelassene Walnusslik\u00f6r begeistert durch einen intensiven Geschmack, seine vollmundige Note verdankt dieser Lik\u00f6r der edlen Qualit\u00e4t von halbreifen, gr\u00fcnen Waln\u00fcssen, deren Geschmack von angenehm duftenden Gew\u00fcrzen begleitet wird. Auf diese Weise wird der Rankel Walnusslik\u00f6r\u00a0zur exklusiven Erg\u00e4nzung jedes kulinarischen Genusses!<\/p>\n<p>Sehr beliebt ist der Rankel Walnuss-Lik\u00f6r als Digestif, als Cocktail oder auch zur Verfeinerung und Erg\u00e4nzung von Speisen\u00a0in der gehobenen K\u00fcche.<\/p>\n<\/div>\n","protected":false},"excerpt":{"rendered":"<ul>\n<li>\n<p class=\"_2qrJF\" data-hook=\"product-title\">Walnusslik\u00f6r klassisch<\/p>\n<\/li>\n<li>\n<p class=\"_2qrJF\" data-hook=\"product-title\">350ml<\/p>\n<\/li>\n<\/ul>\n","protected":false},"featured_media":8464,"comment_status":"open","ping_status":"closed","template":"","meta":{"_et_pb_use_builder":"","_et_pb_old_content":"","_et_gb_content_width":""},"product_brand":[],"product_cat":[171],"product_tag":[937,949,176,948],"class_list":{"0":"post-8462","1":"product","2":"type-product","3":"status-publish","4":"has-post-thumbnail","6":"product_cat-spirituosen","7":"product_tag-likoer","8":"product_tag-rankel","9":"product_tag-spirituose","10":"product_tag-walnuss","12":"first","13":"instock","14":"sale","15":"taxable","16":"shipping-taxable","17":"product-type-simple"},"yoast_head":"<!-- This site is optimized with the Yoast SEO plugin v27.5 - https:\/\/yoast.com\/product\/yoast-seo-wordpress\/ -->\n<title>Walnusslik\u00f6r klassisch 350ml &#187; StarCatering %-Shop<\/title>\n<meta name=\"description\" content=\"Walnusslik\u00f6r klassisch Rankel 350ml\" \/>\n<meta name=\"robots\" content=\"index, follow, max-snippet:-1, max-image-preview:large, max-video-preview:-1\" \/>\n<link rel=\"canonical\" href=\"https:\/\/www.starcatering.at\/shop\/produkt\/walnusslikoer-klassisch-350ml\/\" \/>\n<meta property=\"og:locale\" content=\"de_DE\" \/>\n<meta property=\"og:type\" content=\"article\" \/>\n<meta property=\"og:title\" content=\"Walnusslik\u00f6r klassisch Rankel 350ml\" \/>\n<meta property=\"og:description\" content=\"Walnusslik\u00f6r klassisch Rankel 350ml\" \/>\n<meta property=\"og:url\" content=\"https:\/\/www.starcatering.at\/shop\/produkt\/walnusslikoer-klassisch-350ml\/\" \/>\n<meta property=\"og:site_name\" content=\"StarCatering %-Shop\" \/>\n<meta property=\"article:modified_time\" content=\"2025-04-26T19:34:03+00:00\" \/>\n<meta property=\"og:image\" content=\"https:\/\/www.starcatering.at\/shop\/wp-content\/uploads\/2023\/01\/Nusslikoer.jpg\" \/>\n\t<meta property=\"og:image:width\" content=\"500\" \/>\n\t<meta property=\"og:image:height\" content=\"500\" \/>\n\t<meta property=\"og:image:type\" content=\"image\/jpeg\" \/>\n<meta name=\"twitter:card\" content=\"summary_large_image\" \/>\n<meta name=\"twitter:label1\" content=\"Gesch\u00e4tzte Lesezeit\" \/>\n\t<meta name=\"twitter:data1\" content=\"2\u00a0Minuten\" \/>\n<script type=\"application\/ld+json\" class=\"yoast-schema-graph\">{\"@context\":\"https:\\\/\\\/schema.org\",\"@graph\":[{\"@type\":\"WebPage\",\"@id\":\"https:\\\/\\\/www.starcatering.at\\\/shop\\\/produkt\\\/walnusslikoer-klassisch-350ml\\\/\",\"url\":\"https:\\\/\\\/www.starcatering.at\\\/shop\\\/produkt\\\/walnusslikoer-klassisch-350ml\\\/\",\"name\":\"Walnusslik\u00f6r klassisch 350ml &#187; StarCatering %-Shop\",\"isPartOf\":{\"@id\":\"https:\\\/\\\/www.starcatering.at\\\/shop\\\/#website\"},\"primaryImageOfPage\":{\"@id\":\"https:\\\/\\\/www.starcatering.at\\\/shop\\\/produkt\\\/walnusslikoer-klassisch-350ml\\\/#primaryimage\"},\"image\":{\"@id\":\"https:\\\/\\\/www.starcatering.at\\\/shop\\\/produkt\\\/walnusslikoer-klassisch-350ml\\\/#primaryimage\"},\"thumbnailUrl\":\"https:\\\/\\\/www.starcatering.at\\\/shop\\\/wp-content\\\/uploads\\\/2023\\\/01\\\/Nusslikoer.jpg\",\"datePublished\":\"2023-01-21T22:42:00+00:00\",\"dateModified\":\"2025-04-26T19:34:03+00:00\",\"description\":\"Walnusslik\u00f6r klassisch Rankel 350ml\",\"breadcrumb\":{\"@id\":\"https:\\\/\\\/www.starcatering.at\\\/shop\\\/produkt\\\/walnusslikoer-klassisch-350ml\\\/#breadcrumb\"},\"inLanguage\":\"de\",\"potentialAction\":[{\"@type\":\"ReadAction\",\"target\":[\"https:\\\/\\\/www.starcatering.at\\\/shop\\\/produkt\\\/walnusslikoer-klassisch-350ml\\\/\"]}]},{\"@type\":\"ImageObject\",\"inLanguage\":\"de\",\"@id\":\"https:\\\/\\\/www.starcatering.at\\\/shop\\\/produkt\\\/walnusslikoer-klassisch-350ml\\\/#primaryimage\",\"url\":\"https:\\\/\\\/www.starcatering.at\\\/shop\\\/wp-content\\\/uploads\\\/2023\\\/01\\\/Nusslikoer.jpg\",\"contentUrl\":\"https:\\\/\\\/www.starcatering.at\\\/shop\\\/wp-content\\\/uploads\\\/2023\\\/01\\\/Nusslikoer.jpg\",\"width\":500,\"height\":500},{\"@type\":\"BreadcrumbList\",\"@id\":\"https:\\\/\\\/www.starcatering.at\\\/shop\\\/produkt\\\/walnusslikoer-klassisch-350ml\\\/#breadcrumb\",\"itemListElement\":[{\"@type\":\"ListItem\",\"position\":1,\"name\":\"Startseite\",\"item\":\"https:\\\/\\\/www.starcatering.at\\\/shop\\\/\"},{\"@type\":\"ListItem\",\"position\":2,\"name\":\"Shop\",\"item\":\"https:\\\/\\\/www.starcatering.at\\\/shop\\\/shop\\\/\"},{\"@type\":\"ListItem\",\"position\":3,\"name\":\"Walnusslik\u00f6r klassisch 350ml\"}]},{\"@type\":\"WebSite\",\"@id\":\"https:\\\/\\\/www.starcatering.at\\\/shop\\\/#website\",\"url\":\"https:\\\/\\\/www.starcatering.at\\\/shop\\\/\",\"name\":\"Carnuntum Foods\",\"description\":\"Abverkaufsartikel\",\"publisher\":{\"@id\":\"https:\\\/\\\/www.starcatering.at\\\/shop\\\/#organization\"},\"potentialAction\":[{\"@type\":\"SearchAction\",\"target\":{\"@type\":\"EntryPoint\",\"urlTemplate\":\"https:\\\/\\\/www.starcatering.at\\\/shop\\\/?s={search_term_string}\"},\"query-input\":{\"@type\":\"PropertyValueSpecification\",\"valueRequired\":true,\"valueName\":\"search_term_string\"}}],\"inLanguage\":\"de\"},{\"@type\":\"Organization\",\"@id\":\"https:\\\/\\\/www.starcatering.at\\\/shop\\\/#organization\",\"name\":\"Carnuntumfoods\",\"url\":\"https:\\\/\\\/www.starcatering.at\\\/shop\\\/\",\"logo\":{\"@type\":\"ImageObject\",\"inLanguage\":\"de\",\"@id\":\"https:\\\/\\\/www.starcatering.at\\\/shop\\\/#\\\/schema\\\/logo\\\/image\\\/\",\"url\":\"https:\\\/\\\/www.starcatering.at\\\/shop\\\/wp-content\\\/uploads\\\/2021\\\/08\\\/cropped-logo.png\",\"contentUrl\":\"https:\\\/\\\/www.starcatering.at\\\/shop\\\/wp-content\\\/uploads\\\/2021\\\/08\\\/cropped-logo.png\",\"width\":512,\"height\":512,\"caption\":\"Carnuntumfoods\"},\"image\":{\"@id\":\"https:\\\/\\\/www.starcatering.at\\\/shop\\\/#\\\/schema\\\/logo\\\/image\\\/\"}}]}<\/script>\n<!-- \/ Yoast SEO plugin. -->","yoast_head_json":{"title":"Walnusslik\u00f6r klassisch 350ml &#187; StarCatering %-Shop","description":"Walnusslik\u00f6r klassisch Rankel 350ml","robots":{"index":"index","follow":"follow","max-snippet":"max-snippet:-1","max-image-preview":"max-image-preview:large","max-video-preview":"max-video-preview:-1"},"canonical":"https:\/\/www.starcatering.at\/shop\/produkt\/walnusslikoer-klassisch-350ml\/","og_locale":"de_DE","og_type":"article","og_title":"Walnusslik\u00f6r klassisch Rankel 350ml","og_description":"Walnusslik\u00f6r klassisch Rankel 350ml","og_url":"https:\/\/www.starcatering.at\/shop\/produkt\/walnusslikoer-klassisch-350ml\/","og_site_name":"StarCatering %-Shop","article_modified_time":"2025-04-26T19:34:03+00:00","og_image":[{"width":500,"height":500,"url":"https:\/\/www.starcatering.at\/shop\/wp-content\/uploads\/2023\/01\/Nusslikoer.jpg","type":"image\/jpeg"}],"twitter_card":"summary_large_image","twitter_misc":{"Gesch\u00e4tzte Lesezeit":"2\u00a0Minuten"},"schema":{"@context":"https:\/\/schema.org","@graph":[{"@type":"WebPage","@id":"https:\/\/www.starcatering.at\/shop\/produkt\/walnusslikoer-klassisch-350ml\/","url":"https:\/\/www.starcatering.at\/shop\/produkt\/walnusslikoer-klassisch-350ml\/","name":"Walnusslik\u00f6r klassisch 350ml &#187; StarCatering %-Shop","isPartOf":{"@id":"https:\/\/www.starcatering.at\/shop\/#website"},"primaryImageOfPage":{"@id":"https:\/\/www.starcatering.at\/shop\/produkt\/walnusslikoer-klassisch-350ml\/#primaryimage"},"image":{"@id":"https:\/\/www.starcatering.at\/shop\/produkt\/walnusslikoer-klassisch-350ml\/#primaryimage"},"thumbnailUrl":"https:\/\/www.starcatering.at\/shop\/wp-content\/uploads\/2023\/01\/Nusslikoer.jpg","datePublished":"2023-01-21T22:42:00+00:00","dateModified":"2025-04-26T19:34:03+00:00","description":"Walnusslik\u00f6r klassisch Rankel 350ml","breadcrumb":{"@id":"https:\/\/www.starcatering.at\/shop\/produkt\/walnusslikoer-klassisch-350ml\/#breadcrumb"},"inLanguage":"de","potentialAction":[{"@type":"ReadAction","target":["https:\/\/www.starcatering.at\/shop\/produkt\/walnusslikoer-klassisch-350ml\/"]}]},{"@type":"ImageObject","inLanguage":"de","@id":"https:\/\/www.starcatering.at\/shop\/produkt\/walnusslikoer-klassisch-350ml\/#primaryimage","url":"https:\/\/www.starcatering.at\/shop\/wp-content\/uploads\/2023\/01\/Nusslikoer.jpg","contentUrl":"https:\/\/www.starcatering.at\/shop\/wp-content\/uploads\/2023\/01\/Nusslikoer.jpg","width":500,"height":500},{"@type":"BreadcrumbList","@id":"https:\/\/www.starcatering.at\/shop\/produkt\/walnusslikoer-klassisch-350ml\/#breadcrumb","itemListElement":[{"@type":"ListItem","position":1,"name":"Startseite","item":"https:\/\/www.starcatering.at\/shop\/"},{"@type":"ListItem","position":2,"name":"Shop","item":"https:\/\/www.starcatering.at\/shop\/shop\/"},{"@type":"ListItem","position":3,"name":"Walnusslik\u00f6r klassisch 350ml"}]},{"@type":"WebSite","@id":"https:\/\/www.starcatering.at\/shop\/#website","url":"https:\/\/www.starcatering.at\/shop\/","name":"Carnuntum Foods","description":"Abverkaufsartikel","publisher":{"@id":"https:\/\/www.starcatering.at\/shop\/#organization"},"potentialAction":[{"@type":"SearchAction","target":{"@type":"EntryPoint","urlTemplate":"https:\/\/www.starcatering.at\/shop\/?s={search_term_string}"},"query-input":{"@type":"PropertyValueSpecification","valueRequired":true,"valueName":"search_term_string"}}],"inLanguage":"de"},{"@type":"Organization","@id":"https:\/\/www.starcatering.at\/shop\/#organization","name":"Carnuntumfoods","url":"https:\/\/www.starcatering.at\/shop\/","logo":{"@type":"ImageObject","inLanguage":"de","@id":"https:\/\/www.starcatering.at\/shop\/#\/schema\/logo\/image\/","url":"https:\/\/www.starcatering.at\/shop\/wp-content\/uploads\/2021\/08\/cropped-logo.png","contentUrl":"https:\/\/www.starcatering.at\/shop\/wp-content\/uploads\/2021\/08\/cropped-logo.png","width":512,"height":512,"caption":"Carnuntumfoods"},"image":{"@id":"https:\/\/www.starcatering.at\/shop\/#\/schema\/logo\/image\/"}}]}},"_links":{"self":[{"href":"https:\/\/www.starcatering.at\/shop\/wp-json\/wp\/v2\/product\/8462","targetHints":{"allow":["GET"]}}],"collection":[{"href":"https:\/\/www.starcatering.at\/shop\/wp-json\/wp\/v2\/product"}],"about":[{"href":"https:\/\/www.starcatering.at\/shop\/wp-json\/wp\/v2\/types\/product"}],"replies":[{"embeddable":true,"href":"https:\/\/www.starcatering.at\/shop\/wp-json\/wp\/v2\/comments?post=8462"}],"wp:featuredmedia":[{"embeddable":true,"href":"https:\/\/www.starcatering.at\/shop\/wp-json\/wp\/v2\/media\/8464"}],"wp:attachment":[{"href":"https:\/\/www.starcatering.at\/shop\/wp-json\/wp\/v2\/media?parent=8462"}],"wp:term":[{"taxonomy":"product_brand","embeddable":true,"href":"https:\/\/www.starcatering.at\/shop\/wp-json\/wp\/v2\/product_brand?post=8462"},{"taxonomy":"product_cat","embeddable":true,"href":"https:\/\/www.starcatering.at\/shop\/wp-json\/wp\/v2\/product_cat?post=8462"},{"taxonomy":"product_tag","embeddable":true,"href":"https:\/\/www.starcatering.at\/shop\/wp-json\/wp\/v2\/product_tag?post=8462"}],"curies":[{"name":"wp","href":"https:\/\/api.w.org\/{rel}","templated":true}]}}