{"id":8669,"date":"2023-01-27T20:15:19","date_gmt":"2023-01-27T19:15:19","guid":{"rendered":"https:\/\/www.starcatering.at\/shop\/?post_type=product&#038;p=8669"},"modified":"2025-09-18T17:57:06","modified_gmt":"2025-09-18T15:57:06","slug":"bauchladen-schwarz-bellytray","status":"publish","type":"product","link":"https:\/\/www.starcatering.at\/shop\/produkt\/bauchladen-schwarz-bellytray\/","title":{"rendered":"Bauchladen schwarz &#8220;Bellytray&#8221; Startset (kaum gebraucht)"},"content":{"rendered":"<p>Bellytray ist ein mobiles Pr\u00e4sentationssystem f\u00fcr Catering, Sampling und Promotion. Ein multifunktioneller, effizienter, hygienischer und ergonomischer Bauchladen, der in Kombination mit austauschbaren Trays von jedem Produkt einen Eyecatcher macht.<\/p>\n<p><strong>Multifunktionelle Trays<\/strong><\/p>\n<p>In den Bellytray passt ein austauschbares Tray. Die Gr\u00f6\u00dfe entspricht der Gastro-Norm, wodurch die Integration mit bestehenden Catering-Systemen m\u00f6glich ist. Es gibt unterschiedliche Trays, unter anderem ein Tray f\u00fcr Amuse-Gl\u00e4ser oder ein Schneidebrett f\u00fcr eine K\u00e4seplatte. Au\u00dferdem ist es m\u00f6glich Accessoires am H\u00fcftband zu befestigen, wie z.B. ein Portmonee oder eine So\u00dfenflasche. Ihre Mitarbeiter haben somit wirklich die H\u00e4nde frei um ihre ganze Aufmerksamkeit der Qualit\u00e4t des Produktes und dem Service zu widmen.<\/p>\n<p><strong>Bellytray f\u00fcr Catering<\/strong><\/p>\n<p>Bellytray bietet die L\u00f6sung f\u00fcr die Catering-Branche gemessen an den steigenden Anforderungen der Kunden f\u00fcr Live-Cooking, mobiles Catering und die Pr\u00e4sentation von frischen Produkten. Bellytray macht es m\u00f6glich Lebensmittel und Getr\u00e4nke auf eine attraktive und einfache Weise zu pr\u00e4sentieren.<\/p>\n","protected":false},"excerpt":{"rendered":"<p><strong>Der Bellytray wird standardm\u00e4\u00dfig geliefert inklusiv:<\/strong><\/p>\n<ul>\n<li>Bellytray Bauchladen<\/li>\n<li>Schulter- und H\u00fcftband<\/li>\n<li>Tray 24 L\u00f6cher, Durchmesser 63 mm, f\u00fcr Bier- und Getr\u00e4nkeflaschen, Salat Shaker oder Handobst<\/li>\n<li>Tray 60 L\u00f6cher, Durchmesser 32 mm, f\u00fcr Snacks, kleine Amuse-Gl\u00e4ser<\/li>\n<li>Tray 00 L\u00f6cher, f\u00fcr die Pr\u00e4sentation von diversen F&amp;B<\/li>\n<li>Bellytray wird ohne Logo auf der Vorderseite geliefert.<\/li>\n<\/ul>\n","protected":false},"featured_media":8670,"comment_status":"open","ping_status":"closed","template":"","meta":{"_et_pb_use_builder":"","_et_pb_old_content":"","_et_gb_content_width":""},"product_brand":[],"product_cat":[259],"product_tag":[1058,2344,1078,273,1059,1060],"class_list":{"0":"post-8669","1":"product","2":"type-product","3":"status-publish","4":"has-post-thumbnail","6":"product_cat-buffetequipment","7":"product_tag-bauchladen","8":"product_tag-belly","9":"product_tag-catering","10":"product_tag-fingerfood","11":"product_tag-tray","12":"product_tag-verkauf","13":"product_shipping_class-abholung","15":"first","16":"instock","17":"sale","18":"taxable","19":"shipping-taxable","20":"purchasable","21":"product-type-simple"},"yoast_head":"<!-- This site is optimized with the Yoast SEO plugin v27.5 - https:\/\/yoast.com\/product\/yoast-seo-wordpress\/ -->\n<title>Bauchladen schwarz &quot;Bellytray&quot; Startset (kaum gebraucht) &#187; StarCatering %-Shop<\/title>\n<meta name=\"description\" content=\"Bauchladen schwarz &quot;Bellytray&quot; (kaum gebraucht)\" \/>\n<meta name=\"robots\" content=\"index, follow, max-snippet:-1, max-image-preview:large, max-video-preview:-1\" \/>\n<link rel=\"canonical\" href=\"https:\/\/www.starcatering.at\/shop\/produkt\/bauchladen-schwarz-bellytray\/\" \/>\n<meta property=\"og:locale\" content=\"de_DE\" \/>\n<meta property=\"og:type\" content=\"article\" \/>\n<meta property=\"og:title\" content=\"Bauchladen schwarz &quot;Bellytray&quot; Startset (kaum gebraucht)\" \/>\n<meta property=\"og:description\" content=\"Bauchladen schwarz &quot;Bellytray&quot; Startset (kaum gebraucht)\" \/>\n<meta property=\"og:url\" content=\"https:\/\/www.starcatering.at\/shop\/produkt\/bauchladen-schwarz-bellytray\/\" \/>\n<meta property=\"og:site_name\" content=\"StarCatering %-Shop\" \/>\n<meta property=\"article:modified_time\" content=\"2025-09-18T15:57:06+00:00\" \/>\n<meta property=\"og:image\" content=\"https:\/\/www.starcatering.at\/shop\/wp-content\/uploads\/2023\/01\/Bauchladen.jpg\" \/>\n\t<meta property=\"og:image:width\" content=\"500\" \/>\n\t<meta property=\"og:image:height\" content=\"500\" \/>\n\t<meta property=\"og:image:type\" content=\"image\/jpeg\" \/>\n<meta name=\"twitter:card\" content=\"summary_large_image\" \/>\n<meta name=\"twitter:label1\" content=\"Gesch\u00e4tzte Lesezeit\" \/>\n\t<meta name=\"twitter:data1\" content=\"2\u00a0Minuten\" \/>\n<script type=\"application\/ld+json\" class=\"yoast-schema-graph\">{\"@context\":\"https:\\\/\\\/schema.org\",\"@graph\":[{\"@type\":\"WebPage\",\"@id\":\"https:\\\/\\\/www.starcatering.at\\\/shop\\\/produkt\\\/bauchladen-schwarz-bellytray\\\/\",\"url\":\"https:\\\/\\\/www.starcatering.at\\\/shop\\\/produkt\\\/bauchladen-schwarz-bellytray\\\/\",\"name\":\"Bauchladen schwarz \\\"Bellytray\\\" Startset (kaum gebraucht) &#187; StarCatering %-Shop\",\"isPartOf\":{\"@id\":\"https:\\\/\\\/www.starcatering.at\\\/shop\\\/#website\"},\"primaryImageOfPage\":{\"@id\":\"https:\\\/\\\/www.starcatering.at\\\/shop\\\/produkt\\\/bauchladen-schwarz-bellytray\\\/#primaryimage\"},\"image\":{\"@id\":\"https:\\\/\\\/www.starcatering.at\\\/shop\\\/produkt\\\/bauchladen-schwarz-bellytray\\\/#primaryimage\"},\"thumbnailUrl\":\"https:\\\/\\\/www.starcatering.at\\\/shop\\\/wp-content\\\/uploads\\\/2023\\\/01\\\/Bauchladen.jpg\",\"datePublished\":\"2023-01-27T19:15:19+00:00\",\"dateModified\":\"2025-09-18T15:57:06+00:00\",\"description\":\"Bauchladen schwarz \\\"Bellytray\\\" (kaum gebraucht)\",\"breadcrumb\":{\"@id\":\"https:\\\/\\\/www.starcatering.at\\\/shop\\\/produkt\\\/bauchladen-schwarz-bellytray\\\/#breadcrumb\"},\"inLanguage\":\"de\",\"potentialAction\":[{\"@type\":\"ReadAction\",\"target\":[\"https:\\\/\\\/www.starcatering.at\\\/shop\\\/produkt\\\/bauchladen-schwarz-bellytray\\\/\"]}]},{\"@type\":\"ImageObject\",\"inLanguage\":\"de\",\"@id\":\"https:\\\/\\\/www.starcatering.at\\\/shop\\\/produkt\\\/bauchladen-schwarz-bellytray\\\/#primaryimage\",\"url\":\"https:\\\/\\\/www.starcatering.at\\\/shop\\\/wp-content\\\/uploads\\\/2023\\\/01\\\/Bauchladen.jpg\",\"contentUrl\":\"https:\\\/\\\/www.starcatering.at\\\/shop\\\/wp-content\\\/uploads\\\/2023\\\/01\\\/Bauchladen.jpg\",\"width\":500,\"height\":500},{\"@type\":\"BreadcrumbList\",\"@id\":\"https:\\\/\\\/www.starcatering.at\\\/shop\\\/produkt\\\/bauchladen-schwarz-bellytray\\\/#breadcrumb\",\"itemListElement\":[{\"@type\":\"ListItem\",\"position\":1,\"name\":\"Startseite\",\"item\":\"https:\\\/\\\/www.starcatering.at\\\/shop\\\/\"},{\"@type\":\"ListItem\",\"position\":2,\"name\":\"Shop\",\"item\":\"https:\\\/\\\/www.starcatering.at\\\/shop\\\/shop\\\/\"},{\"@type\":\"ListItem\",\"position\":3,\"name\":\"Bauchladen schwarz &#8220;Bellytray&#8221; Startset (kaum gebraucht)\"}]},{\"@type\":\"WebSite\",\"@id\":\"https:\\\/\\\/www.starcatering.at\\\/shop\\\/#website\",\"url\":\"https:\\\/\\\/www.starcatering.at\\\/shop\\\/\",\"name\":\"Carnuntum Foods\",\"description\":\"Abverkaufsartikel\",\"publisher\":{\"@id\":\"https:\\\/\\\/www.starcatering.at\\\/shop\\\/#organization\"},\"potentialAction\":[{\"@type\":\"SearchAction\",\"target\":{\"@type\":\"EntryPoint\",\"urlTemplate\":\"https:\\\/\\\/www.starcatering.at\\\/shop\\\/?s={search_term_string}\"},\"query-input\":{\"@type\":\"PropertyValueSpecification\",\"valueRequired\":true,\"valueName\":\"search_term_string\"}}],\"inLanguage\":\"de\"},{\"@type\":\"Organization\",\"@id\":\"https:\\\/\\\/www.starcatering.at\\\/shop\\\/#organization\",\"name\":\"Carnuntumfoods\",\"url\":\"https:\\\/\\\/www.starcatering.at\\\/shop\\\/\",\"logo\":{\"@type\":\"ImageObject\",\"inLanguage\":\"de\",\"@id\":\"https:\\\/\\\/www.starcatering.at\\\/shop\\\/#\\\/schema\\\/logo\\\/image\\\/\",\"url\":\"https:\\\/\\\/www.starcatering.at\\\/shop\\\/wp-content\\\/uploads\\\/2021\\\/08\\\/cropped-logo.png\",\"contentUrl\":\"https:\\\/\\\/www.starcatering.at\\\/shop\\\/wp-content\\\/uploads\\\/2021\\\/08\\\/cropped-logo.png\",\"width\":512,\"height\":512,\"caption\":\"Carnuntumfoods\"},\"image\":{\"@id\":\"https:\\\/\\\/www.starcatering.at\\\/shop\\\/#\\\/schema\\\/logo\\\/image\\\/\"}}]}<\/script>\n<!-- \/ Yoast SEO plugin. -->","yoast_head_json":{"title":"Bauchladen schwarz \"Bellytray\" Startset (kaum gebraucht) &#187; StarCatering %-Shop","description":"Bauchladen schwarz \"Bellytray\" (kaum gebraucht)","robots":{"index":"index","follow":"follow","max-snippet":"max-snippet:-1","max-image-preview":"max-image-preview:large","max-video-preview":"max-video-preview:-1"},"canonical":"https:\/\/www.starcatering.at\/shop\/produkt\/bauchladen-schwarz-bellytray\/","og_locale":"de_DE","og_type":"article","og_title":"Bauchladen schwarz \"Bellytray\" Startset (kaum gebraucht)","og_description":"Bauchladen schwarz \"Bellytray\" Startset (kaum gebraucht)","og_url":"https:\/\/www.starcatering.at\/shop\/produkt\/bauchladen-schwarz-bellytray\/","og_site_name":"StarCatering %-Shop","article_modified_time":"2025-09-18T15:57:06+00:00","og_image":[{"width":500,"height":500,"url":"https:\/\/www.starcatering.at\/shop\/wp-content\/uploads\/2023\/01\/Bauchladen.jpg","type":"image\/jpeg"}],"twitter_card":"summary_large_image","twitter_misc":{"Gesch\u00e4tzte Lesezeit":"2\u00a0Minuten"},"schema":{"@context":"https:\/\/schema.org","@graph":[{"@type":"WebPage","@id":"https:\/\/www.starcatering.at\/shop\/produkt\/bauchladen-schwarz-bellytray\/","url":"https:\/\/www.starcatering.at\/shop\/produkt\/bauchladen-schwarz-bellytray\/","name":"Bauchladen schwarz \"Bellytray\" Startset (kaum gebraucht) &#187; StarCatering %-Shop","isPartOf":{"@id":"https:\/\/www.starcatering.at\/shop\/#website"},"primaryImageOfPage":{"@id":"https:\/\/www.starcatering.at\/shop\/produkt\/bauchladen-schwarz-bellytray\/#primaryimage"},"image":{"@id":"https:\/\/www.starcatering.at\/shop\/produkt\/bauchladen-schwarz-bellytray\/#primaryimage"},"thumbnailUrl":"https:\/\/www.starcatering.at\/shop\/wp-content\/uploads\/2023\/01\/Bauchladen.jpg","datePublished":"2023-01-27T19:15:19+00:00","dateModified":"2025-09-18T15:57:06+00:00","description":"Bauchladen schwarz \"Bellytray\" (kaum gebraucht)","breadcrumb":{"@id":"https:\/\/www.starcatering.at\/shop\/produkt\/bauchladen-schwarz-bellytray\/#breadcrumb"},"inLanguage":"de","potentialAction":[{"@type":"ReadAction","target":["https:\/\/www.starcatering.at\/shop\/produkt\/bauchladen-schwarz-bellytray\/"]}]},{"@type":"ImageObject","inLanguage":"de","@id":"https:\/\/www.starcatering.at\/shop\/produkt\/bauchladen-schwarz-bellytray\/#primaryimage","url":"https:\/\/www.starcatering.at\/shop\/wp-content\/uploads\/2023\/01\/Bauchladen.jpg","contentUrl":"https:\/\/www.starcatering.at\/shop\/wp-content\/uploads\/2023\/01\/Bauchladen.jpg","width":500,"height":500},{"@type":"BreadcrumbList","@id":"https:\/\/www.starcatering.at\/shop\/produkt\/bauchladen-schwarz-bellytray\/#breadcrumb","itemListElement":[{"@type":"ListItem","position":1,"name":"Startseite","item":"https:\/\/www.starcatering.at\/shop\/"},{"@type":"ListItem","position":2,"name":"Shop","item":"https:\/\/www.starcatering.at\/shop\/shop\/"},{"@type":"ListItem","position":3,"name":"Bauchladen schwarz &#8220;Bellytray&#8221; Startset (kaum gebraucht)"}]},{"@type":"WebSite","@id":"https:\/\/www.starcatering.at\/shop\/#website","url":"https:\/\/www.starcatering.at\/shop\/","name":"Carnuntum Foods","description":"Abverkaufsartikel","publisher":{"@id":"https:\/\/www.starcatering.at\/shop\/#organization"},"potentialAction":[{"@type":"SearchAction","target":{"@type":"EntryPoint","urlTemplate":"https:\/\/www.starcatering.at\/shop\/?s={search_term_string}"},"query-input":{"@type":"PropertyValueSpecification","valueRequired":true,"valueName":"search_term_string"}}],"inLanguage":"de"},{"@type":"Organization","@id":"https:\/\/www.starcatering.at\/shop\/#organization","name":"Carnuntumfoods","url":"https:\/\/www.starcatering.at\/shop\/","logo":{"@type":"ImageObject","inLanguage":"de","@id":"https:\/\/www.starcatering.at\/shop\/#\/schema\/logo\/image\/","url":"https:\/\/www.starcatering.at\/shop\/wp-content\/uploads\/2021\/08\/cropped-logo.png","contentUrl":"https:\/\/www.starcatering.at\/shop\/wp-content\/uploads\/2021\/08\/cropped-logo.png","width":512,"height":512,"caption":"Carnuntumfoods"},"image":{"@id":"https:\/\/www.starcatering.at\/shop\/#\/schema\/logo\/image\/"}}]}},"_links":{"self":[{"href":"https:\/\/www.starcatering.at\/shop\/wp-json\/wp\/v2\/product\/8669","targetHints":{"allow":["GET"]}}],"collection":[{"href":"https:\/\/www.starcatering.at\/shop\/wp-json\/wp\/v2\/product"}],"about":[{"href":"https:\/\/www.starcatering.at\/shop\/wp-json\/wp\/v2\/types\/product"}],"replies":[{"embeddable":true,"href":"https:\/\/www.starcatering.at\/shop\/wp-json\/wp\/v2\/comments?post=8669"}],"wp:featuredmedia":[{"embeddable":true,"href":"https:\/\/www.starcatering.at\/shop\/wp-json\/wp\/v2\/media\/8670"}],"wp:attachment":[{"href":"https:\/\/www.starcatering.at\/shop\/wp-json\/wp\/v2\/media?parent=8669"}],"wp:term":[{"taxonomy":"product_brand","embeddable":true,"href":"https:\/\/www.starcatering.at\/shop\/wp-json\/wp\/v2\/product_brand?post=8669"},{"taxonomy":"product_cat","embeddable":true,"href":"https:\/\/www.starcatering.at\/shop\/wp-json\/wp\/v2\/product_cat?post=8669"},{"taxonomy":"product_tag","embeddable":true,"href":"https:\/\/www.starcatering.at\/shop\/wp-json\/wp\/v2\/product_tag?post=8669"}],"curies":[{"name":"wp","href":"https:\/\/api.w.org\/{rel}","templated":true}]}}