{"id":8737,"date":"2023-01-28T21:27:26","date_gmt":"2023-01-28T20:27:26","guid":{"rendered":"https:\/\/www.starcatering.at\/shop\/?post_type=product&#038;p=8737"},"modified":"2025-10-20T12:48:47","modified_gmt":"2025-10-20T10:48:47","slug":"feuerzeug-chilisauce-schwarzer-knoblauch-110g","status":"publish","type":"product","link":"https:\/\/www.starcatering.at\/shop\/produkt\/feuerzeug-chilisauce-schwarzer-knoblauch-110g\/","title":{"rendered":"Feuerzeug &#8211; Chilisauce &#8220;Schwarzer Knoblauch&#8221; 110g"},"content":{"rendered":"<p><strong>Zutaten: <\/strong>*Zucker, *Paprika, *Apfelessig (Essigmacherinnen), *Chili (14%), Wasser, *Schwarzer Knoblauch (3,2%), *Oliven\u00f6l (Arvanitakis), *Sojasauce (Wasser, *Sojabohnen, Meersalz), Salz, *Gew\u00fcrze *Zutaten aus biologischer Landwirtschaft <strong>\u00a0<\/strong><\/p>\n","protected":false},"excerpt":{"rendered":"<p>Es braucht schon etwas Geduld, bis der ober\u00f6sterreichische Bio-Knoblauch seine wei\u00dfe Weste verliert. Mindestens drei Wochen, um genau zu sein. So lange sperren wir die Zehen in ihre Zellen. Wo sie bei einer konstant hohen Temperatur von 60 bis 80\u00b0C ausharren. Was dann passiert, nennt sich \u201eMaillard-Reaktion\u201c. Ein landl\u00e4ufig als Fermentieren bekannter Effekt, der die dunklen Seiten des Knoblauchs zum Vorschein bringt. Und sein Wesen dadurch v\u00f6llig ver\u00e4ndert.<\/p>\n<p>Nat\u00fcrlich nur zu seinem Besten. Denn so entpuppt sich die gew\u00f6hnliche Knolle pl\u00f6tzlich zur au\u00dfergew\u00f6hnlichen Spezialit\u00e4t. Ganz ohne den typischen Knoblauchgeschmack. Daf\u00fcr mit raffiniert-s\u00fc\u00dfem Aroma, das Nuancen von Balsamico und Karamell widerspiegelt. Perfekte Voraussetzungen also, um sie mit milden Chilis zu einer genialen Special Edition zu kombinieren.<\/p>\n<p><em><span style=\"color: #ff6600;\">Original Artikelbeschreibung feuer-zeug.at<\/span><\/em><\/p>\n","protected":false},"featured_media":8738,"comment_status":"open","ping_status":"closed","template":"","meta":{"_et_pb_use_builder":"off","_et_pb_old_content":"<strong>Zutaten:\r\n<\/strong>*Chili (41%), *Rohrzucker, *Essig, Wasser, *Knoblauch, Salz\r\n* Zutaten aus biologischer Landwirtschaft.\r\n\r\n<strong>\u00a0<\/strong>\r\n\r\n<strong>\u00a0<\/strong>","_et_gb_content_width":""},"product_brand":[2496],"product_cat":[1082],"product_tag":[60,156,157,109,169,64,42,625],"class_list":{"0":"post-8737","1":"product","2":"type-product","3":"status-publish","4":"has-post-thumbnail","6":"product_brand-feuerzeug-chilisaucen","7":"product_cat-feuerzeug","8":"product_tag-bio","9":"product_tag-chilisauce","10":"product_tag-feuer-zeug","11":"product_tag-feurig","12":"product_tag-hot","13":"product_tag-knoblauch","14":"product_tag-scharf","15":"product_tag-schwarz","17":"first","18":"instock","19":"taxable","20":"shipping-taxable","21":"purchasable","22":"product-type-simple"},"yoast_head":"<!-- This site is optimized with the Yoast SEO plugin v27.5 - https:\/\/yoast.com\/product\/yoast-seo-wordpress\/ -->\n<title>Feuerzeug - Chilisauce &quot;Schwarzer Knoblauch&quot; 110g &#187; StarCatering %-Shop<\/title>\n<meta name=\"description\" content=\"Feuerzeug - Chilisauce &quot;Schwarzer Knoblauch&quot; 110g - Durch diesen nat\u00fcrlichen Prozess erh\u00e4lt der Knoblauch die dunkle Farbe und das typische Aroma. Kombiniert mit frischen Chilis entfaltet sich daraus ein sensationeller s\u00fc\u00df-scharfer Geschmack.\" \/>\n<meta name=\"robots\" content=\"index, follow, max-snippet:-1, max-image-preview:large, max-video-preview:-1\" \/>\n<link rel=\"canonical\" href=\"https:\/\/www.starcatering.at\/shop\/produkt\/feuerzeug-chilisauce-schwarzer-knoblauch-110g\/\" \/>\n<meta property=\"og:locale\" content=\"de_DE\" \/>\n<meta property=\"og:type\" content=\"article\" \/>\n<meta property=\"og:title\" content=\"Carnuntum Foods &quot;Feuerzeug - Chilisauce &quot;Schwarzer Knoblauch&quot; 110g\" \/>\n<meta property=\"og:description\" content=\"Chilisauce Schwarzer Knoblauch - Durch diesen nat\u00fcrlichen Prozess erh\u00e4lt der Knoblauch die dunkle Farbe und das typische Aroma. Kombiniert mit frischen Chilis entfaltet sich daraus ein sensationeller s\u00fc\u00df-scharfer Geschmack.\" \/>\n<meta property=\"og:url\" content=\"https:\/\/www.starcatering.at\/shop\/produkt\/feuerzeug-chilisauce-schwarzer-knoblauch-110g\/\" \/>\n<meta property=\"og:site_name\" content=\"StarCatering %-Shop\" \/>\n<meta property=\"article:modified_time\" content=\"2025-10-20T10:48:47+00:00\" \/>\n<meta property=\"og:image\" content=\"https:\/\/www.starcatering.at\/shop\/wp-content\/uploads\/2023\/01\/Feuerzeug-Knoblauch-e1674937842147.png\" \/>\n\t<meta property=\"og:image:width\" content=\"374\" \/>\n\t<meta property=\"og:image:height\" content=\"400\" \/>\n\t<meta property=\"og:image:type\" content=\"image\/png\" \/>\n<meta name=\"twitter:card\" content=\"summary_large_image\" \/>\n<meta name=\"twitter:label1\" content=\"Gesch\u00e4tzte Lesezeit\" \/>\n\t<meta name=\"twitter:data1\" content=\"1\u00a0Minute\" \/>\n<script type=\"application\/ld+json\" class=\"yoast-schema-graph\">{\"@context\":\"https:\\\/\\\/schema.org\",\"@graph\":[{\"@type\":\"WebPage\",\"@id\":\"https:\\\/\\\/www.starcatering.at\\\/shop\\\/produkt\\\/feuerzeug-chilisauce-schwarzer-knoblauch-110g\\\/\",\"url\":\"https:\\\/\\\/www.starcatering.at\\\/shop\\\/produkt\\\/feuerzeug-chilisauce-schwarzer-knoblauch-110g\\\/\",\"name\":\"Feuerzeug - Chilisauce \\\"Schwarzer Knoblauch\\\" 110g &#187; StarCatering %-Shop\",\"isPartOf\":{\"@id\":\"https:\\\/\\\/www.starcatering.at\\\/shop\\\/#website\"},\"primaryImageOfPage\":{\"@id\":\"https:\\\/\\\/www.starcatering.at\\\/shop\\\/produkt\\\/feuerzeug-chilisauce-schwarzer-knoblauch-110g\\\/#primaryimage\"},\"image\":{\"@id\":\"https:\\\/\\\/www.starcatering.at\\\/shop\\\/produkt\\\/feuerzeug-chilisauce-schwarzer-knoblauch-110g\\\/#primaryimage\"},\"thumbnailUrl\":\"https:\\\/\\\/www.starcatering.at\\\/shop\\\/wp-content\\\/uploads\\\/2023\\\/01\\\/Feuerzeug-Knoblauch-e1674937842147.png\",\"datePublished\":\"2023-01-28T20:27:26+00:00\",\"dateModified\":\"2025-10-20T10:48:47+00:00\",\"description\":\"Feuerzeug - Chilisauce \\\"Schwarzer Knoblauch\\\" 110g - Durch diesen nat\u00fcrlichen Prozess erh\u00e4lt der Knoblauch die dunkle Farbe und das typische Aroma. Kombiniert mit frischen Chilis entfaltet sich daraus ein sensationeller s\u00fc\u00df-scharfer Geschmack.\",\"breadcrumb\":{\"@id\":\"https:\\\/\\\/www.starcatering.at\\\/shop\\\/produkt\\\/feuerzeug-chilisauce-schwarzer-knoblauch-110g\\\/#breadcrumb\"},\"inLanguage\":\"de\",\"potentialAction\":[{\"@type\":\"ReadAction\",\"target\":[\"https:\\\/\\\/www.starcatering.at\\\/shop\\\/produkt\\\/feuerzeug-chilisauce-schwarzer-knoblauch-110g\\\/\"]}]},{\"@type\":\"ImageObject\",\"inLanguage\":\"de\",\"@id\":\"https:\\\/\\\/www.starcatering.at\\\/shop\\\/produkt\\\/feuerzeug-chilisauce-schwarzer-knoblauch-110g\\\/#primaryimage\",\"url\":\"https:\\\/\\\/www.starcatering.at\\\/shop\\\/wp-content\\\/uploads\\\/2023\\\/01\\\/Feuerzeug-Knoblauch-e1674937842147.png\",\"contentUrl\":\"https:\\\/\\\/www.starcatering.at\\\/shop\\\/wp-content\\\/uploads\\\/2023\\\/01\\\/Feuerzeug-Knoblauch-e1674937842147.png\",\"width\":374,\"height\":400},{\"@type\":\"BreadcrumbList\",\"@id\":\"https:\\\/\\\/www.starcatering.at\\\/shop\\\/produkt\\\/feuerzeug-chilisauce-schwarzer-knoblauch-110g\\\/#breadcrumb\",\"itemListElement\":[{\"@type\":\"ListItem\",\"position\":1,\"name\":\"Startseite\",\"item\":\"https:\\\/\\\/www.starcatering.at\\\/shop\\\/\"},{\"@type\":\"ListItem\",\"position\":2,\"name\":\"Shop\",\"item\":\"https:\\\/\\\/www.starcatering.at\\\/shop\\\/shop\\\/\"},{\"@type\":\"ListItem\",\"position\":3,\"name\":\"Feuerzeug &#8211; Chilisauce &#8220;Schwarzer Knoblauch&#8221; 110g\"}]},{\"@type\":\"WebSite\",\"@id\":\"https:\\\/\\\/www.starcatering.at\\\/shop\\\/#website\",\"url\":\"https:\\\/\\\/www.starcatering.at\\\/shop\\\/\",\"name\":\"Carnuntum Foods\",\"description\":\"Abverkaufsartikel\",\"publisher\":{\"@id\":\"https:\\\/\\\/www.starcatering.at\\\/shop\\\/#organization\"},\"potentialAction\":[{\"@type\":\"SearchAction\",\"target\":{\"@type\":\"EntryPoint\",\"urlTemplate\":\"https:\\\/\\\/www.starcatering.at\\\/shop\\\/?s={search_term_string}\"},\"query-input\":{\"@type\":\"PropertyValueSpecification\",\"valueRequired\":true,\"valueName\":\"search_term_string\"}}],\"inLanguage\":\"de\"},{\"@type\":\"Organization\",\"@id\":\"https:\\\/\\\/www.starcatering.at\\\/shop\\\/#organization\",\"name\":\"Carnuntumfoods\",\"url\":\"https:\\\/\\\/www.starcatering.at\\\/shop\\\/\",\"logo\":{\"@type\":\"ImageObject\",\"inLanguage\":\"de\",\"@id\":\"https:\\\/\\\/www.starcatering.at\\\/shop\\\/#\\\/schema\\\/logo\\\/image\\\/\",\"url\":\"https:\\\/\\\/www.starcatering.at\\\/shop\\\/wp-content\\\/uploads\\\/2021\\\/08\\\/cropped-logo.png\",\"contentUrl\":\"https:\\\/\\\/www.starcatering.at\\\/shop\\\/wp-content\\\/uploads\\\/2021\\\/08\\\/cropped-logo.png\",\"width\":512,\"height\":512,\"caption\":\"Carnuntumfoods\"},\"image\":{\"@id\":\"https:\\\/\\\/www.starcatering.at\\\/shop\\\/#\\\/schema\\\/logo\\\/image\\\/\"}}]}<\/script>\n<!-- \/ Yoast SEO plugin. -->","yoast_head_json":{"title":"Feuerzeug - Chilisauce \"Schwarzer Knoblauch\" 110g &#187; StarCatering %-Shop","description":"Feuerzeug - Chilisauce \"Schwarzer Knoblauch\" 110g - Durch diesen nat\u00fcrlichen Prozess erh\u00e4lt der Knoblauch die dunkle Farbe und das typische Aroma. Kombiniert mit frischen Chilis entfaltet sich daraus ein sensationeller s\u00fc\u00df-scharfer Geschmack.","robots":{"index":"index","follow":"follow","max-snippet":"max-snippet:-1","max-image-preview":"max-image-preview:large","max-video-preview":"max-video-preview:-1"},"canonical":"https:\/\/www.starcatering.at\/shop\/produkt\/feuerzeug-chilisauce-schwarzer-knoblauch-110g\/","og_locale":"de_DE","og_type":"article","og_title":"Carnuntum Foods \"Feuerzeug - Chilisauce \"Schwarzer Knoblauch\" 110g","og_description":"Chilisauce Schwarzer Knoblauch - Durch diesen nat\u00fcrlichen Prozess erh\u00e4lt der Knoblauch die dunkle Farbe und das typische Aroma. Kombiniert mit frischen Chilis entfaltet sich daraus ein sensationeller s\u00fc\u00df-scharfer Geschmack.","og_url":"https:\/\/www.starcatering.at\/shop\/produkt\/feuerzeug-chilisauce-schwarzer-knoblauch-110g\/","og_site_name":"StarCatering %-Shop","article_modified_time":"2025-10-20T10:48:47+00:00","og_image":[{"width":374,"height":400,"url":"https:\/\/www.starcatering.at\/shop\/wp-content\/uploads\/2023\/01\/Feuerzeug-Knoblauch-e1674937842147.png","type":"image\/png"}],"twitter_card":"summary_large_image","twitter_misc":{"Gesch\u00e4tzte Lesezeit":"1\u00a0Minute"},"schema":{"@context":"https:\/\/schema.org","@graph":[{"@type":"WebPage","@id":"https:\/\/www.starcatering.at\/shop\/produkt\/feuerzeug-chilisauce-schwarzer-knoblauch-110g\/","url":"https:\/\/www.starcatering.at\/shop\/produkt\/feuerzeug-chilisauce-schwarzer-knoblauch-110g\/","name":"Feuerzeug - Chilisauce \"Schwarzer Knoblauch\" 110g &#187; StarCatering %-Shop","isPartOf":{"@id":"https:\/\/www.starcatering.at\/shop\/#website"},"primaryImageOfPage":{"@id":"https:\/\/www.starcatering.at\/shop\/produkt\/feuerzeug-chilisauce-schwarzer-knoblauch-110g\/#primaryimage"},"image":{"@id":"https:\/\/www.starcatering.at\/shop\/produkt\/feuerzeug-chilisauce-schwarzer-knoblauch-110g\/#primaryimage"},"thumbnailUrl":"https:\/\/www.starcatering.at\/shop\/wp-content\/uploads\/2023\/01\/Feuerzeug-Knoblauch-e1674937842147.png","datePublished":"2023-01-28T20:27:26+00:00","dateModified":"2025-10-20T10:48:47+00:00","description":"Feuerzeug - Chilisauce \"Schwarzer Knoblauch\" 110g - Durch diesen nat\u00fcrlichen Prozess erh\u00e4lt der Knoblauch die dunkle Farbe und das typische Aroma. Kombiniert mit frischen Chilis entfaltet sich daraus ein sensationeller s\u00fc\u00df-scharfer Geschmack.","breadcrumb":{"@id":"https:\/\/www.starcatering.at\/shop\/produkt\/feuerzeug-chilisauce-schwarzer-knoblauch-110g\/#breadcrumb"},"inLanguage":"de","potentialAction":[{"@type":"ReadAction","target":["https:\/\/www.starcatering.at\/shop\/produkt\/feuerzeug-chilisauce-schwarzer-knoblauch-110g\/"]}]},{"@type":"ImageObject","inLanguage":"de","@id":"https:\/\/www.starcatering.at\/shop\/produkt\/feuerzeug-chilisauce-schwarzer-knoblauch-110g\/#primaryimage","url":"https:\/\/www.starcatering.at\/shop\/wp-content\/uploads\/2023\/01\/Feuerzeug-Knoblauch-e1674937842147.png","contentUrl":"https:\/\/www.starcatering.at\/shop\/wp-content\/uploads\/2023\/01\/Feuerzeug-Knoblauch-e1674937842147.png","width":374,"height":400},{"@type":"BreadcrumbList","@id":"https:\/\/www.starcatering.at\/shop\/produkt\/feuerzeug-chilisauce-schwarzer-knoblauch-110g\/#breadcrumb","itemListElement":[{"@type":"ListItem","position":1,"name":"Startseite","item":"https:\/\/www.starcatering.at\/shop\/"},{"@type":"ListItem","position":2,"name":"Shop","item":"https:\/\/www.starcatering.at\/shop\/shop\/"},{"@type":"ListItem","position":3,"name":"Feuerzeug &#8211; Chilisauce &#8220;Schwarzer Knoblauch&#8221; 110g"}]},{"@type":"WebSite","@id":"https:\/\/www.starcatering.at\/shop\/#website","url":"https:\/\/www.starcatering.at\/shop\/","name":"Carnuntum Foods","description":"Abverkaufsartikel","publisher":{"@id":"https:\/\/www.starcatering.at\/shop\/#organization"},"potentialAction":[{"@type":"SearchAction","target":{"@type":"EntryPoint","urlTemplate":"https:\/\/www.starcatering.at\/shop\/?s={search_term_string}"},"query-input":{"@type":"PropertyValueSpecification","valueRequired":true,"valueName":"search_term_string"}}],"inLanguage":"de"},{"@type":"Organization","@id":"https:\/\/www.starcatering.at\/shop\/#organization","name":"Carnuntumfoods","url":"https:\/\/www.starcatering.at\/shop\/","logo":{"@type":"ImageObject","inLanguage":"de","@id":"https:\/\/www.starcatering.at\/shop\/#\/schema\/logo\/image\/","url":"https:\/\/www.starcatering.at\/shop\/wp-content\/uploads\/2021\/08\/cropped-logo.png","contentUrl":"https:\/\/www.starcatering.at\/shop\/wp-content\/uploads\/2021\/08\/cropped-logo.png","width":512,"height":512,"caption":"Carnuntumfoods"},"image":{"@id":"https:\/\/www.starcatering.at\/shop\/#\/schema\/logo\/image\/"}}]}},"_links":{"self":[{"href":"https:\/\/www.starcatering.at\/shop\/wp-json\/wp\/v2\/product\/8737","targetHints":{"allow":["GET"]}}],"collection":[{"href":"https:\/\/www.starcatering.at\/shop\/wp-json\/wp\/v2\/product"}],"about":[{"href":"https:\/\/www.starcatering.at\/shop\/wp-json\/wp\/v2\/types\/product"}],"replies":[{"embeddable":true,"href":"https:\/\/www.starcatering.at\/shop\/wp-json\/wp\/v2\/comments?post=8737"}],"wp:featuredmedia":[{"embeddable":true,"href":"https:\/\/www.starcatering.at\/shop\/wp-json\/wp\/v2\/media\/8738"}],"wp:attachment":[{"href":"https:\/\/www.starcatering.at\/shop\/wp-json\/wp\/v2\/media?parent=8737"}],"wp:term":[{"taxonomy":"product_brand","embeddable":true,"href":"https:\/\/www.starcatering.at\/shop\/wp-json\/wp\/v2\/product_brand?post=8737"},{"taxonomy":"product_cat","embeddable":true,"href":"https:\/\/www.starcatering.at\/shop\/wp-json\/wp\/v2\/product_cat?post=8737"},{"taxonomy":"product_tag","embeddable":true,"href":"https:\/\/www.starcatering.at\/shop\/wp-json\/wp\/v2\/product_tag?post=8737"}],"curies":[{"name":"wp","href":"https:\/\/api.w.org\/{rel}","templated":true}]}}