{"id":8753,"date":"2023-01-29T00:16:57","date_gmt":"2023-01-28T23:16:57","guid":{"rendered":"https:\/\/www.starcatering.at\/shop\/?post_type=product&#038;p=8753"},"modified":"2025-05-24T14:11:34","modified_gmt":"2025-05-24T12:11:34","slug":"feuerzeug-chilisauce-mango-110g","status":"publish","type":"product","link":"https:\/\/www.starcatering.at\/shop\/produkt\/feuerzeug-chilisauce-mango-110g\/","title":{"rendered":"Feuerzeug &#8211; Chilisauce &#8220;Mango&#8221; 110g"},"content":{"rendered":"<p><strong>Zutaten:<br \/>\n<\/strong>*Mango (49%), *Gelber Paprika, *Chili (3%), Wasser, *Zucker, *Essig, Salz, *Knoblauch, *Gew\u00fcrze<br \/>\n*Zutaten aus biologischer Landwirtschaft<\/p>\n","protected":false},"excerpt":{"rendered":"<p>Die exotische Mango tanzt als einzige aus der Reihe. Sie ist n\u00e4mlich kein waschechter \u00d6sterreicher, in heimischen K\u00fcchen daf\u00fcr umso willkommener. Der unvergleichlich fruchtig-frische Geschmack entf\u00fchrt auf eine paradiesische Genussreise. Und wird mit angenehm-milder Sch\u00e4rfe zum treuen Begleiter f\u00fcr Feinschmecker. Eine der ersten Bio-Chilisaucen \u2013 und immer noch eine der besten.<\/p>\n<p>F\u00fcr unsere Bio-Chilisaucen gehen wir bis an unsere Grenzen. Oder sogar dar\u00fcber hinaus. Denn, weil in \u00d6sterreich nun mal (noch) kein tropisches Klima herrscht, wachsen Mangos hierzulande einfach auch nicht. Deshalb versto\u00dfen wir in diesem Fall ausnahmsweise gegen unser Regionalit\u00e4ts-Prinzip. Und holen uns die Zutaten f\u00fcr unser M\u00fchlviertler Feuerzeug eben aus aller Welt.\u00a0An der Beliebtheit unter den Chilisaucen-Fans \u00e4ndert sich deswegen nichts. Ganz im Gegenteil. Die Kombination aus dem sensationell\u00a0 fruchtig-frischen Geschmack reifer Bio-Mangos und der angenehmen Sch\u00e4rfe knackiger Bio-Chilis macht diese Kreation seit jeher zur Lieblingssauce f\u00fcr den exotischen Chili-Genuss.<\/p>\n<p><strong>Sch\u00e4rfegrad:<\/strong> 5 von 12<\/p>\n<p><em><span style=\"color: #ff6600;\">Original Artikelbeschreibung feuer-zeug.at<\/span><\/em><\/p>\n","protected":false},"featured_media":9717,"comment_status":"open","ping_status":"closed","template":"","meta":{"_et_pb_use_builder":"off","_et_pb_old_content":"<strong>Zutaten:\r\n<\/strong>*Chili (41%), *Rohrzucker, *Essig, Wasser, *Knoblauch, Salz\r\n* Zutaten aus biologischer Landwirtschaft.\r\n\r\n<strong>\u00a0<\/strong>\r\n\r\n<strong>\u00a0<\/strong>","_et_gb_content_width":""},"product_brand":[2496],"product_cat":[1082],"product_tag":[60,156,157,109,169,916,42],"class_list":{"0":"post-8753","1":"product","2":"type-product","3":"status-publish","4":"has-post-thumbnail","6":"product_brand-feuerzeug-chilisaucen","7":"product_cat-feuerzeug","8":"product_tag-bio","9":"product_tag-chilisauce","10":"product_tag-feuer-zeug","11":"product_tag-feurig","12":"product_tag-hot","13":"product_tag-mango","14":"product_tag-scharf","16":"first","17":"onbackorder","18":"taxable","19":"shipping-taxable","20":"purchasable","21":"product-type-simple"},"yoast_head":"<!-- This site is optimized with the Yoast SEO plugin v27.5 - https:\/\/yoast.com\/product\/yoast-seo-wordpress\/ -->\n<title>Feuerzeug - Chilisauce &quot;Mango&quot; 110g &#187; StarCatering %-Shop<\/title>\n<meta name=\"description\" content=\"Feuerzeug - Chilisauce &quot;Mango&quot; 110g\" \/>\n<meta name=\"robots\" content=\"index, follow, max-snippet:-1, max-image-preview:large, max-video-preview:-1\" \/>\n<link rel=\"canonical\" href=\"https:\/\/www.starcatering.at\/shop\/produkt\/feuerzeug-chilisauce-mango-110g\/\" \/>\n<meta property=\"og:locale\" content=\"de_DE\" \/>\n<meta property=\"og:type\" content=\"article\" \/>\n<meta property=\"og:title\" content=\"Carnuntum Foods &quot;Feuerzeug - Chilisauce &quot;Schwarzer Knoblauch&quot; 110g\" \/>\n<meta property=\"og:description\" content=\"Chilisauce Schwarzer Knoblauch - Durch diesen nat\u00fcrlichen Prozess erh\u00e4lt der Knoblauch die dunkle Farbe und das typische Aroma. Kombiniert mit frischen Chilis entfaltet sich daraus ein sensationeller s\u00fc\u00df-scharfer Geschmack.\" \/>\n<meta property=\"og:url\" content=\"https:\/\/www.starcatering.at\/shop\/produkt\/feuerzeug-chilisauce-mango-110g\/\" \/>\n<meta property=\"og:site_name\" content=\"StarCatering %-Shop\" \/>\n<meta property=\"article:modified_time\" content=\"2025-05-24T12:11:34+00:00\" \/>\n<meta property=\"og:image\" content=\"https:\/\/www.starcatering.at\/shop\/wp-content\/uploads\/2023\/04\/Feuerzeug-Mango.jpg\" \/>\n\t<meta property=\"og:image:width\" content=\"500\" \/>\n\t<meta property=\"og:image:height\" content=\"500\" \/>\n\t<meta property=\"og:image:type\" content=\"image\/jpeg\" \/>\n<meta name=\"twitter:card\" content=\"summary_large_image\" \/>\n<meta name=\"twitter:label1\" content=\"Gesch\u00e4tzte Lesezeit\" \/>\n\t<meta name=\"twitter:data1\" content=\"1\u00a0Minute\" \/>\n<script type=\"application\/ld+json\" class=\"yoast-schema-graph\">{\"@context\":\"https:\\\/\\\/schema.org\",\"@graph\":[{\"@type\":\"WebPage\",\"@id\":\"https:\\\/\\\/www.starcatering.at\\\/shop\\\/produkt\\\/feuerzeug-chilisauce-mango-110g\\\/\",\"url\":\"https:\\\/\\\/www.starcatering.at\\\/shop\\\/produkt\\\/feuerzeug-chilisauce-mango-110g\\\/\",\"name\":\"Feuerzeug - Chilisauce \\\"Mango\\\" 110g &#187; StarCatering %-Shop\",\"isPartOf\":{\"@id\":\"https:\\\/\\\/www.starcatering.at\\\/shop\\\/#website\"},\"primaryImageOfPage\":{\"@id\":\"https:\\\/\\\/www.starcatering.at\\\/shop\\\/produkt\\\/feuerzeug-chilisauce-mango-110g\\\/#primaryimage\"},\"image\":{\"@id\":\"https:\\\/\\\/www.starcatering.at\\\/shop\\\/produkt\\\/feuerzeug-chilisauce-mango-110g\\\/#primaryimage\"},\"thumbnailUrl\":\"https:\\\/\\\/www.starcatering.at\\\/shop\\\/wp-content\\\/uploads\\\/2023\\\/04\\\/Feuerzeug-Mango.jpg\",\"datePublished\":\"2023-01-28T23:16:57+00:00\",\"dateModified\":\"2025-05-24T12:11:34+00:00\",\"description\":\"Feuerzeug - Chilisauce \\\"Mango\\\" 110g\",\"breadcrumb\":{\"@id\":\"https:\\\/\\\/www.starcatering.at\\\/shop\\\/produkt\\\/feuerzeug-chilisauce-mango-110g\\\/#breadcrumb\"},\"inLanguage\":\"de\",\"potentialAction\":[{\"@type\":\"ReadAction\",\"target\":[\"https:\\\/\\\/www.starcatering.at\\\/shop\\\/produkt\\\/feuerzeug-chilisauce-mango-110g\\\/\"]}]},{\"@type\":\"ImageObject\",\"inLanguage\":\"de\",\"@id\":\"https:\\\/\\\/www.starcatering.at\\\/shop\\\/produkt\\\/feuerzeug-chilisauce-mango-110g\\\/#primaryimage\",\"url\":\"https:\\\/\\\/www.starcatering.at\\\/shop\\\/wp-content\\\/uploads\\\/2023\\\/04\\\/Feuerzeug-Mango.jpg\",\"contentUrl\":\"https:\\\/\\\/www.starcatering.at\\\/shop\\\/wp-content\\\/uploads\\\/2023\\\/04\\\/Feuerzeug-Mango.jpg\",\"width\":500,\"height\":500},{\"@type\":\"BreadcrumbList\",\"@id\":\"https:\\\/\\\/www.starcatering.at\\\/shop\\\/produkt\\\/feuerzeug-chilisauce-mango-110g\\\/#breadcrumb\",\"itemListElement\":[{\"@type\":\"ListItem\",\"position\":1,\"name\":\"Startseite\",\"item\":\"https:\\\/\\\/www.starcatering.at\\\/shop\\\/\"},{\"@type\":\"ListItem\",\"position\":2,\"name\":\"Shop\",\"item\":\"https:\\\/\\\/www.starcatering.at\\\/shop\\\/shop\\\/\"},{\"@type\":\"ListItem\",\"position\":3,\"name\":\"Feuerzeug &#8211; Chilisauce &#8220;Mango&#8221; 110g\"}]},{\"@type\":\"WebSite\",\"@id\":\"https:\\\/\\\/www.starcatering.at\\\/shop\\\/#website\",\"url\":\"https:\\\/\\\/www.starcatering.at\\\/shop\\\/\",\"name\":\"Carnuntum Foods\",\"description\":\"Abverkaufsartikel\",\"publisher\":{\"@id\":\"https:\\\/\\\/www.starcatering.at\\\/shop\\\/#organization\"},\"potentialAction\":[{\"@type\":\"SearchAction\",\"target\":{\"@type\":\"EntryPoint\",\"urlTemplate\":\"https:\\\/\\\/www.starcatering.at\\\/shop\\\/?s={search_term_string}\"},\"query-input\":{\"@type\":\"PropertyValueSpecification\",\"valueRequired\":true,\"valueName\":\"search_term_string\"}}],\"inLanguage\":\"de\"},{\"@type\":\"Organization\",\"@id\":\"https:\\\/\\\/www.starcatering.at\\\/shop\\\/#organization\",\"name\":\"Carnuntumfoods\",\"url\":\"https:\\\/\\\/www.starcatering.at\\\/shop\\\/\",\"logo\":{\"@type\":\"ImageObject\",\"inLanguage\":\"de\",\"@id\":\"https:\\\/\\\/www.starcatering.at\\\/shop\\\/#\\\/schema\\\/logo\\\/image\\\/\",\"url\":\"https:\\\/\\\/www.starcatering.at\\\/shop\\\/wp-content\\\/uploads\\\/2021\\\/08\\\/cropped-logo.png\",\"contentUrl\":\"https:\\\/\\\/www.starcatering.at\\\/shop\\\/wp-content\\\/uploads\\\/2021\\\/08\\\/cropped-logo.png\",\"width\":512,\"height\":512,\"caption\":\"Carnuntumfoods\"},\"image\":{\"@id\":\"https:\\\/\\\/www.starcatering.at\\\/shop\\\/#\\\/schema\\\/logo\\\/image\\\/\"}}]}<\/script>\n<!-- \/ Yoast SEO plugin. -->","yoast_head_json":{"title":"Feuerzeug - Chilisauce \"Mango\" 110g &#187; StarCatering %-Shop","description":"Feuerzeug - Chilisauce \"Mango\" 110g","robots":{"index":"index","follow":"follow","max-snippet":"max-snippet:-1","max-image-preview":"max-image-preview:large","max-video-preview":"max-video-preview:-1"},"canonical":"https:\/\/www.starcatering.at\/shop\/produkt\/feuerzeug-chilisauce-mango-110g\/","og_locale":"de_DE","og_type":"article","og_title":"Carnuntum Foods \"Feuerzeug - Chilisauce \"Schwarzer Knoblauch\" 110g","og_description":"Chilisauce Schwarzer Knoblauch - Durch diesen nat\u00fcrlichen Prozess erh\u00e4lt der Knoblauch die dunkle Farbe und das typische Aroma. Kombiniert mit frischen Chilis entfaltet sich daraus ein sensationeller s\u00fc\u00df-scharfer Geschmack.","og_url":"https:\/\/www.starcatering.at\/shop\/produkt\/feuerzeug-chilisauce-mango-110g\/","og_site_name":"StarCatering %-Shop","article_modified_time":"2025-05-24T12:11:34+00:00","og_image":[{"width":500,"height":500,"url":"https:\/\/www.starcatering.at\/shop\/wp-content\/uploads\/2023\/04\/Feuerzeug-Mango.jpg","type":"image\/jpeg"}],"twitter_card":"summary_large_image","twitter_misc":{"Gesch\u00e4tzte Lesezeit":"1\u00a0Minute"},"schema":{"@context":"https:\/\/schema.org","@graph":[{"@type":"WebPage","@id":"https:\/\/www.starcatering.at\/shop\/produkt\/feuerzeug-chilisauce-mango-110g\/","url":"https:\/\/www.starcatering.at\/shop\/produkt\/feuerzeug-chilisauce-mango-110g\/","name":"Feuerzeug - Chilisauce \"Mango\" 110g &#187; StarCatering %-Shop","isPartOf":{"@id":"https:\/\/www.starcatering.at\/shop\/#website"},"primaryImageOfPage":{"@id":"https:\/\/www.starcatering.at\/shop\/produkt\/feuerzeug-chilisauce-mango-110g\/#primaryimage"},"image":{"@id":"https:\/\/www.starcatering.at\/shop\/produkt\/feuerzeug-chilisauce-mango-110g\/#primaryimage"},"thumbnailUrl":"https:\/\/www.starcatering.at\/shop\/wp-content\/uploads\/2023\/04\/Feuerzeug-Mango.jpg","datePublished":"2023-01-28T23:16:57+00:00","dateModified":"2025-05-24T12:11:34+00:00","description":"Feuerzeug - Chilisauce \"Mango\" 110g","breadcrumb":{"@id":"https:\/\/www.starcatering.at\/shop\/produkt\/feuerzeug-chilisauce-mango-110g\/#breadcrumb"},"inLanguage":"de","potentialAction":[{"@type":"ReadAction","target":["https:\/\/www.starcatering.at\/shop\/produkt\/feuerzeug-chilisauce-mango-110g\/"]}]},{"@type":"ImageObject","inLanguage":"de","@id":"https:\/\/www.starcatering.at\/shop\/produkt\/feuerzeug-chilisauce-mango-110g\/#primaryimage","url":"https:\/\/www.starcatering.at\/shop\/wp-content\/uploads\/2023\/04\/Feuerzeug-Mango.jpg","contentUrl":"https:\/\/www.starcatering.at\/shop\/wp-content\/uploads\/2023\/04\/Feuerzeug-Mango.jpg","width":500,"height":500},{"@type":"BreadcrumbList","@id":"https:\/\/www.starcatering.at\/shop\/produkt\/feuerzeug-chilisauce-mango-110g\/#breadcrumb","itemListElement":[{"@type":"ListItem","position":1,"name":"Startseite","item":"https:\/\/www.starcatering.at\/shop\/"},{"@type":"ListItem","position":2,"name":"Shop","item":"https:\/\/www.starcatering.at\/shop\/shop\/"},{"@type":"ListItem","position":3,"name":"Feuerzeug &#8211; Chilisauce &#8220;Mango&#8221; 110g"}]},{"@type":"WebSite","@id":"https:\/\/www.starcatering.at\/shop\/#website","url":"https:\/\/www.starcatering.at\/shop\/","name":"Carnuntum Foods","description":"Abverkaufsartikel","publisher":{"@id":"https:\/\/www.starcatering.at\/shop\/#organization"},"potentialAction":[{"@type":"SearchAction","target":{"@type":"EntryPoint","urlTemplate":"https:\/\/www.starcatering.at\/shop\/?s={search_term_string}"},"query-input":{"@type":"PropertyValueSpecification","valueRequired":true,"valueName":"search_term_string"}}],"inLanguage":"de"},{"@type":"Organization","@id":"https:\/\/www.starcatering.at\/shop\/#organization","name":"Carnuntumfoods","url":"https:\/\/www.starcatering.at\/shop\/","logo":{"@type":"ImageObject","inLanguage":"de","@id":"https:\/\/www.starcatering.at\/shop\/#\/schema\/logo\/image\/","url":"https:\/\/www.starcatering.at\/shop\/wp-content\/uploads\/2021\/08\/cropped-logo.png","contentUrl":"https:\/\/www.starcatering.at\/shop\/wp-content\/uploads\/2021\/08\/cropped-logo.png","width":512,"height":512,"caption":"Carnuntumfoods"},"image":{"@id":"https:\/\/www.starcatering.at\/shop\/#\/schema\/logo\/image\/"}}]}},"_links":{"self":[{"href":"https:\/\/www.starcatering.at\/shop\/wp-json\/wp\/v2\/product\/8753","targetHints":{"allow":["GET"]}}],"collection":[{"href":"https:\/\/www.starcatering.at\/shop\/wp-json\/wp\/v2\/product"}],"about":[{"href":"https:\/\/www.starcatering.at\/shop\/wp-json\/wp\/v2\/types\/product"}],"replies":[{"embeddable":true,"href":"https:\/\/www.starcatering.at\/shop\/wp-json\/wp\/v2\/comments?post=8753"}],"wp:featuredmedia":[{"embeddable":true,"href":"https:\/\/www.starcatering.at\/shop\/wp-json\/wp\/v2\/media\/9717"}],"wp:attachment":[{"href":"https:\/\/www.starcatering.at\/shop\/wp-json\/wp\/v2\/media?parent=8753"}],"wp:term":[{"taxonomy":"product_brand","embeddable":true,"href":"https:\/\/www.starcatering.at\/shop\/wp-json\/wp\/v2\/product_brand?post=8753"},{"taxonomy":"product_cat","embeddable":true,"href":"https:\/\/www.starcatering.at\/shop\/wp-json\/wp\/v2\/product_cat?post=8753"},{"taxonomy":"product_tag","embeddable":true,"href":"https:\/\/www.starcatering.at\/shop\/wp-json\/wp\/v2\/product_tag?post=8753"}],"curies":[{"name":"wp","href":"https:\/\/api.w.org\/{rel}","templated":true}]}}