{"id":9138,"date":"2023-02-12T14:03:01","date_gmt":"2023-02-12T13:03:01","guid":{"rendered":"https:\/\/www.starcatering.at\/shop\/?post_type=product&#038;p=9138"},"modified":"2025-06-01T23:44:20","modified_gmt":"2025-06-01T21:44:20","slug":"trolley-fuer-50x50cm-glaeserkoerbe-abtropfwanne-gebraucht","status":"publish","type":"product","link":"https:\/\/www.starcatering.at\/shop\/produkt\/trolley-fuer-50x50cm-glaeserkoerbe-abtropfwanne-gebraucht\/","title":{"rendered":"Trolley f\u00fcr 50x50cm Gl\u00e4serk\u00f6rbe &#038; Abtropfwanne (gebraucht)"},"content":{"rendered":"","protected":false},"excerpt":{"rendered":"<ul>\n<li>FRIES \u00bbROL 500\u00ab<\/li>\n<li>Kunststoffecken aus ABS<\/li>\n<li>Rollen: Leichtlaufrollen mit Kunststoffbeschichtung<\/li>\n<li>L\u00e4ngsprofile aus Alu<\/li>\n<li>Abtropfwanne aus PP<\/li>\n<li>f\u00fcr Gl\u00e4serk\u00f6rbe L\u00e4nge: 500 mm, Breite 500 mm<\/li>\n<li><b>H\u00f6he (mm):<\/b>\u00a0150<\/li>\n<li><b>L\u00e4nge (mm):<\/b>\u00a0550<\/li>\n<li><b>Breite (mm):<\/b>\u00a0550<\/li>\n<li><span style=\"color: #ff6600;\"><strong>GEBRAUCHT &#8211; Zustand wie am Artikelfoto<\/strong><\/span><\/li>\n<\/ul>\n<p><span style=\"color: #993300;\"><strong>Mengenrabatte (wenn noch verf\u00fcgbar)<\/strong><br \/>\n04-09 K\u00f6rbe &#8211; 10 %<\/span><br \/>\n<span style=\"color: #993300;\">10-20 K\u00f6rbe &#8211; 15 %<\/span><\/p>\n","protected":false},"featured_media":12207,"comment_status":"open","ping_status":"closed","template":"","meta":{"_et_pb_use_builder":"","_et_pb_old_content":"","_et_gb_content_width":""},"product_brand":[2499],"product_cat":[1081],"product_tag":[811,1377,1379,245,1378,334,581],"class_list":{"0":"post-9138","1":"product","2":"type-product","3":"status-publish","4":"has-post-thumbnail","6":"product_brand-fries-kunststofftechnik","7":"product_cat-wagen-trolley","8":"product_tag-fries","9":"product_tag-glaeser","10":"product_tag-system","11":"product_tag-transport","12":"product_tag-trolly","13":"product_tag-wagen","14":"product_tag-wagerl","15":"product_shipping_class-abholung","17":"first","18":"instock","19":"sale","20":"taxable","21":"shipping-taxable","22":"product-type-simple"},"yoast_head":"<!-- This site is optimized with the Yoast SEO plugin v27.5 - https:\/\/yoast.com\/product\/yoast-seo-wordpress\/ -->\n<title>Trolley f\u00fcr 50x50cm Gl\u00e4serk\u00f6rbe &amp; Abtropfwanne (gebraucht) &#187; StarCatering %-Shop<\/title>\n<meta name=\"description\" content=\"Trolley f\u00fcr 50x50cm Gl\u00e4serk\u00f6rbe &amp; Abtropfwanne (gebraucht)\" \/>\n<meta name=\"robots\" content=\"index, follow, max-snippet:-1, max-image-preview:large, max-video-preview:-1\" \/>\n<link rel=\"canonical\" href=\"https:\/\/www.starcatering.at\/shop\/produkt\/trolley-fuer-50x50cm-glaeserkoerbe-abtropfwanne-gebraucht\/\" \/>\n<meta property=\"og:locale\" content=\"de_DE\" \/>\n<meta property=\"og:type\" content=\"article\" \/>\n<meta property=\"og:title\" content=\"Trolley &quot;Fries&quot; f\u00fcr 50x50cm Gl\u00e4serk\u00f6rbe &amp; Abtropfwanne (gebraucht)\" \/>\n<meta property=\"og:description\" content=\"Trolley &quot;Fries&quot; f\u00fcr 50x50cm Gl\u00e4serk\u00f6rbe &amp; Abtropfwanne (gebraucht)\" \/>\n<meta property=\"og:url\" content=\"https:\/\/www.starcatering.at\/shop\/produkt\/trolley-fuer-50x50cm-glaeserkoerbe-abtropfwanne-gebraucht\/\" \/>\n<meta property=\"og:site_name\" content=\"StarCatering %-Shop\" \/>\n<meta property=\"article:modified_time\" content=\"2025-06-01T21:44:20+00:00\" \/>\n<meta property=\"og:image\" content=\"https:\/\/www.starcatering.at\/shop\/wp-content\/uploads\/2025\/06\/Trolly_Fries_50x50.jpg\" \/>\n\t<meta property=\"og:image:width\" content=\"800\" \/>\n\t<meta property=\"og:image:height\" content=\"800\" \/>\n\t<meta property=\"og:image:type\" content=\"image\/jpeg\" \/>\n<meta name=\"twitter:card\" content=\"summary_large_image\" \/>\n<meta name=\"twitter:label1\" content=\"Gesch\u00e4tzte Lesezeit\" \/>\n\t<meta name=\"twitter:data1\" content=\"1\u00a0Minute\" \/>\n<script type=\"application\/ld+json\" class=\"yoast-schema-graph\">{\"@context\":\"https:\\\/\\\/schema.org\",\"@graph\":[{\"@type\":\"WebPage\",\"@id\":\"https:\\\/\\\/www.starcatering.at\\\/shop\\\/produkt\\\/trolley-fuer-50x50cm-glaeserkoerbe-abtropfwanne-gebraucht\\\/\",\"url\":\"https:\\\/\\\/www.starcatering.at\\\/shop\\\/produkt\\\/trolley-fuer-50x50cm-glaeserkoerbe-abtropfwanne-gebraucht\\\/\",\"name\":\"Trolley f\u00fcr 50x50cm Gl\u00e4serk\u00f6rbe & Abtropfwanne (gebraucht) &#187; StarCatering %-Shop\",\"isPartOf\":{\"@id\":\"https:\\\/\\\/www.starcatering.at\\\/shop\\\/#website\"},\"primaryImageOfPage\":{\"@id\":\"https:\\\/\\\/www.starcatering.at\\\/shop\\\/produkt\\\/trolley-fuer-50x50cm-glaeserkoerbe-abtropfwanne-gebraucht\\\/#primaryimage\"},\"image\":{\"@id\":\"https:\\\/\\\/www.starcatering.at\\\/shop\\\/produkt\\\/trolley-fuer-50x50cm-glaeserkoerbe-abtropfwanne-gebraucht\\\/#primaryimage\"},\"thumbnailUrl\":\"https:\\\/\\\/www.starcatering.at\\\/shop\\\/wp-content\\\/uploads\\\/2025\\\/06\\\/Trolly_Fries_50x50.jpg\",\"datePublished\":\"2023-02-12T13:03:01+00:00\",\"dateModified\":\"2025-06-01T21:44:20+00:00\",\"description\":\"Trolley f\u00fcr 50x50cm Gl\u00e4serk\u00f6rbe & Abtropfwanne (gebraucht)\",\"breadcrumb\":{\"@id\":\"https:\\\/\\\/www.starcatering.at\\\/shop\\\/produkt\\\/trolley-fuer-50x50cm-glaeserkoerbe-abtropfwanne-gebraucht\\\/#breadcrumb\"},\"inLanguage\":\"de\",\"potentialAction\":[{\"@type\":\"ReadAction\",\"target\":[\"https:\\\/\\\/www.starcatering.at\\\/shop\\\/produkt\\\/trolley-fuer-50x50cm-glaeserkoerbe-abtropfwanne-gebraucht\\\/\"]}]},{\"@type\":\"ImageObject\",\"inLanguage\":\"de\",\"@id\":\"https:\\\/\\\/www.starcatering.at\\\/shop\\\/produkt\\\/trolley-fuer-50x50cm-glaeserkoerbe-abtropfwanne-gebraucht\\\/#primaryimage\",\"url\":\"https:\\\/\\\/www.starcatering.at\\\/shop\\\/wp-content\\\/uploads\\\/2025\\\/06\\\/Trolly_Fries_50x50.jpg\",\"contentUrl\":\"https:\\\/\\\/www.starcatering.at\\\/shop\\\/wp-content\\\/uploads\\\/2025\\\/06\\\/Trolly_Fries_50x50.jpg\",\"width\":800,\"height\":800},{\"@type\":\"BreadcrumbList\",\"@id\":\"https:\\\/\\\/www.starcatering.at\\\/shop\\\/produkt\\\/trolley-fuer-50x50cm-glaeserkoerbe-abtropfwanne-gebraucht\\\/#breadcrumb\",\"itemListElement\":[{\"@type\":\"ListItem\",\"position\":1,\"name\":\"Startseite\",\"item\":\"https:\\\/\\\/www.starcatering.at\\\/shop\\\/\"},{\"@type\":\"ListItem\",\"position\":2,\"name\":\"Shop\",\"item\":\"https:\\\/\\\/www.starcatering.at\\\/shop\\\/shop\\\/\"},{\"@type\":\"ListItem\",\"position\":3,\"name\":\"Trolley f\u00fcr 50x50cm Gl\u00e4serk\u00f6rbe &#038; Abtropfwanne (gebraucht)\"}]},{\"@type\":\"WebSite\",\"@id\":\"https:\\\/\\\/www.starcatering.at\\\/shop\\\/#website\",\"url\":\"https:\\\/\\\/www.starcatering.at\\\/shop\\\/\",\"name\":\"Carnuntum Foods\",\"description\":\"Abverkaufsartikel\",\"publisher\":{\"@id\":\"https:\\\/\\\/www.starcatering.at\\\/shop\\\/#organization\"},\"potentialAction\":[{\"@type\":\"SearchAction\",\"target\":{\"@type\":\"EntryPoint\",\"urlTemplate\":\"https:\\\/\\\/www.starcatering.at\\\/shop\\\/?s={search_term_string}\"},\"query-input\":{\"@type\":\"PropertyValueSpecification\",\"valueRequired\":true,\"valueName\":\"search_term_string\"}}],\"inLanguage\":\"de\"},{\"@type\":\"Organization\",\"@id\":\"https:\\\/\\\/www.starcatering.at\\\/shop\\\/#organization\",\"name\":\"Carnuntumfoods\",\"url\":\"https:\\\/\\\/www.starcatering.at\\\/shop\\\/\",\"logo\":{\"@type\":\"ImageObject\",\"inLanguage\":\"de\",\"@id\":\"https:\\\/\\\/www.starcatering.at\\\/shop\\\/#\\\/schema\\\/logo\\\/image\\\/\",\"url\":\"https:\\\/\\\/www.starcatering.at\\\/shop\\\/wp-content\\\/uploads\\\/2021\\\/08\\\/cropped-logo.png\",\"contentUrl\":\"https:\\\/\\\/www.starcatering.at\\\/shop\\\/wp-content\\\/uploads\\\/2021\\\/08\\\/cropped-logo.png\",\"width\":512,\"height\":512,\"caption\":\"Carnuntumfoods\"},\"image\":{\"@id\":\"https:\\\/\\\/www.starcatering.at\\\/shop\\\/#\\\/schema\\\/logo\\\/image\\\/\"}}]}<\/script>\n<!-- \/ Yoast SEO plugin. -->","yoast_head_json":{"title":"Trolley f\u00fcr 50x50cm Gl\u00e4serk\u00f6rbe & Abtropfwanne (gebraucht) &#187; StarCatering %-Shop","description":"Trolley f\u00fcr 50x50cm Gl\u00e4serk\u00f6rbe & Abtropfwanne (gebraucht)","robots":{"index":"index","follow":"follow","max-snippet":"max-snippet:-1","max-image-preview":"max-image-preview:large","max-video-preview":"max-video-preview:-1"},"canonical":"https:\/\/www.starcatering.at\/shop\/produkt\/trolley-fuer-50x50cm-glaeserkoerbe-abtropfwanne-gebraucht\/","og_locale":"de_DE","og_type":"article","og_title":"Trolley \"Fries\" f\u00fcr 50x50cm Gl\u00e4serk\u00f6rbe & Abtropfwanne (gebraucht)","og_description":"Trolley \"Fries\" f\u00fcr 50x50cm Gl\u00e4serk\u00f6rbe & Abtropfwanne (gebraucht)","og_url":"https:\/\/www.starcatering.at\/shop\/produkt\/trolley-fuer-50x50cm-glaeserkoerbe-abtropfwanne-gebraucht\/","og_site_name":"StarCatering %-Shop","article_modified_time":"2025-06-01T21:44:20+00:00","og_image":[{"width":800,"height":800,"url":"https:\/\/www.starcatering.at\/shop\/wp-content\/uploads\/2025\/06\/Trolly_Fries_50x50.jpg","type":"image\/jpeg"}],"twitter_card":"summary_large_image","twitter_misc":{"Gesch\u00e4tzte Lesezeit":"1\u00a0Minute"},"schema":{"@context":"https:\/\/schema.org","@graph":[{"@type":"WebPage","@id":"https:\/\/www.starcatering.at\/shop\/produkt\/trolley-fuer-50x50cm-glaeserkoerbe-abtropfwanne-gebraucht\/","url":"https:\/\/www.starcatering.at\/shop\/produkt\/trolley-fuer-50x50cm-glaeserkoerbe-abtropfwanne-gebraucht\/","name":"Trolley f\u00fcr 50x50cm Gl\u00e4serk\u00f6rbe & Abtropfwanne (gebraucht) &#187; StarCatering %-Shop","isPartOf":{"@id":"https:\/\/www.starcatering.at\/shop\/#website"},"primaryImageOfPage":{"@id":"https:\/\/www.starcatering.at\/shop\/produkt\/trolley-fuer-50x50cm-glaeserkoerbe-abtropfwanne-gebraucht\/#primaryimage"},"image":{"@id":"https:\/\/www.starcatering.at\/shop\/produkt\/trolley-fuer-50x50cm-glaeserkoerbe-abtropfwanne-gebraucht\/#primaryimage"},"thumbnailUrl":"https:\/\/www.starcatering.at\/shop\/wp-content\/uploads\/2025\/06\/Trolly_Fries_50x50.jpg","datePublished":"2023-02-12T13:03:01+00:00","dateModified":"2025-06-01T21:44:20+00:00","description":"Trolley f\u00fcr 50x50cm Gl\u00e4serk\u00f6rbe & Abtropfwanne (gebraucht)","breadcrumb":{"@id":"https:\/\/www.starcatering.at\/shop\/produkt\/trolley-fuer-50x50cm-glaeserkoerbe-abtropfwanne-gebraucht\/#breadcrumb"},"inLanguage":"de","potentialAction":[{"@type":"ReadAction","target":["https:\/\/www.starcatering.at\/shop\/produkt\/trolley-fuer-50x50cm-glaeserkoerbe-abtropfwanne-gebraucht\/"]}]},{"@type":"ImageObject","inLanguage":"de","@id":"https:\/\/www.starcatering.at\/shop\/produkt\/trolley-fuer-50x50cm-glaeserkoerbe-abtropfwanne-gebraucht\/#primaryimage","url":"https:\/\/www.starcatering.at\/shop\/wp-content\/uploads\/2025\/06\/Trolly_Fries_50x50.jpg","contentUrl":"https:\/\/www.starcatering.at\/shop\/wp-content\/uploads\/2025\/06\/Trolly_Fries_50x50.jpg","width":800,"height":800},{"@type":"BreadcrumbList","@id":"https:\/\/www.starcatering.at\/shop\/produkt\/trolley-fuer-50x50cm-glaeserkoerbe-abtropfwanne-gebraucht\/#breadcrumb","itemListElement":[{"@type":"ListItem","position":1,"name":"Startseite","item":"https:\/\/www.starcatering.at\/shop\/"},{"@type":"ListItem","position":2,"name":"Shop","item":"https:\/\/www.starcatering.at\/shop\/shop\/"},{"@type":"ListItem","position":3,"name":"Trolley f\u00fcr 50x50cm Gl\u00e4serk\u00f6rbe &#038; Abtropfwanne (gebraucht)"}]},{"@type":"WebSite","@id":"https:\/\/www.starcatering.at\/shop\/#website","url":"https:\/\/www.starcatering.at\/shop\/","name":"Carnuntum Foods","description":"Abverkaufsartikel","publisher":{"@id":"https:\/\/www.starcatering.at\/shop\/#organization"},"potentialAction":[{"@type":"SearchAction","target":{"@type":"EntryPoint","urlTemplate":"https:\/\/www.starcatering.at\/shop\/?s={search_term_string}"},"query-input":{"@type":"PropertyValueSpecification","valueRequired":true,"valueName":"search_term_string"}}],"inLanguage":"de"},{"@type":"Organization","@id":"https:\/\/www.starcatering.at\/shop\/#organization","name":"Carnuntumfoods","url":"https:\/\/www.starcatering.at\/shop\/","logo":{"@type":"ImageObject","inLanguage":"de","@id":"https:\/\/www.starcatering.at\/shop\/#\/schema\/logo\/image\/","url":"https:\/\/www.starcatering.at\/shop\/wp-content\/uploads\/2021\/08\/cropped-logo.png","contentUrl":"https:\/\/www.starcatering.at\/shop\/wp-content\/uploads\/2021\/08\/cropped-logo.png","width":512,"height":512,"caption":"Carnuntumfoods"},"image":{"@id":"https:\/\/www.starcatering.at\/shop\/#\/schema\/logo\/image\/"}}]}},"_links":{"self":[{"href":"https:\/\/www.starcatering.at\/shop\/wp-json\/wp\/v2\/product\/9138","targetHints":{"allow":["GET"]}}],"collection":[{"href":"https:\/\/www.starcatering.at\/shop\/wp-json\/wp\/v2\/product"}],"about":[{"href":"https:\/\/www.starcatering.at\/shop\/wp-json\/wp\/v2\/types\/product"}],"replies":[{"embeddable":true,"href":"https:\/\/www.starcatering.at\/shop\/wp-json\/wp\/v2\/comments?post=9138"}],"wp:featuredmedia":[{"embeddable":true,"href":"https:\/\/www.starcatering.at\/shop\/wp-json\/wp\/v2\/media\/12207"}],"wp:attachment":[{"href":"https:\/\/www.starcatering.at\/shop\/wp-json\/wp\/v2\/media?parent=9138"}],"wp:term":[{"taxonomy":"product_brand","embeddable":true,"href":"https:\/\/www.starcatering.at\/shop\/wp-json\/wp\/v2\/product_brand?post=9138"},{"taxonomy":"product_cat","embeddable":true,"href":"https:\/\/www.starcatering.at\/shop\/wp-json\/wp\/v2\/product_cat?post=9138"},{"taxonomy":"product_tag","embeddable":true,"href":"https:\/\/www.starcatering.at\/shop\/wp-json\/wp\/v2\/product_tag?post=9138"}],"curies":[{"name":"wp","href":"https:\/\/api.w.org\/{rel}","templated":true}]}}